{"id":64557,"date":"2026-04-17T19:47:16","date_gmt":"2026-04-17T16:47:16","guid":{"rendered":"https:\/\/nordlinepaadid.ee\/pood\/maaratlemata\/isetaituv-paastevest-cs-crewfit-165-n-sport-automaatne-d-rongas-5\/"},"modified":"2026-04-18T02:03:40","modified_gmt":"2026-04-17T23:03:40","slug":"isetaituv-paastevest-cs-crewfit-165-n-sport-automaatne-d-rongas-5","status":"publish","type":"product","link":"https:\/\/nordlinepaadid.ee\/et\/pood\/paastevahendid\/paastevestid-ohutusvestid\/isetaituv-paastevest-cs-crewfit-165-n-sport-automaatne-d-rongas-5\/","title":{"rendered":"ISET\u00c4ITUV P\u00c4\u00c4STEVEST- CS CREWFIT 165 N SPORT, AUTOMAATNE, D-R\u00d5NGAS"},"content":{"rendered":"<p style=\"text-align:justify\">Crewfit 165N Sport on kompaktne ja \u00fcks kergemaid t\u00e4na turul saadaolevaid p\u00e4\u00e4steveste. Crewfit 165N Sport esindab t\u00f5elist hinna ja kvaliteedi suhet, tegemata j\u00e4releandmisi ohutuse, mugavuse v\u00f5i stiili osas. Kaalule kuni 155 kg.<\/p>\n<p>&#13;<br \/>\n&#13;<\/p>\n<p>&nbsp;<\/p>\n<p>&#13;<br \/>\n&#13;<\/p>\n<p><strong>Omadused:<\/strong><\/p>\n<p>&#13;<br \/>\n&#13;<\/p>\n<ul>&#13;<\/p>\n<li>Fusion 3D kuju pakub \u00fclimat mugavust<\/li>\n<p>&#13;<\/p>\n<li>Ujuvus 165 N<\/li>\n<p>&#13;<\/p>\n<li>Tugev v\u00e4liskate<\/li>\n<p>&#13;<\/p>\n<li>D-r\u00f5ngas<\/li>\n<p>&#13;<\/p>\n<li>L\u00fchiprofiililine<\/li>\n<p>&#13;<\/p>\n<li>33g CO2 balloon&nbsp;<\/li>\n<p>&#13;<\/p>\n<li>Pandla reguleerija erinevate suuruste jaoks<\/li>\n<p>&#13;<\/p>\n<li>Jalgevaherihm<\/li>\n<p>&#13;\n<\/ul>\n<p>&#13;<\/p>\n","protected":false},"excerpt":{"rendered":"<p>Crewfit 165N Sport on kompaktne ja \u00fcks kergemaid t\u00e4na turul saadaolevaid p\u00e4\u00e4steveste. Crewfit 165N Sport esindab t\u00f5elist hinna ja kvaliteedi suhet, tegemata j\u00e4releandmisi ohutuse, mugavuse v\u00f5i stiili osas. Kaalule kuni 155 kg. &#13; &#13; &nbsp; &#13; &#13; Omadused: &#13; &#13; &#13; Fusion 3D kuju pakub \u00fclimat mugavust &#13; Ujuvus 165 N &#13; Tugev v\u00e4liskate &#13;&#8230;<\/p>\n","protected":false},"featured_media":55290,"template":"","meta":{"_kad_blocks_custom_css":"","_kad_blocks_head_custom_js":"","_kad_blocks_body_custom_js":"","_kad_blocks_footer_custom_js":"","_kad_post_transparent":"","_kad_post_title":"","_kad_post_layout":"","_kad_post_sidebar_id":"","_kad_post_content_style":"","_kad_post_vertical_padding":"","_kad_post_feature":"","_kad_post_feature_position":"","_kad_post_header":false,"_kad_post_footer":false,"_kad_post_classname":""},"product_brand":[],"product_cat":[230,236],"product_tag":[],"class_list":{"0":"post-64557","1":"product","2":"type-product","3":"status-publish","4":"has-post-thumbnail","6":"product_cat-paastevahendid","7":"product_cat-paastevestid-ohutusvestid","8":"pa_color-neoon-kollane","9":"pa_producer-crewsaver","10":"pa_unit-pcs","11":"tm-no-options","13":"first","14":"instock","15":"taxable","16":"shipping-taxable","17":"purchasable","18":"product-type-simple","19":"entry","20":"content-bg","21":"loop-entry"},"yoast_head":"<!-- This site is optimized with the Yoast SEO plugin v27.3 - https:\/\/yoast.com\/product\/yoast-seo-wordpress\/ -->\n<title>ISET\u00c4ITUV P\u00c4\u00c4STEVEST- CS CREWFIT 165 N SPORT, AUTOMAATNE, D-R\u00d5NGAS - NORDLINE s\u00f5udepaadid ja mootorpaadid. Klaasfiiber materjalist.<\/title>\n<meta name=\"robots\" content=\"index, follow, max-snippet:-1, max-image-preview:large, max-video-preview:-1\" \/>\n<link rel=\"canonical\" href=\"https:\/\/nordlinepaadid.ee\/et\/pood\/paastevahendid\/paastevestid-ohutusvestid\/isetaituv-paastevest-cs-crewfit-165-n-sport-automaatne-d-rongas-5\/\" \/>\n<meta property=\"og:locale\" content=\"et_EE\" \/>\n<meta property=\"og:type\" content=\"article\" \/>\n<meta property=\"og:title\" content=\"ISET\u00c4ITUV P\u00c4\u00c4STEVEST- CS CREWFIT 165 N SPORT, AUTOMAATNE, D-R\u00d5NGAS - NORDLINE s\u00f5udepaadid ja mootorpaadid. Klaasfiiber materjalist.\" \/>\n<meta property=\"og:description\" content=\"Crewfit 165N Sport on kompaktne ja \u00fcks kergemaid t\u00e4na turul saadaolevaid p\u00e4\u00e4steveste. Crewfit 165N Sport esindab t\u00f5elist hinna ja kvaliteedi suhet, tegemata j\u00e4releandmisi ohutuse, mugavuse v\u00f5i stiili osas. Kaalule kuni 155 kg. &#013; &#013; &nbsp; &#013; &#013; Omadused: &#013; &#013; &#013; Fusion 3D kuju pakub \u00fclimat mugavust &#013; Ujuvus 165 N &#013; Tugev v\u00e4liskate &#013;...\" \/>\n<meta property=\"og:url\" content=\"https:\/\/nordlinepaadid.ee\/et\/pood\/paastevahendid\/paastevestid-ohutusvestid\/isetaituv-paastevest-cs-crewfit-165-n-sport-automaatne-d-rongas-5\/\" \/>\n<meta property=\"og:site_name\" content=\"NORDLINE s\u00f5udepaadid ja mootorpaadid. Klaasfiiber materjalist.\" \/>\n<meta property=\"article:publisher\" content=\"https:\/\/www.facebook.com\/nordlineboats\" \/>\n<meta property=\"article:modified_time\" content=\"2026-04-17T23:03:40+00:00\" \/>\n<meta property=\"og:image\" content=\"https:\/\/nordlinepaadid.ee\/wp-content\/uploads\/2026\/02\/12770_CREW.jpg\" \/>\n\t<meta property=\"og:image:width\" content=\"422\" \/>\n\t<meta property=\"og:image:height\" content=\"501\" \/>\n\t<meta property=\"og:image:type\" content=\"image\/jpeg\" \/>\n<meta name=\"twitter:card\" content=\"summary_large_image\" \/>\n<script type=\"application\/ld+json\" class=\"yoast-schema-graph\">{\"@context\":\"https:\\\/\\\/schema.org\",\"@graph\":[{\"@type\":\"WebPage\",\"@id\":\"https:\\\/\\\/nordlinepaadid.ee\\\/et\\\/pood\\\/paastevahendid\\\/paastevestid-ohutusvestid\\\/isetaituv-paastevest-cs-crewfit-165-n-sport-automaatne-d-rongas-5\\\/\",\"url\":\"https:\\\/\\\/nordlinepaadid.ee\\\/et\\\/pood\\\/paastevahendid\\\/paastevestid-ohutusvestid\\\/isetaituv-paastevest-cs-crewfit-165-n-sport-automaatne-d-rongas-5\\\/\",\"name\":\"ISET\u00c4ITUV P\u00c4\u00c4STEVEST- CS CREWFIT 165 N SPORT, AUTOMAATNE, D-R\u00d5NGAS - NORDLINE s\u00f5udepaadid ja mootorpaadid. Klaasfiiber materjalist.\",\"isPartOf\":{\"@id\":\"https:\\\/\\\/nordlinepaadid.ee\\\/et\\\/#website\"},\"primaryImageOfPage\":{\"@id\":\"https:\\\/\\\/nordlinepaadid.ee\\\/et\\\/pood\\\/paastevahendid\\\/paastevestid-ohutusvestid\\\/isetaituv-paastevest-cs-crewfit-165-n-sport-automaatne-d-rongas-5\\\/#primaryimage\"},\"image\":{\"@id\":\"https:\\\/\\\/nordlinepaadid.ee\\\/et\\\/pood\\\/paastevahendid\\\/paastevestid-ohutusvestid\\\/isetaituv-paastevest-cs-crewfit-165-n-sport-automaatne-d-rongas-5\\\/#primaryimage\"},\"thumbnailUrl\":\"https:\\\/\\\/nordlinepaadid.ee\\\/wp-content\\\/uploads\\\/2026\\\/02\\\/12770_CREW.jpg\",\"datePublished\":\"2026-04-17T16:47:16+00:00\",\"dateModified\":\"2026-04-17T23:03:40+00:00\",\"breadcrumb\":{\"@id\":\"https:\\\/\\\/nordlinepaadid.ee\\\/et\\\/pood\\\/paastevahendid\\\/paastevestid-ohutusvestid\\\/isetaituv-paastevest-cs-crewfit-165-n-sport-automaatne-d-rongas-5\\\/#breadcrumb\"},\"inLanguage\":\"et\",\"potentialAction\":[{\"@type\":\"ReadAction\",\"target\":[\"https:\\\/\\\/nordlinepaadid.ee\\\/et\\\/pood\\\/paastevahendid\\\/paastevestid-ohutusvestid\\\/isetaituv-paastevest-cs-crewfit-165-n-sport-automaatne-d-rongas-5\\\/\"]}]},{\"@type\":\"ImageObject\",\"inLanguage\":\"et\",\"@id\":\"https:\\\/\\\/nordlinepaadid.ee\\\/et\\\/pood\\\/paastevahendid\\\/paastevestid-ohutusvestid\\\/isetaituv-paastevest-cs-crewfit-165-n-sport-automaatne-d-rongas-5\\\/#primaryimage\",\"url\":\"https:\\\/\\\/nordlinepaadid.ee\\\/wp-content\\\/uploads\\\/2026\\\/02\\\/12770_CREW.jpg\",\"contentUrl\":\"https:\\\/\\\/nordlinepaadid.ee\\\/wp-content\\\/uploads\\\/2026\\\/02\\\/12770_CREW.jpg\",\"width\":422,\"height\":501},{\"@type\":\"BreadcrumbList\",\"@id\":\"https:\\\/\\\/nordlinepaadid.ee\\\/et\\\/pood\\\/paastevahendid\\\/paastevestid-ohutusvestid\\\/isetaituv-paastevest-cs-crewfit-165-n-sport-automaatne-d-rongas-5\\\/#breadcrumb\",\"itemListElement\":[{\"@type\":\"ListItem\",\"position\":1,\"name\":\"Home\",\"item\":\"https:\\\/\\\/nordlinepaadid.ee\\\/et\\\/\"},{\"@type\":\"ListItem\",\"position\":2,\"name\":\"Pood\",\"item\":\"https:\\\/\\\/nordlinepaadid.ee\\\/et\\\/pood\\\/\"},{\"@type\":\"ListItem\",\"position\":3,\"name\":\"ISET\u00c4ITUV P\u00c4\u00c4STEVEST- CS CREWFIT 165 N SPORT, AUTOMAATNE, D-R\u00d5NGAS\"}]},{\"@type\":\"WebSite\",\"@id\":\"https:\\\/\\\/nordlinepaadid.ee\\\/et\\\/#website\",\"url\":\"https:\\\/\\\/nordlinepaadid.ee\\\/et\\\/\",\"name\":\"NORDLINE s\u00f5udepaadid ja mootorpaadid. Klaasfiiber materjalist.\",\"description\":\"\",\"publisher\":{\"@id\":\"https:\\\/\\\/nordlinepaadid.ee\\\/et\\\/#organization\"},\"potentialAction\":[{\"@type\":\"SearchAction\",\"target\":{\"@type\":\"EntryPoint\",\"urlTemplate\":\"https:\\\/\\\/nordlinepaadid.ee\\\/et\\\/?s={search_term_string}\"},\"query-input\":{\"@type\":\"PropertyValueSpecification\",\"valueRequired\":true,\"valueName\":\"search_term_string\"}}],\"inLanguage\":\"et\"},{\"@type\":\"Organization\",\"@id\":\"https:\\\/\\\/nordlinepaadid.ee\\\/et\\\/#organization\",\"name\":\"Nordlineboats\",\"url\":\"https:\\\/\\\/nordlinepaadid.ee\\\/et\\\/\",\"logo\":{\"@type\":\"ImageObject\",\"inLanguage\":\"et\",\"@id\":\"https:\\\/\\\/nordlinepaadid.ee\\\/et\\\/#\\\/schema\\\/logo\\\/image\\\/\",\"url\":\"https:\\\/\\\/nordlinepaadid.ee\\\/wp-content\\\/uploads\\\/2023\\\/01\\\/fulllogo_transparent_nobuffer-e1672750475494.png\",\"contentUrl\":\"https:\\\/\\\/nordlinepaadid.ee\\\/wp-content\\\/uploads\\\/2023\\\/01\\\/fulllogo_transparent_nobuffer-e1672750475494.png\",\"width\":150,\"height\":119,\"caption\":\"Nordlineboats\"},\"image\":{\"@id\":\"https:\\\/\\\/nordlinepaadid.ee\\\/et\\\/#\\\/schema\\\/logo\\\/image\\\/\"},\"sameAs\":[\"https:\\\/\\\/www.facebook.com\\\/nordlineboats\",\"https:\\\/\\\/www.youtube.com\\\/channel\\\/UCbgF0fy02y3QkFnujaLTaCA\"]}]}<\/script>\n<!-- \/ Yoast SEO plugin. -->","yoast_head_json":{"title":"ISET\u00c4ITUV P\u00c4\u00c4STEVEST- CS CREWFIT 165 N SPORT, AUTOMAATNE, D-R\u00d5NGAS - NORDLINE s\u00f5udepaadid ja mootorpaadid. Klaasfiiber materjalist.","robots":{"index":"index","follow":"follow","max-snippet":"max-snippet:-1","max-image-preview":"max-image-preview:large","max-video-preview":"max-video-preview:-1"},"canonical":"https:\/\/nordlinepaadid.ee\/et\/pood\/paastevahendid\/paastevestid-ohutusvestid\/isetaituv-paastevest-cs-crewfit-165-n-sport-automaatne-d-rongas-5\/","og_locale":"et_EE","og_type":"article","og_title":"ISET\u00c4ITUV P\u00c4\u00c4STEVEST- CS CREWFIT 165 N SPORT, AUTOMAATNE, D-R\u00d5NGAS - NORDLINE s\u00f5udepaadid ja mootorpaadid. Klaasfiiber materjalist.","og_description":"Crewfit 165N Sport on kompaktne ja \u00fcks kergemaid t\u00e4na turul saadaolevaid p\u00e4\u00e4steveste. Crewfit 165N Sport esindab t\u00f5elist hinna ja kvaliteedi suhet, tegemata j\u00e4releandmisi ohutuse, mugavuse v\u00f5i stiili osas. Kaalule kuni 155 kg. &#13; &#13; &nbsp; &#13; &#13; Omadused: &#13; &#13; &#13; Fusion 3D kuju pakub \u00fclimat mugavust &#13; Ujuvus 165 N &#13; Tugev v\u00e4liskate &#13;...","og_url":"https:\/\/nordlinepaadid.ee\/et\/pood\/paastevahendid\/paastevestid-ohutusvestid\/isetaituv-paastevest-cs-crewfit-165-n-sport-automaatne-d-rongas-5\/","og_site_name":"NORDLINE s\u00f5udepaadid ja mootorpaadid. Klaasfiiber materjalist.","article_publisher":"https:\/\/www.facebook.com\/nordlineboats","article_modified_time":"2026-04-17T23:03:40+00:00","og_image":[{"width":422,"height":501,"url":"https:\/\/nordlinepaadid.ee\/wp-content\/uploads\/2026\/02\/12770_CREW.jpg","type":"image\/jpeg"}],"twitter_card":"summary_large_image","schema":{"@context":"https:\/\/schema.org","@graph":[{"@type":"WebPage","@id":"https:\/\/nordlinepaadid.ee\/et\/pood\/paastevahendid\/paastevestid-ohutusvestid\/isetaituv-paastevest-cs-crewfit-165-n-sport-automaatne-d-rongas-5\/","url":"https:\/\/nordlinepaadid.ee\/et\/pood\/paastevahendid\/paastevestid-ohutusvestid\/isetaituv-paastevest-cs-crewfit-165-n-sport-automaatne-d-rongas-5\/","name":"ISET\u00c4ITUV P\u00c4\u00c4STEVEST- CS CREWFIT 165 N SPORT, AUTOMAATNE, D-R\u00d5NGAS - NORDLINE s\u00f5udepaadid ja mootorpaadid. Klaasfiiber materjalist.","isPartOf":{"@id":"https:\/\/nordlinepaadid.ee\/et\/#website"},"primaryImageOfPage":{"@id":"https:\/\/nordlinepaadid.ee\/et\/pood\/paastevahendid\/paastevestid-ohutusvestid\/isetaituv-paastevest-cs-crewfit-165-n-sport-automaatne-d-rongas-5\/#primaryimage"},"image":{"@id":"https:\/\/nordlinepaadid.ee\/et\/pood\/paastevahendid\/paastevestid-ohutusvestid\/isetaituv-paastevest-cs-crewfit-165-n-sport-automaatne-d-rongas-5\/#primaryimage"},"thumbnailUrl":"https:\/\/nordlinepaadid.ee\/wp-content\/uploads\/2026\/02\/12770_CREW.jpg","datePublished":"2026-04-17T16:47:16+00:00","dateModified":"2026-04-17T23:03:40+00:00","breadcrumb":{"@id":"https:\/\/nordlinepaadid.ee\/et\/pood\/paastevahendid\/paastevestid-ohutusvestid\/isetaituv-paastevest-cs-crewfit-165-n-sport-automaatne-d-rongas-5\/#breadcrumb"},"inLanguage":"et","potentialAction":[{"@type":"ReadAction","target":["https:\/\/nordlinepaadid.ee\/et\/pood\/paastevahendid\/paastevestid-ohutusvestid\/isetaituv-paastevest-cs-crewfit-165-n-sport-automaatne-d-rongas-5\/"]}]},{"@type":"ImageObject","inLanguage":"et","@id":"https:\/\/nordlinepaadid.ee\/et\/pood\/paastevahendid\/paastevestid-ohutusvestid\/isetaituv-paastevest-cs-crewfit-165-n-sport-automaatne-d-rongas-5\/#primaryimage","url":"https:\/\/nordlinepaadid.ee\/wp-content\/uploads\/2026\/02\/12770_CREW.jpg","contentUrl":"https:\/\/nordlinepaadid.ee\/wp-content\/uploads\/2026\/02\/12770_CREW.jpg","width":422,"height":501},{"@type":"BreadcrumbList","@id":"https:\/\/nordlinepaadid.ee\/et\/pood\/paastevahendid\/paastevestid-ohutusvestid\/isetaituv-paastevest-cs-crewfit-165-n-sport-automaatne-d-rongas-5\/#breadcrumb","itemListElement":[{"@type":"ListItem","position":1,"name":"Home","item":"https:\/\/nordlinepaadid.ee\/et\/"},{"@type":"ListItem","position":2,"name":"Pood","item":"https:\/\/nordlinepaadid.ee\/et\/pood\/"},{"@type":"ListItem","position":3,"name":"ISET\u00c4ITUV P\u00c4\u00c4STEVEST- CS CREWFIT 165 N SPORT, AUTOMAATNE, D-R\u00d5NGAS"}]},{"@type":"WebSite","@id":"https:\/\/nordlinepaadid.ee\/et\/#website","url":"https:\/\/nordlinepaadid.ee\/et\/","name":"NORDLINE s\u00f5udepaadid ja mootorpaadid. Klaasfiiber materjalist.","description":"","publisher":{"@id":"https:\/\/nordlinepaadid.ee\/et\/#organization"},"potentialAction":[{"@type":"SearchAction","target":{"@type":"EntryPoint","urlTemplate":"https:\/\/nordlinepaadid.ee\/et\/?s={search_term_string}"},"query-input":{"@type":"PropertyValueSpecification","valueRequired":true,"valueName":"search_term_string"}}],"inLanguage":"et"},{"@type":"Organization","@id":"https:\/\/nordlinepaadid.ee\/et\/#organization","name":"Nordlineboats","url":"https:\/\/nordlinepaadid.ee\/et\/","logo":{"@type":"ImageObject","inLanguage":"et","@id":"https:\/\/nordlinepaadid.ee\/et\/#\/schema\/logo\/image\/","url":"https:\/\/nordlinepaadid.ee\/wp-content\/uploads\/2023\/01\/fulllogo_transparent_nobuffer-e1672750475494.png","contentUrl":"https:\/\/nordlinepaadid.ee\/wp-content\/uploads\/2023\/01\/fulllogo_transparent_nobuffer-e1672750475494.png","width":150,"height":119,"caption":"Nordlineboats"},"image":{"@id":"https:\/\/nordlinepaadid.ee\/et\/#\/schema\/logo\/image\/"},"sameAs":["https:\/\/www.facebook.com\/nordlineboats","https:\/\/www.youtube.com\/channel\/UCbgF0fy02y3QkFnujaLTaCA"]}]}},"taxonomy_info":{"product_cat":[{"value":230,"label":"P\u00c4\u00c4STEVAHENDID"},{"value":236,"label":"P\u00e4\u00e4stevestid, Ohutusvestid"}],"pa_color":[{"value":1827,"label":"Neoon kollane"}],"pa_producer":[{"value":521,"label":"Crewsaver"}],"pa_unit":[{"value":416,"label":"pcs"}]},"featured_image_src_large":["https:\/\/nordlinepaadid.ee\/wp-content\/uploads\/2026\/02\/12770_CREW.jpg",422,501,false],"author_info":[],"comment_info":"","_links":{"self":[{"href":"https:\/\/nordlinepaadid.ee\/et\/wp-json\/wp\/v2\/product\/64557","targetHints":{"allow":["GET"]}}],"collection":[{"href":"https:\/\/nordlinepaadid.ee\/et\/wp-json\/wp\/v2\/product"}],"about":[{"href":"https:\/\/nordlinepaadid.ee\/et\/wp-json\/wp\/v2\/types\/product"}],"wp:featuredmedia":[{"embeddable":true,"href":"https:\/\/nordlinepaadid.ee\/et\/wp-json\/wp\/v2\/media\/55290"}],"wp:attachment":[{"href":"https:\/\/nordlinepaadid.ee\/et\/wp-json\/wp\/v2\/media?parent=64557"}],"wp:term":[{"taxonomy":"product_brand","embeddable":true,"href":"https:\/\/nordlinepaadid.ee\/et\/wp-json\/wp\/v2\/product_brand?post=64557"},{"taxonomy":"product_cat","embeddable":true,"href":"https:\/\/nordlinepaadid.ee\/et\/wp-json\/wp\/v2\/product_cat?post=64557"},{"taxonomy":"product_tag","embeddable":true,"href":"https:\/\/nordlinepaadid.ee\/et\/wp-json\/wp\/v2\/product_tag?post=64557"}],"curies":[{"name":"wp","href":"https:\/\/api.w.org\/{rel}","templated":true}]}}