{"id":64564,"date":"2026-04-21T03:43:34","date_gmt":"2026-04-21T00:43:34","guid":{"rendered":"https:\/\/nordlinepaadid.ee\/pood\/maaratlemata\/pilsipump-maxi-submersible-g4700-12-v-uus\/"},"modified":"2026-04-21T03:43:35","modified_gmt":"2026-04-21T00:43:35","slug":"pilsipump-maxi-submersible-g4700-12-v-uus","status":"publish","type":"product","link":"https:\/\/nordlinepaadid.ee\/et\/pood\/ru-inflatable-boats-and-accessories\/ru-electric-pumps-bilge-pumps\/pilsipump-maxi-submersible-g4700-12-v-uus\/","title":{"rendered":"PILSIPUMP- MAXI SUBMERSIBLE, G4700, 12 V, UUS"},"content":{"rendered":"<p>Automaatne pilsipump on vaikne, roostevabast terasest v\u00f5lli ja klapiga, mis hoiab \u00e4ra vee tagasivoolu ja \u00f5hutaskute p\u00f5hjustatud ummistused. Eemaldatav filter h\u00f5lpsaks puhastamiseks. Uus kiir\u00fchenduss\u00fcsteem v\u00f5imaldab mootori eemaldamist ilma alust ja h\u00fcdraulika\u00fchendusi lahti \u00fchendamata. Automaatne mis tahes automaatse l\u00fcliti abil (v\u00e4hemalt 20A). Vool: 16 A, Max. vee t\u00f5stek\u00f5rgus: 6,5 m, Aluse \u00f8: 120 mm, K\u00f5rgus: 180 mm, Toru \u00f8: 52 mm, Max. tootlikkus: 296 l\/m.<\/p>\n<p>&#13;<\/p>\n","protected":false},"excerpt":{"rendered":"<p>Automaatne pilsipump on vaikne, roostevabast terasest v\u00f5lli ja klapiga, mis hoiab \u00e4ra vee tagasivoolu ja \u00f5hutaskute p\u00f5hjustatud ummistused. Eemaldatav filter h\u00f5lpsaks puhastamiseks. Uus kiir\u00fchenduss\u00fcsteem v\u00f5imaldab mootori eemaldamist ilma alust ja h\u00fcdraulika\u00fchendusi lahti \u00fchendamata. Automaatne mis tahes automaatse l\u00fcliti abil (v\u00e4hemalt 20A). Vool: 16 A, Max. vee t\u00f5stek\u00f5rgus: 6,5 m, Aluse \u00f8: 120 mm, K\u00f5rgus: 180&#8230;<\/p>\n","protected":false},"featured_media":55318,"template":"","meta":{"_kad_blocks_custom_css":"","_kad_blocks_head_custom_js":"","_kad_blocks_body_custom_js":"","_kad_blocks_footer_custom_js":"","_kad_post_transparent":"","_kad_post_title":"","_kad_post_layout":"","_kad_post_sidebar_id":"","_kad_post_content_style":"","_kad_post_vertical_padding":"","_kad_post_feature":"","_kad_post_feature_position":"","_kad_post_header":false,"_kad_post_footer":false,"_kad_post_classname":""},"product_brand":[],"product_cat":[272,269,821],"product_tag":[],"class_list":{"0":"post-64564","1":"product","2":"type-product","3":"status-publish","4":"has-post-thumbnail","6":"product_cat-elektrilised-pumbad-pilsipumbad","7":"product_cat-pumbad-ja-sanitaartarvikud","8":"product_cat-ru-electric-pumps-bilge-pumps","9":"pa_producer-osculati","10":"pa_unit-pcs","11":"tm-no-options","13":"first","14":"instock","15":"sale","16":"taxable","17":"shipping-taxable","18":"purchasable","19":"product-type-simple","20":"entry","21":"content-bg","22":"loop-entry"},"yoast_head":"<!-- This site is optimized with the Yoast SEO plugin v27.4 - https:\/\/yoast.com\/product\/yoast-seo-wordpress\/ -->\n<title>PILSIPUMP- MAXI SUBMERSIBLE, G4700, 12 V, UUS - NORDLINE s\u00f5udepaadid ja mootorpaadid. Klaasfiiber materjalist.<\/title>\n<meta name=\"robots\" content=\"index, follow, max-snippet:-1, max-image-preview:large, max-video-preview:-1\" \/>\n<link rel=\"canonical\" href=\"https:\/\/nordlinepaadid.ee\/et\/pood\/ru-inflatable-boats-and-accessories\/ru-electric-pumps-bilge-pumps\/pilsipump-maxi-submersible-g4700-12-v-uus\/\" \/>\n<meta property=\"og:locale\" content=\"et_EE\" \/>\n<meta property=\"og:type\" content=\"article\" \/>\n<meta property=\"og:title\" content=\"PILSIPUMP- MAXI SUBMERSIBLE, G4700, 12 V, UUS - NORDLINE s\u00f5udepaadid ja mootorpaadid. Klaasfiiber materjalist.\" \/>\n<meta property=\"og:description\" content=\"Automaatne pilsipump on vaikne, roostevabast terasest v\u00f5lli ja klapiga, mis hoiab \u00e4ra vee tagasivoolu ja \u00f5hutaskute p\u00f5hjustatud ummistused. Eemaldatav filter h\u00f5lpsaks puhastamiseks. Uus kiir\u00fchenduss\u00fcsteem v\u00f5imaldab mootori eemaldamist ilma alust ja h\u00fcdraulika\u00fchendusi lahti \u00fchendamata. Automaatne mis tahes automaatse l\u00fcliti abil (v\u00e4hemalt 20A). Vool: 16 A, Max. vee t\u00f5stek\u00f5rgus: 6,5 m, Aluse \u00f8: 120 mm, K\u00f5rgus: 180...\" \/>\n<meta property=\"og:url\" content=\"https:\/\/nordlinepaadid.ee\/et\/pood\/ru-inflatable-boats-and-accessories\/ru-electric-pumps-bilge-pumps\/pilsipump-maxi-submersible-g4700-12-v-uus\/\" \/>\n<meta property=\"og:site_name\" content=\"NORDLINE s\u00f5udepaadid ja mootorpaadid. Klaasfiiber materjalist.\" \/>\n<meta property=\"article:publisher\" content=\"https:\/\/www.facebook.com\/nordlineboats\" \/>\n<meta property=\"article:modified_time\" content=\"2026-04-21T00:43:35+00:00\" \/>\n<meta property=\"og:image\" content=\"https:\/\/nordlinepaadid.ee\/wp-content\/uploads\/2026\/02\/12794_16.122.45-1.jpg\" \/>\n\t<meta property=\"og:image:width\" content=\"800\" \/>\n\t<meta property=\"og:image:height\" content=\"771\" \/>\n\t<meta property=\"og:image:type\" content=\"image\/jpeg\" \/>\n<meta name=\"twitter:card\" content=\"summary_large_image\" \/>\n<script type=\"application\/ld+json\" class=\"yoast-schema-graph\">{\"@context\":\"https:\\\/\\\/schema.org\",\"@graph\":[{\"@type\":\"WebPage\",\"@id\":\"https:\\\/\\\/nordlinepaadid.ee\\\/et\\\/pood\\\/ru-inflatable-boats-and-accessories\\\/ru-electric-pumps-bilge-pumps\\\/pilsipump-maxi-submersible-g4700-12-v-uus\\\/\",\"url\":\"https:\\\/\\\/nordlinepaadid.ee\\\/et\\\/pood\\\/ru-inflatable-boats-and-accessories\\\/ru-electric-pumps-bilge-pumps\\\/pilsipump-maxi-submersible-g4700-12-v-uus\\\/\",\"name\":\"PILSIPUMP- MAXI SUBMERSIBLE, G4700, 12 V, UUS - NORDLINE s\u00f5udepaadid ja mootorpaadid. Klaasfiiber materjalist.\",\"isPartOf\":{\"@id\":\"https:\\\/\\\/nordlinepaadid.ee\\\/et\\\/#website\"},\"primaryImageOfPage\":{\"@id\":\"https:\\\/\\\/nordlinepaadid.ee\\\/et\\\/pood\\\/ru-inflatable-boats-and-accessories\\\/ru-electric-pumps-bilge-pumps\\\/pilsipump-maxi-submersible-g4700-12-v-uus\\\/#primaryimage\"},\"image\":{\"@id\":\"https:\\\/\\\/nordlinepaadid.ee\\\/et\\\/pood\\\/ru-inflatable-boats-and-accessories\\\/ru-electric-pumps-bilge-pumps\\\/pilsipump-maxi-submersible-g4700-12-v-uus\\\/#primaryimage\"},\"thumbnailUrl\":\"https:\\\/\\\/nordlinepaadid.ee\\\/wp-content\\\/uploads\\\/2026\\\/02\\\/12794_16.122.45-1.jpg\",\"datePublished\":\"2026-04-21T00:43:34+00:00\",\"dateModified\":\"2026-04-21T00:43:35+00:00\",\"breadcrumb\":{\"@id\":\"https:\\\/\\\/nordlinepaadid.ee\\\/et\\\/pood\\\/ru-inflatable-boats-and-accessories\\\/ru-electric-pumps-bilge-pumps\\\/pilsipump-maxi-submersible-g4700-12-v-uus\\\/#breadcrumb\"},\"inLanguage\":\"et\",\"potentialAction\":[{\"@type\":\"ReadAction\",\"target\":[\"https:\\\/\\\/nordlinepaadid.ee\\\/et\\\/pood\\\/ru-inflatable-boats-and-accessories\\\/ru-electric-pumps-bilge-pumps\\\/pilsipump-maxi-submersible-g4700-12-v-uus\\\/\"]}]},{\"@type\":\"ImageObject\",\"inLanguage\":\"et\",\"@id\":\"https:\\\/\\\/nordlinepaadid.ee\\\/et\\\/pood\\\/ru-inflatable-boats-and-accessories\\\/ru-electric-pumps-bilge-pumps\\\/pilsipump-maxi-submersible-g4700-12-v-uus\\\/#primaryimage\",\"url\":\"https:\\\/\\\/nordlinepaadid.ee\\\/wp-content\\\/uploads\\\/2026\\\/02\\\/12794_16.122.45-1.jpg\",\"contentUrl\":\"https:\\\/\\\/nordlinepaadid.ee\\\/wp-content\\\/uploads\\\/2026\\\/02\\\/12794_16.122.45-1.jpg\",\"width\":800,\"height\":771},{\"@type\":\"BreadcrumbList\",\"@id\":\"https:\\\/\\\/nordlinepaadid.ee\\\/et\\\/pood\\\/ru-inflatable-boats-and-accessories\\\/ru-electric-pumps-bilge-pumps\\\/pilsipump-maxi-submersible-g4700-12-v-uus\\\/#breadcrumb\",\"itemListElement\":[{\"@type\":\"ListItem\",\"position\":1,\"name\":\"Home\",\"item\":\"https:\\\/\\\/nordlinepaadid.ee\\\/et\\\/\"},{\"@type\":\"ListItem\",\"position\":2,\"name\":\"Pood\",\"item\":\"https:\\\/\\\/nordlinepaadid.ee\\\/et\\\/pood\\\/\"},{\"@type\":\"ListItem\",\"position\":3,\"name\":\"PILSIPUMP- MAXI SUBMERSIBLE, G4700, 12 V, UUS\"}]},{\"@type\":\"WebSite\",\"@id\":\"https:\\\/\\\/nordlinepaadid.ee\\\/et\\\/#website\",\"url\":\"https:\\\/\\\/nordlinepaadid.ee\\\/et\\\/\",\"name\":\"NORDLINE s\u00f5udepaadid ja mootorpaadid. Klaasfiiber materjalist.\",\"description\":\"\",\"publisher\":{\"@id\":\"https:\\\/\\\/nordlinepaadid.ee\\\/et\\\/#organization\"},\"potentialAction\":[{\"@type\":\"SearchAction\",\"target\":{\"@type\":\"EntryPoint\",\"urlTemplate\":\"https:\\\/\\\/nordlinepaadid.ee\\\/et\\\/?s={search_term_string}\"},\"query-input\":{\"@type\":\"PropertyValueSpecification\",\"valueRequired\":true,\"valueName\":\"search_term_string\"}}],\"inLanguage\":\"et\"},{\"@type\":\"Organization\",\"@id\":\"https:\\\/\\\/nordlinepaadid.ee\\\/et\\\/#organization\",\"name\":\"Nordlineboats\",\"url\":\"https:\\\/\\\/nordlinepaadid.ee\\\/et\\\/\",\"logo\":{\"@type\":\"ImageObject\",\"inLanguage\":\"et\",\"@id\":\"https:\\\/\\\/nordlinepaadid.ee\\\/et\\\/#\\\/schema\\\/logo\\\/image\\\/\",\"url\":\"https:\\\/\\\/nordlinepaadid.ee\\\/wp-content\\\/uploads\\\/2023\\\/01\\\/fulllogo_transparent_nobuffer-e1672750475494.png\",\"contentUrl\":\"https:\\\/\\\/nordlinepaadid.ee\\\/wp-content\\\/uploads\\\/2023\\\/01\\\/fulllogo_transparent_nobuffer-e1672750475494.png\",\"width\":150,\"height\":119,\"caption\":\"Nordlineboats\"},\"image\":{\"@id\":\"https:\\\/\\\/nordlinepaadid.ee\\\/et\\\/#\\\/schema\\\/logo\\\/image\\\/\"},\"sameAs\":[\"https:\\\/\\\/www.facebook.com\\\/nordlineboats\",\"https:\\\/\\\/www.youtube.com\\\/channel\\\/UCbgF0fy02y3QkFnujaLTaCA\"]}]}<\/script>\n<!-- \/ Yoast SEO plugin. -->","yoast_head_json":{"title":"PILSIPUMP- MAXI SUBMERSIBLE, G4700, 12 V, UUS - NORDLINE s\u00f5udepaadid ja mootorpaadid. Klaasfiiber materjalist.","robots":{"index":"index","follow":"follow","max-snippet":"max-snippet:-1","max-image-preview":"max-image-preview:large","max-video-preview":"max-video-preview:-1"},"canonical":"https:\/\/nordlinepaadid.ee\/et\/pood\/ru-inflatable-boats-and-accessories\/ru-electric-pumps-bilge-pumps\/pilsipump-maxi-submersible-g4700-12-v-uus\/","og_locale":"et_EE","og_type":"article","og_title":"PILSIPUMP- MAXI SUBMERSIBLE, G4700, 12 V, UUS - NORDLINE s\u00f5udepaadid ja mootorpaadid. Klaasfiiber materjalist.","og_description":"Automaatne pilsipump on vaikne, roostevabast terasest v\u00f5lli ja klapiga, mis hoiab \u00e4ra vee tagasivoolu ja \u00f5hutaskute p\u00f5hjustatud ummistused. Eemaldatav filter h\u00f5lpsaks puhastamiseks. Uus kiir\u00fchenduss\u00fcsteem v\u00f5imaldab mootori eemaldamist ilma alust ja h\u00fcdraulika\u00fchendusi lahti \u00fchendamata. Automaatne mis tahes automaatse l\u00fcliti abil (v\u00e4hemalt 20A). Vool: 16 A, Max. vee t\u00f5stek\u00f5rgus: 6,5 m, Aluse \u00f8: 120 mm, K\u00f5rgus: 180...","og_url":"https:\/\/nordlinepaadid.ee\/et\/pood\/ru-inflatable-boats-and-accessories\/ru-electric-pumps-bilge-pumps\/pilsipump-maxi-submersible-g4700-12-v-uus\/","og_site_name":"NORDLINE s\u00f5udepaadid ja mootorpaadid. Klaasfiiber materjalist.","article_publisher":"https:\/\/www.facebook.com\/nordlineboats","article_modified_time":"2026-04-21T00:43:35+00:00","og_image":[{"width":800,"height":771,"url":"https:\/\/nordlinepaadid.ee\/wp-content\/uploads\/2026\/02\/12794_16.122.45-1.jpg","type":"image\/jpeg"}],"twitter_card":"summary_large_image","schema":{"@context":"https:\/\/schema.org","@graph":[{"@type":"WebPage","@id":"https:\/\/nordlinepaadid.ee\/et\/pood\/ru-inflatable-boats-and-accessories\/ru-electric-pumps-bilge-pumps\/pilsipump-maxi-submersible-g4700-12-v-uus\/","url":"https:\/\/nordlinepaadid.ee\/et\/pood\/ru-inflatable-boats-and-accessories\/ru-electric-pumps-bilge-pumps\/pilsipump-maxi-submersible-g4700-12-v-uus\/","name":"PILSIPUMP- MAXI SUBMERSIBLE, G4700, 12 V, UUS - NORDLINE s\u00f5udepaadid ja mootorpaadid. Klaasfiiber materjalist.","isPartOf":{"@id":"https:\/\/nordlinepaadid.ee\/et\/#website"},"primaryImageOfPage":{"@id":"https:\/\/nordlinepaadid.ee\/et\/pood\/ru-inflatable-boats-and-accessories\/ru-electric-pumps-bilge-pumps\/pilsipump-maxi-submersible-g4700-12-v-uus\/#primaryimage"},"image":{"@id":"https:\/\/nordlinepaadid.ee\/et\/pood\/ru-inflatable-boats-and-accessories\/ru-electric-pumps-bilge-pumps\/pilsipump-maxi-submersible-g4700-12-v-uus\/#primaryimage"},"thumbnailUrl":"https:\/\/nordlinepaadid.ee\/wp-content\/uploads\/2026\/02\/12794_16.122.45-1.jpg","datePublished":"2026-04-21T00:43:34+00:00","dateModified":"2026-04-21T00:43:35+00:00","breadcrumb":{"@id":"https:\/\/nordlinepaadid.ee\/et\/pood\/ru-inflatable-boats-and-accessories\/ru-electric-pumps-bilge-pumps\/pilsipump-maxi-submersible-g4700-12-v-uus\/#breadcrumb"},"inLanguage":"et","potentialAction":[{"@type":"ReadAction","target":["https:\/\/nordlinepaadid.ee\/et\/pood\/ru-inflatable-boats-and-accessories\/ru-electric-pumps-bilge-pumps\/pilsipump-maxi-submersible-g4700-12-v-uus\/"]}]},{"@type":"ImageObject","inLanguage":"et","@id":"https:\/\/nordlinepaadid.ee\/et\/pood\/ru-inflatable-boats-and-accessories\/ru-electric-pumps-bilge-pumps\/pilsipump-maxi-submersible-g4700-12-v-uus\/#primaryimage","url":"https:\/\/nordlinepaadid.ee\/wp-content\/uploads\/2026\/02\/12794_16.122.45-1.jpg","contentUrl":"https:\/\/nordlinepaadid.ee\/wp-content\/uploads\/2026\/02\/12794_16.122.45-1.jpg","width":800,"height":771},{"@type":"BreadcrumbList","@id":"https:\/\/nordlinepaadid.ee\/et\/pood\/ru-inflatable-boats-and-accessories\/ru-electric-pumps-bilge-pumps\/pilsipump-maxi-submersible-g4700-12-v-uus\/#breadcrumb","itemListElement":[{"@type":"ListItem","position":1,"name":"Home","item":"https:\/\/nordlinepaadid.ee\/et\/"},{"@type":"ListItem","position":2,"name":"Pood","item":"https:\/\/nordlinepaadid.ee\/et\/pood\/"},{"@type":"ListItem","position":3,"name":"PILSIPUMP- MAXI SUBMERSIBLE, G4700, 12 V, UUS"}]},{"@type":"WebSite","@id":"https:\/\/nordlinepaadid.ee\/et\/#website","url":"https:\/\/nordlinepaadid.ee\/et\/","name":"NORDLINE s\u00f5udepaadid ja mootorpaadid. Klaasfiiber materjalist.","description":"","publisher":{"@id":"https:\/\/nordlinepaadid.ee\/et\/#organization"},"potentialAction":[{"@type":"SearchAction","target":{"@type":"EntryPoint","urlTemplate":"https:\/\/nordlinepaadid.ee\/et\/?s={search_term_string}"},"query-input":{"@type":"PropertyValueSpecification","valueRequired":true,"valueName":"search_term_string"}}],"inLanguage":"et"},{"@type":"Organization","@id":"https:\/\/nordlinepaadid.ee\/et\/#organization","name":"Nordlineboats","url":"https:\/\/nordlinepaadid.ee\/et\/","logo":{"@type":"ImageObject","inLanguage":"et","@id":"https:\/\/nordlinepaadid.ee\/et\/#\/schema\/logo\/image\/","url":"https:\/\/nordlinepaadid.ee\/wp-content\/uploads\/2023\/01\/fulllogo_transparent_nobuffer-e1672750475494.png","contentUrl":"https:\/\/nordlinepaadid.ee\/wp-content\/uploads\/2023\/01\/fulllogo_transparent_nobuffer-e1672750475494.png","width":150,"height":119,"caption":"Nordlineboats"},"image":{"@id":"https:\/\/nordlinepaadid.ee\/et\/#\/schema\/logo\/image\/"},"sameAs":["https:\/\/www.facebook.com\/nordlineboats","https:\/\/www.youtube.com\/channel\/UCbgF0fy02y3QkFnujaLTaCA"]}]}},"taxonomy_info":{"product_cat":[{"value":272,"label":"Elektrilised pumbad, Pilsipumbad"},{"value":269,"label":"PUMBAD JA SANITAARTARVIKUD"},{"value":821,"label":"\u041d\u0430\u0441\u043e\u0441\u044b, \u044d\u043b\u0435\u043a\u0442\u0440\u043e- \u0438 \u0442\u0440\u044e\u043c\u043d\u044be \u043f\u043e\u043c\u043f\u044b"}],"pa_producer":[{"value":417,"label":"Osculati"}],"pa_unit":[{"value":416,"label":"pcs"}]},"featured_image_src_large":["https:\/\/nordlinepaadid.ee\/wp-content\/uploads\/2026\/02\/12794_16.122.45-1.jpg",800,771,false],"author_info":[],"comment_info":"","_links":{"self":[{"href":"https:\/\/nordlinepaadid.ee\/et\/wp-json\/wp\/v2\/product\/64564","targetHints":{"allow":["GET"]}}],"collection":[{"href":"https:\/\/nordlinepaadid.ee\/et\/wp-json\/wp\/v2\/product"}],"about":[{"href":"https:\/\/nordlinepaadid.ee\/et\/wp-json\/wp\/v2\/types\/product"}],"wp:featuredmedia":[{"embeddable":true,"href":"https:\/\/nordlinepaadid.ee\/et\/wp-json\/wp\/v2\/media\/55318"}],"wp:attachment":[{"href":"https:\/\/nordlinepaadid.ee\/et\/wp-json\/wp\/v2\/media?parent=64564"}],"wp:term":[{"taxonomy":"product_brand","embeddable":true,"href":"https:\/\/nordlinepaadid.ee\/et\/wp-json\/wp\/v2\/product_brand?post=64564"},{"taxonomy":"product_cat","embeddable":true,"href":"https:\/\/nordlinepaadid.ee\/et\/wp-json\/wp\/v2\/product_cat?post=64564"},{"taxonomy":"product_tag","embeddable":true,"href":"https:\/\/nordlinepaadid.ee\/et\/wp-json\/wp\/v2\/product_tag?post=64564"}],"curies":[{"name":"wp","href":"https:\/\/api.w.org\/{rel}","templated":true}]}}