{"id":64570,"date":"2026-04-21T03:43:37","date_gmt":"2026-04-21T00:43:37","guid":{"rendered":"https:\/\/nordlinepaadid.ee\/pood\/maaratlemata\/ventilaator-paikesepatareiga-300s\/"},"modified":"2026-04-21T03:43:37","modified_gmt":"2026-04-21T00:43:37","slug":"ventilaator-paikesepatareiga-300s","status":"publish","type":"product","link":"https:\/\/nordlinepaadid.ee\/et\/pood\/heating-cooling-cooking\/ventilation-accessories\/ventilaator-paikesepatareiga-300s\/","title":{"rendered":"VENTILAATOR, P\u00c4IKESEPATAREIGA,  300S"},"content":{"rendered":"<p style=\"text-align:justify\">P\u00e4ikeseventilaator tagab paatide probleemivaba ventilatsiooni olenemata sellest, kas paat liigub v\u00f5i mitte, ning pakub lihtsat lahendust kohtades, kus toiteallika kasutamine oleks liiga keeruline v\u00f5i liiga kallis. Kuna juhtmestikku pole vaja, on p\u00e4ikeseventilaatoreid lihtne paigaldada. P\u00e4ikeseventilaatorid saavad toidet p\u00e4evavalgusest ja p\u00e4ikesevalgusest ning tagavad \u00f5hu liikumise just siis, kui seda k\u00f5ige rohkem vaja on. SMART SOLAR ventilaatorid on 215 mm laiad ja p\u00e4rast paigaldamist 35 mm k\u00f5rgused pinnast. K\u00f5ik mudelid sobivad \u00fcmmargusesse avasse, mille maksimaalne l\u00e4bim\u00f5\u00f5t on 125 mm, ja neid saab k\u00e4sitsi v\u00e4lja l\u00fclitada. Ventilaatorid tuleks paigaldada p\u00e4ikesepaistelisse kohta, kuna nende j\u00f5udlus s\u00f5ltub p\u00e4evavalguse tasemest. Need ventilaatorimudelid annavad kuni 25 m\u00b3 tunnis. 300 seeria on lisaks varustatud NiMH akuga (mikroelement \/ AAA), mida laetakse p\u00e4eva jooksul. \u00d5htul nuppu &#8220;Boost&#8221; vajutades saab ventilaatorit aku abil umbes 10 minutit toita. P\u00e4rast seda ajavahemikku l\u00fclitub ventilaator automaatselt v\u00e4lja.<\/p>\n<p>&#13;<\/p>\n","protected":false},"excerpt":{"rendered":"<p>P\u00e4ikeseventilaator tagab paatide probleemivaba ventilatsiooni olenemata sellest, kas paat liigub v\u00f5i mitte, ning pakub lihtsat lahendust kohtades, kus toiteallika kasutamine oleks liiga keeruline v\u00f5i liiga kallis. Kuna juhtmestikku pole vaja, on p\u00e4ikeseventilaatoreid lihtne paigaldada. P\u00e4ikeseventilaatorid saavad toidet p\u00e4evavalgusest ja p\u00e4ikesevalgusest ning tagavad \u00f5hu liikumise just siis, kui seda k\u00f5ige rohkem vaja on. SMART SOLAR ventilaatorid&#8230;<\/p>\n","protected":false},"featured_media":55354,"template":"","meta":{"_kad_blocks_custom_css":"","_kad_blocks_head_custom_js":"","_kad_blocks_body_custom_js":"","_kad_blocks_footer_custom_js":"","_kad_post_transparent":"","_kad_post_title":"","_kad_post_layout":"","_kad_post_sidebar_id":"","_kad_post_content_style":"","_kad_post_vertical_padding":"","_kad_post_feature":"","_kad_post_feature_position":"","_kad_post_header":false,"_kad_post_footer":false,"_kad_post_classname":""},"product_brand":[],"product_cat":[354,1758,305],"product_tag":[],"class_list":{"0":"post-64570","1":"product","2":"type-product","3":"status-publish","4":"has-post-thumbnail","6":"product_cat-outlet","7":"product_cat-ventilatsioonitarvikud","8":"product_cat-ventilation-accessories","9":"pa_producer-lindemann","10":"pa_unit-pcs","11":"tm-no-options","13":"first","14":"instock","15":"sale","16":"taxable","17":"shipping-taxable","18":"purchasable","19":"product-type-simple","20":"entry","21":"content-bg","22":"loop-entry"},"yoast_head":"<!-- This site is optimized with the Yoast SEO plugin v27.4 - https:\/\/yoast.com\/product\/yoast-seo-wordpress\/ -->\n<title>VENTILAATOR, P\u00c4IKESEPATAREIGA, 300S - NORDLINE s\u00f5udepaadid ja mootorpaadid. Klaasfiiber materjalist.<\/title>\n<meta name=\"robots\" content=\"index, follow, max-snippet:-1, max-image-preview:large, max-video-preview:-1\" \/>\n<link rel=\"canonical\" href=\"https:\/\/nordlinepaadid.ee\/et\/pood\/heating-cooling-cooking\/ventilation-accessories\/ventilaator-paikesepatareiga-300s\/\" \/>\n<meta property=\"og:locale\" content=\"et_EE\" \/>\n<meta property=\"og:type\" content=\"article\" \/>\n<meta property=\"og:title\" content=\"VENTILAATOR, P\u00c4IKESEPATAREIGA, 300S - NORDLINE s\u00f5udepaadid ja mootorpaadid. Klaasfiiber materjalist.\" \/>\n<meta property=\"og:description\" content=\"P\u00e4ikeseventilaator tagab paatide probleemivaba ventilatsiooni olenemata sellest, kas paat liigub v\u00f5i mitte, ning pakub lihtsat lahendust kohtades, kus toiteallika kasutamine oleks liiga keeruline v\u00f5i liiga kallis. Kuna juhtmestikku pole vaja, on p\u00e4ikeseventilaatoreid lihtne paigaldada. P\u00e4ikeseventilaatorid saavad toidet p\u00e4evavalgusest ja p\u00e4ikesevalgusest ning tagavad \u00f5hu liikumise just siis, kui seda k\u00f5ige rohkem vaja on. SMART SOLAR ventilaatorid...\" \/>\n<meta property=\"og:url\" content=\"https:\/\/nordlinepaadid.ee\/et\/pood\/heating-cooling-cooking\/ventilation-accessories\/ventilaator-paikesepatareiga-300s\/\" \/>\n<meta property=\"og:site_name\" content=\"NORDLINE s\u00f5udepaadid ja mootorpaadid. Klaasfiiber materjalist.\" \/>\n<meta property=\"article:publisher\" content=\"https:\/\/www.facebook.com\/nordlineboats\" \/>\n<meta property=\"og:image\" content=\"https:\/\/nordlinepaadid.ee\/wp-content\/uploads\/2026\/02\/12810_LMNL300S-1.jpg\" \/>\n\t<meta property=\"og:image:width\" content=\"450\" \/>\n\t<meta property=\"og:image:height\" content=\"450\" \/>\n\t<meta property=\"og:image:type\" content=\"image\/jpeg\" \/>\n<meta name=\"twitter:card\" content=\"summary_large_image\" \/>\n<meta name=\"twitter:label1\" content=\"Est. reading time\" \/>\n\t<meta name=\"twitter:data1\" content=\"1 minut\" \/>\n<script type=\"application\/ld+json\" class=\"yoast-schema-graph\">{\"@context\":\"https:\\\/\\\/schema.org\",\"@graph\":[{\"@type\":\"WebPage\",\"@id\":\"https:\\\/\\\/nordlinepaadid.ee\\\/et\\\/pood\\\/heating-cooling-cooking\\\/ventilation-accessories\\\/ventilaator-paikesepatareiga-300s\\\/\",\"url\":\"https:\\\/\\\/nordlinepaadid.ee\\\/et\\\/pood\\\/heating-cooling-cooking\\\/ventilation-accessories\\\/ventilaator-paikesepatareiga-300s\\\/\",\"name\":\"VENTILAATOR, P\u00c4IKESEPATAREIGA, 300S - NORDLINE s\u00f5udepaadid ja mootorpaadid. Klaasfiiber materjalist.\",\"isPartOf\":{\"@id\":\"https:\\\/\\\/nordlinepaadid.ee\\\/et\\\/#website\"},\"primaryImageOfPage\":{\"@id\":\"https:\\\/\\\/nordlinepaadid.ee\\\/et\\\/pood\\\/heating-cooling-cooking\\\/ventilation-accessories\\\/ventilaator-paikesepatareiga-300s\\\/#primaryimage\"},\"image\":{\"@id\":\"https:\\\/\\\/nordlinepaadid.ee\\\/et\\\/pood\\\/heating-cooling-cooking\\\/ventilation-accessories\\\/ventilaator-paikesepatareiga-300s\\\/#primaryimage\"},\"thumbnailUrl\":\"https:\\\/\\\/nordlinepaadid.ee\\\/wp-content\\\/uploads\\\/2026\\\/02\\\/12810_LMNL300S-1.jpg\",\"datePublished\":\"2026-04-21T00:43:37+00:00\",\"breadcrumb\":{\"@id\":\"https:\\\/\\\/nordlinepaadid.ee\\\/et\\\/pood\\\/heating-cooling-cooking\\\/ventilation-accessories\\\/ventilaator-paikesepatareiga-300s\\\/#breadcrumb\"},\"inLanguage\":\"et\",\"potentialAction\":[{\"@type\":\"ReadAction\",\"target\":[\"https:\\\/\\\/nordlinepaadid.ee\\\/et\\\/pood\\\/heating-cooling-cooking\\\/ventilation-accessories\\\/ventilaator-paikesepatareiga-300s\\\/\"]}]},{\"@type\":\"ImageObject\",\"inLanguage\":\"et\",\"@id\":\"https:\\\/\\\/nordlinepaadid.ee\\\/et\\\/pood\\\/heating-cooling-cooking\\\/ventilation-accessories\\\/ventilaator-paikesepatareiga-300s\\\/#primaryimage\",\"url\":\"https:\\\/\\\/nordlinepaadid.ee\\\/wp-content\\\/uploads\\\/2026\\\/02\\\/12810_LMNL300S-1.jpg\",\"contentUrl\":\"https:\\\/\\\/nordlinepaadid.ee\\\/wp-content\\\/uploads\\\/2026\\\/02\\\/12810_LMNL300S-1.jpg\",\"width\":450,\"height\":450},{\"@type\":\"BreadcrumbList\",\"@id\":\"https:\\\/\\\/nordlinepaadid.ee\\\/et\\\/pood\\\/heating-cooling-cooking\\\/ventilation-accessories\\\/ventilaator-paikesepatareiga-300s\\\/#breadcrumb\",\"itemListElement\":[{\"@type\":\"ListItem\",\"position\":1,\"name\":\"Home\",\"item\":\"https:\\\/\\\/nordlinepaadid.ee\\\/et\\\/\"},{\"@type\":\"ListItem\",\"position\":2,\"name\":\"Pood\",\"item\":\"https:\\\/\\\/nordlinepaadid.ee\\\/et\\\/pood\\\/\"},{\"@type\":\"ListItem\",\"position\":3,\"name\":\"VENTILAATOR, P\u00c4IKESEPATAREIGA, 300S\"}]},{\"@type\":\"WebSite\",\"@id\":\"https:\\\/\\\/nordlinepaadid.ee\\\/et\\\/#website\",\"url\":\"https:\\\/\\\/nordlinepaadid.ee\\\/et\\\/\",\"name\":\"NORDLINE s\u00f5udepaadid ja mootorpaadid. Klaasfiiber materjalist.\",\"description\":\"\",\"publisher\":{\"@id\":\"https:\\\/\\\/nordlinepaadid.ee\\\/et\\\/#organization\"},\"potentialAction\":[{\"@type\":\"SearchAction\",\"target\":{\"@type\":\"EntryPoint\",\"urlTemplate\":\"https:\\\/\\\/nordlinepaadid.ee\\\/et\\\/?s={search_term_string}\"},\"query-input\":{\"@type\":\"PropertyValueSpecification\",\"valueRequired\":true,\"valueName\":\"search_term_string\"}}],\"inLanguage\":\"et\"},{\"@type\":\"Organization\",\"@id\":\"https:\\\/\\\/nordlinepaadid.ee\\\/et\\\/#organization\",\"name\":\"Nordlineboats\",\"url\":\"https:\\\/\\\/nordlinepaadid.ee\\\/et\\\/\",\"logo\":{\"@type\":\"ImageObject\",\"inLanguage\":\"et\",\"@id\":\"https:\\\/\\\/nordlinepaadid.ee\\\/et\\\/#\\\/schema\\\/logo\\\/image\\\/\",\"url\":\"https:\\\/\\\/nordlinepaadid.ee\\\/wp-content\\\/uploads\\\/2023\\\/01\\\/fulllogo_transparent_nobuffer-e1672750475494.png\",\"contentUrl\":\"https:\\\/\\\/nordlinepaadid.ee\\\/wp-content\\\/uploads\\\/2023\\\/01\\\/fulllogo_transparent_nobuffer-e1672750475494.png\",\"width\":150,\"height\":119,\"caption\":\"Nordlineboats\"},\"image\":{\"@id\":\"https:\\\/\\\/nordlinepaadid.ee\\\/et\\\/#\\\/schema\\\/logo\\\/image\\\/\"},\"sameAs\":[\"https:\\\/\\\/www.facebook.com\\\/nordlineboats\",\"https:\\\/\\\/www.youtube.com\\\/channel\\\/UCbgF0fy02y3QkFnujaLTaCA\"]}]}<\/script>\n<!-- \/ Yoast SEO plugin. -->","yoast_head_json":{"title":"VENTILAATOR, P\u00c4IKESEPATAREIGA, 300S - NORDLINE s\u00f5udepaadid ja mootorpaadid. Klaasfiiber materjalist.","robots":{"index":"index","follow":"follow","max-snippet":"max-snippet:-1","max-image-preview":"max-image-preview:large","max-video-preview":"max-video-preview:-1"},"canonical":"https:\/\/nordlinepaadid.ee\/et\/pood\/heating-cooling-cooking\/ventilation-accessories\/ventilaator-paikesepatareiga-300s\/","og_locale":"et_EE","og_type":"article","og_title":"VENTILAATOR, P\u00c4IKESEPATAREIGA, 300S - NORDLINE s\u00f5udepaadid ja mootorpaadid. Klaasfiiber materjalist.","og_description":"P\u00e4ikeseventilaator tagab paatide probleemivaba ventilatsiooni olenemata sellest, kas paat liigub v\u00f5i mitte, ning pakub lihtsat lahendust kohtades, kus toiteallika kasutamine oleks liiga keeruline v\u00f5i liiga kallis. Kuna juhtmestikku pole vaja, on p\u00e4ikeseventilaatoreid lihtne paigaldada. P\u00e4ikeseventilaatorid saavad toidet p\u00e4evavalgusest ja p\u00e4ikesevalgusest ning tagavad \u00f5hu liikumise just siis, kui seda k\u00f5ige rohkem vaja on. SMART SOLAR ventilaatorid...","og_url":"https:\/\/nordlinepaadid.ee\/et\/pood\/heating-cooling-cooking\/ventilation-accessories\/ventilaator-paikesepatareiga-300s\/","og_site_name":"NORDLINE s\u00f5udepaadid ja mootorpaadid. Klaasfiiber materjalist.","article_publisher":"https:\/\/www.facebook.com\/nordlineboats","og_image":[{"width":450,"height":450,"url":"https:\/\/nordlinepaadid.ee\/wp-content\/uploads\/2026\/02\/12810_LMNL300S-1.jpg","type":"image\/jpeg"}],"twitter_card":"summary_large_image","twitter_misc":{"Est. reading time":"1 minut"},"schema":{"@context":"https:\/\/schema.org","@graph":[{"@type":"WebPage","@id":"https:\/\/nordlinepaadid.ee\/et\/pood\/heating-cooling-cooking\/ventilation-accessories\/ventilaator-paikesepatareiga-300s\/","url":"https:\/\/nordlinepaadid.ee\/et\/pood\/heating-cooling-cooking\/ventilation-accessories\/ventilaator-paikesepatareiga-300s\/","name":"VENTILAATOR, P\u00c4IKESEPATAREIGA, 300S - NORDLINE s\u00f5udepaadid ja mootorpaadid. Klaasfiiber materjalist.","isPartOf":{"@id":"https:\/\/nordlinepaadid.ee\/et\/#website"},"primaryImageOfPage":{"@id":"https:\/\/nordlinepaadid.ee\/et\/pood\/heating-cooling-cooking\/ventilation-accessories\/ventilaator-paikesepatareiga-300s\/#primaryimage"},"image":{"@id":"https:\/\/nordlinepaadid.ee\/et\/pood\/heating-cooling-cooking\/ventilation-accessories\/ventilaator-paikesepatareiga-300s\/#primaryimage"},"thumbnailUrl":"https:\/\/nordlinepaadid.ee\/wp-content\/uploads\/2026\/02\/12810_LMNL300S-1.jpg","datePublished":"2026-04-21T00:43:37+00:00","breadcrumb":{"@id":"https:\/\/nordlinepaadid.ee\/et\/pood\/heating-cooling-cooking\/ventilation-accessories\/ventilaator-paikesepatareiga-300s\/#breadcrumb"},"inLanguage":"et","potentialAction":[{"@type":"ReadAction","target":["https:\/\/nordlinepaadid.ee\/et\/pood\/heating-cooling-cooking\/ventilation-accessories\/ventilaator-paikesepatareiga-300s\/"]}]},{"@type":"ImageObject","inLanguage":"et","@id":"https:\/\/nordlinepaadid.ee\/et\/pood\/heating-cooling-cooking\/ventilation-accessories\/ventilaator-paikesepatareiga-300s\/#primaryimage","url":"https:\/\/nordlinepaadid.ee\/wp-content\/uploads\/2026\/02\/12810_LMNL300S-1.jpg","contentUrl":"https:\/\/nordlinepaadid.ee\/wp-content\/uploads\/2026\/02\/12810_LMNL300S-1.jpg","width":450,"height":450},{"@type":"BreadcrumbList","@id":"https:\/\/nordlinepaadid.ee\/et\/pood\/heating-cooling-cooking\/ventilation-accessories\/ventilaator-paikesepatareiga-300s\/#breadcrumb","itemListElement":[{"@type":"ListItem","position":1,"name":"Home","item":"https:\/\/nordlinepaadid.ee\/et\/"},{"@type":"ListItem","position":2,"name":"Pood","item":"https:\/\/nordlinepaadid.ee\/et\/pood\/"},{"@type":"ListItem","position":3,"name":"VENTILAATOR, P\u00c4IKESEPATAREIGA, 300S"}]},{"@type":"WebSite","@id":"https:\/\/nordlinepaadid.ee\/et\/#website","url":"https:\/\/nordlinepaadid.ee\/et\/","name":"NORDLINE s\u00f5udepaadid ja mootorpaadid. Klaasfiiber materjalist.","description":"","publisher":{"@id":"https:\/\/nordlinepaadid.ee\/et\/#organization"},"potentialAction":[{"@type":"SearchAction","target":{"@type":"EntryPoint","urlTemplate":"https:\/\/nordlinepaadid.ee\/et\/?s={search_term_string}"},"query-input":{"@type":"PropertyValueSpecification","valueRequired":true,"valueName":"search_term_string"}}],"inLanguage":"et"},{"@type":"Organization","@id":"https:\/\/nordlinepaadid.ee\/et\/#organization","name":"Nordlineboats","url":"https:\/\/nordlinepaadid.ee\/et\/","logo":{"@type":"ImageObject","inLanguage":"et","@id":"https:\/\/nordlinepaadid.ee\/et\/#\/schema\/logo\/image\/","url":"https:\/\/nordlinepaadid.ee\/wp-content\/uploads\/2023\/01\/fulllogo_transparent_nobuffer-e1672750475494.png","contentUrl":"https:\/\/nordlinepaadid.ee\/wp-content\/uploads\/2023\/01\/fulllogo_transparent_nobuffer-e1672750475494.png","width":150,"height":119,"caption":"Nordlineboats"},"image":{"@id":"https:\/\/nordlinepaadid.ee\/et\/#\/schema\/logo\/image\/"},"sameAs":["https:\/\/www.facebook.com\/nordlineboats","https:\/\/www.youtube.com\/channel\/UCbgF0fy02y3QkFnujaLTaCA"]}]}},"taxonomy_info":{"product_cat":[{"value":354,"label":"L\u00d5PUM\u00dc\u00dcK \/ OUTLET"},{"value":1758,"label":"Ventilatsioonitarvikud"},{"value":305,"label":"Ventilatsioonitarvikud"}],"pa_producer":[{"value":1557,"label":"Lindemann"}],"pa_unit":[{"value":416,"label":"pcs"}]},"featured_image_src_large":["https:\/\/nordlinepaadid.ee\/wp-content\/uploads\/2026\/02\/12810_LMNL300S-1.jpg",450,450,false],"author_info":[],"comment_info":"","_links":{"self":[{"href":"https:\/\/nordlinepaadid.ee\/et\/wp-json\/wp\/v2\/product\/64570","targetHints":{"allow":["GET"]}}],"collection":[{"href":"https:\/\/nordlinepaadid.ee\/et\/wp-json\/wp\/v2\/product"}],"about":[{"href":"https:\/\/nordlinepaadid.ee\/et\/wp-json\/wp\/v2\/types\/product"}],"wp:featuredmedia":[{"embeddable":true,"href":"https:\/\/nordlinepaadid.ee\/et\/wp-json\/wp\/v2\/media\/55354"}],"wp:attachment":[{"href":"https:\/\/nordlinepaadid.ee\/et\/wp-json\/wp\/v2\/media?parent=64570"}],"wp:term":[{"taxonomy":"product_brand","embeddable":true,"href":"https:\/\/nordlinepaadid.ee\/et\/wp-json\/wp\/v2\/product_brand?post=64570"},{"taxonomy":"product_cat","embeddable":true,"href":"https:\/\/nordlinepaadid.ee\/et\/wp-json\/wp\/v2\/product_cat?post=64570"},{"taxonomy":"product_tag","embeddable":true,"href":"https:\/\/nordlinepaadid.ee\/et\/wp-json\/wp\/v2\/product_tag?post=64570"}],"curies":[{"name":"wp","href":"https:\/\/api.w.org\/{rel}","templated":true}]}}