{"id":64685,"date":"2026-04-17T19:54:44","date_gmt":"2026-04-17T16:54:44","guid":{"rendered":"https:\/\/nordlinepaadid.ee\/pood\/maaratlemata\/lowrance-elite-fs-9-totalscan-anduriga-black-row\/"},"modified":"2026-04-18T02:04:05","modified_gmt":"2026-04-17T23:04:05","slug":"lowrance-elite-fs-9-totalscan-anduriga-black-row","status":"publish","type":"product","link":"https:\/\/nordlinepaadid.ee\/et\/pood\/mereelektroonika\/chartplotters-fishfinders\/lowrance-elite-fs-9-totalscan-anduriga-black-row\/","title":{"rendered":"LOWRANCE ELITE FS 9 TOTALSCAN ANDURIGA, BLACK ROW"},"content":{"rendered":"<p>Lowrance Elite FS on Lowrance Elite Ti2 j\u00e4reltulija. V\u00f5imsa Lowrance Elite FS kajaloodiga leiate rohkem kalu ning saate detailse \u00fclevaate p\u00f5hjastruktuuridest ja kala peidukohtadest. Seadmega on komplektis v\u00f5imas Totalscan andur, lisaks on v\u00f5imalik seadmele paigaldada lisavarustusena Uus ActiveTarget2 \u2122 Live andur, mis v\u00f5imaldab n\u00e4ha vee all toimuvast liikuvat pilti. Kalap\u00fc\u00fck on lihtsam, kui teate t\u00e4pselt, mida kalad reaalajas teevad, kasutades ActiveTarget2 \u2122 Live&#8217;i. Nautige t\u00e4pseid vaateid, mis paljastavad kalade liikumise, j\u00e4lgige, kuidas kalad oma peidukohtades ujuvad. Vaadake reaalajas, kuidas nad teie peibutisse reageerivad, et teaksite, kas teie praegune p\u00fc\u00fcgiviis t\u00f6\u00f6tab v\u00f5i on aeg p\u00fc\u00fcgiviisi muuta.<br \/>\nElite FSil on puutetundlik ekraan. Lisandunud on Etherneti \u00fchendus, mis v\u00f5imaldab infovahetust teiste ekraanidega. Wifi ja Bluetooth \u00fchenduse abil on v\u00f5imalik kuvada teavitusi telefonist Elite FSi ekraanil ning uuendada seadme tarkvara ja kaarte. Seadmega on v\u00f5imalik \u00fchendada Motorguide ja Lowrance v\u00f6\u00f6rimootoreid.<\/p>\n","protected":false},"excerpt":{"rendered":"<p>Lowrance Elite FS on Lowrance Elite Ti2 j\u00e4reltulija. V\u00f5imsa Lowrance Elite FS kajaloodiga leiate rohkem kalu ning saate detailse \u00fclevaate p\u00f5hjastruktuuridest ja kala peidukohtadest. Seadmega on komplektis v\u00f5imas Totalscan andur, lisaks on v\u00f5imalik seadmele paigaldada lisavarustusena Uus ActiveTarget2 \u2122 Live andur, mis v\u00f5imaldab n\u00e4ha vee all toimuvast liikuvat pilti. Kalap\u00fc\u00fck on lihtsam, kui teate t\u00e4pselt,&#8230;<\/p>\n","protected":false},"featured_media":28066,"template":"","meta":{"_kad_blocks_custom_css":"","_kad_blocks_head_custom_js":"","_kad_blocks_body_custom_js":"","_kad_blocks_footer_custom_js":"","_kad_post_transparent":"","_kad_post_title":"","_kad_post_layout":"","_kad_post_sidebar_id":"","_kad_post_content_style":"","_kad_post_vertical_padding":"","_kad_post_feature":"","_kad_post_feature_position":"","_kad_post_header":false,"_kad_post_footer":false,"_kad_post_classname":""},"product_brand":[],"product_cat":[338,352],"product_tag":[],"class_list":{"0":"post-64685","1":"product","2":"type-product","3":"status-publish","4":"has-post-thumbnail","6":"product_cat-chartplotters-fishfinders","7":"product_cat-mereelektroonika","8":"pa_producer-lowrance","9":"pa_unit-pcs","10":"tm-no-options","12":"first","13":"onbackorder","14":"taxable","15":"shipping-taxable","16":"purchasable","17":"product-type-simple","18":"entry","19":"content-bg","20":"loop-entry"},"yoast_head":"<!-- This site is optimized with the Yoast SEO plugin v27.3 - https:\/\/yoast.com\/product\/yoast-seo-wordpress\/ -->\n<title>LOWRANCE ELITE FS 9 TOTALSCAN ANDURIGA, BLACK ROW - NORDLINE s\u00f5udepaadid ja mootorpaadid. Klaasfiiber materjalist.<\/title>\n<meta name=\"robots\" content=\"index, follow, max-snippet:-1, max-image-preview:large, max-video-preview:-1\" \/>\n<link rel=\"canonical\" href=\"https:\/\/nordlinepaadid.ee\/et\/pood\/mereelektroonika\/chartplotters-fishfinders\/lowrance-elite-fs-9-totalscan-anduriga-black-row\/\" \/>\n<meta property=\"og:locale\" content=\"et_EE\" \/>\n<meta property=\"og:type\" content=\"article\" \/>\n<meta property=\"og:title\" content=\"LOWRANCE ELITE FS 9 TOTALSCAN ANDURIGA, BLACK ROW - NORDLINE s\u00f5udepaadid ja mootorpaadid. Klaasfiiber materjalist.\" \/>\n<meta property=\"og:description\" content=\"Lowrance Elite FS on Lowrance Elite Ti2 j\u00e4reltulija. V\u00f5imsa Lowrance Elite FS kajaloodiga leiate rohkem kalu ning saate detailse \u00fclevaate p\u00f5hjastruktuuridest ja kala peidukohtadest. Seadmega on komplektis v\u00f5imas Totalscan andur, lisaks on v\u00f5imalik seadmele paigaldada lisavarustusena Uus ActiveTarget2 \u2122 Live andur, mis v\u00f5imaldab n\u00e4ha vee all toimuvast liikuvat pilti. Kalap\u00fc\u00fck on lihtsam, kui teate t\u00e4pselt,...\" \/>\n<meta property=\"og:url\" content=\"https:\/\/nordlinepaadid.ee\/et\/pood\/mereelektroonika\/chartplotters-fishfinders\/lowrance-elite-fs-9-totalscan-anduriga-black-row\/\" \/>\n<meta property=\"og:site_name\" content=\"NORDLINE s\u00f5udepaadid ja mootorpaadid. Klaasfiiber materjalist.\" \/>\n<meta property=\"article:publisher\" content=\"https:\/\/www.facebook.com\/nordlineboats\" \/>\n<meta property=\"article:modified_time\" content=\"2026-04-17T23:04:05+00:00\" \/>\n<meta property=\"og:image\" content=\"https:\/\/nordlinepaadid.ee\/wp-content\/uploads\/2023\/03\/8255_img_2020-11-12_10-27-29_8a96f2ee6f629b7e7e154dd20d799b00-scaled.jpg\" \/>\n\t<meta property=\"og:image:width\" content=\"2560\" \/>\n\t<meta property=\"og:image:height\" content=\"1829\" \/>\n\t<meta property=\"og:image:type\" content=\"image\/jpeg\" \/>\n<meta name=\"twitter:card\" content=\"summary_large_image\" \/>\n<meta name=\"twitter:label1\" content=\"Est. reading time\" \/>\n\t<meta name=\"twitter:data1\" content=\"1 minut\" \/>\n<script type=\"application\/ld+json\" class=\"yoast-schema-graph\">{\"@context\":\"https:\\\/\\\/schema.org\",\"@graph\":[{\"@type\":\"WebPage\",\"@id\":\"https:\\\/\\\/nordlinepaadid.ee\\\/et\\\/pood\\\/mereelektroonika\\\/chartplotters-fishfinders\\\/lowrance-elite-fs-9-totalscan-anduriga-black-row\\\/\",\"url\":\"https:\\\/\\\/nordlinepaadid.ee\\\/et\\\/pood\\\/mereelektroonika\\\/chartplotters-fishfinders\\\/lowrance-elite-fs-9-totalscan-anduriga-black-row\\\/\",\"name\":\"LOWRANCE ELITE FS 9 TOTALSCAN ANDURIGA, BLACK ROW - NORDLINE s\u00f5udepaadid ja mootorpaadid. Klaasfiiber materjalist.\",\"isPartOf\":{\"@id\":\"https:\\\/\\\/nordlinepaadid.ee\\\/et\\\/#website\"},\"primaryImageOfPage\":{\"@id\":\"https:\\\/\\\/nordlinepaadid.ee\\\/et\\\/pood\\\/mereelektroonika\\\/chartplotters-fishfinders\\\/lowrance-elite-fs-9-totalscan-anduriga-black-row\\\/#primaryimage\"},\"image\":{\"@id\":\"https:\\\/\\\/nordlinepaadid.ee\\\/et\\\/pood\\\/mereelektroonika\\\/chartplotters-fishfinders\\\/lowrance-elite-fs-9-totalscan-anduriga-black-row\\\/#primaryimage\"},\"thumbnailUrl\":\"https:\\\/\\\/nordlinepaadid.ee\\\/wp-content\\\/uploads\\\/2023\\\/03\\\/8255_img_2020-11-12_10-27-29_8a96f2ee6f629b7e7e154dd20d799b00-scaled.jpg\",\"datePublished\":\"2026-04-17T16:54:44+00:00\",\"dateModified\":\"2026-04-17T23:04:05+00:00\",\"breadcrumb\":{\"@id\":\"https:\\\/\\\/nordlinepaadid.ee\\\/et\\\/pood\\\/mereelektroonika\\\/chartplotters-fishfinders\\\/lowrance-elite-fs-9-totalscan-anduriga-black-row\\\/#breadcrumb\"},\"inLanguage\":\"et\",\"potentialAction\":[{\"@type\":\"ReadAction\",\"target\":[\"https:\\\/\\\/nordlinepaadid.ee\\\/et\\\/pood\\\/mereelektroonika\\\/chartplotters-fishfinders\\\/lowrance-elite-fs-9-totalscan-anduriga-black-row\\\/\"]}]},{\"@type\":\"ImageObject\",\"inLanguage\":\"et\",\"@id\":\"https:\\\/\\\/nordlinepaadid.ee\\\/et\\\/pood\\\/mereelektroonika\\\/chartplotters-fishfinders\\\/lowrance-elite-fs-9-totalscan-anduriga-black-row\\\/#primaryimage\",\"url\":\"https:\\\/\\\/nordlinepaadid.ee\\\/wp-content\\\/uploads\\\/2023\\\/03\\\/8255_img_2020-11-12_10-27-29_8a96f2ee6f629b7e7e154dd20d799b00-scaled.jpg\",\"contentUrl\":\"https:\\\/\\\/nordlinepaadid.ee\\\/wp-content\\\/uploads\\\/2023\\\/03\\\/8255_img_2020-11-12_10-27-29_8a96f2ee6f629b7e7e154dd20d799b00-scaled.jpg\",\"width\":2560,\"height\":1829},{\"@type\":\"BreadcrumbList\",\"@id\":\"https:\\\/\\\/nordlinepaadid.ee\\\/et\\\/pood\\\/mereelektroonika\\\/chartplotters-fishfinders\\\/lowrance-elite-fs-9-totalscan-anduriga-black-row\\\/#breadcrumb\",\"itemListElement\":[{\"@type\":\"ListItem\",\"position\":1,\"name\":\"Home\",\"item\":\"https:\\\/\\\/nordlinepaadid.ee\\\/et\\\/\"},{\"@type\":\"ListItem\",\"position\":2,\"name\":\"Pood\",\"item\":\"https:\\\/\\\/nordlinepaadid.ee\\\/et\\\/pood\\\/\"},{\"@type\":\"ListItem\",\"position\":3,\"name\":\"LOWRANCE ELITE FS 9 TOTALSCAN ANDURIGA, BLACK ROW\"}]},{\"@type\":\"WebSite\",\"@id\":\"https:\\\/\\\/nordlinepaadid.ee\\\/et\\\/#website\",\"url\":\"https:\\\/\\\/nordlinepaadid.ee\\\/et\\\/\",\"name\":\"NORDLINE s\u00f5udepaadid ja mootorpaadid. Klaasfiiber materjalist.\",\"description\":\"\",\"publisher\":{\"@id\":\"https:\\\/\\\/nordlinepaadid.ee\\\/et\\\/#organization\"},\"potentialAction\":[{\"@type\":\"SearchAction\",\"target\":{\"@type\":\"EntryPoint\",\"urlTemplate\":\"https:\\\/\\\/nordlinepaadid.ee\\\/et\\\/?s={search_term_string}\"},\"query-input\":{\"@type\":\"PropertyValueSpecification\",\"valueRequired\":true,\"valueName\":\"search_term_string\"}}],\"inLanguage\":\"et\"},{\"@type\":\"Organization\",\"@id\":\"https:\\\/\\\/nordlinepaadid.ee\\\/et\\\/#organization\",\"name\":\"Nordlineboats\",\"url\":\"https:\\\/\\\/nordlinepaadid.ee\\\/et\\\/\",\"logo\":{\"@type\":\"ImageObject\",\"inLanguage\":\"et\",\"@id\":\"https:\\\/\\\/nordlinepaadid.ee\\\/et\\\/#\\\/schema\\\/logo\\\/image\\\/\",\"url\":\"https:\\\/\\\/nordlinepaadid.ee\\\/wp-content\\\/uploads\\\/2023\\\/01\\\/fulllogo_transparent_nobuffer-e1672750475494.png\",\"contentUrl\":\"https:\\\/\\\/nordlinepaadid.ee\\\/wp-content\\\/uploads\\\/2023\\\/01\\\/fulllogo_transparent_nobuffer-e1672750475494.png\",\"width\":150,\"height\":119,\"caption\":\"Nordlineboats\"},\"image\":{\"@id\":\"https:\\\/\\\/nordlinepaadid.ee\\\/et\\\/#\\\/schema\\\/logo\\\/image\\\/\"},\"sameAs\":[\"https:\\\/\\\/www.facebook.com\\\/nordlineboats\",\"https:\\\/\\\/www.youtube.com\\\/channel\\\/UCbgF0fy02y3QkFnujaLTaCA\"]}]}<\/script>\n<!-- \/ Yoast SEO plugin. -->","yoast_head_json":{"title":"LOWRANCE ELITE FS 9 TOTALSCAN ANDURIGA, BLACK ROW - NORDLINE s\u00f5udepaadid ja mootorpaadid. Klaasfiiber materjalist.","robots":{"index":"index","follow":"follow","max-snippet":"max-snippet:-1","max-image-preview":"max-image-preview:large","max-video-preview":"max-video-preview:-1"},"canonical":"https:\/\/nordlinepaadid.ee\/et\/pood\/mereelektroonika\/chartplotters-fishfinders\/lowrance-elite-fs-9-totalscan-anduriga-black-row\/","og_locale":"et_EE","og_type":"article","og_title":"LOWRANCE ELITE FS 9 TOTALSCAN ANDURIGA, BLACK ROW - NORDLINE s\u00f5udepaadid ja mootorpaadid. Klaasfiiber materjalist.","og_description":"Lowrance Elite FS on Lowrance Elite Ti2 j\u00e4reltulija. V\u00f5imsa Lowrance Elite FS kajaloodiga leiate rohkem kalu ning saate detailse \u00fclevaate p\u00f5hjastruktuuridest ja kala peidukohtadest. Seadmega on komplektis v\u00f5imas Totalscan andur, lisaks on v\u00f5imalik seadmele paigaldada lisavarustusena Uus ActiveTarget2 \u2122 Live andur, mis v\u00f5imaldab n\u00e4ha vee all toimuvast liikuvat pilti. Kalap\u00fc\u00fck on lihtsam, kui teate t\u00e4pselt,...","og_url":"https:\/\/nordlinepaadid.ee\/et\/pood\/mereelektroonika\/chartplotters-fishfinders\/lowrance-elite-fs-9-totalscan-anduriga-black-row\/","og_site_name":"NORDLINE s\u00f5udepaadid ja mootorpaadid. Klaasfiiber materjalist.","article_publisher":"https:\/\/www.facebook.com\/nordlineboats","article_modified_time":"2026-04-17T23:04:05+00:00","og_image":[{"width":2560,"height":1829,"url":"https:\/\/nordlinepaadid.ee\/wp-content\/uploads\/2023\/03\/8255_img_2020-11-12_10-27-29_8a96f2ee6f629b7e7e154dd20d799b00-scaled.jpg","type":"image\/jpeg"}],"twitter_card":"summary_large_image","twitter_misc":{"Est. reading time":"1 minut"},"schema":{"@context":"https:\/\/schema.org","@graph":[{"@type":"WebPage","@id":"https:\/\/nordlinepaadid.ee\/et\/pood\/mereelektroonika\/chartplotters-fishfinders\/lowrance-elite-fs-9-totalscan-anduriga-black-row\/","url":"https:\/\/nordlinepaadid.ee\/et\/pood\/mereelektroonika\/chartplotters-fishfinders\/lowrance-elite-fs-9-totalscan-anduriga-black-row\/","name":"LOWRANCE ELITE FS 9 TOTALSCAN ANDURIGA, BLACK ROW - NORDLINE s\u00f5udepaadid ja mootorpaadid. Klaasfiiber materjalist.","isPartOf":{"@id":"https:\/\/nordlinepaadid.ee\/et\/#website"},"primaryImageOfPage":{"@id":"https:\/\/nordlinepaadid.ee\/et\/pood\/mereelektroonika\/chartplotters-fishfinders\/lowrance-elite-fs-9-totalscan-anduriga-black-row\/#primaryimage"},"image":{"@id":"https:\/\/nordlinepaadid.ee\/et\/pood\/mereelektroonika\/chartplotters-fishfinders\/lowrance-elite-fs-9-totalscan-anduriga-black-row\/#primaryimage"},"thumbnailUrl":"https:\/\/nordlinepaadid.ee\/wp-content\/uploads\/2023\/03\/8255_img_2020-11-12_10-27-29_8a96f2ee6f629b7e7e154dd20d799b00-scaled.jpg","datePublished":"2026-04-17T16:54:44+00:00","dateModified":"2026-04-17T23:04:05+00:00","breadcrumb":{"@id":"https:\/\/nordlinepaadid.ee\/et\/pood\/mereelektroonika\/chartplotters-fishfinders\/lowrance-elite-fs-9-totalscan-anduriga-black-row\/#breadcrumb"},"inLanguage":"et","potentialAction":[{"@type":"ReadAction","target":["https:\/\/nordlinepaadid.ee\/et\/pood\/mereelektroonika\/chartplotters-fishfinders\/lowrance-elite-fs-9-totalscan-anduriga-black-row\/"]}]},{"@type":"ImageObject","inLanguage":"et","@id":"https:\/\/nordlinepaadid.ee\/et\/pood\/mereelektroonika\/chartplotters-fishfinders\/lowrance-elite-fs-9-totalscan-anduriga-black-row\/#primaryimage","url":"https:\/\/nordlinepaadid.ee\/wp-content\/uploads\/2023\/03\/8255_img_2020-11-12_10-27-29_8a96f2ee6f629b7e7e154dd20d799b00-scaled.jpg","contentUrl":"https:\/\/nordlinepaadid.ee\/wp-content\/uploads\/2023\/03\/8255_img_2020-11-12_10-27-29_8a96f2ee6f629b7e7e154dd20d799b00-scaled.jpg","width":2560,"height":1829},{"@type":"BreadcrumbList","@id":"https:\/\/nordlinepaadid.ee\/et\/pood\/mereelektroonika\/chartplotters-fishfinders\/lowrance-elite-fs-9-totalscan-anduriga-black-row\/#breadcrumb","itemListElement":[{"@type":"ListItem","position":1,"name":"Home","item":"https:\/\/nordlinepaadid.ee\/et\/"},{"@type":"ListItem","position":2,"name":"Pood","item":"https:\/\/nordlinepaadid.ee\/et\/pood\/"},{"@type":"ListItem","position":3,"name":"LOWRANCE ELITE FS 9 TOTALSCAN ANDURIGA, BLACK ROW"}]},{"@type":"WebSite","@id":"https:\/\/nordlinepaadid.ee\/et\/#website","url":"https:\/\/nordlinepaadid.ee\/et\/","name":"NORDLINE s\u00f5udepaadid ja mootorpaadid. Klaasfiiber materjalist.","description":"","publisher":{"@id":"https:\/\/nordlinepaadid.ee\/et\/#organization"},"potentialAction":[{"@type":"SearchAction","target":{"@type":"EntryPoint","urlTemplate":"https:\/\/nordlinepaadid.ee\/et\/?s={search_term_string}"},"query-input":{"@type":"PropertyValueSpecification","valueRequired":true,"valueName":"search_term_string"}}],"inLanguage":"et"},{"@type":"Organization","@id":"https:\/\/nordlinepaadid.ee\/et\/#organization","name":"Nordlineboats","url":"https:\/\/nordlinepaadid.ee\/et\/","logo":{"@type":"ImageObject","inLanguage":"et","@id":"https:\/\/nordlinepaadid.ee\/et\/#\/schema\/logo\/image\/","url":"https:\/\/nordlinepaadid.ee\/wp-content\/uploads\/2023\/01\/fulllogo_transparent_nobuffer-e1672750475494.png","contentUrl":"https:\/\/nordlinepaadid.ee\/wp-content\/uploads\/2023\/01\/fulllogo_transparent_nobuffer-e1672750475494.png","width":150,"height":119,"caption":"Nordlineboats"},"image":{"@id":"https:\/\/nordlinepaadid.ee\/et\/#\/schema\/logo\/image\/"},"sameAs":["https:\/\/www.facebook.com\/nordlineboats","https:\/\/www.youtube.com\/channel\/UCbgF0fy02y3QkFnujaLTaCA"]}]}},"taxonomy_info":{"product_cat":[{"value":338,"label":"Kaardiplotterid, Sonarid"},{"value":352,"label":"MEREELEKTROONIKA"}],"pa_producer":[{"value":565,"label":"Lowrance"}],"pa_unit":[{"value":416,"label":"pcs"}]},"featured_image_src_large":["https:\/\/nordlinepaadid.ee\/wp-content\/uploads\/2023\/03\/8255_img_2020-11-12_10-27-29_8a96f2ee6f629b7e7e154dd20d799b00-1024x731.jpg",1024,731,true],"author_info":[],"comment_info":"","_links":{"self":[{"href":"https:\/\/nordlinepaadid.ee\/et\/wp-json\/wp\/v2\/product\/64685","targetHints":{"allow":["GET"]}}],"collection":[{"href":"https:\/\/nordlinepaadid.ee\/et\/wp-json\/wp\/v2\/product"}],"about":[{"href":"https:\/\/nordlinepaadid.ee\/et\/wp-json\/wp\/v2\/types\/product"}],"wp:featuredmedia":[{"embeddable":true,"href":"https:\/\/nordlinepaadid.ee\/et\/wp-json\/wp\/v2\/media\/28066"}],"wp:attachment":[{"href":"https:\/\/nordlinepaadid.ee\/et\/wp-json\/wp\/v2\/media?parent=64685"}],"wp:term":[{"taxonomy":"product_brand","embeddable":true,"href":"https:\/\/nordlinepaadid.ee\/et\/wp-json\/wp\/v2\/product_brand?post=64685"},{"taxonomy":"product_cat","embeddable":true,"href":"https:\/\/nordlinepaadid.ee\/et\/wp-json\/wp\/v2\/product_cat?post=64685"},{"taxonomy":"product_tag","embeddable":true,"href":"https:\/\/nordlinepaadid.ee\/et\/wp-json\/wp\/v2\/product_tag?post=64685"}],"curies":[{"name":"wp","href":"https:\/\/api.w.org\/{rel}","templated":true}]}}