{"id":64689,"date":"2026-04-17T19:54:58","date_gmt":"2026-04-17T16:54:58","guid":{"rendered":"https:\/\/nordlinepaadid.ee\/pood\/maaratlemata\/ocean-signal-epirb3-raadiomajakas\/"},"modified":"2026-04-18T02:04:05","modified_gmt":"2026-04-17T23:04:05","slug":"ocean-signal-epirb3-raadiomajakas","status":"publish","type":"product","link":"https:\/\/nordlinepaadid.ee\/et\/pood\/marine-electronics-ru\/ru-vhf-handhelds\/ocean-signal-epirb3-raadiomajakas\/","title":{"rendered":"OCEAN SIGNAL EPIRB3, RAADIOMAJAKAS"},"content":{"rendered":"<p>Ocean Signal EPIRB3 p\u00e4\u00e4ste saatja \u00fchendab endas 406 MHz, 121,5 MHz ja AIS-i h\u00e4daabis\u00f5numid ning on 30% v\u00e4iksem kui tema eelk\u00e4ija EPIRB1. Kombineerides individuaalseid h\u00e4daabik\u00f5nede tegemise tehnoloogiaid, suurenevad kiire p\u00e4\u00e4stmise v\u00f5imalused m\u00e4rkimisv\u00e4\u00e4rselt. Traadita NFC-\u00fchenduse abil saate rakenduse abil juurde p\u00e4\u00e4seda EPIRB3 tegevuste ajaloole ja aku oleku programmeerimisteabele.<\/p>\n<p>&#13;<br \/>\n&#13;<\/p>\n<p>&nbsp;<\/p>\n<p>&#13;<br \/>\n&#13;<\/p>\n<p>RescueME EPIRB3 \u00fchendab endas globaalse p\u00e4\u00e4steteenuse ja sisseehitatud AIS-i nutikate lokaalsete p\u00e4\u00e4stefunktsioonide jaoks \u00fches kompaktses seadmes.<\/p>\n<p>&#13;<br \/>\n&#13;<\/p>\n<p>Globaalne SAR-\u00fchenduvus Cospas-Sarsati kaudu: Saadab teie 406 MHz h\u00e4dasignaali otse rahvusvahelistele otsingu- ja p\u00e4\u00e4steteenistustele, tagades garanteeritud, valitsuse koordineeritud reageerimise k\u00f5ikjal maailmas, 24\/7\/365.<\/p>\n<p>&#13;<br \/>\n&#13;<\/p>\n<p>Tagasiside teenus (RLS) + AIS: Kinnitab teie signaali vastuv\u00f5tmist visuaalse sinise tulega, samal ajal kui AIS edastab teie asukoha l\u00e4hedalasuvatele laevadele kahekihilise p\u00e4\u00e4ste jaoks.<\/p>\n<p>&#13;<br \/>\n&#13;<\/p>\n<p>Usaldusv\u00e4\u00e4rne ja pikaealine j\u00f5udlus: Sisaldab suure t\u00e4psusega GNSS-vastuv\u00f5tjat, 48+ tundi aku t\u00f6\u00f6iga p\u00e4rast aktiveerimist ning vastab t\u00e4ielikult IMO ja SOLASi veo n\u00f5uetele.<\/p>\n<p>&#13;<\/p>\n<p><iframe loading=\"lazy\" allowfullscreen=\"\" frameborder=\"0\" height=\"360\" src=\"\/\/www.youtube.com\/embed\/U3l98HwTz70\" width=\"640\"><\/iframe><\/p>\n<p>&#13;<\/p>\n","protected":false},"excerpt":{"rendered":"<p>Ocean Signal EPIRB3 p\u00e4\u00e4ste saatja \u00fchendab endas 406 MHz, 121,5 MHz ja AIS-i h\u00e4daabis\u00f5numid ning on 30% v\u00e4iksem kui tema eelk\u00e4ija EPIRB1. Kombineerides individuaalseid h\u00e4daabik\u00f5nede tegemise tehnoloogiaid, suurenevad kiire p\u00e4\u00e4stmise v\u00f5imalused m\u00e4rkimisv\u00e4\u00e4rselt. Traadita NFC-\u00fchenduse abil saate rakenduse abil juurde p\u00e4\u00e4seda EPIRB3 tegevuste ajaloole ja aku oleku programmeerimisteabele. &#13; &#13; &nbsp; &#13; &#13; RescueME EPIRB3 \u00fchendab&#8230;<\/p>\n","protected":false},"featured_media":55693,"template":"","meta":{"_kad_blocks_custom_css":"","_kad_blocks_head_custom_js":"","_kad_blocks_body_custom_js":"","_kad_blocks_footer_custom_js":"","_kad_post_transparent":"","_kad_post_title":"","_kad_post_layout":"","_kad_post_sidebar_id":"","_kad_post_content_style":"","_kad_post_vertical_padding":"","_kad_post_feature":"","_kad_post_feature_position":"","_kad_post_header":false,"_kad_post_footer":false,"_kad_post_classname":""},"product_brand":[],"product_cat":[352,336,885],"product_tag":[],"class_list":{"0":"post-64689","1":"product","2":"type-product","3":"status-publish","4":"has-post-thumbnail","6":"product_cat-mereelektroonika","7":"product_cat-vhf-raadiosaatjad","8":"product_cat-ru-vhf-handhelds","9":"pa_color-kollane","10":"pa_unit-pcs","11":"tm-no-options","13":"first","14":"onbackorder","15":"taxable","16":"shipping-taxable","17":"purchasable","18":"product-type-simple","19":"entry","20":"content-bg","21":"loop-entry"},"yoast_head":"<!-- This site is optimized with the Yoast SEO plugin v27.3 - https:\/\/yoast.com\/product\/yoast-seo-wordpress\/ -->\n<title>OCEAN SIGNAL EPIRB3, RAADIOMAJAKAS - NORDLINE s\u00f5udepaadid ja mootorpaadid. Klaasfiiber materjalist.<\/title>\n<meta name=\"robots\" content=\"index, follow, max-snippet:-1, max-image-preview:large, max-video-preview:-1\" \/>\n<link rel=\"canonical\" href=\"https:\/\/nordlinepaadid.ee\/et\/pood\/marine-electronics-ru\/ru-vhf-handhelds\/ocean-signal-epirb3-raadiomajakas\/\" \/>\n<meta property=\"og:locale\" content=\"et_EE\" \/>\n<meta property=\"og:type\" content=\"article\" \/>\n<meta property=\"og:title\" content=\"OCEAN SIGNAL EPIRB3, RAADIOMAJAKAS - NORDLINE s\u00f5udepaadid ja mootorpaadid. Klaasfiiber materjalist.\" \/>\n<meta property=\"og:description\" content=\"Ocean Signal EPIRB3 p\u00e4\u00e4ste saatja \u00fchendab endas 406 MHz, 121,5 MHz ja AIS-i h\u00e4daabis\u00f5numid ning on 30% v\u00e4iksem kui tema eelk\u00e4ija EPIRB1. Kombineerides individuaalseid h\u00e4daabik\u00f5nede tegemise tehnoloogiaid, suurenevad kiire p\u00e4\u00e4stmise v\u00f5imalused m\u00e4rkimisv\u00e4\u00e4rselt. Traadita NFC-\u00fchenduse abil saate rakenduse abil juurde p\u00e4\u00e4seda EPIRB3 tegevuste ajaloole ja aku oleku programmeerimisteabele. &#013; &#013; &nbsp; &#013; &#013; RescueME EPIRB3 \u00fchendab...\" \/>\n<meta property=\"og:url\" content=\"https:\/\/nordlinepaadid.ee\/et\/pood\/marine-electronics-ru\/ru-vhf-handhelds\/ocean-signal-epirb3-raadiomajakas\/\" \/>\n<meta property=\"og:site_name\" content=\"NORDLINE s\u00f5udepaadid ja mootorpaadid. Klaasfiiber materjalist.\" \/>\n<meta property=\"article:publisher\" content=\"https:\/\/www.facebook.com\/nordlineboats\" \/>\n<meta property=\"article:modified_time\" content=\"2026-04-17T23:04:05+00:00\" \/>\n<meta property=\"og:image\" content=\"https:\/\/nordlinepaadid.ee\/wp-content\/uploads\/2026\/02\/13104_OCEAN_SIGNAL_EPIRB3_2.png\" \/>\n\t<meta property=\"og:image:width\" content=\"411\" \/>\n\t<meta property=\"og:image:height\" content=\"411\" \/>\n\t<meta property=\"og:image:type\" content=\"image\/png\" \/>\n<meta name=\"twitter:card\" content=\"summary_large_image\" \/>\n<meta name=\"twitter:label1\" content=\"Est. reading time\" \/>\n\t<meta name=\"twitter:data1\" content=\"1 minut\" \/>\n<script type=\"application\/ld+json\" class=\"yoast-schema-graph\">{\"@context\":\"https:\\\/\\\/schema.org\",\"@graph\":[{\"@type\":\"WebPage\",\"@id\":\"https:\\\/\\\/nordlinepaadid.ee\\\/et\\\/pood\\\/marine-electronics-ru\\\/ru-vhf-handhelds\\\/ocean-signal-epirb3-raadiomajakas\\\/\",\"url\":\"https:\\\/\\\/nordlinepaadid.ee\\\/et\\\/pood\\\/marine-electronics-ru\\\/ru-vhf-handhelds\\\/ocean-signal-epirb3-raadiomajakas\\\/\",\"name\":\"OCEAN SIGNAL EPIRB3, RAADIOMAJAKAS - NORDLINE s\u00f5udepaadid ja mootorpaadid. Klaasfiiber materjalist.\",\"isPartOf\":{\"@id\":\"https:\\\/\\\/nordlinepaadid.ee\\\/et\\\/#website\"},\"primaryImageOfPage\":{\"@id\":\"https:\\\/\\\/nordlinepaadid.ee\\\/et\\\/pood\\\/marine-electronics-ru\\\/ru-vhf-handhelds\\\/ocean-signal-epirb3-raadiomajakas\\\/#primaryimage\"},\"image\":{\"@id\":\"https:\\\/\\\/nordlinepaadid.ee\\\/et\\\/pood\\\/marine-electronics-ru\\\/ru-vhf-handhelds\\\/ocean-signal-epirb3-raadiomajakas\\\/#primaryimage\"},\"thumbnailUrl\":\"https:\\\/\\\/nordlinepaadid.ee\\\/wp-content\\\/uploads\\\/2026\\\/02\\\/13104_OCEAN_SIGNAL_EPIRB3_2.png\",\"datePublished\":\"2026-04-17T16:54:58+00:00\",\"dateModified\":\"2026-04-17T23:04:05+00:00\",\"breadcrumb\":{\"@id\":\"https:\\\/\\\/nordlinepaadid.ee\\\/et\\\/pood\\\/marine-electronics-ru\\\/ru-vhf-handhelds\\\/ocean-signal-epirb3-raadiomajakas\\\/#breadcrumb\"},\"inLanguage\":\"et\",\"potentialAction\":[{\"@type\":\"ReadAction\",\"target\":[\"https:\\\/\\\/nordlinepaadid.ee\\\/et\\\/pood\\\/marine-electronics-ru\\\/ru-vhf-handhelds\\\/ocean-signal-epirb3-raadiomajakas\\\/\"]}]},{\"@type\":\"ImageObject\",\"inLanguage\":\"et\",\"@id\":\"https:\\\/\\\/nordlinepaadid.ee\\\/et\\\/pood\\\/marine-electronics-ru\\\/ru-vhf-handhelds\\\/ocean-signal-epirb3-raadiomajakas\\\/#primaryimage\",\"url\":\"https:\\\/\\\/nordlinepaadid.ee\\\/wp-content\\\/uploads\\\/2026\\\/02\\\/13104_OCEAN_SIGNAL_EPIRB3_2.png\",\"contentUrl\":\"https:\\\/\\\/nordlinepaadid.ee\\\/wp-content\\\/uploads\\\/2026\\\/02\\\/13104_OCEAN_SIGNAL_EPIRB3_2.png\",\"width\":411,\"height\":411},{\"@type\":\"BreadcrumbList\",\"@id\":\"https:\\\/\\\/nordlinepaadid.ee\\\/et\\\/pood\\\/marine-electronics-ru\\\/ru-vhf-handhelds\\\/ocean-signal-epirb3-raadiomajakas\\\/#breadcrumb\",\"itemListElement\":[{\"@type\":\"ListItem\",\"position\":1,\"name\":\"Home\",\"item\":\"https:\\\/\\\/nordlinepaadid.ee\\\/et\\\/\"},{\"@type\":\"ListItem\",\"position\":2,\"name\":\"Pood\",\"item\":\"https:\\\/\\\/nordlinepaadid.ee\\\/et\\\/pood\\\/\"},{\"@type\":\"ListItem\",\"position\":3,\"name\":\"OCEAN SIGNAL EPIRB3, RAADIOMAJAKAS\"}]},{\"@type\":\"WebSite\",\"@id\":\"https:\\\/\\\/nordlinepaadid.ee\\\/et\\\/#website\",\"url\":\"https:\\\/\\\/nordlinepaadid.ee\\\/et\\\/\",\"name\":\"NORDLINE s\u00f5udepaadid ja mootorpaadid. Klaasfiiber materjalist.\",\"description\":\"\",\"publisher\":{\"@id\":\"https:\\\/\\\/nordlinepaadid.ee\\\/et\\\/#organization\"},\"potentialAction\":[{\"@type\":\"SearchAction\",\"target\":{\"@type\":\"EntryPoint\",\"urlTemplate\":\"https:\\\/\\\/nordlinepaadid.ee\\\/et\\\/?s={search_term_string}\"},\"query-input\":{\"@type\":\"PropertyValueSpecification\",\"valueRequired\":true,\"valueName\":\"search_term_string\"}}],\"inLanguage\":\"et\"},{\"@type\":\"Organization\",\"@id\":\"https:\\\/\\\/nordlinepaadid.ee\\\/et\\\/#organization\",\"name\":\"Nordlineboats\",\"url\":\"https:\\\/\\\/nordlinepaadid.ee\\\/et\\\/\",\"logo\":{\"@type\":\"ImageObject\",\"inLanguage\":\"et\",\"@id\":\"https:\\\/\\\/nordlinepaadid.ee\\\/et\\\/#\\\/schema\\\/logo\\\/image\\\/\",\"url\":\"https:\\\/\\\/nordlinepaadid.ee\\\/wp-content\\\/uploads\\\/2023\\\/01\\\/fulllogo_transparent_nobuffer-e1672750475494.png\",\"contentUrl\":\"https:\\\/\\\/nordlinepaadid.ee\\\/wp-content\\\/uploads\\\/2023\\\/01\\\/fulllogo_transparent_nobuffer-e1672750475494.png\",\"width\":150,\"height\":119,\"caption\":\"Nordlineboats\"},\"image\":{\"@id\":\"https:\\\/\\\/nordlinepaadid.ee\\\/et\\\/#\\\/schema\\\/logo\\\/image\\\/\"},\"sameAs\":[\"https:\\\/\\\/www.facebook.com\\\/nordlineboats\",\"https:\\\/\\\/www.youtube.com\\\/channel\\\/UCbgF0fy02y3QkFnujaLTaCA\"]}]}<\/script>\n<!-- \/ Yoast SEO plugin. -->","yoast_head_json":{"title":"OCEAN SIGNAL EPIRB3, RAADIOMAJAKAS - NORDLINE s\u00f5udepaadid ja mootorpaadid. Klaasfiiber materjalist.","robots":{"index":"index","follow":"follow","max-snippet":"max-snippet:-1","max-image-preview":"max-image-preview:large","max-video-preview":"max-video-preview:-1"},"canonical":"https:\/\/nordlinepaadid.ee\/et\/pood\/marine-electronics-ru\/ru-vhf-handhelds\/ocean-signal-epirb3-raadiomajakas\/","og_locale":"et_EE","og_type":"article","og_title":"OCEAN SIGNAL EPIRB3, RAADIOMAJAKAS - NORDLINE s\u00f5udepaadid ja mootorpaadid. Klaasfiiber materjalist.","og_description":"Ocean Signal EPIRB3 p\u00e4\u00e4ste saatja \u00fchendab endas 406 MHz, 121,5 MHz ja AIS-i h\u00e4daabis\u00f5numid ning on 30% v\u00e4iksem kui tema eelk\u00e4ija EPIRB1. Kombineerides individuaalseid h\u00e4daabik\u00f5nede tegemise tehnoloogiaid, suurenevad kiire p\u00e4\u00e4stmise v\u00f5imalused m\u00e4rkimisv\u00e4\u00e4rselt. Traadita NFC-\u00fchenduse abil saate rakenduse abil juurde p\u00e4\u00e4seda EPIRB3 tegevuste ajaloole ja aku oleku programmeerimisteabele. &#13; &#13; &nbsp; &#13; &#13; RescueME EPIRB3 \u00fchendab...","og_url":"https:\/\/nordlinepaadid.ee\/et\/pood\/marine-electronics-ru\/ru-vhf-handhelds\/ocean-signal-epirb3-raadiomajakas\/","og_site_name":"NORDLINE s\u00f5udepaadid ja mootorpaadid. Klaasfiiber materjalist.","article_publisher":"https:\/\/www.facebook.com\/nordlineboats","article_modified_time":"2026-04-17T23:04:05+00:00","og_image":[{"width":411,"height":411,"url":"https:\/\/nordlinepaadid.ee\/wp-content\/uploads\/2026\/02\/13104_OCEAN_SIGNAL_EPIRB3_2.png","type":"image\/png"}],"twitter_card":"summary_large_image","twitter_misc":{"Est. reading time":"1 minut"},"schema":{"@context":"https:\/\/schema.org","@graph":[{"@type":"WebPage","@id":"https:\/\/nordlinepaadid.ee\/et\/pood\/marine-electronics-ru\/ru-vhf-handhelds\/ocean-signal-epirb3-raadiomajakas\/","url":"https:\/\/nordlinepaadid.ee\/et\/pood\/marine-electronics-ru\/ru-vhf-handhelds\/ocean-signal-epirb3-raadiomajakas\/","name":"OCEAN SIGNAL EPIRB3, RAADIOMAJAKAS - NORDLINE s\u00f5udepaadid ja mootorpaadid. Klaasfiiber materjalist.","isPartOf":{"@id":"https:\/\/nordlinepaadid.ee\/et\/#website"},"primaryImageOfPage":{"@id":"https:\/\/nordlinepaadid.ee\/et\/pood\/marine-electronics-ru\/ru-vhf-handhelds\/ocean-signal-epirb3-raadiomajakas\/#primaryimage"},"image":{"@id":"https:\/\/nordlinepaadid.ee\/et\/pood\/marine-electronics-ru\/ru-vhf-handhelds\/ocean-signal-epirb3-raadiomajakas\/#primaryimage"},"thumbnailUrl":"https:\/\/nordlinepaadid.ee\/wp-content\/uploads\/2026\/02\/13104_OCEAN_SIGNAL_EPIRB3_2.png","datePublished":"2026-04-17T16:54:58+00:00","dateModified":"2026-04-17T23:04:05+00:00","breadcrumb":{"@id":"https:\/\/nordlinepaadid.ee\/et\/pood\/marine-electronics-ru\/ru-vhf-handhelds\/ocean-signal-epirb3-raadiomajakas\/#breadcrumb"},"inLanguage":"et","potentialAction":[{"@type":"ReadAction","target":["https:\/\/nordlinepaadid.ee\/et\/pood\/marine-electronics-ru\/ru-vhf-handhelds\/ocean-signal-epirb3-raadiomajakas\/"]}]},{"@type":"ImageObject","inLanguage":"et","@id":"https:\/\/nordlinepaadid.ee\/et\/pood\/marine-electronics-ru\/ru-vhf-handhelds\/ocean-signal-epirb3-raadiomajakas\/#primaryimage","url":"https:\/\/nordlinepaadid.ee\/wp-content\/uploads\/2026\/02\/13104_OCEAN_SIGNAL_EPIRB3_2.png","contentUrl":"https:\/\/nordlinepaadid.ee\/wp-content\/uploads\/2026\/02\/13104_OCEAN_SIGNAL_EPIRB3_2.png","width":411,"height":411},{"@type":"BreadcrumbList","@id":"https:\/\/nordlinepaadid.ee\/et\/pood\/marine-electronics-ru\/ru-vhf-handhelds\/ocean-signal-epirb3-raadiomajakas\/#breadcrumb","itemListElement":[{"@type":"ListItem","position":1,"name":"Home","item":"https:\/\/nordlinepaadid.ee\/et\/"},{"@type":"ListItem","position":2,"name":"Pood","item":"https:\/\/nordlinepaadid.ee\/et\/pood\/"},{"@type":"ListItem","position":3,"name":"OCEAN SIGNAL EPIRB3, RAADIOMAJAKAS"}]},{"@type":"WebSite","@id":"https:\/\/nordlinepaadid.ee\/et\/#website","url":"https:\/\/nordlinepaadid.ee\/et\/","name":"NORDLINE s\u00f5udepaadid ja mootorpaadid. Klaasfiiber materjalist.","description":"","publisher":{"@id":"https:\/\/nordlinepaadid.ee\/et\/#organization"},"potentialAction":[{"@type":"SearchAction","target":{"@type":"EntryPoint","urlTemplate":"https:\/\/nordlinepaadid.ee\/et\/?s={search_term_string}"},"query-input":{"@type":"PropertyValueSpecification","valueRequired":true,"valueName":"search_term_string"}}],"inLanguage":"et"},{"@type":"Organization","@id":"https:\/\/nordlinepaadid.ee\/et\/#organization","name":"Nordlineboats","url":"https:\/\/nordlinepaadid.ee\/et\/","logo":{"@type":"ImageObject","inLanguage":"et","@id":"https:\/\/nordlinepaadid.ee\/et\/#\/schema\/logo\/image\/","url":"https:\/\/nordlinepaadid.ee\/wp-content\/uploads\/2023\/01\/fulllogo_transparent_nobuffer-e1672750475494.png","contentUrl":"https:\/\/nordlinepaadid.ee\/wp-content\/uploads\/2023\/01\/fulllogo_transparent_nobuffer-e1672750475494.png","width":150,"height":119,"caption":"Nordlineboats"},"image":{"@id":"https:\/\/nordlinepaadid.ee\/et\/#\/schema\/logo\/image\/"},"sameAs":["https:\/\/www.facebook.com\/nordlineboats","https:\/\/www.youtube.com\/channel\/UCbgF0fy02y3QkFnujaLTaCA"]}]}},"taxonomy_info":{"product_cat":[{"value":352,"label":"MEREELEKTROONIKA"},{"value":336,"label":"VHF Raadiosaatjad, AIS Seadmed"},{"value":885,"label":"\u0420\u0430\u0446\u0438\u0438 \u0438 \u0440\u0430\u0434\u0438\u043e\u0441\u0442\u0430\u043d\u0446\u0438\u0438, AIS \u0421\u0438\u0441\u0442\u0435\u043c\u044b"}],"pa_color":[{"value":680,"label":"Kollane"}],"pa_unit":[{"value":416,"label":"pcs"}]},"featured_image_src_large":["https:\/\/nordlinepaadid.ee\/wp-content\/uploads\/2026\/02\/13104_OCEAN_SIGNAL_EPIRB3_2.png",411,411,false],"author_info":[],"comment_info":"","_links":{"self":[{"href":"https:\/\/nordlinepaadid.ee\/et\/wp-json\/wp\/v2\/product\/64689","targetHints":{"allow":["GET"]}}],"collection":[{"href":"https:\/\/nordlinepaadid.ee\/et\/wp-json\/wp\/v2\/product"}],"about":[{"href":"https:\/\/nordlinepaadid.ee\/et\/wp-json\/wp\/v2\/types\/product"}],"wp:featuredmedia":[{"embeddable":true,"href":"https:\/\/nordlinepaadid.ee\/et\/wp-json\/wp\/v2\/media\/55693"}],"wp:attachment":[{"href":"https:\/\/nordlinepaadid.ee\/et\/wp-json\/wp\/v2\/media?parent=64689"}],"wp:term":[{"taxonomy":"product_brand","embeddable":true,"href":"https:\/\/nordlinepaadid.ee\/et\/wp-json\/wp\/v2\/product_brand?post=64689"},{"taxonomy":"product_cat","embeddable":true,"href":"https:\/\/nordlinepaadid.ee\/et\/wp-json\/wp\/v2\/product_cat?post=64689"},{"taxonomy":"product_tag","embeddable":true,"href":"https:\/\/nordlinepaadid.ee\/et\/wp-json\/wp\/v2\/product_tag?post=64689"}],"curies":[{"name":"wp","href":"https:\/\/api.w.org\/{rel}","templated":true}]}}