{"id":64693,"date":"2026-04-21T03:45:18","date_gmt":"2026-04-21T00:45:18","guid":{"rendered":"https:\/\/nordlinepaadid.ee\/pood\/maaratlemata\/ocean-signal-plb-3-ais-raadiomajakas\/"},"modified":"2026-04-21T03:45:19","modified_gmt":"2026-04-21T00:45:19","slug":"ocean-signal-plb-3-ais-raadiomajakas","status":"publish","type":"product","link":"https:\/\/nordlinepaadid.ee\/et\/pood\/marine-electronics-ru\/ru-vhf-handhelds\/ocean-signal-plb-3-ais-raadiomajakas\/","title":{"rendered":"OCEAN SIGNAL  PLB 3 + AIS , RAADIOMAJAKAS"},"content":{"rendered":"<p>Ocean Signal PLB3 personaalne asukoha m\u00e4\u00e4ramise majakas \u00fchendab endas 406 MHz, 121,5 MHz ja AIS-i h\u00e4daabis\u00f5numid. Kombineerides individuaalseid h\u00e4daabik\u00f5nede tegemise tehnoloogiaid, suurenevad kiire p\u00e4\u00e4stmise v\u00f5imalused m\u00e4rkimisv\u00e4\u00e4rselt. Traadita NFC-\u00fchenduse abil saate rakenduse abil juurde p\u00e4\u00e4seda PLB3 tegevuste ajaloole ja aku oleku programmeerimisteabele.<\/p>\n<p>&#13;<br \/>\n&#13;<\/p>\n<p>&nbsp;<\/p>\n<p>&#13;<br \/>\n&#13;<\/p>\n<p>Kolmekordne h\u00e4ires\u00fcsteem: saadab globaalset 406 MHz h\u00e4dasignaali, AIS-i l\u00e4hedalasuvate aluste jaoks ja 121,5 MHz suunamissignaali \u00fclemaailmsetele p\u00e4\u00e4stemeeskondadele<\/p>\n<p>&#13;<br \/>\n&#13;<\/p>\n<p>&nbsp;<\/p>\n<p>&#13;<br \/>\n&#13;<\/p>\n<p>PFD-valmis disain: sisaldab multifunktsionaalset klambrit ja on loodud sujuvalt integreeruma enamiku t\u00e4ispuhutavate p\u00e4\u00e4stevestidega<\/p>\n<p>&#13;<br \/>\n&#13;<\/p>\n<p>Nutikas ja \u00fchendatud: NFC-toega seadistamiseks ja oleku kontrollimiseks tasuta mobiilirakenduse kaudu (iOS ja Android).<\/p>\n<p>&#13;<\/p>\n<p><iframe loading=\"lazy\" allowfullscreen=\"\" frameborder=\"0\" height=\"360\" src=\"\/\/www.youtube.com\/embed\/RHGFJeWQraE\" width=\"640\"><\/iframe><\/p>\n<p>&#13;<\/p>\n","protected":false},"excerpt":{"rendered":"<p>Ocean Signal PLB3 personaalne asukoha m\u00e4\u00e4ramise majakas \u00fchendab endas 406 MHz, 121,5 MHz ja AIS-i h\u00e4daabis\u00f5numid. Kombineerides individuaalseid h\u00e4daabik\u00f5nede tegemise tehnoloogiaid, suurenevad kiire p\u00e4\u00e4stmise v\u00f5imalused m\u00e4rkimisv\u00e4\u00e4rselt. Traadita NFC-\u00fchenduse abil saate rakenduse abil juurde p\u00e4\u00e4seda PLB3 tegevuste ajaloole ja aku oleku programmeerimisteabele. &#13; &#13; &nbsp; &#13; &#13; Kolmekordne h\u00e4ires\u00fcsteem: saadab globaalset 406 MHz h\u00e4dasignaali, AIS-i l\u00e4hedalasuvate&#8230;<\/p>\n","protected":false},"featured_media":55705,"template":"","meta":{"_kad_blocks_custom_css":"","_kad_blocks_head_custom_js":"","_kad_blocks_body_custom_js":"","_kad_blocks_footer_custom_js":"","_kad_post_transparent":"","_kad_post_title":"","_kad_post_layout":"","_kad_post_sidebar_id":"","_kad_post_content_style":"","_kad_post_vertical_padding":"","_kad_post_feature":"","_kad_post_feature_position":"","_kad_post_header":false,"_kad_post_footer":false,"_kad_post_classname":""},"product_brand":[],"product_cat":[352,336,885],"product_tag":[],"class_list":{"0":"post-64693","1":"product","2":"type-product","3":"status-publish","4":"has-post-thumbnail","6":"product_cat-mereelektroonika","7":"product_cat-vhf-raadiosaatjad","8":"product_cat-ru-vhf-handhelds","9":"pa_color-kollane","10":"pa_unit-pcs","11":"tm-no-options","13":"first","14":"onbackorder","15":"taxable","16":"shipping-taxable","17":"purchasable","18":"product-type-simple","19":"entry","20":"content-bg","21":"loop-entry"},"yoast_head":"<!-- This site is optimized with the Yoast SEO plugin v27.4 - https:\/\/yoast.com\/product\/yoast-seo-wordpress\/ -->\n<title>OCEAN SIGNAL PLB 3 + AIS , RAADIOMAJAKAS - NORDLINE s\u00f5udepaadid ja mootorpaadid. Klaasfiiber materjalist.<\/title>\n<meta name=\"robots\" content=\"index, follow, max-snippet:-1, max-image-preview:large, max-video-preview:-1\" \/>\n<link rel=\"canonical\" href=\"https:\/\/nordlinepaadid.ee\/et\/pood\/marine-electronics-ru\/ru-vhf-handhelds\/ocean-signal-plb-3-ais-raadiomajakas\/\" \/>\n<meta property=\"og:locale\" content=\"et_EE\" \/>\n<meta property=\"og:type\" content=\"article\" \/>\n<meta property=\"og:title\" content=\"OCEAN SIGNAL PLB 3 + AIS , RAADIOMAJAKAS - NORDLINE s\u00f5udepaadid ja mootorpaadid. Klaasfiiber materjalist.\" \/>\n<meta property=\"og:description\" content=\"Ocean Signal PLB3 personaalne asukoha m\u00e4\u00e4ramise majakas \u00fchendab endas 406 MHz, 121,5 MHz ja AIS-i h\u00e4daabis\u00f5numid. Kombineerides individuaalseid h\u00e4daabik\u00f5nede tegemise tehnoloogiaid, suurenevad kiire p\u00e4\u00e4stmise v\u00f5imalused m\u00e4rkimisv\u00e4\u00e4rselt. Traadita NFC-\u00fchenduse abil saate rakenduse abil juurde p\u00e4\u00e4seda PLB3 tegevuste ajaloole ja aku oleku programmeerimisteabele. &#013; &#013; &nbsp; &#013; &#013; Kolmekordne h\u00e4ires\u00fcsteem: saadab globaalset 406 MHz h\u00e4dasignaali, AIS-i l\u00e4hedalasuvate...\" \/>\n<meta property=\"og:url\" content=\"https:\/\/nordlinepaadid.ee\/et\/pood\/marine-electronics-ru\/ru-vhf-handhelds\/ocean-signal-plb-3-ais-raadiomajakas\/\" \/>\n<meta property=\"og:site_name\" content=\"NORDLINE s\u00f5udepaadid ja mootorpaadid. Klaasfiiber materjalist.\" \/>\n<meta property=\"article:publisher\" content=\"https:\/\/www.facebook.com\/nordlineboats\" \/>\n<meta property=\"article:modified_time\" content=\"2026-04-21T00:45:19+00:00\" \/>\n<meta property=\"og:image\" content=\"https:\/\/nordlinepaadid.ee\/wp-content\/uploads\/2026\/02\/13055_plb3-2.webp\" \/>\n\t<meta property=\"og:image:width\" content=\"475\" \/>\n\t<meta property=\"og:image:height\" content=\"697\" \/>\n\t<meta property=\"og:image:type\" content=\"image\/webp\" \/>\n<meta name=\"twitter:card\" content=\"summary_large_image\" \/>\n<meta name=\"twitter:label1\" content=\"Est. reading time\" \/>\n\t<meta name=\"twitter:data1\" content=\"1 minut\" \/>\n<script type=\"application\/ld+json\" class=\"yoast-schema-graph\">{\"@context\":\"https:\\\/\\\/schema.org\",\"@graph\":[{\"@type\":\"WebPage\",\"@id\":\"https:\\\/\\\/nordlinepaadid.ee\\\/et\\\/pood\\\/marine-electronics-ru\\\/ru-vhf-handhelds\\\/ocean-signal-plb-3-ais-raadiomajakas\\\/\",\"url\":\"https:\\\/\\\/nordlinepaadid.ee\\\/et\\\/pood\\\/marine-electronics-ru\\\/ru-vhf-handhelds\\\/ocean-signal-plb-3-ais-raadiomajakas\\\/\",\"name\":\"OCEAN SIGNAL PLB 3 + AIS , RAADIOMAJAKAS - NORDLINE s\u00f5udepaadid ja mootorpaadid. Klaasfiiber materjalist.\",\"isPartOf\":{\"@id\":\"https:\\\/\\\/nordlinepaadid.ee\\\/et\\\/#website\"},\"primaryImageOfPage\":{\"@id\":\"https:\\\/\\\/nordlinepaadid.ee\\\/et\\\/pood\\\/marine-electronics-ru\\\/ru-vhf-handhelds\\\/ocean-signal-plb-3-ais-raadiomajakas\\\/#primaryimage\"},\"image\":{\"@id\":\"https:\\\/\\\/nordlinepaadid.ee\\\/et\\\/pood\\\/marine-electronics-ru\\\/ru-vhf-handhelds\\\/ocean-signal-plb-3-ais-raadiomajakas\\\/#primaryimage\"},\"thumbnailUrl\":\"https:\\\/\\\/nordlinepaadid.ee\\\/wp-content\\\/uploads\\\/2026\\\/02\\\/13055_plb3-2.webp\",\"datePublished\":\"2026-04-21T00:45:18+00:00\",\"dateModified\":\"2026-04-21T00:45:19+00:00\",\"breadcrumb\":{\"@id\":\"https:\\\/\\\/nordlinepaadid.ee\\\/et\\\/pood\\\/marine-electronics-ru\\\/ru-vhf-handhelds\\\/ocean-signal-plb-3-ais-raadiomajakas\\\/#breadcrumb\"},\"inLanguage\":\"et\",\"potentialAction\":[{\"@type\":\"ReadAction\",\"target\":[\"https:\\\/\\\/nordlinepaadid.ee\\\/et\\\/pood\\\/marine-electronics-ru\\\/ru-vhf-handhelds\\\/ocean-signal-plb-3-ais-raadiomajakas\\\/\"]}]},{\"@type\":\"ImageObject\",\"inLanguage\":\"et\",\"@id\":\"https:\\\/\\\/nordlinepaadid.ee\\\/et\\\/pood\\\/marine-electronics-ru\\\/ru-vhf-handhelds\\\/ocean-signal-plb-3-ais-raadiomajakas\\\/#primaryimage\",\"url\":\"https:\\\/\\\/nordlinepaadid.ee\\\/wp-content\\\/uploads\\\/2026\\\/02\\\/13055_plb3-2.webp\",\"contentUrl\":\"https:\\\/\\\/nordlinepaadid.ee\\\/wp-content\\\/uploads\\\/2026\\\/02\\\/13055_plb3-2.webp\",\"width\":475,\"height\":697},{\"@type\":\"BreadcrumbList\",\"@id\":\"https:\\\/\\\/nordlinepaadid.ee\\\/et\\\/pood\\\/marine-electronics-ru\\\/ru-vhf-handhelds\\\/ocean-signal-plb-3-ais-raadiomajakas\\\/#breadcrumb\",\"itemListElement\":[{\"@type\":\"ListItem\",\"position\":1,\"name\":\"Home\",\"item\":\"https:\\\/\\\/nordlinepaadid.ee\\\/et\\\/\"},{\"@type\":\"ListItem\",\"position\":2,\"name\":\"Pood\",\"item\":\"https:\\\/\\\/nordlinepaadid.ee\\\/et\\\/pood\\\/\"},{\"@type\":\"ListItem\",\"position\":3,\"name\":\"OCEAN SIGNAL PLB 3 + AIS , RAADIOMAJAKAS\"}]},{\"@type\":\"WebSite\",\"@id\":\"https:\\\/\\\/nordlinepaadid.ee\\\/et\\\/#website\",\"url\":\"https:\\\/\\\/nordlinepaadid.ee\\\/et\\\/\",\"name\":\"NORDLINE s\u00f5udepaadid ja mootorpaadid. Klaasfiiber materjalist.\",\"description\":\"\",\"publisher\":{\"@id\":\"https:\\\/\\\/nordlinepaadid.ee\\\/et\\\/#organization\"},\"potentialAction\":[{\"@type\":\"SearchAction\",\"target\":{\"@type\":\"EntryPoint\",\"urlTemplate\":\"https:\\\/\\\/nordlinepaadid.ee\\\/et\\\/?s={search_term_string}\"},\"query-input\":{\"@type\":\"PropertyValueSpecification\",\"valueRequired\":true,\"valueName\":\"search_term_string\"}}],\"inLanguage\":\"et\"},{\"@type\":\"Organization\",\"@id\":\"https:\\\/\\\/nordlinepaadid.ee\\\/et\\\/#organization\",\"name\":\"Nordlineboats\",\"url\":\"https:\\\/\\\/nordlinepaadid.ee\\\/et\\\/\",\"logo\":{\"@type\":\"ImageObject\",\"inLanguage\":\"et\",\"@id\":\"https:\\\/\\\/nordlinepaadid.ee\\\/et\\\/#\\\/schema\\\/logo\\\/image\\\/\",\"url\":\"https:\\\/\\\/nordlinepaadid.ee\\\/wp-content\\\/uploads\\\/2023\\\/01\\\/fulllogo_transparent_nobuffer-e1672750475494.png\",\"contentUrl\":\"https:\\\/\\\/nordlinepaadid.ee\\\/wp-content\\\/uploads\\\/2023\\\/01\\\/fulllogo_transparent_nobuffer-e1672750475494.png\",\"width\":150,\"height\":119,\"caption\":\"Nordlineboats\"},\"image\":{\"@id\":\"https:\\\/\\\/nordlinepaadid.ee\\\/et\\\/#\\\/schema\\\/logo\\\/image\\\/\"},\"sameAs\":[\"https:\\\/\\\/www.facebook.com\\\/nordlineboats\",\"https:\\\/\\\/www.youtube.com\\\/channel\\\/UCbgF0fy02y3QkFnujaLTaCA\"]}]}<\/script>\n<!-- \/ Yoast SEO plugin. -->","yoast_head_json":{"title":"OCEAN SIGNAL PLB 3 + AIS , RAADIOMAJAKAS - NORDLINE s\u00f5udepaadid ja mootorpaadid. Klaasfiiber materjalist.","robots":{"index":"index","follow":"follow","max-snippet":"max-snippet:-1","max-image-preview":"max-image-preview:large","max-video-preview":"max-video-preview:-1"},"canonical":"https:\/\/nordlinepaadid.ee\/et\/pood\/marine-electronics-ru\/ru-vhf-handhelds\/ocean-signal-plb-3-ais-raadiomajakas\/","og_locale":"et_EE","og_type":"article","og_title":"OCEAN SIGNAL PLB 3 + AIS , RAADIOMAJAKAS - NORDLINE s\u00f5udepaadid ja mootorpaadid. Klaasfiiber materjalist.","og_description":"Ocean Signal PLB3 personaalne asukoha m\u00e4\u00e4ramise majakas \u00fchendab endas 406 MHz, 121,5 MHz ja AIS-i h\u00e4daabis\u00f5numid. Kombineerides individuaalseid h\u00e4daabik\u00f5nede tegemise tehnoloogiaid, suurenevad kiire p\u00e4\u00e4stmise v\u00f5imalused m\u00e4rkimisv\u00e4\u00e4rselt. Traadita NFC-\u00fchenduse abil saate rakenduse abil juurde p\u00e4\u00e4seda PLB3 tegevuste ajaloole ja aku oleku programmeerimisteabele. &#13; &#13; &nbsp; &#13; &#13; Kolmekordne h\u00e4ires\u00fcsteem: saadab globaalset 406 MHz h\u00e4dasignaali, AIS-i l\u00e4hedalasuvate...","og_url":"https:\/\/nordlinepaadid.ee\/et\/pood\/marine-electronics-ru\/ru-vhf-handhelds\/ocean-signal-plb-3-ais-raadiomajakas\/","og_site_name":"NORDLINE s\u00f5udepaadid ja mootorpaadid. Klaasfiiber materjalist.","article_publisher":"https:\/\/www.facebook.com\/nordlineboats","article_modified_time":"2026-04-21T00:45:19+00:00","og_image":[{"width":475,"height":697,"url":"https:\/\/nordlinepaadid.ee\/wp-content\/uploads\/2026\/02\/13055_plb3-2.webp","type":"image\/webp"}],"twitter_card":"summary_large_image","twitter_misc":{"Est. reading time":"1 minut"},"schema":{"@context":"https:\/\/schema.org","@graph":[{"@type":"WebPage","@id":"https:\/\/nordlinepaadid.ee\/et\/pood\/marine-electronics-ru\/ru-vhf-handhelds\/ocean-signal-plb-3-ais-raadiomajakas\/","url":"https:\/\/nordlinepaadid.ee\/et\/pood\/marine-electronics-ru\/ru-vhf-handhelds\/ocean-signal-plb-3-ais-raadiomajakas\/","name":"OCEAN SIGNAL PLB 3 + AIS , RAADIOMAJAKAS - NORDLINE s\u00f5udepaadid ja mootorpaadid. Klaasfiiber materjalist.","isPartOf":{"@id":"https:\/\/nordlinepaadid.ee\/et\/#website"},"primaryImageOfPage":{"@id":"https:\/\/nordlinepaadid.ee\/et\/pood\/marine-electronics-ru\/ru-vhf-handhelds\/ocean-signal-plb-3-ais-raadiomajakas\/#primaryimage"},"image":{"@id":"https:\/\/nordlinepaadid.ee\/et\/pood\/marine-electronics-ru\/ru-vhf-handhelds\/ocean-signal-plb-3-ais-raadiomajakas\/#primaryimage"},"thumbnailUrl":"https:\/\/nordlinepaadid.ee\/wp-content\/uploads\/2026\/02\/13055_plb3-2.webp","datePublished":"2026-04-21T00:45:18+00:00","dateModified":"2026-04-21T00:45:19+00:00","breadcrumb":{"@id":"https:\/\/nordlinepaadid.ee\/et\/pood\/marine-electronics-ru\/ru-vhf-handhelds\/ocean-signal-plb-3-ais-raadiomajakas\/#breadcrumb"},"inLanguage":"et","potentialAction":[{"@type":"ReadAction","target":["https:\/\/nordlinepaadid.ee\/et\/pood\/marine-electronics-ru\/ru-vhf-handhelds\/ocean-signal-plb-3-ais-raadiomajakas\/"]}]},{"@type":"ImageObject","inLanguage":"et","@id":"https:\/\/nordlinepaadid.ee\/et\/pood\/marine-electronics-ru\/ru-vhf-handhelds\/ocean-signal-plb-3-ais-raadiomajakas\/#primaryimage","url":"https:\/\/nordlinepaadid.ee\/wp-content\/uploads\/2026\/02\/13055_plb3-2.webp","contentUrl":"https:\/\/nordlinepaadid.ee\/wp-content\/uploads\/2026\/02\/13055_plb3-2.webp","width":475,"height":697},{"@type":"BreadcrumbList","@id":"https:\/\/nordlinepaadid.ee\/et\/pood\/marine-electronics-ru\/ru-vhf-handhelds\/ocean-signal-plb-3-ais-raadiomajakas\/#breadcrumb","itemListElement":[{"@type":"ListItem","position":1,"name":"Home","item":"https:\/\/nordlinepaadid.ee\/et\/"},{"@type":"ListItem","position":2,"name":"Pood","item":"https:\/\/nordlinepaadid.ee\/et\/pood\/"},{"@type":"ListItem","position":3,"name":"OCEAN SIGNAL PLB 3 + AIS , RAADIOMAJAKAS"}]},{"@type":"WebSite","@id":"https:\/\/nordlinepaadid.ee\/et\/#website","url":"https:\/\/nordlinepaadid.ee\/et\/","name":"NORDLINE s\u00f5udepaadid ja mootorpaadid. Klaasfiiber materjalist.","description":"","publisher":{"@id":"https:\/\/nordlinepaadid.ee\/et\/#organization"},"potentialAction":[{"@type":"SearchAction","target":{"@type":"EntryPoint","urlTemplate":"https:\/\/nordlinepaadid.ee\/et\/?s={search_term_string}"},"query-input":{"@type":"PropertyValueSpecification","valueRequired":true,"valueName":"search_term_string"}}],"inLanguage":"et"},{"@type":"Organization","@id":"https:\/\/nordlinepaadid.ee\/et\/#organization","name":"Nordlineboats","url":"https:\/\/nordlinepaadid.ee\/et\/","logo":{"@type":"ImageObject","inLanguage":"et","@id":"https:\/\/nordlinepaadid.ee\/et\/#\/schema\/logo\/image\/","url":"https:\/\/nordlinepaadid.ee\/wp-content\/uploads\/2023\/01\/fulllogo_transparent_nobuffer-e1672750475494.png","contentUrl":"https:\/\/nordlinepaadid.ee\/wp-content\/uploads\/2023\/01\/fulllogo_transparent_nobuffer-e1672750475494.png","width":150,"height":119,"caption":"Nordlineboats"},"image":{"@id":"https:\/\/nordlinepaadid.ee\/et\/#\/schema\/logo\/image\/"},"sameAs":["https:\/\/www.facebook.com\/nordlineboats","https:\/\/www.youtube.com\/channel\/UCbgF0fy02y3QkFnujaLTaCA"]}]}},"taxonomy_info":{"product_cat":[{"value":352,"label":"MEREELEKTROONIKA"},{"value":336,"label":"VHF Raadiosaatjad, AIS Seadmed"},{"value":885,"label":"\u0420\u0430\u0446\u0438\u0438 \u0438 \u0440\u0430\u0434\u0438\u043e\u0441\u0442\u0430\u043d\u0446\u0438\u0438, AIS \u0421\u0438\u0441\u0442\u0435\u043c\u044b"}],"pa_color":[{"value":680,"label":"Kollane"}],"pa_unit":[{"value":416,"label":"pcs"}]},"featured_image_src_large":["https:\/\/nordlinepaadid.ee\/wp-content\/uploads\/2026\/02\/13055_plb3-2.webp",475,697,false],"author_info":[],"comment_info":"","_links":{"self":[{"href":"https:\/\/nordlinepaadid.ee\/et\/wp-json\/wp\/v2\/product\/64693","targetHints":{"allow":["GET"]}}],"collection":[{"href":"https:\/\/nordlinepaadid.ee\/et\/wp-json\/wp\/v2\/product"}],"about":[{"href":"https:\/\/nordlinepaadid.ee\/et\/wp-json\/wp\/v2\/types\/product"}],"wp:featuredmedia":[{"embeddable":true,"href":"https:\/\/nordlinepaadid.ee\/et\/wp-json\/wp\/v2\/media\/55705"}],"wp:attachment":[{"href":"https:\/\/nordlinepaadid.ee\/et\/wp-json\/wp\/v2\/media?parent=64693"}],"wp:term":[{"taxonomy":"product_brand","embeddable":true,"href":"https:\/\/nordlinepaadid.ee\/et\/wp-json\/wp\/v2\/product_brand?post=64693"},{"taxonomy":"product_cat","embeddable":true,"href":"https:\/\/nordlinepaadid.ee\/et\/wp-json\/wp\/v2\/product_cat?post=64693"},{"taxonomy":"product_tag","embeddable":true,"href":"https:\/\/nordlinepaadid.ee\/et\/wp-json\/wp\/v2\/product_tag?post=64693"}],"curies":[{"name":"wp","href":"https:\/\/api.w.org\/{rel}","templated":true}]}}