{"id":64764,"date":"2026-04-21T03:45:41","date_gmt":"2026-04-21T00:45:41","guid":{"rendered":"https:\/\/nordlinepaadid.ee\/pood\/maaratlemata\/merebinokkel-topomarine-pocket-7-x-18-veekindel\/"},"modified":"2026-04-21T03:45:41","modified_gmt":"2026-04-21T00:45:41","slug":"merebinokkel-topomarine-pocket-7-x-18-veekindel","status":"publish","type":"product","link":"https:\/\/nordlinepaadid.ee\/et\/pood\/navigation-ru\/binoculars-ru\/merebinokkel-topomarine-pocket-7-x-18-veekindel\/","title":{"rendered":"MEREBINOKKEL- TOPOMARINE POCKET  7 x 18, VEEKINDEL"},"content":{"rendered":"<p style=\"text-align:justify\">Prantsuse merebinoklite turu liider Plastimo pakub t\u00e4ielikku valikut, mis vastab k\u00f5ikidele paadiomanike vajadustele. Plastimo on juba \u00fcle 40 aasta valinud \u00fclihea optilise kvaliteediga binokleid, mis on optimeeritud kasutamiseks merekeskkonnas. Ergonoomilised binoklid kummist tekstuuriga kindla haarde tagamiseks. L\u00f6\u00f6gikindlad ja v\u00e4ga usaldusv\u00e4\u00e4rsed igasugustes ilmastikutingimustes. Kerged ja kompaktsed veekindlad binoklid.<\/p>\n<p>&#13;<br \/>\n&#13;<\/p>\n<p>&nbsp;<\/p>\n<p>&#13;<br \/>\n&#13;<\/p>\n<p><strong>Omadused:<\/strong><\/p>\n<p>&#13;<br \/>\n&#13;<\/p>\n<p>Silma teravustamine<\/p>\n<p>&#13;<br \/>\n&#13;<\/p>\n<p>Kokkupandav<\/p>\n<p>&#13;<br \/>\n&#13;<\/p>\n<p>Kummist kate<\/p>\n<p>&#13;<br \/>\n&#13;<\/p>\n<p>Objektiivi \u00d8: 18<\/p>\n<p>&#13;<br \/>\n&#13;<\/p>\n<p>Prisma: BAK-7<\/p>\n<p>&#13;<br \/>\n&#13;<\/p>\n<p>Kate: T\u00e4ielikult<\/p>\n<p>&#13;<br \/>\n&#13;<\/p>\n<p>V\u00e4rv: Kollane<\/p>\n<p>&#13;<br \/>\n&#13;<\/p>\n<p>Kokkupandavad silmapadjad: jah<\/p>\n<p>&#13;<\/p>\n","protected":false},"excerpt":{"rendered":"<p>Prantsuse merebinoklite turu liider Plastimo pakub t\u00e4ielikku valikut, mis vastab k\u00f5ikidele paadiomanike vajadustele. Plastimo on juba \u00fcle 40 aasta valinud \u00fclihea optilise kvaliteediga binokleid, mis on optimeeritud kasutamiseks merekeskkonnas. Ergonoomilised binoklid kummist tekstuuriga kindla haarde tagamiseks. L\u00f6\u00f6gikindlad ja v\u00e4ga usaldusv\u00e4\u00e4rsed igasugustes ilmastikutingimustes. Kerged ja kompaktsed veekindlad binoklid. &#13; &#13; &nbsp; &#13; &#13; Omadused: &#13; &#13;&#8230;<\/p>\n","protected":false},"featured_media":55889,"template":"","meta":{"_kad_blocks_custom_css":"","_kad_blocks_head_custom_js":"","_kad_blocks_body_custom_js":"","_kad_blocks_footer_custom_js":"","_kad_post_transparent":"","_kad_post_title":"","_kad_post_layout":"","_kad_post_sidebar_id":"","_kad_post_content_style":"","_kad_post_vertical_padding":"","_kad_post_feature":"","_kad_post_feature_position":"","_kad_post_header":false,"_kad_post_footer":false,"_kad_post_classname":""},"product_brand":[],"product_cat":[271,247,820],"product_tag":[],"class_list":{"0":"post-64764","1":"product","2":"type-product","3":"status-publish","4":"has-post-thumbnail","6":"product_cat-binoklid","7":"product_cat-navigatsiooni-vahendid","8":"product_cat-binoculars-ru","9":"pa_color-kollane","10":"pa_producer-plastimo","11":"pa_unit-pcs","12":"tm-no-options","14":"first","15":"instock","16":"taxable","17":"shipping-taxable","18":"purchasable","19":"product-type-simple","20":"entry","21":"content-bg","22":"loop-entry"},"yoast_head":"<!-- This site is optimized with the Yoast SEO plugin v27.4 - https:\/\/yoast.com\/product\/yoast-seo-wordpress\/ -->\n<title>MEREBINOKKEL- TOPOMARINE POCKET 7 x 18, VEEKINDEL - NORDLINE s\u00f5udepaadid ja mootorpaadid. Klaasfiiber materjalist.<\/title>\n<meta name=\"robots\" content=\"index, follow, max-snippet:-1, max-image-preview:large, max-video-preview:-1\" \/>\n<link rel=\"canonical\" href=\"https:\/\/nordlinepaadid.ee\/et\/pood\/navigation-ru\/binoculars-ru\/merebinokkel-topomarine-pocket-7-x-18-veekindel\/\" \/>\n<meta property=\"og:locale\" content=\"et_EE\" \/>\n<meta property=\"og:type\" content=\"article\" \/>\n<meta property=\"og:title\" content=\"MEREBINOKKEL- TOPOMARINE POCKET 7 x 18, VEEKINDEL - NORDLINE s\u00f5udepaadid ja mootorpaadid. Klaasfiiber materjalist.\" \/>\n<meta property=\"og:description\" content=\"Prantsuse merebinoklite turu liider Plastimo pakub t\u00e4ielikku valikut, mis vastab k\u00f5ikidele paadiomanike vajadustele. Plastimo on juba \u00fcle 40 aasta valinud \u00fclihea optilise kvaliteediga binokleid, mis on optimeeritud kasutamiseks merekeskkonnas. Ergonoomilised binoklid kummist tekstuuriga kindla haarde tagamiseks. L\u00f6\u00f6gikindlad ja v\u00e4ga usaldusv\u00e4\u00e4rsed igasugustes ilmastikutingimustes. Kerged ja kompaktsed veekindlad binoklid. &#013; &#013; &nbsp; &#013; &#013; Omadused: &#013; &#013;...\" \/>\n<meta property=\"og:url\" content=\"https:\/\/nordlinepaadid.ee\/et\/pood\/navigation-ru\/binoculars-ru\/merebinokkel-topomarine-pocket-7-x-18-veekindel\/\" \/>\n<meta property=\"og:site_name\" content=\"NORDLINE s\u00f5udepaadid ja mootorpaadid. Klaasfiiber materjalist.\" \/>\n<meta property=\"article:publisher\" content=\"https:\/\/www.facebook.com\/nordlineboats\" \/>\n<meta property=\"og:image\" content=\"https:\/\/nordlinepaadid.ee\/wp-content\/uploads\/2026\/02\/13172_P1045061-1.jpg\" \/>\n\t<meta property=\"og:image:width\" content=\"1728\" \/>\n\t<meta property=\"og:image:height\" content=\"1352\" \/>\n\t<meta property=\"og:image:type\" content=\"image\/jpeg\" \/>\n<meta name=\"twitter:card\" content=\"summary_large_image\" \/>\n<script type=\"application\/ld+json\" class=\"yoast-schema-graph\">{\"@context\":\"https:\\\/\\\/schema.org\",\"@graph\":[{\"@type\":\"WebPage\",\"@id\":\"https:\\\/\\\/nordlinepaadid.ee\\\/et\\\/pood\\\/navigation-ru\\\/binoculars-ru\\\/merebinokkel-topomarine-pocket-7-x-18-veekindel\\\/\",\"url\":\"https:\\\/\\\/nordlinepaadid.ee\\\/et\\\/pood\\\/navigation-ru\\\/binoculars-ru\\\/merebinokkel-topomarine-pocket-7-x-18-veekindel\\\/\",\"name\":\"MEREBINOKKEL- TOPOMARINE POCKET 7 x 18, VEEKINDEL - NORDLINE s\u00f5udepaadid ja mootorpaadid. Klaasfiiber materjalist.\",\"isPartOf\":{\"@id\":\"https:\\\/\\\/nordlinepaadid.ee\\\/et\\\/#website\"},\"primaryImageOfPage\":{\"@id\":\"https:\\\/\\\/nordlinepaadid.ee\\\/et\\\/pood\\\/navigation-ru\\\/binoculars-ru\\\/merebinokkel-topomarine-pocket-7-x-18-veekindel\\\/#primaryimage\"},\"image\":{\"@id\":\"https:\\\/\\\/nordlinepaadid.ee\\\/et\\\/pood\\\/navigation-ru\\\/binoculars-ru\\\/merebinokkel-topomarine-pocket-7-x-18-veekindel\\\/#primaryimage\"},\"thumbnailUrl\":\"https:\\\/\\\/nordlinepaadid.ee\\\/wp-content\\\/uploads\\\/2026\\\/02\\\/13172_P1045061-1.jpg\",\"datePublished\":\"2026-04-21T00:45:41+00:00\",\"breadcrumb\":{\"@id\":\"https:\\\/\\\/nordlinepaadid.ee\\\/et\\\/pood\\\/navigation-ru\\\/binoculars-ru\\\/merebinokkel-topomarine-pocket-7-x-18-veekindel\\\/#breadcrumb\"},\"inLanguage\":\"et\",\"potentialAction\":[{\"@type\":\"ReadAction\",\"target\":[\"https:\\\/\\\/nordlinepaadid.ee\\\/et\\\/pood\\\/navigation-ru\\\/binoculars-ru\\\/merebinokkel-topomarine-pocket-7-x-18-veekindel\\\/\"]}]},{\"@type\":\"ImageObject\",\"inLanguage\":\"et\",\"@id\":\"https:\\\/\\\/nordlinepaadid.ee\\\/et\\\/pood\\\/navigation-ru\\\/binoculars-ru\\\/merebinokkel-topomarine-pocket-7-x-18-veekindel\\\/#primaryimage\",\"url\":\"https:\\\/\\\/nordlinepaadid.ee\\\/wp-content\\\/uploads\\\/2026\\\/02\\\/13172_P1045061-1.jpg\",\"contentUrl\":\"https:\\\/\\\/nordlinepaadid.ee\\\/wp-content\\\/uploads\\\/2026\\\/02\\\/13172_P1045061-1.jpg\",\"width\":1728,\"height\":1352},{\"@type\":\"BreadcrumbList\",\"@id\":\"https:\\\/\\\/nordlinepaadid.ee\\\/et\\\/pood\\\/navigation-ru\\\/binoculars-ru\\\/merebinokkel-topomarine-pocket-7-x-18-veekindel\\\/#breadcrumb\",\"itemListElement\":[{\"@type\":\"ListItem\",\"position\":1,\"name\":\"Home\",\"item\":\"https:\\\/\\\/nordlinepaadid.ee\\\/et\\\/\"},{\"@type\":\"ListItem\",\"position\":2,\"name\":\"Pood\",\"item\":\"https:\\\/\\\/nordlinepaadid.ee\\\/et\\\/pood\\\/\"},{\"@type\":\"ListItem\",\"position\":3,\"name\":\"MEREBINOKKEL- TOPOMARINE POCKET 7 x 18, VEEKINDEL\"}]},{\"@type\":\"WebSite\",\"@id\":\"https:\\\/\\\/nordlinepaadid.ee\\\/et\\\/#website\",\"url\":\"https:\\\/\\\/nordlinepaadid.ee\\\/et\\\/\",\"name\":\"NORDLINE s\u00f5udepaadid ja mootorpaadid. Klaasfiiber materjalist.\",\"description\":\"\",\"publisher\":{\"@id\":\"https:\\\/\\\/nordlinepaadid.ee\\\/et\\\/#organization\"},\"potentialAction\":[{\"@type\":\"SearchAction\",\"target\":{\"@type\":\"EntryPoint\",\"urlTemplate\":\"https:\\\/\\\/nordlinepaadid.ee\\\/et\\\/?s={search_term_string}\"},\"query-input\":{\"@type\":\"PropertyValueSpecification\",\"valueRequired\":true,\"valueName\":\"search_term_string\"}}],\"inLanguage\":\"et\"},{\"@type\":\"Organization\",\"@id\":\"https:\\\/\\\/nordlinepaadid.ee\\\/et\\\/#organization\",\"name\":\"Nordlineboats\",\"url\":\"https:\\\/\\\/nordlinepaadid.ee\\\/et\\\/\",\"logo\":{\"@type\":\"ImageObject\",\"inLanguage\":\"et\",\"@id\":\"https:\\\/\\\/nordlinepaadid.ee\\\/et\\\/#\\\/schema\\\/logo\\\/image\\\/\",\"url\":\"https:\\\/\\\/nordlinepaadid.ee\\\/wp-content\\\/uploads\\\/2023\\\/01\\\/fulllogo_transparent_nobuffer-e1672750475494.png\",\"contentUrl\":\"https:\\\/\\\/nordlinepaadid.ee\\\/wp-content\\\/uploads\\\/2023\\\/01\\\/fulllogo_transparent_nobuffer-e1672750475494.png\",\"width\":150,\"height\":119,\"caption\":\"Nordlineboats\"},\"image\":{\"@id\":\"https:\\\/\\\/nordlinepaadid.ee\\\/et\\\/#\\\/schema\\\/logo\\\/image\\\/\"},\"sameAs\":[\"https:\\\/\\\/www.facebook.com\\\/nordlineboats\",\"https:\\\/\\\/www.youtube.com\\\/channel\\\/UCbgF0fy02y3QkFnujaLTaCA\"]}]}<\/script>\n<!-- \/ Yoast SEO plugin. -->","yoast_head_json":{"title":"MEREBINOKKEL- TOPOMARINE POCKET 7 x 18, VEEKINDEL - NORDLINE s\u00f5udepaadid ja mootorpaadid. Klaasfiiber materjalist.","robots":{"index":"index","follow":"follow","max-snippet":"max-snippet:-1","max-image-preview":"max-image-preview:large","max-video-preview":"max-video-preview:-1"},"canonical":"https:\/\/nordlinepaadid.ee\/et\/pood\/navigation-ru\/binoculars-ru\/merebinokkel-topomarine-pocket-7-x-18-veekindel\/","og_locale":"et_EE","og_type":"article","og_title":"MEREBINOKKEL- TOPOMARINE POCKET 7 x 18, VEEKINDEL - NORDLINE s\u00f5udepaadid ja mootorpaadid. Klaasfiiber materjalist.","og_description":"Prantsuse merebinoklite turu liider Plastimo pakub t\u00e4ielikku valikut, mis vastab k\u00f5ikidele paadiomanike vajadustele. Plastimo on juba \u00fcle 40 aasta valinud \u00fclihea optilise kvaliteediga binokleid, mis on optimeeritud kasutamiseks merekeskkonnas. Ergonoomilised binoklid kummist tekstuuriga kindla haarde tagamiseks. L\u00f6\u00f6gikindlad ja v\u00e4ga usaldusv\u00e4\u00e4rsed igasugustes ilmastikutingimustes. Kerged ja kompaktsed veekindlad binoklid. &#13; &#13; &nbsp; &#13; &#13; Omadused: &#13; &#13;...","og_url":"https:\/\/nordlinepaadid.ee\/et\/pood\/navigation-ru\/binoculars-ru\/merebinokkel-topomarine-pocket-7-x-18-veekindel\/","og_site_name":"NORDLINE s\u00f5udepaadid ja mootorpaadid. Klaasfiiber materjalist.","article_publisher":"https:\/\/www.facebook.com\/nordlineboats","og_image":[{"width":1728,"height":1352,"url":"https:\/\/nordlinepaadid.ee\/wp-content\/uploads\/2026\/02\/13172_P1045061-1.jpg","type":"image\/jpeg"}],"twitter_card":"summary_large_image","schema":{"@context":"https:\/\/schema.org","@graph":[{"@type":"WebPage","@id":"https:\/\/nordlinepaadid.ee\/et\/pood\/navigation-ru\/binoculars-ru\/merebinokkel-topomarine-pocket-7-x-18-veekindel\/","url":"https:\/\/nordlinepaadid.ee\/et\/pood\/navigation-ru\/binoculars-ru\/merebinokkel-topomarine-pocket-7-x-18-veekindel\/","name":"MEREBINOKKEL- TOPOMARINE POCKET 7 x 18, VEEKINDEL - NORDLINE s\u00f5udepaadid ja mootorpaadid. Klaasfiiber materjalist.","isPartOf":{"@id":"https:\/\/nordlinepaadid.ee\/et\/#website"},"primaryImageOfPage":{"@id":"https:\/\/nordlinepaadid.ee\/et\/pood\/navigation-ru\/binoculars-ru\/merebinokkel-topomarine-pocket-7-x-18-veekindel\/#primaryimage"},"image":{"@id":"https:\/\/nordlinepaadid.ee\/et\/pood\/navigation-ru\/binoculars-ru\/merebinokkel-topomarine-pocket-7-x-18-veekindel\/#primaryimage"},"thumbnailUrl":"https:\/\/nordlinepaadid.ee\/wp-content\/uploads\/2026\/02\/13172_P1045061-1.jpg","datePublished":"2026-04-21T00:45:41+00:00","breadcrumb":{"@id":"https:\/\/nordlinepaadid.ee\/et\/pood\/navigation-ru\/binoculars-ru\/merebinokkel-topomarine-pocket-7-x-18-veekindel\/#breadcrumb"},"inLanguage":"et","potentialAction":[{"@type":"ReadAction","target":["https:\/\/nordlinepaadid.ee\/et\/pood\/navigation-ru\/binoculars-ru\/merebinokkel-topomarine-pocket-7-x-18-veekindel\/"]}]},{"@type":"ImageObject","inLanguage":"et","@id":"https:\/\/nordlinepaadid.ee\/et\/pood\/navigation-ru\/binoculars-ru\/merebinokkel-topomarine-pocket-7-x-18-veekindel\/#primaryimage","url":"https:\/\/nordlinepaadid.ee\/wp-content\/uploads\/2026\/02\/13172_P1045061-1.jpg","contentUrl":"https:\/\/nordlinepaadid.ee\/wp-content\/uploads\/2026\/02\/13172_P1045061-1.jpg","width":1728,"height":1352},{"@type":"BreadcrumbList","@id":"https:\/\/nordlinepaadid.ee\/et\/pood\/navigation-ru\/binoculars-ru\/merebinokkel-topomarine-pocket-7-x-18-veekindel\/#breadcrumb","itemListElement":[{"@type":"ListItem","position":1,"name":"Home","item":"https:\/\/nordlinepaadid.ee\/et\/"},{"@type":"ListItem","position":2,"name":"Pood","item":"https:\/\/nordlinepaadid.ee\/et\/pood\/"},{"@type":"ListItem","position":3,"name":"MEREBINOKKEL- TOPOMARINE POCKET 7 x 18, VEEKINDEL"}]},{"@type":"WebSite","@id":"https:\/\/nordlinepaadid.ee\/et\/#website","url":"https:\/\/nordlinepaadid.ee\/et\/","name":"NORDLINE s\u00f5udepaadid ja mootorpaadid. Klaasfiiber materjalist.","description":"","publisher":{"@id":"https:\/\/nordlinepaadid.ee\/et\/#organization"},"potentialAction":[{"@type":"SearchAction","target":{"@type":"EntryPoint","urlTemplate":"https:\/\/nordlinepaadid.ee\/et\/?s={search_term_string}"},"query-input":{"@type":"PropertyValueSpecification","valueRequired":true,"valueName":"search_term_string"}}],"inLanguage":"et"},{"@type":"Organization","@id":"https:\/\/nordlinepaadid.ee\/et\/#organization","name":"Nordlineboats","url":"https:\/\/nordlinepaadid.ee\/et\/","logo":{"@type":"ImageObject","inLanguage":"et","@id":"https:\/\/nordlinepaadid.ee\/et\/#\/schema\/logo\/image\/","url":"https:\/\/nordlinepaadid.ee\/wp-content\/uploads\/2023\/01\/fulllogo_transparent_nobuffer-e1672750475494.png","contentUrl":"https:\/\/nordlinepaadid.ee\/wp-content\/uploads\/2023\/01\/fulllogo_transparent_nobuffer-e1672750475494.png","width":150,"height":119,"caption":"Nordlineboats"},"image":{"@id":"https:\/\/nordlinepaadid.ee\/et\/#\/schema\/logo\/image\/"},"sameAs":["https:\/\/www.facebook.com\/nordlineboats","https:\/\/www.youtube.com\/channel\/UCbgF0fy02y3QkFnujaLTaCA"]}]}},"taxonomy_info":{"product_cat":[{"value":271,"label":"Binoklid, Vaatlusseadmed"},{"value":247,"label":"NAVIGATSIOONIVAHENDID"},{"value":820,"label":"\u0411\u0438\u043d\u043e\u043a\u043b\u0438"}],"pa_color":[{"value":680,"label":"Kollane"}],"pa_producer":[{"value":1544,"label":"Plastimo"}],"pa_unit":[{"value":416,"label":"pcs"}]},"featured_image_src_large":["https:\/\/nordlinepaadid.ee\/wp-content\/uploads\/2026\/02\/13172_P1045061-1-1024x801.jpg",1024,801,true],"author_info":[],"comment_info":"","_links":{"self":[{"href":"https:\/\/nordlinepaadid.ee\/et\/wp-json\/wp\/v2\/product\/64764","targetHints":{"allow":["GET"]}}],"collection":[{"href":"https:\/\/nordlinepaadid.ee\/et\/wp-json\/wp\/v2\/product"}],"about":[{"href":"https:\/\/nordlinepaadid.ee\/et\/wp-json\/wp\/v2\/types\/product"}],"wp:featuredmedia":[{"embeddable":true,"href":"https:\/\/nordlinepaadid.ee\/et\/wp-json\/wp\/v2\/media\/55889"}],"wp:attachment":[{"href":"https:\/\/nordlinepaadid.ee\/et\/wp-json\/wp\/v2\/media?parent=64764"}],"wp:term":[{"taxonomy":"product_brand","embeddable":true,"href":"https:\/\/nordlinepaadid.ee\/et\/wp-json\/wp\/v2\/product_brand?post=64764"},{"taxonomy":"product_cat","embeddable":true,"href":"https:\/\/nordlinepaadid.ee\/et\/wp-json\/wp\/v2\/product_cat?post=64764"},{"taxonomy":"product_tag","embeddable":true,"href":"https:\/\/nordlinepaadid.ee\/et\/wp-json\/wp\/v2\/product_tag?post=64764"}],"curies":[{"name":"wp","href":"https:\/\/api.w.org\/{rel}","templated":true}]}}