{"id":64818,"date":"2026-04-17T20:02:28","date_gmt":"2026-04-17T17:02:28","guid":{"rendered":"https:\/\/nordlinepaadid.ee\/pood\/maaratlemata\/paikeseprillid-typhoon-s-series-must-oranz\/"},"modified":"2026-04-18T02:05:16","modified_gmt":"2026-04-17T23:05:16","slug":"paikeseprillid-typhoon-s-series-must-oranz","status":"publish","type":"product","link":"https:\/\/nordlinepaadid.ee\/et\/pood\/marine-clothing-and-shoes\/paikeseprillid\/paikeseprillid-typhoon-s-series-must-oranz\/","title":{"rendered":"P\u00c4IKESEPRILLID &#8211; TYPHOON S-SERIES, Must-Oranz"},"content":{"rendered":"<p>Typhoon p\u00e4ikeseprillidel on ujuv raam, mis tagab, et need p\u00fcsivad veepinnal ka maha kukkudes \u2013 ideaalsed igasugusteks veespordialadeks. Polariseerutud klaasidega p\u00e4ikeseprillid parandavad n\u00e4gemise selgust, v\u00e4hendades pimestamist, mist\u00f5ttu sobivad need ideaalselt eredatesse v\u00e4litingimustesse. Klaasid on ka mereveekindla kattega, mis tagab pikaajalise vastupidavuse isegi karmides merekeskkondades. Lisaks on S-seerial eemaldatavad k\u00fclgkaitsed, mis aitavad v\u00e4ltida pimestamist. UV 400 kaitsega (kategooria 3) blokeerivad need 100% kahjulikest UVA- ja UVB-kiirtest, pakkudes olulist silmakaitset. Turvaliseks hoiustamiseks ja h\u00f5lpsaks kaasaskandmiseks on kaasas tolmukott, mis hoiab teie p\u00e4ikeseprillid puhtad ja kriimustusvabad.<\/p>\n<p>&#13;<\/p>\n","protected":false},"excerpt":{"rendered":"<p>Typhoon p\u00e4ikeseprillidel on ujuv raam, mis tagab, et need p\u00fcsivad veepinnal ka maha kukkudes \u2013 ideaalsed igasugusteks veespordialadeks. Polariseerutud klaasidega p\u00e4ikeseprillid parandavad n\u00e4gemise selgust, v\u00e4hendades pimestamist, mist\u00f5ttu sobivad need ideaalselt eredatesse v\u00e4litingimustesse. Klaasid on ka mereveekindla kattega, mis tagab pikaajalise vastupidavuse isegi karmides merekeskkondades. Lisaks on S-seerial eemaldatavad k\u00fclgkaitsed, mis aitavad v\u00e4ltida pimestamist. UV 400&#8230;<\/p>\n","protected":false},"featured_media":56019,"template":"","meta":{"_kad_blocks_custom_css":"","_kad_blocks_head_custom_js":"","_kad_blocks_body_custom_js":"","_kad_blocks_footer_custom_js":"","_kad_post_transparent":"","_kad_post_title":"","_kad_post_layout":"","_kad_post_sidebar_id":"","_kad_post_content_style":"","_kad_post_vertical_padding":"","_kad_post_feature":"","_kad_post_feature_position":"","_kad_post_header":false,"_kad_post_footer":false,"_kad_post_classname":""},"product_brand":[],"product_cat":[259,232],"product_tag":[],"class_list":{"0":"post-64818","1":"product","2":"type-product","3":"status-publish","4":"has-post-thumbnail","6":"product_cat-paikeseprillid","7":"product_cat-marine-clothing-and-shoes","8":"pa_color-must-oranz","9":"pa_producer-typhoon","10":"pa_unit-pcs","11":"tm-no-options","13":"first","14":"instock","15":"taxable","16":"shipping-taxable","17":"purchasable","18":"product-type-simple","19":"entry","20":"content-bg","21":"loop-entry"},"yoast_head":"<!-- This site is optimized with the Yoast SEO plugin v27.3 - https:\/\/yoast.com\/product\/yoast-seo-wordpress\/ -->\n<title>P\u00c4IKESEPRILLID - TYPHOON S-SERIES, Must-Oranz - NORDLINE s\u00f5udepaadid ja mootorpaadid. Klaasfiiber materjalist.<\/title>\n<meta name=\"robots\" content=\"index, follow, max-snippet:-1, max-image-preview:large, max-video-preview:-1\" \/>\n<link rel=\"canonical\" href=\"https:\/\/nordlinepaadid.ee\/et\/pood\/marine-clothing-and-shoes\/paikeseprillid\/paikeseprillid-typhoon-s-series-must-oranz\/\" \/>\n<meta property=\"og:locale\" content=\"et_EE\" \/>\n<meta property=\"og:type\" content=\"article\" \/>\n<meta property=\"og:title\" content=\"P\u00c4IKESEPRILLID - TYPHOON S-SERIES, Must-Oranz - NORDLINE s\u00f5udepaadid ja mootorpaadid. Klaasfiiber materjalist.\" \/>\n<meta property=\"og:description\" content=\"Typhoon p\u00e4ikeseprillidel on ujuv raam, mis tagab, et need p\u00fcsivad veepinnal ka maha kukkudes \u2013 ideaalsed igasugusteks veespordialadeks. Polariseerutud klaasidega p\u00e4ikeseprillid parandavad n\u00e4gemise selgust, v\u00e4hendades pimestamist, mist\u00f5ttu sobivad need ideaalselt eredatesse v\u00e4litingimustesse. Klaasid on ka mereveekindla kattega, mis tagab pikaajalise vastupidavuse isegi karmides merekeskkondades. Lisaks on S-seerial eemaldatavad k\u00fclgkaitsed, mis aitavad v\u00e4ltida pimestamist. UV 400...\" \/>\n<meta property=\"og:url\" content=\"https:\/\/nordlinepaadid.ee\/et\/pood\/marine-clothing-and-shoes\/paikeseprillid\/paikeseprillid-typhoon-s-series-must-oranz\/\" \/>\n<meta property=\"og:site_name\" content=\"NORDLINE s\u00f5udepaadid ja mootorpaadid. Klaasfiiber materjalist.\" \/>\n<meta property=\"article:publisher\" content=\"https:\/\/www.facebook.com\/nordlineboats\" \/>\n<meta property=\"article:modified_time\" content=\"2026-04-17T23:05:16+00:00\" \/>\n<meta property=\"og:image\" content=\"https:\/\/nordlinepaadid.ee\/wp-content\/uploads\/2026\/02\/13299_1_Typhoon-S-SERIES-Sunglasses_BLACKSOLAR_6.jpg\" \/>\n\t<meta property=\"og:image:width\" content=\"1500\" \/>\n\t<meta property=\"og:image:height\" content=\"1500\" \/>\n\t<meta property=\"og:image:type\" content=\"image\/jpeg\" \/>\n<meta name=\"twitter:card\" content=\"summary_large_image\" \/>\n<script type=\"application\/ld+json\" class=\"yoast-schema-graph\">{\"@context\":\"https:\\\/\\\/schema.org\",\"@graph\":[{\"@type\":\"WebPage\",\"@id\":\"https:\\\/\\\/nordlinepaadid.ee\\\/et\\\/pood\\\/marine-clothing-and-shoes\\\/paikeseprillid\\\/paikeseprillid-typhoon-s-series-must-oranz\\\/\",\"url\":\"https:\\\/\\\/nordlinepaadid.ee\\\/et\\\/pood\\\/marine-clothing-and-shoes\\\/paikeseprillid\\\/paikeseprillid-typhoon-s-series-must-oranz\\\/\",\"name\":\"P\u00c4IKESEPRILLID - TYPHOON S-SERIES, Must-Oranz - NORDLINE s\u00f5udepaadid ja mootorpaadid. Klaasfiiber materjalist.\",\"isPartOf\":{\"@id\":\"https:\\\/\\\/nordlinepaadid.ee\\\/et\\\/#website\"},\"primaryImageOfPage\":{\"@id\":\"https:\\\/\\\/nordlinepaadid.ee\\\/et\\\/pood\\\/marine-clothing-and-shoes\\\/paikeseprillid\\\/paikeseprillid-typhoon-s-series-must-oranz\\\/#primaryimage\"},\"image\":{\"@id\":\"https:\\\/\\\/nordlinepaadid.ee\\\/et\\\/pood\\\/marine-clothing-and-shoes\\\/paikeseprillid\\\/paikeseprillid-typhoon-s-series-must-oranz\\\/#primaryimage\"},\"thumbnailUrl\":\"https:\\\/\\\/nordlinepaadid.ee\\\/wp-content\\\/uploads\\\/2026\\\/02\\\/13299_1_Typhoon-S-SERIES-Sunglasses_BLACKSOLAR_6.jpg\",\"datePublished\":\"2026-04-17T17:02:28+00:00\",\"dateModified\":\"2026-04-17T23:05:16+00:00\",\"breadcrumb\":{\"@id\":\"https:\\\/\\\/nordlinepaadid.ee\\\/et\\\/pood\\\/marine-clothing-and-shoes\\\/paikeseprillid\\\/paikeseprillid-typhoon-s-series-must-oranz\\\/#breadcrumb\"},\"inLanguage\":\"et\",\"potentialAction\":[{\"@type\":\"ReadAction\",\"target\":[\"https:\\\/\\\/nordlinepaadid.ee\\\/et\\\/pood\\\/marine-clothing-and-shoes\\\/paikeseprillid\\\/paikeseprillid-typhoon-s-series-must-oranz\\\/\"]}]},{\"@type\":\"ImageObject\",\"inLanguage\":\"et\",\"@id\":\"https:\\\/\\\/nordlinepaadid.ee\\\/et\\\/pood\\\/marine-clothing-and-shoes\\\/paikeseprillid\\\/paikeseprillid-typhoon-s-series-must-oranz\\\/#primaryimage\",\"url\":\"https:\\\/\\\/nordlinepaadid.ee\\\/wp-content\\\/uploads\\\/2026\\\/02\\\/13299_1_Typhoon-S-SERIES-Sunglasses_BLACKSOLAR_6.jpg\",\"contentUrl\":\"https:\\\/\\\/nordlinepaadid.ee\\\/wp-content\\\/uploads\\\/2026\\\/02\\\/13299_1_Typhoon-S-SERIES-Sunglasses_BLACKSOLAR_6.jpg\",\"width\":1500,\"height\":1500},{\"@type\":\"BreadcrumbList\",\"@id\":\"https:\\\/\\\/nordlinepaadid.ee\\\/et\\\/pood\\\/marine-clothing-and-shoes\\\/paikeseprillid\\\/paikeseprillid-typhoon-s-series-must-oranz\\\/#breadcrumb\",\"itemListElement\":[{\"@type\":\"ListItem\",\"position\":1,\"name\":\"Home\",\"item\":\"https:\\\/\\\/nordlinepaadid.ee\\\/et\\\/\"},{\"@type\":\"ListItem\",\"position\":2,\"name\":\"Pood\",\"item\":\"https:\\\/\\\/nordlinepaadid.ee\\\/et\\\/pood\\\/\"},{\"@type\":\"ListItem\",\"position\":3,\"name\":\"P\u00c4IKESEPRILLID &#8211; TYPHOON S-SERIES, Must-Oranz\"}]},{\"@type\":\"WebSite\",\"@id\":\"https:\\\/\\\/nordlinepaadid.ee\\\/et\\\/#website\",\"url\":\"https:\\\/\\\/nordlinepaadid.ee\\\/et\\\/\",\"name\":\"NORDLINE s\u00f5udepaadid ja mootorpaadid. Klaasfiiber materjalist.\",\"description\":\"\",\"publisher\":{\"@id\":\"https:\\\/\\\/nordlinepaadid.ee\\\/et\\\/#organization\"},\"potentialAction\":[{\"@type\":\"SearchAction\",\"target\":{\"@type\":\"EntryPoint\",\"urlTemplate\":\"https:\\\/\\\/nordlinepaadid.ee\\\/et\\\/?s={search_term_string}\"},\"query-input\":{\"@type\":\"PropertyValueSpecification\",\"valueRequired\":true,\"valueName\":\"search_term_string\"}}],\"inLanguage\":\"et\"},{\"@type\":\"Organization\",\"@id\":\"https:\\\/\\\/nordlinepaadid.ee\\\/et\\\/#organization\",\"name\":\"Nordlineboats\",\"url\":\"https:\\\/\\\/nordlinepaadid.ee\\\/et\\\/\",\"logo\":{\"@type\":\"ImageObject\",\"inLanguage\":\"et\",\"@id\":\"https:\\\/\\\/nordlinepaadid.ee\\\/et\\\/#\\\/schema\\\/logo\\\/image\\\/\",\"url\":\"https:\\\/\\\/nordlinepaadid.ee\\\/wp-content\\\/uploads\\\/2023\\\/01\\\/fulllogo_transparent_nobuffer-e1672750475494.png\",\"contentUrl\":\"https:\\\/\\\/nordlinepaadid.ee\\\/wp-content\\\/uploads\\\/2023\\\/01\\\/fulllogo_transparent_nobuffer-e1672750475494.png\",\"width\":150,\"height\":119,\"caption\":\"Nordlineboats\"},\"image\":{\"@id\":\"https:\\\/\\\/nordlinepaadid.ee\\\/et\\\/#\\\/schema\\\/logo\\\/image\\\/\"},\"sameAs\":[\"https:\\\/\\\/www.facebook.com\\\/nordlineboats\",\"https:\\\/\\\/www.youtube.com\\\/channel\\\/UCbgF0fy02y3QkFnujaLTaCA\"]}]}<\/script>\n<!-- \/ Yoast SEO plugin. -->","yoast_head_json":{"title":"P\u00c4IKESEPRILLID - TYPHOON S-SERIES, Must-Oranz - NORDLINE s\u00f5udepaadid ja mootorpaadid. Klaasfiiber materjalist.","robots":{"index":"index","follow":"follow","max-snippet":"max-snippet:-1","max-image-preview":"max-image-preview:large","max-video-preview":"max-video-preview:-1"},"canonical":"https:\/\/nordlinepaadid.ee\/et\/pood\/marine-clothing-and-shoes\/paikeseprillid\/paikeseprillid-typhoon-s-series-must-oranz\/","og_locale":"et_EE","og_type":"article","og_title":"P\u00c4IKESEPRILLID - TYPHOON S-SERIES, Must-Oranz - NORDLINE s\u00f5udepaadid ja mootorpaadid. Klaasfiiber materjalist.","og_description":"Typhoon p\u00e4ikeseprillidel on ujuv raam, mis tagab, et need p\u00fcsivad veepinnal ka maha kukkudes \u2013 ideaalsed igasugusteks veespordialadeks. Polariseerutud klaasidega p\u00e4ikeseprillid parandavad n\u00e4gemise selgust, v\u00e4hendades pimestamist, mist\u00f5ttu sobivad need ideaalselt eredatesse v\u00e4litingimustesse. Klaasid on ka mereveekindla kattega, mis tagab pikaajalise vastupidavuse isegi karmides merekeskkondades. Lisaks on S-seerial eemaldatavad k\u00fclgkaitsed, mis aitavad v\u00e4ltida pimestamist. UV 400...","og_url":"https:\/\/nordlinepaadid.ee\/et\/pood\/marine-clothing-and-shoes\/paikeseprillid\/paikeseprillid-typhoon-s-series-must-oranz\/","og_site_name":"NORDLINE s\u00f5udepaadid ja mootorpaadid. Klaasfiiber materjalist.","article_publisher":"https:\/\/www.facebook.com\/nordlineboats","article_modified_time":"2026-04-17T23:05:16+00:00","og_image":[{"width":1500,"height":1500,"url":"https:\/\/nordlinepaadid.ee\/wp-content\/uploads\/2026\/02\/13299_1_Typhoon-S-SERIES-Sunglasses_BLACKSOLAR_6.jpg","type":"image\/jpeg"}],"twitter_card":"summary_large_image","schema":{"@context":"https:\/\/schema.org","@graph":[{"@type":"WebPage","@id":"https:\/\/nordlinepaadid.ee\/et\/pood\/marine-clothing-and-shoes\/paikeseprillid\/paikeseprillid-typhoon-s-series-must-oranz\/","url":"https:\/\/nordlinepaadid.ee\/et\/pood\/marine-clothing-and-shoes\/paikeseprillid\/paikeseprillid-typhoon-s-series-must-oranz\/","name":"P\u00c4IKESEPRILLID - TYPHOON S-SERIES, Must-Oranz - NORDLINE s\u00f5udepaadid ja mootorpaadid. Klaasfiiber materjalist.","isPartOf":{"@id":"https:\/\/nordlinepaadid.ee\/et\/#website"},"primaryImageOfPage":{"@id":"https:\/\/nordlinepaadid.ee\/et\/pood\/marine-clothing-and-shoes\/paikeseprillid\/paikeseprillid-typhoon-s-series-must-oranz\/#primaryimage"},"image":{"@id":"https:\/\/nordlinepaadid.ee\/et\/pood\/marine-clothing-and-shoes\/paikeseprillid\/paikeseprillid-typhoon-s-series-must-oranz\/#primaryimage"},"thumbnailUrl":"https:\/\/nordlinepaadid.ee\/wp-content\/uploads\/2026\/02\/13299_1_Typhoon-S-SERIES-Sunglasses_BLACKSOLAR_6.jpg","datePublished":"2026-04-17T17:02:28+00:00","dateModified":"2026-04-17T23:05:16+00:00","breadcrumb":{"@id":"https:\/\/nordlinepaadid.ee\/et\/pood\/marine-clothing-and-shoes\/paikeseprillid\/paikeseprillid-typhoon-s-series-must-oranz\/#breadcrumb"},"inLanguage":"et","potentialAction":[{"@type":"ReadAction","target":["https:\/\/nordlinepaadid.ee\/et\/pood\/marine-clothing-and-shoes\/paikeseprillid\/paikeseprillid-typhoon-s-series-must-oranz\/"]}]},{"@type":"ImageObject","inLanguage":"et","@id":"https:\/\/nordlinepaadid.ee\/et\/pood\/marine-clothing-and-shoes\/paikeseprillid\/paikeseprillid-typhoon-s-series-must-oranz\/#primaryimage","url":"https:\/\/nordlinepaadid.ee\/wp-content\/uploads\/2026\/02\/13299_1_Typhoon-S-SERIES-Sunglasses_BLACKSOLAR_6.jpg","contentUrl":"https:\/\/nordlinepaadid.ee\/wp-content\/uploads\/2026\/02\/13299_1_Typhoon-S-SERIES-Sunglasses_BLACKSOLAR_6.jpg","width":1500,"height":1500},{"@type":"BreadcrumbList","@id":"https:\/\/nordlinepaadid.ee\/et\/pood\/marine-clothing-and-shoes\/paikeseprillid\/paikeseprillid-typhoon-s-series-must-oranz\/#breadcrumb","itemListElement":[{"@type":"ListItem","position":1,"name":"Home","item":"https:\/\/nordlinepaadid.ee\/et\/"},{"@type":"ListItem","position":2,"name":"Pood","item":"https:\/\/nordlinepaadid.ee\/et\/pood\/"},{"@type":"ListItem","position":3,"name":"P\u00c4IKESEPRILLID &#8211; TYPHOON S-SERIES, Must-Oranz"}]},{"@type":"WebSite","@id":"https:\/\/nordlinepaadid.ee\/et\/#website","url":"https:\/\/nordlinepaadid.ee\/et\/","name":"NORDLINE s\u00f5udepaadid ja mootorpaadid. Klaasfiiber materjalist.","description":"","publisher":{"@id":"https:\/\/nordlinepaadid.ee\/et\/#organization"},"potentialAction":[{"@type":"SearchAction","target":{"@type":"EntryPoint","urlTemplate":"https:\/\/nordlinepaadid.ee\/et\/?s={search_term_string}"},"query-input":{"@type":"PropertyValueSpecification","valueRequired":true,"valueName":"search_term_string"}}],"inLanguage":"et"},{"@type":"Organization","@id":"https:\/\/nordlinepaadid.ee\/et\/#organization","name":"Nordlineboats","url":"https:\/\/nordlinepaadid.ee\/et\/","logo":{"@type":"ImageObject","inLanguage":"et","@id":"https:\/\/nordlinepaadid.ee\/et\/#\/schema\/logo\/image\/","url":"https:\/\/nordlinepaadid.ee\/wp-content\/uploads\/2023\/01\/fulllogo_transparent_nobuffer-e1672750475494.png","contentUrl":"https:\/\/nordlinepaadid.ee\/wp-content\/uploads\/2023\/01\/fulllogo_transparent_nobuffer-e1672750475494.png","width":150,"height":119,"caption":"Nordlineboats"},"image":{"@id":"https:\/\/nordlinepaadid.ee\/et\/#\/schema\/logo\/image\/"},"sameAs":["https:\/\/www.facebook.com\/nordlineboats","https:\/\/www.youtube.com\/channel\/UCbgF0fy02y3QkFnujaLTaCA"]}]}},"taxonomy_info":{"product_cat":[{"value":259,"label":"P\u00e4ikeseprillid"},{"value":232,"label":"PURJETAMISRIIDED JA JALAN\u00d5UD"}],"pa_color":[{"value":747,"label":"Must\/Oran\u017e"}],"pa_producer":[{"value":1731,"label":"Typhoon"}],"pa_unit":[{"value":416,"label":"pcs"}]},"featured_image_src_large":["https:\/\/nordlinepaadid.ee\/wp-content\/uploads\/2026\/02\/13299_1_Typhoon-S-SERIES-Sunglasses_BLACKSOLAR_6-1024x1024.jpg",1024,1024,true],"author_info":[],"comment_info":"","_links":{"self":[{"href":"https:\/\/nordlinepaadid.ee\/et\/wp-json\/wp\/v2\/product\/64818","targetHints":{"allow":["GET"]}}],"collection":[{"href":"https:\/\/nordlinepaadid.ee\/et\/wp-json\/wp\/v2\/product"}],"about":[{"href":"https:\/\/nordlinepaadid.ee\/et\/wp-json\/wp\/v2\/types\/product"}],"wp:featuredmedia":[{"embeddable":true,"href":"https:\/\/nordlinepaadid.ee\/et\/wp-json\/wp\/v2\/media\/56019"}],"wp:attachment":[{"href":"https:\/\/nordlinepaadid.ee\/et\/wp-json\/wp\/v2\/media?parent=64818"}],"wp:term":[{"taxonomy":"product_brand","embeddable":true,"href":"https:\/\/nordlinepaadid.ee\/et\/wp-json\/wp\/v2\/product_brand?post=64818"},{"taxonomy":"product_cat","embeddable":true,"href":"https:\/\/nordlinepaadid.ee\/et\/wp-json\/wp\/v2\/product_cat?post=64818"},{"taxonomy":"product_tag","embeddable":true,"href":"https:\/\/nordlinepaadid.ee\/et\/wp-json\/wp\/v2\/product_tag?post=64818"}],"curies":[{"name":"wp","href":"https:\/\/api.w.org\/{rel}","templated":true}]}}