{"id":64864,"date":"2026-04-17T20:05:36","date_gmt":"2026-04-17T17:05:36","guid":{"rendered":"https:\/\/nordlinepaadid.ee\/pood\/maaratlemata\/kuivulikond-hypercurve-4-typhoon-xl\/"},"modified":"2026-04-18T02:05:25","modified_gmt":"2026-04-17T23:05:25","slug":"kuivulikond-hypercurve-4-typhoon-xl","status":"publish","type":"product","link":"https:\/\/nordlinepaadid.ee\/et\/pood\/marine-clothing-and-shoes\/drysuits-fisherman-suits-flotation-suits\/kuivulikond-hypercurve-4-typhoon-xl\/","title":{"rendered":"KUIV\u00dcLIKOND &#8211; HYPERCURVE 4, TYPHOON, XL"},"content":{"rendered":"<p>Hypercurve 4 on h\u00f5lpsasti iseselgapandav tagant sisseastutav \u00fclikond. T\u00e4nu 3D-paneelile, mis integreerib YKK Aquaseal t\u00f5mbluku \u00fclikonna seljaossa, saab kandja \u00fclikonna mitte ainult ise selga panna, vaid ka nautida suurep\u00e4rast sobivust ja mugavust. Anatoomiline disain v\u00e4hendab kanga pinget, pikendades \u00fclikonna eluiga. OMADUSED: Veekindel ja hingav; Tagumine sisseastumine; YKK\u00ae Aquaseal t\u00f5mblukk; Glideskin neopreenist kaelu- ja k\u00e4tisetihendid; Elastne seljaosa; Sisemised traksid; PU-tugevdatud p\u00f5lved ja istmik; Latekssokid; Liigendatud liikumise h\u00f5lbustamiseks; Heakskiidud: CE-m\u00e4rgis; PPE cat I \u2013 m\u00e4\u00e4rus (EL)\/2016\/425; Typhooni 3-aastane garantii tagab suurep\u00e4rase vastupidavuse, mis ei valmista pettumust.<\/p>\n<p>&#13;<\/p>\n","protected":false},"excerpt":{"rendered":"<p>Hypercurve 4 on h\u00f5lpsasti iseselgapandav tagant sisseastutav \u00fclikond. T\u00e4nu 3D-paneelile, mis integreerib YKK Aquaseal t\u00f5mbluku \u00fclikonna seljaossa, saab kandja \u00fclikonna mitte ainult ise selga panna, vaid ka nautida suurep\u00e4rast sobivust ja mugavust. Anatoomiline disain v\u00e4hendab kanga pinget, pikendades \u00fclikonna eluiga. OMADUSED: Veekindel ja hingav; Tagumine sisseastumine; YKK\u00ae Aquaseal t\u00f5mblukk; Glideskin neopreenist kaelu- ja k\u00e4tisetihendid; Elastne&#8230;<\/p>\n","protected":false},"featured_media":56093,"template":"","meta":{"_kad_blocks_custom_css":"","_kad_blocks_head_custom_js":"","_kad_blocks_body_custom_js":"","_kad_blocks_footer_custom_js":"","_kad_post_transparent":"","_kad_post_title":"","_kad_post_layout":"","_kad_post_sidebar_id":"","_kad_post_content_style":"","_kad_post_vertical_padding":"","_kad_post_feature":"","_kad_post_feature_position":"","_kad_post_header":false,"_kad_post_footer":false,"_kad_post_classname":""},"product_brand":[],"product_cat":[328,232],"product_tag":[],"class_list":{"0":"post-64864","1":"product","2":"type-product","3":"status-publish","4":"has-post-thumbnail","6":"product_cat-drysuits-fisherman-suits-flotation-suits","7":"product_cat-marine-clothing-and-shoes","8":"pa_color-sinine-hall","9":"pa_producer-typhoon","10":"pa_unit-pcs","11":"tm-no-options","13":"first","14":"onbackorder","15":"taxable","16":"shipping-taxable","17":"purchasable","18":"product-type-simple","19":"entry","20":"content-bg","21":"loop-entry"},"yoast_head":"<!-- This site is optimized with the Yoast SEO plugin v27.4 - https:\/\/yoast.com\/product\/yoast-seo-wordpress\/ -->\n<title>KUIV\u00dcLIKOND - HYPERCURVE 4, TYPHOON, XL - NORDLINE s\u00f5udepaadid ja mootorpaadid. Klaasfiiber materjalist.<\/title>\n<meta name=\"robots\" content=\"index, follow, max-snippet:-1, max-image-preview:large, max-video-preview:-1\" \/>\n<link rel=\"canonical\" href=\"https:\/\/nordlinepaadid.ee\/et\/pood\/marine-clothing-and-shoes\/drysuits-fisherman-suits-flotation-suits\/kuivulikond-hypercurve-4-typhoon-xl\/\" \/>\n<meta property=\"og:locale\" content=\"et_EE\" \/>\n<meta property=\"og:type\" content=\"article\" \/>\n<meta property=\"og:title\" content=\"KUIV\u00dcLIKOND - HYPERCURVE 4, TYPHOON, XL - NORDLINE s\u00f5udepaadid ja mootorpaadid. Klaasfiiber materjalist.\" \/>\n<meta property=\"og:description\" content=\"Hypercurve 4 on h\u00f5lpsasti iseselgapandav tagant sisseastutav \u00fclikond. T\u00e4nu 3D-paneelile, mis integreerib YKK Aquaseal t\u00f5mbluku \u00fclikonna seljaossa, saab kandja \u00fclikonna mitte ainult ise selga panna, vaid ka nautida suurep\u00e4rast sobivust ja mugavust. Anatoomiline disain v\u00e4hendab kanga pinget, pikendades \u00fclikonna eluiga. OMADUSED: Veekindel ja hingav; Tagumine sisseastumine; YKK\u00ae Aquaseal t\u00f5mblukk; Glideskin neopreenist kaelu- ja k\u00e4tisetihendid; Elastne...\" \/>\n<meta property=\"og:url\" content=\"https:\/\/nordlinepaadid.ee\/et\/pood\/marine-clothing-and-shoes\/drysuits-fisherman-suits-flotation-suits\/kuivulikond-hypercurve-4-typhoon-xl\/\" \/>\n<meta property=\"og:site_name\" content=\"NORDLINE s\u00f5udepaadid ja mootorpaadid. Klaasfiiber materjalist.\" \/>\n<meta property=\"article:publisher\" content=\"https:\/\/www.facebook.com\/nordlineboats\" \/>\n<meta property=\"article:modified_time\" content=\"2026-04-17T23:05:25+00:00\" \/>\n<meta property=\"og:image\" content=\"https:\/\/nordlinepaadid.ee\/wp-content\/uploads\/2026\/02\/13290_P019298_2.jpg\" \/>\n\t<meta property=\"og:image:width\" content=\"2000\" \/>\n\t<meta property=\"og:image:height\" content=\"2000\" \/>\n\t<meta property=\"og:image:type\" content=\"image\/jpeg\" \/>\n<meta name=\"twitter:card\" content=\"summary_large_image\" \/>\n<script type=\"application\/ld+json\" class=\"yoast-schema-graph\">{\"@context\":\"https:\\\/\\\/schema.org\",\"@graph\":[{\"@type\":\"WebPage\",\"@id\":\"https:\\\/\\\/nordlinepaadid.ee\\\/et\\\/pood\\\/marine-clothing-and-shoes\\\/drysuits-fisherman-suits-flotation-suits\\\/kuivulikond-hypercurve-4-typhoon-xl\\\/\",\"url\":\"https:\\\/\\\/nordlinepaadid.ee\\\/et\\\/pood\\\/marine-clothing-and-shoes\\\/drysuits-fisherman-suits-flotation-suits\\\/kuivulikond-hypercurve-4-typhoon-xl\\\/\",\"name\":\"KUIV\u00dcLIKOND - HYPERCURVE 4, TYPHOON, XL - NORDLINE s\u00f5udepaadid ja mootorpaadid. Klaasfiiber materjalist.\",\"isPartOf\":{\"@id\":\"https:\\\/\\\/nordlinepaadid.ee\\\/et\\\/#website\"},\"primaryImageOfPage\":{\"@id\":\"https:\\\/\\\/nordlinepaadid.ee\\\/et\\\/pood\\\/marine-clothing-and-shoes\\\/drysuits-fisherman-suits-flotation-suits\\\/kuivulikond-hypercurve-4-typhoon-xl\\\/#primaryimage\"},\"image\":{\"@id\":\"https:\\\/\\\/nordlinepaadid.ee\\\/et\\\/pood\\\/marine-clothing-and-shoes\\\/drysuits-fisherman-suits-flotation-suits\\\/kuivulikond-hypercurve-4-typhoon-xl\\\/#primaryimage\"},\"thumbnailUrl\":\"https:\\\/\\\/nordlinepaadid.ee\\\/wp-content\\\/uploads\\\/2026\\\/02\\\/13290_P019298_2.jpg\",\"datePublished\":\"2026-04-17T17:05:36+00:00\",\"dateModified\":\"2026-04-17T23:05:25+00:00\",\"breadcrumb\":{\"@id\":\"https:\\\/\\\/nordlinepaadid.ee\\\/et\\\/pood\\\/marine-clothing-and-shoes\\\/drysuits-fisherman-suits-flotation-suits\\\/kuivulikond-hypercurve-4-typhoon-xl\\\/#breadcrumb\"},\"inLanguage\":\"et\",\"potentialAction\":[{\"@type\":\"ReadAction\",\"target\":[\"https:\\\/\\\/nordlinepaadid.ee\\\/et\\\/pood\\\/marine-clothing-and-shoes\\\/drysuits-fisherman-suits-flotation-suits\\\/kuivulikond-hypercurve-4-typhoon-xl\\\/\"]}]},{\"@type\":\"ImageObject\",\"inLanguage\":\"et\",\"@id\":\"https:\\\/\\\/nordlinepaadid.ee\\\/et\\\/pood\\\/marine-clothing-and-shoes\\\/drysuits-fisherman-suits-flotation-suits\\\/kuivulikond-hypercurve-4-typhoon-xl\\\/#primaryimage\",\"url\":\"https:\\\/\\\/nordlinepaadid.ee\\\/wp-content\\\/uploads\\\/2026\\\/02\\\/13290_P019298_2.jpg\",\"contentUrl\":\"https:\\\/\\\/nordlinepaadid.ee\\\/wp-content\\\/uploads\\\/2026\\\/02\\\/13290_P019298_2.jpg\",\"width\":2000,\"height\":2000},{\"@type\":\"BreadcrumbList\",\"@id\":\"https:\\\/\\\/nordlinepaadid.ee\\\/et\\\/pood\\\/marine-clothing-and-shoes\\\/drysuits-fisherman-suits-flotation-suits\\\/kuivulikond-hypercurve-4-typhoon-xl\\\/#breadcrumb\",\"itemListElement\":[{\"@type\":\"ListItem\",\"position\":1,\"name\":\"Home\",\"item\":\"https:\\\/\\\/nordlinepaadid.ee\\\/et\\\/\"},{\"@type\":\"ListItem\",\"position\":2,\"name\":\"Pood\",\"item\":\"https:\\\/\\\/nordlinepaadid.ee\\\/et\\\/pood\\\/\"},{\"@type\":\"ListItem\",\"position\":3,\"name\":\"KUIV\u00dcLIKOND &#8211; HYPERCURVE 4, TYPHOON, XL\"}]},{\"@type\":\"WebSite\",\"@id\":\"https:\\\/\\\/nordlinepaadid.ee\\\/et\\\/#website\",\"url\":\"https:\\\/\\\/nordlinepaadid.ee\\\/et\\\/\",\"name\":\"NORDLINE s\u00f5udepaadid ja mootorpaadid. Klaasfiiber materjalist.\",\"description\":\"\",\"publisher\":{\"@id\":\"https:\\\/\\\/nordlinepaadid.ee\\\/et\\\/#organization\"},\"potentialAction\":[{\"@type\":\"SearchAction\",\"target\":{\"@type\":\"EntryPoint\",\"urlTemplate\":\"https:\\\/\\\/nordlinepaadid.ee\\\/et\\\/?s={search_term_string}\"},\"query-input\":{\"@type\":\"PropertyValueSpecification\",\"valueRequired\":true,\"valueName\":\"search_term_string\"}}],\"inLanguage\":\"et\"},{\"@type\":\"Organization\",\"@id\":\"https:\\\/\\\/nordlinepaadid.ee\\\/et\\\/#organization\",\"name\":\"Nordlineboats\",\"url\":\"https:\\\/\\\/nordlinepaadid.ee\\\/et\\\/\",\"logo\":{\"@type\":\"ImageObject\",\"inLanguage\":\"et\",\"@id\":\"https:\\\/\\\/nordlinepaadid.ee\\\/et\\\/#\\\/schema\\\/logo\\\/image\\\/\",\"url\":\"https:\\\/\\\/nordlinepaadid.ee\\\/wp-content\\\/uploads\\\/2023\\\/01\\\/fulllogo_transparent_nobuffer-e1672750475494.png\",\"contentUrl\":\"https:\\\/\\\/nordlinepaadid.ee\\\/wp-content\\\/uploads\\\/2023\\\/01\\\/fulllogo_transparent_nobuffer-e1672750475494.png\",\"width\":150,\"height\":119,\"caption\":\"Nordlineboats\"},\"image\":{\"@id\":\"https:\\\/\\\/nordlinepaadid.ee\\\/et\\\/#\\\/schema\\\/logo\\\/image\\\/\"},\"sameAs\":[\"https:\\\/\\\/www.facebook.com\\\/nordlineboats\",\"https:\\\/\\\/www.youtube.com\\\/channel\\\/UCbgF0fy02y3QkFnujaLTaCA\"]}]}<\/script>\n<!-- \/ Yoast SEO plugin. -->","yoast_head_json":{"title":"KUIV\u00dcLIKOND - HYPERCURVE 4, TYPHOON, XL - NORDLINE s\u00f5udepaadid ja mootorpaadid. Klaasfiiber materjalist.","robots":{"index":"index","follow":"follow","max-snippet":"max-snippet:-1","max-image-preview":"max-image-preview:large","max-video-preview":"max-video-preview:-1"},"canonical":"https:\/\/nordlinepaadid.ee\/et\/pood\/marine-clothing-and-shoes\/drysuits-fisherman-suits-flotation-suits\/kuivulikond-hypercurve-4-typhoon-xl\/","og_locale":"et_EE","og_type":"article","og_title":"KUIV\u00dcLIKOND - HYPERCURVE 4, TYPHOON, XL - NORDLINE s\u00f5udepaadid ja mootorpaadid. Klaasfiiber materjalist.","og_description":"Hypercurve 4 on h\u00f5lpsasti iseselgapandav tagant sisseastutav \u00fclikond. T\u00e4nu 3D-paneelile, mis integreerib YKK Aquaseal t\u00f5mbluku \u00fclikonna seljaossa, saab kandja \u00fclikonna mitte ainult ise selga panna, vaid ka nautida suurep\u00e4rast sobivust ja mugavust. Anatoomiline disain v\u00e4hendab kanga pinget, pikendades \u00fclikonna eluiga. OMADUSED: Veekindel ja hingav; Tagumine sisseastumine; YKK\u00ae Aquaseal t\u00f5mblukk; Glideskin neopreenist kaelu- ja k\u00e4tisetihendid; Elastne...","og_url":"https:\/\/nordlinepaadid.ee\/et\/pood\/marine-clothing-and-shoes\/drysuits-fisherman-suits-flotation-suits\/kuivulikond-hypercurve-4-typhoon-xl\/","og_site_name":"NORDLINE s\u00f5udepaadid ja mootorpaadid. Klaasfiiber materjalist.","article_publisher":"https:\/\/www.facebook.com\/nordlineboats","article_modified_time":"2026-04-17T23:05:25+00:00","og_image":[{"width":2000,"height":2000,"url":"https:\/\/nordlinepaadid.ee\/wp-content\/uploads\/2026\/02\/13290_P019298_2.jpg","type":"image\/jpeg"}],"twitter_card":"summary_large_image","schema":{"@context":"https:\/\/schema.org","@graph":[{"@type":"WebPage","@id":"https:\/\/nordlinepaadid.ee\/et\/pood\/marine-clothing-and-shoes\/drysuits-fisherman-suits-flotation-suits\/kuivulikond-hypercurve-4-typhoon-xl\/","url":"https:\/\/nordlinepaadid.ee\/et\/pood\/marine-clothing-and-shoes\/drysuits-fisherman-suits-flotation-suits\/kuivulikond-hypercurve-4-typhoon-xl\/","name":"KUIV\u00dcLIKOND - HYPERCURVE 4, TYPHOON, XL - NORDLINE s\u00f5udepaadid ja mootorpaadid. Klaasfiiber materjalist.","isPartOf":{"@id":"https:\/\/nordlinepaadid.ee\/et\/#website"},"primaryImageOfPage":{"@id":"https:\/\/nordlinepaadid.ee\/et\/pood\/marine-clothing-and-shoes\/drysuits-fisherman-suits-flotation-suits\/kuivulikond-hypercurve-4-typhoon-xl\/#primaryimage"},"image":{"@id":"https:\/\/nordlinepaadid.ee\/et\/pood\/marine-clothing-and-shoes\/drysuits-fisherman-suits-flotation-suits\/kuivulikond-hypercurve-4-typhoon-xl\/#primaryimage"},"thumbnailUrl":"https:\/\/nordlinepaadid.ee\/wp-content\/uploads\/2026\/02\/13290_P019298_2.jpg","datePublished":"2026-04-17T17:05:36+00:00","dateModified":"2026-04-17T23:05:25+00:00","breadcrumb":{"@id":"https:\/\/nordlinepaadid.ee\/et\/pood\/marine-clothing-and-shoes\/drysuits-fisherman-suits-flotation-suits\/kuivulikond-hypercurve-4-typhoon-xl\/#breadcrumb"},"inLanguage":"et","potentialAction":[{"@type":"ReadAction","target":["https:\/\/nordlinepaadid.ee\/et\/pood\/marine-clothing-and-shoes\/drysuits-fisherman-suits-flotation-suits\/kuivulikond-hypercurve-4-typhoon-xl\/"]}]},{"@type":"ImageObject","inLanguage":"et","@id":"https:\/\/nordlinepaadid.ee\/et\/pood\/marine-clothing-and-shoes\/drysuits-fisherman-suits-flotation-suits\/kuivulikond-hypercurve-4-typhoon-xl\/#primaryimage","url":"https:\/\/nordlinepaadid.ee\/wp-content\/uploads\/2026\/02\/13290_P019298_2.jpg","contentUrl":"https:\/\/nordlinepaadid.ee\/wp-content\/uploads\/2026\/02\/13290_P019298_2.jpg","width":2000,"height":2000},{"@type":"BreadcrumbList","@id":"https:\/\/nordlinepaadid.ee\/et\/pood\/marine-clothing-and-shoes\/drysuits-fisherman-suits-flotation-suits\/kuivulikond-hypercurve-4-typhoon-xl\/#breadcrumb","itemListElement":[{"@type":"ListItem","position":1,"name":"Home","item":"https:\/\/nordlinepaadid.ee\/et\/"},{"@type":"ListItem","position":2,"name":"Pood","item":"https:\/\/nordlinepaadid.ee\/et\/pood\/"},{"@type":"ListItem","position":3,"name":"KUIV\u00dcLIKOND &#8211; HYPERCURVE 4, TYPHOON, XL"}]},{"@type":"WebSite","@id":"https:\/\/nordlinepaadid.ee\/et\/#website","url":"https:\/\/nordlinepaadid.ee\/et\/","name":"NORDLINE s\u00f5udepaadid ja mootorpaadid. Klaasfiiber materjalist.","description":"","publisher":{"@id":"https:\/\/nordlinepaadid.ee\/et\/#organization"},"potentialAction":[{"@type":"SearchAction","target":{"@type":"EntryPoint","urlTemplate":"https:\/\/nordlinepaadid.ee\/et\/?s={search_term_string}"},"query-input":{"@type":"PropertyValueSpecification","valueRequired":true,"valueName":"search_term_string"}}],"inLanguage":"et"},{"@type":"Organization","@id":"https:\/\/nordlinepaadid.ee\/et\/#organization","name":"Nordlineboats","url":"https:\/\/nordlinepaadid.ee\/et\/","logo":{"@type":"ImageObject","inLanguage":"et","@id":"https:\/\/nordlinepaadid.ee\/et\/#\/schema\/logo\/image\/","url":"https:\/\/nordlinepaadid.ee\/wp-content\/uploads\/2023\/01\/fulllogo_transparent_nobuffer-e1672750475494.png","contentUrl":"https:\/\/nordlinepaadid.ee\/wp-content\/uploads\/2023\/01\/fulllogo_transparent_nobuffer-e1672750475494.png","width":150,"height":119,"caption":"Nordlineboats"},"image":{"@id":"https:\/\/nordlinepaadid.ee\/et\/#\/schema\/logo\/image\/"},"sameAs":["https:\/\/www.facebook.com\/nordlineboats","https:\/\/www.youtube.com\/channel\/UCbgF0fy02y3QkFnujaLTaCA"]}]}},"taxonomy_info":{"product_cat":[{"value":328,"label":"Kuiv\u00fclikonnad, Kombinesoonid, Kalamehe Riietus"},{"value":232,"label":"PURJETAMISRIIDED JA JALAN\u00d5UD"}],"pa_color":[{"value":717,"label":"Sinine\/Hall"}],"pa_producer":[{"value":1731,"label":"Typhoon"}],"pa_unit":[{"value":416,"label":"pcs"}]},"featured_image_src_large":["https:\/\/nordlinepaadid.ee\/wp-content\/uploads\/2026\/02\/13290_P019298_2-1024x1024.jpg",1024,1024,true],"author_info":[],"comment_info":"","_links":{"self":[{"href":"https:\/\/nordlinepaadid.ee\/et\/wp-json\/wp\/v2\/product\/64864","targetHints":{"allow":["GET"]}}],"collection":[{"href":"https:\/\/nordlinepaadid.ee\/et\/wp-json\/wp\/v2\/product"}],"about":[{"href":"https:\/\/nordlinepaadid.ee\/et\/wp-json\/wp\/v2\/types\/product"}],"wp:featuredmedia":[{"embeddable":true,"href":"https:\/\/nordlinepaadid.ee\/et\/wp-json\/wp\/v2\/media\/56093"}],"wp:attachment":[{"href":"https:\/\/nordlinepaadid.ee\/et\/wp-json\/wp\/v2\/media?parent=64864"}],"wp:term":[{"taxonomy":"product_brand","embeddable":true,"href":"https:\/\/nordlinepaadid.ee\/et\/wp-json\/wp\/v2\/product_brand?post=64864"},{"taxonomy":"product_cat","embeddable":true,"href":"https:\/\/nordlinepaadid.ee\/et\/wp-json\/wp\/v2\/product_cat?post=64864"},{"taxonomy":"product_tag","embeddable":true,"href":"https:\/\/nordlinepaadid.ee\/et\/wp-json\/wp\/v2\/product_tag?post=64864"}],"curies":[{"name":"wp","href":"https:\/\/api.w.org\/{rel}","templated":true}]}}