{"id":64897,"date":"2026-04-17T20:07:36","date_gmt":"2026-04-17T17:07:36","guid":{"rendered":"https:\/\/nordlinepaadid.ee\/pood\/maaratlemata\/isetaituv-paastevest-viking-yousafe-edge-150-n-automaatne-kollane-must\/"},"modified":"2026-04-18T02:05:32","modified_gmt":"2026-04-17T23:05:32","slug":"isetaituv-paastevest-viking-yousafe-edge-150-n-automaatne-kollane-must","status":"publish","type":"product","link":"https:\/\/nordlinepaadid.ee\/et\/pood\/paastevahendid\/paastevestid-ohutusvestid\/isetaituv-paastevest-viking-yousafe-edge-150-n-automaatne-kollane-must\/","title":{"rendered":"ISET\u00c4ITUV P\u00c4\u00c4STEVEST- VIKING YOUSAFE EDGE 150 N, AUTOMAATNE, KOLLANE\/MUST"},"content":{"rendered":"<p style=\"text-align:justify\">Viking YouSafe Edge Harness on tugev ja mugav t\u00e4ispuhutav p\u00e4\u00e4stevest, mis on m\u00f5eldud n\u00f5udlikus merekeskkonnas t\u00f6\u00f6tavatele professionaalidele. See on populaarse Conquest-mudeli uusim versioon, millel on elegantne ja modernne disain ning parandatud kaalujagunemine, mis muudab selle kandmise mugavaks kogu p\u00e4eva v\u00e4ltel. Vest on varustatud kontrollaknaga rohelise valguss\u00fcsteemiga, mis muudab t\u00f6\u00f6korrasoleku kontrollimise lihtsaks. Sellel on Halkey Robertsi p\u00e4\u00e4stemehhanism 33 g CO-patroniga, tugev D-r\u00f5ngas turvaliseks kinnitamiseks ja eemaldatav jalgevahe rihm lisaturvalisuse tagamiseks. CE- ja ISO-sertifikaadiga, vastupidava PU-kattega pol\u00fcestrist ja h\u00e4sti n\u00e4htava kollase\/musta v\u00e4rviga on YouSafe Edge ideaalne valik. See on kergem kui SOLAS-p\u00e4\u00e4stevestid, tagades maksimaalse liikumisvabaduse, ja on t\u00e4ielikult \u00fchilduv k\u00f5igi Vikingi t\u00f6\u00f6p\u00fckste ja p\u00e4\u00e4stevestidega.<\/p>\n<p>&#13;<\/p>\n","protected":false},"excerpt":{"rendered":"<p>Viking YouSafe Edge Harness on tugev ja mugav t\u00e4ispuhutav p\u00e4\u00e4stevest, mis on m\u00f5eldud n\u00f5udlikus merekeskkonnas t\u00f6\u00f6tavatele professionaalidele. See on populaarse Conquest-mudeli uusim versioon, millel on elegantne ja modernne disain ning parandatud kaalujagunemine, mis muudab selle kandmise mugavaks kogu p\u00e4eva v\u00e4ltel. Vest on varustatud kontrollaknaga rohelise valguss\u00fcsteemiga, mis muudab t\u00f6\u00f6korrasoleku kontrollimise lihtsaks. Sellel on Halkey Robertsi&#8230;<\/p>\n","protected":false},"featured_media":56251,"template":"","meta":{"_kad_blocks_custom_css":"","_kad_blocks_head_custom_js":"","_kad_blocks_body_custom_js":"","_kad_blocks_footer_custom_js":"","_kad_post_transparent":"","_kad_post_title":"","_kad_post_layout":"","_kad_post_sidebar_id":"","_kad_post_content_style":"","_kad_post_vertical_padding":"","_kad_post_feature":"","_kad_post_feature_position":"","_kad_post_header":false,"_kad_post_footer":false,"_kad_post_classname":""},"product_brand":[],"product_cat":[230,236],"product_tag":[],"class_list":{"0":"post-64897","1":"product","2":"type-product","3":"status-publish","4":"has-post-thumbnail","6":"product_cat-paastevahendid","7":"product_cat-paastevestid-ohutusvestid","8":"pa_color-kollane-must","9":"pa_producer-viking","10":"pa_unit-pcs","11":"tm-no-options","13":"first","14":"instock","15":"taxable","16":"shipping-taxable","17":"purchasable","18":"product-type-simple","19":"entry","20":"content-bg","21":"loop-entry"},"yoast_head":"<!-- This site is optimized with the Yoast SEO plugin v27.3 - https:\/\/yoast.com\/product\/yoast-seo-wordpress\/ -->\n<title>ISET\u00c4ITUV P\u00c4\u00c4STEVEST- VIKING YOUSAFE EDGE 150 N, AUTOMAATNE, KOLLANE\/MUST - NORDLINE s\u00f5udepaadid ja mootorpaadid. Klaasfiiber materjalist.<\/title>\n<meta name=\"robots\" content=\"index, follow, max-snippet:-1, max-image-preview:large, max-video-preview:-1\" \/>\n<link rel=\"canonical\" href=\"https:\/\/nordlinepaadid.ee\/et\/pood\/paastevahendid\/paastevestid-ohutusvestid\/isetaituv-paastevest-viking-yousafe-edge-150-n-automaatne-kollane-must\/\" \/>\n<meta property=\"og:locale\" content=\"et_EE\" \/>\n<meta property=\"og:type\" content=\"article\" \/>\n<meta property=\"og:title\" content=\"ISET\u00c4ITUV P\u00c4\u00c4STEVEST- VIKING YOUSAFE EDGE 150 N, AUTOMAATNE, KOLLANE\/MUST - NORDLINE s\u00f5udepaadid ja mootorpaadid. Klaasfiiber materjalist.\" \/>\n<meta property=\"og:description\" content=\"Viking YouSafe Edge Harness on tugev ja mugav t\u00e4ispuhutav p\u00e4\u00e4stevest, mis on m\u00f5eldud n\u00f5udlikus merekeskkonnas t\u00f6\u00f6tavatele professionaalidele. See on populaarse Conquest-mudeli uusim versioon, millel on elegantne ja modernne disain ning parandatud kaalujagunemine, mis muudab selle kandmise mugavaks kogu p\u00e4eva v\u00e4ltel. Vest on varustatud kontrollaknaga rohelise valguss\u00fcsteemiga, mis muudab t\u00f6\u00f6korrasoleku kontrollimise lihtsaks. Sellel on Halkey Robertsi...\" \/>\n<meta property=\"og:url\" content=\"https:\/\/nordlinepaadid.ee\/et\/pood\/paastevahendid\/paastevestid-ohutusvestid\/isetaituv-paastevest-viking-yousafe-edge-150-n-automaatne-kollane-must\/\" \/>\n<meta property=\"og:site_name\" content=\"NORDLINE s\u00f5udepaadid ja mootorpaadid. Klaasfiiber materjalist.\" \/>\n<meta property=\"article:publisher\" content=\"https:\/\/www.facebook.com\/nordlineboats\" \/>\n<meta property=\"article:modified_time\" content=\"2026-04-17T23:05:32+00:00\" \/>\n<meta property=\"og:image\" content=\"https:\/\/nordlinepaadid.ee\/wp-content\/uploads\/2026\/02\/13375_LIFEJACKET-_VIKING_EDGE_150N_YELLOWBLACK-1.jpg\" \/>\n\t<meta property=\"og:image:width\" content=\"472\" \/>\n\t<meta property=\"og:image:height\" content=\"494\" \/>\n\t<meta property=\"og:image:type\" content=\"image\/jpeg\" \/>\n<meta name=\"twitter:card\" content=\"summary_large_image\" \/>\n<meta name=\"twitter:label1\" content=\"Est. reading time\" \/>\n\t<meta name=\"twitter:data1\" content=\"1 minut\" \/>\n<script type=\"application\/ld+json\" class=\"yoast-schema-graph\">{\"@context\":\"https:\\\/\\\/schema.org\",\"@graph\":[{\"@type\":\"WebPage\",\"@id\":\"https:\\\/\\\/nordlinepaadid.ee\\\/et\\\/pood\\\/paastevahendid\\\/paastevestid-ohutusvestid\\\/isetaituv-paastevest-viking-yousafe-edge-150-n-automaatne-kollane-must\\\/\",\"url\":\"https:\\\/\\\/nordlinepaadid.ee\\\/et\\\/pood\\\/paastevahendid\\\/paastevestid-ohutusvestid\\\/isetaituv-paastevest-viking-yousafe-edge-150-n-automaatne-kollane-must\\\/\",\"name\":\"ISET\u00c4ITUV P\u00c4\u00c4STEVEST- VIKING YOUSAFE EDGE 150 N, AUTOMAATNE, KOLLANE\\\/MUST - NORDLINE s\u00f5udepaadid ja mootorpaadid. Klaasfiiber materjalist.\",\"isPartOf\":{\"@id\":\"https:\\\/\\\/nordlinepaadid.ee\\\/et\\\/#website\"},\"primaryImageOfPage\":{\"@id\":\"https:\\\/\\\/nordlinepaadid.ee\\\/et\\\/pood\\\/paastevahendid\\\/paastevestid-ohutusvestid\\\/isetaituv-paastevest-viking-yousafe-edge-150-n-automaatne-kollane-must\\\/#primaryimage\"},\"image\":{\"@id\":\"https:\\\/\\\/nordlinepaadid.ee\\\/et\\\/pood\\\/paastevahendid\\\/paastevestid-ohutusvestid\\\/isetaituv-paastevest-viking-yousafe-edge-150-n-automaatne-kollane-must\\\/#primaryimage\"},\"thumbnailUrl\":\"https:\\\/\\\/nordlinepaadid.ee\\\/wp-content\\\/uploads\\\/2026\\\/02\\\/13375_LIFEJACKET-_VIKING_EDGE_150N_YELLOWBLACK-1.jpg\",\"datePublished\":\"2026-04-17T17:07:36+00:00\",\"dateModified\":\"2026-04-17T23:05:32+00:00\",\"breadcrumb\":{\"@id\":\"https:\\\/\\\/nordlinepaadid.ee\\\/et\\\/pood\\\/paastevahendid\\\/paastevestid-ohutusvestid\\\/isetaituv-paastevest-viking-yousafe-edge-150-n-automaatne-kollane-must\\\/#breadcrumb\"},\"inLanguage\":\"et\",\"potentialAction\":[{\"@type\":\"ReadAction\",\"target\":[\"https:\\\/\\\/nordlinepaadid.ee\\\/et\\\/pood\\\/paastevahendid\\\/paastevestid-ohutusvestid\\\/isetaituv-paastevest-viking-yousafe-edge-150-n-automaatne-kollane-must\\\/\"]}]},{\"@type\":\"ImageObject\",\"inLanguage\":\"et\",\"@id\":\"https:\\\/\\\/nordlinepaadid.ee\\\/et\\\/pood\\\/paastevahendid\\\/paastevestid-ohutusvestid\\\/isetaituv-paastevest-viking-yousafe-edge-150-n-automaatne-kollane-must\\\/#primaryimage\",\"url\":\"https:\\\/\\\/nordlinepaadid.ee\\\/wp-content\\\/uploads\\\/2026\\\/02\\\/13375_LIFEJACKET-_VIKING_EDGE_150N_YELLOWBLACK-1.jpg\",\"contentUrl\":\"https:\\\/\\\/nordlinepaadid.ee\\\/wp-content\\\/uploads\\\/2026\\\/02\\\/13375_LIFEJACKET-_VIKING_EDGE_150N_YELLOWBLACK-1.jpg\",\"width\":472,\"height\":494},{\"@type\":\"BreadcrumbList\",\"@id\":\"https:\\\/\\\/nordlinepaadid.ee\\\/et\\\/pood\\\/paastevahendid\\\/paastevestid-ohutusvestid\\\/isetaituv-paastevest-viking-yousafe-edge-150-n-automaatne-kollane-must\\\/#breadcrumb\",\"itemListElement\":[{\"@type\":\"ListItem\",\"position\":1,\"name\":\"Home\",\"item\":\"https:\\\/\\\/nordlinepaadid.ee\\\/et\\\/\"},{\"@type\":\"ListItem\",\"position\":2,\"name\":\"Pood\",\"item\":\"https:\\\/\\\/nordlinepaadid.ee\\\/et\\\/pood\\\/\"},{\"@type\":\"ListItem\",\"position\":3,\"name\":\"ISET\u00c4ITUV P\u00c4\u00c4STEVEST- VIKING YOUSAFE EDGE 150 N, AUTOMAATNE, KOLLANE\\\/MUST\"}]},{\"@type\":\"WebSite\",\"@id\":\"https:\\\/\\\/nordlinepaadid.ee\\\/et\\\/#website\",\"url\":\"https:\\\/\\\/nordlinepaadid.ee\\\/et\\\/\",\"name\":\"NORDLINE s\u00f5udepaadid ja mootorpaadid. Klaasfiiber materjalist.\",\"description\":\"\",\"publisher\":{\"@id\":\"https:\\\/\\\/nordlinepaadid.ee\\\/et\\\/#organization\"},\"potentialAction\":[{\"@type\":\"SearchAction\",\"target\":{\"@type\":\"EntryPoint\",\"urlTemplate\":\"https:\\\/\\\/nordlinepaadid.ee\\\/et\\\/?s={search_term_string}\"},\"query-input\":{\"@type\":\"PropertyValueSpecification\",\"valueRequired\":true,\"valueName\":\"search_term_string\"}}],\"inLanguage\":\"et\"},{\"@type\":\"Organization\",\"@id\":\"https:\\\/\\\/nordlinepaadid.ee\\\/et\\\/#organization\",\"name\":\"Nordlineboats\",\"url\":\"https:\\\/\\\/nordlinepaadid.ee\\\/et\\\/\",\"logo\":{\"@type\":\"ImageObject\",\"inLanguage\":\"et\",\"@id\":\"https:\\\/\\\/nordlinepaadid.ee\\\/et\\\/#\\\/schema\\\/logo\\\/image\\\/\",\"url\":\"https:\\\/\\\/nordlinepaadid.ee\\\/wp-content\\\/uploads\\\/2023\\\/01\\\/fulllogo_transparent_nobuffer-e1672750475494.png\",\"contentUrl\":\"https:\\\/\\\/nordlinepaadid.ee\\\/wp-content\\\/uploads\\\/2023\\\/01\\\/fulllogo_transparent_nobuffer-e1672750475494.png\",\"width\":150,\"height\":119,\"caption\":\"Nordlineboats\"},\"image\":{\"@id\":\"https:\\\/\\\/nordlinepaadid.ee\\\/et\\\/#\\\/schema\\\/logo\\\/image\\\/\"},\"sameAs\":[\"https:\\\/\\\/www.facebook.com\\\/nordlineboats\",\"https:\\\/\\\/www.youtube.com\\\/channel\\\/UCbgF0fy02y3QkFnujaLTaCA\"]}]}<\/script>\n<!-- \/ Yoast SEO plugin. -->","yoast_head_json":{"title":"ISET\u00c4ITUV P\u00c4\u00c4STEVEST- VIKING YOUSAFE EDGE 150 N, AUTOMAATNE, KOLLANE\/MUST - NORDLINE s\u00f5udepaadid ja mootorpaadid. Klaasfiiber materjalist.","robots":{"index":"index","follow":"follow","max-snippet":"max-snippet:-1","max-image-preview":"max-image-preview:large","max-video-preview":"max-video-preview:-1"},"canonical":"https:\/\/nordlinepaadid.ee\/et\/pood\/paastevahendid\/paastevestid-ohutusvestid\/isetaituv-paastevest-viking-yousafe-edge-150-n-automaatne-kollane-must\/","og_locale":"et_EE","og_type":"article","og_title":"ISET\u00c4ITUV P\u00c4\u00c4STEVEST- VIKING YOUSAFE EDGE 150 N, AUTOMAATNE, KOLLANE\/MUST - NORDLINE s\u00f5udepaadid ja mootorpaadid. Klaasfiiber materjalist.","og_description":"Viking YouSafe Edge Harness on tugev ja mugav t\u00e4ispuhutav p\u00e4\u00e4stevest, mis on m\u00f5eldud n\u00f5udlikus merekeskkonnas t\u00f6\u00f6tavatele professionaalidele. See on populaarse Conquest-mudeli uusim versioon, millel on elegantne ja modernne disain ning parandatud kaalujagunemine, mis muudab selle kandmise mugavaks kogu p\u00e4eva v\u00e4ltel. Vest on varustatud kontrollaknaga rohelise valguss\u00fcsteemiga, mis muudab t\u00f6\u00f6korrasoleku kontrollimise lihtsaks. Sellel on Halkey Robertsi...","og_url":"https:\/\/nordlinepaadid.ee\/et\/pood\/paastevahendid\/paastevestid-ohutusvestid\/isetaituv-paastevest-viking-yousafe-edge-150-n-automaatne-kollane-must\/","og_site_name":"NORDLINE s\u00f5udepaadid ja mootorpaadid. Klaasfiiber materjalist.","article_publisher":"https:\/\/www.facebook.com\/nordlineboats","article_modified_time":"2026-04-17T23:05:32+00:00","og_image":[{"width":472,"height":494,"url":"https:\/\/nordlinepaadid.ee\/wp-content\/uploads\/2026\/02\/13375_LIFEJACKET-_VIKING_EDGE_150N_YELLOWBLACK-1.jpg","type":"image\/jpeg"}],"twitter_card":"summary_large_image","twitter_misc":{"Est. reading time":"1 minut"},"schema":{"@context":"https:\/\/schema.org","@graph":[{"@type":"WebPage","@id":"https:\/\/nordlinepaadid.ee\/et\/pood\/paastevahendid\/paastevestid-ohutusvestid\/isetaituv-paastevest-viking-yousafe-edge-150-n-automaatne-kollane-must\/","url":"https:\/\/nordlinepaadid.ee\/et\/pood\/paastevahendid\/paastevestid-ohutusvestid\/isetaituv-paastevest-viking-yousafe-edge-150-n-automaatne-kollane-must\/","name":"ISET\u00c4ITUV P\u00c4\u00c4STEVEST- VIKING YOUSAFE EDGE 150 N, AUTOMAATNE, KOLLANE\/MUST - NORDLINE s\u00f5udepaadid ja mootorpaadid. Klaasfiiber materjalist.","isPartOf":{"@id":"https:\/\/nordlinepaadid.ee\/et\/#website"},"primaryImageOfPage":{"@id":"https:\/\/nordlinepaadid.ee\/et\/pood\/paastevahendid\/paastevestid-ohutusvestid\/isetaituv-paastevest-viking-yousafe-edge-150-n-automaatne-kollane-must\/#primaryimage"},"image":{"@id":"https:\/\/nordlinepaadid.ee\/et\/pood\/paastevahendid\/paastevestid-ohutusvestid\/isetaituv-paastevest-viking-yousafe-edge-150-n-automaatne-kollane-must\/#primaryimage"},"thumbnailUrl":"https:\/\/nordlinepaadid.ee\/wp-content\/uploads\/2026\/02\/13375_LIFEJACKET-_VIKING_EDGE_150N_YELLOWBLACK-1.jpg","datePublished":"2026-04-17T17:07:36+00:00","dateModified":"2026-04-17T23:05:32+00:00","breadcrumb":{"@id":"https:\/\/nordlinepaadid.ee\/et\/pood\/paastevahendid\/paastevestid-ohutusvestid\/isetaituv-paastevest-viking-yousafe-edge-150-n-automaatne-kollane-must\/#breadcrumb"},"inLanguage":"et","potentialAction":[{"@type":"ReadAction","target":["https:\/\/nordlinepaadid.ee\/et\/pood\/paastevahendid\/paastevestid-ohutusvestid\/isetaituv-paastevest-viking-yousafe-edge-150-n-automaatne-kollane-must\/"]}]},{"@type":"ImageObject","inLanguage":"et","@id":"https:\/\/nordlinepaadid.ee\/et\/pood\/paastevahendid\/paastevestid-ohutusvestid\/isetaituv-paastevest-viking-yousafe-edge-150-n-automaatne-kollane-must\/#primaryimage","url":"https:\/\/nordlinepaadid.ee\/wp-content\/uploads\/2026\/02\/13375_LIFEJACKET-_VIKING_EDGE_150N_YELLOWBLACK-1.jpg","contentUrl":"https:\/\/nordlinepaadid.ee\/wp-content\/uploads\/2026\/02\/13375_LIFEJACKET-_VIKING_EDGE_150N_YELLOWBLACK-1.jpg","width":472,"height":494},{"@type":"BreadcrumbList","@id":"https:\/\/nordlinepaadid.ee\/et\/pood\/paastevahendid\/paastevestid-ohutusvestid\/isetaituv-paastevest-viking-yousafe-edge-150-n-automaatne-kollane-must\/#breadcrumb","itemListElement":[{"@type":"ListItem","position":1,"name":"Home","item":"https:\/\/nordlinepaadid.ee\/et\/"},{"@type":"ListItem","position":2,"name":"Pood","item":"https:\/\/nordlinepaadid.ee\/et\/pood\/"},{"@type":"ListItem","position":3,"name":"ISET\u00c4ITUV P\u00c4\u00c4STEVEST- VIKING YOUSAFE EDGE 150 N, AUTOMAATNE, KOLLANE\/MUST"}]},{"@type":"WebSite","@id":"https:\/\/nordlinepaadid.ee\/et\/#website","url":"https:\/\/nordlinepaadid.ee\/et\/","name":"NORDLINE s\u00f5udepaadid ja mootorpaadid. Klaasfiiber materjalist.","description":"","publisher":{"@id":"https:\/\/nordlinepaadid.ee\/et\/#organization"},"potentialAction":[{"@type":"SearchAction","target":{"@type":"EntryPoint","urlTemplate":"https:\/\/nordlinepaadid.ee\/et\/?s={search_term_string}"},"query-input":{"@type":"PropertyValueSpecification","valueRequired":true,"valueName":"search_term_string"}}],"inLanguage":"et"},{"@type":"Organization","@id":"https:\/\/nordlinepaadid.ee\/et\/#organization","name":"Nordlineboats","url":"https:\/\/nordlinepaadid.ee\/et\/","logo":{"@type":"ImageObject","inLanguage":"et","@id":"https:\/\/nordlinepaadid.ee\/et\/#\/schema\/logo\/image\/","url":"https:\/\/nordlinepaadid.ee\/wp-content\/uploads\/2023\/01\/fulllogo_transparent_nobuffer-e1672750475494.png","contentUrl":"https:\/\/nordlinepaadid.ee\/wp-content\/uploads\/2023\/01\/fulllogo_transparent_nobuffer-e1672750475494.png","width":150,"height":119,"caption":"Nordlineboats"},"image":{"@id":"https:\/\/nordlinepaadid.ee\/et\/#\/schema\/logo\/image\/"},"sameAs":["https:\/\/www.facebook.com\/nordlineboats","https:\/\/www.youtube.com\/channel\/UCbgF0fy02y3QkFnujaLTaCA"]}]}},"taxonomy_info":{"product_cat":[{"value":230,"label":"P\u00c4\u00c4STEVAHENDID"},{"value":236,"label":"P\u00e4\u00e4stevestid, Ohutusvestid"}],"pa_color":[{"value":707,"label":"Kollane\/Must"}],"pa_producer":[{"value":454,"label":"Viking"}],"pa_unit":[{"value":416,"label":"pcs"}]},"featured_image_src_large":["https:\/\/nordlinepaadid.ee\/wp-content\/uploads\/2026\/02\/13375_LIFEJACKET-_VIKING_EDGE_150N_YELLOWBLACK-1.jpg",472,494,false],"author_info":[],"comment_info":"","_links":{"self":[{"href":"https:\/\/nordlinepaadid.ee\/et\/wp-json\/wp\/v2\/product\/64897","targetHints":{"allow":["GET"]}}],"collection":[{"href":"https:\/\/nordlinepaadid.ee\/et\/wp-json\/wp\/v2\/product"}],"about":[{"href":"https:\/\/nordlinepaadid.ee\/et\/wp-json\/wp\/v2\/types\/product"}],"wp:featuredmedia":[{"embeddable":true,"href":"https:\/\/nordlinepaadid.ee\/et\/wp-json\/wp\/v2\/media\/56251"}],"wp:attachment":[{"href":"https:\/\/nordlinepaadid.ee\/et\/wp-json\/wp\/v2\/media?parent=64897"}],"wp:term":[{"taxonomy":"product_brand","embeddable":true,"href":"https:\/\/nordlinepaadid.ee\/et\/wp-json\/wp\/v2\/product_brand?post=64897"},{"taxonomy":"product_cat","embeddable":true,"href":"https:\/\/nordlinepaadid.ee\/et\/wp-json\/wp\/v2\/product_cat?post=64897"},{"taxonomy":"product_tag","embeddable":true,"href":"https:\/\/nordlinepaadid.ee\/et\/wp-json\/wp\/v2\/product_tag?post=64897"}],"curies":[{"name":"wp","href":"https:\/\/api.w.org\/{rel}","templated":true}]}}