{"id":64898,"date":"2026-04-17T20:07:39","date_gmt":"2026-04-17T17:07:39","guid":{"rendered":"https:\/\/nordlinepaadid.ee\/pood\/maaratlemata\/isetaituv-paastevest-slr-196-auto-pro-sensor-196-n-automaatne-kollane-must\/"},"modified":"2026-04-18T02:05:32","modified_gmt":"2026-04-17T23:05:32","slug":"isetaituv-paastevest-slr-196-auto-pro-sensor-196-n-automaatne-kollane-must","status":"publish","type":"product","link":"https:\/\/nordlinepaadid.ee\/et\/pood\/paastevahendid\/paastevestid-ohutusvestid\/isetaituv-paastevest-slr-196-auto-pro-sensor-196-n-automaatne-kollane-must\/","title":{"rendered":"ISET\u00c4ITUV P\u00c4\u00c4STEVEST- SLR 196 AUTO PRO SENSOR, 196 N, AUTOMAATNE, KOLLANE\/MUST"},"content":{"rendered":"<p style=\"text-align:justify\">SLR 196 Plastimo automaatne p\u00e4\u00e4stevest. Eksklusiivne kahe kambriga tehnoloogia v\u00f5imaldab sellel vestil pakkuda ujuvust 196N ja aitab hoida pea veest v\u00e4ljas. Kiirvabastuss\u00fcsteem v\u00f5imaldab h\u00f5lpsasti reguleerida vesti r\u00f5hku, et see vajadusel t\u00fchjendada. Vestil on k\u00e4sitsi vabastamise k\u00e4epide. Rinna\u00fcmberm\u00f5\u00f5t: 60 &#8211; 150 cm, kaalule: &gt;40 kg.<\/p>\n<p>&#13;<br \/>\n&#13;<\/p>\n<p style=\"text-align:justify\">&nbsp;<\/p>\n<p>&#13;<br \/>\n&#13;<\/p>\n<p><strong>Tehnilised andmed:<\/strong><\/p>\n<p>&#13;<br \/>\n&#13;<\/p>\n<ul>&#13;<\/p>\n<li>ISO 12401<\/li>\n<p>&#13;<\/p>\n<li>Tegelik ujuvus: 196N<\/li>\n<p>&#13;<\/p>\n<li>QuickBurst YKK t\u00f5mblukk: EN ISO 12402-7<\/li>\n<p>&#13;<\/p>\n<li>Vabastus: h\u00fcdrostaatiline hammar, automaatne Pro Sensor<\/li>\n<p>&#13;<\/p>\n<li>6 eelseadistust<\/li>\n<p>&#13;<\/p>\n<li>Rihm<\/li>\n<p>&#13;<\/p>\n<li>Tekstiilist pannal<\/li>\n<p>&#13;<\/p>\n<li>Alumiiniumist pandla sulgur<\/li>\n<p>&#13;<\/p>\n<li>Neopreenist krae<\/li>\n<p>&#13;<\/p>\n<li>Reguleeritav alaosa<\/li>\n<p>&#13;<\/p>\n<li>MOLLE kinnituss\u00fcsteem lisaseadmete jaoks<\/li>\n<p>&#13;<\/p>\n<li>K\u00e4epide<\/li>\n<p>&#13;<\/p>\n<li>Kiire t\u00fchjendamise s\u00fcsteem<\/li>\n<p>&#13;\n<\/ul>\n<p>&#13;<br \/>\n&#13;<\/p>\n<p>&nbsp;<\/p>\n<p>&#13;<\/p>\n<p><iframe loading=\"lazy\" allowfullscreen=\"\" frameborder=\"0\" height=\"360\" src=\"\/\/www.youtube.com\/embed\/uGEPKoak2ww\" width=\"640\"><\/iframe><\/p>\n<p>&#13;<\/p>\n","protected":false},"excerpt":{"rendered":"<p>SLR 196 Plastimo automaatne p\u00e4\u00e4stevest. Eksklusiivne kahe kambriga tehnoloogia v\u00f5imaldab sellel vestil pakkuda ujuvust 196N ja aitab hoida pea veest v\u00e4ljas. Kiirvabastuss\u00fcsteem v\u00f5imaldab h\u00f5lpsasti reguleerida vesti r\u00f5hku, et see vajadusel t\u00fchjendada. Vestil on k\u00e4sitsi vabastamise k\u00e4epide. Rinna\u00fcmberm\u00f5\u00f5t: 60 &#8211; 150 cm, kaalule: &gt;40 kg. &#13; &#13; &nbsp; &#13; &#13; Tehnilised andmed: &#13; &#13; &#13; ISO&#8230;<\/p>\n","protected":false},"featured_media":56257,"template":"","meta":{"_kad_blocks_custom_css":"","_kad_blocks_head_custom_js":"","_kad_blocks_body_custom_js":"","_kad_blocks_footer_custom_js":"","_kad_post_transparent":"","_kad_post_title":"","_kad_post_layout":"","_kad_post_sidebar_id":"","_kad_post_content_style":"","_kad_post_vertical_padding":"","_kad_post_feature":"","_kad_post_feature_position":"","_kad_post_header":false,"_kad_post_footer":false,"_kad_post_classname":""},"product_brand":[],"product_cat":[230,236],"product_tag":[],"class_list":{"0":"post-64898","1":"product","2":"type-product","3":"status-publish","4":"has-post-thumbnail","6":"product_cat-paastevahendid","7":"product_cat-paastevestid-ohutusvestid","8":"pa_color-kollane-must","9":"pa_producer-plastimo","10":"pa_unit-pcs","11":"tm-no-options","13":"first","14":"onbackorder","15":"taxable","16":"shipping-taxable","17":"purchasable","18":"product-type-simple","19":"entry","20":"content-bg","21":"loop-entry"},"yoast_head":"<!-- This site is optimized with the Yoast SEO plugin v27.3 - https:\/\/yoast.com\/product\/yoast-seo-wordpress\/ -->\n<title>ISET\u00c4ITUV P\u00c4\u00c4STEVEST- SLR 196 AUTO PRO SENSOR, 196 N, AUTOMAATNE, KOLLANE\/MUST - NORDLINE s\u00f5udepaadid ja mootorpaadid. Klaasfiiber materjalist.<\/title>\n<meta name=\"robots\" content=\"index, follow, max-snippet:-1, max-image-preview:large, max-video-preview:-1\" \/>\n<link rel=\"canonical\" href=\"https:\/\/nordlinepaadid.ee\/et\/pood\/paastevahendid\/paastevestid-ohutusvestid\/isetaituv-paastevest-slr-196-auto-pro-sensor-196-n-automaatne-kollane-must\/\" \/>\n<meta property=\"og:locale\" content=\"et_EE\" \/>\n<meta property=\"og:type\" content=\"article\" \/>\n<meta property=\"og:title\" content=\"ISET\u00c4ITUV P\u00c4\u00c4STEVEST- SLR 196 AUTO PRO SENSOR, 196 N, AUTOMAATNE, KOLLANE\/MUST - NORDLINE s\u00f5udepaadid ja mootorpaadid. Klaasfiiber materjalist.\" \/>\n<meta property=\"og:description\" content=\"SLR 196 Plastimo automaatne p\u00e4\u00e4stevest. Eksklusiivne kahe kambriga tehnoloogia v\u00f5imaldab sellel vestil pakkuda ujuvust 196N ja aitab hoida pea veest v\u00e4ljas. Kiirvabastuss\u00fcsteem v\u00f5imaldab h\u00f5lpsasti reguleerida vesti r\u00f5hku, et see vajadusel t\u00fchjendada. Vestil on k\u00e4sitsi vabastamise k\u00e4epide. Rinna\u00fcmberm\u00f5\u00f5t: 60 &#8211; 150 cm, kaalule: &gt;40 kg. &#013; &#013; &nbsp; &#013; &#013; Tehnilised andmed: &#013; &#013; &#013; ISO...\" \/>\n<meta property=\"og:url\" content=\"https:\/\/nordlinepaadid.ee\/et\/pood\/paastevahendid\/paastevestid-ohutusvestid\/isetaituv-paastevest-slr-196-auto-pro-sensor-196-n-automaatne-kollane-must\/\" \/>\n<meta property=\"og:site_name\" content=\"NORDLINE s\u00f5udepaadid ja mootorpaadid. Klaasfiiber materjalist.\" \/>\n<meta property=\"article:publisher\" content=\"https:\/\/www.facebook.com\/nordlineboats\" \/>\n<meta property=\"article:modified_time\" content=\"2026-04-17T23:05:32+00:00\" \/>\n<meta property=\"og:image\" content=\"https:\/\/nordlinepaadid.ee\/wp-content\/uploads\/2026\/02\/13378_PL-70453-1.jpg\" \/>\n\t<meta property=\"og:image:width\" content=\"1500\" \/>\n\t<meta property=\"og:image:height\" content=\"1502\" \/>\n\t<meta property=\"og:image:type\" content=\"image\/jpeg\" \/>\n<meta name=\"twitter:card\" content=\"summary_large_image\" \/>\n<script type=\"application\/ld+json\" class=\"yoast-schema-graph\">{\"@context\":\"https:\\\/\\\/schema.org\",\"@graph\":[{\"@type\":\"WebPage\",\"@id\":\"https:\\\/\\\/nordlinepaadid.ee\\\/et\\\/pood\\\/paastevahendid\\\/paastevestid-ohutusvestid\\\/isetaituv-paastevest-slr-196-auto-pro-sensor-196-n-automaatne-kollane-must\\\/\",\"url\":\"https:\\\/\\\/nordlinepaadid.ee\\\/et\\\/pood\\\/paastevahendid\\\/paastevestid-ohutusvestid\\\/isetaituv-paastevest-slr-196-auto-pro-sensor-196-n-automaatne-kollane-must\\\/\",\"name\":\"ISET\u00c4ITUV P\u00c4\u00c4STEVEST- SLR 196 AUTO PRO SENSOR, 196 N, AUTOMAATNE, KOLLANE\\\/MUST - NORDLINE s\u00f5udepaadid ja mootorpaadid. Klaasfiiber materjalist.\",\"isPartOf\":{\"@id\":\"https:\\\/\\\/nordlinepaadid.ee\\\/et\\\/#website\"},\"primaryImageOfPage\":{\"@id\":\"https:\\\/\\\/nordlinepaadid.ee\\\/et\\\/pood\\\/paastevahendid\\\/paastevestid-ohutusvestid\\\/isetaituv-paastevest-slr-196-auto-pro-sensor-196-n-automaatne-kollane-must\\\/#primaryimage\"},\"image\":{\"@id\":\"https:\\\/\\\/nordlinepaadid.ee\\\/et\\\/pood\\\/paastevahendid\\\/paastevestid-ohutusvestid\\\/isetaituv-paastevest-slr-196-auto-pro-sensor-196-n-automaatne-kollane-must\\\/#primaryimage\"},\"thumbnailUrl\":\"https:\\\/\\\/nordlinepaadid.ee\\\/wp-content\\\/uploads\\\/2026\\\/02\\\/13378_PL-70453-1.jpg\",\"datePublished\":\"2026-04-17T17:07:39+00:00\",\"dateModified\":\"2026-04-17T23:05:32+00:00\",\"breadcrumb\":{\"@id\":\"https:\\\/\\\/nordlinepaadid.ee\\\/et\\\/pood\\\/paastevahendid\\\/paastevestid-ohutusvestid\\\/isetaituv-paastevest-slr-196-auto-pro-sensor-196-n-automaatne-kollane-must\\\/#breadcrumb\"},\"inLanguage\":\"et\",\"potentialAction\":[{\"@type\":\"ReadAction\",\"target\":[\"https:\\\/\\\/nordlinepaadid.ee\\\/et\\\/pood\\\/paastevahendid\\\/paastevestid-ohutusvestid\\\/isetaituv-paastevest-slr-196-auto-pro-sensor-196-n-automaatne-kollane-must\\\/\"]}]},{\"@type\":\"ImageObject\",\"inLanguage\":\"et\",\"@id\":\"https:\\\/\\\/nordlinepaadid.ee\\\/et\\\/pood\\\/paastevahendid\\\/paastevestid-ohutusvestid\\\/isetaituv-paastevest-slr-196-auto-pro-sensor-196-n-automaatne-kollane-must\\\/#primaryimage\",\"url\":\"https:\\\/\\\/nordlinepaadid.ee\\\/wp-content\\\/uploads\\\/2026\\\/02\\\/13378_PL-70453-1.jpg\",\"contentUrl\":\"https:\\\/\\\/nordlinepaadid.ee\\\/wp-content\\\/uploads\\\/2026\\\/02\\\/13378_PL-70453-1.jpg\",\"width\":1500,\"height\":1502},{\"@type\":\"BreadcrumbList\",\"@id\":\"https:\\\/\\\/nordlinepaadid.ee\\\/et\\\/pood\\\/paastevahendid\\\/paastevestid-ohutusvestid\\\/isetaituv-paastevest-slr-196-auto-pro-sensor-196-n-automaatne-kollane-must\\\/#breadcrumb\",\"itemListElement\":[{\"@type\":\"ListItem\",\"position\":1,\"name\":\"Home\",\"item\":\"https:\\\/\\\/nordlinepaadid.ee\\\/et\\\/\"},{\"@type\":\"ListItem\",\"position\":2,\"name\":\"Pood\",\"item\":\"https:\\\/\\\/nordlinepaadid.ee\\\/et\\\/pood\\\/\"},{\"@type\":\"ListItem\",\"position\":3,\"name\":\"ISET\u00c4ITUV P\u00c4\u00c4STEVEST- SLR 196 AUTO PRO SENSOR, 196 N, AUTOMAATNE, KOLLANE\\\/MUST\"}]},{\"@type\":\"WebSite\",\"@id\":\"https:\\\/\\\/nordlinepaadid.ee\\\/et\\\/#website\",\"url\":\"https:\\\/\\\/nordlinepaadid.ee\\\/et\\\/\",\"name\":\"NORDLINE s\u00f5udepaadid ja mootorpaadid. Klaasfiiber materjalist.\",\"description\":\"\",\"publisher\":{\"@id\":\"https:\\\/\\\/nordlinepaadid.ee\\\/et\\\/#organization\"},\"potentialAction\":[{\"@type\":\"SearchAction\",\"target\":{\"@type\":\"EntryPoint\",\"urlTemplate\":\"https:\\\/\\\/nordlinepaadid.ee\\\/et\\\/?s={search_term_string}\"},\"query-input\":{\"@type\":\"PropertyValueSpecification\",\"valueRequired\":true,\"valueName\":\"search_term_string\"}}],\"inLanguage\":\"et\"},{\"@type\":\"Organization\",\"@id\":\"https:\\\/\\\/nordlinepaadid.ee\\\/et\\\/#organization\",\"name\":\"Nordlineboats\",\"url\":\"https:\\\/\\\/nordlinepaadid.ee\\\/et\\\/\",\"logo\":{\"@type\":\"ImageObject\",\"inLanguage\":\"et\",\"@id\":\"https:\\\/\\\/nordlinepaadid.ee\\\/et\\\/#\\\/schema\\\/logo\\\/image\\\/\",\"url\":\"https:\\\/\\\/nordlinepaadid.ee\\\/wp-content\\\/uploads\\\/2023\\\/01\\\/fulllogo_transparent_nobuffer-e1672750475494.png\",\"contentUrl\":\"https:\\\/\\\/nordlinepaadid.ee\\\/wp-content\\\/uploads\\\/2023\\\/01\\\/fulllogo_transparent_nobuffer-e1672750475494.png\",\"width\":150,\"height\":119,\"caption\":\"Nordlineboats\"},\"image\":{\"@id\":\"https:\\\/\\\/nordlinepaadid.ee\\\/et\\\/#\\\/schema\\\/logo\\\/image\\\/\"},\"sameAs\":[\"https:\\\/\\\/www.facebook.com\\\/nordlineboats\",\"https:\\\/\\\/www.youtube.com\\\/channel\\\/UCbgF0fy02y3QkFnujaLTaCA\"]}]}<\/script>\n<!-- \/ Yoast SEO plugin. -->","yoast_head_json":{"title":"ISET\u00c4ITUV P\u00c4\u00c4STEVEST- SLR 196 AUTO PRO SENSOR, 196 N, AUTOMAATNE, KOLLANE\/MUST - NORDLINE s\u00f5udepaadid ja mootorpaadid. Klaasfiiber materjalist.","robots":{"index":"index","follow":"follow","max-snippet":"max-snippet:-1","max-image-preview":"max-image-preview:large","max-video-preview":"max-video-preview:-1"},"canonical":"https:\/\/nordlinepaadid.ee\/et\/pood\/paastevahendid\/paastevestid-ohutusvestid\/isetaituv-paastevest-slr-196-auto-pro-sensor-196-n-automaatne-kollane-must\/","og_locale":"et_EE","og_type":"article","og_title":"ISET\u00c4ITUV P\u00c4\u00c4STEVEST- SLR 196 AUTO PRO SENSOR, 196 N, AUTOMAATNE, KOLLANE\/MUST - NORDLINE s\u00f5udepaadid ja mootorpaadid. Klaasfiiber materjalist.","og_description":"SLR 196 Plastimo automaatne p\u00e4\u00e4stevest. Eksklusiivne kahe kambriga tehnoloogia v\u00f5imaldab sellel vestil pakkuda ujuvust 196N ja aitab hoida pea veest v\u00e4ljas. Kiirvabastuss\u00fcsteem v\u00f5imaldab h\u00f5lpsasti reguleerida vesti r\u00f5hku, et see vajadusel t\u00fchjendada. Vestil on k\u00e4sitsi vabastamise k\u00e4epide. Rinna\u00fcmberm\u00f5\u00f5t: 60 &#8211; 150 cm, kaalule: &gt;40 kg. &#13; &#13; &nbsp; &#13; &#13; Tehnilised andmed: &#13; &#13; &#13; ISO...","og_url":"https:\/\/nordlinepaadid.ee\/et\/pood\/paastevahendid\/paastevestid-ohutusvestid\/isetaituv-paastevest-slr-196-auto-pro-sensor-196-n-automaatne-kollane-must\/","og_site_name":"NORDLINE s\u00f5udepaadid ja mootorpaadid. Klaasfiiber materjalist.","article_publisher":"https:\/\/www.facebook.com\/nordlineboats","article_modified_time":"2026-04-17T23:05:32+00:00","og_image":[{"width":1500,"height":1502,"url":"https:\/\/nordlinepaadid.ee\/wp-content\/uploads\/2026\/02\/13378_PL-70453-1.jpg","type":"image\/jpeg"}],"twitter_card":"summary_large_image","schema":{"@context":"https:\/\/schema.org","@graph":[{"@type":"WebPage","@id":"https:\/\/nordlinepaadid.ee\/et\/pood\/paastevahendid\/paastevestid-ohutusvestid\/isetaituv-paastevest-slr-196-auto-pro-sensor-196-n-automaatne-kollane-must\/","url":"https:\/\/nordlinepaadid.ee\/et\/pood\/paastevahendid\/paastevestid-ohutusvestid\/isetaituv-paastevest-slr-196-auto-pro-sensor-196-n-automaatne-kollane-must\/","name":"ISET\u00c4ITUV P\u00c4\u00c4STEVEST- SLR 196 AUTO PRO SENSOR, 196 N, AUTOMAATNE, KOLLANE\/MUST - NORDLINE s\u00f5udepaadid ja mootorpaadid. Klaasfiiber materjalist.","isPartOf":{"@id":"https:\/\/nordlinepaadid.ee\/et\/#website"},"primaryImageOfPage":{"@id":"https:\/\/nordlinepaadid.ee\/et\/pood\/paastevahendid\/paastevestid-ohutusvestid\/isetaituv-paastevest-slr-196-auto-pro-sensor-196-n-automaatne-kollane-must\/#primaryimage"},"image":{"@id":"https:\/\/nordlinepaadid.ee\/et\/pood\/paastevahendid\/paastevestid-ohutusvestid\/isetaituv-paastevest-slr-196-auto-pro-sensor-196-n-automaatne-kollane-must\/#primaryimage"},"thumbnailUrl":"https:\/\/nordlinepaadid.ee\/wp-content\/uploads\/2026\/02\/13378_PL-70453-1.jpg","datePublished":"2026-04-17T17:07:39+00:00","dateModified":"2026-04-17T23:05:32+00:00","breadcrumb":{"@id":"https:\/\/nordlinepaadid.ee\/et\/pood\/paastevahendid\/paastevestid-ohutusvestid\/isetaituv-paastevest-slr-196-auto-pro-sensor-196-n-automaatne-kollane-must\/#breadcrumb"},"inLanguage":"et","potentialAction":[{"@type":"ReadAction","target":["https:\/\/nordlinepaadid.ee\/et\/pood\/paastevahendid\/paastevestid-ohutusvestid\/isetaituv-paastevest-slr-196-auto-pro-sensor-196-n-automaatne-kollane-must\/"]}]},{"@type":"ImageObject","inLanguage":"et","@id":"https:\/\/nordlinepaadid.ee\/et\/pood\/paastevahendid\/paastevestid-ohutusvestid\/isetaituv-paastevest-slr-196-auto-pro-sensor-196-n-automaatne-kollane-must\/#primaryimage","url":"https:\/\/nordlinepaadid.ee\/wp-content\/uploads\/2026\/02\/13378_PL-70453-1.jpg","contentUrl":"https:\/\/nordlinepaadid.ee\/wp-content\/uploads\/2026\/02\/13378_PL-70453-1.jpg","width":1500,"height":1502},{"@type":"BreadcrumbList","@id":"https:\/\/nordlinepaadid.ee\/et\/pood\/paastevahendid\/paastevestid-ohutusvestid\/isetaituv-paastevest-slr-196-auto-pro-sensor-196-n-automaatne-kollane-must\/#breadcrumb","itemListElement":[{"@type":"ListItem","position":1,"name":"Home","item":"https:\/\/nordlinepaadid.ee\/et\/"},{"@type":"ListItem","position":2,"name":"Pood","item":"https:\/\/nordlinepaadid.ee\/et\/pood\/"},{"@type":"ListItem","position":3,"name":"ISET\u00c4ITUV P\u00c4\u00c4STEVEST- SLR 196 AUTO PRO SENSOR, 196 N, AUTOMAATNE, KOLLANE\/MUST"}]},{"@type":"WebSite","@id":"https:\/\/nordlinepaadid.ee\/et\/#website","url":"https:\/\/nordlinepaadid.ee\/et\/","name":"NORDLINE s\u00f5udepaadid ja mootorpaadid. Klaasfiiber materjalist.","description":"","publisher":{"@id":"https:\/\/nordlinepaadid.ee\/et\/#organization"},"potentialAction":[{"@type":"SearchAction","target":{"@type":"EntryPoint","urlTemplate":"https:\/\/nordlinepaadid.ee\/et\/?s={search_term_string}"},"query-input":{"@type":"PropertyValueSpecification","valueRequired":true,"valueName":"search_term_string"}}],"inLanguage":"et"},{"@type":"Organization","@id":"https:\/\/nordlinepaadid.ee\/et\/#organization","name":"Nordlineboats","url":"https:\/\/nordlinepaadid.ee\/et\/","logo":{"@type":"ImageObject","inLanguage":"et","@id":"https:\/\/nordlinepaadid.ee\/et\/#\/schema\/logo\/image\/","url":"https:\/\/nordlinepaadid.ee\/wp-content\/uploads\/2023\/01\/fulllogo_transparent_nobuffer-e1672750475494.png","contentUrl":"https:\/\/nordlinepaadid.ee\/wp-content\/uploads\/2023\/01\/fulllogo_transparent_nobuffer-e1672750475494.png","width":150,"height":119,"caption":"Nordlineboats"},"image":{"@id":"https:\/\/nordlinepaadid.ee\/et\/#\/schema\/logo\/image\/"},"sameAs":["https:\/\/www.facebook.com\/nordlineboats","https:\/\/www.youtube.com\/channel\/UCbgF0fy02y3QkFnujaLTaCA"]}]}},"taxonomy_info":{"product_cat":[{"value":230,"label":"P\u00c4\u00c4STEVAHENDID"},{"value":236,"label":"P\u00e4\u00e4stevestid, Ohutusvestid"}],"pa_color":[{"value":707,"label":"Kollane\/Must"}],"pa_producer":[{"value":1544,"label":"Plastimo"}],"pa_unit":[{"value":416,"label":"pcs"}]},"featured_image_src_large":["https:\/\/nordlinepaadid.ee\/wp-content\/uploads\/2026\/02\/13378_PL-70453-1-1024x1024.jpg",1024,1024,true],"author_info":[],"comment_info":"","_links":{"self":[{"href":"https:\/\/nordlinepaadid.ee\/et\/wp-json\/wp\/v2\/product\/64898","targetHints":{"allow":["GET"]}}],"collection":[{"href":"https:\/\/nordlinepaadid.ee\/et\/wp-json\/wp\/v2\/product"}],"about":[{"href":"https:\/\/nordlinepaadid.ee\/et\/wp-json\/wp\/v2\/types\/product"}],"wp:featuredmedia":[{"embeddable":true,"href":"https:\/\/nordlinepaadid.ee\/et\/wp-json\/wp\/v2\/media\/56257"}],"wp:attachment":[{"href":"https:\/\/nordlinepaadid.ee\/et\/wp-json\/wp\/v2\/media?parent=64898"}],"wp:term":[{"taxonomy":"product_brand","embeddable":true,"href":"https:\/\/nordlinepaadid.ee\/et\/wp-json\/wp\/v2\/product_brand?post=64898"},{"taxonomy":"product_cat","embeddable":true,"href":"https:\/\/nordlinepaadid.ee\/et\/wp-json\/wp\/v2\/product_cat?post=64898"},{"taxonomy":"product_tag","embeddable":true,"href":"https:\/\/nordlinepaadid.ee\/et\/wp-json\/wp\/v2\/product_tag?post=64898"}],"curies":[{"name":"wp","href":"https:\/\/api.w.org\/{rel}","templated":true}]}}