{"id":64915,"date":"2026-04-17T20:08:41","date_gmt":"2026-04-17T17:08:41","guid":{"rendered":"https:\/\/nordlinepaadid.ee\/pood\/maaratlemata\/led-prozektor-1852-ohuke-10-30-v-dc-3780-lm\/"},"modified":"2026-04-18T02:05:35","modified_gmt":"2026-04-17T23:05:35","slug":"led-prozektor-1852-ohuke-10-30-v-dc-3780-lm","status":"publish","type":"product","link":"https:\/\/nordlinepaadid.ee\/et\/pood\/navigation-lights-lanterns\/spotlights-torches\/led-prozektor-1852-ohuke-10-30-v-dc-3780-lm\/","title":{"rendered":"LED PRO\u017dEKTOR 1852, \u00f5huke, 10-30 V DC, 3780 lm"},"content":{"rendered":"<p>Tehnilised andmed: 9 LED-kiipi. 3W Osram LED Valguskoonuse kombinatsioon<\/p>\n<p>&#13;<br \/>\n&#13;<\/p>\n<ul>&#13;<\/p>\n<li>Efektiivsus: 27 W<\/li>\n<p>&#13;<\/p>\n<li>Valgusvoog 3780 luumenit \/ 1771,8 luumenit (efektiivne)&nbsp;<\/li>\n<p>&#13;<\/p>\n<li>Pinge 10\u201330 V alalisvool<\/li>\n<p>&#13;<\/p>\n<li>Voolutarbimine 1,63 A\/12 V, 0,85 A\/24 V<\/li>\n<p>&#13;<\/p>\n<li>V\u00e4rvitemperatuur 5700 K<\/li>\n<p>&#13;<\/p>\n<li>Materjal: Korpus valualumiiniumist<\/li>\n<p>&#13;<\/p>\n<li>Paigaldusklamber: AISI 316 roostevaba teras<\/li>\n<p>&#13;<\/p>\n<li>L\u00e4\u00e4tse materjal: Pol\u00fckarbonaat S<\/li>\n<p>&#13;<\/p>\n<li>ertifikaat: CE, R10, RoHS, IP67, IP69K, Emark R23<\/li>\n<p>&#13;\n<\/ul>\n<p>&#13;<\/p>\n","protected":false},"excerpt":{"rendered":"<p>Tehnilised andmed: 9 LED-kiipi. 3W Osram LED Valguskoonuse kombinatsioon &#13; &#13; &#13; Efektiivsus: 27 W &#13; Valgusvoog 3780 luumenit \/ 1771,8 luumenit (efektiivne)&nbsp; &#13; Pinge 10\u201330 V alalisvool &#13; Voolutarbimine 1,63 A\/12 V, 0,85 A\/24 V &#13; V\u00e4rvitemperatuur 5700 K &#13; Materjal: Korpus valualumiiniumist &#13; Paigaldusklamber: AISI 316 roostevaba teras &#13; L\u00e4\u00e4tse materjal: Pol\u00fckarbonaat S&#8230;<\/p>\n","protected":false},"featured_media":56373,"template":"","meta":{"_kad_blocks_custom_css":"","_kad_blocks_head_custom_js":"","_kad_blocks_body_custom_js":"","_kad_blocks_footer_custom_js":"","_kad_post_transparent":"","_kad_post_title":"","_kad_post_layout":"","_kad_post_sidebar_id":"","_kad_post_content_style":"","_kad_post_vertical_padding":"","_kad_post_feature":"","_kad_post_feature_position":"","_kad_post_header":false,"_kad_post_footer":false,"_kad_post_classname":""},"product_brand":[],"product_cat":[238,253],"product_tag":[],"class_list":{"0":"post-64915","1":"product","2":"type-product","3":"status-publish","4":"has-post-thumbnail","6":"product_cat-navigation-lights-lanterns","7":"product_cat-spotlights-torches","8":"pa_color-must","9":"pa_producer-nautec","10":"pa_unit-pcs","11":"tm-no-options","13":"first","14":"instock","15":"taxable","16":"shipping-taxable","17":"purchasable","18":"product-type-simple","19":"entry","20":"content-bg","21":"loop-entry"},"yoast_head":"<!-- This site is optimized with the Yoast SEO plugin v27.3 - https:\/\/yoast.com\/product\/yoast-seo-wordpress\/ -->\n<title>LED PRO\u017dEKTOR 1852, \u00f5huke, 10-30 V DC, 3780 lm - NORDLINE s\u00f5udepaadid ja mootorpaadid. Klaasfiiber materjalist.<\/title>\n<meta name=\"robots\" content=\"index, follow, max-snippet:-1, max-image-preview:large, max-video-preview:-1\" \/>\n<link rel=\"canonical\" href=\"https:\/\/nordlinepaadid.ee\/et\/pood\/navigation-lights-lanterns\/spotlights-torches\/led-prozektor-1852-ohuke-10-30-v-dc-3780-lm\/\" \/>\n<meta property=\"og:locale\" content=\"et_EE\" \/>\n<meta property=\"og:type\" content=\"article\" \/>\n<meta property=\"og:title\" content=\"LED PRO\u017dEKTOR 1852, \u00f5huke, 10-30 V DC, 3780 lm - NORDLINE s\u00f5udepaadid ja mootorpaadid. Klaasfiiber materjalist.\" \/>\n<meta property=\"og:description\" content=\"Tehnilised andmed: 9 LED-kiipi. 3W Osram LED Valguskoonuse kombinatsioon &#013; &#013; &#013; Efektiivsus: 27 W &#013; Valgusvoog 3780 luumenit \/ 1771,8 luumenit (efektiivne)&nbsp; &#013; Pinge 10\u201330 V alalisvool &#013; Voolutarbimine 1,63 A\/12 V, 0,85 A\/24 V &#013; V\u00e4rvitemperatuur 5700 K &#013; Materjal: Korpus valualumiiniumist &#013; Paigaldusklamber: AISI 316 roostevaba teras &#013; L\u00e4\u00e4tse materjal: Pol\u00fckarbonaat S...\" \/>\n<meta property=\"og:url\" content=\"https:\/\/nordlinepaadid.ee\/et\/pood\/navigation-lights-lanterns\/spotlights-torches\/led-prozektor-1852-ohuke-10-30-v-dc-3780-lm\/\" \/>\n<meta property=\"og:site_name\" content=\"NORDLINE s\u00f5udepaadid ja mootorpaadid. Klaasfiiber materjalist.\" \/>\n<meta property=\"article:publisher\" content=\"https:\/\/www.facebook.com\/nordlineboats\" \/>\n<meta property=\"article:modified_time\" content=\"2026-04-17T23:05:35+00:00\" \/>\n<meta property=\"og:image\" content=\"https:\/\/nordlinepaadid.ee\/wp-content\/uploads\/2026\/02\/13452_W1240696_1.jpg\" \/>\n\t<meta property=\"og:image:width\" content=\"600\" \/>\n\t<meta property=\"og:image:height\" content=\"600\" \/>\n\t<meta property=\"og:image:type\" content=\"image\/jpeg\" \/>\n<meta name=\"twitter:card\" content=\"summary_large_image\" \/>\n<script type=\"application\/ld+json\" class=\"yoast-schema-graph\">{\"@context\":\"https:\\\/\\\/schema.org\",\"@graph\":[{\"@type\":\"WebPage\",\"@id\":\"https:\\\/\\\/nordlinepaadid.ee\\\/et\\\/pood\\\/navigation-lights-lanterns\\\/spotlights-torches\\\/led-prozektor-1852-ohuke-10-30-v-dc-3780-lm\\\/\",\"url\":\"https:\\\/\\\/nordlinepaadid.ee\\\/et\\\/pood\\\/navigation-lights-lanterns\\\/spotlights-torches\\\/led-prozektor-1852-ohuke-10-30-v-dc-3780-lm\\\/\",\"name\":\"LED PRO\u017dEKTOR 1852, \u00f5huke, 10-30 V DC, 3780 lm - NORDLINE s\u00f5udepaadid ja mootorpaadid. Klaasfiiber materjalist.\",\"isPartOf\":{\"@id\":\"https:\\\/\\\/nordlinepaadid.ee\\\/et\\\/#website\"},\"primaryImageOfPage\":{\"@id\":\"https:\\\/\\\/nordlinepaadid.ee\\\/et\\\/pood\\\/navigation-lights-lanterns\\\/spotlights-torches\\\/led-prozektor-1852-ohuke-10-30-v-dc-3780-lm\\\/#primaryimage\"},\"image\":{\"@id\":\"https:\\\/\\\/nordlinepaadid.ee\\\/et\\\/pood\\\/navigation-lights-lanterns\\\/spotlights-torches\\\/led-prozektor-1852-ohuke-10-30-v-dc-3780-lm\\\/#primaryimage\"},\"thumbnailUrl\":\"https:\\\/\\\/nordlinepaadid.ee\\\/wp-content\\\/uploads\\\/2026\\\/02\\\/13452_W1240696_1.jpg\",\"datePublished\":\"2026-04-17T17:08:41+00:00\",\"dateModified\":\"2026-04-17T23:05:35+00:00\",\"breadcrumb\":{\"@id\":\"https:\\\/\\\/nordlinepaadid.ee\\\/et\\\/pood\\\/navigation-lights-lanterns\\\/spotlights-torches\\\/led-prozektor-1852-ohuke-10-30-v-dc-3780-lm\\\/#breadcrumb\"},\"inLanguage\":\"et\",\"potentialAction\":[{\"@type\":\"ReadAction\",\"target\":[\"https:\\\/\\\/nordlinepaadid.ee\\\/et\\\/pood\\\/navigation-lights-lanterns\\\/spotlights-torches\\\/led-prozektor-1852-ohuke-10-30-v-dc-3780-lm\\\/\"]}]},{\"@type\":\"ImageObject\",\"inLanguage\":\"et\",\"@id\":\"https:\\\/\\\/nordlinepaadid.ee\\\/et\\\/pood\\\/navigation-lights-lanterns\\\/spotlights-torches\\\/led-prozektor-1852-ohuke-10-30-v-dc-3780-lm\\\/#primaryimage\",\"url\":\"https:\\\/\\\/nordlinepaadid.ee\\\/wp-content\\\/uploads\\\/2026\\\/02\\\/13452_W1240696_1.jpg\",\"contentUrl\":\"https:\\\/\\\/nordlinepaadid.ee\\\/wp-content\\\/uploads\\\/2026\\\/02\\\/13452_W1240696_1.jpg\",\"width\":600,\"height\":600},{\"@type\":\"BreadcrumbList\",\"@id\":\"https:\\\/\\\/nordlinepaadid.ee\\\/et\\\/pood\\\/navigation-lights-lanterns\\\/spotlights-torches\\\/led-prozektor-1852-ohuke-10-30-v-dc-3780-lm\\\/#breadcrumb\",\"itemListElement\":[{\"@type\":\"ListItem\",\"position\":1,\"name\":\"Home\",\"item\":\"https:\\\/\\\/nordlinepaadid.ee\\\/et\\\/\"},{\"@type\":\"ListItem\",\"position\":2,\"name\":\"Pood\",\"item\":\"https:\\\/\\\/nordlinepaadid.ee\\\/et\\\/pood\\\/\"},{\"@type\":\"ListItem\",\"position\":3,\"name\":\"LED PRO\u017dEKTOR 1852, \u00f5huke, 10-30 V DC, 3780 lm\"}]},{\"@type\":\"WebSite\",\"@id\":\"https:\\\/\\\/nordlinepaadid.ee\\\/et\\\/#website\",\"url\":\"https:\\\/\\\/nordlinepaadid.ee\\\/et\\\/\",\"name\":\"NORDLINE s\u00f5udepaadid ja mootorpaadid. Klaasfiiber materjalist.\",\"description\":\"\",\"publisher\":{\"@id\":\"https:\\\/\\\/nordlinepaadid.ee\\\/et\\\/#organization\"},\"potentialAction\":[{\"@type\":\"SearchAction\",\"target\":{\"@type\":\"EntryPoint\",\"urlTemplate\":\"https:\\\/\\\/nordlinepaadid.ee\\\/et\\\/?s={search_term_string}\"},\"query-input\":{\"@type\":\"PropertyValueSpecification\",\"valueRequired\":true,\"valueName\":\"search_term_string\"}}],\"inLanguage\":\"et\"},{\"@type\":\"Organization\",\"@id\":\"https:\\\/\\\/nordlinepaadid.ee\\\/et\\\/#organization\",\"name\":\"Nordlineboats\",\"url\":\"https:\\\/\\\/nordlinepaadid.ee\\\/et\\\/\",\"logo\":{\"@type\":\"ImageObject\",\"inLanguage\":\"et\",\"@id\":\"https:\\\/\\\/nordlinepaadid.ee\\\/et\\\/#\\\/schema\\\/logo\\\/image\\\/\",\"url\":\"https:\\\/\\\/nordlinepaadid.ee\\\/wp-content\\\/uploads\\\/2023\\\/01\\\/fulllogo_transparent_nobuffer-e1672750475494.png\",\"contentUrl\":\"https:\\\/\\\/nordlinepaadid.ee\\\/wp-content\\\/uploads\\\/2023\\\/01\\\/fulllogo_transparent_nobuffer-e1672750475494.png\",\"width\":150,\"height\":119,\"caption\":\"Nordlineboats\"},\"image\":{\"@id\":\"https:\\\/\\\/nordlinepaadid.ee\\\/et\\\/#\\\/schema\\\/logo\\\/image\\\/\"},\"sameAs\":[\"https:\\\/\\\/www.facebook.com\\\/nordlineboats\",\"https:\\\/\\\/www.youtube.com\\\/channel\\\/UCbgF0fy02y3QkFnujaLTaCA\"]}]}<\/script>\n<!-- \/ Yoast SEO plugin. -->","yoast_head_json":{"title":"LED PRO\u017dEKTOR 1852, \u00f5huke, 10-30 V DC, 3780 lm - NORDLINE s\u00f5udepaadid ja mootorpaadid. Klaasfiiber materjalist.","robots":{"index":"index","follow":"follow","max-snippet":"max-snippet:-1","max-image-preview":"max-image-preview:large","max-video-preview":"max-video-preview:-1"},"canonical":"https:\/\/nordlinepaadid.ee\/et\/pood\/navigation-lights-lanterns\/spotlights-torches\/led-prozektor-1852-ohuke-10-30-v-dc-3780-lm\/","og_locale":"et_EE","og_type":"article","og_title":"LED PRO\u017dEKTOR 1852, \u00f5huke, 10-30 V DC, 3780 lm - NORDLINE s\u00f5udepaadid ja mootorpaadid. Klaasfiiber materjalist.","og_description":"Tehnilised andmed: 9 LED-kiipi. 3W Osram LED Valguskoonuse kombinatsioon &#13; &#13; &#13; Efektiivsus: 27 W &#13; Valgusvoog 3780 luumenit \/ 1771,8 luumenit (efektiivne)&nbsp; &#13; Pinge 10\u201330 V alalisvool &#13; Voolutarbimine 1,63 A\/12 V, 0,85 A\/24 V &#13; V\u00e4rvitemperatuur 5700 K &#13; Materjal: Korpus valualumiiniumist &#13; Paigaldusklamber: AISI 316 roostevaba teras &#13; L\u00e4\u00e4tse materjal: Pol\u00fckarbonaat S...","og_url":"https:\/\/nordlinepaadid.ee\/et\/pood\/navigation-lights-lanterns\/spotlights-torches\/led-prozektor-1852-ohuke-10-30-v-dc-3780-lm\/","og_site_name":"NORDLINE s\u00f5udepaadid ja mootorpaadid. Klaasfiiber materjalist.","article_publisher":"https:\/\/www.facebook.com\/nordlineboats","article_modified_time":"2026-04-17T23:05:35+00:00","og_image":[{"width":600,"height":600,"url":"https:\/\/nordlinepaadid.ee\/wp-content\/uploads\/2026\/02\/13452_W1240696_1.jpg","type":"image\/jpeg"}],"twitter_card":"summary_large_image","schema":{"@context":"https:\/\/schema.org","@graph":[{"@type":"WebPage","@id":"https:\/\/nordlinepaadid.ee\/et\/pood\/navigation-lights-lanterns\/spotlights-torches\/led-prozektor-1852-ohuke-10-30-v-dc-3780-lm\/","url":"https:\/\/nordlinepaadid.ee\/et\/pood\/navigation-lights-lanterns\/spotlights-torches\/led-prozektor-1852-ohuke-10-30-v-dc-3780-lm\/","name":"LED PRO\u017dEKTOR 1852, \u00f5huke, 10-30 V DC, 3780 lm - NORDLINE s\u00f5udepaadid ja mootorpaadid. Klaasfiiber materjalist.","isPartOf":{"@id":"https:\/\/nordlinepaadid.ee\/et\/#website"},"primaryImageOfPage":{"@id":"https:\/\/nordlinepaadid.ee\/et\/pood\/navigation-lights-lanterns\/spotlights-torches\/led-prozektor-1852-ohuke-10-30-v-dc-3780-lm\/#primaryimage"},"image":{"@id":"https:\/\/nordlinepaadid.ee\/et\/pood\/navigation-lights-lanterns\/spotlights-torches\/led-prozektor-1852-ohuke-10-30-v-dc-3780-lm\/#primaryimage"},"thumbnailUrl":"https:\/\/nordlinepaadid.ee\/wp-content\/uploads\/2026\/02\/13452_W1240696_1.jpg","datePublished":"2026-04-17T17:08:41+00:00","dateModified":"2026-04-17T23:05:35+00:00","breadcrumb":{"@id":"https:\/\/nordlinepaadid.ee\/et\/pood\/navigation-lights-lanterns\/spotlights-torches\/led-prozektor-1852-ohuke-10-30-v-dc-3780-lm\/#breadcrumb"},"inLanguage":"et","potentialAction":[{"@type":"ReadAction","target":["https:\/\/nordlinepaadid.ee\/et\/pood\/navigation-lights-lanterns\/spotlights-torches\/led-prozektor-1852-ohuke-10-30-v-dc-3780-lm\/"]}]},{"@type":"ImageObject","inLanguage":"et","@id":"https:\/\/nordlinepaadid.ee\/et\/pood\/navigation-lights-lanterns\/spotlights-torches\/led-prozektor-1852-ohuke-10-30-v-dc-3780-lm\/#primaryimage","url":"https:\/\/nordlinepaadid.ee\/wp-content\/uploads\/2026\/02\/13452_W1240696_1.jpg","contentUrl":"https:\/\/nordlinepaadid.ee\/wp-content\/uploads\/2026\/02\/13452_W1240696_1.jpg","width":600,"height":600},{"@type":"BreadcrumbList","@id":"https:\/\/nordlinepaadid.ee\/et\/pood\/navigation-lights-lanterns\/spotlights-torches\/led-prozektor-1852-ohuke-10-30-v-dc-3780-lm\/#breadcrumb","itemListElement":[{"@type":"ListItem","position":1,"name":"Home","item":"https:\/\/nordlinepaadid.ee\/et\/"},{"@type":"ListItem","position":2,"name":"Pood","item":"https:\/\/nordlinepaadid.ee\/et\/pood\/"},{"@type":"ListItem","position":3,"name":"LED PRO\u017dEKTOR 1852, \u00f5huke, 10-30 V DC, 3780 lm"}]},{"@type":"WebSite","@id":"https:\/\/nordlinepaadid.ee\/et\/#website","url":"https:\/\/nordlinepaadid.ee\/et\/","name":"NORDLINE s\u00f5udepaadid ja mootorpaadid. Klaasfiiber materjalist.","description":"","publisher":{"@id":"https:\/\/nordlinepaadid.ee\/et\/#organization"},"potentialAction":[{"@type":"SearchAction","target":{"@type":"EntryPoint","urlTemplate":"https:\/\/nordlinepaadid.ee\/et\/?s={search_term_string}"},"query-input":{"@type":"PropertyValueSpecification","valueRequired":true,"valueName":"search_term_string"}}],"inLanguage":"et"},{"@type":"Organization","@id":"https:\/\/nordlinepaadid.ee\/et\/#organization","name":"Nordlineboats","url":"https:\/\/nordlinepaadid.ee\/et\/","logo":{"@type":"ImageObject","inLanguage":"et","@id":"https:\/\/nordlinepaadid.ee\/et\/#\/schema\/logo\/image\/","url":"https:\/\/nordlinepaadid.ee\/wp-content\/uploads\/2023\/01\/fulllogo_transparent_nobuffer-e1672750475494.png","contentUrl":"https:\/\/nordlinepaadid.ee\/wp-content\/uploads\/2023\/01\/fulllogo_transparent_nobuffer-e1672750475494.png","width":150,"height":119,"caption":"Nordlineboats"},"image":{"@id":"https:\/\/nordlinepaadid.ee\/et\/#\/schema\/logo\/image\/"},"sameAs":["https:\/\/www.facebook.com\/nordlineboats","https:\/\/www.youtube.com\/channel\/UCbgF0fy02y3QkFnujaLTaCA"]}]}},"taxonomy_info":{"product_cat":[{"value":238,"label":"NAVIGATSIOONITULED, LAMBID"},{"value":253,"label":"Prozhektorid, Taskulambid"}],"pa_color":[{"value":684,"label":"Must"}],"pa_producer":[{"value":1842,"label":"Nautec"}],"pa_unit":[{"value":416,"label":"pcs"}]},"featured_image_src_large":["https:\/\/nordlinepaadid.ee\/wp-content\/uploads\/2026\/02\/13452_W1240696_1.jpg",600,600,false],"author_info":[],"comment_info":"","_links":{"self":[{"href":"https:\/\/nordlinepaadid.ee\/et\/wp-json\/wp\/v2\/product\/64915","targetHints":{"allow":["GET"]}}],"collection":[{"href":"https:\/\/nordlinepaadid.ee\/et\/wp-json\/wp\/v2\/product"}],"about":[{"href":"https:\/\/nordlinepaadid.ee\/et\/wp-json\/wp\/v2\/types\/product"}],"wp:featuredmedia":[{"embeddable":true,"href":"https:\/\/nordlinepaadid.ee\/et\/wp-json\/wp\/v2\/media\/56373"}],"wp:attachment":[{"href":"https:\/\/nordlinepaadid.ee\/et\/wp-json\/wp\/v2\/media?parent=64915"}],"wp:term":[{"taxonomy":"product_brand","embeddable":true,"href":"https:\/\/nordlinepaadid.ee\/et\/wp-json\/wp\/v2\/product_brand?post=64915"},{"taxonomy":"product_cat","embeddable":true,"href":"https:\/\/nordlinepaadid.ee\/et\/wp-json\/wp\/v2\/product_cat?post=64915"},{"taxonomy":"product_tag","embeddable":true,"href":"https:\/\/nordlinepaadid.ee\/et\/wp-json\/wp\/v2\/product_tag?post=64915"}],"curies":[{"name":"wp","href":"https:\/\/api.w.org\/{rel}","templated":true}]}}