{"id":64937,"date":"2026-04-17T20:09:58","date_gmt":"2026-04-17T17:09:58","guid":{"rendered":"https:\/\/nordlinepaadid.ee\/pood\/maaratlemata\/voorimootor-hydra-skypoint-gps-12-v-65-lbs-54-137-cm\/"},"modified":"2026-04-18T02:05:40","modified_gmt":"2026-04-17T23:05:40","slug":"voorimootor-hydra-skypoint-gps-12-v-65-lbs-54-137-cm","status":"publish","type":"product","link":"https:\/\/nordlinepaadid.ee\/et\/pood\/paadimootorid\/voorimootor-hydra-skypoint-gps-12-v-65-lbs-54-137-cm\/","title":{"rendered":"V\u00d6\u00d6RIMOOTOR HYDRA SKYPOINT GPS 12 V &#8211; 65 lbs, 54&#8243; (137 cm)"},"content":{"rendered":"<p>Hydra Skypoint GPS 65 on v\u00f6\u00f6rimootor, millel 65lb t\u00f5ukej\u00f5udu, 12V toitepinge ja jala pikkuseks 54\u201d (137cm). Ehk siis n\u00e4itajatelt igati sobilik v\u00e4iksematele, kuni 5.2 m paatidele taevaankruna toimetamiseks. Kui see 65lb on t\u00f5ene, siis on Hydra isegi 20% v\u00f5imsam mootor kui Eestis levinud MotorGuide v\u00f5i Minn Kota 55lb 12V mootorid. Mootori p\u00e4ritolu kohta t\u00e4psemad andmed puuduvad. Maaletooja v\u00e4itel pannakse see kokku miskis endises MotorGuide tehases. Eks paljud s\u00f5lmed toodetakse nagunii Hiinas v\u00f5i mujal Aasias, aga see on t\u00e4na samamoodi juba pea k\u00f5igil toodetel. Tehnilistelt andmetelt on mootor \u00fcpris sarnane muudele 12V mootoritele. Toiteallikana on soovitav kasutada plii- v\u00f5i liitium-p\u00fcsitoiteakut, optimaalse mahtuvusega vahemikus 80-120Ah. Klassikalised elektrol\u00fc\u00fct-k\u00e4ivitusakud sellele valule eriti pikalt vastu ei pea. Toitejuhtmeid pikendades tuleks kasutada 10-16mm2 l\u00e4bim\u00f5\u00f5duga kaableid, kuna seal v\u00f5ib suurema koormuse korral liikuda kuni 50A voolu.<\/p>\n<p>&#13;<br \/>\n&#13;<\/p>\n<p>&nbsp;<\/p>\n<p>&#13;<br \/>\n&#13;<\/p>\n<p>Mootori vettelaskmine k\u00e4ib k\u00e4sitsi, lukustuspedaali allavajutamisega nagu enamikul v\u00f6\u00f6rimootoritel. S\u00fcgavuse regulaatoriks on jalal asuv muudetava asendiga klamberfiksaator. Mootori pult on ekraaniga ja t\u00f6\u00f6tab patareide peal (3 tk standardseid AAA patareisid). Madala taustvalguse puhul on patareide kestvuseks kuni 100 tundi. Patareide vahetamine on lihtne, tasub neid lihtsalt paadis kaasas omada. Puldi abiga tehakse esmasel sissel\u00fclitamisel ka kalibreerimised ja h\u00e4\u00e4lestused (nt paadi suuruse fikseerimine), mis tagavad mootori parema t\u00f6\u00f6. Lisaks puldile on mootoril v\u00f5imalik kasutada ka jalapedaali.<\/p>\n<p>&#13;<\/p>\n","protected":false},"excerpt":{"rendered":"<p>Hydra Skypoint GPS 65 on v\u00f6\u00f6rimootor, millel 65lb t\u00f5ukej\u00f5udu, 12V toitepinge ja jala pikkuseks 54\u201d (137cm). Ehk siis n\u00e4itajatelt igati sobilik v\u00e4iksematele, kuni 5.2 m paatidele taevaankruna toimetamiseks. Kui see 65lb on t\u00f5ene, siis on Hydra isegi 20% v\u00f5imsam mootor kui Eestis levinud MotorGuide v\u00f5i Minn Kota 55lb 12V mootorid. Mootori p\u00e4ritolu kohta t\u00e4psemad andmed&#8230;<\/p>\n","protected":false},"featured_media":54396,"template":"","meta":{"_kad_blocks_custom_css":"","_kad_blocks_head_custom_js":"","_kad_blocks_body_custom_js":"","_kad_blocks_footer_custom_js":"","_kad_post_transparent":"","_kad_post_title":"","_kad_post_layout":"","_kad_post_sidebar_id":"","_kad_post_content_style":"","_kad_post_vertical_padding":"","_kad_post_feature":"","_kad_post_feature_position":"","_kad_post_header":false,"_kad_post_footer":false,"_kad_post_classname":""},"product_brand":[],"product_cat":[343,342],"product_tag":[],"class_list":{"0":"post-64937","1":"product","2":"type-product","3":"status-publish","4":"has-post-thumbnail","6":"product_cat-elektrilised-paadimootorid","7":"product_cat-paadimootorid","8":"pa_color-must","9":"pa_unit-pcs","10":"tm-no-options","12":"first","13":"onbackorder","14":"sale","15":"taxable","16":"shipping-taxable","17":"purchasable","18":"product-type-simple","19":"entry","20":"content-bg","21":"loop-entry"},"yoast_head":"<!-- This site is optimized with the Yoast SEO plugin v27.3 - https:\/\/yoast.com\/product\/yoast-seo-wordpress\/ -->\n<title>V\u00d6\u00d6RIMOOTOR HYDRA SKYPOINT GPS 12 V - 65 lbs, 54&quot; (137 cm) - NORDLINE s\u00f5udepaadid ja mootorpaadid. Klaasfiiber materjalist.<\/title>\n<meta name=\"robots\" content=\"index, follow, max-snippet:-1, max-image-preview:large, max-video-preview:-1\" \/>\n<link rel=\"canonical\" href=\"https:\/\/nordlinepaadid.ee\/et\/pood\/paadimootorid\/voorimootor-hydra-skypoint-gps-12-v-65-lbs-54-137-cm\/\" \/>\n<meta property=\"og:locale\" content=\"et_EE\" \/>\n<meta property=\"og:type\" content=\"article\" \/>\n<meta property=\"og:title\" content=\"V\u00d6\u00d6RIMOOTOR HYDRA SKYPOINT GPS 12 V - 65 lbs, 54&quot; (137 cm) - NORDLINE s\u00f5udepaadid ja mootorpaadid. Klaasfiiber materjalist.\" \/>\n<meta property=\"og:description\" content=\"Hydra Skypoint GPS 65 on v\u00f6\u00f6rimootor, millel 65lb t\u00f5ukej\u00f5udu, 12V toitepinge ja jala pikkuseks 54\u201d (137cm). Ehk siis n\u00e4itajatelt igati sobilik v\u00e4iksematele, kuni 5.2 m paatidele taevaankruna toimetamiseks. Kui see 65lb on t\u00f5ene, siis on Hydra isegi 20% v\u00f5imsam mootor kui Eestis levinud MotorGuide v\u00f5i Minn Kota 55lb 12V mootorid. Mootori p\u00e4ritolu kohta t\u00e4psemad andmed...\" \/>\n<meta property=\"og:url\" content=\"https:\/\/nordlinepaadid.ee\/et\/pood\/paadimootorid\/voorimootor-hydra-skypoint-gps-12-v-65-lbs-54-137-cm\/\" \/>\n<meta property=\"og:site_name\" content=\"NORDLINE s\u00f5udepaadid ja mootorpaadid. Klaasfiiber materjalist.\" \/>\n<meta property=\"article:publisher\" content=\"https:\/\/www.facebook.com\/nordlineboats\" \/>\n<meta property=\"article:modified_time\" content=\"2026-04-17T23:05:40+00:00\" \/>\n<meta property=\"og:image\" content=\"https:\/\/nordlinepaadid.ee\/wp-content\/uploads\/2026\/02\/13495_1_HYDRA.webp\" \/>\n\t<meta property=\"og:image:width\" content=\"1000\" \/>\n\t<meta property=\"og:image:height\" content=\"1463\" \/>\n\t<meta property=\"og:image:type\" content=\"image\/webp\" \/>\n<meta name=\"twitter:card\" content=\"summary_large_image\" \/>\n<meta name=\"twitter:label1\" content=\"Est. reading time\" \/>\n\t<meta name=\"twitter:data1\" content=\"1 minut\" \/>\n<script type=\"application\/ld+json\" class=\"yoast-schema-graph\">{\"@context\":\"https:\\\/\\\/schema.org\",\"@graph\":[{\"@type\":\"WebPage\",\"@id\":\"https:\\\/\\\/nordlinepaadid.ee\\\/et\\\/pood\\\/paadimootorid\\\/voorimootor-hydra-skypoint-gps-12-v-65-lbs-54-137-cm\\\/\",\"url\":\"https:\\\/\\\/nordlinepaadid.ee\\\/et\\\/pood\\\/paadimootorid\\\/voorimootor-hydra-skypoint-gps-12-v-65-lbs-54-137-cm\\\/\",\"name\":\"V\u00d6\u00d6RIMOOTOR HYDRA SKYPOINT GPS 12 V - 65 lbs, 54\\\" (137 cm) - NORDLINE s\u00f5udepaadid ja mootorpaadid. Klaasfiiber materjalist.\",\"isPartOf\":{\"@id\":\"https:\\\/\\\/nordlinepaadid.ee\\\/et\\\/#website\"},\"primaryImageOfPage\":{\"@id\":\"https:\\\/\\\/nordlinepaadid.ee\\\/et\\\/pood\\\/paadimootorid\\\/voorimootor-hydra-skypoint-gps-12-v-65-lbs-54-137-cm\\\/#primaryimage\"},\"image\":{\"@id\":\"https:\\\/\\\/nordlinepaadid.ee\\\/et\\\/pood\\\/paadimootorid\\\/voorimootor-hydra-skypoint-gps-12-v-65-lbs-54-137-cm\\\/#primaryimage\"},\"thumbnailUrl\":\"https:\\\/\\\/nordlinepaadid.ee\\\/wp-content\\\/uploads\\\/2026\\\/02\\\/13495_1_HYDRA.webp\",\"datePublished\":\"2026-04-17T17:09:58+00:00\",\"dateModified\":\"2026-04-17T23:05:40+00:00\",\"breadcrumb\":{\"@id\":\"https:\\\/\\\/nordlinepaadid.ee\\\/et\\\/pood\\\/paadimootorid\\\/voorimootor-hydra-skypoint-gps-12-v-65-lbs-54-137-cm\\\/#breadcrumb\"},\"inLanguage\":\"et\",\"potentialAction\":[{\"@type\":\"ReadAction\",\"target\":[\"https:\\\/\\\/nordlinepaadid.ee\\\/et\\\/pood\\\/paadimootorid\\\/voorimootor-hydra-skypoint-gps-12-v-65-lbs-54-137-cm\\\/\"]}]},{\"@type\":\"ImageObject\",\"inLanguage\":\"et\",\"@id\":\"https:\\\/\\\/nordlinepaadid.ee\\\/et\\\/pood\\\/paadimootorid\\\/voorimootor-hydra-skypoint-gps-12-v-65-lbs-54-137-cm\\\/#primaryimage\",\"url\":\"https:\\\/\\\/nordlinepaadid.ee\\\/wp-content\\\/uploads\\\/2026\\\/02\\\/13495_1_HYDRA.webp\",\"contentUrl\":\"https:\\\/\\\/nordlinepaadid.ee\\\/wp-content\\\/uploads\\\/2026\\\/02\\\/13495_1_HYDRA.webp\",\"width\":1000,\"height\":1463},{\"@type\":\"BreadcrumbList\",\"@id\":\"https:\\\/\\\/nordlinepaadid.ee\\\/et\\\/pood\\\/paadimootorid\\\/voorimootor-hydra-skypoint-gps-12-v-65-lbs-54-137-cm\\\/#breadcrumb\",\"itemListElement\":[{\"@type\":\"ListItem\",\"position\":1,\"name\":\"Home\",\"item\":\"https:\\\/\\\/nordlinepaadid.ee\\\/et\\\/\"},{\"@type\":\"ListItem\",\"position\":2,\"name\":\"Pood\",\"item\":\"https:\\\/\\\/nordlinepaadid.ee\\\/et\\\/pood\\\/\"},{\"@type\":\"ListItem\",\"position\":3,\"name\":\"V\u00d6\u00d6RIMOOTOR HYDRA SKYPOINT GPS 12 V &#8211; 65 lbs, 54&#8243; (137 cm)\"}]},{\"@type\":\"WebSite\",\"@id\":\"https:\\\/\\\/nordlinepaadid.ee\\\/et\\\/#website\",\"url\":\"https:\\\/\\\/nordlinepaadid.ee\\\/et\\\/\",\"name\":\"NORDLINE s\u00f5udepaadid ja mootorpaadid. Klaasfiiber materjalist.\",\"description\":\"\",\"publisher\":{\"@id\":\"https:\\\/\\\/nordlinepaadid.ee\\\/et\\\/#organization\"},\"potentialAction\":[{\"@type\":\"SearchAction\",\"target\":{\"@type\":\"EntryPoint\",\"urlTemplate\":\"https:\\\/\\\/nordlinepaadid.ee\\\/et\\\/?s={search_term_string}\"},\"query-input\":{\"@type\":\"PropertyValueSpecification\",\"valueRequired\":true,\"valueName\":\"search_term_string\"}}],\"inLanguage\":\"et\"},{\"@type\":\"Organization\",\"@id\":\"https:\\\/\\\/nordlinepaadid.ee\\\/et\\\/#organization\",\"name\":\"Nordlineboats\",\"url\":\"https:\\\/\\\/nordlinepaadid.ee\\\/et\\\/\",\"logo\":{\"@type\":\"ImageObject\",\"inLanguage\":\"et\",\"@id\":\"https:\\\/\\\/nordlinepaadid.ee\\\/et\\\/#\\\/schema\\\/logo\\\/image\\\/\",\"url\":\"https:\\\/\\\/nordlinepaadid.ee\\\/wp-content\\\/uploads\\\/2023\\\/01\\\/fulllogo_transparent_nobuffer-e1672750475494.png\",\"contentUrl\":\"https:\\\/\\\/nordlinepaadid.ee\\\/wp-content\\\/uploads\\\/2023\\\/01\\\/fulllogo_transparent_nobuffer-e1672750475494.png\",\"width\":150,\"height\":119,\"caption\":\"Nordlineboats\"},\"image\":{\"@id\":\"https:\\\/\\\/nordlinepaadid.ee\\\/et\\\/#\\\/schema\\\/logo\\\/image\\\/\"},\"sameAs\":[\"https:\\\/\\\/www.facebook.com\\\/nordlineboats\",\"https:\\\/\\\/www.youtube.com\\\/channel\\\/UCbgF0fy02y3QkFnujaLTaCA\"]}]}<\/script>\n<!-- \/ Yoast SEO plugin. -->","yoast_head_json":{"title":"V\u00d6\u00d6RIMOOTOR HYDRA SKYPOINT GPS 12 V - 65 lbs, 54\" (137 cm) - NORDLINE s\u00f5udepaadid ja mootorpaadid. Klaasfiiber materjalist.","robots":{"index":"index","follow":"follow","max-snippet":"max-snippet:-1","max-image-preview":"max-image-preview:large","max-video-preview":"max-video-preview:-1"},"canonical":"https:\/\/nordlinepaadid.ee\/et\/pood\/paadimootorid\/voorimootor-hydra-skypoint-gps-12-v-65-lbs-54-137-cm\/","og_locale":"et_EE","og_type":"article","og_title":"V\u00d6\u00d6RIMOOTOR HYDRA SKYPOINT GPS 12 V - 65 lbs, 54\" (137 cm) - NORDLINE s\u00f5udepaadid ja mootorpaadid. Klaasfiiber materjalist.","og_description":"Hydra Skypoint GPS 65 on v\u00f6\u00f6rimootor, millel 65lb t\u00f5ukej\u00f5udu, 12V toitepinge ja jala pikkuseks 54\u201d (137cm). Ehk siis n\u00e4itajatelt igati sobilik v\u00e4iksematele, kuni 5.2 m paatidele taevaankruna toimetamiseks. Kui see 65lb on t\u00f5ene, siis on Hydra isegi 20% v\u00f5imsam mootor kui Eestis levinud MotorGuide v\u00f5i Minn Kota 55lb 12V mootorid. Mootori p\u00e4ritolu kohta t\u00e4psemad andmed...","og_url":"https:\/\/nordlinepaadid.ee\/et\/pood\/paadimootorid\/voorimootor-hydra-skypoint-gps-12-v-65-lbs-54-137-cm\/","og_site_name":"NORDLINE s\u00f5udepaadid ja mootorpaadid. Klaasfiiber materjalist.","article_publisher":"https:\/\/www.facebook.com\/nordlineboats","article_modified_time":"2026-04-17T23:05:40+00:00","og_image":[{"width":1000,"height":1463,"url":"https:\/\/nordlinepaadid.ee\/wp-content\/uploads\/2026\/02\/13495_1_HYDRA.webp","type":"image\/webp"}],"twitter_card":"summary_large_image","twitter_misc":{"Est. reading time":"1 minut"},"schema":{"@context":"https:\/\/schema.org","@graph":[{"@type":"WebPage","@id":"https:\/\/nordlinepaadid.ee\/et\/pood\/paadimootorid\/voorimootor-hydra-skypoint-gps-12-v-65-lbs-54-137-cm\/","url":"https:\/\/nordlinepaadid.ee\/et\/pood\/paadimootorid\/voorimootor-hydra-skypoint-gps-12-v-65-lbs-54-137-cm\/","name":"V\u00d6\u00d6RIMOOTOR HYDRA SKYPOINT GPS 12 V - 65 lbs, 54\" (137 cm) - NORDLINE s\u00f5udepaadid ja mootorpaadid. Klaasfiiber materjalist.","isPartOf":{"@id":"https:\/\/nordlinepaadid.ee\/et\/#website"},"primaryImageOfPage":{"@id":"https:\/\/nordlinepaadid.ee\/et\/pood\/paadimootorid\/voorimootor-hydra-skypoint-gps-12-v-65-lbs-54-137-cm\/#primaryimage"},"image":{"@id":"https:\/\/nordlinepaadid.ee\/et\/pood\/paadimootorid\/voorimootor-hydra-skypoint-gps-12-v-65-lbs-54-137-cm\/#primaryimage"},"thumbnailUrl":"https:\/\/nordlinepaadid.ee\/wp-content\/uploads\/2026\/02\/13495_1_HYDRA.webp","datePublished":"2026-04-17T17:09:58+00:00","dateModified":"2026-04-17T23:05:40+00:00","breadcrumb":{"@id":"https:\/\/nordlinepaadid.ee\/et\/pood\/paadimootorid\/voorimootor-hydra-skypoint-gps-12-v-65-lbs-54-137-cm\/#breadcrumb"},"inLanguage":"et","potentialAction":[{"@type":"ReadAction","target":["https:\/\/nordlinepaadid.ee\/et\/pood\/paadimootorid\/voorimootor-hydra-skypoint-gps-12-v-65-lbs-54-137-cm\/"]}]},{"@type":"ImageObject","inLanguage":"et","@id":"https:\/\/nordlinepaadid.ee\/et\/pood\/paadimootorid\/voorimootor-hydra-skypoint-gps-12-v-65-lbs-54-137-cm\/#primaryimage","url":"https:\/\/nordlinepaadid.ee\/wp-content\/uploads\/2026\/02\/13495_1_HYDRA.webp","contentUrl":"https:\/\/nordlinepaadid.ee\/wp-content\/uploads\/2026\/02\/13495_1_HYDRA.webp","width":1000,"height":1463},{"@type":"BreadcrumbList","@id":"https:\/\/nordlinepaadid.ee\/et\/pood\/paadimootorid\/voorimootor-hydra-skypoint-gps-12-v-65-lbs-54-137-cm\/#breadcrumb","itemListElement":[{"@type":"ListItem","position":1,"name":"Home","item":"https:\/\/nordlinepaadid.ee\/et\/"},{"@type":"ListItem","position":2,"name":"Pood","item":"https:\/\/nordlinepaadid.ee\/et\/pood\/"},{"@type":"ListItem","position":3,"name":"V\u00d6\u00d6RIMOOTOR HYDRA SKYPOINT GPS 12 V &#8211; 65 lbs, 54&#8243; (137 cm)"}]},{"@type":"WebSite","@id":"https:\/\/nordlinepaadid.ee\/et\/#website","url":"https:\/\/nordlinepaadid.ee\/et\/","name":"NORDLINE s\u00f5udepaadid ja mootorpaadid. Klaasfiiber materjalist.","description":"","publisher":{"@id":"https:\/\/nordlinepaadid.ee\/et\/#organization"},"potentialAction":[{"@type":"SearchAction","target":{"@type":"EntryPoint","urlTemplate":"https:\/\/nordlinepaadid.ee\/et\/?s={search_term_string}"},"query-input":{"@type":"PropertyValueSpecification","valueRequired":true,"valueName":"search_term_string"}}],"inLanguage":"et"},{"@type":"Organization","@id":"https:\/\/nordlinepaadid.ee\/et\/#organization","name":"Nordlineboats","url":"https:\/\/nordlinepaadid.ee\/et\/","logo":{"@type":"ImageObject","inLanguage":"et","@id":"https:\/\/nordlinepaadid.ee\/et\/#\/schema\/logo\/image\/","url":"https:\/\/nordlinepaadid.ee\/wp-content\/uploads\/2023\/01\/fulllogo_transparent_nobuffer-e1672750475494.png","contentUrl":"https:\/\/nordlinepaadid.ee\/wp-content\/uploads\/2023\/01\/fulllogo_transparent_nobuffer-e1672750475494.png","width":150,"height":119,"caption":"Nordlineboats"},"image":{"@id":"https:\/\/nordlinepaadid.ee\/et\/#\/schema\/logo\/image\/"},"sameAs":["https:\/\/www.facebook.com\/nordlineboats","https:\/\/www.youtube.com\/channel\/UCbgF0fy02y3QkFnujaLTaCA"]}]}},"taxonomy_info":{"product_cat":[{"value":343,"label":"ELEKTRILISED PAADIMOOTORID"},{"value":342,"label":"PAADIMOOTORID"}],"pa_color":[{"value":684,"label":"Must"}],"pa_unit":[{"value":416,"label":"pcs"}]},"featured_image_src_large":["https:\/\/nordlinepaadid.ee\/wp-content\/uploads\/2026\/02\/13495_1_HYDRA-700x1024.webp",700,1024,true],"author_info":[],"comment_info":"","_links":{"self":[{"href":"https:\/\/nordlinepaadid.ee\/et\/wp-json\/wp\/v2\/product\/64937","targetHints":{"allow":["GET"]}}],"collection":[{"href":"https:\/\/nordlinepaadid.ee\/et\/wp-json\/wp\/v2\/product"}],"about":[{"href":"https:\/\/nordlinepaadid.ee\/et\/wp-json\/wp\/v2\/types\/product"}],"wp:featuredmedia":[{"embeddable":true,"href":"https:\/\/nordlinepaadid.ee\/et\/wp-json\/wp\/v2\/media\/54396"}],"wp:attachment":[{"href":"https:\/\/nordlinepaadid.ee\/et\/wp-json\/wp\/v2\/media?parent=64937"}],"wp:term":[{"taxonomy":"product_brand","embeddable":true,"href":"https:\/\/nordlinepaadid.ee\/et\/wp-json\/wp\/v2\/product_brand?post=64937"},{"taxonomy":"product_cat","embeddable":true,"href":"https:\/\/nordlinepaadid.ee\/et\/wp-json\/wp\/v2\/product_cat?post=64937"},{"taxonomy":"product_tag","embeddable":true,"href":"https:\/\/nordlinepaadid.ee\/et\/wp-json\/wp\/v2\/product_tag?post=64937"}],"curies":[{"name":"wp","href":"https:\/\/api.w.org\/{rel}","templated":true}]}}