{"id":64965,"date":"2026-04-17T20:11:38","date_gmt":"2026-04-17T17:11:38","guid":{"rendered":"https:\/\/nordlinepaadid.ee\/pood\/maaratlemata\/kulmkast-1852-95-l-kompressoriga\/"},"modified":"2026-04-18T02:05:46","modified_gmt":"2026-04-17T23:05:46","slug":"kulmkast-1852-95-l-kompressoriga","status":"publish","type":"product","link":"https:\/\/nordlinepaadid.ee\/et\/pood\/heating-cooling-cooking\/kulmikud-boilerid-pliidid\/kulmkast-1852-95-l-kompressoriga\/","title":{"rendered":"K\u00dcLMKAST &#8211; 1852, 95 L, KOMPRESSORIGA"},"content":{"rendered":"<p style=\"text-align:justify\">1852 kompressoriboks sobib ideaalselt paati, autosse, haagissuvilasse. Kompressorbokser kaheosaline k\u00fclmik\/s\u00fcgavk\u00fclmik: \u00b7 LCD-ekraan\/juhtpaneel \u00b7 USB-pesa mobiiltelefonide, tulede, tahvelarvutite jms laadimiseks. \u00b7 3-astmeline akukate \u00b7 M\u00f5lemale 12\/24 Vdc v\u00f5i 110-240 voldile \u00b7 Kompressor jahutab v\u00f5i k\u00fclmutab kuni -20\u00b0C \u00b7 LG kompressoriga \u00b7 Universaalne toiteallikas sigaretipistikutele 2,5 meetri pikkuse kaabliga \u00b7 V\u00f5imalus t\u00f6\u00f6tada integreeritud akuga (aku ei kuulu komplekti) \u00b7 95 liitrit LED-valgust, mis s\u00fcttib kaane avamisel. \u00b7 Varustatud v\u00f5imsate kandek\u00e4epidemete ja temperatuuri kuvava ekraaniga. \u00b7 Kaant saab avada m\u00f5lemale poole \u00b7 Digitaalne paneel, mis v\u00f5imaldab jahutit h\u00f5lpsalt ja \u00f6konoomselt juhtida \u00b7 Kompressorjahuti juhtimine Alpicool rakenduse kaudu \u00b7 Kaheosaline k\u00fclmik\/s\u00fcgavk\u00fclmik v\u00f5i k\u00fclmik\/s\u00fcgavk\u00fclmik \u00b7 M\u00f5\u00f5tmed 826 x 528 x 465 mm (+ 25 mm m\u00f5lemal k\u00fcljel) \u00b7 Energiatarve 6 (12V)\/3 (24V) amprit &#8211; 0,3 kWh\/24t<\/p>\n<p>&#13;<br \/>\n&#13;<\/p>\n<p>&nbsp;<\/p>\n<p>&#13;<br \/>\n&#13;<\/p>\n<p>! Akuga on teil 4-24 tundi kasutusaega, olenevalt seatud jahutusv\u00e4\u00e4rtustest !<\/p>\n<p>&#13;<br \/>\n&#13;<\/p>\n<p>&nbsp;<\/p>\n<p>&#13;<br \/>\n&#13;<\/p>\n<p>Andmed:<\/p>\n<p>&#13;<br \/>\n&#13;<\/p>\n<p>Jahutusvedelik: R600a<\/p>\n<p>&#13;<br \/>\n&#13;<\/p>\n<p>M\u00f5\u00f5tmed: 826 x 528 x 465 mm (+ 25 mm m\u00f5lemal k\u00fcljel)<\/p>\n<p>&#13;<br \/>\n&#13;<\/p>\n<p>Temperatuur: -20 kuni +10 \u00b0<\/p>\n<p>&#13;<br \/>\n&#13;<\/p>\n<p>Kaal: 24,00 kg<\/p>\n<p>&#13;<br \/>\n&#13;<\/p>\n<p>Pinge: 12\/24 v\u00f5i 110-240 V<\/p>\n<p>&#13;<br \/>\n&#13;<\/p>\n<p>Maht: 95 l<\/p>\n<p>&#13;<\/p>\n","protected":false},"excerpt":{"rendered":"<p>1852 kompressoriboks sobib ideaalselt paati, autosse, haagissuvilasse. Kompressorbokser kaheosaline k\u00fclmik\/s\u00fcgavk\u00fclmik: \u00b7 LCD-ekraan\/juhtpaneel \u00b7 USB-pesa mobiiltelefonide, tulede, tahvelarvutite jms laadimiseks. \u00b7 3-astmeline akukate \u00b7 M\u00f5lemale 12\/24 Vdc v\u00f5i 110-240 voldile \u00b7 Kompressor jahutab v\u00f5i k\u00fclmutab kuni -20\u00b0C \u00b7 LG kompressoriga \u00b7 Universaalne toiteallikas sigaretipistikutele 2,5 meetri pikkuse kaabliga \u00b7 V\u00f5imalus t\u00f6\u00f6tada integreeritud akuga (aku ei kuulu&#8230;<\/p>\n","protected":false},"featured_media":0,"template":"","meta":{"_kad_blocks_custom_css":"","_kad_blocks_head_custom_js":"","_kad_blocks_body_custom_js":"","_kad_blocks_footer_custom_js":"","_kad_post_transparent":"","_kad_post_title":"","_kad_post_layout":"","_kad_post_sidebar_id":"","_kad_post_content_style":"","_kad_post_vertical_padding":"","_kad_post_feature":"","_kad_post_feature_position":"","_kad_post_header":false,"_kad_post_footer":false,"_kad_post_classname":""},"product_brand":[],"product_cat":[356,1780,359],"product_tag":[],"class_list":{"0":"post-64965","1":"product","2":"type-product","3":"status-publish","5":"product_cat-kulmikud-boilerid-pliidid","6":"product_cat-kutteseadmed-jahutusseadmed","7":"product_cat-heating-cooling-cooking","8":"pa_color-must","9":"pa_producer-1867","10":"pa_unit-pcs","11":"tm-no-options","13":"first","14":"instock","15":"taxable","16":"shipping-taxable","17":"purchasable","18":"product-type-simple","19":"entry","20":"content-bg","21":"loop-entry"},"yoast_head":"<!-- This site is optimized with the Yoast SEO plugin v27.3 - https:\/\/yoast.com\/product\/yoast-seo-wordpress\/ -->\n<title>K\u00dcLMKAST - 1852, 95 L, KOMPRESSORIGA - NORDLINE s\u00f5udepaadid ja mootorpaadid. Klaasfiiber materjalist.<\/title>\n<meta name=\"robots\" content=\"index, follow, max-snippet:-1, max-image-preview:large, max-video-preview:-1\" \/>\n<link rel=\"canonical\" href=\"https:\/\/nordlinepaadid.ee\/et\/pood\/heating-cooling-cooking\/kulmikud-boilerid-pliidid\/kulmkast-1852-95-l-kompressoriga\/\" \/>\n<meta property=\"og:locale\" content=\"et_EE\" \/>\n<meta property=\"og:type\" content=\"article\" \/>\n<meta property=\"og:title\" content=\"K\u00dcLMKAST - 1852, 95 L, KOMPRESSORIGA - NORDLINE s\u00f5udepaadid ja mootorpaadid. Klaasfiiber materjalist.\" \/>\n<meta property=\"og:description\" content=\"1852 kompressoriboks sobib ideaalselt paati, autosse, haagissuvilasse. Kompressorbokser kaheosaline k\u00fclmik\/s\u00fcgavk\u00fclmik: \u00b7 LCD-ekraan\/juhtpaneel \u00b7 USB-pesa mobiiltelefonide, tulede, tahvelarvutite jms laadimiseks. \u00b7 3-astmeline akukate \u00b7 M\u00f5lemale 12\/24 Vdc v\u00f5i 110-240 voldile \u00b7 Kompressor jahutab v\u00f5i k\u00fclmutab kuni -20\u00b0C \u00b7 LG kompressoriga \u00b7 Universaalne toiteallikas sigaretipistikutele 2,5 meetri pikkuse kaabliga \u00b7 V\u00f5imalus t\u00f6\u00f6tada integreeritud akuga (aku ei kuulu...\" \/>\n<meta property=\"og:url\" content=\"https:\/\/nordlinepaadid.ee\/et\/pood\/heating-cooling-cooking\/kulmikud-boilerid-pliidid\/kulmkast-1852-95-l-kompressoriga\/\" \/>\n<meta property=\"og:site_name\" content=\"NORDLINE s\u00f5udepaadid ja mootorpaadid. Klaasfiiber materjalist.\" \/>\n<meta property=\"article:publisher\" content=\"https:\/\/www.facebook.com\/nordlineboats\" \/>\n<meta property=\"article:modified_time\" content=\"2026-04-17T23:05:46+00:00\" \/>\n<meta name=\"twitter:card\" content=\"summary_large_image\" \/>\n<meta name=\"twitter:label1\" content=\"Est. reading time\" \/>\n\t<meta name=\"twitter:data1\" content=\"1 minut\" \/>\n<script type=\"application\/ld+json\" class=\"yoast-schema-graph\">{\"@context\":\"https:\\\/\\\/schema.org\",\"@graph\":[{\"@type\":\"WebPage\",\"@id\":\"https:\\\/\\\/nordlinepaadid.ee\\\/et\\\/pood\\\/heating-cooling-cooking\\\/kulmikud-boilerid-pliidid\\\/kulmkast-1852-95-l-kompressoriga\\\/\",\"url\":\"https:\\\/\\\/nordlinepaadid.ee\\\/et\\\/pood\\\/heating-cooling-cooking\\\/kulmikud-boilerid-pliidid\\\/kulmkast-1852-95-l-kompressoriga\\\/\",\"name\":\"K\u00dcLMKAST - 1852, 95 L, KOMPRESSORIGA - NORDLINE s\u00f5udepaadid ja mootorpaadid. Klaasfiiber materjalist.\",\"isPartOf\":{\"@id\":\"https:\\\/\\\/nordlinepaadid.ee\\\/et\\\/#website\"},\"datePublished\":\"2026-04-17T17:11:38+00:00\",\"dateModified\":\"2026-04-17T23:05:46+00:00\",\"breadcrumb\":{\"@id\":\"https:\\\/\\\/nordlinepaadid.ee\\\/et\\\/pood\\\/heating-cooling-cooking\\\/kulmikud-boilerid-pliidid\\\/kulmkast-1852-95-l-kompressoriga\\\/#breadcrumb\"},\"inLanguage\":\"et\",\"potentialAction\":[{\"@type\":\"ReadAction\",\"target\":[\"https:\\\/\\\/nordlinepaadid.ee\\\/et\\\/pood\\\/heating-cooling-cooking\\\/kulmikud-boilerid-pliidid\\\/kulmkast-1852-95-l-kompressoriga\\\/\"]}]},{\"@type\":\"BreadcrumbList\",\"@id\":\"https:\\\/\\\/nordlinepaadid.ee\\\/et\\\/pood\\\/heating-cooling-cooking\\\/kulmikud-boilerid-pliidid\\\/kulmkast-1852-95-l-kompressoriga\\\/#breadcrumb\",\"itemListElement\":[{\"@type\":\"ListItem\",\"position\":1,\"name\":\"Home\",\"item\":\"https:\\\/\\\/nordlinepaadid.ee\\\/et\\\/\"},{\"@type\":\"ListItem\",\"position\":2,\"name\":\"Pood\",\"item\":\"https:\\\/\\\/nordlinepaadid.ee\\\/et\\\/pood\\\/\"},{\"@type\":\"ListItem\",\"position\":3,\"name\":\"K\u00dcLMKAST &#8211; 1852, 95 L, KOMPRESSORIGA\"}]},{\"@type\":\"WebSite\",\"@id\":\"https:\\\/\\\/nordlinepaadid.ee\\\/et\\\/#website\",\"url\":\"https:\\\/\\\/nordlinepaadid.ee\\\/et\\\/\",\"name\":\"NORDLINE s\u00f5udepaadid ja mootorpaadid. Klaasfiiber materjalist.\",\"description\":\"\",\"publisher\":{\"@id\":\"https:\\\/\\\/nordlinepaadid.ee\\\/et\\\/#organization\"},\"potentialAction\":[{\"@type\":\"SearchAction\",\"target\":{\"@type\":\"EntryPoint\",\"urlTemplate\":\"https:\\\/\\\/nordlinepaadid.ee\\\/et\\\/?s={search_term_string}\"},\"query-input\":{\"@type\":\"PropertyValueSpecification\",\"valueRequired\":true,\"valueName\":\"search_term_string\"}}],\"inLanguage\":\"et\"},{\"@type\":\"Organization\",\"@id\":\"https:\\\/\\\/nordlinepaadid.ee\\\/et\\\/#organization\",\"name\":\"Nordlineboats\",\"url\":\"https:\\\/\\\/nordlinepaadid.ee\\\/et\\\/\",\"logo\":{\"@type\":\"ImageObject\",\"inLanguage\":\"et\",\"@id\":\"https:\\\/\\\/nordlinepaadid.ee\\\/et\\\/#\\\/schema\\\/logo\\\/image\\\/\",\"url\":\"https:\\\/\\\/nordlinepaadid.ee\\\/wp-content\\\/uploads\\\/2023\\\/01\\\/fulllogo_transparent_nobuffer-e1672750475494.png\",\"contentUrl\":\"https:\\\/\\\/nordlinepaadid.ee\\\/wp-content\\\/uploads\\\/2023\\\/01\\\/fulllogo_transparent_nobuffer-e1672750475494.png\",\"width\":150,\"height\":119,\"caption\":\"Nordlineboats\"},\"image\":{\"@id\":\"https:\\\/\\\/nordlinepaadid.ee\\\/et\\\/#\\\/schema\\\/logo\\\/image\\\/\"},\"sameAs\":[\"https:\\\/\\\/www.facebook.com\\\/nordlineboats\",\"https:\\\/\\\/www.youtube.com\\\/channel\\\/UCbgF0fy02y3QkFnujaLTaCA\"]}]}<\/script>\n<!-- \/ Yoast SEO plugin. -->","yoast_head_json":{"title":"K\u00dcLMKAST - 1852, 95 L, KOMPRESSORIGA - NORDLINE s\u00f5udepaadid ja mootorpaadid. Klaasfiiber materjalist.","robots":{"index":"index","follow":"follow","max-snippet":"max-snippet:-1","max-image-preview":"max-image-preview:large","max-video-preview":"max-video-preview:-1"},"canonical":"https:\/\/nordlinepaadid.ee\/et\/pood\/heating-cooling-cooking\/kulmikud-boilerid-pliidid\/kulmkast-1852-95-l-kompressoriga\/","og_locale":"et_EE","og_type":"article","og_title":"K\u00dcLMKAST - 1852, 95 L, KOMPRESSORIGA - NORDLINE s\u00f5udepaadid ja mootorpaadid. Klaasfiiber materjalist.","og_description":"1852 kompressoriboks sobib ideaalselt paati, autosse, haagissuvilasse. Kompressorbokser kaheosaline k\u00fclmik\/s\u00fcgavk\u00fclmik: \u00b7 LCD-ekraan\/juhtpaneel \u00b7 USB-pesa mobiiltelefonide, tulede, tahvelarvutite jms laadimiseks. \u00b7 3-astmeline akukate \u00b7 M\u00f5lemale 12\/24 Vdc v\u00f5i 110-240 voldile \u00b7 Kompressor jahutab v\u00f5i k\u00fclmutab kuni -20\u00b0C \u00b7 LG kompressoriga \u00b7 Universaalne toiteallikas sigaretipistikutele 2,5 meetri pikkuse kaabliga \u00b7 V\u00f5imalus t\u00f6\u00f6tada integreeritud akuga (aku ei kuulu...","og_url":"https:\/\/nordlinepaadid.ee\/et\/pood\/heating-cooling-cooking\/kulmikud-boilerid-pliidid\/kulmkast-1852-95-l-kompressoriga\/","og_site_name":"NORDLINE s\u00f5udepaadid ja mootorpaadid. Klaasfiiber materjalist.","article_publisher":"https:\/\/www.facebook.com\/nordlineboats","article_modified_time":"2026-04-17T23:05:46+00:00","twitter_card":"summary_large_image","twitter_misc":{"Est. reading time":"1 minut"},"schema":{"@context":"https:\/\/schema.org","@graph":[{"@type":"WebPage","@id":"https:\/\/nordlinepaadid.ee\/et\/pood\/heating-cooling-cooking\/kulmikud-boilerid-pliidid\/kulmkast-1852-95-l-kompressoriga\/","url":"https:\/\/nordlinepaadid.ee\/et\/pood\/heating-cooling-cooking\/kulmikud-boilerid-pliidid\/kulmkast-1852-95-l-kompressoriga\/","name":"K\u00dcLMKAST - 1852, 95 L, KOMPRESSORIGA - NORDLINE s\u00f5udepaadid ja mootorpaadid. Klaasfiiber materjalist.","isPartOf":{"@id":"https:\/\/nordlinepaadid.ee\/et\/#website"},"datePublished":"2026-04-17T17:11:38+00:00","dateModified":"2026-04-17T23:05:46+00:00","breadcrumb":{"@id":"https:\/\/nordlinepaadid.ee\/et\/pood\/heating-cooling-cooking\/kulmikud-boilerid-pliidid\/kulmkast-1852-95-l-kompressoriga\/#breadcrumb"},"inLanguage":"et","potentialAction":[{"@type":"ReadAction","target":["https:\/\/nordlinepaadid.ee\/et\/pood\/heating-cooling-cooking\/kulmikud-boilerid-pliidid\/kulmkast-1852-95-l-kompressoriga\/"]}]},{"@type":"BreadcrumbList","@id":"https:\/\/nordlinepaadid.ee\/et\/pood\/heating-cooling-cooking\/kulmikud-boilerid-pliidid\/kulmkast-1852-95-l-kompressoriga\/#breadcrumb","itemListElement":[{"@type":"ListItem","position":1,"name":"Home","item":"https:\/\/nordlinepaadid.ee\/et\/"},{"@type":"ListItem","position":2,"name":"Pood","item":"https:\/\/nordlinepaadid.ee\/et\/pood\/"},{"@type":"ListItem","position":3,"name":"K\u00dcLMKAST &#8211; 1852, 95 L, KOMPRESSORIGA"}]},{"@type":"WebSite","@id":"https:\/\/nordlinepaadid.ee\/et\/#website","url":"https:\/\/nordlinepaadid.ee\/et\/","name":"NORDLINE s\u00f5udepaadid ja mootorpaadid. Klaasfiiber materjalist.","description":"","publisher":{"@id":"https:\/\/nordlinepaadid.ee\/et\/#organization"},"potentialAction":[{"@type":"SearchAction","target":{"@type":"EntryPoint","urlTemplate":"https:\/\/nordlinepaadid.ee\/et\/?s={search_term_string}"},"query-input":{"@type":"PropertyValueSpecification","valueRequired":true,"valueName":"search_term_string"}}],"inLanguage":"et"},{"@type":"Organization","@id":"https:\/\/nordlinepaadid.ee\/et\/#organization","name":"Nordlineboats","url":"https:\/\/nordlinepaadid.ee\/et\/","logo":{"@type":"ImageObject","inLanguage":"et","@id":"https:\/\/nordlinepaadid.ee\/et\/#\/schema\/logo\/image\/","url":"https:\/\/nordlinepaadid.ee\/wp-content\/uploads\/2023\/01\/fulllogo_transparent_nobuffer-e1672750475494.png","contentUrl":"https:\/\/nordlinepaadid.ee\/wp-content\/uploads\/2023\/01\/fulllogo_transparent_nobuffer-e1672750475494.png","width":150,"height":119,"caption":"Nordlineboats"},"image":{"@id":"https:\/\/nordlinepaadid.ee\/et\/#\/schema\/logo\/image\/"},"sameAs":["https:\/\/www.facebook.com\/nordlineboats","https:\/\/www.youtube.com\/channel\/UCbgF0fy02y3QkFnujaLTaCA"]}]}},"taxonomy_info":{"product_cat":[{"value":356,"label":"K\u00fclmikud, Boilerid, Pliidid"},{"value":1780,"label":"K\u00dcTTESEADMED, JAHUTUSSEADMED"},{"value":359,"label":"K\u00dcTTESEADMED, JAHUTUSSEADMED"}],"pa_color":[{"value":684,"label":"Must"}],"pa_producer":[{"value":1867,"label":"1852"}],"pa_unit":[{"value":416,"label":"pcs"}]},"featured_image_src_large":false,"author_info":[],"comment_info":"","_links":{"self":[{"href":"https:\/\/nordlinepaadid.ee\/et\/wp-json\/wp\/v2\/product\/64965","targetHints":{"allow":["GET"]}}],"collection":[{"href":"https:\/\/nordlinepaadid.ee\/et\/wp-json\/wp\/v2\/product"}],"about":[{"href":"https:\/\/nordlinepaadid.ee\/et\/wp-json\/wp\/v2\/types\/product"}],"wp:attachment":[{"href":"https:\/\/nordlinepaadid.ee\/et\/wp-json\/wp\/v2\/media?parent=64965"}],"wp:term":[{"taxonomy":"product_brand","embeddable":true,"href":"https:\/\/nordlinepaadid.ee\/et\/wp-json\/wp\/v2\/product_brand?post=64965"},{"taxonomy":"product_cat","embeddable":true,"href":"https:\/\/nordlinepaadid.ee\/et\/wp-json\/wp\/v2\/product_cat?post=64965"},{"taxonomy":"product_tag","embeddable":true,"href":"https:\/\/nordlinepaadid.ee\/et\/wp-json\/wp\/v2\/product_tag?post=64965"}],"curies":[{"name":"wp","href":"https:\/\/api.w.org\/{rel}","templated":true}]}}