{"id":64967,"date":"2026-04-17T20:11:45","date_gmt":"2026-04-17T17:11:45","guid":{"rendered":"https:\/\/nordlinepaadid.ee\/pood\/maaratlemata\/kaasaskantav-kulmik-jaakast-ice-master-120-l\/"},"modified":"2026-04-18T02:05:46","modified_gmt":"2026-04-17T23:05:46","slug":"kaasaskantav-kulmik-jaakast-ice-master-120-l","status":"publish","type":"product","link":"https:\/\/nordlinepaadid.ee\/et\/pood\/heating-cooling-cooking\/kulmikud-boilerid-pliidid\/kaasaskantav-kulmik-jaakast-ice-master-120-l\/","title":{"rendered":"KAASASKANTAV K\u00dcLMIK\/J\u00c4\u00c4KAST &#8211; ICE MASTER, 120 L"},"content":{"rendered":"<p>IceMaster\u00ae Pro seeria \u00fchendab endas j\u00f5udluse, tugevuse ja vastupidavuse. T\u00e4itke karp j\u00e4\u00e4ga ja see hoiab teie joogid, toidu v\u00f5i p\u00e4eva saagi k\u00fclmana kuni 6 p\u00e4eva. \u00b7 50 mm paksune CFC-vaba PU-vahtplastist isolatsioon \u00b7 Toiduk\u00f5lblik silikoonkummist r\u00f5ngas kaanes \u00b7 FDA poolt toiduk\u00f5lblik PP sees \u00b7 Kahesuunalised kinnituspunktid ohutuks transportimiseks \u00b7 Roostevabast terasest mustad kronsteinid\/lukud \u00b7 Topelt \u00e4ravool t\u00fchjendamiseks (kiire\/aeglane) \u00b7 Tugev k\u00e4epide ja pudeliavaja \u00b7 M\u00f5\u00f5dulint kaanel&nbsp;<\/p>\n<p>&#13;<br \/>\n&#13;<\/p>\n<p>&nbsp;<\/p>\n<p>&#13;<br \/>\n&#13;<\/p>\n<p>Detailid:<\/p>\n<p>&#13;<br \/>\n&#13;<\/p>\n<p>Sisem\u00f5\u00f5dud: P: 77,8 x L: 39,5 x K: 37,8 cm<\/p>\n<p>&#13;<br \/>\n&#13;<\/p>\n<p>V\u00e4lism\u00f5\u00f5tmed: P: 90,0 x L: 50,0 x K: 52,5 cm<\/p>\n<p>&#13;<\/p>\n","protected":false},"excerpt":{"rendered":"<p>IceMaster\u00ae Pro seeria \u00fchendab endas j\u00f5udluse, tugevuse ja vastupidavuse. T\u00e4itke karp j\u00e4\u00e4ga ja see hoiab teie joogid, toidu v\u00f5i p\u00e4eva saagi k\u00fclmana kuni 6 p\u00e4eva. \u00b7 50 mm paksune CFC-vaba PU-vahtplastist isolatsioon \u00b7 Toiduk\u00f5lblik silikoonkummist r\u00f5ngas kaanes \u00b7 FDA poolt toiduk\u00f5lblik PP sees \u00b7 Kahesuunalised kinnituspunktid ohutuks transportimiseks \u00b7 Roostevabast terasest mustad kronsteinid\/lukud \u00b7 Topelt&#8230;<\/p>\n","protected":false},"featured_media":0,"template":"","meta":{"_kad_blocks_custom_css":"","_kad_blocks_head_custom_js":"","_kad_blocks_body_custom_js":"","_kad_blocks_footer_custom_js":"","_kad_post_transparent":"","_kad_post_title":"","_kad_post_layout":"","_kad_post_sidebar_id":"","_kad_post_content_style":"","_kad_post_vertical_padding":"","_kad_post_feature":"","_kad_post_feature_position":"","_kad_post_header":false,"_kad_post_footer":false,"_kad_post_classname":""},"product_brand":[],"product_cat":[356,359,1780],"product_tag":[],"class_list":{"0":"post-64967","1":"product","2":"type-product","3":"status-publish","5":"product_cat-kulmikud-boilerid-pliidid","6":"product_cat-heating-cooling-cooking","7":"product_cat-kutteseadmed-jahutusseadmed","8":"pa_color-tumehall","9":"pa_producer-icemaster","10":"pa_unit-pcs","11":"tm-no-options","13":"first","14":"instock","15":"taxable","16":"shipping-taxable","17":"purchasable","18":"product-type-simple","19":"entry","20":"content-bg","21":"loop-entry"},"yoast_head":"<!-- This site is optimized with the Yoast SEO plugin v27.4 - https:\/\/yoast.com\/product\/yoast-seo-wordpress\/ -->\n<title>KAASASKANTAV K\u00dcLMIK\/J\u00c4\u00c4KAST - ICE MASTER, 120 L - NORDLINE s\u00f5udepaadid ja mootorpaadid. Klaasfiiber materjalist.<\/title>\n<meta name=\"robots\" content=\"index, follow, max-snippet:-1, max-image-preview:large, max-video-preview:-1\" \/>\n<link rel=\"canonical\" href=\"https:\/\/nordlinepaadid.ee\/et\/pood\/heating-cooling-cooking\/kulmikud-boilerid-pliidid\/kaasaskantav-kulmik-jaakast-ice-master-120-l\/\" \/>\n<meta property=\"og:locale\" content=\"et_EE\" \/>\n<meta property=\"og:type\" content=\"article\" \/>\n<meta property=\"og:title\" content=\"KAASASKANTAV K\u00dcLMIK\/J\u00c4\u00c4KAST - ICE MASTER, 120 L - NORDLINE s\u00f5udepaadid ja mootorpaadid. Klaasfiiber materjalist.\" \/>\n<meta property=\"og:description\" content=\"IceMaster\u00ae Pro seeria \u00fchendab endas j\u00f5udluse, tugevuse ja vastupidavuse. T\u00e4itke karp j\u00e4\u00e4ga ja see hoiab teie joogid, toidu v\u00f5i p\u00e4eva saagi k\u00fclmana kuni 6 p\u00e4eva. \u00b7 50 mm paksune CFC-vaba PU-vahtplastist isolatsioon \u00b7 Toiduk\u00f5lblik silikoonkummist r\u00f5ngas kaanes \u00b7 FDA poolt toiduk\u00f5lblik PP sees \u00b7 Kahesuunalised kinnituspunktid ohutuks transportimiseks \u00b7 Roostevabast terasest mustad kronsteinid\/lukud \u00b7 Topelt...\" \/>\n<meta property=\"og:url\" content=\"https:\/\/nordlinepaadid.ee\/et\/pood\/heating-cooling-cooking\/kulmikud-boilerid-pliidid\/kaasaskantav-kulmik-jaakast-ice-master-120-l\/\" \/>\n<meta property=\"og:site_name\" content=\"NORDLINE s\u00f5udepaadid ja mootorpaadid. Klaasfiiber materjalist.\" \/>\n<meta property=\"article:publisher\" content=\"https:\/\/www.facebook.com\/nordlineboats\" \/>\n<meta property=\"article:modified_time\" content=\"2026-04-17T23:05:46+00:00\" \/>\n<meta name=\"twitter:card\" content=\"summary_large_image\" \/>\n<script type=\"application\/ld+json\" class=\"yoast-schema-graph\">{\"@context\":\"https:\\\/\\\/schema.org\",\"@graph\":[{\"@type\":\"WebPage\",\"@id\":\"https:\\\/\\\/nordlinepaadid.ee\\\/et\\\/pood\\\/heating-cooling-cooking\\\/kulmikud-boilerid-pliidid\\\/kaasaskantav-kulmik-jaakast-ice-master-120-l\\\/\",\"url\":\"https:\\\/\\\/nordlinepaadid.ee\\\/et\\\/pood\\\/heating-cooling-cooking\\\/kulmikud-boilerid-pliidid\\\/kaasaskantav-kulmik-jaakast-ice-master-120-l\\\/\",\"name\":\"KAASASKANTAV K\u00dcLMIK\\\/J\u00c4\u00c4KAST - ICE MASTER, 120 L - NORDLINE s\u00f5udepaadid ja mootorpaadid. Klaasfiiber materjalist.\",\"isPartOf\":{\"@id\":\"https:\\\/\\\/nordlinepaadid.ee\\\/et\\\/#website\"},\"datePublished\":\"2026-04-17T17:11:45+00:00\",\"dateModified\":\"2026-04-17T23:05:46+00:00\",\"breadcrumb\":{\"@id\":\"https:\\\/\\\/nordlinepaadid.ee\\\/et\\\/pood\\\/heating-cooling-cooking\\\/kulmikud-boilerid-pliidid\\\/kaasaskantav-kulmik-jaakast-ice-master-120-l\\\/#breadcrumb\"},\"inLanguage\":\"et\",\"potentialAction\":[{\"@type\":\"ReadAction\",\"target\":[\"https:\\\/\\\/nordlinepaadid.ee\\\/et\\\/pood\\\/heating-cooling-cooking\\\/kulmikud-boilerid-pliidid\\\/kaasaskantav-kulmik-jaakast-ice-master-120-l\\\/\"]}]},{\"@type\":\"BreadcrumbList\",\"@id\":\"https:\\\/\\\/nordlinepaadid.ee\\\/et\\\/pood\\\/heating-cooling-cooking\\\/kulmikud-boilerid-pliidid\\\/kaasaskantav-kulmik-jaakast-ice-master-120-l\\\/#breadcrumb\",\"itemListElement\":[{\"@type\":\"ListItem\",\"position\":1,\"name\":\"Home\",\"item\":\"https:\\\/\\\/nordlinepaadid.ee\\\/et\\\/\"},{\"@type\":\"ListItem\",\"position\":2,\"name\":\"Pood\",\"item\":\"https:\\\/\\\/nordlinepaadid.ee\\\/et\\\/pood\\\/\"},{\"@type\":\"ListItem\",\"position\":3,\"name\":\"KAASASKANTAV K\u00dcLMIK\\\/J\u00c4\u00c4KAST &#8211; ICE MASTER, 120 L\"}]},{\"@type\":\"WebSite\",\"@id\":\"https:\\\/\\\/nordlinepaadid.ee\\\/et\\\/#website\",\"url\":\"https:\\\/\\\/nordlinepaadid.ee\\\/et\\\/\",\"name\":\"NORDLINE s\u00f5udepaadid ja mootorpaadid. Klaasfiiber materjalist.\",\"description\":\"\",\"publisher\":{\"@id\":\"https:\\\/\\\/nordlinepaadid.ee\\\/et\\\/#organization\"},\"potentialAction\":[{\"@type\":\"SearchAction\",\"target\":{\"@type\":\"EntryPoint\",\"urlTemplate\":\"https:\\\/\\\/nordlinepaadid.ee\\\/et\\\/?s={search_term_string}\"},\"query-input\":{\"@type\":\"PropertyValueSpecification\",\"valueRequired\":true,\"valueName\":\"search_term_string\"}}],\"inLanguage\":\"et\"},{\"@type\":\"Organization\",\"@id\":\"https:\\\/\\\/nordlinepaadid.ee\\\/et\\\/#organization\",\"name\":\"Nordlineboats\",\"url\":\"https:\\\/\\\/nordlinepaadid.ee\\\/et\\\/\",\"logo\":{\"@type\":\"ImageObject\",\"inLanguage\":\"et\",\"@id\":\"https:\\\/\\\/nordlinepaadid.ee\\\/et\\\/#\\\/schema\\\/logo\\\/image\\\/\",\"url\":\"https:\\\/\\\/nordlinepaadid.ee\\\/wp-content\\\/uploads\\\/2023\\\/01\\\/fulllogo_transparent_nobuffer-e1672750475494.png\",\"contentUrl\":\"https:\\\/\\\/nordlinepaadid.ee\\\/wp-content\\\/uploads\\\/2023\\\/01\\\/fulllogo_transparent_nobuffer-e1672750475494.png\",\"width\":150,\"height\":119,\"caption\":\"Nordlineboats\"},\"image\":{\"@id\":\"https:\\\/\\\/nordlinepaadid.ee\\\/et\\\/#\\\/schema\\\/logo\\\/image\\\/\"},\"sameAs\":[\"https:\\\/\\\/www.facebook.com\\\/nordlineboats\",\"https:\\\/\\\/www.youtube.com\\\/channel\\\/UCbgF0fy02y3QkFnujaLTaCA\"]}]}<\/script>\n<!-- \/ Yoast SEO plugin. -->","yoast_head_json":{"title":"KAASASKANTAV K\u00dcLMIK\/J\u00c4\u00c4KAST - ICE MASTER, 120 L - NORDLINE s\u00f5udepaadid ja mootorpaadid. Klaasfiiber materjalist.","robots":{"index":"index","follow":"follow","max-snippet":"max-snippet:-1","max-image-preview":"max-image-preview:large","max-video-preview":"max-video-preview:-1"},"canonical":"https:\/\/nordlinepaadid.ee\/et\/pood\/heating-cooling-cooking\/kulmikud-boilerid-pliidid\/kaasaskantav-kulmik-jaakast-ice-master-120-l\/","og_locale":"et_EE","og_type":"article","og_title":"KAASASKANTAV K\u00dcLMIK\/J\u00c4\u00c4KAST - ICE MASTER, 120 L - NORDLINE s\u00f5udepaadid ja mootorpaadid. Klaasfiiber materjalist.","og_description":"IceMaster\u00ae Pro seeria \u00fchendab endas j\u00f5udluse, tugevuse ja vastupidavuse. T\u00e4itke karp j\u00e4\u00e4ga ja see hoiab teie joogid, toidu v\u00f5i p\u00e4eva saagi k\u00fclmana kuni 6 p\u00e4eva. \u00b7 50 mm paksune CFC-vaba PU-vahtplastist isolatsioon \u00b7 Toiduk\u00f5lblik silikoonkummist r\u00f5ngas kaanes \u00b7 FDA poolt toiduk\u00f5lblik PP sees \u00b7 Kahesuunalised kinnituspunktid ohutuks transportimiseks \u00b7 Roostevabast terasest mustad kronsteinid\/lukud \u00b7 Topelt...","og_url":"https:\/\/nordlinepaadid.ee\/et\/pood\/heating-cooling-cooking\/kulmikud-boilerid-pliidid\/kaasaskantav-kulmik-jaakast-ice-master-120-l\/","og_site_name":"NORDLINE s\u00f5udepaadid ja mootorpaadid. Klaasfiiber materjalist.","article_publisher":"https:\/\/www.facebook.com\/nordlineboats","article_modified_time":"2026-04-17T23:05:46+00:00","twitter_card":"summary_large_image","schema":{"@context":"https:\/\/schema.org","@graph":[{"@type":"WebPage","@id":"https:\/\/nordlinepaadid.ee\/et\/pood\/heating-cooling-cooking\/kulmikud-boilerid-pliidid\/kaasaskantav-kulmik-jaakast-ice-master-120-l\/","url":"https:\/\/nordlinepaadid.ee\/et\/pood\/heating-cooling-cooking\/kulmikud-boilerid-pliidid\/kaasaskantav-kulmik-jaakast-ice-master-120-l\/","name":"KAASASKANTAV K\u00dcLMIK\/J\u00c4\u00c4KAST - ICE MASTER, 120 L - NORDLINE s\u00f5udepaadid ja mootorpaadid. Klaasfiiber materjalist.","isPartOf":{"@id":"https:\/\/nordlinepaadid.ee\/et\/#website"},"datePublished":"2026-04-17T17:11:45+00:00","dateModified":"2026-04-17T23:05:46+00:00","breadcrumb":{"@id":"https:\/\/nordlinepaadid.ee\/et\/pood\/heating-cooling-cooking\/kulmikud-boilerid-pliidid\/kaasaskantav-kulmik-jaakast-ice-master-120-l\/#breadcrumb"},"inLanguage":"et","potentialAction":[{"@type":"ReadAction","target":["https:\/\/nordlinepaadid.ee\/et\/pood\/heating-cooling-cooking\/kulmikud-boilerid-pliidid\/kaasaskantav-kulmik-jaakast-ice-master-120-l\/"]}]},{"@type":"BreadcrumbList","@id":"https:\/\/nordlinepaadid.ee\/et\/pood\/heating-cooling-cooking\/kulmikud-boilerid-pliidid\/kaasaskantav-kulmik-jaakast-ice-master-120-l\/#breadcrumb","itemListElement":[{"@type":"ListItem","position":1,"name":"Home","item":"https:\/\/nordlinepaadid.ee\/et\/"},{"@type":"ListItem","position":2,"name":"Pood","item":"https:\/\/nordlinepaadid.ee\/et\/pood\/"},{"@type":"ListItem","position":3,"name":"KAASASKANTAV K\u00dcLMIK\/J\u00c4\u00c4KAST &#8211; ICE MASTER, 120 L"}]},{"@type":"WebSite","@id":"https:\/\/nordlinepaadid.ee\/et\/#website","url":"https:\/\/nordlinepaadid.ee\/et\/","name":"NORDLINE s\u00f5udepaadid ja mootorpaadid. Klaasfiiber materjalist.","description":"","publisher":{"@id":"https:\/\/nordlinepaadid.ee\/et\/#organization"},"potentialAction":[{"@type":"SearchAction","target":{"@type":"EntryPoint","urlTemplate":"https:\/\/nordlinepaadid.ee\/et\/?s={search_term_string}"},"query-input":{"@type":"PropertyValueSpecification","valueRequired":true,"valueName":"search_term_string"}}],"inLanguage":"et"},{"@type":"Organization","@id":"https:\/\/nordlinepaadid.ee\/et\/#organization","name":"Nordlineboats","url":"https:\/\/nordlinepaadid.ee\/et\/","logo":{"@type":"ImageObject","inLanguage":"et","@id":"https:\/\/nordlinepaadid.ee\/et\/#\/schema\/logo\/image\/","url":"https:\/\/nordlinepaadid.ee\/wp-content\/uploads\/2023\/01\/fulllogo_transparent_nobuffer-e1672750475494.png","contentUrl":"https:\/\/nordlinepaadid.ee\/wp-content\/uploads\/2023\/01\/fulllogo_transparent_nobuffer-e1672750475494.png","width":150,"height":119,"caption":"Nordlineboats"},"image":{"@id":"https:\/\/nordlinepaadid.ee\/et\/#\/schema\/logo\/image\/"},"sameAs":["https:\/\/www.facebook.com\/nordlineboats","https:\/\/www.youtube.com\/channel\/UCbgF0fy02y3QkFnujaLTaCA"]}]}},"taxonomy_info":{"product_cat":[{"value":356,"label":"K\u00fclmikud, Boilerid, Pliidid"},{"value":359,"label":"K\u00dcTTESEADMED, JAHUTUSSEADMED"},{"value":1780,"label":"K\u00dcTTESEADMED, JAHUTUSSEADMED"}],"pa_color":[{"value":701,"label":"Tumehall"}],"pa_producer":[{"value":1868,"label":"IceMaster"}],"pa_unit":[{"value":416,"label":"pcs"}]},"featured_image_src_large":false,"author_info":[],"comment_info":"","_links":{"self":[{"href":"https:\/\/nordlinepaadid.ee\/et\/wp-json\/wp\/v2\/product\/64967","targetHints":{"allow":["GET"]}}],"collection":[{"href":"https:\/\/nordlinepaadid.ee\/et\/wp-json\/wp\/v2\/product"}],"about":[{"href":"https:\/\/nordlinepaadid.ee\/et\/wp-json\/wp\/v2\/types\/product"}],"wp:attachment":[{"href":"https:\/\/nordlinepaadid.ee\/et\/wp-json\/wp\/v2\/media?parent=64967"}],"wp:term":[{"taxonomy":"product_brand","embeddable":true,"href":"https:\/\/nordlinepaadid.ee\/et\/wp-json\/wp\/v2\/product_brand?post=64967"},{"taxonomy":"product_cat","embeddable":true,"href":"https:\/\/nordlinepaadid.ee\/et\/wp-json\/wp\/v2\/product_cat?post=64967"},{"taxonomy":"product_tag","embeddable":true,"href":"https:\/\/nordlinepaadid.ee\/et\/wp-json\/wp\/v2\/product_tag?post=64967"}],"curies":[{"name":"wp","href":"https:\/\/api.w.org\/{rel}","templated":true}]}}