{"id":65002,"date":"2026-04-21T03:46:59","date_gmt":"2026-04-21T00:46:59","guid":{"rendered":"https:\/\/nordlinepaadid.ee\/pood\/maaratlemata\/merebinokkel-focus-marine-7-x-50\/"},"modified":"2026-04-21T03:46:59","modified_gmt":"2026-04-21T00:46:59","slug":"merebinokkel-focus-marine-7-x-50","status":"publish","type":"product","link":"https:\/\/nordlinepaadid.ee\/et\/pood\/navigation-ru\/binoculars-ru\/merebinokkel-focus-marine-7-x-50\/","title":{"rendered":"MEREBINOKKEL &#8211; FOCUS MARINE 7 x 50"},"content":{"rendered":"<p style=\"text-align:justify\">Focus Marine 7 X 50 kompass sobib eriti h\u00e4sti navigeerimiseks t\u00e4nu sisseehitatud kompassile ja kaugusm\u00f5\u00f5tmise sihikule, mida saab vajadusel valgustada.<\/p>\n<p>&#13;<br \/>\n&#13;<\/p>\n<p style=\"text-align:justify\">Stabiilne sisseehitatud kompass teeb suuna leidmise ja navigeerimise lihtsaks.<\/p>\n<p>&#13;<br \/>\n&#13;<\/p>\n<p style=\"text-align:justify\">Binoklil on ka sisseehitatud skaala, mis aitab arvutada m\u00f5\u00f5detava objekti kaugust v\u00f5i suurust.<\/p>\n<p>&#13;<br \/>\n&#13;<\/p>\n<p style=\"text-align:justify\">Uus disain on v\u00e4iksem ja h\u00f5lbustab pikemaajalist paigalhoidmist.<\/p>\n<p>&#13;<br \/>\n&#13;<\/p>\n<p style=\"text-align:justify\">Pikk silmavahe teeb prillidega inimestel binokli kasutamise lihtsaks.<\/p>\n<p>&#13;<br \/>\n&#13;<\/p>\n<p style=\"text-align:justify\">Seda on lihtne kasutada ning teravustamise seadistus on t\u00e4pne ja kiire, nii et saate liikuvaid objekte h\u00f5lpsalt j\u00e4lgida.<\/p>\n<p>&#13;<br \/>\n&#13;<\/p>\n<p style=\"text-align:justify\">&nbsp;<\/p>\n<p>&#13;<br \/>\n&#13;<\/p>\n<p style=\"text-align:justify\">Komplektis on kott, ujuvrihm ja patareid.<\/p>\n<p>&#13;<\/p>\n","protected":false},"excerpt":{"rendered":"<p>Focus Marine 7 X 50 kompass sobib eriti h\u00e4sti navigeerimiseks t\u00e4nu sisseehitatud kompassile ja kaugusm\u00f5\u00f5tmise sihikule, mida saab vajadusel valgustada. &#13; &#13; Stabiilne sisseehitatud kompass teeb suuna leidmise ja navigeerimise lihtsaks. &#13; &#13; Binoklil on ka sisseehitatud skaala, mis aitab arvutada m\u00f5\u00f5detava objekti kaugust v\u00f5i suurust. &#13; &#13; Uus disain on v\u00e4iksem ja h\u00f5lbustab pikemaajalist&#8230;<\/p>\n","protected":false},"featured_media":0,"template":"","meta":{"_kad_blocks_custom_css":"","_kad_blocks_head_custom_js":"","_kad_blocks_body_custom_js":"","_kad_blocks_footer_custom_js":"","_kad_post_transparent":"","_kad_post_title":"","_kad_post_layout":"","_kad_post_sidebar_id":"","_kad_post_content_style":"","_kad_post_vertical_padding":"","_kad_post_feature":"","_kad_post_feature_position":"","_kad_post_header":false,"_kad_post_footer":false,"_kad_post_classname":""},"product_brand":[],"product_cat":[271,820],"product_tag":[],"class_list":{"0":"post-65002","1":"product","2":"type-product","3":"status-publish","5":"product_cat-binoklid","6":"product_cat-binoculars-ru","7":"pa_color-must","8":"pa_producer-focus-nordic-ab","9":"pa_unit-pcs","10":"tm-no-options","12":"first","13":"instock","14":"taxable","15":"shipping-taxable","16":"purchasable","17":"product-type-simple","18":"entry","19":"content-bg","20":"loop-entry"},"yoast_head":"<!-- This site is optimized with the Yoast SEO plugin v27.4 - https:\/\/yoast.com\/product\/yoast-seo-wordpress\/ -->\n<title>MEREBINOKKEL - FOCUS MARINE 7 x 50 - NORDLINE s\u00f5udepaadid ja mootorpaadid. Klaasfiiber materjalist.<\/title>\n<meta name=\"robots\" content=\"index, follow, max-snippet:-1, max-image-preview:large, max-video-preview:-1\" \/>\n<link rel=\"canonical\" href=\"https:\/\/nordlinepaadid.ee\/et\/pood\/navigation-ru\/binoculars-ru\/merebinokkel-focus-marine-7-x-50\/\" \/>\n<meta property=\"og:locale\" content=\"et_EE\" \/>\n<meta property=\"og:type\" content=\"article\" \/>\n<meta property=\"og:title\" content=\"MEREBINOKKEL - FOCUS MARINE 7 x 50 - NORDLINE s\u00f5udepaadid ja mootorpaadid. Klaasfiiber materjalist.\" \/>\n<meta property=\"og:description\" content=\"Focus Marine 7 X 50 kompass sobib eriti h\u00e4sti navigeerimiseks t\u00e4nu sisseehitatud kompassile ja kaugusm\u00f5\u00f5tmise sihikule, mida saab vajadusel valgustada. &#013; &#013; Stabiilne sisseehitatud kompass teeb suuna leidmise ja navigeerimise lihtsaks. &#013; &#013; Binoklil on ka sisseehitatud skaala, mis aitab arvutada m\u00f5\u00f5detava objekti kaugust v\u00f5i suurust. &#013; &#013; Uus disain on v\u00e4iksem ja h\u00f5lbustab pikemaajalist...\" \/>\n<meta property=\"og:url\" content=\"https:\/\/nordlinepaadid.ee\/et\/pood\/navigation-ru\/binoculars-ru\/merebinokkel-focus-marine-7-x-50\/\" \/>\n<meta property=\"og:site_name\" content=\"NORDLINE s\u00f5udepaadid ja mootorpaadid. Klaasfiiber materjalist.\" \/>\n<meta property=\"article:publisher\" content=\"https:\/\/www.facebook.com\/nordlineboats\" \/>\n<meta name=\"twitter:card\" content=\"summary_large_image\" \/>\n<script type=\"application\/ld+json\" class=\"yoast-schema-graph\">{\"@context\":\"https:\\\/\\\/schema.org\",\"@graph\":[{\"@type\":\"WebPage\",\"@id\":\"https:\\\/\\\/nordlinepaadid.ee\\\/et\\\/pood\\\/navigation-ru\\\/binoculars-ru\\\/merebinokkel-focus-marine-7-x-50\\\/\",\"url\":\"https:\\\/\\\/nordlinepaadid.ee\\\/et\\\/pood\\\/navigation-ru\\\/binoculars-ru\\\/merebinokkel-focus-marine-7-x-50\\\/\",\"name\":\"MEREBINOKKEL - FOCUS MARINE 7 x 50 - NORDLINE s\u00f5udepaadid ja mootorpaadid. Klaasfiiber materjalist.\",\"isPartOf\":{\"@id\":\"https:\\\/\\\/nordlinepaadid.ee\\\/et\\\/#website\"},\"datePublished\":\"2026-04-21T00:46:59+00:00\",\"breadcrumb\":{\"@id\":\"https:\\\/\\\/nordlinepaadid.ee\\\/et\\\/pood\\\/navigation-ru\\\/binoculars-ru\\\/merebinokkel-focus-marine-7-x-50\\\/#breadcrumb\"},\"inLanguage\":\"et\",\"potentialAction\":[{\"@type\":\"ReadAction\",\"target\":[\"https:\\\/\\\/nordlinepaadid.ee\\\/et\\\/pood\\\/navigation-ru\\\/binoculars-ru\\\/merebinokkel-focus-marine-7-x-50\\\/\"]}]},{\"@type\":\"BreadcrumbList\",\"@id\":\"https:\\\/\\\/nordlinepaadid.ee\\\/et\\\/pood\\\/navigation-ru\\\/binoculars-ru\\\/merebinokkel-focus-marine-7-x-50\\\/#breadcrumb\",\"itemListElement\":[{\"@type\":\"ListItem\",\"position\":1,\"name\":\"Home\",\"item\":\"https:\\\/\\\/nordlinepaadid.ee\\\/et\\\/\"},{\"@type\":\"ListItem\",\"position\":2,\"name\":\"Pood\",\"item\":\"https:\\\/\\\/nordlinepaadid.ee\\\/et\\\/pood\\\/\"},{\"@type\":\"ListItem\",\"position\":3,\"name\":\"MEREBINOKKEL &#8211; FOCUS MARINE 7 x 50\"}]},{\"@type\":\"WebSite\",\"@id\":\"https:\\\/\\\/nordlinepaadid.ee\\\/et\\\/#website\",\"url\":\"https:\\\/\\\/nordlinepaadid.ee\\\/et\\\/\",\"name\":\"NORDLINE s\u00f5udepaadid ja mootorpaadid. Klaasfiiber materjalist.\",\"description\":\"\",\"publisher\":{\"@id\":\"https:\\\/\\\/nordlinepaadid.ee\\\/et\\\/#organization\"},\"potentialAction\":[{\"@type\":\"SearchAction\",\"target\":{\"@type\":\"EntryPoint\",\"urlTemplate\":\"https:\\\/\\\/nordlinepaadid.ee\\\/et\\\/?s={search_term_string}\"},\"query-input\":{\"@type\":\"PropertyValueSpecification\",\"valueRequired\":true,\"valueName\":\"search_term_string\"}}],\"inLanguage\":\"et\"},{\"@type\":\"Organization\",\"@id\":\"https:\\\/\\\/nordlinepaadid.ee\\\/et\\\/#organization\",\"name\":\"Nordlineboats\",\"url\":\"https:\\\/\\\/nordlinepaadid.ee\\\/et\\\/\",\"logo\":{\"@type\":\"ImageObject\",\"inLanguage\":\"et\",\"@id\":\"https:\\\/\\\/nordlinepaadid.ee\\\/et\\\/#\\\/schema\\\/logo\\\/image\\\/\",\"url\":\"https:\\\/\\\/nordlinepaadid.ee\\\/wp-content\\\/uploads\\\/2023\\\/01\\\/fulllogo_transparent_nobuffer-e1672750475494.png\",\"contentUrl\":\"https:\\\/\\\/nordlinepaadid.ee\\\/wp-content\\\/uploads\\\/2023\\\/01\\\/fulllogo_transparent_nobuffer-e1672750475494.png\",\"width\":150,\"height\":119,\"caption\":\"Nordlineboats\"},\"image\":{\"@id\":\"https:\\\/\\\/nordlinepaadid.ee\\\/et\\\/#\\\/schema\\\/logo\\\/image\\\/\"},\"sameAs\":[\"https:\\\/\\\/www.facebook.com\\\/nordlineboats\",\"https:\\\/\\\/www.youtube.com\\\/channel\\\/UCbgF0fy02y3QkFnujaLTaCA\"]}]}<\/script>\n<!-- \/ Yoast SEO plugin. -->","yoast_head_json":{"title":"MEREBINOKKEL - FOCUS MARINE 7 x 50 - NORDLINE s\u00f5udepaadid ja mootorpaadid. Klaasfiiber materjalist.","robots":{"index":"index","follow":"follow","max-snippet":"max-snippet:-1","max-image-preview":"max-image-preview:large","max-video-preview":"max-video-preview:-1"},"canonical":"https:\/\/nordlinepaadid.ee\/et\/pood\/navigation-ru\/binoculars-ru\/merebinokkel-focus-marine-7-x-50\/","og_locale":"et_EE","og_type":"article","og_title":"MEREBINOKKEL - FOCUS MARINE 7 x 50 - NORDLINE s\u00f5udepaadid ja mootorpaadid. Klaasfiiber materjalist.","og_description":"Focus Marine 7 X 50 kompass sobib eriti h\u00e4sti navigeerimiseks t\u00e4nu sisseehitatud kompassile ja kaugusm\u00f5\u00f5tmise sihikule, mida saab vajadusel valgustada. &#13; &#13; Stabiilne sisseehitatud kompass teeb suuna leidmise ja navigeerimise lihtsaks. &#13; &#13; Binoklil on ka sisseehitatud skaala, mis aitab arvutada m\u00f5\u00f5detava objekti kaugust v\u00f5i suurust. &#13; &#13; Uus disain on v\u00e4iksem ja h\u00f5lbustab pikemaajalist...","og_url":"https:\/\/nordlinepaadid.ee\/et\/pood\/navigation-ru\/binoculars-ru\/merebinokkel-focus-marine-7-x-50\/","og_site_name":"NORDLINE s\u00f5udepaadid ja mootorpaadid. Klaasfiiber materjalist.","article_publisher":"https:\/\/www.facebook.com\/nordlineboats","twitter_card":"summary_large_image","schema":{"@context":"https:\/\/schema.org","@graph":[{"@type":"WebPage","@id":"https:\/\/nordlinepaadid.ee\/et\/pood\/navigation-ru\/binoculars-ru\/merebinokkel-focus-marine-7-x-50\/","url":"https:\/\/nordlinepaadid.ee\/et\/pood\/navigation-ru\/binoculars-ru\/merebinokkel-focus-marine-7-x-50\/","name":"MEREBINOKKEL - FOCUS MARINE 7 x 50 - NORDLINE s\u00f5udepaadid ja mootorpaadid. Klaasfiiber materjalist.","isPartOf":{"@id":"https:\/\/nordlinepaadid.ee\/et\/#website"},"datePublished":"2026-04-21T00:46:59+00:00","breadcrumb":{"@id":"https:\/\/nordlinepaadid.ee\/et\/pood\/navigation-ru\/binoculars-ru\/merebinokkel-focus-marine-7-x-50\/#breadcrumb"},"inLanguage":"et","potentialAction":[{"@type":"ReadAction","target":["https:\/\/nordlinepaadid.ee\/et\/pood\/navigation-ru\/binoculars-ru\/merebinokkel-focus-marine-7-x-50\/"]}]},{"@type":"BreadcrumbList","@id":"https:\/\/nordlinepaadid.ee\/et\/pood\/navigation-ru\/binoculars-ru\/merebinokkel-focus-marine-7-x-50\/#breadcrumb","itemListElement":[{"@type":"ListItem","position":1,"name":"Home","item":"https:\/\/nordlinepaadid.ee\/et\/"},{"@type":"ListItem","position":2,"name":"Pood","item":"https:\/\/nordlinepaadid.ee\/et\/pood\/"},{"@type":"ListItem","position":3,"name":"MEREBINOKKEL &#8211; FOCUS MARINE 7 x 50"}]},{"@type":"WebSite","@id":"https:\/\/nordlinepaadid.ee\/et\/#website","url":"https:\/\/nordlinepaadid.ee\/et\/","name":"NORDLINE s\u00f5udepaadid ja mootorpaadid. Klaasfiiber materjalist.","description":"","publisher":{"@id":"https:\/\/nordlinepaadid.ee\/et\/#organization"},"potentialAction":[{"@type":"SearchAction","target":{"@type":"EntryPoint","urlTemplate":"https:\/\/nordlinepaadid.ee\/et\/?s={search_term_string}"},"query-input":{"@type":"PropertyValueSpecification","valueRequired":true,"valueName":"search_term_string"}}],"inLanguage":"et"},{"@type":"Organization","@id":"https:\/\/nordlinepaadid.ee\/et\/#organization","name":"Nordlineboats","url":"https:\/\/nordlinepaadid.ee\/et\/","logo":{"@type":"ImageObject","inLanguage":"et","@id":"https:\/\/nordlinepaadid.ee\/et\/#\/schema\/logo\/image\/","url":"https:\/\/nordlinepaadid.ee\/wp-content\/uploads\/2023\/01\/fulllogo_transparent_nobuffer-e1672750475494.png","contentUrl":"https:\/\/nordlinepaadid.ee\/wp-content\/uploads\/2023\/01\/fulllogo_transparent_nobuffer-e1672750475494.png","width":150,"height":119,"caption":"Nordlineboats"},"image":{"@id":"https:\/\/nordlinepaadid.ee\/et\/#\/schema\/logo\/image\/"},"sameAs":["https:\/\/www.facebook.com\/nordlineboats","https:\/\/www.youtube.com\/channel\/UCbgF0fy02y3QkFnujaLTaCA"]}]}},"taxonomy_info":{"product_cat":[{"value":271,"label":"Binoklid, Vaatlusseadmed"},{"value":820,"label":"\u0411\u0438\u043d\u043e\u043a\u043b\u0438"}],"pa_color":[{"value":684,"label":"Must"}],"pa_producer":[{"value":1547,"label":"Focus Nordic AB"}],"pa_unit":[{"value":416,"label":"pcs"}]},"featured_image_src_large":false,"author_info":[],"comment_info":"","_links":{"self":[{"href":"https:\/\/nordlinepaadid.ee\/et\/wp-json\/wp\/v2\/product\/65002","targetHints":{"allow":["GET"]}}],"collection":[{"href":"https:\/\/nordlinepaadid.ee\/et\/wp-json\/wp\/v2\/product"}],"about":[{"href":"https:\/\/nordlinepaadid.ee\/et\/wp-json\/wp\/v2\/types\/product"}],"wp:attachment":[{"href":"https:\/\/nordlinepaadid.ee\/et\/wp-json\/wp\/v2\/media?parent=65002"}],"wp:term":[{"taxonomy":"product_brand","embeddable":true,"href":"https:\/\/nordlinepaadid.ee\/et\/wp-json\/wp\/v2\/product_brand?post=65002"},{"taxonomy":"product_cat","embeddable":true,"href":"https:\/\/nordlinepaadid.ee\/et\/wp-json\/wp\/v2\/product_cat?post=65002"},{"taxonomy":"product_tag","embeddable":true,"href":"https:\/\/nordlinepaadid.ee\/et\/wp-json\/wp\/v2\/product_tag?post=65002"}],"curies":[{"name":"wp","href":"https:\/\/api.w.org\/{rel}","templated":true}]}}