{"id":65003,"date":"2026-04-21T03:47:00","date_gmt":"2026-04-21T00:47:00","guid":{"rendered":"https:\/\/nordlinepaadid.ee\/pood\/maaratlemata\/kaasaskantav-kulmik-jaakast-icemaster-pro-50-l\/"},"modified":"2026-04-21T03:47:00","modified_gmt":"2026-04-21T00:47:00","slug":"kaasaskantav-kulmik-jaakast-icemaster-pro-50-l","status":"publish","type":"product","link":"https:\/\/nordlinepaadid.ee\/et\/pood\/heating-cooling-cooking\/kulmikud-boilerid-pliidid\/kaasaskantav-kulmik-jaakast-icemaster-pro-50-l\/","title":{"rendered":"KAASASKANTAV K\u00dcLMIK\/J\u00c4\u00c4KAST ICEMASTER PRO 50 l"},"content":{"rendered":"<p style=\"text-align:justify\">Icemaster Pro j\u00e4\u00e4kast on t\u00f5hus ja usaldusv\u00e4\u00e4rne lahendus toidu ja jookide jahutamiseks.<\/p>\n<p>&#13;<br \/>\n&#13;<\/p>\n<p style=\"text-align:justify\">&nbsp;<\/p>\n<p>&#13;<br \/>\n&#13;<\/p>\n<p style=\"text-align:justify\">Austraalias disainitud j\u00e4\u00e4kastil on 50 mm paksused pol\u00fcuretaanvahust seinad, toidukvaliteediga sisemine isolatsioon ja silikoonkummist tihendusr\u00f5ngas. See hoiab j\u00e4\u00e4d kuni 6 p\u00e4eva ja on varustatud kahesuunaliste kinnituspunktidega turvaliseks transportimiseks.&#8217;<\/p>\n<p>&#13;<br \/>\n&#13;<\/p>\n<p style=\"text-align:justify\">&nbsp;<\/p>\n<p>&#13;<br \/>\n&#13;<\/p>\n<p style=\"text-align:justify\">Omadused:<br \/>&#13;<br \/>\nJ\u00e4\u00e4 s\u00e4ilivusaeg 6+ p\u00e4eva (testitud temperatuuril 25 Celsiuse kraadi)<br \/>&#13;<br \/>\n50 mm paksune CFC-vaba pol\u00fcuretaanvahust isolatsioon korpuses ja kaas Toidukvaliteediga silikoonkummist tihendusr\u00f5ngas Toidukvaliteediga pol\u00fcprop\u00fcleenist sisemus Kahesuunalised kinnituspunktid turvaliseks transportimiseks Roostevabast terasest riivid Kiire\/aeglane kahekordne \u00e4ravooluavamise funktsioon Tugevad k\u00e4epidemed ja pudeliavajad Kaanesse vormitud m\u00f5\u00f5telustik<\/p>\n<p>&#13;<br \/>\n&#13;<\/p>\n<p style=\"text-align:justify\">&nbsp;<\/p>\n<p>&#13;<br \/>\n&#13;<\/p>\n<p style=\"text-align:justify\">Lisatarvikute komplekti omadused:<br \/>&#13;<br \/>\nRoostevabast terasest alus J\u00e4\u00e4telliskivisein\/jagaja L\u00f5ikelaud\/jagaja<\/p>\n<p>&#13;<\/p>\n","protected":false},"excerpt":{"rendered":"<p>Icemaster Pro j\u00e4\u00e4kast on t\u00f5hus ja usaldusv\u00e4\u00e4rne lahendus toidu ja jookide jahutamiseks. &#13; &#13; &nbsp; &#13; &#13; Austraalias disainitud j\u00e4\u00e4kastil on 50 mm paksused pol\u00fcuretaanvahust seinad, toidukvaliteediga sisemine isolatsioon ja silikoonkummist tihendusr\u00f5ngas. See hoiab j\u00e4\u00e4d kuni 6 p\u00e4eva ja on varustatud kahesuunaliste kinnituspunktidega turvaliseks transportimiseks.&#8217; &#13; &#13; &nbsp; &#13; &#13; Omadused:&#13; J\u00e4\u00e4 s\u00e4ilivusaeg 6+ p\u00e4eva&#8230;<\/p>\n","protected":false},"featured_media":0,"template":"","meta":{"_kad_blocks_custom_css":"","_kad_blocks_head_custom_js":"","_kad_blocks_body_custom_js":"","_kad_blocks_footer_custom_js":"","_kad_post_transparent":"","_kad_post_title":"","_kad_post_layout":"","_kad_post_sidebar_id":"","_kad_post_content_style":"","_kad_post_vertical_padding":"","_kad_post_feature":"","_kad_post_feature_position":"","_kad_post_header":false,"_kad_post_footer":false,"_kad_post_classname":""},"product_brand":[],"product_cat":[356],"product_tag":[],"class_list":{"0":"post-65003","1":"product","2":"type-product","3":"status-publish","5":"product_cat-kulmikud-boilerid-pliidid","6":"pa_color-must","7":"pa_producer-icemaster","8":"pa_unit-pcs","9":"tm-no-options","11":"first","12":"instock","13":"taxable","14":"shipping-taxable","15":"purchasable","16":"product-type-simple","17":"entry","18":"content-bg","19":"loop-entry"},"yoast_head":"<!-- This site is optimized with the Yoast SEO plugin v27.4 - https:\/\/yoast.com\/product\/yoast-seo-wordpress\/ -->\n<title>KAASASKANTAV K\u00dcLMIK\/J\u00c4\u00c4KAST ICEMASTER PRO 50 l - NORDLINE s\u00f5udepaadid ja mootorpaadid. Klaasfiiber materjalist.<\/title>\n<meta name=\"robots\" content=\"index, follow, max-snippet:-1, max-image-preview:large, max-video-preview:-1\" \/>\n<link rel=\"canonical\" href=\"https:\/\/nordlinepaadid.ee\/et\/pood\/heating-cooling-cooking\/kulmikud-boilerid-pliidid\/kaasaskantav-kulmik-jaakast-icemaster-pro-50-l\/\" \/>\n<meta property=\"og:locale\" content=\"et_EE\" \/>\n<meta property=\"og:type\" content=\"article\" \/>\n<meta property=\"og:title\" content=\"KAASASKANTAV K\u00dcLMIK\/J\u00c4\u00c4KAST ICEMASTER PRO 50 l - NORDLINE s\u00f5udepaadid ja mootorpaadid. Klaasfiiber materjalist.\" \/>\n<meta property=\"og:description\" content=\"Icemaster Pro j\u00e4\u00e4kast on t\u00f5hus ja usaldusv\u00e4\u00e4rne lahendus toidu ja jookide jahutamiseks. &#013; &#013; &nbsp; &#013; &#013; Austraalias disainitud j\u00e4\u00e4kastil on 50 mm paksused pol\u00fcuretaanvahust seinad, toidukvaliteediga sisemine isolatsioon ja silikoonkummist tihendusr\u00f5ngas. See hoiab j\u00e4\u00e4d kuni 6 p\u00e4eva ja on varustatud kahesuunaliste kinnituspunktidega turvaliseks transportimiseks.&#8217; &#013; &#013; &nbsp; &#013; &#013; Omadused:&#013; J\u00e4\u00e4 s\u00e4ilivusaeg 6+ p\u00e4eva...\" \/>\n<meta property=\"og:url\" content=\"https:\/\/nordlinepaadid.ee\/et\/pood\/heating-cooling-cooking\/kulmikud-boilerid-pliidid\/kaasaskantav-kulmik-jaakast-icemaster-pro-50-l\/\" \/>\n<meta property=\"og:site_name\" content=\"NORDLINE s\u00f5udepaadid ja mootorpaadid. Klaasfiiber materjalist.\" \/>\n<meta property=\"article:publisher\" content=\"https:\/\/www.facebook.com\/nordlineboats\" \/>\n<meta name=\"twitter:card\" content=\"summary_large_image\" \/>\n<meta name=\"twitter:label1\" content=\"Est. reading time\" \/>\n\t<meta name=\"twitter:data1\" content=\"1 minut\" \/>\n<script type=\"application\/ld+json\" class=\"yoast-schema-graph\">{\"@context\":\"https:\\\/\\\/schema.org\",\"@graph\":[{\"@type\":\"WebPage\",\"@id\":\"https:\\\/\\\/nordlinepaadid.ee\\\/et\\\/pood\\\/heating-cooling-cooking\\\/kulmikud-boilerid-pliidid\\\/kaasaskantav-kulmik-jaakast-icemaster-pro-50-l\\\/\",\"url\":\"https:\\\/\\\/nordlinepaadid.ee\\\/et\\\/pood\\\/heating-cooling-cooking\\\/kulmikud-boilerid-pliidid\\\/kaasaskantav-kulmik-jaakast-icemaster-pro-50-l\\\/\",\"name\":\"KAASASKANTAV K\u00dcLMIK\\\/J\u00c4\u00c4KAST ICEMASTER PRO 50 l - NORDLINE s\u00f5udepaadid ja mootorpaadid. Klaasfiiber materjalist.\",\"isPartOf\":{\"@id\":\"https:\\\/\\\/nordlinepaadid.ee\\\/et\\\/#website\"},\"datePublished\":\"2026-04-21T00:47:00+00:00\",\"breadcrumb\":{\"@id\":\"https:\\\/\\\/nordlinepaadid.ee\\\/et\\\/pood\\\/heating-cooling-cooking\\\/kulmikud-boilerid-pliidid\\\/kaasaskantav-kulmik-jaakast-icemaster-pro-50-l\\\/#breadcrumb\"},\"inLanguage\":\"et\",\"potentialAction\":[{\"@type\":\"ReadAction\",\"target\":[\"https:\\\/\\\/nordlinepaadid.ee\\\/et\\\/pood\\\/heating-cooling-cooking\\\/kulmikud-boilerid-pliidid\\\/kaasaskantav-kulmik-jaakast-icemaster-pro-50-l\\\/\"]}]},{\"@type\":\"BreadcrumbList\",\"@id\":\"https:\\\/\\\/nordlinepaadid.ee\\\/et\\\/pood\\\/heating-cooling-cooking\\\/kulmikud-boilerid-pliidid\\\/kaasaskantav-kulmik-jaakast-icemaster-pro-50-l\\\/#breadcrumb\",\"itemListElement\":[{\"@type\":\"ListItem\",\"position\":1,\"name\":\"Home\",\"item\":\"https:\\\/\\\/nordlinepaadid.ee\\\/et\\\/\"},{\"@type\":\"ListItem\",\"position\":2,\"name\":\"Pood\",\"item\":\"https:\\\/\\\/nordlinepaadid.ee\\\/et\\\/pood\\\/\"},{\"@type\":\"ListItem\",\"position\":3,\"name\":\"KAASASKANTAV K\u00dcLMIK\\\/J\u00c4\u00c4KAST ICEMASTER PRO 50 l\"}]},{\"@type\":\"WebSite\",\"@id\":\"https:\\\/\\\/nordlinepaadid.ee\\\/et\\\/#website\",\"url\":\"https:\\\/\\\/nordlinepaadid.ee\\\/et\\\/\",\"name\":\"NORDLINE s\u00f5udepaadid ja mootorpaadid. Klaasfiiber materjalist.\",\"description\":\"\",\"publisher\":{\"@id\":\"https:\\\/\\\/nordlinepaadid.ee\\\/et\\\/#organization\"},\"potentialAction\":[{\"@type\":\"SearchAction\",\"target\":{\"@type\":\"EntryPoint\",\"urlTemplate\":\"https:\\\/\\\/nordlinepaadid.ee\\\/et\\\/?s={search_term_string}\"},\"query-input\":{\"@type\":\"PropertyValueSpecification\",\"valueRequired\":true,\"valueName\":\"search_term_string\"}}],\"inLanguage\":\"et\"},{\"@type\":\"Organization\",\"@id\":\"https:\\\/\\\/nordlinepaadid.ee\\\/et\\\/#organization\",\"name\":\"Nordlineboats\",\"url\":\"https:\\\/\\\/nordlinepaadid.ee\\\/et\\\/\",\"logo\":{\"@type\":\"ImageObject\",\"inLanguage\":\"et\",\"@id\":\"https:\\\/\\\/nordlinepaadid.ee\\\/et\\\/#\\\/schema\\\/logo\\\/image\\\/\",\"url\":\"https:\\\/\\\/nordlinepaadid.ee\\\/wp-content\\\/uploads\\\/2023\\\/01\\\/fulllogo_transparent_nobuffer-e1672750475494.png\",\"contentUrl\":\"https:\\\/\\\/nordlinepaadid.ee\\\/wp-content\\\/uploads\\\/2023\\\/01\\\/fulllogo_transparent_nobuffer-e1672750475494.png\",\"width\":150,\"height\":119,\"caption\":\"Nordlineboats\"},\"image\":{\"@id\":\"https:\\\/\\\/nordlinepaadid.ee\\\/et\\\/#\\\/schema\\\/logo\\\/image\\\/\"},\"sameAs\":[\"https:\\\/\\\/www.facebook.com\\\/nordlineboats\",\"https:\\\/\\\/www.youtube.com\\\/channel\\\/UCbgF0fy02y3QkFnujaLTaCA\"]}]}<\/script>\n<!-- \/ Yoast SEO plugin. -->","yoast_head_json":{"title":"KAASASKANTAV K\u00dcLMIK\/J\u00c4\u00c4KAST ICEMASTER PRO 50 l - NORDLINE s\u00f5udepaadid ja mootorpaadid. Klaasfiiber materjalist.","robots":{"index":"index","follow":"follow","max-snippet":"max-snippet:-1","max-image-preview":"max-image-preview:large","max-video-preview":"max-video-preview:-1"},"canonical":"https:\/\/nordlinepaadid.ee\/et\/pood\/heating-cooling-cooking\/kulmikud-boilerid-pliidid\/kaasaskantav-kulmik-jaakast-icemaster-pro-50-l\/","og_locale":"et_EE","og_type":"article","og_title":"KAASASKANTAV K\u00dcLMIK\/J\u00c4\u00c4KAST ICEMASTER PRO 50 l - NORDLINE s\u00f5udepaadid ja mootorpaadid. Klaasfiiber materjalist.","og_description":"Icemaster Pro j\u00e4\u00e4kast on t\u00f5hus ja usaldusv\u00e4\u00e4rne lahendus toidu ja jookide jahutamiseks. &#13; &#13; &nbsp; &#13; &#13; Austraalias disainitud j\u00e4\u00e4kastil on 50 mm paksused pol\u00fcuretaanvahust seinad, toidukvaliteediga sisemine isolatsioon ja silikoonkummist tihendusr\u00f5ngas. See hoiab j\u00e4\u00e4d kuni 6 p\u00e4eva ja on varustatud kahesuunaliste kinnituspunktidega turvaliseks transportimiseks.&#8217; &#13; &#13; &nbsp; &#13; &#13; Omadused:&#13; J\u00e4\u00e4 s\u00e4ilivusaeg 6+ p\u00e4eva...","og_url":"https:\/\/nordlinepaadid.ee\/et\/pood\/heating-cooling-cooking\/kulmikud-boilerid-pliidid\/kaasaskantav-kulmik-jaakast-icemaster-pro-50-l\/","og_site_name":"NORDLINE s\u00f5udepaadid ja mootorpaadid. Klaasfiiber materjalist.","article_publisher":"https:\/\/www.facebook.com\/nordlineboats","twitter_card":"summary_large_image","twitter_misc":{"Est. reading time":"1 minut"},"schema":{"@context":"https:\/\/schema.org","@graph":[{"@type":"WebPage","@id":"https:\/\/nordlinepaadid.ee\/et\/pood\/heating-cooling-cooking\/kulmikud-boilerid-pliidid\/kaasaskantav-kulmik-jaakast-icemaster-pro-50-l\/","url":"https:\/\/nordlinepaadid.ee\/et\/pood\/heating-cooling-cooking\/kulmikud-boilerid-pliidid\/kaasaskantav-kulmik-jaakast-icemaster-pro-50-l\/","name":"KAASASKANTAV K\u00dcLMIK\/J\u00c4\u00c4KAST ICEMASTER PRO 50 l - NORDLINE s\u00f5udepaadid ja mootorpaadid. Klaasfiiber materjalist.","isPartOf":{"@id":"https:\/\/nordlinepaadid.ee\/et\/#website"},"datePublished":"2026-04-21T00:47:00+00:00","breadcrumb":{"@id":"https:\/\/nordlinepaadid.ee\/et\/pood\/heating-cooling-cooking\/kulmikud-boilerid-pliidid\/kaasaskantav-kulmik-jaakast-icemaster-pro-50-l\/#breadcrumb"},"inLanguage":"et","potentialAction":[{"@type":"ReadAction","target":["https:\/\/nordlinepaadid.ee\/et\/pood\/heating-cooling-cooking\/kulmikud-boilerid-pliidid\/kaasaskantav-kulmik-jaakast-icemaster-pro-50-l\/"]}]},{"@type":"BreadcrumbList","@id":"https:\/\/nordlinepaadid.ee\/et\/pood\/heating-cooling-cooking\/kulmikud-boilerid-pliidid\/kaasaskantav-kulmik-jaakast-icemaster-pro-50-l\/#breadcrumb","itemListElement":[{"@type":"ListItem","position":1,"name":"Home","item":"https:\/\/nordlinepaadid.ee\/et\/"},{"@type":"ListItem","position":2,"name":"Pood","item":"https:\/\/nordlinepaadid.ee\/et\/pood\/"},{"@type":"ListItem","position":3,"name":"KAASASKANTAV K\u00dcLMIK\/J\u00c4\u00c4KAST ICEMASTER PRO 50 l"}]},{"@type":"WebSite","@id":"https:\/\/nordlinepaadid.ee\/et\/#website","url":"https:\/\/nordlinepaadid.ee\/et\/","name":"NORDLINE s\u00f5udepaadid ja mootorpaadid. Klaasfiiber materjalist.","description":"","publisher":{"@id":"https:\/\/nordlinepaadid.ee\/et\/#organization"},"potentialAction":[{"@type":"SearchAction","target":{"@type":"EntryPoint","urlTemplate":"https:\/\/nordlinepaadid.ee\/et\/?s={search_term_string}"},"query-input":{"@type":"PropertyValueSpecification","valueRequired":true,"valueName":"search_term_string"}}],"inLanguage":"et"},{"@type":"Organization","@id":"https:\/\/nordlinepaadid.ee\/et\/#organization","name":"Nordlineboats","url":"https:\/\/nordlinepaadid.ee\/et\/","logo":{"@type":"ImageObject","inLanguage":"et","@id":"https:\/\/nordlinepaadid.ee\/et\/#\/schema\/logo\/image\/","url":"https:\/\/nordlinepaadid.ee\/wp-content\/uploads\/2023\/01\/fulllogo_transparent_nobuffer-e1672750475494.png","contentUrl":"https:\/\/nordlinepaadid.ee\/wp-content\/uploads\/2023\/01\/fulllogo_transparent_nobuffer-e1672750475494.png","width":150,"height":119,"caption":"Nordlineboats"},"image":{"@id":"https:\/\/nordlinepaadid.ee\/et\/#\/schema\/logo\/image\/"},"sameAs":["https:\/\/www.facebook.com\/nordlineboats","https:\/\/www.youtube.com\/channel\/UCbgF0fy02y3QkFnujaLTaCA"]}]}},"taxonomy_info":{"product_cat":[{"value":356,"label":"K\u00fclmikud, Boilerid, Pliidid"}],"pa_color":[{"value":684,"label":"Must"}],"pa_producer":[{"value":1868,"label":"IceMaster"}],"pa_unit":[{"value":416,"label":"pcs"}]},"featured_image_src_large":false,"author_info":[],"comment_info":"","_links":{"self":[{"href":"https:\/\/nordlinepaadid.ee\/et\/wp-json\/wp\/v2\/product\/65003","targetHints":{"allow":["GET"]}}],"collection":[{"href":"https:\/\/nordlinepaadid.ee\/et\/wp-json\/wp\/v2\/product"}],"about":[{"href":"https:\/\/nordlinepaadid.ee\/et\/wp-json\/wp\/v2\/types\/product"}],"wp:attachment":[{"href":"https:\/\/nordlinepaadid.ee\/et\/wp-json\/wp\/v2\/media?parent=65003"}],"wp:term":[{"taxonomy":"product_brand","embeddable":true,"href":"https:\/\/nordlinepaadid.ee\/et\/wp-json\/wp\/v2\/product_brand?post=65003"},{"taxonomy":"product_cat","embeddable":true,"href":"https:\/\/nordlinepaadid.ee\/et\/wp-json\/wp\/v2\/product_cat?post=65003"},{"taxonomy":"product_tag","embeddable":true,"href":"https:\/\/nordlinepaadid.ee\/et\/wp-json\/wp\/v2\/product_tag?post=65003"}],"curies":[{"name":"wp","href":"https:\/\/api.w.org\/{rel}","templated":true}]}}