{"id":65014,"date":"2026-04-17T20:14:20","date_gmt":"2026-04-17T17:14:20","guid":{"rendered":"https:\/\/nordlinepaadid.ee\/pood\/maaratlemata\/ohutusvest-typhoon-50n-f-e-must-junior\/"},"modified":"2026-04-18T02:05:55","modified_gmt":"2026-04-17T23:05:55","slug":"ohutusvest-typhoon-50n-f-e-must-junior","status":"publish","type":"product","link":"https:\/\/nordlinepaadid.ee\/et\/pood\/paastevahendid\/paastevestid-ohutusvestid\/ohutusvest-typhoon-50n-f-e-must-junior\/","title":{"rendered":"OHUTUSVEST &#8211; TYPHOON 50N F\/E, MUST, JUNIOR"},"content":{"rendered":"<p>Hudson 50 N ujuvabiin on loodud vastama veespordihuviliste mitmekesistele vajadustele.<\/p>\n<p>&#13;<br \/>\n&#13;<\/p>\n<p>See pakub optimaalset mugavust t\u00e4nu ergonoomilisele l\u00f5ikele, elegantsele disainile ning \u00f5la- ja v\u00f6\u00f6koha reguleerimisv\u00f5imalustele.<\/p>\n<p>&#13;<br \/>\n&#13;<\/p>\n<ul>&#13;<\/p>\n<li>&nbsp;<\/li>\n<p>&#13;<\/p>\n<li>Ergonoomiline disain suurema paindlikkuse ja liikumisvabaduse tagamiseks.<\/li>\n<p>&#13;<\/p>\n<li>YKK\u00ae eesmine t\u00f5mblukk.<\/li>\n<p>&#13;<\/p>\n<li>Lukuga rinnatasku.<\/li>\n<p>&#13;<\/p>\n<li>Sisemine vile.<\/li>\n<p>&#13;<\/p>\n<li>Sisemine jalgevahe rihm.<\/li>\n<p>&#13;<\/p>\n<li>Reguleeritavad \u00f5la- ja v\u00f6\u00f6rihmad.<\/li>\n<p>&#13;<\/p>\n<li>Eesmine kiirkinnitusega pannal.<\/li>\n<p>&#13;<\/p>\n<li>Elastsed k\u00fclgpaneelid.<\/li>\n<p>&#13;<\/p>\n<li>Vastab standardile BS EN ISO 12402-5.<\/li>\n<p>&#13;\n<\/ul>\n<p>&#13;<\/p>\n","protected":false},"excerpt":{"rendered":"<p>Hudson 50 N ujuvabiin on loodud vastama veespordihuviliste mitmekesistele vajadustele. &#13; &#13; See pakub optimaalset mugavust t\u00e4nu ergonoomilisele l\u00f5ikele, elegantsele disainile ning \u00f5la- ja v\u00f6\u00f6koha reguleerimisv\u00f5imalustele. &#13; &#13; &#13; &nbsp; &#13; Ergonoomiline disain suurema paindlikkuse ja liikumisvabaduse tagamiseks. &#13; YKK\u00ae eesmine t\u00f5mblukk. &#13; Lukuga rinnatasku. &#13; Sisemine vile. &#13; Sisemine jalgevahe rihm. &#13; Reguleeritavad \u00f5la-&#8230;<\/p>\n","protected":false},"featured_media":0,"template":"","meta":{"_kad_blocks_custom_css":"","_kad_blocks_head_custom_js":"","_kad_blocks_body_custom_js":"","_kad_blocks_footer_custom_js":"","_kad_post_transparent":"","_kad_post_title":"","_kad_post_layout":"","_kad_post_sidebar_id":"","_kad_post_content_style":"","_kad_post_vertical_padding":"","_kad_post_feature":"","_kad_post_feature_position":"","_kad_post_header":false,"_kad_post_footer":false,"_kad_post_classname":""},"product_brand":[],"product_cat":[236],"product_tag":[],"class_list":{"0":"post-65014","1":"product","2":"type-product","3":"status-publish","5":"product_cat-paastevestid-ohutusvestid","6":"pa_color-must","7":"pa_producer-typhoon","8":"pa_unit-pcs","9":"tm-no-options","11":"first","12":"instock","13":"taxable","14":"shipping-taxable","15":"purchasable","16":"product-type-simple","17":"entry","18":"content-bg","19":"loop-entry"},"yoast_head":"<!-- This site is optimized with the Yoast SEO plugin v27.3 - https:\/\/yoast.com\/product\/yoast-seo-wordpress\/ -->\n<title>OHUTUSVEST - TYPHOON 50N F\/E, MUST, JUNIOR - NORDLINE s\u00f5udepaadid ja mootorpaadid. Klaasfiiber materjalist.<\/title>\n<meta name=\"robots\" content=\"index, follow, max-snippet:-1, max-image-preview:large, max-video-preview:-1\" \/>\n<link rel=\"canonical\" href=\"https:\/\/nordlinepaadid.ee\/et\/pood\/paastevahendid\/paastevestid-ohutusvestid\/ohutusvest-typhoon-50n-f-e-must-junior\/\" \/>\n<meta property=\"og:locale\" content=\"et_EE\" \/>\n<meta property=\"og:type\" content=\"article\" \/>\n<meta property=\"og:title\" content=\"OHUTUSVEST - TYPHOON 50N F\/E, MUST, JUNIOR - NORDLINE s\u00f5udepaadid ja mootorpaadid. Klaasfiiber materjalist.\" \/>\n<meta property=\"og:description\" content=\"Hudson 50 N ujuvabiin on loodud vastama veespordihuviliste mitmekesistele vajadustele. &#013; &#013; See pakub optimaalset mugavust t\u00e4nu ergonoomilisele l\u00f5ikele, elegantsele disainile ning \u00f5la- ja v\u00f6\u00f6koha reguleerimisv\u00f5imalustele. &#013; &#013; &#013; &nbsp; &#013; Ergonoomiline disain suurema paindlikkuse ja liikumisvabaduse tagamiseks. &#013; YKK\u00ae eesmine t\u00f5mblukk. &#013; Lukuga rinnatasku. &#013; Sisemine vile. &#013; Sisemine jalgevahe rihm. &#013; Reguleeritavad \u00f5la-...\" \/>\n<meta property=\"og:url\" content=\"https:\/\/nordlinepaadid.ee\/et\/pood\/paastevahendid\/paastevestid-ohutusvestid\/ohutusvest-typhoon-50n-f-e-must-junior\/\" \/>\n<meta property=\"og:site_name\" content=\"NORDLINE s\u00f5udepaadid ja mootorpaadid. Klaasfiiber materjalist.\" \/>\n<meta property=\"article:publisher\" content=\"https:\/\/www.facebook.com\/nordlineboats\" \/>\n<meta property=\"article:modified_time\" content=\"2026-04-17T23:05:55+00:00\" \/>\n<meta name=\"twitter:card\" content=\"summary_large_image\" \/>\n<script type=\"application\/ld+json\" class=\"yoast-schema-graph\">{\"@context\":\"https:\\\/\\\/schema.org\",\"@graph\":[{\"@type\":\"WebPage\",\"@id\":\"https:\\\/\\\/nordlinepaadid.ee\\\/et\\\/pood\\\/paastevahendid\\\/paastevestid-ohutusvestid\\\/ohutusvest-typhoon-50n-f-e-must-junior\\\/\",\"url\":\"https:\\\/\\\/nordlinepaadid.ee\\\/et\\\/pood\\\/paastevahendid\\\/paastevestid-ohutusvestid\\\/ohutusvest-typhoon-50n-f-e-must-junior\\\/\",\"name\":\"OHUTUSVEST - TYPHOON 50N F\\\/E, MUST, JUNIOR - NORDLINE s\u00f5udepaadid ja mootorpaadid. Klaasfiiber materjalist.\",\"isPartOf\":{\"@id\":\"https:\\\/\\\/nordlinepaadid.ee\\\/et\\\/#website\"},\"datePublished\":\"2026-04-17T17:14:20+00:00\",\"dateModified\":\"2026-04-17T23:05:55+00:00\",\"breadcrumb\":{\"@id\":\"https:\\\/\\\/nordlinepaadid.ee\\\/et\\\/pood\\\/paastevahendid\\\/paastevestid-ohutusvestid\\\/ohutusvest-typhoon-50n-f-e-must-junior\\\/#breadcrumb\"},\"inLanguage\":\"et\",\"potentialAction\":[{\"@type\":\"ReadAction\",\"target\":[\"https:\\\/\\\/nordlinepaadid.ee\\\/et\\\/pood\\\/paastevahendid\\\/paastevestid-ohutusvestid\\\/ohutusvest-typhoon-50n-f-e-must-junior\\\/\"]}]},{\"@type\":\"BreadcrumbList\",\"@id\":\"https:\\\/\\\/nordlinepaadid.ee\\\/et\\\/pood\\\/paastevahendid\\\/paastevestid-ohutusvestid\\\/ohutusvest-typhoon-50n-f-e-must-junior\\\/#breadcrumb\",\"itemListElement\":[{\"@type\":\"ListItem\",\"position\":1,\"name\":\"Home\",\"item\":\"https:\\\/\\\/nordlinepaadid.ee\\\/et\\\/\"},{\"@type\":\"ListItem\",\"position\":2,\"name\":\"Pood\",\"item\":\"https:\\\/\\\/nordlinepaadid.ee\\\/et\\\/pood\\\/\"},{\"@type\":\"ListItem\",\"position\":3,\"name\":\"OHUTUSVEST &#8211; TYPHOON 50N F\\\/E, MUST, JUNIOR\"}]},{\"@type\":\"WebSite\",\"@id\":\"https:\\\/\\\/nordlinepaadid.ee\\\/et\\\/#website\",\"url\":\"https:\\\/\\\/nordlinepaadid.ee\\\/et\\\/\",\"name\":\"NORDLINE s\u00f5udepaadid ja mootorpaadid. Klaasfiiber materjalist.\",\"description\":\"\",\"publisher\":{\"@id\":\"https:\\\/\\\/nordlinepaadid.ee\\\/et\\\/#organization\"},\"potentialAction\":[{\"@type\":\"SearchAction\",\"target\":{\"@type\":\"EntryPoint\",\"urlTemplate\":\"https:\\\/\\\/nordlinepaadid.ee\\\/et\\\/?s={search_term_string}\"},\"query-input\":{\"@type\":\"PropertyValueSpecification\",\"valueRequired\":true,\"valueName\":\"search_term_string\"}}],\"inLanguage\":\"et\"},{\"@type\":\"Organization\",\"@id\":\"https:\\\/\\\/nordlinepaadid.ee\\\/et\\\/#organization\",\"name\":\"Nordlineboats\",\"url\":\"https:\\\/\\\/nordlinepaadid.ee\\\/et\\\/\",\"logo\":{\"@type\":\"ImageObject\",\"inLanguage\":\"et\",\"@id\":\"https:\\\/\\\/nordlinepaadid.ee\\\/et\\\/#\\\/schema\\\/logo\\\/image\\\/\",\"url\":\"https:\\\/\\\/nordlinepaadid.ee\\\/wp-content\\\/uploads\\\/2023\\\/01\\\/fulllogo_transparent_nobuffer-e1672750475494.png\",\"contentUrl\":\"https:\\\/\\\/nordlinepaadid.ee\\\/wp-content\\\/uploads\\\/2023\\\/01\\\/fulllogo_transparent_nobuffer-e1672750475494.png\",\"width\":150,\"height\":119,\"caption\":\"Nordlineboats\"},\"image\":{\"@id\":\"https:\\\/\\\/nordlinepaadid.ee\\\/et\\\/#\\\/schema\\\/logo\\\/image\\\/\"},\"sameAs\":[\"https:\\\/\\\/www.facebook.com\\\/nordlineboats\",\"https:\\\/\\\/www.youtube.com\\\/channel\\\/UCbgF0fy02y3QkFnujaLTaCA\"]}]}<\/script>\n<!-- \/ Yoast SEO plugin. -->","yoast_head_json":{"title":"OHUTUSVEST - TYPHOON 50N F\/E, MUST, JUNIOR - NORDLINE s\u00f5udepaadid ja mootorpaadid. Klaasfiiber materjalist.","robots":{"index":"index","follow":"follow","max-snippet":"max-snippet:-1","max-image-preview":"max-image-preview:large","max-video-preview":"max-video-preview:-1"},"canonical":"https:\/\/nordlinepaadid.ee\/et\/pood\/paastevahendid\/paastevestid-ohutusvestid\/ohutusvest-typhoon-50n-f-e-must-junior\/","og_locale":"et_EE","og_type":"article","og_title":"OHUTUSVEST - TYPHOON 50N F\/E, MUST, JUNIOR - NORDLINE s\u00f5udepaadid ja mootorpaadid. Klaasfiiber materjalist.","og_description":"Hudson 50 N ujuvabiin on loodud vastama veespordihuviliste mitmekesistele vajadustele. &#13; &#13; See pakub optimaalset mugavust t\u00e4nu ergonoomilisele l\u00f5ikele, elegantsele disainile ning \u00f5la- ja v\u00f6\u00f6koha reguleerimisv\u00f5imalustele. &#13; &#13; &#13; &nbsp; &#13; Ergonoomiline disain suurema paindlikkuse ja liikumisvabaduse tagamiseks. &#13; YKK\u00ae eesmine t\u00f5mblukk. &#13; Lukuga rinnatasku. &#13; Sisemine vile. &#13; Sisemine jalgevahe rihm. &#13; Reguleeritavad \u00f5la-...","og_url":"https:\/\/nordlinepaadid.ee\/et\/pood\/paastevahendid\/paastevestid-ohutusvestid\/ohutusvest-typhoon-50n-f-e-must-junior\/","og_site_name":"NORDLINE s\u00f5udepaadid ja mootorpaadid. Klaasfiiber materjalist.","article_publisher":"https:\/\/www.facebook.com\/nordlineboats","article_modified_time":"2026-04-17T23:05:55+00:00","twitter_card":"summary_large_image","schema":{"@context":"https:\/\/schema.org","@graph":[{"@type":"WebPage","@id":"https:\/\/nordlinepaadid.ee\/et\/pood\/paastevahendid\/paastevestid-ohutusvestid\/ohutusvest-typhoon-50n-f-e-must-junior\/","url":"https:\/\/nordlinepaadid.ee\/et\/pood\/paastevahendid\/paastevestid-ohutusvestid\/ohutusvest-typhoon-50n-f-e-must-junior\/","name":"OHUTUSVEST - TYPHOON 50N F\/E, MUST, JUNIOR - NORDLINE s\u00f5udepaadid ja mootorpaadid. Klaasfiiber materjalist.","isPartOf":{"@id":"https:\/\/nordlinepaadid.ee\/et\/#website"},"datePublished":"2026-04-17T17:14:20+00:00","dateModified":"2026-04-17T23:05:55+00:00","breadcrumb":{"@id":"https:\/\/nordlinepaadid.ee\/et\/pood\/paastevahendid\/paastevestid-ohutusvestid\/ohutusvest-typhoon-50n-f-e-must-junior\/#breadcrumb"},"inLanguage":"et","potentialAction":[{"@type":"ReadAction","target":["https:\/\/nordlinepaadid.ee\/et\/pood\/paastevahendid\/paastevestid-ohutusvestid\/ohutusvest-typhoon-50n-f-e-must-junior\/"]}]},{"@type":"BreadcrumbList","@id":"https:\/\/nordlinepaadid.ee\/et\/pood\/paastevahendid\/paastevestid-ohutusvestid\/ohutusvest-typhoon-50n-f-e-must-junior\/#breadcrumb","itemListElement":[{"@type":"ListItem","position":1,"name":"Home","item":"https:\/\/nordlinepaadid.ee\/et\/"},{"@type":"ListItem","position":2,"name":"Pood","item":"https:\/\/nordlinepaadid.ee\/et\/pood\/"},{"@type":"ListItem","position":3,"name":"OHUTUSVEST &#8211; TYPHOON 50N F\/E, MUST, JUNIOR"}]},{"@type":"WebSite","@id":"https:\/\/nordlinepaadid.ee\/et\/#website","url":"https:\/\/nordlinepaadid.ee\/et\/","name":"NORDLINE s\u00f5udepaadid ja mootorpaadid. Klaasfiiber materjalist.","description":"","publisher":{"@id":"https:\/\/nordlinepaadid.ee\/et\/#organization"},"potentialAction":[{"@type":"SearchAction","target":{"@type":"EntryPoint","urlTemplate":"https:\/\/nordlinepaadid.ee\/et\/?s={search_term_string}"},"query-input":{"@type":"PropertyValueSpecification","valueRequired":true,"valueName":"search_term_string"}}],"inLanguage":"et"},{"@type":"Organization","@id":"https:\/\/nordlinepaadid.ee\/et\/#organization","name":"Nordlineboats","url":"https:\/\/nordlinepaadid.ee\/et\/","logo":{"@type":"ImageObject","inLanguage":"et","@id":"https:\/\/nordlinepaadid.ee\/et\/#\/schema\/logo\/image\/","url":"https:\/\/nordlinepaadid.ee\/wp-content\/uploads\/2023\/01\/fulllogo_transparent_nobuffer-e1672750475494.png","contentUrl":"https:\/\/nordlinepaadid.ee\/wp-content\/uploads\/2023\/01\/fulllogo_transparent_nobuffer-e1672750475494.png","width":150,"height":119,"caption":"Nordlineboats"},"image":{"@id":"https:\/\/nordlinepaadid.ee\/et\/#\/schema\/logo\/image\/"},"sameAs":["https:\/\/www.facebook.com\/nordlineboats","https:\/\/www.youtube.com\/channel\/UCbgF0fy02y3QkFnujaLTaCA"]}]}},"taxonomy_info":{"product_cat":[{"value":236,"label":"P\u00e4\u00e4stevestid, Ohutusvestid"}],"pa_color":[{"value":684,"label":"Must"}],"pa_producer":[{"value":1731,"label":"Typhoon"}],"pa_unit":[{"value":416,"label":"pcs"}]},"featured_image_src_large":false,"author_info":[],"comment_info":"","_links":{"self":[{"href":"https:\/\/nordlinepaadid.ee\/et\/wp-json\/wp\/v2\/product\/65014","targetHints":{"allow":["GET"]}}],"collection":[{"href":"https:\/\/nordlinepaadid.ee\/et\/wp-json\/wp\/v2\/product"}],"about":[{"href":"https:\/\/nordlinepaadid.ee\/et\/wp-json\/wp\/v2\/types\/product"}],"wp:attachment":[{"href":"https:\/\/nordlinepaadid.ee\/et\/wp-json\/wp\/v2\/media?parent=65014"}],"wp:term":[{"taxonomy":"product_brand","embeddable":true,"href":"https:\/\/nordlinepaadid.ee\/et\/wp-json\/wp\/v2\/product_brand?post=65014"},{"taxonomy":"product_cat","embeddable":true,"href":"https:\/\/nordlinepaadid.ee\/et\/wp-json\/wp\/v2\/product_cat?post=65014"},{"taxonomy":"product_tag","embeddable":true,"href":"https:\/\/nordlinepaadid.ee\/et\/wp-json\/wp\/v2\/product_tag?post=65014"}],"curies":[{"name":"wp","href":"https:\/\/api.w.org\/{rel}","templated":true}]}}