{"id":65035,"date":"2026-04-21T03:47:09","date_gmt":"2026-04-21T00:47:09","guid":{"rendered":"https:\/\/nordlinepaadid.ee\/pood\/maaratlemata\/jalanoud-equipement-de-vie-lemieuv-suede-kastanpruun-41\/"},"modified":"2026-04-21T03:47:09","modified_gmt":"2026-04-21T00:47:09","slug":"jalanoud-equipement-de-vie-lemieuv-suede-kastanpruun-41","status":"publish","type":"product","link":"https:\/\/nordlinepaadid.ee\/et\/pood\/ru-marine-clothing-and-shoes\/ru-boots-shoes\/jalanoud-equipement-de-vie-lemieuv-suede-kastanpruun-41\/","title":{"rendered":"JALAN\u00d5UD &#8211; EQUIPEMENT DE VIE, LEMIEUV SUEDE, KASTANPRUUN, 41"},"content":{"rendered":"<p style=\"text-align:justify\"><span style=\"font-size:12px\">Lemieux Suede on disainitud meretagusele teekonnale ning uhkeldab luksusliku ja pehme seemisnahast pealispinnaga ning kontrastse taimparkitud kraega, mis \u00fchendab endas j\u00f5udluse, vastupidavuse ja erakordse mugavuse. Lemieux Suede&#8217;il on hea haarduvusega libisemisvastane tallasegu optimaalse haarduvuse ja p\u00fcsivuse tagamiseks m\u00e4rjal teel ning kiirpaeltega s\u00fcsteem. Kinga sisemus on t\u00e4ielikult nahast vooderdatud ja sellel on meie patenteeritud kannalukustuss\u00fcsteem suurep\u00e4rase sobivuse ja toe tagamiseks.<\/span><br \/>&#13;<br \/>\n<br \/>&#13;<br \/>\n&nbsp;<\/p>\n<p>&#13;<br \/>\n&#13;<\/p>\n<ul>&#13;<\/p>\n<li style=\"text-align:justify\">Kaitsev TPU kiht<\/li>\n<p>&#13;<\/p>\n<li style=\"text-align:justify\"><span style=\"font-size:12px\">Kiirpaeltega s\u00fcsteem<\/span><\/li>\n<p>&#13;<\/p>\n<li style=\"text-align:justify\"><span style=\"font-size:12px\">L\u00f6\u00f6gikindel kummist varvastekaitse<\/span><\/li>\n<p>&#13;<\/p>\n<li style=\"text-align:justify\"><span style=\"font-size:12px\">Kummist Ecto-kanna stabilisaator<\/span><\/li>\n<p>&#13;<\/p>\n<li style=\"text-align:justify\"><span style=\"font-size:12px\">rPET kiirpaeltega s\u00fcsteem<\/span><\/li>\n<p>&#13;<\/p>\n<li style=\"text-align:justify\"><span style=\"font-size:12px\">Drenaa\u017eiavade s\u00fcsteem<\/span><\/li>\n<p>&#13;<\/p>\n<li style=\"text-align:justify\"><span style=\"font-size:12px\">Vintsiga t\u00e4ppiskinnitusega kannapadi<\/span><\/li>\n<p>&#13;<\/p>\n<li style=\"text-align:justify\"><span style=\"font-size:12px\">Polsterdatud sisemine kannalukustuss\u00fcsteem<\/span><\/li>\n<p>&#13;<\/p>\n<li style=\"text-align:justify\"><span style=\"font-size:12px\">Paelte kinnitus<\/span><\/li>\n<p>&#13;<\/p>\n<li style=\"text-align:justify\"><span style=\"font-size:12px\">Kahekihiline hingav pealispind<\/span><\/li>\n<p>&#13;<\/p>\n<li style=\"text-align:justify\"><span style=\"font-size:12px\">Vastupidav rPET rebenemisvastane ja v\u00f5rkkangas<\/span><\/li>\n<p>&#13;<\/p>\n<li style=\"text-align:justify\"><span style=\"font-size:12px\">K\u00f5rge tagasil\u00f6\u00f6giga EVA sisetald, mis on valmistatud 35% suhkruroo materjalist<\/span><\/li>\n<p>&#13;<\/p>\n<li style=\"text-align:justify\"><span style=\"font-size:12px\">V\u00f5lvi tugi<\/span><\/li>\n<p>&#13;<\/p>\n<li style=\"text-align:justify\"><span style=\"font-size:12px\">T\u00e4ielik drenaa\u017e sisetald<\/span><\/li>\n<p>&#13;<\/p>\n<li style=\"text-align:justify\"><span style=\"font-size:12px\">Superhaarduv libisemisvastane ja j\u00e4lgi mittej\u00e4lgiv segu<\/span><\/li>\n<p>&#13;<\/p>\n<li style=\"text-align:justify\"><span style=\"font-size:12px\">Perforeeritud keel<\/span><\/li>\n<p>&#13;\n<\/ul>\n<p>&#13;<\/p>\n","protected":false},"excerpt":{"rendered":"<p>Lemieux Suede on disainitud meretagusele teekonnale ning uhkeldab luksusliku ja pehme seemisnahast pealispinnaga ning kontrastse taimparkitud kraega, mis \u00fchendab endas j\u00f5udluse, vastupidavuse ja erakordse mugavuse. Lemieux Suede&#8217;il on hea haarduvusega libisemisvastane tallasegu optimaalse haarduvuse ja p\u00fcsivuse tagamiseks m\u00e4rjal teel ning kiirpaeltega s\u00fcsteem. Kinga sisemus on t\u00e4ielikult nahast vooderdatud ja sellel on meie patenteeritud kannalukustuss\u00fcsteem suurep\u00e4rase&#8230;<\/p>\n","protected":false},"featured_media":0,"template":"","meta":{"_kad_blocks_custom_css":"","_kad_blocks_head_custom_js":"","_kad_blocks_body_custom_js":"","_kad_blocks_footer_custom_js":"","_kad_post_transparent":"","_kad_post_title":"","_kad_post_layout":"","_kad_post_sidebar_id":"","_kad_post_content_style":"","_kad_post_vertical_padding":"","_kad_post_feature":"","_kad_post_feature_position":"","_kad_post_header":false,"_kad_post_footer":false,"_kad_post_classname":""},"product_brand":[],"product_cat":[345,894],"product_tag":[],"class_list":{"0":"post-65035","1":"product","2":"type-product","3":"status-publish","5":"product_cat-jalanoud","6":"product_cat-ru-boots-shoes","7":"pa_color-kastanpruun","8":"pa_producer-equipement-de-vie","9":"pa_unit-pair","10":"tm-no-options","12":"first","13":"onbackorder","14":"taxable","15":"shipping-taxable","16":"purchasable","17":"product-type-simple","18":"entry","19":"content-bg","20":"loop-entry"},"yoast_head":"<!-- This site is optimized with the Yoast SEO plugin v27.4 - https:\/\/yoast.com\/product\/yoast-seo-wordpress\/ -->\n<title>JALAN\u00d5UD - EQUIPEMENT DE VIE, LEMIEUV SUEDE, KASTANPRUUN, 41 - NORDLINE s\u00f5udepaadid ja mootorpaadid. Klaasfiiber materjalist.<\/title>\n<meta name=\"robots\" content=\"index, follow, max-snippet:-1, max-image-preview:large, max-video-preview:-1\" \/>\n<link rel=\"canonical\" href=\"https:\/\/nordlinepaadid.ee\/et\/pood\/ru-marine-clothing-and-shoes\/ru-boots-shoes\/jalanoud-equipement-de-vie-lemieuv-suede-kastanpruun-41\/\" \/>\n<meta property=\"og:locale\" content=\"et_EE\" \/>\n<meta property=\"og:type\" content=\"article\" \/>\n<meta property=\"og:title\" content=\"JALAN\u00d5UD - EQUIPEMENT DE VIE, LEMIEUV SUEDE, KASTANPRUUN, 41 - NORDLINE s\u00f5udepaadid ja mootorpaadid. Klaasfiiber materjalist.\" \/>\n<meta property=\"og:description\" content=\"Lemieux Suede on disainitud meretagusele teekonnale ning uhkeldab luksusliku ja pehme seemisnahast pealispinnaga ning kontrastse taimparkitud kraega, mis \u00fchendab endas j\u00f5udluse, vastupidavuse ja erakordse mugavuse. Lemieux Suede&#8217;il on hea haarduvusega libisemisvastane tallasegu optimaalse haarduvuse ja p\u00fcsivuse tagamiseks m\u00e4rjal teel ning kiirpaeltega s\u00fcsteem. Kinga sisemus on t\u00e4ielikult nahast vooderdatud ja sellel on meie patenteeritud kannalukustuss\u00fcsteem suurep\u00e4rase...\" \/>\n<meta property=\"og:url\" content=\"https:\/\/nordlinepaadid.ee\/et\/pood\/ru-marine-clothing-and-shoes\/ru-boots-shoes\/jalanoud-equipement-de-vie-lemieuv-suede-kastanpruun-41\/\" \/>\n<meta property=\"og:site_name\" content=\"NORDLINE s\u00f5udepaadid ja mootorpaadid. Klaasfiiber materjalist.\" \/>\n<meta property=\"article:publisher\" content=\"https:\/\/www.facebook.com\/nordlineboats\" \/>\n<meta name=\"twitter:card\" content=\"summary_large_image\" \/>\n<meta name=\"twitter:label1\" content=\"Est. reading time\" \/>\n\t<meta name=\"twitter:data1\" content=\"1 minut\" \/>\n<script type=\"application\/ld+json\" class=\"yoast-schema-graph\">{\"@context\":\"https:\\\/\\\/schema.org\",\"@graph\":[{\"@type\":\"WebPage\",\"@id\":\"https:\\\/\\\/nordlinepaadid.ee\\\/et\\\/pood\\\/ru-marine-clothing-and-shoes\\\/ru-boots-shoes\\\/jalanoud-equipement-de-vie-lemieuv-suede-kastanpruun-41\\\/\",\"url\":\"https:\\\/\\\/nordlinepaadid.ee\\\/et\\\/pood\\\/ru-marine-clothing-and-shoes\\\/ru-boots-shoes\\\/jalanoud-equipement-de-vie-lemieuv-suede-kastanpruun-41\\\/\",\"name\":\"JALAN\u00d5UD - EQUIPEMENT DE VIE, LEMIEUV SUEDE, KASTANPRUUN, 41 - NORDLINE s\u00f5udepaadid ja mootorpaadid. Klaasfiiber materjalist.\",\"isPartOf\":{\"@id\":\"https:\\\/\\\/nordlinepaadid.ee\\\/et\\\/#website\"},\"datePublished\":\"2026-04-21T00:47:09+00:00\",\"breadcrumb\":{\"@id\":\"https:\\\/\\\/nordlinepaadid.ee\\\/et\\\/pood\\\/ru-marine-clothing-and-shoes\\\/ru-boots-shoes\\\/jalanoud-equipement-de-vie-lemieuv-suede-kastanpruun-41\\\/#breadcrumb\"},\"inLanguage\":\"et\",\"potentialAction\":[{\"@type\":\"ReadAction\",\"target\":[\"https:\\\/\\\/nordlinepaadid.ee\\\/et\\\/pood\\\/ru-marine-clothing-and-shoes\\\/ru-boots-shoes\\\/jalanoud-equipement-de-vie-lemieuv-suede-kastanpruun-41\\\/\"]}]},{\"@type\":\"BreadcrumbList\",\"@id\":\"https:\\\/\\\/nordlinepaadid.ee\\\/et\\\/pood\\\/ru-marine-clothing-and-shoes\\\/ru-boots-shoes\\\/jalanoud-equipement-de-vie-lemieuv-suede-kastanpruun-41\\\/#breadcrumb\",\"itemListElement\":[{\"@type\":\"ListItem\",\"position\":1,\"name\":\"Home\",\"item\":\"https:\\\/\\\/nordlinepaadid.ee\\\/et\\\/\"},{\"@type\":\"ListItem\",\"position\":2,\"name\":\"Pood\",\"item\":\"https:\\\/\\\/nordlinepaadid.ee\\\/et\\\/pood\\\/\"},{\"@type\":\"ListItem\",\"position\":3,\"name\":\"JALAN\u00d5UD &#8211; EQUIPEMENT DE VIE, LEMIEUV SUEDE, KASTANPRUUN, 41\"}]},{\"@type\":\"WebSite\",\"@id\":\"https:\\\/\\\/nordlinepaadid.ee\\\/et\\\/#website\",\"url\":\"https:\\\/\\\/nordlinepaadid.ee\\\/et\\\/\",\"name\":\"NORDLINE s\u00f5udepaadid ja mootorpaadid. Klaasfiiber materjalist.\",\"description\":\"\",\"publisher\":{\"@id\":\"https:\\\/\\\/nordlinepaadid.ee\\\/et\\\/#organization\"},\"potentialAction\":[{\"@type\":\"SearchAction\",\"target\":{\"@type\":\"EntryPoint\",\"urlTemplate\":\"https:\\\/\\\/nordlinepaadid.ee\\\/et\\\/?s={search_term_string}\"},\"query-input\":{\"@type\":\"PropertyValueSpecification\",\"valueRequired\":true,\"valueName\":\"search_term_string\"}}],\"inLanguage\":\"et\"},{\"@type\":\"Organization\",\"@id\":\"https:\\\/\\\/nordlinepaadid.ee\\\/et\\\/#organization\",\"name\":\"Nordlineboats\",\"url\":\"https:\\\/\\\/nordlinepaadid.ee\\\/et\\\/\",\"logo\":{\"@type\":\"ImageObject\",\"inLanguage\":\"et\",\"@id\":\"https:\\\/\\\/nordlinepaadid.ee\\\/et\\\/#\\\/schema\\\/logo\\\/image\\\/\",\"url\":\"https:\\\/\\\/nordlinepaadid.ee\\\/wp-content\\\/uploads\\\/2023\\\/01\\\/fulllogo_transparent_nobuffer-e1672750475494.png\",\"contentUrl\":\"https:\\\/\\\/nordlinepaadid.ee\\\/wp-content\\\/uploads\\\/2023\\\/01\\\/fulllogo_transparent_nobuffer-e1672750475494.png\",\"width\":150,\"height\":119,\"caption\":\"Nordlineboats\"},\"image\":{\"@id\":\"https:\\\/\\\/nordlinepaadid.ee\\\/et\\\/#\\\/schema\\\/logo\\\/image\\\/\"},\"sameAs\":[\"https:\\\/\\\/www.facebook.com\\\/nordlineboats\",\"https:\\\/\\\/www.youtube.com\\\/channel\\\/UCbgF0fy02y3QkFnujaLTaCA\"]}]}<\/script>\n<!-- \/ Yoast SEO plugin. -->","yoast_head_json":{"title":"JALAN\u00d5UD - EQUIPEMENT DE VIE, LEMIEUV SUEDE, KASTANPRUUN, 41 - NORDLINE s\u00f5udepaadid ja mootorpaadid. Klaasfiiber materjalist.","robots":{"index":"index","follow":"follow","max-snippet":"max-snippet:-1","max-image-preview":"max-image-preview:large","max-video-preview":"max-video-preview:-1"},"canonical":"https:\/\/nordlinepaadid.ee\/et\/pood\/ru-marine-clothing-and-shoes\/ru-boots-shoes\/jalanoud-equipement-de-vie-lemieuv-suede-kastanpruun-41\/","og_locale":"et_EE","og_type":"article","og_title":"JALAN\u00d5UD - EQUIPEMENT DE VIE, LEMIEUV SUEDE, KASTANPRUUN, 41 - NORDLINE s\u00f5udepaadid ja mootorpaadid. Klaasfiiber materjalist.","og_description":"Lemieux Suede on disainitud meretagusele teekonnale ning uhkeldab luksusliku ja pehme seemisnahast pealispinnaga ning kontrastse taimparkitud kraega, mis \u00fchendab endas j\u00f5udluse, vastupidavuse ja erakordse mugavuse. Lemieux Suede&#8217;il on hea haarduvusega libisemisvastane tallasegu optimaalse haarduvuse ja p\u00fcsivuse tagamiseks m\u00e4rjal teel ning kiirpaeltega s\u00fcsteem. Kinga sisemus on t\u00e4ielikult nahast vooderdatud ja sellel on meie patenteeritud kannalukustuss\u00fcsteem suurep\u00e4rase...","og_url":"https:\/\/nordlinepaadid.ee\/et\/pood\/ru-marine-clothing-and-shoes\/ru-boots-shoes\/jalanoud-equipement-de-vie-lemieuv-suede-kastanpruun-41\/","og_site_name":"NORDLINE s\u00f5udepaadid ja mootorpaadid. Klaasfiiber materjalist.","article_publisher":"https:\/\/www.facebook.com\/nordlineboats","twitter_card":"summary_large_image","twitter_misc":{"Est. reading time":"1 minut"},"schema":{"@context":"https:\/\/schema.org","@graph":[{"@type":"WebPage","@id":"https:\/\/nordlinepaadid.ee\/et\/pood\/ru-marine-clothing-and-shoes\/ru-boots-shoes\/jalanoud-equipement-de-vie-lemieuv-suede-kastanpruun-41\/","url":"https:\/\/nordlinepaadid.ee\/et\/pood\/ru-marine-clothing-and-shoes\/ru-boots-shoes\/jalanoud-equipement-de-vie-lemieuv-suede-kastanpruun-41\/","name":"JALAN\u00d5UD - EQUIPEMENT DE VIE, LEMIEUV SUEDE, KASTANPRUUN, 41 - NORDLINE s\u00f5udepaadid ja mootorpaadid. Klaasfiiber materjalist.","isPartOf":{"@id":"https:\/\/nordlinepaadid.ee\/et\/#website"},"datePublished":"2026-04-21T00:47:09+00:00","breadcrumb":{"@id":"https:\/\/nordlinepaadid.ee\/et\/pood\/ru-marine-clothing-and-shoes\/ru-boots-shoes\/jalanoud-equipement-de-vie-lemieuv-suede-kastanpruun-41\/#breadcrumb"},"inLanguage":"et","potentialAction":[{"@type":"ReadAction","target":["https:\/\/nordlinepaadid.ee\/et\/pood\/ru-marine-clothing-and-shoes\/ru-boots-shoes\/jalanoud-equipement-de-vie-lemieuv-suede-kastanpruun-41\/"]}]},{"@type":"BreadcrumbList","@id":"https:\/\/nordlinepaadid.ee\/et\/pood\/ru-marine-clothing-and-shoes\/ru-boots-shoes\/jalanoud-equipement-de-vie-lemieuv-suede-kastanpruun-41\/#breadcrumb","itemListElement":[{"@type":"ListItem","position":1,"name":"Home","item":"https:\/\/nordlinepaadid.ee\/et\/"},{"@type":"ListItem","position":2,"name":"Pood","item":"https:\/\/nordlinepaadid.ee\/et\/pood\/"},{"@type":"ListItem","position":3,"name":"JALAN\u00d5UD &#8211; EQUIPEMENT DE VIE, LEMIEUV SUEDE, KASTANPRUUN, 41"}]},{"@type":"WebSite","@id":"https:\/\/nordlinepaadid.ee\/et\/#website","url":"https:\/\/nordlinepaadid.ee\/et\/","name":"NORDLINE s\u00f5udepaadid ja mootorpaadid. Klaasfiiber materjalist.","description":"","publisher":{"@id":"https:\/\/nordlinepaadid.ee\/et\/#organization"},"potentialAction":[{"@type":"SearchAction","target":{"@type":"EntryPoint","urlTemplate":"https:\/\/nordlinepaadid.ee\/et\/?s={search_term_string}"},"query-input":{"@type":"PropertyValueSpecification","valueRequired":true,"valueName":"search_term_string"}}],"inLanguage":"et"},{"@type":"Organization","@id":"https:\/\/nordlinepaadid.ee\/et\/#organization","name":"Nordlineboats","url":"https:\/\/nordlinepaadid.ee\/et\/","logo":{"@type":"ImageObject","inLanguage":"et","@id":"https:\/\/nordlinepaadid.ee\/et\/#\/schema\/logo\/image\/","url":"https:\/\/nordlinepaadid.ee\/wp-content\/uploads\/2023\/01\/fulllogo_transparent_nobuffer-e1672750475494.png","contentUrl":"https:\/\/nordlinepaadid.ee\/wp-content\/uploads\/2023\/01\/fulllogo_transparent_nobuffer-e1672750475494.png","width":150,"height":119,"caption":"Nordlineboats"},"image":{"@id":"https:\/\/nordlinepaadid.ee\/et\/#\/schema\/logo\/image\/"},"sameAs":["https:\/\/www.facebook.com\/nordlineboats","https:\/\/www.youtube.com\/channel\/UCbgF0fy02y3QkFnujaLTaCA"]}]}},"taxonomy_info":{"product_cat":[{"value":345,"label":"Jalan\u00f5ud"},{"value":894,"label":"O\u0431\u0443\u0432\u044c"}],"pa_color":[{"value":1898,"label":"Kastanpruun"}],"pa_producer":[{"value":1897,"label":"Equipement De Vie"}],"pa_unit":[{"value":423,"label":"pair"}]},"featured_image_src_large":false,"author_info":[],"comment_info":"","_links":{"self":[{"href":"https:\/\/nordlinepaadid.ee\/et\/wp-json\/wp\/v2\/product\/65035","targetHints":{"allow":["GET"]}}],"collection":[{"href":"https:\/\/nordlinepaadid.ee\/et\/wp-json\/wp\/v2\/product"}],"about":[{"href":"https:\/\/nordlinepaadid.ee\/et\/wp-json\/wp\/v2\/types\/product"}],"wp:attachment":[{"href":"https:\/\/nordlinepaadid.ee\/et\/wp-json\/wp\/v2\/media?parent=65035"}],"wp:term":[{"taxonomy":"product_brand","embeddable":true,"href":"https:\/\/nordlinepaadid.ee\/et\/wp-json\/wp\/v2\/product_brand?post=65035"},{"taxonomy":"product_cat","embeddable":true,"href":"https:\/\/nordlinepaadid.ee\/et\/wp-json\/wp\/v2\/product_cat?post=65035"},{"taxonomy":"product_tag","embeddable":true,"href":"https:\/\/nordlinepaadid.ee\/et\/wp-json\/wp\/v2\/product_tag?post=65035"}],"curies":[{"name":"wp","href":"https:\/\/api.w.org\/{rel}","templated":true}]}}