{"id":65158,"date":"2026-05-12T03:33:36","date_gmt":"2026-05-12T00:33:36","guid":{"rendered":"https:\/\/nordlinepaadid.ee\/pood\/maaratlemata\/pvc-paat-gladiator-c330ad-2\/"},"modified":"2026-05-13T02:06:10","modified_gmt":"2026-05-12T23:06:10","slug":"pvc-paat-gladiator-c330ad-2","status":"publish","type":"product","link":"https:\/\/nordlinepaadid.ee\/et\/pood\/kummipaadid-ja-tarvikud\/kummipaadid\/pvc-paat-gladiator-c330ad-2\/","title":{"rendered":"PVC PAAT- GLADIATOR C330AD"},"content":{"rendered":"<p>Gladiator &#8220;CLASSIC&#8221; seeria pakub mitmek\u00fclgseid ahtrti plaadiga t\u00e4ispuhutavaid paate. Klassikaline t\u00e4ispuhutav paat kalap\u00fc\u00fcgiks, veespordiks ja reisimiseks. &#8220;Gladiator&#8221; paadid on valmistatud vastupidavast uue p\u00f5lvkonna s\u00fcnteetilisest PVC kangast, mida ilmestab kerge kaal, elastsus, kaitse m\u00e4danemise, \u00f5li ja bensiini eest ning suurep\u00e4rane vastupidavus mehaanilisele kulumisele, temperatuuri- ja UV-kiirguse vastupanuv\u00f5ime. Tuubi materjal PVC 850g\/m2 ja p\u00f5hja materjal PVC 1100 g\/m2. Garantii: 5 aastat \u2013 PVC materjal, 3 aastat \u2013 \u00f5mblused, 1 aasta \u2013 varustus.<br \/>\nKomplekti kuulub:<br \/>\nPaat<br \/>\nEemaldatavad istmed<br \/>\nAerud<br \/>\nPump<br \/>\nParanduskomplekt<br \/>\nKandekott<br \/>\n Tehnilised andmed:<br \/>\nKogupikkus: 3,3 m<br \/>\nKogulaius: 1,54 m<br \/>\n\u00d5hukambrite arv: 3+1<br \/>\nTuubi diameeter: 42 cm<br \/>\nKaal: 47 kg<br \/>\nMax lubatud mootori v\u00f5imsus: 15 hj<br \/>\nKandev\u00f5ime: 560 kg<br \/>\nLubatud inimeste arv: 4+1<br \/>\nCE kategooria: C<br \/>\nM\u00f5\u00f5tmed pakitult: 110 x 68 x 38 cm<br \/>\nP\u00f5rand: t\u00e4ispuhutav<\/p>\n","protected":false},"excerpt":{"rendered":"<p>Gladiator &#8220;CLASSIC&#8221; seeria pakub mitmek\u00fclgseid ahtrti plaadiga t\u00e4ispuhutavaid paate. Klassikaline t\u00e4ispuhutav paat kalap\u00fc\u00fcgiks, veespordiks ja reisimiseks. &#8220;Gladiator&#8221; paadid on valmistatud vastupidavast uue p\u00f5lvkonna s\u00fcnteetilisest PVC kangast, mida ilmestab kerge kaal, elastsus, kaitse m\u00e4danemise, \u00f5li ja bensiini eest ning suurep\u00e4rane vastupidavus mehaanilisele kulumisele, temperatuuri- ja UV-kiirguse vastupanuv\u00f5ime. Tuubi materjal PVC 850g\/m2 ja p\u00f5hja materjal PVC 1100&#8230;<\/p>\n","protected":false},"featured_media":0,"template":"","meta":{"_kad_blocks_custom_css":"","_kad_blocks_head_custom_js":"","_kad_blocks_body_custom_js":"","_kad_blocks_footer_custom_js":"","_kad_post_transparent":"","_kad_post_title":"","_kad_post_layout":"","_kad_post_sidebar_id":"","_kad_post_content_style":"","_kad_post_vertical_padding":"","_kad_post_feature":"","_kad_post_feature_position":"","_kad_post_header":false,"_kad_post_footer":false,"_kad_post_classname":""},"product_brand":[],"product_cat":[294,250],"product_tag":[],"class_list":{"0":"post-65158","1":"product","2":"type-product","3":"status-publish","5":"product_cat-kummipaadid","6":"product_cat-kummipaadid-ja-tarvikud","7":"pa_color-kamuflaaz","8":"pa_producer-gladiator","9":"pa_unit-pcs","10":"tm-no-options","12":"first","13":"instock","14":"taxable","15":"shipping-taxable","16":"purchasable","17":"product-type-simple","18":"entry","19":"content-bg","20":"loop-entry"},"yoast_head":"<!-- This site is optimized with the Yoast SEO plugin v27.5 - https:\/\/yoast.com\/product\/yoast-seo-wordpress\/ -->\n<title>PVC PAAT- GLADIATOR C330AD - NORDLINE s\u00f5udepaadid ja mootorpaadid. Klaasfiiber materjalist.<\/title>\n<meta name=\"robots\" content=\"index, follow, max-snippet:-1, max-image-preview:large, max-video-preview:-1\" \/>\n<link rel=\"canonical\" href=\"https:\/\/nordlinepaadid.ee\/et\/pood\/kummipaadid-ja-tarvikud\/kummipaadid\/pvc-paat-gladiator-c330ad-2\/\" \/>\n<meta property=\"og:locale\" content=\"et_EE\" \/>\n<meta property=\"og:type\" content=\"article\" \/>\n<meta property=\"og:title\" content=\"PVC PAAT- GLADIATOR C330AD - NORDLINE s\u00f5udepaadid ja mootorpaadid. Klaasfiiber materjalist.\" \/>\n<meta property=\"og:description\" content=\"Gladiator &#8220;CLASSIC&#8221; seeria pakub mitmek\u00fclgseid ahtrti plaadiga t\u00e4ispuhutavaid paate. Klassikaline t\u00e4ispuhutav paat kalap\u00fc\u00fcgiks, veespordiks ja reisimiseks. &#8220;Gladiator&#8221; paadid on valmistatud vastupidavast uue p\u00f5lvkonna s\u00fcnteetilisest PVC kangast, mida ilmestab kerge kaal, elastsus, kaitse m\u00e4danemise, \u00f5li ja bensiini eest ning suurep\u00e4rane vastupidavus mehaanilisele kulumisele, temperatuuri- ja UV-kiirguse vastupanuv\u00f5ime. Tuubi materjal PVC 850g\/m2 ja p\u00f5hja materjal PVC 1100...\" \/>\n<meta property=\"og:url\" content=\"https:\/\/nordlinepaadid.ee\/et\/pood\/kummipaadid-ja-tarvikud\/kummipaadid\/pvc-paat-gladiator-c330ad-2\/\" \/>\n<meta property=\"og:site_name\" content=\"NORDLINE s\u00f5udepaadid ja mootorpaadid. Klaasfiiber materjalist.\" \/>\n<meta property=\"article:publisher\" content=\"https:\/\/www.facebook.com\/nordlineboats\" \/>\n<meta property=\"article:modified_time\" content=\"2026-05-12T23:06:10+00:00\" \/>\n<meta name=\"twitter:card\" content=\"summary_large_image\" \/>\n<meta name=\"twitter:label1\" content=\"Est. reading time\" \/>\n\t<meta name=\"twitter:data1\" content=\"1 minut\" \/>\n<script type=\"application\/ld+json\" class=\"yoast-schema-graph\">{\"@context\":\"https:\\\/\\\/schema.org\",\"@graph\":[{\"@type\":\"WebPage\",\"@id\":\"https:\\\/\\\/nordlinepaadid.ee\\\/et\\\/pood\\\/kummipaadid-ja-tarvikud\\\/kummipaadid\\\/pvc-paat-gladiator-c330ad-2\\\/\",\"url\":\"https:\\\/\\\/nordlinepaadid.ee\\\/et\\\/pood\\\/kummipaadid-ja-tarvikud\\\/kummipaadid\\\/pvc-paat-gladiator-c330ad-2\\\/\",\"name\":\"PVC PAAT- GLADIATOR C330AD - NORDLINE s\u00f5udepaadid ja mootorpaadid. Klaasfiiber materjalist.\",\"isPartOf\":{\"@id\":\"https:\\\/\\\/nordlinepaadid.ee\\\/et\\\/#website\"},\"datePublished\":\"2026-05-12T00:33:36+00:00\",\"dateModified\":\"2026-05-12T23:06:10+00:00\",\"breadcrumb\":{\"@id\":\"https:\\\/\\\/nordlinepaadid.ee\\\/et\\\/pood\\\/kummipaadid-ja-tarvikud\\\/kummipaadid\\\/pvc-paat-gladiator-c330ad-2\\\/#breadcrumb\"},\"inLanguage\":\"et\",\"potentialAction\":[{\"@type\":\"ReadAction\",\"target\":[\"https:\\\/\\\/nordlinepaadid.ee\\\/et\\\/pood\\\/kummipaadid-ja-tarvikud\\\/kummipaadid\\\/pvc-paat-gladiator-c330ad-2\\\/\"]}]},{\"@type\":\"BreadcrumbList\",\"@id\":\"https:\\\/\\\/nordlinepaadid.ee\\\/et\\\/pood\\\/kummipaadid-ja-tarvikud\\\/kummipaadid\\\/pvc-paat-gladiator-c330ad-2\\\/#breadcrumb\",\"itemListElement\":[{\"@type\":\"ListItem\",\"position\":1,\"name\":\"Home\",\"item\":\"https:\\\/\\\/nordlinepaadid.ee\\\/et\\\/\"},{\"@type\":\"ListItem\",\"position\":2,\"name\":\"Pood\",\"item\":\"https:\\\/\\\/nordlinepaadid.ee\\\/et\\\/pood\\\/\"},{\"@type\":\"ListItem\",\"position\":3,\"name\":\"PVC PAAT- GLADIATOR C330AD\"}]},{\"@type\":\"WebSite\",\"@id\":\"https:\\\/\\\/nordlinepaadid.ee\\\/et\\\/#website\",\"url\":\"https:\\\/\\\/nordlinepaadid.ee\\\/et\\\/\",\"name\":\"NORDLINE s\u00f5udepaadid ja mootorpaadid. Klaasfiiber materjalist.\",\"description\":\"\",\"publisher\":{\"@id\":\"https:\\\/\\\/nordlinepaadid.ee\\\/et\\\/#organization\"},\"potentialAction\":[{\"@type\":\"SearchAction\",\"target\":{\"@type\":\"EntryPoint\",\"urlTemplate\":\"https:\\\/\\\/nordlinepaadid.ee\\\/et\\\/?s={search_term_string}\"},\"query-input\":{\"@type\":\"PropertyValueSpecification\",\"valueRequired\":true,\"valueName\":\"search_term_string\"}}],\"inLanguage\":\"et\"},{\"@type\":\"Organization\",\"@id\":\"https:\\\/\\\/nordlinepaadid.ee\\\/et\\\/#organization\",\"name\":\"Nordlineboats\",\"url\":\"https:\\\/\\\/nordlinepaadid.ee\\\/et\\\/\",\"logo\":{\"@type\":\"ImageObject\",\"inLanguage\":\"et\",\"@id\":\"https:\\\/\\\/nordlinepaadid.ee\\\/et\\\/#\\\/schema\\\/logo\\\/image\\\/\",\"url\":\"https:\\\/\\\/nordlinepaadid.ee\\\/wp-content\\\/uploads\\\/2023\\\/01\\\/fulllogo_transparent_nobuffer-e1672750475494.png\",\"contentUrl\":\"https:\\\/\\\/nordlinepaadid.ee\\\/wp-content\\\/uploads\\\/2023\\\/01\\\/fulllogo_transparent_nobuffer-e1672750475494.png\",\"width\":150,\"height\":119,\"caption\":\"Nordlineboats\"},\"image\":{\"@id\":\"https:\\\/\\\/nordlinepaadid.ee\\\/et\\\/#\\\/schema\\\/logo\\\/image\\\/\"},\"sameAs\":[\"https:\\\/\\\/www.facebook.com\\\/nordlineboats\",\"https:\\\/\\\/www.youtube.com\\\/channel\\\/UCbgF0fy02y3QkFnujaLTaCA\"]}]}<\/script>\n<!-- \/ Yoast SEO plugin. -->","yoast_head_json":{"title":"PVC PAAT- GLADIATOR C330AD - NORDLINE s\u00f5udepaadid ja mootorpaadid. Klaasfiiber materjalist.","robots":{"index":"index","follow":"follow","max-snippet":"max-snippet:-1","max-image-preview":"max-image-preview:large","max-video-preview":"max-video-preview:-1"},"canonical":"https:\/\/nordlinepaadid.ee\/et\/pood\/kummipaadid-ja-tarvikud\/kummipaadid\/pvc-paat-gladiator-c330ad-2\/","og_locale":"et_EE","og_type":"article","og_title":"PVC PAAT- GLADIATOR C330AD - NORDLINE s\u00f5udepaadid ja mootorpaadid. Klaasfiiber materjalist.","og_description":"Gladiator &#8220;CLASSIC&#8221; seeria pakub mitmek\u00fclgseid ahtrti plaadiga t\u00e4ispuhutavaid paate. Klassikaline t\u00e4ispuhutav paat kalap\u00fc\u00fcgiks, veespordiks ja reisimiseks. &#8220;Gladiator&#8221; paadid on valmistatud vastupidavast uue p\u00f5lvkonna s\u00fcnteetilisest PVC kangast, mida ilmestab kerge kaal, elastsus, kaitse m\u00e4danemise, \u00f5li ja bensiini eest ning suurep\u00e4rane vastupidavus mehaanilisele kulumisele, temperatuuri- ja UV-kiirguse vastupanuv\u00f5ime. Tuubi materjal PVC 850g\/m2 ja p\u00f5hja materjal PVC 1100...","og_url":"https:\/\/nordlinepaadid.ee\/et\/pood\/kummipaadid-ja-tarvikud\/kummipaadid\/pvc-paat-gladiator-c330ad-2\/","og_site_name":"NORDLINE s\u00f5udepaadid ja mootorpaadid. Klaasfiiber materjalist.","article_publisher":"https:\/\/www.facebook.com\/nordlineboats","article_modified_time":"2026-05-12T23:06:10+00:00","twitter_card":"summary_large_image","twitter_misc":{"Est. reading time":"1 minut"},"schema":{"@context":"https:\/\/schema.org","@graph":[{"@type":"WebPage","@id":"https:\/\/nordlinepaadid.ee\/et\/pood\/kummipaadid-ja-tarvikud\/kummipaadid\/pvc-paat-gladiator-c330ad-2\/","url":"https:\/\/nordlinepaadid.ee\/et\/pood\/kummipaadid-ja-tarvikud\/kummipaadid\/pvc-paat-gladiator-c330ad-2\/","name":"PVC PAAT- GLADIATOR C330AD - NORDLINE s\u00f5udepaadid ja mootorpaadid. Klaasfiiber materjalist.","isPartOf":{"@id":"https:\/\/nordlinepaadid.ee\/et\/#website"},"datePublished":"2026-05-12T00:33:36+00:00","dateModified":"2026-05-12T23:06:10+00:00","breadcrumb":{"@id":"https:\/\/nordlinepaadid.ee\/et\/pood\/kummipaadid-ja-tarvikud\/kummipaadid\/pvc-paat-gladiator-c330ad-2\/#breadcrumb"},"inLanguage":"et","potentialAction":[{"@type":"ReadAction","target":["https:\/\/nordlinepaadid.ee\/et\/pood\/kummipaadid-ja-tarvikud\/kummipaadid\/pvc-paat-gladiator-c330ad-2\/"]}]},{"@type":"BreadcrumbList","@id":"https:\/\/nordlinepaadid.ee\/et\/pood\/kummipaadid-ja-tarvikud\/kummipaadid\/pvc-paat-gladiator-c330ad-2\/#breadcrumb","itemListElement":[{"@type":"ListItem","position":1,"name":"Home","item":"https:\/\/nordlinepaadid.ee\/et\/"},{"@type":"ListItem","position":2,"name":"Pood","item":"https:\/\/nordlinepaadid.ee\/et\/pood\/"},{"@type":"ListItem","position":3,"name":"PVC PAAT- GLADIATOR C330AD"}]},{"@type":"WebSite","@id":"https:\/\/nordlinepaadid.ee\/et\/#website","url":"https:\/\/nordlinepaadid.ee\/et\/","name":"NORDLINE s\u00f5udepaadid ja mootorpaadid. Klaasfiiber materjalist.","description":"","publisher":{"@id":"https:\/\/nordlinepaadid.ee\/et\/#organization"},"potentialAction":[{"@type":"SearchAction","target":{"@type":"EntryPoint","urlTemplate":"https:\/\/nordlinepaadid.ee\/et\/?s={search_term_string}"},"query-input":{"@type":"PropertyValueSpecification","valueRequired":true,"valueName":"search_term_string"}}],"inLanguage":"et"},{"@type":"Organization","@id":"https:\/\/nordlinepaadid.ee\/et\/#organization","name":"Nordlineboats","url":"https:\/\/nordlinepaadid.ee\/et\/","logo":{"@type":"ImageObject","inLanguage":"et","@id":"https:\/\/nordlinepaadid.ee\/et\/#\/schema\/logo\/image\/","url":"https:\/\/nordlinepaadid.ee\/wp-content\/uploads\/2023\/01\/fulllogo_transparent_nobuffer-e1672750475494.png","contentUrl":"https:\/\/nordlinepaadid.ee\/wp-content\/uploads\/2023\/01\/fulllogo_transparent_nobuffer-e1672750475494.png","width":150,"height":119,"caption":"Nordlineboats"},"image":{"@id":"https:\/\/nordlinepaadid.ee\/et\/#\/schema\/logo\/image\/"},"sameAs":["https:\/\/www.facebook.com\/nordlineboats","https:\/\/www.youtube.com\/channel\/UCbgF0fy02y3QkFnujaLTaCA"]}]}},"taxonomy_info":{"product_cat":[{"value":294,"label":"Kummipaadid"},{"value":250,"label":"KUMMIPAADID JA TARVIKUD"}],"pa_color":[{"value":757,"label":"Kamuflaa\u017e"}],"pa_producer":[{"value":1537,"label":"Gladiator"}],"pa_unit":[{"value":416,"label":"pcs"}]},"featured_image_src_large":false,"author_info":[],"comment_info":"","_links":{"self":[{"href":"https:\/\/nordlinepaadid.ee\/et\/wp-json\/wp\/v2\/product\/65158","targetHints":{"allow":["GET"]}}],"collection":[{"href":"https:\/\/nordlinepaadid.ee\/et\/wp-json\/wp\/v2\/product"}],"about":[{"href":"https:\/\/nordlinepaadid.ee\/et\/wp-json\/wp\/v2\/types\/product"}],"wp:attachment":[{"href":"https:\/\/nordlinepaadid.ee\/et\/wp-json\/wp\/v2\/media?parent=65158"}],"wp:term":[{"taxonomy":"product_brand","embeddable":true,"href":"https:\/\/nordlinepaadid.ee\/et\/wp-json\/wp\/v2\/product_brand?post=65158"},{"taxonomy":"product_cat","embeddable":true,"href":"https:\/\/nordlinepaadid.ee\/et\/wp-json\/wp\/v2\/product_cat?post=65158"},{"taxonomy":"product_tag","embeddable":true,"href":"https:\/\/nordlinepaadid.ee\/et\/wp-json\/wp\/v2\/product_tag?post=65158"}],"curies":[{"name":"wp","href":"https:\/\/api.w.org\/{rel}","templated":true}]}}