{"id":65189,"date":"2026-05-15T03:23:30","date_gmt":"2026-05-15T00:23:30","guid":{"rendered":"https:\/\/nordlinepaadid.ee\/pood\/maaratlemata\/paasteparv-6-le-inimesele-iso-atlantic-ii-l-konteiner\/"},"modified":"2026-05-15T03:23:30","modified_gmt":"2026-05-15T00:23:30","slug":"paasteparv-6-le-inimesele-iso-atlantic-ii-l-konteiner","status":"publish","type":"product","link":"https:\/\/nordlinepaadid.ee\/et\/pood\/paastevahendid\/paasteparved-paasterongad\/paasteparv-6-le-inimesele-iso-atlantic-ii-l-konteiner\/","title":{"rendered":"P\u00c4\u00c4STEPARV 6-le INIMESELE, ISO ATLANTIC II L, KONTEINER"},"content":{"rendered":"<p style=\"text-align:justify\">Lalizas Iso Atlantic II L p\u00e4\u00e4steparv on \u00fclikerge ja ideaalne avamerepurjetamiseks piiratud p\u00e4\u00e4stevarustusega.&nbsp;Valmistatud PVC-st, kasutades kaarte puhul ainult k\u00f5rgsageduskeevitust ja kuum\u00f5hukeevitust ning p\u00e4\u00e4steparve \u00fcheski osas pole kasutatud liimi. J\u00e4tkusuutlik ja keskkonnas\u00f5bralik lahendus, mis on heaks kiidetud vastavalt uusimale rahvusvahelisele standardile ISO 9650-1:2022.&nbsp;Saadaval 4, 6, 8, 10 ja 12 inimesele. <span style=\"background-color:rgb(255, 255, 255); font-size:12px\">Pakend: konteiner.&nbsp;<\/span>Valmistatud Itaalias.<\/p>\n<p>&#13;<br \/>\n&#13;<\/p>\n<p>&nbsp;<\/p>\n<p>&#13;<br \/>\n&#13;<\/p>\n<p><strong>Komplekti kuulub:<\/strong><\/p>\n<p>&#13;<br \/>\n&#13;<\/p>\n<p>&nbsp;<\/p>\n<p>&#13;<br \/>\n&#13;<\/p>\n<ul>&#13;<\/p>\n<li>Ankur k\u00f6iega &#8211; 1<\/li>\n<p>&#13;<\/p>\n<li>P\u00e4\u00e4ster\u00f5ngas k\u00f6iega &#8211; 1<\/li>\n<p>&#13;<\/p>\n<li>Ujuvad aerud &#8211; 2<\/li>\n<p>&#13;<\/p>\n<li>Kiire reageerimise abivahend &#8211; 1<\/li>\n<p>&#13;<\/p>\n<li>Ujuv nuga &#8211; 1<\/li>\n<p>&#13;<\/p>\n<li>Varjualuse tugi &#8211; 2<\/li>\n<p>&#13;<\/p>\n<li>Svamm &#8211; 2<\/li>\n<p>&#13;<\/p>\n<li>Vile &#8211; 1<\/li>\n<p>&#13;<\/p>\n<li>Remondikomplekt &#8211; 1<\/li>\n<p>&#13;<\/p>\n<li>K\u00e4sipump &#8211; 1<\/li>\n<p>&#13;<\/p>\n<li>Kasutusjuhend &#8211; 1<\/li>\n<p>&#13;<\/p>\n<li>Merehaiguse kott &#8211; 12<\/li>\n<p>&#13;<\/p>\n<li>Taskulampide komplekt &#8211; 1<\/li>\n<p>&#13;<\/p>\n<li>Punased k\u00e4sitsiraketid &#8211; 3<\/li>\n<p>&#13;<\/p>\n<li>Punased langevarjuraketid &#8211; 2<\/li>\n<p>&#13;<\/p>\n<li>Signaalpeegel &#8211; 1<\/li>\n<p>&#13;<\/p>\n<li>Merehaiguse vastased tabletid &#8211; 6 inimese kohta<\/li>\n<p>&#13;\n<\/ul>\n<p>&#13;<br \/>\n&#13;<\/p>\n<p>&nbsp;<\/p>\n<p>&#13;<\/p>\n<p><iframe loading=\"lazy\" allowfullscreen=\"\" frameborder=\"0\" height=\"360\" src=\"\/\/www.youtube.com\/embed\/tUMquzB7Mgk\" width=\"640\"><\/iframe><\/p>\n<p>&#13;<\/p>\n","protected":false},"excerpt":{"rendered":"<p>Lalizas Iso Atlantic II L p\u00e4\u00e4steparv on \u00fclikerge ja ideaalne avamerepurjetamiseks piiratud p\u00e4\u00e4stevarustusega.&nbsp;Valmistatud PVC-st, kasutades kaarte puhul ainult k\u00f5rgsageduskeevitust ja kuum\u00f5hukeevitust ning p\u00e4\u00e4steparve \u00fcheski osas pole kasutatud liimi. J\u00e4tkusuutlik ja keskkonnas\u00f5bralik lahendus, mis on heaks kiidetud vastavalt uusimale rahvusvahelisele standardile ISO 9650-1:2022.&nbsp;Saadaval 4, 6, 8, 10 ja 12 inimesele. Pakend: konteiner.&nbsp;Valmistatud Itaalias. &#13; &#13; &nbsp;&#8230;<\/p>\n","protected":false},"featured_media":0,"template":"","meta":{"_kad_blocks_custom_css":"","_kad_blocks_head_custom_js":"","_kad_blocks_body_custom_js":"","_kad_blocks_footer_custom_js":"","_kad_post_transparent":"","_kad_post_title":"","_kad_post_layout":"","_kad_post_sidebar_id":"","_kad_post_content_style":"","_kad_post_vertical_padding":"","_kad_post_feature":"","_kad_post_feature_position":"","_kad_post_header":false,"_kad_post_footer":false,"_kad_post_classname":""},"product_brand":[],"product_cat":[235,230],"product_tag":[],"class_list":{"0":"post-65189","1":"product","2":"type-product","3":"status-publish","5":"product_cat-paasteparved-paasterongad","6":"product_cat-paastevahendid","7":"pa_color-oranz","8":"pa_producer-lalizas","9":"pa_unit-pcs","10":"tm-no-options","12":"first","13":"instock","14":"taxable","15":"shipping-taxable","16":"purchasable","17":"product-type-simple","18":"entry","19":"content-bg","20":"loop-entry"},"yoast_head":"<!-- This site is optimized with the Yoast SEO plugin v27.5 - https:\/\/yoast.com\/product\/yoast-seo-wordpress\/ -->\n<title>P\u00c4\u00c4STEPARV 6-le INIMESELE, ISO ATLANTIC II L, KONTEINER - NORDLINE s\u00f5udepaadid ja mootorpaadid. Klaasfiiber materjalist.<\/title>\n<meta name=\"robots\" content=\"index, follow, max-snippet:-1, max-image-preview:large, max-video-preview:-1\" \/>\n<link rel=\"canonical\" href=\"https:\/\/nordlinepaadid.ee\/et\/pood\/paastevahendid\/paasteparved-paasterongad\/paasteparv-6-le-inimesele-iso-atlantic-ii-l-konteiner\/\" \/>\n<meta property=\"og:locale\" content=\"et_EE\" \/>\n<meta property=\"og:type\" content=\"article\" \/>\n<meta property=\"og:title\" content=\"P\u00c4\u00c4STEPARV 6-le INIMESELE, ISO ATLANTIC II L, KONTEINER - NORDLINE s\u00f5udepaadid ja mootorpaadid. Klaasfiiber materjalist.\" \/>\n<meta property=\"og:description\" content=\"Lalizas Iso Atlantic II L p\u00e4\u00e4steparv on \u00fclikerge ja ideaalne avamerepurjetamiseks piiratud p\u00e4\u00e4stevarustusega.&nbsp;Valmistatud PVC-st, kasutades kaarte puhul ainult k\u00f5rgsageduskeevitust ja kuum\u00f5hukeevitust ning p\u00e4\u00e4steparve \u00fcheski osas pole kasutatud liimi. J\u00e4tkusuutlik ja keskkonnas\u00f5bralik lahendus, mis on heaks kiidetud vastavalt uusimale rahvusvahelisele standardile ISO 9650-1:2022.&nbsp;Saadaval 4, 6, 8, 10 ja 12 inimesele. Pakend: konteiner.&nbsp;Valmistatud Itaalias. &#013; &#013; &nbsp;...\" \/>\n<meta property=\"og:url\" content=\"https:\/\/nordlinepaadid.ee\/et\/pood\/paastevahendid\/paasteparved-paasterongad\/paasteparv-6-le-inimesele-iso-atlantic-ii-l-konteiner\/\" \/>\n<meta property=\"og:site_name\" content=\"NORDLINE s\u00f5udepaadid ja mootorpaadid. Klaasfiiber materjalist.\" \/>\n<meta property=\"article:publisher\" content=\"https:\/\/www.facebook.com\/nordlineboats\" \/>\n<meta name=\"twitter:card\" content=\"summary_large_image\" \/>\n<meta name=\"twitter:label1\" content=\"Est. reading time\" \/>\n\t<meta name=\"twitter:data1\" content=\"1 minut\" \/>\n<script type=\"application\/ld+json\" class=\"yoast-schema-graph\">{\"@context\":\"https:\\\/\\\/schema.org\",\"@graph\":[{\"@type\":\"WebPage\",\"@id\":\"https:\\\/\\\/nordlinepaadid.ee\\\/et\\\/pood\\\/paastevahendid\\\/paasteparved-paasterongad\\\/paasteparv-6-le-inimesele-iso-atlantic-ii-l-konteiner\\\/\",\"url\":\"https:\\\/\\\/nordlinepaadid.ee\\\/et\\\/pood\\\/paastevahendid\\\/paasteparved-paasterongad\\\/paasteparv-6-le-inimesele-iso-atlantic-ii-l-konteiner\\\/\",\"name\":\"P\u00c4\u00c4STEPARV 6-le INIMESELE, ISO ATLANTIC II L, KONTEINER - NORDLINE s\u00f5udepaadid ja mootorpaadid. Klaasfiiber materjalist.\",\"isPartOf\":{\"@id\":\"https:\\\/\\\/nordlinepaadid.ee\\\/et\\\/#website\"},\"datePublished\":\"2026-05-15T00:23:30+00:00\",\"breadcrumb\":{\"@id\":\"https:\\\/\\\/nordlinepaadid.ee\\\/et\\\/pood\\\/paastevahendid\\\/paasteparved-paasterongad\\\/paasteparv-6-le-inimesele-iso-atlantic-ii-l-konteiner\\\/#breadcrumb\"},\"inLanguage\":\"et\",\"potentialAction\":[{\"@type\":\"ReadAction\",\"target\":[\"https:\\\/\\\/nordlinepaadid.ee\\\/et\\\/pood\\\/paastevahendid\\\/paasteparved-paasterongad\\\/paasteparv-6-le-inimesele-iso-atlantic-ii-l-konteiner\\\/\"]}]},{\"@type\":\"BreadcrumbList\",\"@id\":\"https:\\\/\\\/nordlinepaadid.ee\\\/et\\\/pood\\\/paastevahendid\\\/paasteparved-paasterongad\\\/paasteparv-6-le-inimesele-iso-atlantic-ii-l-konteiner\\\/#breadcrumb\",\"itemListElement\":[{\"@type\":\"ListItem\",\"position\":1,\"name\":\"Home\",\"item\":\"https:\\\/\\\/nordlinepaadid.ee\\\/et\\\/\"},{\"@type\":\"ListItem\",\"position\":2,\"name\":\"Pood\",\"item\":\"https:\\\/\\\/nordlinepaadid.ee\\\/et\\\/pood\\\/\"},{\"@type\":\"ListItem\",\"position\":3,\"name\":\"P\u00c4\u00c4STEPARV 6-le INIMESELE, ISO ATLANTIC II L, KONTEINER\"}]},{\"@type\":\"WebSite\",\"@id\":\"https:\\\/\\\/nordlinepaadid.ee\\\/et\\\/#website\",\"url\":\"https:\\\/\\\/nordlinepaadid.ee\\\/et\\\/\",\"name\":\"NORDLINE s\u00f5udepaadid ja mootorpaadid. Klaasfiiber materjalist.\",\"description\":\"\",\"publisher\":{\"@id\":\"https:\\\/\\\/nordlinepaadid.ee\\\/et\\\/#organization\"},\"potentialAction\":[{\"@type\":\"SearchAction\",\"target\":{\"@type\":\"EntryPoint\",\"urlTemplate\":\"https:\\\/\\\/nordlinepaadid.ee\\\/et\\\/?s={search_term_string}\"},\"query-input\":{\"@type\":\"PropertyValueSpecification\",\"valueRequired\":true,\"valueName\":\"search_term_string\"}}],\"inLanguage\":\"et\"},{\"@type\":\"Organization\",\"@id\":\"https:\\\/\\\/nordlinepaadid.ee\\\/et\\\/#organization\",\"name\":\"Nordlineboats\",\"url\":\"https:\\\/\\\/nordlinepaadid.ee\\\/et\\\/\",\"logo\":{\"@type\":\"ImageObject\",\"inLanguage\":\"et\",\"@id\":\"https:\\\/\\\/nordlinepaadid.ee\\\/et\\\/#\\\/schema\\\/logo\\\/image\\\/\",\"url\":\"https:\\\/\\\/nordlinepaadid.ee\\\/wp-content\\\/uploads\\\/2023\\\/01\\\/fulllogo_transparent_nobuffer-e1672750475494.png\",\"contentUrl\":\"https:\\\/\\\/nordlinepaadid.ee\\\/wp-content\\\/uploads\\\/2023\\\/01\\\/fulllogo_transparent_nobuffer-e1672750475494.png\",\"width\":150,\"height\":119,\"caption\":\"Nordlineboats\"},\"image\":{\"@id\":\"https:\\\/\\\/nordlinepaadid.ee\\\/et\\\/#\\\/schema\\\/logo\\\/image\\\/\"},\"sameAs\":[\"https:\\\/\\\/www.facebook.com\\\/nordlineboats\",\"https:\\\/\\\/www.youtube.com\\\/channel\\\/UCbgF0fy02y3QkFnujaLTaCA\"]}]}<\/script>\n<!-- \/ Yoast SEO plugin. -->","yoast_head_json":{"title":"P\u00c4\u00c4STEPARV 6-le INIMESELE, ISO ATLANTIC II L, KONTEINER - NORDLINE s\u00f5udepaadid ja mootorpaadid. Klaasfiiber materjalist.","robots":{"index":"index","follow":"follow","max-snippet":"max-snippet:-1","max-image-preview":"max-image-preview:large","max-video-preview":"max-video-preview:-1"},"canonical":"https:\/\/nordlinepaadid.ee\/et\/pood\/paastevahendid\/paasteparved-paasterongad\/paasteparv-6-le-inimesele-iso-atlantic-ii-l-konteiner\/","og_locale":"et_EE","og_type":"article","og_title":"P\u00c4\u00c4STEPARV 6-le INIMESELE, ISO ATLANTIC II L, KONTEINER - NORDLINE s\u00f5udepaadid ja mootorpaadid. Klaasfiiber materjalist.","og_description":"Lalizas Iso Atlantic II L p\u00e4\u00e4steparv on \u00fclikerge ja ideaalne avamerepurjetamiseks piiratud p\u00e4\u00e4stevarustusega.&nbsp;Valmistatud PVC-st, kasutades kaarte puhul ainult k\u00f5rgsageduskeevitust ja kuum\u00f5hukeevitust ning p\u00e4\u00e4steparve \u00fcheski osas pole kasutatud liimi. J\u00e4tkusuutlik ja keskkonnas\u00f5bralik lahendus, mis on heaks kiidetud vastavalt uusimale rahvusvahelisele standardile ISO 9650-1:2022.&nbsp;Saadaval 4, 6, 8, 10 ja 12 inimesele. Pakend: konteiner.&nbsp;Valmistatud Itaalias. &#13; &#13; &nbsp;...","og_url":"https:\/\/nordlinepaadid.ee\/et\/pood\/paastevahendid\/paasteparved-paasterongad\/paasteparv-6-le-inimesele-iso-atlantic-ii-l-konteiner\/","og_site_name":"NORDLINE s\u00f5udepaadid ja mootorpaadid. Klaasfiiber materjalist.","article_publisher":"https:\/\/www.facebook.com\/nordlineboats","twitter_card":"summary_large_image","twitter_misc":{"Est. reading time":"1 minut"},"schema":{"@context":"https:\/\/schema.org","@graph":[{"@type":"WebPage","@id":"https:\/\/nordlinepaadid.ee\/et\/pood\/paastevahendid\/paasteparved-paasterongad\/paasteparv-6-le-inimesele-iso-atlantic-ii-l-konteiner\/","url":"https:\/\/nordlinepaadid.ee\/et\/pood\/paastevahendid\/paasteparved-paasterongad\/paasteparv-6-le-inimesele-iso-atlantic-ii-l-konteiner\/","name":"P\u00c4\u00c4STEPARV 6-le INIMESELE, ISO ATLANTIC II L, KONTEINER - NORDLINE s\u00f5udepaadid ja mootorpaadid. Klaasfiiber materjalist.","isPartOf":{"@id":"https:\/\/nordlinepaadid.ee\/et\/#website"},"datePublished":"2026-05-15T00:23:30+00:00","breadcrumb":{"@id":"https:\/\/nordlinepaadid.ee\/et\/pood\/paastevahendid\/paasteparved-paasterongad\/paasteparv-6-le-inimesele-iso-atlantic-ii-l-konteiner\/#breadcrumb"},"inLanguage":"et","potentialAction":[{"@type":"ReadAction","target":["https:\/\/nordlinepaadid.ee\/et\/pood\/paastevahendid\/paasteparved-paasterongad\/paasteparv-6-le-inimesele-iso-atlantic-ii-l-konteiner\/"]}]},{"@type":"BreadcrumbList","@id":"https:\/\/nordlinepaadid.ee\/et\/pood\/paastevahendid\/paasteparved-paasterongad\/paasteparv-6-le-inimesele-iso-atlantic-ii-l-konteiner\/#breadcrumb","itemListElement":[{"@type":"ListItem","position":1,"name":"Home","item":"https:\/\/nordlinepaadid.ee\/et\/"},{"@type":"ListItem","position":2,"name":"Pood","item":"https:\/\/nordlinepaadid.ee\/et\/pood\/"},{"@type":"ListItem","position":3,"name":"P\u00c4\u00c4STEPARV 6-le INIMESELE, ISO ATLANTIC II L, KONTEINER"}]},{"@type":"WebSite","@id":"https:\/\/nordlinepaadid.ee\/et\/#website","url":"https:\/\/nordlinepaadid.ee\/et\/","name":"NORDLINE s\u00f5udepaadid ja mootorpaadid. Klaasfiiber materjalist.","description":"","publisher":{"@id":"https:\/\/nordlinepaadid.ee\/et\/#organization"},"potentialAction":[{"@type":"SearchAction","target":{"@type":"EntryPoint","urlTemplate":"https:\/\/nordlinepaadid.ee\/et\/?s={search_term_string}"},"query-input":{"@type":"PropertyValueSpecification","valueRequired":true,"valueName":"search_term_string"}}],"inLanguage":"et"},{"@type":"Organization","@id":"https:\/\/nordlinepaadid.ee\/et\/#organization","name":"Nordlineboats","url":"https:\/\/nordlinepaadid.ee\/et\/","logo":{"@type":"ImageObject","inLanguage":"et","@id":"https:\/\/nordlinepaadid.ee\/et\/#\/schema\/logo\/image\/","url":"https:\/\/nordlinepaadid.ee\/wp-content\/uploads\/2023\/01\/fulllogo_transparent_nobuffer-e1672750475494.png","contentUrl":"https:\/\/nordlinepaadid.ee\/wp-content\/uploads\/2023\/01\/fulllogo_transparent_nobuffer-e1672750475494.png","width":150,"height":119,"caption":"Nordlineboats"},"image":{"@id":"https:\/\/nordlinepaadid.ee\/et\/#\/schema\/logo\/image\/"},"sameAs":["https:\/\/www.facebook.com\/nordlineboats","https:\/\/www.youtube.com\/channel\/UCbgF0fy02y3QkFnujaLTaCA"]}]}},"taxonomy_info":{"product_cat":[{"value":235,"label":"P\u00e4\u00e4steparved, P\u00e4\u00e4ster\u00f5ngad"},{"value":230,"label":"P\u00c4\u00c4STEVAHENDID"}],"pa_color":[{"value":775,"label":"Oran\u017e"}],"pa_producer":[{"value":444,"label":"Lalizas"}],"pa_unit":[{"value":416,"label":"pcs"}]},"featured_image_src_large":false,"author_info":[],"comment_info":"","_links":{"self":[{"href":"https:\/\/nordlinepaadid.ee\/et\/wp-json\/wp\/v2\/product\/65189","targetHints":{"allow":["GET"]}}],"collection":[{"href":"https:\/\/nordlinepaadid.ee\/et\/wp-json\/wp\/v2\/product"}],"about":[{"href":"https:\/\/nordlinepaadid.ee\/et\/wp-json\/wp\/v2\/types\/product"}],"wp:attachment":[{"href":"https:\/\/nordlinepaadid.ee\/et\/wp-json\/wp\/v2\/media?parent=65189"}],"wp:term":[{"taxonomy":"product_brand","embeddable":true,"href":"https:\/\/nordlinepaadid.ee\/et\/wp-json\/wp\/v2\/product_brand?post=65189"},{"taxonomy":"product_cat","embeddable":true,"href":"https:\/\/nordlinepaadid.ee\/et\/wp-json\/wp\/v2\/product_cat?post=65189"},{"taxonomy":"product_tag","embeddable":true,"href":"https:\/\/nordlinepaadid.ee\/et\/wp-json\/wp\/v2\/product_tag?post=65189"}],"curies":[{"name":"wp","href":"https:\/\/api.w.org\/{rel}","templated":true}]}}