{"id":6536,"date":"2022-12-12T09:44:19","date_gmt":"2022-12-12T07:44:19","guid":{"rendered":"https:\/\/nordlinepaadid.ee\/?post_type=product&#038;p=6536"},"modified":"2026-04-14T22:04:26","modified_gmt":"2026-04-14T19:04:26","slug":"paadimootor-tohatsu-mfs-25-detl","status":"publish","type":"product","link":"https:\/\/nordlinepaadid.ee\/et\/pood\/tohatsu-paadimootorid\/paadimootor-tohatsu-mfs-25-detl\/","title":{"rendered":"Paadimootor Tohatsu MFS 25 DETL"},"content":{"rendered":"<h1>Paadimootor Tohatsu MFS 25 DETL<\/h1>\n<p>Paadimootor Tohatsu MFS 25 DS on m\u00f5eldud mitmesuguste paatide jaoks. N\u00e4iteks nagu t\u00e4ispuhutavd paadid, RIB paadid, alumiiniumpaadid v\u00f5i pontoonpaatid.<br \/>\nTohatsu paadimootorid on oma klassi k\u00f5ige kergema kaaluga ja suurep\u00e4rase t\u00f6\u00f6kindlusega. Tohatsu p\u00fc\u00fcab alati pakkuda uusimat tehnoloogiat ja p\u00f5nevamat paadis\u00f5idukogemust.<\/p>\n<table id=\"motors\">\n<tbody>\n<tr>\n<th>Mudel<\/th>\n<th>Ahtripeeglile k\u00f5rgusega<\/th>\n<th>Silindreid<\/th>\n<th>Elektriline start<\/th>\n<th>K\u00e4si- juhtimine<\/th>\n<th>distants- juhtimine<\/th>\n<th>12V laadimine<\/th>\n<th>El. trimm<\/th>\n<th>K\u00fctusepaak<\/th>\n<th>S\u00f5ukruvi<\/th>\n<\/tr>\n<tr>\n<td>MFS25DETL<\/td>\n<td>20&#8243;<\/td>\n<td>3<\/td>\n<td>S<\/td>\n<td>Note<\/td>\n<td>Note<\/td>\n<td>S<\/td>\n<td>S<\/td>\n<td>S<\/td>\n<td>S<\/td>\n<\/tr>\n<\/tbody>\n<\/table>\n<div>S- standardvarustuses<\/div>\n<div>Note : Control type can be chosen from multi function tiller, basic tiller and remote control.<\/div>\n<h2>Paadimootor Tohatsu 25HJ tehnilised andmed<\/h2>\n<table id=\"motors\">\n<tbody>\n<tr>\n<td>Tooteinfo:<\/td>\n<td>TOHATSU MFS 25 DETL<\/td>\n<\/tr>\n<tr>\n<td>Silindrite arv<\/td>\n<td>3<\/td>\n<\/tr>\n<tr>\n<td>V\u014dimsus:<\/td>\n<td>25 hj (18,4kW)<\/td>\n<\/tr>\n<tr>\n<td>Kubatuur:<\/td>\n<td>500 cm3<\/td>\n<\/tr>\n<tr>\n<td>S\u00f5ukruvi vahemik<\/td>\n<td>8&#8243; &#8211; 14&#8243;<\/td>\n<\/tr>\n<tr>\n<td>K\u00fctus<\/td>\n<td>Pliivaba, min. 95 okt<\/td>\n<\/tr>\n<tr>\n<td>\u00d5li<\/td>\n<td>Sertifitseeritud 4-taktiline \u00f5li SAE 10W-30\/40 (SF, SG, SH, SJ)<\/td>\n<\/tr>\n<tr>\n<td>\u00d5li kogus<\/td>\n<td>1,7 ml<\/td>\n<\/tr>\n<tr>\n<td>K\u00fctuse paak<\/td>\n<td>25L<\/td>\n<\/tr>\n<tr>\n<td>Kaal<\/td>\n<td>58kg<\/td>\n<\/tr>\n<tr>\n<td>Max p\u00f6\u00f6rete vahemik<\/td>\n<td>5000 &#8211; 6000<\/td>\n<\/tr>\n<tr>\n<td>K\u00fctuses\u00fcsteem<\/td>\n<td>Digital CD Ignition System<\/td>\n<\/tr>\n<tr>\n<td>Garantii:<\/td>\n<td>5 aastat<\/td>\n<\/tr>\n<\/tbody>\n<\/table>\n<h3>Paadimootor Tohatsu 25HJ p\u00f5hiomadused<\/h3>\n<div class=\"block-cmn-002 u-inview u-inview--show\">\n<ul class=\"list-cmn\">\n<li class=\"list-cmn__item\">Elektrooniline sissepritse<\/li>\n<li class=\"list-cmn__item\">Esimene akuta k\u00e4sitsi k\u00e4ivitatav EFI 4-taktiline rippmootor<\/li>\n<li>K\u00e4sik\u00e4ivitus oluliselt lihtsam, kuna stardi hetkel v\u00e4hendatakse kompressiooni<\/li>\n<li class=\"list-cmn__item\">Suur generaator ja alaldi aku paremaks laadimiseks<\/li>\n<li class=\"list-cmn__item\">Reguleeritav roolih\u00f5\u00f5rd ja trimmimiskoht roolimisj\u00f5u v\u00e4hendamiseks<\/li>\n<li class=\"list-cmn__item\">Ettepoole toodud k\u00e4iguhoob h\u00f5lpsamaks kasutamiseks<\/li>\n<li class=\"list-cmn__item\">Madala vee s\u00f5iduasend, 6 kallutusasendit *<\/li>\n<li class=\"list-cmn__item\">Elektriline trimm ja kallutamine *<\/li>\n<li class=\"list-cmn__item\">Distantsjuhtimine*<\/li>\n<\/ul>\n<\/div>\n<div class=\"block-cmn-002 u-inview u-inview--show\">\n<h3 class=\"ttl-cmn-02 type-normal\"><span class=\"ttl-cmn-02__main\">Kasutaja mugavuse ja usaldusv\u00e4\u00e4rsus<\/span><\/h3>\n<ul class=\"list-cmn\">\n<li class=\"list-cmn__item\">\u00dcmber kujundatud mootori \u00fclemine ja alumine kate moodsama ilme ja lihtsama juurdep\u00e4\u00e4su saamiseks tavaliseks hooldust\u00f6\u00f6ks<\/li>\n<li class=\"list-cmn__item\">Sisseehitatud magevee loputuss\u00fcsteem<\/li>\n<li class=\"list-cmn__item\">Heitgaasi v\u00e4ljutamine s\u00f5ukruvi rummu kaudu, vaiksemaks s\u00f5iduks<\/li>\n<li class=\"list-cmn__item\">Jahutusvee temperatuuri reguleerimine termostaadiga<\/li>\n<li class=\"list-cmn__item\">Roostevabast happekindlast terasest valmistatud veepumba korpus, mis kestab paremini soolases ja liivases vees<\/li>\n<li class=\"list-cmn__item\">Kvaliteetne mere alumiiniumisulam, mis tagab kaitse korrosiooni eest<\/li>\n<li class=\"list-cmn__item\">Sisemine veekanalite tsinkkate tagab korrosioonikindluse<\/li>\n<li class=\"list-cmn__item\">25 liitri suurune k\u00fctusepaak koos k\u00fctusetarvikute ja k\u00fctusetoruga<\/li>\n<li class=\"list-cmn__item\">Alumiiniumist propeller<\/li>\n<li>Suur mootori\u00f5li maht garanteerib hea \u00f5lituse<\/li>\n<li>T\u00e4idavad EPA\/CARB normid<\/li>\n<\/ul>\n<\/div>\n<div class=\"block-cmn-002 u-inview u-inview--show\">\n<h3 class=\"ttl-cmn-02 type-normal\"><span class=\"ttl-cmn-02__main\">Hoiatus ja kaitse<\/span><\/h3>\n<ul class=\"list-cmn\">\n<li class=\"list-cmn__item\">\u00dclekuumenemise hoiatus (kuuldav)<\/li>\n<li class=\"list-cmn__item\">Madala \u00f5lir\u00f5hu hoiatus (kuuldav)<\/li>\n<li class=\"list-cmn__item\">Turvapael (oluline kaitsefunktsioon on standard k\u00f5igil Tohatsu rippmootoritel)<\/li>\n<li class=\"list-cmn__item\">K\u00e4igukasti kaitse, k\u00e4ivitumine ainult k\u00e4iguhoova neutraalasendis<\/li>\n<li class=\"list-cmn__item\">P\u00f6\u00f6retepiiraja<\/li>\n<\/ul>\n<div class=\"list-caption\">\n<div class=\"list-caption__item\"><span class=\"list-caption__detail\">* Teatud mudelid<br \/>\n** Kaugjuhtimispuldi mudelid<\/span><\/div>\n<\/div>\n<\/div>\n<p><span style=\"font-family: var(--global-body-font-family);\">* Teatud mudelid<\/span><\/p>\n<div class=\"list-caption\">\n<div class=\"list-caption__item\"><span class=\"list-caption__detail\"><span class=\"list-caption__detail\">** Kaugjuhtimispuldi mudelitel<\/span><\/span><\/div>\n<\/div>\n<p>Paadimootor Tohatsu 25HJ kohta loe t\u00e4psemalt <a href=\"https:\/\/www.tohatsu.com\/marine\/na\/outboards\/20_4st.html\" target=\"_blank\" rel=\"noopener\">www.tohatsu.com<\/a><br \/>\nP\u00e4ritolumaa : Jaapan.TransportToimetame mootori sulle sobival ajal sinu soovitud kohta. Transpordi saate valida, kui vormistate ostu ostukorvis.PaigaldusV\u00e4iksemad mootorid ei vaja paigalduseks eraldi spetsialisti. Kaugjuhtimisega mootorite puhul oleme valmis paigaldama mootori Teie paadile. Vaata selle teenuse kohta t\u00e4psemalt <a href=\"\/et?page_id=3975\" target=\"_blank\" rel=\"noopener\">&#8220;mootori paigaldus&#8221;<\/a>.<\/p>\n<div class=\"pooleks\">\n<h3>V\u00f5ta \u00fchendust<\/h3>\n\n<div class=\"wpcf7 no-js\" id=\"wpcf7-f3217-o1\" lang=\"et\" dir=\"ltr\" data-wpcf7-id=\"3217\">\n<div class=\"screen-reader-response\"><p role=\"status\" aria-live=\"polite\" aria-atomic=\"true\"><\/p> <ul><\/ul><\/div>\n<form action=\"\/et\/wp-json\/wp\/v2\/product\/6536#wpcf7-f3217-o1\" method=\"post\" class=\"wpcf7-form init\" aria-label=\"Contact form\" novalidate=\"novalidate\" data-status=\"init\">\n<fieldset class=\"hidden-fields-container\"><input type=\"hidden\" name=\"_wpcf7\" value=\"3217\" \/><input type=\"hidden\" name=\"_wpcf7_version\" value=\"6.1.5\" \/><input type=\"hidden\" name=\"_wpcf7_locale\" value=\"et\" \/><input type=\"hidden\" name=\"_wpcf7_unit_tag\" value=\"wpcf7-f3217-o1\" \/><input type=\"hidden\" name=\"_wpcf7_container_post\" value=\"0\" \/><input type=\"hidden\" name=\"_wpcf7_posted_data_hash\" value=\"\" \/>\n<\/fieldset>\n<p><label> Nimi (n\u00f5utav)<br \/>\n<span class=\"wpcf7-form-control-wrap\" data-name=\"your-name\"><input size=\"40\" maxlength=\"400\" class=\"wpcf7-form-control wpcf7-text wpcf7-validates-as-required\" aria-required=\"true\" aria-invalid=\"false\" value=\"\" type=\"text\" name=\"your-name\" \/><\/span> <\/label><br \/>\n<label> Email (n\u00f5utav)<br \/>\n<span class=\"wpcf7-form-control-wrap\" data-name=\"your-email\"><input size=\"40\" maxlength=\"400\" class=\"wpcf7-form-control wpcf7-email wpcf7-validates-as-required wpcf7-text wpcf7-validates-as-email\" aria-required=\"true\" aria-invalid=\"false\" value=\"\" type=\"email\" name=\"your-email\" \/><\/span> <\/label><br \/>\n<label> Telefon<br \/>\n<span class=\"wpcf7-form-control-wrap\" data-name=\"Telefon\"><input size=\"40\" maxlength=\"400\" class=\"wpcf7-form-control wpcf7-tel wpcf7-text wpcf7-validates-as-tel\" aria-invalid=\"false\" value=\"\" type=\"tel\" name=\"Telefon\" \/><\/span><\/label><br \/>\n<label> Teade<br \/>\n<span class=\"wpcf7-form-control-wrap\" data-name=\"your-message\"><textarea cols=\"40\" rows=\"10\" maxlength=\"2000\" class=\"wpcf7-form-control wpcf7-textarea\" aria-invalid=\"false\" name=\"your-message\"><\/textarea><\/span> <\/label>\n<\/p>\n<p><input class=\"wpcf7-form-control wpcf7-submit has-spinner\" type=\"submit\" value=\"Saada\" \/>\n<\/p><div class=\"wpcf7-response-output\" aria-hidden=\"true\"><\/div>\n<\/form>\n<\/div>\n\n<\/div>\n<div class=\"pooleks\">\n<p>&nbsp;<\/p>\n<\/div>\n","protected":false},"excerpt":{"rendered":"<p>Kergeim omaklassi mootor. EFI elektrooniline sissepritse annab v\u00e4ga hea\u00a0k\u00fctuses\u00e4\u00e4stlikuse. V\u00f5imaldab v\u00e4hema k\u00fctusega j\u00f5uda 50% kaugemale. Garantii 5 aastat.<\/p>\n","protected":false},"featured_media":4177,"template":"","meta":{"_kad_blocks_custom_css":"","_kad_blocks_head_custom_js":"","_kad_blocks_body_custom_js":"","_kad_blocks_footer_custom_js":"","_kad_post_transparent":"default","_kad_post_title":"","_kad_post_layout":"default","_kad_post_sidebar_id":"","_kad_post_content_style":"default","_kad_post_vertical_padding":"default","_kad_post_feature":"","_kad_post_feature_position":"","_kad_post_header":false,"_kad_post_footer":false,"_kad_post_classname":""},"product_brand":[],"product_cat":[155],"product_tag":[],"class_list":{"0":"post-6536","1":"product","2":"type-product","3":"status-publish","4":"has-post-thumbnail","6":"product_cat-tohatsu-paadimootorid","7":"product_shipping_class-euroalusele-mahtuv-kaup","8":"tm-no-options","10":"first","11":"onbackorder","12":"taxable","13":"shipping-taxable","14":"purchasable","15":"product-type-simple","16":"entry","17":"content-bg","18":"loop-entry"},"yoast_head":"<!-- This site is optimized with the Yoast SEO plugin v27.3 - https:\/\/yoast.com\/product\/yoast-seo-wordpress\/ -->\n<title>Paadimootor TOHATSU 25HJ - garantii 5a - NORDLINEBOATS<\/title>\n<meta name=\"description\" content=\"Tohatsu MFS 25hj on oma klassi kergeim elektroonilise sissepritsega paadimootor. Sellel 25 hj p\u00e4ramootoril on akudeta elektrooniline sissepritse.\" \/>\n<meta name=\"robots\" content=\"index, follow, max-snippet:-1, max-image-preview:large, max-video-preview:-1\" \/>\n<link rel=\"canonical\" href=\"https:\/\/nordlinepaadid.ee\/et\/pood\/tohatsu-paadimootorid\/paadimootor-tohatsu-mfs-25-detl\/\" \/>\n<meta property=\"og:locale\" content=\"et_EE\" \/>\n<meta property=\"og:type\" content=\"article\" \/>\n<meta property=\"og:title\" content=\"Paadimootor TOHATSU 25HJ - garantii 5a - NORDLINEBOATS\" \/>\n<meta property=\"og:description\" content=\"Tohatsu MFS 25hj on oma klassi kergeim elektroonilise sissepritsega paadimootor. Sellel 25 hj p\u00e4ramootoril on akudeta elektrooniline sissepritse.\" \/>\n<meta property=\"og:url\" content=\"https:\/\/nordlinepaadid.ee\/et\/pood\/tohatsu-paadimootorid\/paadimootor-tohatsu-mfs-25-detl\/\" \/>\n<meta property=\"og:site_name\" content=\"NORDLINE s\u00f5udepaadid ja mootorpaadid. Klaasfiiber materjalist.\" \/>\n<meta property=\"article:publisher\" content=\"https:\/\/www.facebook.com\/nordlineboats\" \/>\n<meta property=\"article:modified_time\" content=\"2026-04-14T19:04:26+00:00\" \/>\n<meta property=\"og:image\" content=\"https:\/\/nordlinepaadid.ee\/wp-content\/uploads\/2021\/01\/Paadimootor-Tohatsu-20HJ.jpg\" \/>\n\t<meta property=\"og:image:width\" content=\"600\" \/>\n\t<meta property=\"og:image:height\" content=\"600\" \/>\n\t<meta property=\"og:image:type\" content=\"image\/jpeg\" \/>\n<meta name=\"twitter:card\" content=\"summary_large_image\" \/>\n<meta name=\"twitter:label1\" content=\"Est. reading time\" \/>\n\t<meta name=\"twitter:data1\" content=\"2 minutit\" \/>\n<script type=\"application\/ld+json\" class=\"yoast-schema-graph\">{\"@context\":\"https:\\\/\\\/schema.org\",\"@graph\":[{\"@type\":\"WebPage\",\"@id\":\"https:\\\/\\\/nordlinepaadid.ee\\\/et\\\/pood\\\/tohatsu-paadimootorid\\\/paadimootor-tohatsu-mfs-25-detl\\\/\",\"url\":\"https:\\\/\\\/nordlinepaadid.ee\\\/et\\\/pood\\\/tohatsu-paadimootorid\\\/paadimootor-tohatsu-mfs-25-detl\\\/\",\"name\":\"Paadimootor TOHATSU 25HJ - garantii 5a - NORDLINEBOATS\",\"isPartOf\":{\"@id\":\"https:\\\/\\\/nordlinepaadid.ee\\\/et\\\/#website\"},\"primaryImageOfPage\":{\"@id\":\"https:\\\/\\\/nordlinepaadid.ee\\\/et\\\/pood\\\/tohatsu-paadimootorid\\\/paadimootor-tohatsu-mfs-25-detl\\\/#primaryimage\"},\"image\":{\"@id\":\"https:\\\/\\\/nordlinepaadid.ee\\\/et\\\/pood\\\/tohatsu-paadimootorid\\\/paadimootor-tohatsu-mfs-25-detl\\\/#primaryimage\"},\"thumbnailUrl\":\"https:\\\/\\\/nordlinepaadid.ee\\\/wp-content\\\/uploads\\\/2021\\\/01\\\/Paadimootor-Tohatsu-20HJ.jpg\",\"datePublished\":\"2022-12-12T07:44:19+00:00\",\"dateModified\":\"2026-04-14T19:04:26+00:00\",\"description\":\"Tohatsu MFS 25hj on oma klassi kergeim elektroonilise sissepritsega paadimootor. Sellel 25 hj p\u00e4ramootoril on akudeta elektrooniline sissepritse.\",\"breadcrumb\":{\"@id\":\"https:\\\/\\\/nordlinepaadid.ee\\\/et\\\/pood\\\/tohatsu-paadimootorid\\\/paadimootor-tohatsu-mfs-25-detl\\\/#breadcrumb\"},\"inLanguage\":\"et\",\"potentialAction\":[{\"@type\":\"ReadAction\",\"target\":[\"https:\\\/\\\/nordlinepaadid.ee\\\/et\\\/pood\\\/tohatsu-paadimootorid\\\/paadimootor-tohatsu-mfs-25-detl\\\/\"]}]},{\"@type\":\"ImageObject\",\"inLanguage\":\"et\",\"@id\":\"https:\\\/\\\/nordlinepaadid.ee\\\/et\\\/pood\\\/tohatsu-paadimootorid\\\/paadimootor-tohatsu-mfs-25-detl\\\/#primaryimage\",\"url\":\"https:\\\/\\\/nordlinepaadid.ee\\\/wp-content\\\/uploads\\\/2021\\\/01\\\/Paadimootor-Tohatsu-20HJ.jpg\",\"contentUrl\":\"https:\\\/\\\/nordlinepaadid.ee\\\/wp-content\\\/uploads\\\/2021\\\/01\\\/Paadimootor-Tohatsu-20HJ.jpg\",\"width\":600,\"height\":600,\"caption\":\"Rippmootor Tohatsu 20HJ\"},{\"@type\":\"BreadcrumbList\",\"@id\":\"https:\\\/\\\/nordlinepaadid.ee\\\/et\\\/pood\\\/tohatsu-paadimootorid\\\/paadimootor-tohatsu-mfs-25-detl\\\/#breadcrumb\",\"itemListElement\":[{\"@type\":\"ListItem\",\"position\":1,\"name\":\"Home\",\"item\":\"https:\\\/\\\/nordlinepaadid.ee\\\/et\\\/\"},{\"@type\":\"ListItem\",\"position\":2,\"name\":\"Pood\",\"item\":\"https:\\\/\\\/nordlinepaadid.ee\\\/et\\\/pood\\\/\"},{\"@type\":\"ListItem\",\"position\":3,\"name\":\"Paadimootor Tohatsu MFS 25 DETL\"}]},{\"@type\":\"WebSite\",\"@id\":\"https:\\\/\\\/nordlinepaadid.ee\\\/et\\\/#website\",\"url\":\"https:\\\/\\\/nordlinepaadid.ee\\\/et\\\/\",\"name\":\"NORDLINE s\u00f5udepaadid ja mootorpaadid. Klaasfiiber materjalist.\",\"description\":\"\",\"publisher\":{\"@id\":\"https:\\\/\\\/nordlinepaadid.ee\\\/et\\\/#organization\"},\"potentialAction\":[{\"@type\":\"SearchAction\",\"target\":{\"@type\":\"EntryPoint\",\"urlTemplate\":\"https:\\\/\\\/nordlinepaadid.ee\\\/et\\\/?s={search_term_string}\"},\"query-input\":{\"@type\":\"PropertyValueSpecification\",\"valueRequired\":true,\"valueName\":\"search_term_string\"}}],\"inLanguage\":\"et\"},{\"@type\":\"Organization\",\"@id\":\"https:\\\/\\\/nordlinepaadid.ee\\\/et\\\/#organization\",\"name\":\"Nordlineboats\",\"url\":\"https:\\\/\\\/nordlinepaadid.ee\\\/et\\\/\",\"logo\":{\"@type\":\"ImageObject\",\"inLanguage\":\"et\",\"@id\":\"https:\\\/\\\/nordlinepaadid.ee\\\/et\\\/#\\\/schema\\\/logo\\\/image\\\/\",\"url\":\"https:\\\/\\\/nordlinepaadid.ee\\\/wp-content\\\/uploads\\\/2023\\\/01\\\/fulllogo_transparent_nobuffer-e1672750475494.png\",\"contentUrl\":\"https:\\\/\\\/nordlinepaadid.ee\\\/wp-content\\\/uploads\\\/2023\\\/01\\\/fulllogo_transparent_nobuffer-e1672750475494.png\",\"width\":150,\"height\":119,\"caption\":\"Nordlineboats\"},\"image\":{\"@id\":\"https:\\\/\\\/nordlinepaadid.ee\\\/et\\\/#\\\/schema\\\/logo\\\/image\\\/\"},\"sameAs\":[\"https:\\\/\\\/www.facebook.com\\\/nordlineboats\",\"https:\\\/\\\/www.youtube.com\\\/channel\\\/UCbgF0fy02y3QkFnujaLTaCA\"]}]}<\/script>\n<!-- \/ Yoast SEO plugin. -->","yoast_head_json":{"title":"Paadimootor TOHATSU 25HJ - garantii 5a - NORDLINEBOATS","description":"Tohatsu MFS 25hj on oma klassi kergeim elektroonilise sissepritsega paadimootor. Sellel 25 hj p\u00e4ramootoril on akudeta elektrooniline sissepritse.","robots":{"index":"index","follow":"follow","max-snippet":"max-snippet:-1","max-image-preview":"max-image-preview:large","max-video-preview":"max-video-preview:-1"},"canonical":"https:\/\/nordlinepaadid.ee\/et\/pood\/tohatsu-paadimootorid\/paadimootor-tohatsu-mfs-25-detl\/","og_locale":"et_EE","og_type":"article","og_title":"Paadimootor TOHATSU 25HJ - garantii 5a - NORDLINEBOATS","og_description":"Tohatsu MFS 25hj on oma klassi kergeim elektroonilise sissepritsega paadimootor. Sellel 25 hj p\u00e4ramootoril on akudeta elektrooniline sissepritse.","og_url":"https:\/\/nordlinepaadid.ee\/et\/pood\/tohatsu-paadimootorid\/paadimootor-tohatsu-mfs-25-detl\/","og_site_name":"NORDLINE s\u00f5udepaadid ja mootorpaadid. Klaasfiiber materjalist.","article_publisher":"https:\/\/www.facebook.com\/nordlineboats","article_modified_time":"2026-04-14T19:04:26+00:00","og_image":[{"width":600,"height":600,"url":"https:\/\/nordlinepaadid.ee\/wp-content\/uploads\/2021\/01\/Paadimootor-Tohatsu-20HJ.jpg","type":"image\/jpeg"}],"twitter_card":"summary_large_image","twitter_misc":{"Est. reading time":"2 minutit"},"schema":{"@context":"https:\/\/schema.org","@graph":[{"@type":"WebPage","@id":"https:\/\/nordlinepaadid.ee\/et\/pood\/tohatsu-paadimootorid\/paadimootor-tohatsu-mfs-25-detl\/","url":"https:\/\/nordlinepaadid.ee\/et\/pood\/tohatsu-paadimootorid\/paadimootor-tohatsu-mfs-25-detl\/","name":"Paadimootor TOHATSU 25HJ - garantii 5a - NORDLINEBOATS","isPartOf":{"@id":"https:\/\/nordlinepaadid.ee\/et\/#website"},"primaryImageOfPage":{"@id":"https:\/\/nordlinepaadid.ee\/et\/pood\/tohatsu-paadimootorid\/paadimootor-tohatsu-mfs-25-detl\/#primaryimage"},"image":{"@id":"https:\/\/nordlinepaadid.ee\/et\/pood\/tohatsu-paadimootorid\/paadimootor-tohatsu-mfs-25-detl\/#primaryimage"},"thumbnailUrl":"https:\/\/nordlinepaadid.ee\/wp-content\/uploads\/2021\/01\/Paadimootor-Tohatsu-20HJ.jpg","datePublished":"2022-12-12T07:44:19+00:00","dateModified":"2026-04-14T19:04:26+00:00","description":"Tohatsu MFS 25hj on oma klassi kergeim elektroonilise sissepritsega paadimootor. Sellel 25 hj p\u00e4ramootoril on akudeta elektrooniline sissepritse.","breadcrumb":{"@id":"https:\/\/nordlinepaadid.ee\/et\/pood\/tohatsu-paadimootorid\/paadimootor-tohatsu-mfs-25-detl\/#breadcrumb"},"inLanguage":"et","potentialAction":[{"@type":"ReadAction","target":["https:\/\/nordlinepaadid.ee\/et\/pood\/tohatsu-paadimootorid\/paadimootor-tohatsu-mfs-25-detl\/"]}]},{"@type":"ImageObject","inLanguage":"et","@id":"https:\/\/nordlinepaadid.ee\/et\/pood\/tohatsu-paadimootorid\/paadimootor-tohatsu-mfs-25-detl\/#primaryimage","url":"https:\/\/nordlinepaadid.ee\/wp-content\/uploads\/2021\/01\/Paadimootor-Tohatsu-20HJ.jpg","contentUrl":"https:\/\/nordlinepaadid.ee\/wp-content\/uploads\/2021\/01\/Paadimootor-Tohatsu-20HJ.jpg","width":600,"height":600,"caption":"Rippmootor Tohatsu 20HJ"},{"@type":"BreadcrumbList","@id":"https:\/\/nordlinepaadid.ee\/et\/pood\/tohatsu-paadimootorid\/paadimootor-tohatsu-mfs-25-detl\/#breadcrumb","itemListElement":[{"@type":"ListItem","position":1,"name":"Home","item":"https:\/\/nordlinepaadid.ee\/et\/"},{"@type":"ListItem","position":2,"name":"Pood","item":"https:\/\/nordlinepaadid.ee\/et\/pood\/"},{"@type":"ListItem","position":3,"name":"Paadimootor Tohatsu MFS 25 DETL"}]},{"@type":"WebSite","@id":"https:\/\/nordlinepaadid.ee\/et\/#website","url":"https:\/\/nordlinepaadid.ee\/et\/","name":"NORDLINE s\u00f5udepaadid ja mootorpaadid. Klaasfiiber materjalist.","description":"","publisher":{"@id":"https:\/\/nordlinepaadid.ee\/et\/#organization"},"potentialAction":[{"@type":"SearchAction","target":{"@type":"EntryPoint","urlTemplate":"https:\/\/nordlinepaadid.ee\/et\/?s={search_term_string}"},"query-input":{"@type":"PropertyValueSpecification","valueRequired":true,"valueName":"search_term_string"}}],"inLanguage":"et"},{"@type":"Organization","@id":"https:\/\/nordlinepaadid.ee\/et\/#organization","name":"Nordlineboats","url":"https:\/\/nordlinepaadid.ee\/et\/","logo":{"@type":"ImageObject","inLanguage":"et","@id":"https:\/\/nordlinepaadid.ee\/et\/#\/schema\/logo\/image\/","url":"https:\/\/nordlinepaadid.ee\/wp-content\/uploads\/2023\/01\/fulllogo_transparent_nobuffer-e1672750475494.png","contentUrl":"https:\/\/nordlinepaadid.ee\/wp-content\/uploads\/2023\/01\/fulllogo_transparent_nobuffer-e1672750475494.png","width":150,"height":119,"caption":"Nordlineboats"},"image":{"@id":"https:\/\/nordlinepaadid.ee\/et\/#\/schema\/logo\/image\/"},"sameAs":["https:\/\/www.facebook.com\/nordlineboats","https:\/\/www.youtube.com\/channel\/UCbgF0fy02y3QkFnujaLTaCA"]}]}},"taxonomy_info":{"product_cat":[{"value":155,"label":"TOHATSU PAADIMOOTORID"}]},"featured_image_src_large":["https:\/\/nordlinepaadid.ee\/wp-content\/uploads\/2021\/01\/Paadimootor-Tohatsu-20HJ.jpg",600,600,false],"author_info":[],"comment_info":"","_links":{"self":[{"href":"https:\/\/nordlinepaadid.ee\/et\/wp-json\/wp\/v2\/product\/6536","targetHints":{"allow":["GET"]}}],"collection":[{"href":"https:\/\/nordlinepaadid.ee\/et\/wp-json\/wp\/v2\/product"}],"about":[{"href":"https:\/\/nordlinepaadid.ee\/et\/wp-json\/wp\/v2\/types\/product"}],"wp:featuredmedia":[{"embeddable":true,"href":"https:\/\/nordlinepaadid.ee\/et\/wp-json\/wp\/v2\/media\/4177"}],"wp:attachment":[{"href":"https:\/\/nordlinepaadid.ee\/et\/wp-json\/wp\/v2\/media?parent=6536"}],"wp:term":[{"taxonomy":"product_brand","embeddable":true,"href":"https:\/\/nordlinepaadid.ee\/et\/wp-json\/wp\/v2\/product_brand?post=6536"},{"taxonomy":"product_cat","embeddable":true,"href":"https:\/\/nordlinepaadid.ee\/et\/wp-json\/wp\/v2\/product_cat?post=6536"},{"taxonomy":"product_tag","embeddable":true,"href":"https:\/\/nordlinepaadid.ee\/et\/wp-json\/wp\/v2\/product_tag?post=6536"}],"curies":[{"name":"wp","href":"https:\/\/api.w.org\/{rel}","templated":true}]}}