{"id":6742,"date":"2023-01-05T12:12:35","date_gmt":"2023-01-05T10:12:35","guid":{"rendered":"https:\/\/nordlinepaadid.ee\/?post_type=product&#038;p=6742"},"modified":"2026-04-19T14:01:30","modified_gmt":"2026-04-19T11:01:30","slug":"paadimootor-tohatsu-mfs-6-dwss","status":"publish","type":"product","link":"https:\/\/nordlinepaadid.ee\/et\/pood\/tohatsu-paadimootorid\/paadimootor-tohatsu-mfs-6-dwss\/","title":{"rendered":"Paadimootor Tohatsu MFS 6 DWSS"},"content":{"rendered":"<h1>Paadimootor Tohatsu MFS 6 DWSS<\/h1>\n<p>Kerge ja h\u00e4sti l\u00e4bim\u00f5eldud tehnoloogiaga 6hj paadimootor. Ka see mootor on v\u00e4hendatud vibratsiooniga, olemas digitaalne s\u00fc\u00fctes\u00fcsteem, termostaadiga jahutusvedeliku temperatuuri reguleerimine, sisseehitatud 1,1l. k\u00fctusepaak, lisana 12l. plastikpaak, alumiiniumist propeller, madala \u00f5lir\u00f5hu n\u00e4it, Start-in kaitse mootori ohutuks k\u00e4ivitamiseks, tuunitud sisselaskes\u00fcsteem, k\u00fctuse s\u00e4\u00e4stmises \u00fcletamatu! Pole mingi ime, et just see mootor on saanud v\u00e4ga palju t\u00e4helepanu. Seda mudeli on saadaval ka &#8220;ultra pika jalaga&#8221; 25&#8243;, mis eriti sobilik kasutamiseks purjepaatidel.<\/p>\n<p>Paadimootorid Tohatsu 4 taktilised mootorid on eriti t\u00f6\u00f6kindlad, \u00f6konoomsed, looduss\u00f5bralikud, tasase h\u00e4\u00e4lega ja lihtsad kasutada. Erinevalt konkurentidest on juba 6 hj mudelil survega \u00f5lituss\u00fcsteem ning heitgaasid v\u00e4ljuvad vindi s\u00fcdamiku kaudu. See t\u00e4hendab, et v\u00e4ikeste mootorite tehnilised lahendused on samad mis suurtel.<\/p>\n<table id=\"motors\">\n<tbody>\n<tr>\n<th>Mudel<\/th>\n<th>Ahtripeeglile k\u00f5rgusega<\/th>\n<th>Silindreid<\/th>\n<th>Elektriline start<\/th>\n<th>K\u00e4si- juhtimine<\/th>\n<th>distants- juhtimine<\/th>\n<th>12V laadimine<\/th>\n<th>El. trimm<\/th>\n<th>K\u00fctusepaak<\/th>\n<th>S\u00f5ukruvi<\/th>\n<\/tr>\n<tr>\n<td>\n<div class=\"page\" title=\"Page 1\">\n<div class=\"layoutArea\">\n<div class=\"column\">\n<p><a href=\"\/et?p=4157\">MFS6DDS<\/a><\/p>\n<\/div>\n<\/div>\n<\/div>\n<\/td>\n<td>15&#8243;<\/td>\n<td>1<\/td>\n<td><\/td>\n<td>S<\/td>\n<td><\/td>\n<td><\/td>\n<td><\/td>\n<td>Integreeritud<\/td>\n<td>S<\/td>\n<\/tr>\n<tr>\n<td>\n<div class=\"page\" title=\"Page 1\">\n<div class=\"layoutArea\">\n<div class=\"column\">\n<p><a href=\"\/et?p=6739\">MFS6DSS<\/a><\/p>\n<\/div>\n<\/div>\n<\/div>\n<\/td>\n<td>15&#8243;<\/td>\n<td>1<\/td>\n<td><\/td>\n<td>S<\/td>\n<td><\/td>\n<td><\/td>\n<td><\/td>\n<td>V\u00e4line<\/td>\n<td>S<\/td>\n<\/tr>\n<tr>\n<td>\n<div class=\"page\" title=\"Page 1\">\n<div class=\"layoutArea\">\n<div class=\"column\">\n<p><a href=\"\/et?p=6742\"><strong>MFS6DWSS valge<\/strong><\/a><\/p>\n<\/div>\n<\/div>\n<\/div>\n<\/td>\n<td><strong>15&#8243;<\/strong><\/td>\n<td><strong>1<\/strong><\/td>\n<td><\/td>\n<td><strong>S<\/strong><\/td>\n<td><\/td>\n<td><\/td>\n<td><\/td>\n<td><strong>V\u00e4line<\/strong><\/td>\n<td><strong>S<\/strong><\/td>\n<\/tr>\n<tr>\n<td>\n<div class=\"page\" title=\"Page 1\">\n<div class=\"layoutArea\">\n<div class=\"column\">\n<p><a href=\"\/et?p=6745\">MFS6DSLSailPro<\/a><\/p>\n<\/div>\n<\/div>\n<\/div>\n<\/td>\n<td>20&#8243;<\/td>\n<td>1<\/td>\n<td><\/td>\n<td>S<\/td>\n<td><\/td>\n<td>S<\/td>\n<td><\/td>\n<td>V\u00e4line<\/td>\n<td>S<\/td>\n<\/tr>\n<tr>\n<td>\n<div class=\"page\" title=\"Page 1\">\n<div class=\"layoutArea\">\n<div class=\"column\"><a href=\"\/et?p=6748\">MFS6DSULSailPro<\/a><\/div>\n<\/div>\n<\/div>\n<\/td>\n<td>25&#8243;<\/td>\n<td>1<\/td>\n<td><\/td>\n<td>S<\/td>\n<td><\/td>\n<td>S<\/td>\n<td><\/td>\n<td>V\u00e4line<\/td>\n<td>S<\/td>\n<\/tr>\n<\/tbody>\n<\/table>\n<h2>\u00a0Tohatsu 6HJ mootori p\u00f5hiomadusi:<\/h2>\n<p>&#8211; heitgaaside v\u00e4ljumine vindi s\u00fcdamiku kaudu<br \/>\n&#8211; jahutusvee temperatuuri reguleerimine termostaadiga<br \/>\n&#8211; k\u00e4ivitumine ainult k\u00e4iguhoova neutraalasendis<br \/>\n&#8211; turvastopp<br \/>\n&#8211; lihtsamaks k\u00e4ivitumiseks stardin\u00f6\u00f6rist t\u00f5mbamisel kompressiooni alandamine silindrites<br \/>\n&#8211; roostevabast happekindlast terasest valmistatud veepumba korpus, mis kestab paremini soolases ja liivases vees<br \/>\n&#8211; madala vee s\u00f5iduasend<br \/>\n&#8211; automaatne segurikastaja mis lihtsustab k\u00e4ivitumist (9,9-18 hj)<br \/>\n&#8211; p\u00f6\u00f6retepiiraja<br \/>\n&#8211; \u00f5lisurve hoiatustuli<br \/>\n&#8211; suur mootori\u00f5li maht mis garanteerib hea \u00f5lituse<br \/>\n&#8211; t\u00e4idavad EPA\/CARB normid<\/p>\n<p>Paadimootor Tohatsu 6HJ kohta loe t\u00e4psemalt <a href=\"https:\/\/www.tohatsu.com\/marine\/na\/outboards\/6_4st_1.html\" target=\"_blank\" rel=\"noopener\">www.tohatsu.com<\/a><\/p>\n<h2>Paadimootor Tohatsu 6HJ tehnilised andmed<\/h2>\n<table id=\"motors\">\n<tbody>\n<tr>\n<td>Tooteinfo:<\/td>\n<td>TOHATSU MFS 6 DWSS valge<\/td>\n<\/tr>\n<tr>\n<td>Silindrite arv<\/td>\n<td>1<\/td>\n<\/tr>\n<tr>\n<td>V\u014dimsus:<\/td>\n<td>6 hj (4,4kW)<\/td>\n<\/tr>\n<tr>\n<td>Kubatuur:<\/td>\n<td>123 cm3<\/td>\n<\/tr>\n<tr>\n<td>S\u00f5ukruvi vahemik<\/td>\n<td>6&#8243; &#8211; 9&#8243;<\/td>\n<\/tr>\n<tr>\n<td>K\u00fctus<\/td>\n<td>Pliivaba, min. 95 okt<\/td>\n<\/tr>\n<tr>\n<td>\u00d5li<\/td>\n<td>Sertifitseeritud 4-taktiline \u00f5li SAE 10W-30\/40 (SF, SG, SH, SJ)<\/td>\n<\/tr>\n<tr>\n<td>\u00d5li kogus<\/td>\n<td>450 ml<\/td>\n<\/tr>\n<tr>\n<td>K\u00fctuse paak<\/td>\n<td>1,1L v\u00f5i v\u00e4line<\/td>\n<\/tr>\n<tr>\n<td>Kaal<\/td>\n<td>25kg<\/td>\n<\/tr>\n<tr>\n<td>Max p\u00f6\u00f6rete vahemik<\/td>\n<td>5000 &#8211; 6000<\/td>\n<\/tr>\n<tr>\n<td>K\u00fctuses\u00fcsteem<\/td>\n<td>Digital CD Ignition System<\/td>\n<\/tr>\n<tr>\n<td>Garantii:<\/td>\n<td>5 aastat<\/td>\n<\/tr>\n<\/tbody>\n<\/table>\n<p>&nbsp;<\/p>\n<h2>Transport<\/h2>\n<p>Toimetame mootori sulle sobival ajal sinu soovitud kohta. Transpordi saate valida, kui vormistate ostu ostukorvis.<\/p>\n<h3>Paigaldus<\/h3>\n<p>V\u00e4iksemad mootorid ei vaja paigalduseks eraldi spetsialisti. Kaugjuhtimisega mootorite puhul oleme valmis paigaldama mootori Teie paadile. Vaata selle teenuse kohta t\u00e4psemalt <a href=\"\/et?page_id=3975\" target=\"_blank\" rel=\"noopener\">&#8220;mootori paigaldus&#8221;<\/a>.<\/p>\n<p><strong>Helista 50 55 152 v\u00f5i kirjuta meile. Pakume sulle parimaid mootoreid, parimate hindadega.<\/strong><\/p>\n<div class=\"pooleks\">\n<h3>V\u00f5ta \u00fchendust<\/h3>\n\n<div class=\"wpcf7 no-js\" id=\"wpcf7-f3217-o1\" lang=\"et\" dir=\"ltr\" data-wpcf7-id=\"3217\">\n<div class=\"screen-reader-response\"><p role=\"status\" aria-live=\"polite\" aria-atomic=\"true\"><\/p> <ul><\/ul><\/div>\n<form action=\"\/et\/wp-json\/wp\/v2\/product\/6742#wpcf7-f3217-o1\" method=\"post\" class=\"wpcf7-form init\" aria-label=\"Contact form\" novalidate=\"novalidate\" data-status=\"init\">\n<fieldset class=\"hidden-fields-container\"><input type=\"hidden\" name=\"_wpcf7\" value=\"3217\" \/><input type=\"hidden\" name=\"_wpcf7_version\" value=\"6.1.5\" \/><input type=\"hidden\" name=\"_wpcf7_locale\" value=\"et\" \/><input type=\"hidden\" name=\"_wpcf7_unit_tag\" value=\"wpcf7-f3217-o1\" \/><input type=\"hidden\" name=\"_wpcf7_container_post\" value=\"0\" \/><input type=\"hidden\" name=\"_wpcf7_posted_data_hash\" value=\"\" \/>\n<\/fieldset>\n<p><label> Nimi (n\u00f5utav)<br \/>\n<span class=\"wpcf7-form-control-wrap\" data-name=\"your-name\"><input size=\"40\" maxlength=\"400\" class=\"wpcf7-form-control wpcf7-text wpcf7-validates-as-required\" aria-required=\"true\" aria-invalid=\"false\" value=\"\" type=\"text\" name=\"your-name\" \/><\/span> <\/label><br \/>\n<label> Email (n\u00f5utav)<br \/>\n<span class=\"wpcf7-form-control-wrap\" data-name=\"your-email\"><input size=\"40\" maxlength=\"400\" class=\"wpcf7-form-control wpcf7-email wpcf7-validates-as-required wpcf7-text wpcf7-validates-as-email\" aria-required=\"true\" aria-invalid=\"false\" value=\"\" type=\"email\" name=\"your-email\" \/><\/span> <\/label><br \/>\n<label> Telefon<br \/>\n<span class=\"wpcf7-form-control-wrap\" data-name=\"Telefon\"><input size=\"40\" maxlength=\"400\" class=\"wpcf7-form-control wpcf7-tel wpcf7-text wpcf7-validates-as-tel\" aria-invalid=\"false\" value=\"\" type=\"tel\" name=\"Telefon\" \/><\/span><\/label><br \/>\n<label> Teade<br \/>\n<span class=\"wpcf7-form-control-wrap\" data-name=\"your-message\"><textarea cols=\"40\" rows=\"10\" maxlength=\"2000\" class=\"wpcf7-form-control wpcf7-textarea\" aria-invalid=\"false\" name=\"your-message\"><\/textarea><\/span> <\/label>\n<\/p>\n<p><input class=\"wpcf7-form-control wpcf7-submit has-spinner\" type=\"submit\" value=\"Saada\" \/>\n<\/p><div class=\"wpcf7-response-output\" aria-hidden=\"true\"><\/div>\n<\/form>\n<\/div>\n\n<\/div>\n<div class=\"pooleks\">\n<p>&nbsp;<\/p>\n<\/div>\n","protected":false},"excerpt":{"rendered":"<p>K\u00f5ige optimaalsem p\u00e4ramootor tavalisele s\u00f5udepaadile. Kerge kanda ja \u00f6konoomne.<\/p>\n","protected":false},"featured_media":4158,"template":"","meta":{"_kad_blocks_custom_css":"","_kad_blocks_head_custom_js":"","_kad_blocks_body_custom_js":"","_kad_blocks_footer_custom_js":"","_kad_post_transparent":"default","_kad_post_title":"","_kad_post_layout":"default","_kad_post_sidebar_id":"","_kad_post_content_style":"default","_kad_post_vertical_padding":"default","_kad_post_feature":"","_kad_post_feature_position":"","_kad_post_header":false,"_kad_post_footer":false,"_kad_post_classname":""},"product_brand":[],"product_cat":[155],"product_tag":[],"class_list":{"0":"post-6742","1":"product","2":"type-product","3":"status-publish","4":"has-post-thumbnail","6":"product_cat-tohatsu-paadimootorid","7":"product_shipping_class-euroalusele-mahtuv-kaup","8":"tm-no-options","10":"first","11":"onbackorder","12":"taxable","13":"shipping-taxable","14":"purchasable","15":"product-type-simple","16":"entry","17":"content-bg","18":"loop-entry"},"yoast_head":"<!-- This site is optimized with the Yoast SEO plugin v27.3 - https:\/\/yoast.com\/product\/yoast-seo-wordpress\/ -->\n<title>Paadimootor TOHATSU 6HJ - garantii 5a. NORDLINEBOATS<\/title>\n<meta name=\"description\" content=\"Paadimootor Tohatsu on \u00fche silindriline, k\u00e4sijuhtimisega 25kg kaaluv p\u00e4ramootor. V\u00f5imalik valida sisemise v\u00f5i v\u00e4lise k\u00fctusepaagiga.\" \/>\n<meta name=\"robots\" content=\"index, follow, max-snippet:-1, max-image-preview:large, max-video-preview:-1\" \/>\n<link rel=\"canonical\" href=\"https:\/\/nordlinepaadid.ee\/et\/pood\/tohatsu-paadimootorid\/paadimootor-tohatsu-mfs-6-dwss\/\" \/>\n<meta property=\"og:locale\" content=\"et_EE\" \/>\n<meta property=\"og:type\" content=\"article\" \/>\n<meta property=\"og:title\" content=\"Paadimootor TOHATSU 6HJ - garantii 5a. NORDLINEBOATS\" \/>\n<meta property=\"og:description\" content=\"Paadimootor Tohatsu on \u00fche silindriline, k\u00e4sijuhtimisega 25kg kaaluv p\u00e4ramootor. V\u00f5imalik valida sisemise v\u00f5i v\u00e4lise k\u00fctusepaagiga.\" \/>\n<meta property=\"og:url\" content=\"https:\/\/nordlinepaadid.ee\/et\/pood\/tohatsu-paadimootorid\/paadimootor-tohatsu-mfs-6-dwss\/\" \/>\n<meta property=\"og:site_name\" content=\"NORDLINE s\u00f5udepaadid ja mootorpaadid. Klaasfiiber materjalist.\" \/>\n<meta property=\"article:publisher\" content=\"https:\/\/www.facebook.com\/nordlineboats\" \/>\n<meta property=\"article:modified_time\" content=\"2026-04-19T11:01:30+00:00\" \/>\n<meta property=\"og:image\" content=\"https:\/\/nordlinepaadid.ee\/wp-content\/uploads\/2021\/01\/Paadimootor-Tohatsu-6HJ.jpg\" \/>\n\t<meta property=\"og:image:width\" content=\"600\" \/>\n\t<meta property=\"og:image:height\" content=\"600\" \/>\n\t<meta property=\"og:image:type\" content=\"image\/jpeg\" \/>\n<meta name=\"twitter:card\" content=\"summary_large_image\" \/>\n<meta name=\"twitter:label1\" content=\"Est. reading time\" \/>\n\t<meta name=\"twitter:data1\" content=\"3 minutit\" \/>\n<script type=\"application\/ld+json\" class=\"yoast-schema-graph\">{\"@context\":\"https:\\\/\\\/schema.org\",\"@graph\":[{\"@type\":\"WebPage\",\"@id\":\"https:\\\/\\\/nordlinepaadid.ee\\\/et\\\/pood\\\/tohatsu-paadimootorid\\\/paadimootor-tohatsu-mfs-6-dwss\\\/\",\"url\":\"https:\\\/\\\/nordlinepaadid.ee\\\/et\\\/pood\\\/tohatsu-paadimootorid\\\/paadimootor-tohatsu-mfs-6-dwss\\\/\",\"name\":\"Paadimootor TOHATSU 6HJ - garantii 5a. NORDLINEBOATS\",\"isPartOf\":{\"@id\":\"https:\\\/\\\/nordlinepaadid.ee\\\/et\\\/#website\"},\"primaryImageOfPage\":{\"@id\":\"https:\\\/\\\/nordlinepaadid.ee\\\/et\\\/pood\\\/tohatsu-paadimootorid\\\/paadimootor-tohatsu-mfs-6-dwss\\\/#primaryimage\"},\"image\":{\"@id\":\"https:\\\/\\\/nordlinepaadid.ee\\\/et\\\/pood\\\/tohatsu-paadimootorid\\\/paadimootor-tohatsu-mfs-6-dwss\\\/#primaryimage\"},\"thumbnailUrl\":\"https:\\\/\\\/nordlinepaadid.ee\\\/wp-content\\\/uploads\\\/2021\\\/01\\\/Paadimootor-Tohatsu-6HJ.jpg\",\"datePublished\":\"2023-01-05T10:12:35+00:00\",\"dateModified\":\"2026-04-19T11:01:30+00:00\",\"description\":\"Paadimootor Tohatsu on \u00fche silindriline, k\u00e4sijuhtimisega 25kg kaaluv p\u00e4ramootor. V\u00f5imalik valida sisemise v\u00f5i v\u00e4lise k\u00fctusepaagiga.\",\"breadcrumb\":{\"@id\":\"https:\\\/\\\/nordlinepaadid.ee\\\/et\\\/pood\\\/tohatsu-paadimootorid\\\/paadimootor-tohatsu-mfs-6-dwss\\\/#breadcrumb\"},\"inLanguage\":\"et\",\"potentialAction\":[{\"@type\":\"ReadAction\",\"target\":[\"https:\\\/\\\/nordlinepaadid.ee\\\/et\\\/pood\\\/tohatsu-paadimootorid\\\/paadimootor-tohatsu-mfs-6-dwss\\\/\"]}]},{\"@type\":\"ImageObject\",\"inLanguage\":\"et\",\"@id\":\"https:\\\/\\\/nordlinepaadid.ee\\\/et\\\/pood\\\/tohatsu-paadimootorid\\\/paadimootor-tohatsu-mfs-6-dwss\\\/#primaryimage\",\"url\":\"https:\\\/\\\/nordlinepaadid.ee\\\/wp-content\\\/uploads\\\/2021\\\/01\\\/Paadimootor-Tohatsu-6HJ.jpg\",\"contentUrl\":\"https:\\\/\\\/nordlinepaadid.ee\\\/wp-content\\\/uploads\\\/2021\\\/01\\\/Paadimootor-Tohatsu-6HJ.jpg\",\"width\":600,\"height\":600,\"caption\":\"Paadimootor Tohatsu 6HJ\"},{\"@type\":\"BreadcrumbList\",\"@id\":\"https:\\\/\\\/nordlinepaadid.ee\\\/et\\\/pood\\\/tohatsu-paadimootorid\\\/paadimootor-tohatsu-mfs-6-dwss\\\/#breadcrumb\",\"itemListElement\":[{\"@type\":\"ListItem\",\"position\":1,\"name\":\"Home\",\"item\":\"https:\\\/\\\/nordlinepaadid.ee\\\/et\\\/\"},{\"@type\":\"ListItem\",\"position\":2,\"name\":\"Pood\",\"item\":\"https:\\\/\\\/nordlinepaadid.ee\\\/et\\\/pood\\\/\"},{\"@type\":\"ListItem\",\"position\":3,\"name\":\"Paadimootor Tohatsu MFS 6 DWSS\"}]},{\"@type\":\"WebSite\",\"@id\":\"https:\\\/\\\/nordlinepaadid.ee\\\/et\\\/#website\",\"url\":\"https:\\\/\\\/nordlinepaadid.ee\\\/et\\\/\",\"name\":\"NORDLINE s\u00f5udepaadid ja mootorpaadid. Klaasfiiber materjalist.\",\"description\":\"\",\"publisher\":{\"@id\":\"https:\\\/\\\/nordlinepaadid.ee\\\/et\\\/#organization\"},\"potentialAction\":[{\"@type\":\"SearchAction\",\"target\":{\"@type\":\"EntryPoint\",\"urlTemplate\":\"https:\\\/\\\/nordlinepaadid.ee\\\/et\\\/?s={search_term_string}\"},\"query-input\":{\"@type\":\"PropertyValueSpecification\",\"valueRequired\":true,\"valueName\":\"search_term_string\"}}],\"inLanguage\":\"et\"},{\"@type\":\"Organization\",\"@id\":\"https:\\\/\\\/nordlinepaadid.ee\\\/et\\\/#organization\",\"name\":\"Nordlineboats\",\"url\":\"https:\\\/\\\/nordlinepaadid.ee\\\/et\\\/\",\"logo\":{\"@type\":\"ImageObject\",\"inLanguage\":\"et\",\"@id\":\"https:\\\/\\\/nordlinepaadid.ee\\\/et\\\/#\\\/schema\\\/logo\\\/image\\\/\",\"url\":\"https:\\\/\\\/nordlinepaadid.ee\\\/wp-content\\\/uploads\\\/2023\\\/01\\\/fulllogo_transparent_nobuffer-e1672750475494.png\",\"contentUrl\":\"https:\\\/\\\/nordlinepaadid.ee\\\/wp-content\\\/uploads\\\/2023\\\/01\\\/fulllogo_transparent_nobuffer-e1672750475494.png\",\"width\":150,\"height\":119,\"caption\":\"Nordlineboats\"},\"image\":{\"@id\":\"https:\\\/\\\/nordlinepaadid.ee\\\/et\\\/#\\\/schema\\\/logo\\\/image\\\/\"},\"sameAs\":[\"https:\\\/\\\/www.facebook.com\\\/nordlineboats\",\"https:\\\/\\\/www.youtube.com\\\/channel\\\/UCbgF0fy02y3QkFnujaLTaCA\"]}]}<\/script>\n<!-- \/ Yoast SEO plugin. -->","yoast_head_json":{"title":"Paadimootor TOHATSU 6HJ - garantii 5a. NORDLINEBOATS","description":"Paadimootor Tohatsu on \u00fche silindriline, k\u00e4sijuhtimisega 25kg kaaluv p\u00e4ramootor. V\u00f5imalik valida sisemise v\u00f5i v\u00e4lise k\u00fctusepaagiga.","robots":{"index":"index","follow":"follow","max-snippet":"max-snippet:-1","max-image-preview":"max-image-preview:large","max-video-preview":"max-video-preview:-1"},"canonical":"https:\/\/nordlinepaadid.ee\/et\/pood\/tohatsu-paadimootorid\/paadimootor-tohatsu-mfs-6-dwss\/","og_locale":"et_EE","og_type":"article","og_title":"Paadimootor TOHATSU 6HJ - garantii 5a. NORDLINEBOATS","og_description":"Paadimootor Tohatsu on \u00fche silindriline, k\u00e4sijuhtimisega 25kg kaaluv p\u00e4ramootor. V\u00f5imalik valida sisemise v\u00f5i v\u00e4lise k\u00fctusepaagiga.","og_url":"https:\/\/nordlinepaadid.ee\/et\/pood\/tohatsu-paadimootorid\/paadimootor-tohatsu-mfs-6-dwss\/","og_site_name":"NORDLINE s\u00f5udepaadid ja mootorpaadid. Klaasfiiber materjalist.","article_publisher":"https:\/\/www.facebook.com\/nordlineboats","article_modified_time":"2026-04-19T11:01:30+00:00","og_image":[{"width":600,"height":600,"url":"https:\/\/nordlinepaadid.ee\/wp-content\/uploads\/2021\/01\/Paadimootor-Tohatsu-6HJ.jpg","type":"image\/jpeg"}],"twitter_card":"summary_large_image","twitter_misc":{"Est. reading time":"3 minutit"},"schema":{"@context":"https:\/\/schema.org","@graph":[{"@type":"WebPage","@id":"https:\/\/nordlinepaadid.ee\/et\/pood\/tohatsu-paadimootorid\/paadimootor-tohatsu-mfs-6-dwss\/","url":"https:\/\/nordlinepaadid.ee\/et\/pood\/tohatsu-paadimootorid\/paadimootor-tohatsu-mfs-6-dwss\/","name":"Paadimootor TOHATSU 6HJ - garantii 5a. NORDLINEBOATS","isPartOf":{"@id":"https:\/\/nordlinepaadid.ee\/et\/#website"},"primaryImageOfPage":{"@id":"https:\/\/nordlinepaadid.ee\/et\/pood\/tohatsu-paadimootorid\/paadimootor-tohatsu-mfs-6-dwss\/#primaryimage"},"image":{"@id":"https:\/\/nordlinepaadid.ee\/et\/pood\/tohatsu-paadimootorid\/paadimootor-tohatsu-mfs-6-dwss\/#primaryimage"},"thumbnailUrl":"https:\/\/nordlinepaadid.ee\/wp-content\/uploads\/2021\/01\/Paadimootor-Tohatsu-6HJ.jpg","datePublished":"2023-01-05T10:12:35+00:00","dateModified":"2026-04-19T11:01:30+00:00","description":"Paadimootor Tohatsu on \u00fche silindriline, k\u00e4sijuhtimisega 25kg kaaluv p\u00e4ramootor. V\u00f5imalik valida sisemise v\u00f5i v\u00e4lise k\u00fctusepaagiga.","breadcrumb":{"@id":"https:\/\/nordlinepaadid.ee\/et\/pood\/tohatsu-paadimootorid\/paadimootor-tohatsu-mfs-6-dwss\/#breadcrumb"},"inLanguage":"et","potentialAction":[{"@type":"ReadAction","target":["https:\/\/nordlinepaadid.ee\/et\/pood\/tohatsu-paadimootorid\/paadimootor-tohatsu-mfs-6-dwss\/"]}]},{"@type":"ImageObject","inLanguage":"et","@id":"https:\/\/nordlinepaadid.ee\/et\/pood\/tohatsu-paadimootorid\/paadimootor-tohatsu-mfs-6-dwss\/#primaryimage","url":"https:\/\/nordlinepaadid.ee\/wp-content\/uploads\/2021\/01\/Paadimootor-Tohatsu-6HJ.jpg","contentUrl":"https:\/\/nordlinepaadid.ee\/wp-content\/uploads\/2021\/01\/Paadimootor-Tohatsu-6HJ.jpg","width":600,"height":600,"caption":"Paadimootor Tohatsu 6HJ"},{"@type":"BreadcrumbList","@id":"https:\/\/nordlinepaadid.ee\/et\/pood\/tohatsu-paadimootorid\/paadimootor-tohatsu-mfs-6-dwss\/#breadcrumb","itemListElement":[{"@type":"ListItem","position":1,"name":"Home","item":"https:\/\/nordlinepaadid.ee\/et\/"},{"@type":"ListItem","position":2,"name":"Pood","item":"https:\/\/nordlinepaadid.ee\/et\/pood\/"},{"@type":"ListItem","position":3,"name":"Paadimootor Tohatsu MFS 6 DWSS"}]},{"@type":"WebSite","@id":"https:\/\/nordlinepaadid.ee\/et\/#website","url":"https:\/\/nordlinepaadid.ee\/et\/","name":"NORDLINE s\u00f5udepaadid ja mootorpaadid. Klaasfiiber materjalist.","description":"","publisher":{"@id":"https:\/\/nordlinepaadid.ee\/et\/#organization"},"potentialAction":[{"@type":"SearchAction","target":{"@type":"EntryPoint","urlTemplate":"https:\/\/nordlinepaadid.ee\/et\/?s={search_term_string}"},"query-input":{"@type":"PropertyValueSpecification","valueRequired":true,"valueName":"search_term_string"}}],"inLanguage":"et"},{"@type":"Organization","@id":"https:\/\/nordlinepaadid.ee\/et\/#organization","name":"Nordlineboats","url":"https:\/\/nordlinepaadid.ee\/et\/","logo":{"@type":"ImageObject","inLanguage":"et","@id":"https:\/\/nordlinepaadid.ee\/et\/#\/schema\/logo\/image\/","url":"https:\/\/nordlinepaadid.ee\/wp-content\/uploads\/2023\/01\/fulllogo_transparent_nobuffer-e1672750475494.png","contentUrl":"https:\/\/nordlinepaadid.ee\/wp-content\/uploads\/2023\/01\/fulllogo_transparent_nobuffer-e1672750475494.png","width":150,"height":119,"caption":"Nordlineboats"},"image":{"@id":"https:\/\/nordlinepaadid.ee\/et\/#\/schema\/logo\/image\/"},"sameAs":["https:\/\/www.facebook.com\/nordlineboats","https:\/\/www.youtube.com\/channel\/UCbgF0fy02y3QkFnujaLTaCA"]}]}},"taxonomy_info":{"product_cat":[{"value":155,"label":"TOHATSU PAADIMOOTORID"}]},"featured_image_src_large":["https:\/\/nordlinepaadid.ee\/wp-content\/uploads\/2021\/01\/Paadimootor-Tohatsu-6HJ.jpg",600,600,false],"author_info":[],"comment_info":"","_links":{"self":[{"href":"https:\/\/nordlinepaadid.ee\/et\/wp-json\/wp\/v2\/product\/6742","targetHints":{"allow":["GET"]}}],"collection":[{"href":"https:\/\/nordlinepaadid.ee\/et\/wp-json\/wp\/v2\/product"}],"about":[{"href":"https:\/\/nordlinepaadid.ee\/et\/wp-json\/wp\/v2\/types\/product"}],"wp:featuredmedia":[{"embeddable":true,"href":"https:\/\/nordlinepaadid.ee\/et\/wp-json\/wp\/v2\/media\/4158"}],"wp:attachment":[{"href":"https:\/\/nordlinepaadid.ee\/et\/wp-json\/wp\/v2\/media?parent=6742"}],"wp:term":[{"taxonomy":"product_brand","embeddable":true,"href":"https:\/\/nordlinepaadid.ee\/et\/wp-json\/wp\/v2\/product_brand?post=6742"},{"taxonomy":"product_cat","embeddable":true,"href":"https:\/\/nordlinepaadid.ee\/et\/wp-json\/wp\/v2\/product_cat?post=6742"},{"taxonomy":"product_tag","embeddable":true,"href":"https:\/\/nordlinepaadid.ee\/et\/wp-json\/wp\/v2\/product_tag?post=6742"}],"curies":[{"name":"wp","href":"https:\/\/api.w.org\/{rel}","templated":true}]}}