{"id":6830,"date":"2023-01-06T13:43:59","date_gmt":"2023-01-06T11:43:59","guid":{"rendered":"https:\/\/nordlinepaadid.ee\/?post_type=product&#038;p=6830"},"modified":"2026-04-18T16:01:01","modified_gmt":"2026-04-18T13:01:01","slug":"paadimootor-tohatsu-mfs-20-eepl","status":"publish","type":"product","link":"https:\/\/nordlinepaadid.ee\/et\/pood\/tohatsu-paadimootorid\/paadimootor-tohatsu-mfs-20-eepl\/","title":{"rendered":"Paadimootor Tohatsu MFS 20 EEPL"},"content":{"rendered":"<h1>Paadimootor Tohatsu MFS 20 EEPL<\/h1>\n<p>Paadimootor Tohatsu MFS 20hj on oma klassi kergeim. Elektrooniline sissepritse (EFI) on suurep\u00e4rane valik paljudele paadis\u00f5itjatele. Sellel 20 hj rippmootoril on akudeta elektrooniline k\u00fctuse sissepritse, mis tagab erakordse p\u00f6\u00f6rdemomendi ja tippkiiruse. Mootor on v\u00e4ga madala vibratsiooniga.<\/p>\n<p>EFI teine \u200b\u200beelis v\u00f5rreldes Tohatsu eelmiste paadimootoritega on k\u00fctuses\u00e4\u00e4stlikus, mis v\u00f5imaldab teil v\u00e4hema k\u00fctusega j\u00f5uda 50% kaugemale.<\/p>\n<p>Samuti on paljudel mudelitel saadaval funktsioon Power Tilt. Paadimootor Tohatsu 20 hj Power Tilt funktsioon sobib ideaalselt kummipaatidele, kalap\u00fc\u00fcgilaevadele ja pontoonpaatidele.<\/p>\n<table id=\"motors\">\n<tbody>\n<tr>\n<th>Mudel<\/th>\n<th>Ahtripeeglile k\u00f5rgusega<\/th>\n<th>Silindreid<\/th>\n<th>Elektriline start<\/th>\n<th>K\u00e4si- juhtimine<\/th>\n<th>distants- juhtimine<\/th>\n<th>12V laadimine<\/th>\n<th>El. trimm<\/th>\n<th>K\u00fctusepaak<\/th>\n<th>S\u00f5ukruvi<\/th>\n<\/tr>\n<tr>\n<td><a href=\"\/et?p=4176\">MFS20ES<\/a><\/td>\n<td>15&#8243;<\/td>\n<td>2<\/td>\n<td><\/td>\n<td>S<\/td>\n<td><\/td>\n<td><\/td>\n<td><\/td>\n<td>S<\/td>\n<td>S<\/td>\n<\/tr>\n<tr>\n<td>\n<div class=\"page\" title=\"Page 1\">\n<div class=\"layoutArea\">\n<div class=\"column\">\n<p><a href=\"\/et?p=6815\">MFS20EWS valge<\/a><\/p>\n<\/div>\n<\/div>\n<\/div>\n<\/td>\n<td>15&#8243;<\/td>\n<td>2<\/td>\n<td><\/td>\n<td>S<\/td>\n<td><\/td>\n<td><\/td>\n<td><\/td>\n<td>S<\/td>\n<td>S<\/td>\n<\/tr>\n<tr>\n<td>\n<div class=\"page\" title=\"Page 1\">\n<div class=\"layoutArea\">\n<div class=\"column\">\n<p><a href=\"\/et?p=6818\">MFS20EL<\/a><\/p>\n<\/div>\n<\/div>\n<\/div>\n<\/td>\n<td>20&#8243;<\/td>\n<td>2<\/td>\n<td><\/td>\n<td>S<\/td>\n<td><\/td>\n<td>S<\/td>\n<td><\/td>\n<td>S<\/td>\n<td>S<\/td>\n<\/tr>\n<tr>\n<td>\n<div class=\"page\" title=\"Page 1\">\n<div class=\"layoutArea\">\n<div class=\"column\">\n<p><a href=\"\/et?p=6821\">MFS20EEFS<\/a><\/p>\n<\/div>\n<\/div>\n<\/div>\n<\/td>\n<td>15&#8243;<\/td>\n<td>2<\/td>\n<td>S<\/td>\n<td>S<\/td>\n<td><\/td>\n<td>S<\/td>\n<td><\/td>\n<td>S<\/td>\n<td>S<\/td>\n<\/tr>\n<tr>\n<td>\n<div class=\"page\" title=\"Page 1\">\n<div class=\"layoutArea\">\n<div class=\"column\">\n<p><a href=\"\/et?p=6824\">MFS20EEFL<\/a><\/p>\n<\/div>\n<\/div>\n<\/div>\n<\/td>\n<td>20&#8243;<\/td>\n<td>2<\/td>\n<td>S<\/td>\n<td>S<\/td>\n<td><\/td>\n<td>S<\/td>\n<td><\/td>\n<td>S<\/td>\n<td>S<\/td>\n<\/tr>\n<tr>\n<td>\n<div class=\"page\" title=\"Page 1\">\n<div class=\"layoutArea\">\n<div class=\"column\">\n<p><a href=\"\/et?p=6827\">MFS20EEPS<\/a><\/p>\n<\/div>\n<\/div>\n<\/div>\n<\/td>\n<td>15&#8243;<\/td>\n<td>2<\/td>\n<td>S<\/td>\n<td><\/td>\n<td>S<\/td>\n<td>S<\/td>\n<td><\/td>\n<td>S<\/td>\n<td>S<\/td>\n<\/tr>\n<tr>\n<td>\n<div class=\"page\" title=\"Page 1\">\n<div class=\"layoutArea\">\n<div class=\"column\">\n<p><strong><a href=\"\/et?p=6830\">MFS20EEPL<\/a><\/strong><\/p>\n<\/div>\n<\/div>\n<\/div>\n<\/td>\n<td><strong>20&#8243;<\/strong><\/td>\n<td><strong>2<\/strong><\/td>\n<td><strong>S<\/strong><\/td>\n<td><\/td>\n<td><strong>S<\/strong><\/td>\n<td><strong>S<\/strong><\/td>\n<td><\/td>\n<td><strong>S<\/strong><\/td>\n<td><strong>S<\/strong><\/td>\n<\/tr>\n<tr>\n<td>\n<div class=\"page\" title=\"Page 1\">\n<div class=\"layoutArea\">\n<div class=\"column\">\n<p><a href=\"\/et?p=6833\">MFS20EEFTS<\/a><\/p>\n<\/div>\n<\/div>\n<\/div>\n<\/td>\n<td>15&#8243;<\/td>\n<td>2<\/td>\n<td>S<\/td>\n<td>S<\/td>\n<td><\/td>\n<td>S<\/td>\n<td>S<\/td>\n<td>S<\/td>\n<td>S<\/td>\n<\/tr>\n<tr>\n<td>\n<div class=\"page\" title=\"Page 1\">\n<div class=\"layoutArea\">\n<div class=\"column\">\n<p><a href=\"\/et?p=6837\">MFS20EEFTL<\/a><\/p>\n<\/div>\n<\/div>\n<\/div>\n<\/td>\n<td>20&#8243;<\/td>\n<td>2<\/td>\n<td>S<\/td>\n<td>S<\/td>\n<td><\/td>\n<td>S<\/td>\n<td>S<\/td>\n<td>S<\/td>\n<td>S<\/td>\n<\/tr>\n<tr>\n<td>\n<div class=\"page\" title=\"Page 1\">\n<div class=\"layoutArea\">\n<div class=\"column\"><a href=\"\/et?p=6840\">MFS20EEPTS<\/a><\/div>\n<\/div>\n<\/div>\n<\/td>\n<td>15&#8243;<\/td>\n<td>2<\/td>\n<td>S<\/td>\n<td><\/td>\n<td>S<\/td>\n<td>S<\/td>\n<td>S<\/td>\n<td>S<\/td>\n<td>S<\/td>\n<\/tr>\n<tr>\n<td>\n<div class=\"page\" title=\"Page 1\">\n<div class=\"layoutArea\">\n<div class=\"column\">\n<div class=\"page\" title=\"Page 1\">\n<div class=\"layoutArea\">\n<div class=\"column\">\n<p><a href=\"\/et?p=6843\">MFS20EEPTL<\/a><\/p>\n<\/div>\n<\/div>\n<\/div>\n<\/div>\n<\/div>\n<\/div>\n<\/td>\n<td>20&#8243;<\/td>\n<td>2<\/td>\n<td>S<\/td>\n<td><\/td>\n<td>S<\/td>\n<td>S<\/td>\n<td>S<\/td>\n<td>S<\/td>\n<td>S<\/td>\n<\/tr>\n<tr>\n<td>\n<div class=\"page\" title=\"Page 1\">\n<div class=\"layoutArea\">\n<div class=\"column\">\n<div class=\"page\" title=\"Page 1\">\n<div class=\"layoutArea\">\n<div class=\"column\">\n<p><a href=\"\/et?p=6846\">MFS20EWEPTL valge<\/a><\/p>\n<\/div>\n<\/div>\n<\/div>\n<\/div>\n<\/div>\n<\/div>\n<\/td>\n<td>20&#8243;<\/td>\n<td>2<\/td>\n<td>S<\/td>\n<td><\/td>\n<td>S<\/td>\n<td>S<\/td>\n<td>S<\/td>\n<td>S<\/td>\n<td>S<\/td>\n<\/tr>\n<\/tbody>\n<\/table>\n<h2>Paadimootor Tohatsu 20HJ tehnilised andmed<\/h2>\n<table id=\"motors\">\n<tbody>\n<tr>\n<td>Tooteinfo:<\/td>\n<td>TOHATSU MFS 20 EEPL<\/td>\n<\/tr>\n<tr>\n<td>Silindrite arv<\/td>\n<td>2<\/td>\n<\/tr>\n<tr>\n<td>V\u014dimsus:<\/td>\n<td>20 hj (14,7kW)<\/td>\n<\/tr>\n<tr>\n<td>Kubatuur:<\/td>\n<td>333 cm3<\/td>\n<\/tr>\n<tr>\n<td>S\u00f5ukruvi vahemik<\/td>\n<td>6&#8243; &#8211; 11,5&#8243;<\/td>\n<\/tr>\n<tr>\n<td>K\u00fctus<\/td>\n<td>Pliivaba, min. 95 okt<\/td>\n<\/tr>\n<tr>\n<td>\u00d5li<\/td>\n<td>Sertifitseeritud 4-taktiline \u00f5li SAE 10W-30\/40 (SF, SG, SH, SJ)<\/td>\n<\/tr>\n<tr>\n<td>\u00d5li kogus<\/td>\n<td>1L<\/td>\n<\/tr>\n<tr>\n<td>K\u00fctuse paak<\/td>\n<td>12L<\/td>\n<\/tr>\n<tr>\n<td>Kaal<\/td>\n<td>43kg<\/td>\n<\/tr>\n<tr>\n<td>Max p\u00f6\u00f6rete vahemik<\/td>\n<td>5400 &#8211; 6100<\/td>\n<\/tr>\n<tr>\n<td>K\u00fctuses\u00fcsteem<\/td>\n<td>Electronic Fuel Injection<\/td>\n<\/tr>\n<tr>\n<td>Garantii:<\/td>\n<td>5 aastat<\/td>\n<\/tr>\n<\/tbody>\n<\/table>\n<p>&nbsp;<\/p>\n<h1>Paadimootor Tohatsu 20HJ p\u00f5hiomadused<\/h1>\n<div class=\"block-cmn-002 u-inview u-inview--show\">\n<ul class=\"list-cmn\">\n<li class=\"list-cmn__item\">Digitaalne elektrooniline juhtseade (ECU) on m\u00f5eldud p\u00e4ramootori viivitamatuks k\u00e4ivitamiseks k\u00f5ikides tingimustes, tagades kiirema ning sujuvama gaasireaktsiooni. See on eriti abiks trollimisel.<\/li>\n<li class=\"list-cmn__item\">P\u00e4ramootorit on kergem madalavee asendisse t\u00f5sta.<\/li>\n<li class=\"list-cmn__item\">Multifunktsionaalne juhtkang sisaldab: peatamisl\u00fcliti, k\u00e4iguvahetust, h\u00f5\u00f5rde reguleerimiskruvi ja toitel\u00fclitit (PTS: mootoritel kallutamine).<\/li>\n<li class=\"list-cmn__item\">Saadaval on distantsjuhtimisega mudelid.<\/li>\n<li class=\"list-cmn__item\">Kivikaitse asend mootoril.<\/li>\n<li class=\"list-cmn__item\">90-kraadine p\u00f6\u00f6rderaadius.<\/li>\n<li class=\"list-cmn__item\">Reguleeritav mootori keeramise j\u00e4ikus.<\/li>\n<\/ul>\n<\/div>\n<div class=\"block-cmn-002 u-inview u-inview--show\">\n<h3 class=\"ttl-cmn-02 type-normal\"><span class=\"ttl-cmn-02__main\">Kasutajamugavus ja usaldusv\u00e4\u00e4rsus<\/span><\/h3>\n<ul class=\"list-cmn\">\n<li class=\"list-cmn__item\">Termostaadiga juhitav jahutuss\u00fcsteem tagab mootori p\u00fcsivama temperatuuri.<\/li>\n<li class=\"list-cmn__item\">Suurep\u00e4rase vastupidavusega roostevabast terasest veepumba korpus.<\/li>\n<li class=\"list-cmn__item\">Kvaliteetsest merekindlasti alumiiniumisulamist korpus kaitseb korrosiooni eest.<\/li>\n<li class=\"list-cmn__item\">Sisemine veekanalite tsinkkate tagab korrosioonikindluse.<\/li>\n<li class=\"list-cmn__item\">12 liitrine k\u00fctusepaak, k\u00fctusevoolik, m\u00f5\u00f5dukiga k\u00fctusepaak.<\/li>\n<li class=\"list-cmn__item\">Alumiiniumist s\u00f5ukruvi.<\/li>\n<\/ul>\n<\/div>\n<div class=\"block-cmn-002 u-inview u-inview--show\">\n<h3 class=\"ttl-cmn-02 type-normal\"><span class=\"ttl-cmn-02__main\">Hoiatus ja kaitse<\/span><\/h3>\n<ul class=\"list-cmn\">\n<li class=\"list-cmn__item\">Madala \u00f5lir\u00f5hu hoiatus (visuaalne ja kuuldav **)<\/li>\n<li class=\"list-cmn__item\">Suretuse turvatross (standard k\u00f5igil Tohatsu p\u00e4ramootoritel)<\/li>\n<li class=\"list-cmn__item\">K\u00e4igukasti kaitse, mootori turvalisemaks k\u00e4ivitamiseks<\/li>\n<li class=\"list-cmn__item\">P\u00f6\u00f6rete piiraja<\/li>\n<\/ul>\n<div class=\"list-caption\">\n<div class=\"list-caption__item\"><span class=\"list-caption__detail\"><span class=\"list-caption__detail\">* Teatud mudelid<br \/>\n** Kaugjuhtimispuldi mudelitel<\/span><\/span><\/div>\n<\/div>\n<\/div>\n<p>Paadimootor Tohatsu 20HJ kohta loe t\u00e4psemalt <a href=\"https:\/\/www.tohatsu.com\/marine\/na\/outboards\/20_4st.html\" target=\"_blank\" rel=\"noopener\">www.tohatsu.com<\/a><br \/>\nP\u00e4ritolumaa : Jaapan.<\/p>\n<h2>Transport<\/h2>\n<p>Toimetame mootori sulle sobival ajal sinu soovitud kohta. Transpordi saate valida, kui vormistate ostu ostukorvis.<\/p>\n<h3>Paigaldus<\/h3>\n<p>V\u00e4iksemad mootorid ei vaja paigalduseks eraldi spetsialisti. Kaugjuhtimisega mootorite puhul oleme valmis paigaldama mootori Teie paadile. Vaata selle teenuse kohta t\u00e4psemalt <a href=\"\/et?page_id=3975\" target=\"_blank\" rel=\"noopener\">&#8220;mootori paigaldus&#8221;<\/a>.<\/p>\n<p><strong>Helista 50 55 152 v\u00f5i kirjuta meile. Pakume sulle parimaid mootoreid, parimate hindadega.<\/strong><\/p>\n<div class=\"pooleks\">\n<h3>V\u00f5ta \u00fchendust<\/h3>\n\n<div class=\"wpcf7 no-js\" id=\"wpcf7-f3217-o1\" lang=\"et\" dir=\"ltr\" data-wpcf7-id=\"3217\">\n<div class=\"screen-reader-response\"><p role=\"status\" aria-live=\"polite\" aria-atomic=\"true\"><\/p> <ul><\/ul><\/div>\n<form action=\"\/et\/wp-json\/wp\/v2\/product\/6830#wpcf7-f3217-o1\" method=\"post\" class=\"wpcf7-form init\" aria-label=\"Contact form\" novalidate=\"novalidate\" data-status=\"init\">\n<fieldset class=\"hidden-fields-container\"><input type=\"hidden\" name=\"_wpcf7\" value=\"3217\" \/><input type=\"hidden\" name=\"_wpcf7_version\" value=\"6.1.5\" \/><input type=\"hidden\" name=\"_wpcf7_locale\" value=\"et\" \/><input type=\"hidden\" name=\"_wpcf7_unit_tag\" value=\"wpcf7-f3217-o1\" \/><input type=\"hidden\" name=\"_wpcf7_container_post\" value=\"0\" \/><input type=\"hidden\" name=\"_wpcf7_posted_data_hash\" value=\"\" \/>\n<\/fieldset>\n<p><label> Nimi (n\u00f5utav)<br \/>\n<span class=\"wpcf7-form-control-wrap\" data-name=\"your-name\"><input size=\"40\" maxlength=\"400\" class=\"wpcf7-form-control wpcf7-text wpcf7-validates-as-required\" aria-required=\"true\" aria-invalid=\"false\" value=\"\" type=\"text\" name=\"your-name\" \/><\/span> <\/label><br \/>\n<label> Email (n\u00f5utav)<br \/>\n<span class=\"wpcf7-form-control-wrap\" data-name=\"your-email\"><input size=\"40\" maxlength=\"400\" class=\"wpcf7-form-control wpcf7-email wpcf7-validates-as-required wpcf7-text wpcf7-validates-as-email\" aria-required=\"true\" aria-invalid=\"false\" value=\"\" type=\"email\" name=\"your-email\" \/><\/span> <\/label><br \/>\n<label> Telefon<br \/>\n<span class=\"wpcf7-form-control-wrap\" data-name=\"Telefon\"><input size=\"40\" maxlength=\"400\" class=\"wpcf7-form-control wpcf7-tel wpcf7-text wpcf7-validates-as-tel\" aria-invalid=\"false\" value=\"\" type=\"tel\" name=\"Telefon\" \/><\/span><\/label><br \/>\n<label> Teade<br \/>\n<span class=\"wpcf7-form-control-wrap\" data-name=\"your-message\"><textarea cols=\"40\" rows=\"10\" maxlength=\"2000\" class=\"wpcf7-form-control wpcf7-textarea\" aria-invalid=\"false\" name=\"your-message\"><\/textarea><\/span> <\/label>\n<\/p>\n<p><input class=\"wpcf7-form-control wpcf7-submit has-spinner\" type=\"submit\" value=\"Saada\" \/>\n<\/p><div class=\"wpcf7-response-output\" aria-hidden=\"true\"><\/div>\n<\/form>\n<\/div>\n\n<\/div>\n<div class=\"pooleks\">\n<p>&nbsp;<\/p>\n<\/div>\n","protected":false},"excerpt":{"rendered":"<p>Kergeim omaklassi mootor. EFI elektrooniline sissepritse annab v\u00e4ga hea\u00a0k\u00fctuses\u00e4\u00e4stlikuse. V\u00f5imaldab v\u00e4hema k\u00fctusega j\u00f5uda 50% kaugemale. Garantii 5 aastat.<\/p>\n","protected":false},"featured_media":4177,"template":"","meta":{"_kad_blocks_custom_css":"","_kad_blocks_head_custom_js":"","_kad_blocks_body_custom_js":"","_kad_blocks_footer_custom_js":"","_kad_post_transparent":"default","_kad_post_title":"","_kad_post_layout":"default","_kad_post_sidebar_id":"","_kad_post_content_style":"default","_kad_post_vertical_padding":"default","_kad_post_feature":"","_kad_post_feature_position":"","_kad_post_header":false,"_kad_post_footer":false,"_kad_post_classname":""},"product_brand":[],"product_cat":[155],"product_tag":[],"class_list":{"0":"post-6830","1":"product","2":"type-product","3":"status-publish","4":"has-post-thumbnail","6":"product_cat-tohatsu-paadimootorid","7":"product_shipping_class-euroalusele-mahtuv-kaup","8":"tm-no-options","10":"first","11":"onbackorder","12":"taxable","13":"shipping-taxable","14":"purchasable","15":"product-type-simple","16":"entry","17":"content-bg","18":"loop-entry"},"yoast_head":"<!-- This site is optimized with the Yoast SEO plugin v27.3 - https:\/\/yoast.com\/product\/yoast-seo-wordpress\/ -->\n<title>Paadimootor TOHATSU 20HJ - garantii 5a - NORDLINEBOATS<\/title>\n<meta name=\"description\" content=\"Tohatsu MFS 20hj on oma klassi kergeim elektroonilise sissepritsega paadimootor. Sellel 20 hj p\u00e4ramootoril on akudeta elektrooniline sissepritse.\" \/>\n<meta name=\"robots\" content=\"index, follow, max-snippet:-1, max-image-preview:large, max-video-preview:-1\" \/>\n<link rel=\"canonical\" href=\"https:\/\/nordlinepaadid.ee\/et\/pood\/tohatsu-paadimootorid\/paadimootor-tohatsu-mfs-20-eepl\/\" \/>\n<meta property=\"og:locale\" content=\"et_EE\" \/>\n<meta property=\"og:type\" content=\"article\" \/>\n<meta property=\"og:title\" content=\"Paadimootor TOHATSU 20HJ - garantii 5a - NORDLINEBOATS\" \/>\n<meta property=\"og:description\" content=\"Tohatsu MFS 20hj on oma klassi kergeim elektroonilise sissepritsega paadimootor. Sellel 20 hj p\u00e4ramootoril on akudeta elektrooniline sissepritse.\" \/>\n<meta property=\"og:url\" content=\"https:\/\/nordlinepaadid.ee\/et\/pood\/tohatsu-paadimootorid\/paadimootor-tohatsu-mfs-20-eepl\/\" \/>\n<meta property=\"og:site_name\" content=\"NORDLINE s\u00f5udepaadid ja mootorpaadid. Klaasfiiber materjalist.\" \/>\n<meta property=\"article:publisher\" content=\"https:\/\/www.facebook.com\/nordlineboats\" \/>\n<meta property=\"article:modified_time\" content=\"2026-04-18T13:01:01+00:00\" \/>\n<meta property=\"og:image\" content=\"https:\/\/nordlinepaadid.ee\/wp-content\/uploads\/2021\/01\/Paadimootor-Tohatsu-20HJ.jpg\" \/>\n\t<meta property=\"og:image:width\" content=\"600\" \/>\n\t<meta property=\"og:image:height\" content=\"600\" \/>\n\t<meta property=\"og:image:type\" content=\"image\/jpeg\" \/>\n<meta name=\"twitter:card\" content=\"summary_large_image\" \/>\n<meta name=\"twitter:label1\" content=\"Est. reading time\" \/>\n\t<meta name=\"twitter:data1\" content=\"3 minutit\" \/>\n<script type=\"application\/ld+json\" class=\"yoast-schema-graph\">{\"@context\":\"https:\\\/\\\/schema.org\",\"@graph\":[{\"@type\":\"WebPage\",\"@id\":\"https:\\\/\\\/nordlinepaadid.ee\\\/et\\\/pood\\\/tohatsu-paadimootorid\\\/paadimootor-tohatsu-mfs-20-eepl\\\/\",\"url\":\"https:\\\/\\\/nordlinepaadid.ee\\\/et\\\/pood\\\/tohatsu-paadimootorid\\\/paadimootor-tohatsu-mfs-20-eepl\\\/\",\"name\":\"Paadimootor TOHATSU 20HJ - garantii 5a - NORDLINEBOATS\",\"isPartOf\":{\"@id\":\"https:\\\/\\\/nordlinepaadid.ee\\\/et\\\/#website\"},\"primaryImageOfPage\":{\"@id\":\"https:\\\/\\\/nordlinepaadid.ee\\\/et\\\/pood\\\/tohatsu-paadimootorid\\\/paadimootor-tohatsu-mfs-20-eepl\\\/#primaryimage\"},\"image\":{\"@id\":\"https:\\\/\\\/nordlinepaadid.ee\\\/et\\\/pood\\\/tohatsu-paadimootorid\\\/paadimootor-tohatsu-mfs-20-eepl\\\/#primaryimage\"},\"thumbnailUrl\":\"https:\\\/\\\/nordlinepaadid.ee\\\/wp-content\\\/uploads\\\/2021\\\/01\\\/Paadimootor-Tohatsu-20HJ.jpg\",\"datePublished\":\"2023-01-06T11:43:59+00:00\",\"dateModified\":\"2026-04-18T13:01:01+00:00\",\"description\":\"Tohatsu MFS 20hj on oma klassi kergeim elektroonilise sissepritsega paadimootor. Sellel 20 hj p\u00e4ramootoril on akudeta elektrooniline sissepritse.\",\"breadcrumb\":{\"@id\":\"https:\\\/\\\/nordlinepaadid.ee\\\/et\\\/pood\\\/tohatsu-paadimootorid\\\/paadimootor-tohatsu-mfs-20-eepl\\\/#breadcrumb\"},\"inLanguage\":\"et\",\"potentialAction\":[{\"@type\":\"ReadAction\",\"target\":[\"https:\\\/\\\/nordlinepaadid.ee\\\/et\\\/pood\\\/tohatsu-paadimootorid\\\/paadimootor-tohatsu-mfs-20-eepl\\\/\"]}]},{\"@type\":\"ImageObject\",\"inLanguage\":\"et\",\"@id\":\"https:\\\/\\\/nordlinepaadid.ee\\\/et\\\/pood\\\/tohatsu-paadimootorid\\\/paadimootor-tohatsu-mfs-20-eepl\\\/#primaryimage\",\"url\":\"https:\\\/\\\/nordlinepaadid.ee\\\/wp-content\\\/uploads\\\/2021\\\/01\\\/Paadimootor-Tohatsu-20HJ.jpg\",\"contentUrl\":\"https:\\\/\\\/nordlinepaadid.ee\\\/wp-content\\\/uploads\\\/2021\\\/01\\\/Paadimootor-Tohatsu-20HJ.jpg\",\"width\":600,\"height\":600,\"caption\":\"Rippmootor Tohatsu 20HJ\"},{\"@type\":\"BreadcrumbList\",\"@id\":\"https:\\\/\\\/nordlinepaadid.ee\\\/et\\\/pood\\\/tohatsu-paadimootorid\\\/paadimootor-tohatsu-mfs-20-eepl\\\/#breadcrumb\",\"itemListElement\":[{\"@type\":\"ListItem\",\"position\":1,\"name\":\"Home\",\"item\":\"https:\\\/\\\/nordlinepaadid.ee\\\/et\\\/\"},{\"@type\":\"ListItem\",\"position\":2,\"name\":\"Pood\",\"item\":\"https:\\\/\\\/nordlinepaadid.ee\\\/et\\\/pood\\\/\"},{\"@type\":\"ListItem\",\"position\":3,\"name\":\"Paadimootor Tohatsu MFS 20 EEPL\"}]},{\"@type\":\"WebSite\",\"@id\":\"https:\\\/\\\/nordlinepaadid.ee\\\/et\\\/#website\",\"url\":\"https:\\\/\\\/nordlinepaadid.ee\\\/et\\\/\",\"name\":\"NORDLINE s\u00f5udepaadid ja mootorpaadid. Klaasfiiber materjalist.\",\"description\":\"\",\"publisher\":{\"@id\":\"https:\\\/\\\/nordlinepaadid.ee\\\/et\\\/#organization\"},\"potentialAction\":[{\"@type\":\"SearchAction\",\"target\":{\"@type\":\"EntryPoint\",\"urlTemplate\":\"https:\\\/\\\/nordlinepaadid.ee\\\/et\\\/?s={search_term_string}\"},\"query-input\":{\"@type\":\"PropertyValueSpecification\",\"valueRequired\":true,\"valueName\":\"search_term_string\"}}],\"inLanguage\":\"et\"},{\"@type\":\"Organization\",\"@id\":\"https:\\\/\\\/nordlinepaadid.ee\\\/et\\\/#organization\",\"name\":\"Nordlineboats\",\"url\":\"https:\\\/\\\/nordlinepaadid.ee\\\/et\\\/\",\"logo\":{\"@type\":\"ImageObject\",\"inLanguage\":\"et\",\"@id\":\"https:\\\/\\\/nordlinepaadid.ee\\\/et\\\/#\\\/schema\\\/logo\\\/image\\\/\",\"url\":\"https:\\\/\\\/nordlinepaadid.ee\\\/wp-content\\\/uploads\\\/2023\\\/01\\\/fulllogo_transparent_nobuffer-e1672750475494.png\",\"contentUrl\":\"https:\\\/\\\/nordlinepaadid.ee\\\/wp-content\\\/uploads\\\/2023\\\/01\\\/fulllogo_transparent_nobuffer-e1672750475494.png\",\"width\":150,\"height\":119,\"caption\":\"Nordlineboats\"},\"image\":{\"@id\":\"https:\\\/\\\/nordlinepaadid.ee\\\/et\\\/#\\\/schema\\\/logo\\\/image\\\/\"},\"sameAs\":[\"https:\\\/\\\/www.facebook.com\\\/nordlineboats\",\"https:\\\/\\\/www.youtube.com\\\/channel\\\/UCbgF0fy02y3QkFnujaLTaCA\"]}]}<\/script>\n<!-- \/ Yoast SEO plugin. -->","yoast_head_json":{"title":"Paadimootor TOHATSU 20HJ - garantii 5a - NORDLINEBOATS","description":"Tohatsu MFS 20hj on oma klassi kergeim elektroonilise sissepritsega paadimootor. Sellel 20 hj p\u00e4ramootoril on akudeta elektrooniline sissepritse.","robots":{"index":"index","follow":"follow","max-snippet":"max-snippet:-1","max-image-preview":"max-image-preview:large","max-video-preview":"max-video-preview:-1"},"canonical":"https:\/\/nordlinepaadid.ee\/et\/pood\/tohatsu-paadimootorid\/paadimootor-tohatsu-mfs-20-eepl\/","og_locale":"et_EE","og_type":"article","og_title":"Paadimootor TOHATSU 20HJ - garantii 5a - NORDLINEBOATS","og_description":"Tohatsu MFS 20hj on oma klassi kergeim elektroonilise sissepritsega paadimootor. Sellel 20 hj p\u00e4ramootoril on akudeta elektrooniline sissepritse.","og_url":"https:\/\/nordlinepaadid.ee\/et\/pood\/tohatsu-paadimootorid\/paadimootor-tohatsu-mfs-20-eepl\/","og_site_name":"NORDLINE s\u00f5udepaadid ja mootorpaadid. Klaasfiiber materjalist.","article_publisher":"https:\/\/www.facebook.com\/nordlineboats","article_modified_time":"2026-04-18T13:01:01+00:00","og_image":[{"width":600,"height":600,"url":"https:\/\/nordlinepaadid.ee\/wp-content\/uploads\/2021\/01\/Paadimootor-Tohatsu-20HJ.jpg","type":"image\/jpeg"}],"twitter_card":"summary_large_image","twitter_misc":{"Est. reading time":"3 minutit"},"schema":{"@context":"https:\/\/schema.org","@graph":[{"@type":"WebPage","@id":"https:\/\/nordlinepaadid.ee\/et\/pood\/tohatsu-paadimootorid\/paadimootor-tohatsu-mfs-20-eepl\/","url":"https:\/\/nordlinepaadid.ee\/et\/pood\/tohatsu-paadimootorid\/paadimootor-tohatsu-mfs-20-eepl\/","name":"Paadimootor TOHATSU 20HJ - garantii 5a - NORDLINEBOATS","isPartOf":{"@id":"https:\/\/nordlinepaadid.ee\/et\/#website"},"primaryImageOfPage":{"@id":"https:\/\/nordlinepaadid.ee\/et\/pood\/tohatsu-paadimootorid\/paadimootor-tohatsu-mfs-20-eepl\/#primaryimage"},"image":{"@id":"https:\/\/nordlinepaadid.ee\/et\/pood\/tohatsu-paadimootorid\/paadimootor-tohatsu-mfs-20-eepl\/#primaryimage"},"thumbnailUrl":"https:\/\/nordlinepaadid.ee\/wp-content\/uploads\/2021\/01\/Paadimootor-Tohatsu-20HJ.jpg","datePublished":"2023-01-06T11:43:59+00:00","dateModified":"2026-04-18T13:01:01+00:00","description":"Tohatsu MFS 20hj on oma klassi kergeim elektroonilise sissepritsega paadimootor. Sellel 20 hj p\u00e4ramootoril on akudeta elektrooniline sissepritse.","breadcrumb":{"@id":"https:\/\/nordlinepaadid.ee\/et\/pood\/tohatsu-paadimootorid\/paadimootor-tohatsu-mfs-20-eepl\/#breadcrumb"},"inLanguage":"et","potentialAction":[{"@type":"ReadAction","target":["https:\/\/nordlinepaadid.ee\/et\/pood\/tohatsu-paadimootorid\/paadimootor-tohatsu-mfs-20-eepl\/"]}]},{"@type":"ImageObject","inLanguage":"et","@id":"https:\/\/nordlinepaadid.ee\/et\/pood\/tohatsu-paadimootorid\/paadimootor-tohatsu-mfs-20-eepl\/#primaryimage","url":"https:\/\/nordlinepaadid.ee\/wp-content\/uploads\/2021\/01\/Paadimootor-Tohatsu-20HJ.jpg","contentUrl":"https:\/\/nordlinepaadid.ee\/wp-content\/uploads\/2021\/01\/Paadimootor-Tohatsu-20HJ.jpg","width":600,"height":600,"caption":"Rippmootor Tohatsu 20HJ"},{"@type":"BreadcrumbList","@id":"https:\/\/nordlinepaadid.ee\/et\/pood\/tohatsu-paadimootorid\/paadimootor-tohatsu-mfs-20-eepl\/#breadcrumb","itemListElement":[{"@type":"ListItem","position":1,"name":"Home","item":"https:\/\/nordlinepaadid.ee\/et\/"},{"@type":"ListItem","position":2,"name":"Pood","item":"https:\/\/nordlinepaadid.ee\/et\/pood\/"},{"@type":"ListItem","position":3,"name":"Paadimootor Tohatsu MFS 20 EEPL"}]},{"@type":"WebSite","@id":"https:\/\/nordlinepaadid.ee\/et\/#website","url":"https:\/\/nordlinepaadid.ee\/et\/","name":"NORDLINE s\u00f5udepaadid ja mootorpaadid. Klaasfiiber materjalist.","description":"","publisher":{"@id":"https:\/\/nordlinepaadid.ee\/et\/#organization"},"potentialAction":[{"@type":"SearchAction","target":{"@type":"EntryPoint","urlTemplate":"https:\/\/nordlinepaadid.ee\/et\/?s={search_term_string}"},"query-input":{"@type":"PropertyValueSpecification","valueRequired":true,"valueName":"search_term_string"}}],"inLanguage":"et"},{"@type":"Organization","@id":"https:\/\/nordlinepaadid.ee\/et\/#organization","name":"Nordlineboats","url":"https:\/\/nordlinepaadid.ee\/et\/","logo":{"@type":"ImageObject","inLanguage":"et","@id":"https:\/\/nordlinepaadid.ee\/et\/#\/schema\/logo\/image\/","url":"https:\/\/nordlinepaadid.ee\/wp-content\/uploads\/2023\/01\/fulllogo_transparent_nobuffer-e1672750475494.png","contentUrl":"https:\/\/nordlinepaadid.ee\/wp-content\/uploads\/2023\/01\/fulllogo_transparent_nobuffer-e1672750475494.png","width":150,"height":119,"caption":"Nordlineboats"},"image":{"@id":"https:\/\/nordlinepaadid.ee\/et\/#\/schema\/logo\/image\/"},"sameAs":["https:\/\/www.facebook.com\/nordlineboats","https:\/\/www.youtube.com\/channel\/UCbgF0fy02y3QkFnujaLTaCA"]}]}},"taxonomy_info":{"product_cat":[{"value":155,"label":"TOHATSU PAADIMOOTORID"}]},"featured_image_src_large":["https:\/\/nordlinepaadid.ee\/wp-content\/uploads\/2021\/01\/Paadimootor-Tohatsu-20HJ.jpg",600,600,false],"author_info":[],"comment_info":"","_links":{"self":[{"href":"https:\/\/nordlinepaadid.ee\/et\/wp-json\/wp\/v2\/product\/6830","targetHints":{"allow":["GET"]}}],"collection":[{"href":"https:\/\/nordlinepaadid.ee\/et\/wp-json\/wp\/v2\/product"}],"about":[{"href":"https:\/\/nordlinepaadid.ee\/et\/wp-json\/wp\/v2\/types\/product"}],"wp:featuredmedia":[{"embeddable":true,"href":"https:\/\/nordlinepaadid.ee\/et\/wp-json\/wp\/v2\/media\/4177"}],"wp:attachment":[{"href":"https:\/\/nordlinepaadid.ee\/et\/wp-json\/wp\/v2\/media?parent=6830"}],"wp:term":[{"taxonomy":"product_brand","embeddable":true,"href":"https:\/\/nordlinepaadid.ee\/et\/wp-json\/wp\/v2\/product_brand?post=6830"},{"taxonomy":"product_cat","embeddable":true,"href":"https:\/\/nordlinepaadid.ee\/et\/wp-json\/wp\/v2\/product_cat?post=6830"},{"taxonomy":"product_tag","embeddable":true,"href":"https:\/\/nordlinepaadid.ee\/et\/wp-json\/wp\/v2\/product_tag?post=6830"}],"curies":[{"name":"wp","href":"https:\/\/api.w.org\/{rel}","templated":true}]}}