{"id":6913,"date":"2023-01-19T11:32:22","date_gmt":"2023-01-19T09:32:22","guid":{"rendered":"https:\/\/nordlinepaadid.ee\/?post_type=product&#038;p=6913"},"modified":"2026-04-19T16:03:39","modified_gmt":"2026-04-19T13:03:39","slug":"paadimootor-mercury-f5-mlha-sailpower","status":"publish","type":"product","link":"https:\/\/nordlinepaadid.ee\/et\/pood\/mercury-paadimootorid\/paadimootor-mercury-f5-mlha-sailpower\/","title":{"rendered":"Paadimootor Mercury F5 MLHA SAILPOWER"},"content":{"rendered":"<h1>Paadimootor Mercury F5 MLHA SAILPOWER<\/h1>\n<p>Paadimootoril Mercury 5HJ on mitu trimmiasendit j\u00f5udluse suurendamiseks ja madalas vees t\u00f6\u00f6tamiseks. L\u00e4bi s\u00f5ukruvi v\u00e4ljalaske muudab selle eriti vaikseks. Kerge, vaid 25kg. Suurep\u00e4rane koostisega alumiiniumist korpusega.<\/p>\n<table id=\"motors\">\n<tbody>\n<tr>\n<th>Mudel<\/th>\n<th>Mootorijala pikkus<\/th>\n<th>Silindreid<\/th>\n<th>Elektriline start<\/th>\n<th>K\u00e4si- juhtimine<\/th>\n<th>distants- juhtimine<\/th>\n<th>12V laadimine<\/th>\n<th>El. trimm<\/th>\n<th>K\u00fctusepaak<\/th>\n<th>S\u00f5ukruvi<\/th>\n<\/tr>\n<tr>\n<td>\n<div class=\"page\" title=\"Page 1\">\n<div class=\"layoutArea\">\n<div class=\"column\">\n<p><a href=\"\/et?p=6858\">Mercury F5 MH <\/a><\/p>\n<\/div>\n<\/div>\n<\/div>\n<\/td>\n<td>15&#8243;<\/td>\n<td>1<\/td>\n<td><\/td>\n<td>+<\/td>\n<td><\/td>\n<td><\/td>\n<td><\/td>\n<td>Integreeritud<\/td>\n<td>+<\/td>\n<\/tr>\n<tr>\n<td>\n<div class=\"page\" title=\"Page 1\">\n<div class=\"layoutArea\">\n<div class=\"column\">\n<p><a href=\"\/et?p=6910\">Mercury F5 MLH<\/a><\/p>\n<\/div>\n<\/div>\n<\/div>\n<\/td>\n<td>20&#8243;<\/td>\n<td>1<\/td>\n<td><\/td>\n<td>+<\/td>\n<td><\/td>\n<td><\/td>\n<td><\/td>\n<td>Integreeritud<\/td>\n<td>+<\/td>\n<\/tr>\n<tr>\n<td>\n<div class=\"page\" title=\"Page 1\">\n<div class=\"layoutArea\">\n<div class=\"column\">\n<p><strong><a href=\"\/et?p=6913\">Mercury F5 MLHA SAILPOWER<\/a><\/strong><\/p>\n<\/div>\n<\/div>\n<\/div>\n<\/td>\n<td>20&#8243;<\/td>\n<td>1<\/td>\n<td><\/td>\n<td>+<\/td>\n<td><\/td>\n<td><\/td>\n<td><\/td>\n<td>Integreeritud<\/td>\n<td>+<\/td>\n<\/tr>\n<tr>\n<td>\n<div class=\"page\" title=\"Page 1\">\n<div class=\"layoutArea\">\n<div class=\"column\">\n<p><a href=\"\/et?p=6916\">Mercury F5 MH LPG<\/a><\/p>\n<\/div>\n<\/div>\n<\/div>\n<\/td>\n<td>15&#8243;<\/td>\n<td>1<\/td>\n<td><\/td>\n<td><\/td>\n<td><\/td>\n<td><\/td>\n<td><\/td>\n<td>Lisana Gaasitank<\/td>\n<td>+<\/td>\n<\/tr>\n<tr>\n<td>\n<div class=\"page\" title=\"Page 1\">\n<div class=\"layoutArea\">\n<div class=\"column\">\n<p><a href=\"\/et?p=6919\">Mercury F5 MLH LPG<\/a><\/p>\n<\/div>\n<\/div>\n<\/div>\n<\/td>\n<td>20&#8243;<\/td>\n<td>1<\/td>\n<td><\/td>\n<td>+<\/td>\n<td><\/td>\n<td><\/td>\n<td><\/td>\n<td>Lisana Gaasitank<\/td>\n<td>+<\/td>\n<\/tr>\n<tr>\n<td>\n<div class=\"page\" title=\"Page 1\">\n<div class=\"layoutArea\">\n<div class=\"column\"><a href=\"\/et?p=6922\">Mercury F5 MXLHA LPG SAIL<\/a><\/div>\n<\/div>\n<\/div>\n<\/td>\n<td>25&#8243;<\/td>\n<td>1<\/td>\n<td><\/td>\n<td>+<\/td>\n<td><\/td>\n<td>+<\/td>\n<td><\/td>\n<td>Lisana Gaasitank<\/td>\n<td>+<\/td>\n<\/tr>\n<\/tbody>\n<\/table>\n<p>S &#8211; standardvarustuses<\/p>\n<h2>Paadimootor Mercury F5 MLHA SAILPOWER tehnilised andmed<\/h2>\n<table id=\"motors\">\n<tbody>\n<tr>\n<td>Tooteinfo:<\/td>\n<td>Mercury F5 MLHA SAILPOWER<\/td>\n<\/tr>\n<tr>\n<td>V\u014dimsus:<\/td>\n<td>5 HJ \/ 3,7 kW<\/td>\n<\/tr>\n<tr>\n<td>Kubatuur:<\/td>\n<td>123 cm3<\/td>\n<\/tr>\n<tr>\n<td>P\u00f6\u00f6rete vahemik<\/td>\n<td>4500-5500<\/td>\n<\/tr>\n<tr>\n<td>K\u00fctuses\u00fcsteem<\/td>\n<td>Karburaator<\/td>\n<\/tr>\n<tr>\n<td>K\u00fctus<\/td>\n<td>Minimaalselt 95, soovituslik 98<\/td>\n<\/tr>\n<tr>\n<td>Soovituslik \u00f5li<\/td>\n<td>Mercury 4-taktiline \u00f5li 10W-30<\/td>\n<\/tr>\n<tr>\n<td>Kaal<\/td>\n<td>25kg<\/td>\n<\/tr>\n<tr>\n<td>Jahutus<\/td>\n<td>Vesijahutus, termostaaadiga<\/td>\n<\/tr>\n<tr>\n<td>Trimmis\u00fcsteem<\/td>\n<td>6 asendiline k\u00e4sitsi<\/td>\n<\/tr>\n<tr>\n<td>Madala vee trimm<\/td>\n<td>Olemas<\/td>\n<\/tr>\n<tr>\n<td>K\u00fctusepaak<\/td>\n<td>1,1L sisemine, lisak\u00fctusepaagi v\u00f5imalusega<\/td>\n<\/tr>\n<tr>\n<td>Garantii<\/td>\n<td>2+3 aastat<\/td>\n<\/tr>\n<\/tbody>\n<\/table>\n<p>Tutvu Mercury <a href=\"\/et?p=6887\" target=\"_blank\" rel=\"noopener\">garantiitingimustega<\/a>.<\/p>\n<p>Loe Mercury paadimootorite kohta t\u00e4psemalt <a href=\"http:\/\/www.mercurymarine.com\" target=\"_blank\" rel=\"noopener\">www.mercurymarine.com<\/a><\/p>\n<h2>Transport<\/h2>\n<p>Toimetame mootori sulle sobival ajal sinu soovitud kohta. Transpordi saate valida, kui vormistate ostu ostukorvis.<\/p>\n<h3>Paigaldus<\/h3>\n<p>V\u00e4iksemad mootorid ei vaja paigalduseks eraldi spetsialisti. Kaugjuhtimisega mootorite puhul oleme valmis paigaldama mootori Teie paadile. Vaata selle teenuse kohta t\u00e4psemalt <a href=\"\/et?page_id=3975\" target=\"_blank\" rel=\"noopener\">&#8220;mootori paigaldus&#8221;<\/a>.<\/p>\n<p><strong>Helista 50 55 152 v\u00f5i kirjuta meile. Pakume sulle parimaid mootoreid, parimate hindadega.<\/strong><\/p>\n<div class=\"pooleks\">\n<h3>V\u00f5ta \u00fchendust<\/h3>\n\n<div class=\"wpcf7 no-js\" id=\"wpcf7-f3217-o1\" lang=\"et\" dir=\"ltr\" data-wpcf7-id=\"3217\">\n<div class=\"screen-reader-response\"><p role=\"status\" aria-live=\"polite\" aria-atomic=\"true\"><\/p> <ul><\/ul><\/div>\n<form action=\"\/et\/wp-json\/wp\/v2\/product\/6913#wpcf7-f3217-o1\" method=\"post\" class=\"wpcf7-form init\" aria-label=\"Contact form\" novalidate=\"novalidate\" data-status=\"init\">\n<fieldset class=\"hidden-fields-container\"><input type=\"hidden\" name=\"_wpcf7\" value=\"3217\" \/><input type=\"hidden\" name=\"_wpcf7_version\" value=\"6.1.5\" \/><input type=\"hidden\" name=\"_wpcf7_locale\" value=\"et\" \/><input type=\"hidden\" name=\"_wpcf7_unit_tag\" value=\"wpcf7-f3217-o1\" \/><input type=\"hidden\" name=\"_wpcf7_container_post\" value=\"0\" \/><input type=\"hidden\" name=\"_wpcf7_posted_data_hash\" value=\"\" \/>\n<\/fieldset>\n<p><label> Nimi (n\u00f5utav)<br \/>\n<span class=\"wpcf7-form-control-wrap\" data-name=\"your-name\"><input size=\"40\" maxlength=\"400\" class=\"wpcf7-form-control wpcf7-text wpcf7-validates-as-required\" aria-required=\"true\" aria-invalid=\"false\" value=\"\" type=\"text\" name=\"your-name\" \/><\/span> <\/label><br \/>\n<label> Email (n\u00f5utav)<br \/>\n<span class=\"wpcf7-form-control-wrap\" data-name=\"your-email\"><input size=\"40\" maxlength=\"400\" class=\"wpcf7-form-control wpcf7-email wpcf7-validates-as-required wpcf7-text wpcf7-validates-as-email\" aria-required=\"true\" aria-invalid=\"false\" value=\"\" type=\"email\" name=\"your-email\" \/><\/span> <\/label><br \/>\n<label> Telefon<br \/>\n<span class=\"wpcf7-form-control-wrap\" data-name=\"Telefon\"><input size=\"40\" maxlength=\"400\" class=\"wpcf7-form-control wpcf7-tel wpcf7-text wpcf7-validates-as-tel\" aria-invalid=\"false\" value=\"\" type=\"tel\" name=\"Telefon\" \/><\/span><\/label><br \/>\n<label> Teade<br \/>\n<span class=\"wpcf7-form-control-wrap\" data-name=\"your-message\"><textarea cols=\"40\" rows=\"10\" maxlength=\"2000\" class=\"wpcf7-form-control wpcf7-textarea\" aria-invalid=\"false\" name=\"your-message\"><\/textarea><\/span> <\/label>\n<\/p>\n<p><input class=\"wpcf7-form-control wpcf7-submit has-spinner\" type=\"submit\" value=\"Saada\" \/>\n<\/p><div class=\"wpcf7-response-output\" aria-hidden=\"true\"><\/div>\n<\/form>\n<\/div>\n\n<\/div>\n<div class=\"pooleks\">\n<p>&nbsp;<\/p>\n<\/div>\n","protected":false},"excerpt":{"rendered":"<p>Paadimootor Mercury F5 MLHA SAILPOWER Paadimootoril Mercury 5HJ on mitu trimmiasendit j\u00f5udluse suurendamiseks ja madalas vees t\u00f6\u00f6tamiseks. L\u00e4bi s\u00f5ukruvi v\u00e4ljalaske muudab selle eriti vaikseks. Kerge, vaid 25kg. Suurep\u00e4rane koostisega alumiiniumist korpusega. Mudel Mootorijala pikkus Silindreid Elektriline start K\u00e4si- juhtimine distants- juhtimine 12V laadimine El. trimm K\u00fctusepaak S\u00f5ukruvi Mercury F5 MH 15&#8243; 1 + Integreeritud +&#8230;<\/p>\n","protected":false},"featured_media":1157,"template":"","meta":{"_kad_blocks_custom_css":"","_kad_blocks_head_custom_js":"","_kad_blocks_body_custom_js":"","_kad_blocks_footer_custom_js":"","_kad_post_transparent":"default","_kad_post_title":"","_kad_post_layout":"default","_kad_post_sidebar_id":"","_kad_post_content_style":"default","_kad_post_vertical_padding":"default","_kad_post_feature":"","_kad_post_feature_position":"","_kad_post_header":false,"_kad_post_footer":false,"_kad_post_classname":""},"product_brand":[],"product_cat":[25],"product_tag":[],"class_list":{"0":"post-6913","1":"product","2":"type-product","3":"status-publish","4":"has-post-thumbnail","6":"product_cat-mercury-paadimootorid","7":"product_shipping_class-euroalusele-mahtuv-kaup","8":"tm-no-options","10":"first","11":"onbackorder","12":"taxable","13":"shipping-taxable","14":"purchasable","15":"product-type-simple","16":"entry","17":"content-bg","18":"loop-entry"},"yoast_head":"<!-- This site is optimized with the Yoast SEO plugin v27.3 - https:\/\/yoast.com\/product\/yoast-seo-wordpress\/ -->\n<title>PAADIMOOTOR MERCURY 5HJ - \u00dchesilindriline kerge mootor<\/title>\n<meta name=\"description\" content=\"Paadimootor Mercury 5hj. Mitmeastmeline jala asendi reguleerimine. Integreeitud 1,1L k\u00fctusepaak. Kaal 25kg. Oma klassi kergeim mootor.\" \/>\n<meta name=\"robots\" content=\"index, follow, max-snippet:-1, max-image-preview:large, max-video-preview:-1\" \/>\n<link rel=\"canonical\" href=\"https:\/\/nordlinepaadid.ee\/et\/pood\/mercury-paadimootorid\/paadimootor-mercury-f5-mlha-sailpower\/\" \/>\n<meta property=\"og:locale\" content=\"et_EE\" \/>\n<meta property=\"og:type\" content=\"article\" \/>\n<meta property=\"og:title\" content=\"PAADIMOOTOR MERCURY 5HJ - \u00dchesilindriline kerge mootor\" \/>\n<meta property=\"og:description\" content=\"Paadimootor Mercury 5hj. Mitmeastmeline jala asendi reguleerimine. Integreeitud 1,1L k\u00fctusepaak. Kaal 25kg. Oma klassi kergeim mootor.\" \/>\n<meta property=\"og:url\" content=\"https:\/\/nordlinepaadid.ee\/et\/pood\/mercury-paadimootorid\/paadimootor-mercury-f5-mlha-sailpower\/\" \/>\n<meta property=\"og:site_name\" content=\"NORDLINE s\u00f5udepaadid ja mootorpaadid. Klaasfiiber materjalist.\" \/>\n<meta property=\"article:publisher\" content=\"https:\/\/www.facebook.com\/nordlineboats\" \/>\n<meta property=\"article:modified_time\" content=\"2026-04-19T13:03:39+00:00\" \/>\n<meta property=\"og:image\" content=\"https:\/\/nordlinepaadid.ee\/wp-content\/uploads\/2017\/10\/Paadimootor-Mercury-5hj.jpg\" \/>\n\t<meta property=\"og:image:width\" content=\"1280\" \/>\n\t<meta property=\"og:image:height\" content=\"959\" \/>\n\t<meta property=\"og:image:type\" content=\"image\/jpeg\" \/>\n<meta name=\"twitter:card\" content=\"summary_large_image\" \/>\n<meta name=\"twitter:label1\" content=\"Est. reading time\" \/>\n\t<meta name=\"twitter:data1\" content=\"2 minutit\" \/>\n<script type=\"application\/ld+json\" class=\"yoast-schema-graph\">{\"@context\":\"https:\\\/\\\/schema.org\",\"@graph\":[{\"@type\":\"WebPage\",\"@id\":\"https:\\\/\\\/nordlinepaadid.ee\\\/et\\\/pood\\\/mercury-paadimootorid\\\/paadimootor-mercury-f5-mlha-sailpower\\\/\",\"url\":\"https:\\\/\\\/nordlinepaadid.ee\\\/et\\\/pood\\\/mercury-paadimootorid\\\/paadimootor-mercury-f5-mlha-sailpower\\\/\",\"name\":\"PAADIMOOTOR MERCURY 5HJ - \u00dchesilindriline kerge mootor\",\"isPartOf\":{\"@id\":\"https:\\\/\\\/nordlinepaadid.ee\\\/et\\\/#website\"},\"primaryImageOfPage\":{\"@id\":\"https:\\\/\\\/nordlinepaadid.ee\\\/et\\\/pood\\\/mercury-paadimootorid\\\/paadimootor-mercury-f5-mlha-sailpower\\\/#primaryimage\"},\"image\":{\"@id\":\"https:\\\/\\\/nordlinepaadid.ee\\\/et\\\/pood\\\/mercury-paadimootorid\\\/paadimootor-mercury-f5-mlha-sailpower\\\/#primaryimage\"},\"thumbnailUrl\":\"https:\\\/\\\/nordlinepaadid.ee\\\/wp-content\\\/uploads\\\/2017\\\/10\\\/Paadimootor-Mercury-5hj.jpg\",\"datePublished\":\"2023-01-19T09:32:22+00:00\",\"dateModified\":\"2026-04-19T13:03:39+00:00\",\"description\":\"Paadimootor Mercury 5hj. Mitmeastmeline jala asendi reguleerimine. Integreeitud 1,1L k\u00fctusepaak. Kaal 25kg. Oma klassi kergeim mootor.\",\"breadcrumb\":{\"@id\":\"https:\\\/\\\/nordlinepaadid.ee\\\/et\\\/pood\\\/mercury-paadimootorid\\\/paadimootor-mercury-f5-mlha-sailpower\\\/#breadcrumb\"},\"inLanguage\":\"et\",\"potentialAction\":[{\"@type\":\"ReadAction\",\"target\":[\"https:\\\/\\\/nordlinepaadid.ee\\\/et\\\/pood\\\/mercury-paadimootorid\\\/paadimootor-mercury-f5-mlha-sailpower\\\/\"]}]},{\"@type\":\"ImageObject\",\"inLanguage\":\"et\",\"@id\":\"https:\\\/\\\/nordlinepaadid.ee\\\/et\\\/pood\\\/mercury-paadimootorid\\\/paadimootor-mercury-f5-mlha-sailpower\\\/#primaryimage\",\"url\":\"https:\\\/\\\/nordlinepaadid.ee\\\/wp-content\\\/uploads\\\/2017\\\/10\\\/Paadimootor-Mercury-5hj.jpg\",\"contentUrl\":\"https:\\\/\\\/nordlinepaadid.ee\\\/wp-content\\\/uploads\\\/2017\\\/10\\\/Paadimootor-Mercury-5hj.jpg\",\"width\":1280,\"height\":959,\"caption\":\"Paadimootor Mercury 5hj\"},{\"@type\":\"BreadcrumbList\",\"@id\":\"https:\\\/\\\/nordlinepaadid.ee\\\/et\\\/pood\\\/mercury-paadimootorid\\\/paadimootor-mercury-f5-mlha-sailpower\\\/#breadcrumb\",\"itemListElement\":[{\"@type\":\"ListItem\",\"position\":1,\"name\":\"Home\",\"item\":\"https:\\\/\\\/nordlinepaadid.ee\\\/et\\\/\"},{\"@type\":\"ListItem\",\"position\":2,\"name\":\"Pood\",\"item\":\"https:\\\/\\\/nordlinepaadid.ee\\\/et\\\/pood\\\/\"},{\"@type\":\"ListItem\",\"position\":3,\"name\":\"Paadimootor Mercury F5 MLHA SAILPOWER\"}]},{\"@type\":\"WebSite\",\"@id\":\"https:\\\/\\\/nordlinepaadid.ee\\\/et\\\/#website\",\"url\":\"https:\\\/\\\/nordlinepaadid.ee\\\/et\\\/\",\"name\":\"NORDLINE s\u00f5udepaadid ja mootorpaadid. Klaasfiiber materjalist.\",\"description\":\"\",\"publisher\":{\"@id\":\"https:\\\/\\\/nordlinepaadid.ee\\\/et\\\/#organization\"},\"potentialAction\":[{\"@type\":\"SearchAction\",\"target\":{\"@type\":\"EntryPoint\",\"urlTemplate\":\"https:\\\/\\\/nordlinepaadid.ee\\\/et\\\/?s={search_term_string}\"},\"query-input\":{\"@type\":\"PropertyValueSpecification\",\"valueRequired\":true,\"valueName\":\"search_term_string\"}}],\"inLanguage\":\"et\"},{\"@type\":\"Organization\",\"@id\":\"https:\\\/\\\/nordlinepaadid.ee\\\/et\\\/#organization\",\"name\":\"Nordlineboats\",\"url\":\"https:\\\/\\\/nordlinepaadid.ee\\\/et\\\/\",\"logo\":{\"@type\":\"ImageObject\",\"inLanguage\":\"et\",\"@id\":\"https:\\\/\\\/nordlinepaadid.ee\\\/et\\\/#\\\/schema\\\/logo\\\/image\\\/\",\"url\":\"https:\\\/\\\/nordlinepaadid.ee\\\/wp-content\\\/uploads\\\/2023\\\/01\\\/fulllogo_transparent_nobuffer-e1672750475494.png\",\"contentUrl\":\"https:\\\/\\\/nordlinepaadid.ee\\\/wp-content\\\/uploads\\\/2023\\\/01\\\/fulllogo_transparent_nobuffer-e1672750475494.png\",\"width\":150,\"height\":119,\"caption\":\"Nordlineboats\"},\"image\":{\"@id\":\"https:\\\/\\\/nordlinepaadid.ee\\\/et\\\/#\\\/schema\\\/logo\\\/image\\\/\"},\"sameAs\":[\"https:\\\/\\\/www.facebook.com\\\/nordlineboats\",\"https:\\\/\\\/www.youtube.com\\\/channel\\\/UCbgF0fy02y3QkFnujaLTaCA\"]}]}<\/script>\n<!-- \/ Yoast SEO plugin. -->","yoast_head_json":{"title":"PAADIMOOTOR MERCURY 5HJ - \u00dchesilindriline kerge mootor","description":"Paadimootor Mercury 5hj. Mitmeastmeline jala asendi reguleerimine. Integreeitud 1,1L k\u00fctusepaak. Kaal 25kg. Oma klassi kergeim mootor.","robots":{"index":"index","follow":"follow","max-snippet":"max-snippet:-1","max-image-preview":"max-image-preview:large","max-video-preview":"max-video-preview:-1"},"canonical":"https:\/\/nordlinepaadid.ee\/et\/pood\/mercury-paadimootorid\/paadimootor-mercury-f5-mlha-sailpower\/","og_locale":"et_EE","og_type":"article","og_title":"PAADIMOOTOR MERCURY 5HJ - \u00dchesilindriline kerge mootor","og_description":"Paadimootor Mercury 5hj. Mitmeastmeline jala asendi reguleerimine. Integreeitud 1,1L k\u00fctusepaak. Kaal 25kg. Oma klassi kergeim mootor.","og_url":"https:\/\/nordlinepaadid.ee\/et\/pood\/mercury-paadimootorid\/paadimootor-mercury-f5-mlha-sailpower\/","og_site_name":"NORDLINE s\u00f5udepaadid ja mootorpaadid. Klaasfiiber materjalist.","article_publisher":"https:\/\/www.facebook.com\/nordlineboats","article_modified_time":"2026-04-19T13:03:39+00:00","og_image":[{"width":1280,"height":959,"url":"https:\/\/nordlinepaadid.ee\/wp-content\/uploads\/2017\/10\/Paadimootor-Mercury-5hj.jpg","type":"image\/jpeg"}],"twitter_card":"summary_large_image","twitter_misc":{"Est. reading time":"2 minutit"},"schema":{"@context":"https:\/\/schema.org","@graph":[{"@type":"WebPage","@id":"https:\/\/nordlinepaadid.ee\/et\/pood\/mercury-paadimootorid\/paadimootor-mercury-f5-mlha-sailpower\/","url":"https:\/\/nordlinepaadid.ee\/et\/pood\/mercury-paadimootorid\/paadimootor-mercury-f5-mlha-sailpower\/","name":"PAADIMOOTOR MERCURY 5HJ - \u00dchesilindriline kerge mootor","isPartOf":{"@id":"https:\/\/nordlinepaadid.ee\/et\/#website"},"primaryImageOfPage":{"@id":"https:\/\/nordlinepaadid.ee\/et\/pood\/mercury-paadimootorid\/paadimootor-mercury-f5-mlha-sailpower\/#primaryimage"},"image":{"@id":"https:\/\/nordlinepaadid.ee\/et\/pood\/mercury-paadimootorid\/paadimootor-mercury-f5-mlha-sailpower\/#primaryimage"},"thumbnailUrl":"https:\/\/nordlinepaadid.ee\/wp-content\/uploads\/2017\/10\/Paadimootor-Mercury-5hj.jpg","datePublished":"2023-01-19T09:32:22+00:00","dateModified":"2026-04-19T13:03:39+00:00","description":"Paadimootor Mercury 5hj. Mitmeastmeline jala asendi reguleerimine. Integreeitud 1,1L k\u00fctusepaak. Kaal 25kg. Oma klassi kergeim mootor.","breadcrumb":{"@id":"https:\/\/nordlinepaadid.ee\/et\/pood\/mercury-paadimootorid\/paadimootor-mercury-f5-mlha-sailpower\/#breadcrumb"},"inLanguage":"et","potentialAction":[{"@type":"ReadAction","target":["https:\/\/nordlinepaadid.ee\/et\/pood\/mercury-paadimootorid\/paadimootor-mercury-f5-mlha-sailpower\/"]}]},{"@type":"ImageObject","inLanguage":"et","@id":"https:\/\/nordlinepaadid.ee\/et\/pood\/mercury-paadimootorid\/paadimootor-mercury-f5-mlha-sailpower\/#primaryimage","url":"https:\/\/nordlinepaadid.ee\/wp-content\/uploads\/2017\/10\/Paadimootor-Mercury-5hj.jpg","contentUrl":"https:\/\/nordlinepaadid.ee\/wp-content\/uploads\/2017\/10\/Paadimootor-Mercury-5hj.jpg","width":1280,"height":959,"caption":"Paadimootor Mercury 5hj"},{"@type":"BreadcrumbList","@id":"https:\/\/nordlinepaadid.ee\/et\/pood\/mercury-paadimootorid\/paadimootor-mercury-f5-mlha-sailpower\/#breadcrumb","itemListElement":[{"@type":"ListItem","position":1,"name":"Home","item":"https:\/\/nordlinepaadid.ee\/et\/"},{"@type":"ListItem","position":2,"name":"Pood","item":"https:\/\/nordlinepaadid.ee\/et\/pood\/"},{"@type":"ListItem","position":3,"name":"Paadimootor Mercury F5 MLHA SAILPOWER"}]},{"@type":"WebSite","@id":"https:\/\/nordlinepaadid.ee\/et\/#website","url":"https:\/\/nordlinepaadid.ee\/et\/","name":"NORDLINE s\u00f5udepaadid ja mootorpaadid. Klaasfiiber materjalist.","description":"","publisher":{"@id":"https:\/\/nordlinepaadid.ee\/et\/#organization"},"potentialAction":[{"@type":"SearchAction","target":{"@type":"EntryPoint","urlTemplate":"https:\/\/nordlinepaadid.ee\/et\/?s={search_term_string}"},"query-input":{"@type":"PropertyValueSpecification","valueRequired":true,"valueName":"search_term_string"}}],"inLanguage":"et"},{"@type":"Organization","@id":"https:\/\/nordlinepaadid.ee\/et\/#organization","name":"Nordlineboats","url":"https:\/\/nordlinepaadid.ee\/et\/","logo":{"@type":"ImageObject","inLanguage":"et","@id":"https:\/\/nordlinepaadid.ee\/et\/#\/schema\/logo\/image\/","url":"https:\/\/nordlinepaadid.ee\/wp-content\/uploads\/2023\/01\/fulllogo_transparent_nobuffer-e1672750475494.png","contentUrl":"https:\/\/nordlinepaadid.ee\/wp-content\/uploads\/2023\/01\/fulllogo_transparent_nobuffer-e1672750475494.png","width":150,"height":119,"caption":"Nordlineboats"},"image":{"@id":"https:\/\/nordlinepaadid.ee\/et\/#\/schema\/logo\/image\/"},"sameAs":["https:\/\/www.facebook.com\/nordlineboats","https:\/\/www.youtube.com\/channel\/UCbgF0fy02y3QkFnujaLTaCA"]}]}},"taxonomy_info":{"product_cat":[{"value":25,"label":"MERCURY PAADIMOOTORID"}]},"featured_image_src_large":["https:\/\/nordlinepaadid.ee\/wp-content\/uploads\/2017\/10\/Paadimootor-Mercury-5hj-1024x767.jpg",1024,767,true],"author_info":[],"comment_info":"","_links":{"self":[{"href":"https:\/\/nordlinepaadid.ee\/et\/wp-json\/wp\/v2\/product\/6913","targetHints":{"allow":["GET"]}}],"collection":[{"href":"https:\/\/nordlinepaadid.ee\/et\/wp-json\/wp\/v2\/product"}],"about":[{"href":"https:\/\/nordlinepaadid.ee\/et\/wp-json\/wp\/v2\/types\/product"}],"wp:featuredmedia":[{"embeddable":true,"href":"https:\/\/nordlinepaadid.ee\/et\/wp-json\/wp\/v2\/media\/1157"}],"wp:attachment":[{"href":"https:\/\/nordlinepaadid.ee\/et\/wp-json\/wp\/v2\/media?parent=6913"}],"wp:term":[{"taxonomy":"product_brand","embeddable":true,"href":"https:\/\/nordlinepaadid.ee\/et\/wp-json\/wp\/v2\/product_brand?post=6913"},{"taxonomy":"product_cat","embeddable":true,"href":"https:\/\/nordlinepaadid.ee\/et\/wp-json\/wp\/v2\/product_cat?post=6913"},{"taxonomy":"product_tag","embeddable":true,"href":"https:\/\/nordlinepaadid.ee\/et\/wp-json\/wp\/v2\/product_tag?post=6913"}],"curies":[{"name":"wp","href":"https:\/\/api.w.org\/{rel}","templated":true}]}}