{"id":7272,"date":"2023-03-09T09:50:04","date_gmt":"2023-03-09T07:50:04","guid":{"rendered":"https:\/\/nordlinepaadid.ee\/?post_type=product&#038;p=7272"},"modified":"2026-04-14T22:05:46","modified_gmt":"2026-04-14T19:05:46","slug":"paadimootor-tohatsu-mfs-40-awetl-valge","status":"publish","type":"product","link":"https:\/\/nordlinepaadid.ee\/et\/pood\/tohatsu-paadimootorid\/paadimootor-tohatsu-mfs-40-awetl-valge\/","title":{"rendered":"Paadimootor Tohatsu MFS 40 AWETL valge"},"content":{"rendered":"<h1>Paadimootor Tohatsu MFS 40 AWETL valge<\/h1>\n<p>Kui vajate kompaktset rippmootorit, siis on\u00a0<strong>Tohatsu 40 hj<\/strong>\u00a0neljataktiline paadimootor just see, mida vajate.<\/p>\n<p>Tohatsu 40 hj rippmootor on oma suurusklassi k\u00f5ige \u00f6konoomsem ja vaiksem. Tohatsu elektriline k\u00fctuse sissepritses\u00fcsteem (EFI) tagab k\u00fctuse tipptasemel s\u00e4\u00e4stmise ja kiire k\u00e4ivitamise ka k\u00fclmades oludes. Elektriline trollingu kiiruse kontroll vahemikus 850; 950; 1050 p \/ min.<\/p>\n<table id=\"motors\">\n<tbody>\n<tr>\n<th>Mudel<\/th>\n<th>Ahtripeeglile k\u00f5rgusega<\/th>\n<th>Silindreid<\/th>\n<th>Elektriline start<\/th>\n<th>K\u00e4si- juhtimine<\/th>\n<th>distants- juhtimine<\/th>\n<th>12V laadimine<\/th>\n<th>El. trimm<\/th>\n<th>K\u00fctusepaak<\/th>\n<th>S\u00f5ukruvi<\/th>\n<\/tr>\n<tr>\n<td>\n<div class=\"page\" title=\"Page 1\">\n<div class=\"layoutArea\">\n<div class=\"column\">\n<div class=\"page\" title=\"Page 1\">\n<div class=\"layoutArea\">\n<div class=\"column\"><a href=\"\/et?p=7262\">Tohatsu MFS40AETS<\/a><\/div>\n<\/div>\n<\/div>\n<\/div>\n<\/div>\n<\/div>\n<\/td>\n<td>15&#8243;<\/td>\n<td>3<\/td>\n<td>S<\/td>\n<td>Lisana<\/td>\n<td>S<\/td>\n<td>12V, 252W, 21A<\/td>\n<td>S<\/td>\n<td>S<\/td>\n<td>S<\/td>\n<\/tr>\n<tr>\n<td>\n<div class=\"page\" title=\"Page 1\">\n<div class=\"layoutArea\">\n<div class=\"column\"><a href=\"\/et?p=7269\">Tohatsu <span style=\"font-family: inherit; font-size: inherit;\">MFS40AETL<\/span><\/a><\/div>\n<\/div>\n<\/div>\n<\/td>\n<td>20&#8243;<\/td>\n<td>3<\/td>\n<td>S<\/td>\n<td>Lisana<\/td>\n<td>S<\/td>\n<td>12V, 252W, 21A<\/td>\n<td>S<\/td>\n<td>S<\/td>\n<td>S<\/td>\n<\/tr>\n<tr>\n<td>\n<div class=\"page\" title=\"Page 1\">\n<div class=\"layoutArea\">\n<div class=\"column\"><a href=\"\/et?p=7272\"><strong>Tohatsu <span style=\"font-family: inherit; font-size: inherit;\">MFS40AWETL<\/span><\/strong><\/a><\/div>\n<\/div>\n<\/div>\n<\/td>\n<td><strong>20&#8243;<\/strong><\/td>\n<td><strong>3<\/strong><\/td>\n<td><strong>S<\/strong><\/td>\n<td><strong>Lisana<\/strong><\/td>\n<td><strong>S<\/strong><\/td>\n<td><strong>12V, 252W, 21A<\/strong><\/td>\n<td><strong>S<\/strong><\/td>\n<td><strong>S<\/strong><\/td>\n<td><strong>S<\/strong><\/td>\n<\/tr>\n<\/tbody>\n<\/table>\n<p>S &#8211; Standardvarustuses<\/p>\n<h2>Paadimootor Tohatsu 40HJ tehnilised andmed<\/h2>\n<table id=\"motors\">\n<tbody>\n<tr>\n<td>Tooteinfo:<\/td>\n<td>TOHATSU MFS 40\u00a0<span style=\"font-family: inherit; font-size: inherit;\">AWETL<\/span><\/td>\n<\/tr>\n<tr>\n<td>Silindrite arv<\/td>\n<td>3<\/td>\n<\/tr>\n<tr>\n<td>V\u014dimsus:<\/td>\n<td>40 hj (29,4kW)<\/td>\n<\/tr>\n<tr>\n<td>Kubatuur:<\/td>\n<td>866 cm3<\/td>\n<\/tr>\n<tr>\n<td>S\u00f5ukruvi vahemik<\/td>\n<td>7&#8243; &#8211; 17&#8243;<\/td>\n<\/tr>\n<tr>\n<td>K\u00fctus<\/td>\n<td>Pliivaba, min. 95 okt, soovituslik 98<\/td>\n<\/tr>\n<tr>\n<td>\u00d5li<\/td>\n<td>Sertifitseeritud 4-taktiline \u00f5li SAE 10W-30\/40<\/td>\n<\/tr>\n<tr>\n<td>\u00d5li kogus<\/td>\n<td>2,4L<\/td>\n<\/tr>\n<tr>\n<td>K\u00fctuse paak<\/td>\n<td>25L<\/td>\n<\/tr>\n<tr>\n<td>Kaal<\/td>\n<td>95 kg<\/td>\n<\/tr>\n<tr>\n<td>Max p\u00f6\u00f6rete vahemik<\/td>\n<td>5000 &#8211; 6000<\/td>\n<\/tr>\n<tr>\n<td>K\u00fctuses\u00fcsteem<\/td>\n<td>Digital CD Ignition System<\/td>\n<\/tr>\n<tr>\n<td>Garantii:<\/td>\n<td>5 aastat<\/td>\n<\/tr>\n<\/tbody>\n<\/table>\n<h2>Paadimootor Tohatsu 40HJ p\u00f5hiomadused<\/h2>\n<ul>\n<li>\n<div class=\"block-cmn-002 u-inview u-inview--show\">\n<h3 class=\"ttl-cmn-02 type-normal\"><span class=\"ttl-cmn-02__main\">Suure j\u00f5udlusega ja lihtne kasutada<\/span><\/h3>\n<ul class=\"list-cmn\">\n<li class=\"list-cmn__item\">Elektrooniline k\u00fctuse sissepritse<\/li>\n<li class=\"list-cmn__item\">Suure v\u00f5imsusega generaator akude paremaks laadimiseks<\/li>\n<li class=\"list-cmn__item\">Uus ja t\u00e4iustatud k\u00e4igukast madalama \u00fclekandearvuga, madalama p\u00f6\u00f6rdemomendi suurendamiseks<\/li>\n<li class=\"list-cmn__item\">Madalas vees s\u00f5iduasend, 6 kallutusasendit *<\/li>\n<li class=\"list-cmn__item\">Elektriline trimm ja kallutus *<\/li>\n<\/ul>\n<\/div>\n<div class=\"block-cmn-002 u-inview u-inview--show\">\n<h3 class=\"ttl-cmn-02 type-normal\"><span class=\"ttl-cmn-02__main\">Kasutajamugavus ja usaldusv\u00e4\u00e4rsus<\/span><\/h3>\n<ul class=\"list-cmn\">\n<li class=\"list-cmn__item\">Sisseehitatud magevee loputuss\u00fcsteem<\/li>\n<li class=\"list-cmn__item\">Heitgaasi v\u00e4ljutamine s\u00f5ukruvi rummu kaudu, vaiksemaks s\u00f5iduks<\/li>\n<li class=\"list-cmn__item\">Jahutusvee temperatuuri reguleerimine termostaadiga<\/li>\n<li class=\"list-cmn__item\">Roostevabast happekindlast terasest valmistatud veepumba korpus, mis kestab paremini soolases ja liivases vees<\/li>\n<li class=\"list-cmn__item\">Kvaliteetne merealumiiniumisulamist korpus, mis tagab kaitse korrosiooni eest<\/li>\n<li>Muutuva t\u00fchik\u00e4igu kiiruse reguleerimine vahemikus 650 kuni 950 p \/ min<\/li>\n<li>Nukkv\u00f5lliga juhitav trohoidne \u00f5lipump tagab mootori kriitiliste osade pikaajalise vastupidavuse<\/li>\n<li class=\"list-cmn__item\">Sisemine veekanalite tsinkkate tagab korrosioonikindluse<\/li>\n<li>T\u00e4idavad EPA\/CARB normid<\/li>\n<\/ul>\n<\/div>\n<div class=\"block-cmn-002 u-inview u-inview--show\">\n<h3 class=\"ttl-cmn-02 type-normal\"><span class=\"ttl-cmn-02__main\">Hoiatus ja kaitse<\/span><\/h3>\n<ul class=\"list-cmn\">\n<li class=\"list-cmn__item\">\u00dclekuumenemise hoiatus (kuuldav)<\/li>\n<li class=\"list-cmn__item\">Madala \u00f5lir\u00f5hu hoiatus (kuuldav)<\/li>\n<li>Aku pinge hoiatus (visuaalne)<\/li>\n<li class=\"list-cmn__item\">Turvapael (oluline kaitsefunktsioon on standard k\u00f5igil Tohatsu rippmootoritel)<\/li>\n<li class=\"list-cmn__item\">K\u00e4igukasti kaitse, k\u00e4ivitumine ainult k\u00e4iguhoova neutraalasendis<\/li>\n<li class=\"list-cmn__item\">P\u00f6\u00f6retepiiraja<\/li>\n<\/ul>\n<\/div>\n<\/li>\n<\/ul>\n<p>Paadimootor Tohatsu 30HJ kohta loe t\u00e4psemalt <a href=\"https:\/\/www.tohatsu.com\/marine\/na\/outboards\/20_4st.html\" target=\"_blank\" rel=\"noopener\">www.tohatsu.com<\/a><br \/>\nP\u00e4ritolumaa : Jaapan.<\/p>\n<h2>Transport<\/h2>\n<p>Toimetame mootori sulle sobival ajal sinu soovitud kohta. Transpordi saate valida, kui vormistate ostu ostukorvis.<\/p>\n<h3>Paigaldus<\/h3>\n<p>V\u00e4iksemad mootorid ei vaja paigalduseks eraldi spetsialisti. Kaugjuhtimisega mootorite puhul oleme valmis paigaldama mootori Teie paadile. Vaata selle teenuse kohta t\u00e4psemalt <a href=\"\/et?page_id=3975\" target=\"_blank\" rel=\"noopener\">&#8220;mootori paigaldus&#8221;<\/a>.<\/p>\n<p><strong>Helista 50 55 152 v\u00f5i kirjuta meile. Pakume sulle parimaid mootoreid, parimate hindadega.<\/strong><\/p>\n<div class=\"pooleks\">\n<h3>V\u00f5ta \u00fchendust<\/h3>\n\n<div class=\"wpcf7 no-js\" id=\"wpcf7-f3217-o1\" lang=\"et\" dir=\"ltr\" data-wpcf7-id=\"3217\">\n<div class=\"screen-reader-response\"><p role=\"status\" aria-live=\"polite\" aria-atomic=\"true\"><\/p> <ul><\/ul><\/div>\n<form action=\"\/et\/wp-json\/wp\/v2\/product\/7272#wpcf7-f3217-o1\" method=\"post\" class=\"wpcf7-form init\" aria-label=\"Contact form\" novalidate=\"novalidate\" data-status=\"init\">\n<fieldset class=\"hidden-fields-container\"><input type=\"hidden\" name=\"_wpcf7\" value=\"3217\" \/><input type=\"hidden\" name=\"_wpcf7_version\" value=\"6.1.5\" \/><input type=\"hidden\" name=\"_wpcf7_locale\" value=\"et\" \/><input type=\"hidden\" name=\"_wpcf7_unit_tag\" value=\"wpcf7-f3217-o1\" \/><input type=\"hidden\" name=\"_wpcf7_container_post\" value=\"0\" \/><input type=\"hidden\" name=\"_wpcf7_posted_data_hash\" value=\"\" \/>\n<\/fieldset>\n<p><label> Nimi (n\u00f5utav)<br \/>\n<span class=\"wpcf7-form-control-wrap\" data-name=\"your-name\"><input size=\"40\" maxlength=\"400\" class=\"wpcf7-form-control wpcf7-text wpcf7-validates-as-required\" aria-required=\"true\" aria-invalid=\"false\" value=\"\" type=\"text\" name=\"your-name\" \/><\/span> <\/label><br \/>\n<label> Email (n\u00f5utav)<br \/>\n<span class=\"wpcf7-form-control-wrap\" data-name=\"your-email\"><input size=\"40\" maxlength=\"400\" class=\"wpcf7-form-control wpcf7-email wpcf7-validates-as-required wpcf7-text wpcf7-validates-as-email\" aria-required=\"true\" aria-invalid=\"false\" value=\"\" type=\"email\" name=\"your-email\" \/><\/span> <\/label><br \/>\n<label> Telefon<br \/>\n<span class=\"wpcf7-form-control-wrap\" data-name=\"Telefon\"><input size=\"40\" maxlength=\"400\" class=\"wpcf7-form-control wpcf7-tel wpcf7-text wpcf7-validates-as-tel\" aria-invalid=\"false\" value=\"\" type=\"tel\" name=\"Telefon\" \/><\/span><\/label><br \/>\n<label> Teade<br \/>\n<span class=\"wpcf7-form-control-wrap\" data-name=\"your-message\"><textarea cols=\"40\" rows=\"10\" maxlength=\"2000\" class=\"wpcf7-form-control wpcf7-textarea\" aria-invalid=\"false\" name=\"your-message\"><\/textarea><\/span> <\/label>\n<\/p>\n<p><input class=\"wpcf7-form-control wpcf7-submit has-spinner\" type=\"submit\" value=\"Saada\" \/>\n<\/p><div class=\"wpcf7-response-output\" aria-hidden=\"true\"><\/div>\n<\/form>\n<\/div>\n\n<\/div>\n<div class=\"pooleks\">\n<p>&nbsp;<\/p>\n<\/div>\n","protected":false},"excerpt":{"rendered":"<p>Paadimootor Tohatsu MFS 40 AWETL valge Kui vajate kompaktset rippmootorit, siis on\u00a0Tohatsu 40 hj\u00a0neljataktiline paadimootor just see, mida vajate. Tohatsu 40 hj rippmootor on oma suurusklassi k\u00f5ige \u00f6konoomsem ja vaiksem. Tohatsu elektriline k\u00fctuse sissepritses\u00fcsteem (EFI) tagab k\u00fctuse tipptasemel s\u00e4\u00e4stmise ja kiire k\u00e4ivitamise ka k\u00fclmades oludes. Elektriline trollingu kiiruse kontroll vahemikus 850; 950; 1050 p \/&#8230;<\/p>\n","protected":false},"featured_media":7266,"template":"","meta":{"_kad_blocks_custom_css":"","_kad_blocks_head_custom_js":"","_kad_blocks_body_custom_js":"","_kad_blocks_footer_custom_js":"","_kad_post_transparent":"default","_kad_post_title":"","_kad_post_layout":"default","_kad_post_sidebar_id":"","_kad_post_content_style":"default","_kad_post_vertical_padding":"default","_kad_post_feature":"","_kad_post_feature_position":"","_kad_post_header":false,"_kad_post_footer":false,"_kad_post_classname":""},"product_brand":[],"product_cat":[155],"product_tag":[],"class_list":{"0":"post-7272","1":"product","2":"type-product","3":"status-publish","4":"has-post-thumbnail","6":"product_cat-tohatsu-paadimootorid","7":"product_shipping_class-euroalusele-mahtuv-kaup","8":"tm-no-options","10":"first","11":"onbackorder","12":"taxable","13":"shipping-taxable","14":"purchasable","15":"product-type-simple","16":"entry","17":"content-bg","18":"loop-entry"},"yoast_head":"<!-- This site is optimized with the Yoast SEO plugin v27.3 - https:\/\/yoast.com\/product\/yoast-seo-wordpress\/ -->\n<title>Paadimootor TOHATSU 40HJ - garantii 5a - NORDLINEBOATS<\/title>\n<meta name=\"description\" content=\"Tohatsu MFS 40hj rippmootor on oma suurusklassi k\u00f5ige \u00f6konoomsem ja vaiksem. Tohatsu elektriline sissepritse (EFI) tagab s\u00e4\u00e4stliku s\u00f5idu.\" \/>\n<meta name=\"robots\" content=\"index, follow, max-snippet:-1, max-image-preview:large, max-video-preview:-1\" \/>\n<link rel=\"canonical\" href=\"https:\/\/nordlinepaadid.ee\/et\/pood\/tohatsu-paadimootorid\/paadimootor-tohatsu-mfs-40-awetl-valge\/\" \/>\n<meta property=\"og:locale\" content=\"et_EE\" \/>\n<meta property=\"og:type\" content=\"article\" \/>\n<meta property=\"og:title\" content=\"Paadimootor TOHATSU 40HJ - garantii 5a - NORDLINEBOATS\" \/>\n<meta property=\"og:description\" content=\"Tohatsu MFS 40hj rippmootor on oma suurusklassi k\u00f5ige \u00f6konoomsem ja vaiksem. Tohatsu elektriline sissepritse (EFI) tagab s\u00e4\u00e4stliku s\u00f5idu.\" \/>\n<meta property=\"og:url\" content=\"https:\/\/nordlinepaadid.ee\/et\/pood\/tohatsu-paadimootorid\/paadimootor-tohatsu-mfs-40-awetl-valge\/\" \/>\n<meta property=\"og:site_name\" content=\"NORDLINE s\u00f5udepaadid ja mootorpaadid. Klaasfiiber materjalist.\" \/>\n<meta property=\"article:publisher\" content=\"https:\/\/www.facebook.com\/nordlineboats\" \/>\n<meta property=\"article:modified_time\" content=\"2026-04-14T19:05:46+00:00\" \/>\n<meta property=\"og:image\" content=\"https:\/\/nordlinepaadid.ee\/wp-content\/uploads\/2023\/03\/Paadimootor-Tohatsu-40-MFS40AETS-.jpeg\" \/>\n\t<meta property=\"og:image:width\" content=\"1404\" \/>\n\t<meta property=\"og:image:height\" content=\"1854\" \/>\n\t<meta property=\"og:image:type\" content=\"image\/jpeg\" \/>\n<meta name=\"twitter:card\" content=\"summary_large_image\" \/>\n<meta name=\"twitter:label1\" content=\"Est. reading time\" \/>\n\t<meta name=\"twitter:data1\" content=\"3 minutit\" \/>\n<script type=\"application\/ld+json\" class=\"yoast-schema-graph\">{\"@context\":\"https:\\\/\\\/schema.org\",\"@graph\":[{\"@type\":\"WebPage\",\"@id\":\"https:\\\/\\\/nordlinepaadid.ee\\\/et\\\/pood\\\/tohatsu-paadimootorid\\\/paadimootor-tohatsu-mfs-40-awetl-valge\\\/\",\"url\":\"https:\\\/\\\/nordlinepaadid.ee\\\/et\\\/pood\\\/tohatsu-paadimootorid\\\/paadimootor-tohatsu-mfs-40-awetl-valge\\\/\",\"name\":\"Paadimootor TOHATSU 40HJ - garantii 5a - NORDLINEBOATS\",\"isPartOf\":{\"@id\":\"https:\\\/\\\/nordlinepaadid.ee\\\/et\\\/#website\"},\"primaryImageOfPage\":{\"@id\":\"https:\\\/\\\/nordlinepaadid.ee\\\/et\\\/pood\\\/tohatsu-paadimootorid\\\/paadimootor-tohatsu-mfs-40-awetl-valge\\\/#primaryimage\"},\"image\":{\"@id\":\"https:\\\/\\\/nordlinepaadid.ee\\\/et\\\/pood\\\/tohatsu-paadimootorid\\\/paadimootor-tohatsu-mfs-40-awetl-valge\\\/#primaryimage\"},\"thumbnailUrl\":\"https:\\\/\\\/nordlinepaadid.ee\\\/wp-content\\\/uploads\\\/2023\\\/03\\\/Paadimootor-Tohatsu-40-MFS40AETS-.jpeg\",\"datePublished\":\"2023-03-09T07:50:04+00:00\",\"dateModified\":\"2026-04-14T19:05:46+00:00\",\"description\":\"Tohatsu MFS 40hj rippmootor on oma suurusklassi k\u00f5ige \u00f6konoomsem ja vaiksem. Tohatsu elektriline sissepritse (EFI) tagab s\u00e4\u00e4stliku s\u00f5idu.\",\"breadcrumb\":{\"@id\":\"https:\\\/\\\/nordlinepaadid.ee\\\/et\\\/pood\\\/tohatsu-paadimootorid\\\/paadimootor-tohatsu-mfs-40-awetl-valge\\\/#breadcrumb\"},\"inLanguage\":\"et\",\"potentialAction\":[{\"@type\":\"ReadAction\",\"target\":[\"https:\\\/\\\/nordlinepaadid.ee\\\/et\\\/pood\\\/tohatsu-paadimootorid\\\/paadimootor-tohatsu-mfs-40-awetl-valge\\\/\"]}]},{\"@type\":\"ImageObject\",\"inLanguage\":\"et\",\"@id\":\"https:\\\/\\\/nordlinepaadid.ee\\\/et\\\/pood\\\/tohatsu-paadimootorid\\\/paadimootor-tohatsu-mfs-40-awetl-valge\\\/#primaryimage\",\"url\":\"https:\\\/\\\/nordlinepaadid.ee\\\/wp-content\\\/uploads\\\/2023\\\/03\\\/Paadimootor-Tohatsu-40-MFS40AETS-.jpeg\",\"contentUrl\":\"https:\\\/\\\/nordlinepaadid.ee\\\/wp-content\\\/uploads\\\/2023\\\/03\\\/Paadimootor-Tohatsu-40-MFS40AETS-.jpeg\",\"width\":1404,\"height\":1854,\"caption\":\"Paadimootor Tohatsu 40 MFS40AETS\"},{\"@type\":\"BreadcrumbList\",\"@id\":\"https:\\\/\\\/nordlinepaadid.ee\\\/et\\\/pood\\\/tohatsu-paadimootorid\\\/paadimootor-tohatsu-mfs-40-awetl-valge\\\/#breadcrumb\",\"itemListElement\":[{\"@type\":\"ListItem\",\"position\":1,\"name\":\"Home\",\"item\":\"https:\\\/\\\/nordlinepaadid.ee\\\/et\\\/\"},{\"@type\":\"ListItem\",\"position\":2,\"name\":\"Pood\",\"item\":\"https:\\\/\\\/nordlinepaadid.ee\\\/et\\\/pood\\\/\"},{\"@type\":\"ListItem\",\"position\":3,\"name\":\"Paadimootor Tohatsu MFS 40 AWETL valge\"}]},{\"@type\":\"WebSite\",\"@id\":\"https:\\\/\\\/nordlinepaadid.ee\\\/et\\\/#website\",\"url\":\"https:\\\/\\\/nordlinepaadid.ee\\\/et\\\/\",\"name\":\"NORDLINE s\u00f5udepaadid ja mootorpaadid. Klaasfiiber materjalist.\",\"description\":\"\",\"publisher\":{\"@id\":\"https:\\\/\\\/nordlinepaadid.ee\\\/et\\\/#organization\"},\"potentialAction\":[{\"@type\":\"SearchAction\",\"target\":{\"@type\":\"EntryPoint\",\"urlTemplate\":\"https:\\\/\\\/nordlinepaadid.ee\\\/et\\\/?s={search_term_string}\"},\"query-input\":{\"@type\":\"PropertyValueSpecification\",\"valueRequired\":true,\"valueName\":\"search_term_string\"}}],\"inLanguage\":\"et\"},{\"@type\":\"Organization\",\"@id\":\"https:\\\/\\\/nordlinepaadid.ee\\\/et\\\/#organization\",\"name\":\"Nordlineboats\",\"url\":\"https:\\\/\\\/nordlinepaadid.ee\\\/et\\\/\",\"logo\":{\"@type\":\"ImageObject\",\"inLanguage\":\"et\",\"@id\":\"https:\\\/\\\/nordlinepaadid.ee\\\/et\\\/#\\\/schema\\\/logo\\\/image\\\/\",\"url\":\"https:\\\/\\\/nordlinepaadid.ee\\\/wp-content\\\/uploads\\\/2023\\\/01\\\/fulllogo_transparent_nobuffer-e1672750475494.png\",\"contentUrl\":\"https:\\\/\\\/nordlinepaadid.ee\\\/wp-content\\\/uploads\\\/2023\\\/01\\\/fulllogo_transparent_nobuffer-e1672750475494.png\",\"width\":150,\"height\":119,\"caption\":\"Nordlineboats\"},\"image\":{\"@id\":\"https:\\\/\\\/nordlinepaadid.ee\\\/et\\\/#\\\/schema\\\/logo\\\/image\\\/\"},\"sameAs\":[\"https:\\\/\\\/www.facebook.com\\\/nordlineboats\",\"https:\\\/\\\/www.youtube.com\\\/channel\\\/UCbgF0fy02y3QkFnujaLTaCA\"]}]}<\/script>\n<!-- \/ Yoast SEO plugin. -->","yoast_head_json":{"title":"Paadimootor TOHATSU 40HJ - garantii 5a - NORDLINEBOATS","description":"Tohatsu MFS 40hj rippmootor on oma suurusklassi k\u00f5ige \u00f6konoomsem ja vaiksem. Tohatsu elektriline sissepritse (EFI) tagab s\u00e4\u00e4stliku s\u00f5idu.","robots":{"index":"index","follow":"follow","max-snippet":"max-snippet:-1","max-image-preview":"max-image-preview:large","max-video-preview":"max-video-preview:-1"},"canonical":"https:\/\/nordlinepaadid.ee\/et\/pood\/tohatsu-paadimootorid\/paadimootor-tohatsu-mfs-40-awetl-valge\/","og_locale":"et_EE","og_type":"article","og_title":"Paadimootor TOHATSU 40HJ - garantii 5a - NORDLINEBOATS","og_description":"Tohatsu MFS 40hj rippmootor on oma suurusklassi k\u00f5ige \u00f6konoomsem ja vaiksem. Tohatsu elektriline sissepritse (EFI) tagab s\u00e4\u00e4stliku s\u00f5idu.","og_url":"https:\/\/nordlinepaadid.ee\/et\/pood\/tohatsu-paadimootorid\/paadimootor-tohatsu-mfs-40-awetl-valge\/","og_site_name":"NORDLINE s\u00f5udepaadid ja mootorpaadid. Klaasfiiber materjalist.","article_publisher":"https:\/\/www.facebook.com\/nordlineboats","article_modified_time":"2026-04-14T19:05:46+00:00","og_image":[{"width":1404,"height":1854,"url":"https:\/\/nordlinepaadid.ee\/wp-content\/uploads\/2023\/03\/Paadimootor-Tohatsu-40-MFS40AETS-.jpeg","type":"image\/jpeg"}],"twitter_card":"summary_large_image","twitter_misc":{"Est. reading time":"3 minutit"},"schema":{"@context":"https:\/\/schema.org","@graph":[{"@type":"WebPage","@id":"https:\/\/nordlinepaadid.ee\/et\/pood\/tohatsu-paadimootorid\/paadimootor-tohatsu-mfs-40-awetl-valge\/","url":"https:\/\/nordlinepaadid.ee\/et\/pood\/tohatsu-paadimootorid\/paadimootor-tohatsu-mfs-40-awetl-valge\/","name":"Paadimootor TOHATSU 40HJ - garantii 5a - NORDLINEBOATS","isPartOf":{"@id":"https:\/\/nordlinepaadid.ee\/et\/#website"},"primaryImageOfPage":{"@id":"https:\/\/nordlinepaadid.ee\/et\/pood\/tohatsu-paadimootorid\/paadimootor-tohatsu-mfs-40-awetl-valge\/#primaryimage"},"image":{"@id":"https:\/\/nordlinepaadid.ee\/et\/pood\/tohatsu-paadimootorid\/paadimootor-tohatsu-mfs-40-awetl-valge\/#primaryimage"},"thumbnailUrl":"https:\/\/nordlinepaadid.ee\/wp-content\/uploads\/2023\/03\/Paadimootor-Tohatsu-40-MFS40AETS-.jpeg","datePublished":"2023-03-09T07:50:04+00:00","dateModified":"2026-04-14T19:05:46+00:00","description":"Tohatsu MFS 40hj rippmootor on oma suurusklassi k\u00f5ige \u00f6konoomsem ja vaiksem. Tohatsu elektriline sissepritse (EFI) tagab s\u00e4\u00e4stliku s\u00f5idu.","breadcrumb":{"@id":"https:\/\/nordlinepaadid.ee\/et\/pood\/tohatsu-paadimootorid\/paadimootor-tohatsu-mfs-40-awetl-valge\/#breadcrumb"},"inLanguage":"et","potentialAction":[{"@type":"ReadAction","target":["https:\/\/nordlinepaadid.ee\/et\/pood\/tohatsu-paadimootorid\/paadimootor-tohatsu-mfs-40-awetl-valge\/"]}]},{"@type":"ImageObject","inLanguage":"et","@id":"https:\/\/nordlinepaadid.ee\/et\/pood\/tohatsu-paadimootorid\/paadimootor-tohatsu-mfs-40-awetl-valge\/#primaryimage","url":"https:\/\/nordlinepaadid.ee\/wp-content\/uploads\/2023\/03\/Paadimootor-Tohatsu-40-MFS40AETS-.jpeg","contentUrl":"https:\/\/nordlinepaadid.ee\/wp-content\/uploads\/2023\/03\/Paadimootor-Tohatsu-40-MFS40AETS-.jpeg","width":1404,"height":1854,"caption":"Paadimootor Tohatsu 40 MFS40AETS"},{"@type":"BreadcrumbList","@id":"https:\/\/nordlinepaadid.ee\/et\/pood\/tohatsu-paadimootorid\/paadimootor-tohatsu-mfs-40-awetl-valge\/#breadcrumb","itemListElement":[{"@type":"ListItem","position":1,"name":"Home","item":"https:\/\/nordlinepaadid.ee\/et\/"},{"@type":"ListItem","position":2,"name":"Pood","item":"https:\/\/nordlinepaadid.ee\/et\/pood\/"},{"@type":"ListItem","position":3,"name":"Paadimootor Tohatsu MFS 40 AWETL valge"}]},{"@type":"WebSite","@id":"https:\/\/nordlinepaadid.ee\/et\/#website","url":"https:\/\/nordlinepaadid.ee\/et\/","name":"NORDLINE s\u00f5udepaadid ja mootorpaadid. Klaasfiiber materjalist.","description":"","publisher":{"@id":"https:\/\/nordlinepaadid.ee\/et\/#organization"},"potentialAction":[{"@type":"SearchAction","target":{"@type":"EntryPoint","urlTemplate":"https:\/\/nordlinepaadid.ee\/et\/?s={search_term_string}"},"query-input":{"@type":"PropertyValueSpecification","valueRequired":true,"valueName":"search_term_string"}}],"inLanguage":"et"},{"@type":"Organization","@id":"https:\/\/nordlinepaadid.ee\/et\/#organization","name":"Nordlineboats","url":"https:\/\/nordlinepaadid.ee\/et\/","logo":{"@type":"ImageObject","inLanguage":"et","@id":"https:\/\/nordlinepaadid.ee\/et\/#\/schema\/logo\/image\/","url":"https:\/\/nordlinepaadid.ee\/wp-content\/uploads\/2023\/01\/fulllogo_transparent_nobuffer-e1672750475494.png","contentUrl":"https:\/\/nordlinepaadid.ee\/wp-content\/uploads\/2023\/01\/fulllogo_transparent_nobuffer-e1672750475494.png","width":150,"height":119,"caption":"Nordlineboats"},"image":{"@id":"https:\/\/nordlinepaadid.ee\/et\/#\/schema\/logo\/image\/"},"sameAs":["https:\/\/www.facebook.com\/nordlineboats","https:\/\/www.youtube.com\/channel\/UCbgF0fy02y3QkFnujaLTaCA"]}]}},"taxonomy_info":{"product_cat":[{"value":155,"label":"TOHATSU PAADIMOOTORID"}]},"featured_image_src_large":["https:\/\/nordlinepaadid.ee\/wp-content\/uploads\/2023\/03\/Paadimootor-Tohatsu-40-MFS40AETS--775x1024.jpeg",775,1024,true],"author_info":[],"comment_info":"","_links":{"self":[{"href":"https:\/\/nordlinepaadid.ee\/et\/wp-json\/wp\/v2\/product\/7272","targetHints":{"allow":["GET"]}}],"collection":[{"href":"https:\/\/nordlinepaadid.ee\/et\/wp-json\/wp\/v2\/product"}],"about":[{"href":"https:\/\/nordlinepaadid.ee\/et\/wp-json\/wp\/v2\/types\/product"}],"wp:featuredmedia":[{"embeddable":true,"href":"https:\/\/nordlinepaadid.ee\/et\/wp-json\/wp\/v2\/media\/7266"}],"wp:attachment":[{"href":"https:\/\/nordlinepaadid.ee\/et\/wp-json\/wp\/v2\/media?parent=7272"}],"wp:term":[{"taxonomy":"product_brand","embeddable":true,"href":"https:\/\/nordlinepaadid.ee\/et\/wp-json\/wp\/v2\/product_brand?post=7272"},{"taxonomy":"product_cat","embeddable":true,"href":"https:\/\/nordlinepaadid.ee\/et\/wp-json\/wp\/v2\/product_cat?post=7272"},{"taxonomy":"product_tag","embeddable":true,"href":"https:\/\/nordlinepaadid.ee\/et\/wp-json\/wp\/v2\/product_tag?post=7272"}],"curies":[{"name":"wp","href":"https:\/\/api.w.org\/{rel}","templated":true}]}}