{"id":7309,"date":"2023-03-13T10:53:05","date_gmt":"2023-03-13T08:53:05","guid":{"rendered":"https:\/\/nordlinepaadid.ee\/?post_type=product&#038;p=7309"},"modified":"2026-04-19T16:05:21","modified_gmt":"2026-04-19T13:05:21","slug":"paadimootor-tohatsu-mfs-75-aetul","status":"publish","type":"product","link":"https:\/\/nordlinepaadid.ee\/et\/pood\/tohatsu-paadimootorid\/paadimootor-tohatsu-mfs-75-aetul\/","title":{"rendered":"Paadimootor Tohatsu MFS 75 AETUL"},"content":{"rendered":"<h1>Paadimootor Tohatsu MFS 75 AETUL<\/h1>\n<p><strong>Tohatsu MFS 75 A<\/strong>\u00a0paadimootor p\u00f5hineb levinud 1995 cm3 silindriploki mudeliperekonnast.\u00a0Suur silindri t\u00f6\u00f6maht t\u00e4hendab head p\u00f6\u00f6rdemomenti ja kiirendust.\u00a0Trollimiskiiruse kontroll standardvarustuses.<\/p>\n<table id=\"motors\">\n<tbody>\n<tr>\n<th>Mudel<\/th>\n<th>Ahtripeeglile k\u00f5rgusega<\/th>\n<th>Silindreid<\/th>\n<th>Elektriline start<\/th>\n<th>K\u00e4si- juhtimine<\/th>\n<th>distants- juhtimine<\/th>\n<th>12V laadimine<\/th>\n<th>El. trimm<\/th>\n<th>K\u00fctusepaak<\/th>\n<th>S\u00f5ukruvi<\/th>\n<\/tr>\n<tr>\n<td>\n<div class=\"page\" title=\"Page 1\">\n<div class=\"layoutArea\">\n<div class=\"column\">\n<div class=\"page\" title=\"Page 1\">\n<div class=\"layoutArea\">\n<div class=\"column\"><a href=\"\/et?p=7303\"><strong>Tohatsu MFS75AETL<\/strong><\/a><\/div>\n<\/div>\n<\/div>\n<\/div>\n<\/div>\n<\/div>\n<\/td>\n<td><strong>20&#8243;<\/strong><\/td>\n<td><strong>3<\/strong><\/td>\n<td><strong>S<\/strong><\/td>\n<td><\/td>\n<td><strong>S<\/strong><\/td>\n<td><strong>12V, 252W, 21A<\/strong><\/td>\n<td><strong>S<\/strong><\/td>\n<td><strong>S<\/strong><\/td>\n<td><strong>S<\/strong><\/td>\n<\/tr>\n<tr>\n<td>\n<div class=\"page\" title=\"Page 1\">\n<div class=\"layoutArea\">\n<div class=\"column\"><a href=\"\/et?p=7309\">Tohatsu\u00a0<span style=\"font-family: inherit; font-size: inherit;\">MFS75AETUL<\/span><\/a><\/div>\n<\/div>\n<\/div>\n<\/td>\n<td>25&#8243;<\/td>\n<td>3<\/td>\n<td>S<\/td>\n<td><\/td>\n<td>S<\/td>\n<td>12V, 252W, 21A<\/td>\n<td>S<\/td>\n<td>S<\/td>\n<td>S<\/td>\n<\/tr>\n<\/tbody>\n<\/table>\n<p>S &#8211; Standardvarustuses<\/p>\n<h2>Paadimootor Tohatsu 75HJ tehnilised andmed<\/h2>\n<table id=\"motors\">\n<tbody>\n<tr>\n<td>Tooteinfo:<\/td>\n<td>TOHATSU MFS 75\u00a0<span style=\"font-family: inherit; font-size: inherit;\">AWETUL<\/span><\/td>\n<\/tr>\n<tr>\n<td>Silindrite arv<\/td>\n<td>4<\/td>\n<\/tr>\n<tr>\n<td>V\u014dimsus:<\/td>\n<td>75 hj (55,2kW)<\/td>\n<\/tr>\n<tr>\n<td>Kubatuur:<\/td>\n<td>1995 cm3<\/td>\n<\/tr>\n<tr>\n<td>K\u00fctus<\/td>\n<td>Pliivaba, min. 95 okt, soovituslik 98<\/td>\n<\/tr>\n<tr>\n<td>\u00d5li<\/td>\n<td>Sertifitseeritud 4-taktiline \u00f5li SAE 10W-30\/40<\/td>\n<\/tr>\n<tr>\n<td>Kaal<\/td>\n<td>178 kg<\/td>\n<\/tr>\n<tr>\n<td>Max p\u00f6\u00f6rete vahemik<\/td>\n<td>5150 &#8211; 5850<\/td>\n<\/tr>\n<tr>\n<td>K\u00fctuses\u00fcsteem<\/td>\n<td>Digital CD Ignition System<\/td>\n<\/tr>\n<tr>\n<td>Garantii:<\/td>\n<td>5 aastat<\/td>\n<\/tr>\n<\/tbody>\n<\/table>\n<h2>Paadimootor Tohatsu 75HJ p\u00f5hiomadused<\/h2>\n<div class=\"block-cmn-002 u-inview u-inview--show\">\n<div class=\"block-cmn-002 u-inview u-inview--show\">\n<h3 class=\"ttl-cmn-02 type-normal\"><span class=\"ttl-cmn-02__main\">Suure j\u00f5udlusega ja lihtne kasutada<\/span><\/h3>\n<ul class=\"list-cmn\">\n<li class=\"list-cmn__item\">4-2-1 Suure j\u00f5udlusega heitgaas tekitab suure p\u00f6\u00f6rdemomendi, mis aitab teil kiiremini edasi j\u00f5uda<\/li>\n<li class=\"list-cmn__item\">Peenh\u00e4\u00e4lestatud ECU tagab vajadusel tugeva kiirenduse<\/li>\n<li class=\"list-cmn__item\">Elektrooniline k\u00fctuseprits<\/li>\n<li class=\"list-cmn__item\">Mikroarvuti programmeeritud s\u00fc\u00fctes\u00fcsteem kiiremaks k\u00e4ivitamiseks<\/li>\n<li class=\"list-cmn__item\">Suure v\u00f5imsusega 41-amprine generaator<\/li>\n<li class=\"list-cmn__item\">Reguleeritav roolih\u00f5\u00f5rd ja trimmimiskoht roolimisj\u00f5u v\u00e4hendamiseks<\/li>\n<li class=\"list-cmn__item\">Toite trimmimine ja kallutamine<\/li>\n<\/ul>\n<\/div>\n<div class=\"block-cmn-002 u-inview u-inview--show\">\n<h3 class=\"ttl-cmn-02 type-normal\"><span class=\"ttl-cmn-02__main\">Kasutaja mugavuse ja usaldusv\u00e4\u00e4rsuse alused<\/span><\/h3>\n<ul class=\"list-cmn\">\n<li class=\"list-cmn__item\">Sheet Molding Compound (SMC) korpused on vastupidavuse tagamiseks<\/li>\n<li class=\"list-cmn__item\">Anodeeritud alumiiniumkomponendid korrosioonikindluse tagamiseks<\/li>\n<li class=\"list-cmn__item\">\u00d5lifiltri all olev \u00f5lip\u00fc\u00fcdurialus, puhastab \u00f5lifiltrit<\/li>\n<li class=\"list-cmn__item\">Kergesti ligip\u00e4\u00e4setav ja eemaldatav k\u00fctusefilter, v\u00f5imaldab veest lihtsalt ja kiiresti t\u00fchjendada<\/li>\n<li class=\"list-cmn__item\">\u00dcle 16 ohvri anoodi, mis on strateegiliselt paigutatud k\u00f5ikidesse p\u00f5hikomponentidesse<\/li>\n<li class=\"list-cmn__item\">Sisseehitatud magevee loputuss\u00fcsteem h\u00f5lpsaks rutiinseks loputamiseks<\/li>\n<li class=\"list-cmn__item\">Muutuva t\u00fchik\u00e4igu kiiruse reguleerimine vahemikus 650 kuni 850 p \/ min 5-sammulisena<\/li>\n<li class=\"list-cmn__item\">Nukkv\u00f5lliga juhitav trohoidne \u00f5lipump tagab mootori kriitiliste osade pikaajalise vastupidavuse<\/li>\n<li class=\"list-cmn__item\">Roostevabast terasest veepumba korpuse vooder, suurep\u00e4rase vastupidavuse tagamiseks<\/li>\n<\/ul>\n<\/div>\n<div class=\"block-cmn-002 u-inview u-inview--show\">\n<h3 class=\"ttl-cmn-02 type-normal\"><span class=\"ttl-cmn-02__main\">Hoiatus ja kaitse<\/span><\/h3>\n<ul class=\"list-cmn\">\n<li class=\"list-cmn__item\">Madala \u00f5lir\u00f5hu hoiatus (visuaalne ja kuuldav)<\/li>\n<li class=\"list-cmn__item\">\u00dclekuumenemise hoiatus (kuuldav)<\/li>\n<li class=\"list-cmn__item\">K\u00e4igukasti kaitse, mootori turvalisemaks k\u00e4ivitamiseks<\/li>\n<li class=\"list-cmn__item\">Turvapael (oluline kaitsefunktsioon, standard k\u00f5igil Tohatsu rippmootoritel)<\/li>\n<li class=\"list-cmn__item\">P\u00f6\u00f6rete piiraja<\/li>\n<\/ul>\n<\/div>\n<h3 class=\"ttl-cmn-02 type-normal\"><span style=\"font-family: var(--global-body-font-family); font-size: 17px; font-weight: 400;\">Paadimootor Tohatsu 75HJ kohta loe t\u00e4psemalt <\/span><a style=\"font-family: var(--global-body-font-family); font-size: 17px; font-weight: 400;\" href=\"https:\/\/www.tohatsu.com\/marine\/na\/outboards\/20_4st.html\" target=\"_blank\" rel=\"noopener\">www.tohatsu.com<\/a><\/h3>\n<\/div>\n<p>P\u00e4ritolumaa : Jaapan.<\/p>\n<h2>Transport<\/h2>\n<p>Toimetame mootori sulle sobival ajal sinu soovitud kohta. Transpordi saate valida, kui vormistate ostu ostukorvis.<\/p>\n<h3>Paigaldus<\/h3>\n<p>V\u00e4iksemad mootorid ei vaja paigalduseks eraldi spetsialisti. Kaugjuhtimisega mootorite puhul oleme valmis paigaldama mootori Teie paadile. Vaata selle teenuse kohta t\u00e4psemalt <a href=\"\/et?page_id=3975\" target=\"_blank\" rel=\"noopener\">&#8220;mootori paigaldus&#8221;<\/a>.<\/p>\n<p><strong>Helista 50 55 152 v\u00f5i kirjuta meile. Pakume sulle parimaid mootoreid, parimate hindadega.<\/strong><\/p>\n<div class=\"pooleks\">\n<h3>V\u00f5ta \u00fchendust<\/h3>\n\n<div class=\"wpcf7 no-js\" id=\"wpcf7-f3217-o1\" lang=\"et\" dir=\"ltr\" data-wpcf7-id=\"3217\">\n<div class=\"screen-reader-response\"><p role=\"status\" aria-live=\"polite\" aria-atomic=\"true\"><\/p> <ul><\/ul><\/div>\n<form action=\"\/et\/wp-json\/wp\/v2\/product\/7309#wpcf7-f3217-o1\" method=\"post\" class=\"wpcf7-form init\" aria-label=\"Contact form\" novalidate=\"novalidate\" data-status=\"init\">\n<fieldset class=\"hidden-fields-container\"><input type=\"hidden\" name=\"_wpcf7\" value=\"3217\" \/><input type=\"hidden\" name=\"_wpcf7_version\" value=\"6.1.5\" \/><input type=\"hidden\" name=\"_wpcf7_locale\" value=\"et\" \/><input type=\"hidden\" name=\"_wpcf7_unit_tag\" value=\"wpcf7-f3217-o1\" \/><input type=\"hidden\" name=\"_wpcf7_container_post\" value=\"0\" \/><input type=\"hidden\" name=\"_wpcf7_posted_data_hash\" value=\"\" \/>\n<\/fieldset>\n<p><label> Nimi (n\u00f5utav)<br \/>\n<span class=\"wpcf7-form-control-wrap\" data-name=\"your-name\"><input size=\"40\" maxlength=\"400\" class=\"wpcf7-form-control wpcf7-text wpcf7-validates-as-required\" aria-required=\"true\" aria-invalid=\"false\" value=\"\" type=\"text\" name=\"your-name\" \/><\/span> <\/label><br \/>\n<label> Email (n\u00f5utav)<br \/>\n<span class=\"wpcf7-form-control-wrap\" data-name=\"your-email\"><input size=\"40\" maxlength=\"400\" class=\"wpcf7-form-control wpcf7-email wpcf7-validates-as-required wpcf7-text wpcf7-validates-as-email\" aria-required=\"true\" aria-invalid=\"false\" value=\"\" type=\"email\" name=\"your-email\" \/><\/span> <\/label><br \/>\n<label> Telefon<br \/>\n<span class=\"wpcf7-form-control-wrap\" data-name=\"Telefon\"><input size=\"40\" maxlength=\"400\" class=\"wpcf7-form-control wpcf7-tel wpcf7-text wpcf7-validates-as-tel\" aria-invalid=\"false\" value=\"\" type=\"tel\" name=\"Telefon\" \/><\/span><\/label><br \/>\n<label> Teade<br \/>\n<span class=\"wpcf7-form-control-wrap\" data-name=\"your-message\"><textarea cols=\"40\" rows=\"10\" maxlength=\"2000\" class=\"wpcf7-form-control wpcf7-textarea\" aria-invalid=\"false\" name=\"your-message\"><\/textarea><\/span> <\/label>\n<\/p>\n<p><input class=\"wpcf7-form-control wpcf7-submit has-spinner\" type=\"submit\" value=\"Saada\" \/>\n<\/p><div class=\"wpcf7-response-output\" aria-hidden=\"true\"><\/div>\n<\/form>\n<\/div>\n\n<\/div>\n<div class=\"pooleks\">\n<p>&nbsp;<\/p>\n<\/div>\n","protected":false},"excerpt":{"rendered":"<p>Paadimootor Tohatsu MFS 75 AETUL Tohatsu MFS 75 A\u00a0paadimootor p\u00f5hineb levinud 1995 cm3 silindriploki mudeliperekonnast.\u00a0Suur silindri t\u00f6\u00f6maht t\u00e4hendab head p\u00f6\u00f6rdemomenti ja kiirendust.\u00a0Trollimiskiiruse kontroll standardvarustuses. Mudel Ahtripeeglile k\u00f5rgusega Silindreid Elektriline start K\u00e4si- juhtimine distants- juhtimine 12V laadimine El. trimm K\u00fctusepaak S\u00f5ukruvi Tohatsu MFS75AETL 20&#8243; 3 S S 12V, 252W, 21A S S S Tohatsu\u00a0MFS75AETUL 25&#8243; 3&#8230;<\/p>\n","protected":false},"featured_media":7306,"template":"","meta":{"_kad_blocks_custom_css":"","_kad_blocks_head_custom_js":"","_kad_blocks_body_custom_js":"","_kad_blocks_footer_custom_js":"","_kad_post_transparent":"default","_kad_post_title":"","_kad_post_layout":"default","_kad_post_sidebar_id":"","_kad_post_content_style":"default","_kad_post_vertical_padding":"default","_kad_post_feature":"","_kad_post_feature_position":"","_kad_post_header":false,"_kad_post_footer":false,"_kad_post_classname":""},"product_brand":[],"product_cat":[155],"product_tag":[],"class_list":{"0":"post-7309","1":"product","2":"type-product","3":"status-publish","4":"has-post-thumbnail","6":"product_cat-tohatsu-paadimootorid","7":"product_shipping_class-euroalusele-mahtuv-kaup","8":"tm-no-options","10":"first","11":"onbackorder","12":"taxable","13":"shipping-taxable","14":"purchasable","15":"product-type-simple","16":"entry","17":"content-bg","18":"loop-entry"},"yoast_head":"<!-- This site is optimized with the Yoast SEO plugin v27.3 - https:\/\/yoast.com\/product\/yoast-seo-wordpress\/ -->\n<title>Paadimootor TOHATSU 75HJ - garantii 5a - NORDLINEBOATS<\/title>\n<meta name=\"description\" content=\"Tohatsu MFS 75 A paadimootor p\u00f5hineb levinud 1995 cm3 silindriploki mudeliperekonnast. Suur silindri t\u00f6\u00f6maht t\u00e4hendab head p\u00f6\u00f6rdemomenti ja kiirendust.\" \/>\n<meta name=\"robots\" content=\"index, follow, max-snippet:-1, max-image-preview:large, max-video-preview:-1\" \/>\n<link rel=\"canonical\" href=\"https:\/\/nordlinepaadid.ee\/et\/pood\/tohatsu-paadimootorid\/paadimootor-tohatsu-mfs-75-aetul\/\" \/>\n<meta property=\"og:locale\" content=\"et_EE\" \/>\n<meta property=\"og:type\" content=\"article\" \/>\n<meta property=\"og:title\" content=\"Paadimootor TOHATSU 75HJ - garantii 5a - NORDLINEBOATS\" \/>\n<meta property=\"og:description\" content=\"Tohatsu MFS 75 A paadimootor p\u00f5hineb levinud 1995 cm3 silindriploki mudeliperekonnast. Suur silindri t\u00f6\u00f6maht t\u00e4hendab head p\u00f6\u00f6rdemomenti ja kiirendust.\" \/>\n<meta property=\"og:url\" content=\"https:\/\/nordlinepaadid.ee\/et\/pood\/tohatsu-paadimootorid\/paadimootor-tohatsu-mfs-75-aetul\/\" \/>\n<meta property=\"og:site_name\" content=\"NORDLINE s\u00f5udepaadid ja mootorpaadid. Klaasfiiber materjalist.\" \/>\n<meta property=\"article:publisher\" content=\"https:\/\/www.facebook.com\/nordlineboats\" \/>\n<meta property=\"article:modified_time\" content=\"2026-04-19T13:05:21+00:00\" \/>\n<meta property=\"og:image\" content=\"https:\/\/nordlinepaadid.ee\/wp-content\/uploads\/2023\/03\/Paadimootor-Tohatsu-75hj-paramootor.jpeg\" \/>\n\t<meta property=\"og:image:width\" content=\"1404\" \/>\n\t<meta property=\"og:image:height\" content=\"1854\" \/>\n\t<meta property=\"og:image:type\" content=\"image\/jpeg\" \/>\n<meta name=\"twitter:card\" content=\"summary_large_image\" \/>\n<meta name=\"twitter:label1\" content=\"Est. reading time\" \/>\n\t<meta name=\"twitter:data1\" content=\"2 minutit\" \/>\n<script type=\"application\/ld+json\" class=\"yoast-schema-graph\">{\"@context\":\"https:\\\/\\\/schema.org\",\"@graph\":[{\"@type\":\"WebPage\",\"@id\":\"https:\\\/\\\/nordlinepaadid.ee\\\/et\\\/pood\\\/tohatsu-paadimootorid\\\/paadimootor-tohatsu-mfs-75-aetul\\\/\",\"url\":\"https:\\\/\\\/nordlinepaadid.ee\\\/et\\\/pood\\\/tohatsu-paadimootorid\\\/paadimootor-tohatsu-mfs-75-aetul\\\/\",\"name\":\"Paadimootor TOHATSU 75HJ - garantii 5a - NORDLINEBOATS\",\"isPartOf\":{\"@id\":\"https:\\\/\\\/nordlinepaadid.ee\\\/et\\\/#website\"},\"primaryImageOfPage\":{\"@id\":\"https:\\\/\\\/nordlinepaadid.ee\\\/et\\\/pood\\\/tohatsu-paadimootorid\\\/paadimootor-tohatsu-mfs-75-aetul\\\/#primaryimage\"},\"image\":{\"@id\":\"https:\\\/\\\/nordlinepaadid.ee\\\/et\\\/pood\\\/tohatsu-paadimootorid\\\/paadimootor-tohatsu-mfs-75-aetul\\\/#primaryimage\"},\"thumbnailUrl\":\"https:\\\/\\\/nordlinepaadid.ee\\\/wp-content\\\/uploads\\\/2023\\\/03\\\/Paadimootor-Tohatsu-75hj-paramootor.jpeg\",\"datePublished\":\"2023-03-13T08:53:05+00:00\",\"dateModified\":\"2026-04-19T13:05:21+00:00\",\"description\":\"Tohatsu MFS 75 A paadimootor p\u00f5hineb levinud 1995 cm3 silindriploki mudeliperekonnast. Suur silindri t\u00f6\u00f6maht t\u00e4hendab head p\u00f6\u00f6rdemomenti ja kiirendust.\",\"breadcrumb\":{\"@id\":\"https:\\\/\\\/nordlinepaadid.ee\\\/et\\\/pood\\\/tohatsu-paadimootorid\\\/paadimootor-tohatsu-mfs-75-aetul\\\/#breadcrumb\"},\"inLanguage\":\"et\",\"potentialAction\":[{\"@type\":\"ReadAction\",\"target\":[\"https:\\\/\\\/nordlinepaadid.ee\\\/et\\\/pood\\\/tohatsu-paadimootorid\\\/paadimootor-tohatsu-mfs-75-aetul\\\/\"]}]},{\"@type\":\"ImageObject\",\"inLanguage\":\"et\",\"@id\":\"https:\\\/\\\/nordlinepaadid.ee\\\/et\\\/pood\\\/tohatsu-paadimootorid\\\/paadimootor-tohatsu-mfs-75-aetul\\\/#primaryimage\",\"url\":\"https:\\\/\\\/nordlinepaadid.ee\\\/wp-content\\\/uploads\\\/2023\\\/03\\\/Paadimootor-Tohatsu-75hj-paramootor.jpeg\",\"contentUrl\":\"https:\\\/\\\/nordlinepaadid.ee\\\/wp-content\\\/uploads\\\/2023\\\/03\\\/Paadimootor-Tohatsu-75hj-paramootor.jpeg\",\"width\":1404,\"height\":1854,\"caption\":\"Paadimootor Tohatsu 75hj p\u00e4ramootor\"},{\"@type\":\"BreadcrumbList\",\"@id\":\"https:\\\/\\\/nordlinepaadid.ee\\\/et\\\/pood\\\/tohatsu-paadimootorid\\\/paadimootor-tohatsu-mfs-75-aetul\\\/#breadcrumb\",\"itemListElement\":[{\"@type\":\"ListItem\",\"position\":1,\"name\":\"Home\",\"item\":\"https:\\\/\\\/nordlinepaadid.ee\\\/et\\\/\"},{\"@type\":\"ListItem\",\"position\":2,\"name\":\"Pood\",\"item\":\"https:\\\/\\\/nordlinepaadid.ee\\\/et\\\/pood\\\/\"},{\"@type\":\"ListItem\",\"position\":3,\"name\":\"Paadimootor Tohatsu MFS 75 AETUL\"}]},{\"@type\":\"WebSite\",\"@id\":\"https:\\\/\\\/nordlinepaadid.ee\\\/et\\\/#website\",\"url\":\"https:\\\/\\\/nordlinepaadid.ee\\\/et\\\/\",\"name\":\"NORDLINE s\u00f5udepaadid ja mootorpaadid. Klaasfiiber materjalist.\",\"description\":\"\",\"publisher\":{\"@id\":\"https:\\\/\\\/nordlinepaadid.ee\\\/et\\\/#organization\"},\"potentialAction\":[{\"@type\":\"SearchAction\",\"target\":{\"@type\":\"EntryPoint\",\"urlTemplate\":\"https:\\\/\\\/nordlinepaadid.ee\\\/et\\\/?s={search_term_string}\"},\"query-input\":{\"@type\":\"PropertyValueSpecification\",\"valueRequired\":true,\"valueName\":\"search_term_string\"}}],\"inLanguage\":\"et\"},{\"@type\":\"Organization\",\"@id\":\"https:\\\/\\\/nordlinepaadid.ee\\\/et\\\/#organization\",\"name\":\"Nordlineboats\",\"url\":\"https:\\\/\\\/nordlinepaadid.ee\\\/et\\\/\",\"logo\":{\"@type\":\"ImageObject\",\"inLanguage\":\"et\",\"@id\":\"https:\\\/\\\/nordlinepaadid.ee\\\/et\\\/#\\\/schema\\\/logo\\\/image\\\/\",\"url\":\"https:\\\/\\\/nordlinepaadid.ee\\\/wp-content\\\/uploads\\\/2023\\\/01\\\/fulllogo_transparent_nobuffer-e1672750475494.png\",\"contentUrl\":\"https:\\\/\\\/nordlinepaadid.ee\\\/wp-content\\\/uploads\\\/2023\\\/01\\\/fulllogo_transparent_nobuffer-e1672750475494.png\",\"width\":150,\"height\":119,\"caption\":\"Nordlineboats\"},\"image\":{\"@id\":\"https:\\\/\\\/nordlinepaadid.ee\\\/et\\\/#\\\/schema\\\/logo\\\/image\\\/\"},\"sameAs\":[\"https:\\\/\\\/www.facebook.com\\\/nordlineboats\",\"https:\\\/\\\/www.youtube.com\\\/channel\\\/UCbgF0fy02y3QkFnujaLTaCA\"]}]}<\/script>\n<!-- \/ Yoast SEO plugin. -->","yoast_head_json":{"title":"Paadimootor TOHATSU 75HJ - garantii 5a - NORDLINEBOATS","description":"Tohatsu MFS 75 A paadimootor p\u00f5hineb levinud 1995 cm3 silindriploki mudeliperekonnast. Suur silindri t\u00f6\u00f6maht t\u00e4hendab head p\u00f6\u00f6rdemomenti ja kiirendust.","robots":{"index":"index","follow":"follow","max-snippet":"max-snippet:-1","max-image-preview":"max-image-preview:large","max-video-preview":"max-video-preview:-1"},"canonical":"https:\/\/nordlinepaadid.ee\/et\/pood\/tohatsu-paadimootorid\/paadimootor-tohatsu-mfs-75-aetul\/","og_locale":"et_EE","og_type":"article","og_title":"Paadimootor TOHATSU 75HJ - garantii 5a - NORDLINEBOATS","og_description":"Tohatsu MFS 75 A paadimootor p\u00f5hineb levinud 1995 cm3 silindriploki mudeliperekonnast. Suur silindri t\u00f6\u00f6maht t\u00e4hendab head p\u00f6\u00f6rdemomenti ja kiirendust.","og_url":"https:\/\/nordlinepaadid.ee\/et\/pood\/tohatsu-paadimootorid\/paadimootor-tohatsu-mfs-75-aetul\/","og_site_name":"NORDLINE s\u00f5udepaadid ja mootorpaadid. Klaasfiiber materjalist.","article_publisher":"https:\/\/www.facebook.com\/nordlineboats","article_modified_time":"2026-04-19T13:05:21+00:00","og_image":[{"width":1404,"height":1854,"url":"https:\/\/nordlinepaadid.ee\/wp-content\/uploads\/2023\/03\/Paadimootor-Tohatsu-75hj-paramootor.jpeg","type":"image\/jpeg"}],"twitter_card":"summary_large_image","twitter_misc":{"Est. reading time":"2 minutit"},"schema":{"@context":"https:\/\/schema.org","@graph":[{"@type":"WebPage","@id":"https:\/\/nordlinepaadid.ee\/et\/pood\/tohatsu-paadimootorid\/paadimootor-tohatsu-mfs-75-aetul\/","url":"https:\/\/nordlinepaadid.ee\/et\/pood\/tohatsu-paadimootorid\/paadimootor-tohatsu-mfs-75-aetul\/","name":"Paadimootor TOHATSU 75HJ - garantii 5a - NORDLINEBOATS","isPartOf":{"@id":"https:\/\/nordlinepaadid.ee\/et\/#website"},"primaryImageOfPage":{"@id":"https:\/\/nordlinepaadid.ee\/et\/pood\/tohatsu-paadimootorid\/paadimootor-tohatsu-mfs-75-aetul\/#primaryimage"},"image":{"@id":"https:\/\/nordlinepaadid.ee\/et\/pood\/tohatsu-paadimootorid\/paadimootor-tohatsu-mfs-75-aetul\/#primaryimage"},"thumbnailUrl":"https:\/\/nordlinepaadid.ee\/wp-content\/uploads\/2023\/03\/Paadimootor-Tohatsu-75hj-paramootor.jpeg","datePublished":"2023-03-13T08:53:05+00:00","dateModified":"2026-04-19T13:05:21+00:00","description":"Tohatsu MFS 75 A paadimootor p\u00f5hineb levinud 1995 cm3 silindriploki mudeliperekonnast. Suur silindri t\u00f6\u00f6maht t\u00e4hendab head p\u00f6\u00f6rdemomenti ja kiirendust.","breadcrumb":{"@id":"https:\/\/nordlinepaadid.ee\/et\/pood\/tohatsu-paadimootorid\/paadimootor-tohatsu-mfs-75-aetul\/#breadcrumb"},"inLanguage":"et","potentialAction":[{"@type":"ReadAction","target":["https:\/\/nordlinepaadid.ee\/et\/pood\/tohatsu-paadimootorid\/paadimootor-tohatsu-mfs-75-aetul\/"]}]},{"@type":"ImageObject","inLanguage":"et","@id":"https:\/\/nordlinepaadid.ee\/et\/pood\/tohatsu-paadimootorid\/paadimootor-tohatsu-mfs-75-aetul\/#primaryimage","url":"https:\/\/nordlinepaadid.ee\/wp-content\/uploads\/2023\/03\/Paadimootor-Tohatsu-75hj-paramootor.jpeg","contentUrl":"https:\/\/nordlinepaadid.ee\/wp-content\/uploads\/2023\/03\/Paadimootor-Tohatsu-75hj-paramootor.jpeg","width":1404,"height":1854,"caption":"Paadimootor Tohatsu 75hj p\u00e4ramootor"},{"@type":"BreadcrumbList","@id":"https:\/\/nordlinepaadid.ee\/et\/pood\/tohatsu-paadimootorid\/paadimootor-tohatsu-mfs-75-aetul\/#breadcrumb","itemListElement":[{"@type":"ListItem","position":1,"name":"Home","item":"https:\/\/nordlinepaadid.ee\/et\/"},{"@type":"ListItem","position":2,"name":"Pood","item":"https:\/\/nordlinepaadid.ee\/et\/pood\/"},{"@type":"ListItem","position":3,"name":"Paadimootor Tohatsu MFS 75 AETUL"}]},{"@type":"WebSite","@id":"https:\/\/nordlinepaadid.ee\/et\/#website","url":"https:\/\/nordlinepaadid.ee\/et\/","name":"NORDLINE s\u00f5udepaadid ja mootorpaadid. Klaasfiiber materjalist.","description":"","publisher":{"@id":"https:\/\/nordlinepaadid.ee\/et\/#organization"},"potentialAction":[{"@type":"SearchAction","target":{"@type":"EntryPoint","urlTemplate":"https:\/\/nordlinepaadid.ee\/et\/?s={search_term_string}"},"query-input":{"@type":"PropertyValueSpecification","valueRequired":true,"valueName":"search_term_string"}}],"inLanguage":"et"},{"@type":"Organization","@id":"https:\/\/nordlinepaadid.ee\/et\/#organization","name":"Nordlineboats","url":"https:\/\/nordlinepaadid.ee\/et\/","logo":{"@type":"ImageObject","inLanguage":"et","@id":"https:\/\/nordlinepaadid.ee\/et\/#\/schema\/logo\/image\/","url":"https:\/\/nordlinepaadid.ee\/wp-content\/uploads\/2023\/01\/fulllogo_transparent_nobuffer-e1672750475494.png","contentUrl":"https:\/\/nordlinepaadid.ee\/wp-content\/uploads\/2023\/01\/fulllogo_transparent_nobuffer-e1672750475494.png","width":150,"height":119,"caption":"Nordlineboats"},"image":{"@id":"https:\/\/nordlinepaadid.ee\/et\/#\/schema\/logo\/image\/"},"sameAs":["https:\/\/www.facebook.com\/nordlineboats","https:\/\/www.youtube.com\/channel\/UCbgF0fy02y3QkFnujaLTaCA"]}]}},"taxonomy_info":{"product_cat":[{"value":155,"label":"TOHATSU PAADIMOOTORID"}]},"featured_image_src_large":["https:\/\/nordlinepaadid.ee\/wp-content\/uploads\/2023\/03\/Paadimootor-Tohatsu-75hj-paramootor-775x1024.jpeg",775,1024,true],"author_info":[],"comment_info":"","_links":{"self":[{"href":"https:\/\/nordlinepaadid.ee\/et\/wp-json\/wp\/v2\/product\/7309","targetHints":{"allow":["GET"]}}],"collection":[{"href":"https:\/\/nordlinepaadid.ee\/et\/wp-json\/wp\/v2\/product"}],"about":[{"href":"https:\/\/nordlinepaadid.ee\/et\/wp-json\/wp\/v2\/types\/product"}],"wp:featuredmedia":[{"embeddable":true,"href":"https:\/\/nordlinepaadid.ee\/et\/wp-json\/wp\/v2\/media\/7306"}],"wp:attachment":[{"href":"https:\/\/nordlinepaadid.ee\/et\/wp-json\/wp\/v2\/media?parent=7309"}],"wp:term":[{"taxonomy":"product_brand","embeddable":true,"href":"https:\/\/nordlinepaadid.ee\/et\/wp-json\/wp\/v2\/product_brand?post=7309"},{"taxonomy":"product_cat","embeddable":true,"href":"https:\/\/nordlinepaadid.ee\/et\/wp-json\/wp\/v2\/product_cat?post=7309"},{"taxonomy":"product_tag","embeddable":true,"href":"https:\/\/nordlinepaadid.ee\/et\/wp-json\/wp\/v2\/product_tag?post=7309"}],"curies":[{"name":"wp","href":"https:\/\/api.w.org\/{rel}","templated":true}]}}