{"id":1705,"date":"2017-10-06T06:15:20","date_gmt":"2017-10-06T03:15:20","guid":{"rendered":"https:\/\/nordlinepaadid.ee\/toode\/%d0%bf%d1%80%d0%b8%d1%86%d0%b5%d0%bf-%d0%b4%d0%bb%d1%8f-%d0%bb%d0%be%d0%b4%d0%be%d0%ba-5-90x2-09\/"},"modified":"2026-04-15T00:06:25","modified_gmt":"2026-04-14T21:06:25","slug":"%d0%bf%d1%80%d0%b8%d1%86%d0%b5%d0%bf-%d0%b4%d0%bb%d1%8f-%d0%bb%d0%be%d0%b4%d0%be%d0%ba-5-90x2-09","status":"publish","type":"product","link":"https:\/\/nordlinepaadid.ee\/ru\/pood\/%d0%bf%d1%80%d0%b8%d1%86%d0%b5%d0%bf%d1%8b\/%d0%bf%d1%80%d0%b8%d1%86%d0%b5%d0%bf-%d0%b4%d0%bb%d1%8f-%d0%bb%d0%be%d0%b4%d0%be%d0%ba-5-90x2-09\/","title":{"rendered":"\u041f\u0420\u0418\u0426\u0415\u041f \u0414\u041b\u042f \u041b\u041e\u0414\u041e\u041a 5.90&#215;2.09"},"content":{"rendered":"<h1>\u041f\u0420\u0418\u0426\u0415\u041f \u0414\u041b\u042f \u041b\u041e\u0414\u041e\u041a 5.90&#215;2.09<\/h1>\n<p>\u041f\u0420\u0418\u0426\u0415\u041f \u0414\u041b\u042f \u041b\u041e\u0414\u041e\u041a 5.90&#215;2.09 on tugeva konstruktsiooniga v\u00e4ga v\u00f5imekas haagis.<\/p>\n<table style=\"border-collapse: collapse; width: 544px; border-spacing: 0px; font-variant-caps: normal; text-align: start; -webkit-text-stroke-width: 0px; height: 99px;\" border=\"0\" width=\"130\" cellspacing=\"0\" cellpadding=\"0\">\n<colgroup>\n<col style=\"width: 65pt;\" span=\"2\" width=\"65\" \/> <\/colgroup>\n<tbody>\n<tr style=\"height: 15.0pt;\">\n<td class=\"xl63\" style=\"height: 15.0pt; width: 65pt; background-position: initial initial; background-repeat: initial initial;\" width=\"65\" height=\"15\">Haagise m\u00f5\u00f5dud (m)<\/td>\n<td class=\"xl64\" style=\"width: 65pt; background-position: initial initial; background-repeat: initial initial;\" width=\"65\">5.90&#215;2.09<\/td>\n<\/tr>\n<tr style=\"height: 15.0pt;\">\n<td class=\"xl63\" style=\"height: 15.0pt; background-position: initial initial; background-repeat: initial initial;\" height=\"15\">T\u00e4ismass<\/td>\n<td class=\"xl64\" style=\"background-position: initial initial; background-repeat: initial initial;\">750 kg<\/td>\n<\/tr>\n<tr style=\"height: 15.0pt;\">\n<td class=\"xl63\" style=\"height: 15.0pt; background-position: initial initial; background-repeat: initial initial;\" height=\"15\">T\u00fchimass<\/td>\n<td class=\"xl64\" style=\"background-position: initial initial; background-repeat: initial initial;\">276 kg<\/td>\n<\/tr>\n<tr style=\"height: 15.0pt;\">\n<td class=\"xl63\" style=\"height: 15.0pt; background-position: initial initial; background-repeat: initial initial;\" height=\"15\">Kandev\u00f5ime<\/td>\n<td class=\"xl64\" style=\"background-position: initial initial; background-repeat: initial initial;\">474 kg<\/td>\n<\/tr>\n<tr style=\"height: 15.0pt;\">\n<td class=\"xl63\" style=\"height: 15.0pt; background-position: initial initial; background-repeat: initial initial;\" height=\"15\">Silla t\u00fc\u00fcp<\/td>\n<td class=\"xl64\" style=\"background-position: initial initial; background-repeat: initial initial;\">lehtvedru<\/td>\n<\/tr>\n<tr style=\"height: 15.0pt;\">\n<td class=\"xl63\" style=\"height: 15.0pt; background-position: initial initial; background-repeat: initial initial;\" height=\"15\">Kallutatav<\/td>\n<td class=\"xl64\" style=\"background-position: initial initial; background-repeat: initial initial;\">+<\/td>\n<\/tr>\n<\/tbody>\n<\/table>\n<h2>Standardvarustusse kuulub (on hinna sees):<\/h2>\n<p>* Kuumtsingitud terasraam<br \/>\n* Tiisli tugiratas + klamber, kandev\u00f5ime 150 kg, t\u00e4iskumm<br \/>\n* Vints 800kg, rihmaga 5cm x 7.5m<br \/>\n* K\u00f5rgusreguleeritav vintsipukk<br \/>\n* Lehtvedrusild 1300 kg<br \/>\n* Veekindlad rummud<br \/>\n* Lihtsalt seadistatavad k\u00fcljetoed<br \/>\n* Kiilurullid<br \/>\n* Tagumine kallutusraam mugavaks paadi teisaldamiseks<br \/>\n* Tugevad sidumisaasad<br \/>\n* Pealseismist taluvad poritiivad<br \/>\n* EasyFold tulelahendus<\/p>\n<p><strong>Helista 50 55 152 v\u00f5i kirjuta ja me saadame sulle 24 tunni jooksul pakkumise. Uuri ka <a href=\"https:\/\/nordlinepaadid.ee\/ru\/?page_id=1726\">j\u00e4relmaksu<\/a> v\u00f5imalust.<\/strong><\/p>\n\n<div class=\"wpcf7 no-js\" id=\"wpcf7-f1990-o1\" lang=\"en-US\" dir=\"ltr\" data-wpcf7-id=\"1990\">\n<div class=\"screen-reader-response\"><p role=\"status\" aria-live=\"polite\" aria-atomic=\"true\"><\/p> <ul><\/ul><\/div>\n<form action=\"\/ru\/wp-json\/wp\/v2\/product\/1705#wpcf7-f1990-o1\" method=\"post\" class=\"wpcf7-form init\" aria-label=\"Contact form\" novalidate=\"novalidate\" data-status=\"init\">\n<fieldset class=\"hidden-fields-container\"><input type=\"hidden\" name=\"_wpcf7\" value=\"1990\" \/><input type=\"hidden\" name=\"_wpcf7_version\" value=\"6.1.5\" \/><input type=\"hidden\" name=\"_wpcf7_locale\" value=\"en_US\" \/><input type=\"hidden\" name=\"_wpcf7_unit_tag\" value=\"wpcf7-f1990-o1\" \/><input type=\"hidden\" name=\"_wpcf7_container_post\" value=\"0\" \/><input type=\"hidden\" name=\"_wpcf7_posted_data_hash\" value=\"\" \/>\n<\/fieldset>\n<p><span class=\"wpcf7-form-control-wrap\" data-name=\"Nimi\"><input size=\"40\" maxlength=\"400\" class=\"wpcf7-form-control wpcf7-text\" aria-invalid=\"false\" placeholder=\"Sisesta nimi\" value=\"\" type=\"text\" name=\"Nimi\" \/><\/span><br \/>\n<span class=\"wpcf7-form-control-wrap\" data-name=\"E-post\"><input size=\"40\" maxlength=\"400\" class=\"wpcf7-form-control wpcf7-email wpcf7-validates-as-required wpcf7-text wpcf7-validates-as-email\" aria-required=\"true\" aria-invalid=\"false\" placeholder=\"e-posti aadress\" value=\"\" type=\"email\" name=\"E-post\" \/><\/span><br \/>\n<span class=\"wpcf7-form-control-wrap\" data-name=\"Sonum\"><textarea cols=\"40\" rows=\"10\" maxlength=\"2000\" class=\"wpcf7-form-control wpcf7-textarea\" aria-invalid=\"false\" placeholder=\"Sisesta s\u00f5num. Millise paadi kohta infot soovid?\" name=\"Sonum\"><\/textarea><\/span><br \/>\n<span id=\"wpcf7-69deb3c77714b-wrapper\" class=\"wpcf7-form-control-wrap tre-wrap\" style=\"display:none !important; visibility:hidden !important;\"><label for=\"wpcf7-69deb3c77714b-field\" class=\"hp-message\">Please leave this field empty.<\/label><input id=\"wpcf7-69deb3c77714b-field\"  class=\"wpcf7-form-control wpcf7-text\" type=\"text\" name=\"tre\" value=\"\" size=\"40\" tabindex=\"-1\" autocomplete=\"new-password\" \/><\/span><br \/>\n<input class=\"wpcf7-form-control wpcf7-submit has-spinner\" type=\"submit\" value=\"Saada\" \/>\n<\/p><div class=\"wpcf7-response-output\" aria-hidden=\"true\"><\/div>\n<\/form>\n<\/div>\n\n","protected":false},"excerpt":{"rendered":"<p>Paadihaagis 5.90&#215;2.09 on sobilik paatidele pikkusega kuni 5.6m. Kuumtsingitud terasraam, spetsiaalsed pealseismist taluvad poritiivad ja veekindlad rummud. Tagumine kallutusraam v\u00f5imaldab leida sobiva nurga paadi teisaldamisel. Kiilurullid ja reguleeritavad k\u00fcljetoed tagavad paadi \u00fchtlase toestuse.<\/p>\n","protected":false},"featured_media":896,"template":"","meta":{"_kad_blocks_custom_css":"","_kad_blocks_head_custom_js":"","_kad_blocks_body_custom_js":"","_kad_blocks_footer_custom_js":"","_kad_post_transparent":"","_kad_post_title":"","_kad_post_layout":"","_kad_post_sidebar_id":"","_kad_post_content_style":"","_kad_post_vertical_padding":"","_kad_post_feature":"","_kad_post_feature_position":"","_kad_post_header":false,"_kad_post_footer":false,"_kad_post_classname":""},"product_brand":[],"product_cat":[82],"product_tag":[],"class_list":{"0":"post-1705","1":"product","2":"type-product","3":"status-publish","4":"has-post-thumbnail","6":"product_cat-82","7":"product_shipping_class-kaup-mis-ei-mahu-euroalusele","8":"tm-has-options","10":"first","11":"instock","12":"sale","13":"taxable","14":"shipping-taxable","15":"purchasable","16":"product-type-simple","17":"entry","18":"content-bg","19":"loop-entry"},"yoast_head":"<!-- This site is optimized with the Yoast SEO plugin v27.3 - https:\/\/yoast.com\/product\/yoast-seo-wordpress\/ -->\n<title>\u041f\u0420\u0418\u0426\u0415\u041f \u0414\u041b\u042f \u041b\u041e\u0414\u041e\u041a 5.90x2.09<\/title>\n<meta name=\"description\" content=\"\u041f\u0420\u0418\u0426\u0415\u041f \u0414\u041b\u042f \u041b\u041e\u0414\u041e\u041a 5.90x2.09\" \/>\n<meta name=\"robots\" content=\"index, follow, max-snippet:-1, max-image-preview:large, max-video-preview:-1\" \/>\n<link rel=\"canonical\" href=\"https:\/\/nordlinepaadid.ee\/ru\/pood\/%d0%bf%d1%80%d0%b8%d1%86%d0%b5%d0%bf%d1%8b\/%d0%bf%d1%80%d0%b8%d1%86%d0%b5%d0%bf-%d0%b4%d0%bb%d1%8f-%d0%bb%d0%be%d0%b4%d0%be%d0%ba-5-90x2-09\/\" \/>\n<meta property=\"og:locale\" content=\"ru_RU\" \/>\n<meta property=\"og:type\" content=\"article\" \/>\n<meta property=\"og:title\" content=\"\u041f\u0420\u0418\u0426\u0415\u041f \u0414\u041b\u042f \u041b\u041e\u0414\u041e\u041a 5.90x2.09\" \/>\n<meta property=\"og:description\" content=\"\u041f\u0420\u0418\u0426\u0415\u041f \u0414\u041b\u042f \u041b\u041e\u0414\u041e\u041a 5.90x2.09\" \/>\n<meta property=\"og:url\" content=\"https:\/\/nordlinepaadid.ee\/ru\/pood\/%d0%bf%d1%80%d0%b8%d1%86%d0%b5%d0%bf%d1%8b\/%d0%bf%d1%80%d0%b8%d1%86%d0%b5%d0%bf-%d0%b4%d0%bb%d1%8f-%d0%bb%d0%be%d0%b4%d0%be%d0%ba-5-90x2-09\/\" \/>\n<meta property=\"og:site_name\" content=\"NORDLINE s\u00f5udepaadid ja mootorpaadid. Klaasfiiber materjalist.\" \/>\n<meta property=\"article:publisher\" content=\"https:\/\/www.facebook.com\/nordlineboats\" \/>\n<meta property=\"article:modified_time\" content=\"2026-04-14T21:06:25+00:00\" \/>\n<meta property=\"og:image\" content=\"https:\/\/nordlinepaadid.ee\/wp-content\/uploads\/2017\/10\/750V591L209-scaled.jpg\" \/>\n\t<meta property=\"og:image:width\" content=\"2560\" \/>\n\t<meta property=\"og:image:height\" content=\"1440\" \/>\n\t<meta property=\"og:image:type\" content=\"image\/jpeg\" \/>\n<meta name=\"twitter:card\" content=\"summary_large_image\" \/>\n<script type=\"application\/ld+json\" class=\"yoast-schema-graph\">{\"@context\":\"https:\\\/\\\/schema.org\",\"@graph\":[{\"@type\":\"WebPage\",\"@id\":\"https:\\\/\\\/nordlinepaadid.ee\\\/ru\\\/pood\\\/%d0%bf%d1%80%d0%b8%d1%86%d0%b5%d0%bf%d1%8b\\\/%d0%bf%d1%80%d0%b8%d1%86%d0%b5%d0%bf-%d0%b4%d0%bb%d1%8f-%d0%bb%d0%be%d0%b4%d0%be%d0%ba-5-90x2-09\\\/\",\"url\":\"https:\\\/\\\/nordlinepaadid.ee\\\/ru\\\/pood\\\/%d0%bf%d1%80%d0%b8%d1%86%d0%b5%d0%bf%d1%8b\\\/%d0%bf%d1%80%d0%b8%d1%86%d0%b5%d0%bf-%d0%b4%d0%bb%d1%8f-%d0%bb%d0%be%d0%b4%d0%be%d0%ba-5-90x2-09\\\/\",\"name\":\"\u041f\u0420\u0418\u0426\u0415\u041f \u0414\u041b\u042f \u041b\u041e\u0414\u041e\u041a 5.90x2.09\",\"isPartOf\":{\"@id\":\"https:\\\/\\\/nordlinepaadid.ee\\\/ru\\\/#website\"},\"primaryImageOfPage\":{\"@id\":\"https:\\\/\\\/nordlinepaadid.ee\\\/ru\\\/pood\\\/%d0%bf%d1%80%d0%b8%d1%86%d0%b5%d0%bf%d1%8b\\\/%d0%bf%d1%80%d0%b8%d1%86%d0%b5%d0%bf-%d0%b4%d0%bb%d1%8f-%d0%bb%d0%be%d0%b4%d0%be%d0%ba-5-90x2-09\\\/#primaryimage\"},\"image\":{\"@id\":\"https:\\\/\\\/nordlinepaadid.ee\\\/ru\\\/pood\\\/%d0%bf%d1%80%d0%b8%d1%86%d0%b5%d0%bf%d1%8b\\\/%d0%bf%d1%80%d0%b8%d1%86%d0%b5%d0%bf-%d0%b4%d0%bb%d1%8f-%d0%bb%d0%be%d0%b4%d0%be%d0%ba-5-90x2-09\\\/#primaryimage\"},\"thumbnailUrl\":\"https:\\\/\\\/nordlinepaadid.ee\\\/wp-content\\\/uploads\\\/2017\\\/10\\\/750V591L209-scaled.jpg\",\"datePublished\":\"2017-10-06T03:15:20+00:00\",\"dateModified\":\"2026-04-14T21:06:25+00:00\",\"description\":\"\u041f\u0420\u0418\u0426\u0415\u041f \u0414\u041b\u042f \u041b\u041e\u0414\u041e\u041a 5.90x2.09\",\"breadcrumb\":{\"@id\":\"https:\\\/\\\/nordlinepaadid.ee\\\/ru\\\/pood\\\/%d0%bf%d1%80%d0%b8%d1%86%d0%b5%d0%bf%d1%8b\\\/%d0%bf%d1%80%d0%b8%d1%86%d0%b5%d0%bf-%d0%b4%d0%bb%d1%8f-%d0%bb%d0%be%d0%b4%d0%be%d0%ba-5-90x2-09\\\/#breadcrumb\"},\"inLanguage\":\"ru-RU\",\"potentialAction\":[{\"@type\":\"ReadAction\",\"target\":[\"https:\\\/\\\/nordlinepaadid.ee\\\/ru\\\/pood\\\/%d0%bf%d1%80%d0%b8%d1%86%d0%b5%d0%bf%d1%8b\\\/%d0%bf%d1%80%d0%b8%d1%86%d0%b5%d0%bf-%d0%b4%d0%bb%d1%8f-%d0%bb%d0%be%d0%b4%d0%be%d0%ba-5-90x2-09\\\/\"]}]},{\"@type\":\"ImageObject\",\"inLanguage\":\"ru-RU\",\"@id\":\"https:\\\/\\\/nordlinepaadid.ee\\\/ru\\\/pood\\\/%d0%bf%d1%80%d0%b8%d1%86%d0%b5%d0%bf%d1%8b\\\/%d0%bf%d1%80%d0%b8%d1%86%d0%b5%d0%bf-%d0%b4%d0%bb%d1%8f-%d0%bb%d0%be%d0%b4%d0%be%d0%ba-5-90x2-09\\\/#primaryimage\",\"url\":\"https:\\\/\\\/nordlinepaadid.ee\\\/wp-content\\\/uploads\\\/2017\\\/10\\\/750V591L209-scaled.jpg\",\"contentUrl\":\"https:\\\/\\\/nordlinepaadid.ee\\\/wp-content\\\/uploads\\\/2017\\\/10\\\/750V591L209-scaled.jpg\",\"width\":2560,\"height\":1440,\"caption\":\"\u041f\u0420\u0418\u0426\u0415\u041f \u0414\u041b\u042f \u041b\u041e\u0414\u041e\u041a 5.90x2.09\"},{\"@type\":\"BreadcrumbList\",\"@id\":\"https:\\\/\\\/nordlinepaadid.ee\\\/ru\\\/pood\\\/%d0%bf%d1%80%d0%b8%d1%86%d0%b5%d0%bf%d1%8b\\\/%d0%bf%d1%80%d0%b8%d1%86%d0%b5%d0%bf-%d0%b4%d0%bb%d1%8f-%d0%bb%d0%be%d0%b4%d0%be%d0%ba-5-90x2-09\\\/#breadcrumb\",\"itemListElement\":[{\"@type\":\"ListItem\",\"position\":1,\"name\":\"Home\",\"item\":\"https:\\\/\\\/nordlinepaadid.ee\\\/ru\\\/\"},{\"@type\":\"ListItem\",\"position\":2,\"name\":\"\u041c\u0430\u0433\u0430\u0437\u0438\u043d\",\"item\":\"https:\\\/\\\/nordlinepaadid.ee\\\/ru\\\/shop\\\/\"},{\"@type\":\"ListItem\",\"position\":3,\"name\":\"\u041f\u0420\u0418\u0426\u0415\u041f \u0414\u041b\u042f \u041b\u041e\u0414\u041e\u041a 5.90&#215;2.09\"}]},{\"@type\":\"WebSite\",\"@id\":\"https:\\\/\\\/nordlinepaadid.ee\\\/ru\\\/#website\",\"url\":\"https:\\\/\\\/nordlinepaadid.ee\\\/ru\\\/\",\"name\":\"NORDLINE s\u00f5udepaadid ja mootorpaadid. Klaasfiiber materjalist.\",\"description\":\"\",\"publisher\":{\"@id\":\"https:\\\/\\\/nordlinepaadid.ee\\\/ru\\\/#organization\"},\"potentialAction\":[{\"@type\":\"SearchAction\",\"target\":{\"@type\":\"EntryPoint\",\"urlTemplate\":\"https:\\\/\\\/nordlinepaadid.ee\\\/ru\\\/?s={search_term_string}\"},\"query-input\":{\"@type\":\"PropertyValueSpecification\",\"valueRequired\":true,\"valueName\":\"search_term_string\"}}],\"inLanguage\":\"ru-RU\"},{\"@type\":\"Organization\",\"@id\":\"https:\\\/\\\/nordlinepaadid.ee\\\/ru\\\/#organization\",\"name\":\"Nordlineboats\",\"url\":\"https:\\\/\\\/nordlinepaadid.ee\\\/ru\\\/\",\"logo\":{\"@type\":\"ImageObject\",\"inLanguage\":\"ru-RU\",\"@id\":\"https:\\\/\\\/nordlinepaadid.ee\\\/ru\\\/#\\\/schema\\\/logo\\\/image\\\/\",\"url\":\"https:\\\/\\\/nordlinepaadid.ee\\\/wp-content\\\/uploads\\\/2023\\\/01\\\/fulllogo_transparent_nobuffer-e1672750475494.png\",\"contentUrl\":\"https:\\\/\\\/nordlinepaadid.ee\\\/wp-content\\\/uploads\\\/2023\\\/01\\\/fulllogo_transparent_nobuffer-e1672750475494.png\",\"width\":150,\"height\":119,\"caption\":\"Nordlineboats\"},\"image\":{\"@id\":\"https:\\\/\\\/nordlinepaadid.ee\\\/ru\\\/#\\\/schema\\\/logo\\\/image\\\/\"},\"sameAs\":[\"https:\\\/\\\/www.facebook.com\\\/nordlineboats\",\"https:\\\/\\\/www.youtube.com\\\/channel\\\/UCbgF0fy02y3QkFnujaLTaCA\"]}]}<\/script>\n<!-- \/ Yoast SEO plugin. -->","yoast_head_json":{"title":"\u041f\u0420\u0418\u0426\u0415\u041f \u0414\u041b\u042f \u041b\u041e\u0414\u041e\u041a 5.90x2.09","description":"\u041f\u0420\u0418\u0426\u0415\u041f \u0414\u041b\u042f \u041b\u041e\u0414\u041e\u041a 5.90x2.09","robots":{"index":"index","follow":"follow","max-snippet":"max-snippet:-1","max-image-preview":"max-image-preview:large","max-video-preview":"max-video-preview:-1"},"canonical":"https:\/\/nordlinepaadid.ee\/ru\/pood\/%d0%bf%d1%80%d0%b8%d1%86%d0%b5%d0%bf%d1%8b\/%d0%bf%d1%80%d0%b8%d1%86%d0%b5%d0%bf-%d0%b4%d0%bb%d1%8f-%d0%bb%d0%be%d0%b4%d0%be%d0%ba-5-90x2-09\/","og_locale":"ru_RU","og_type":"article","og_title":"\u041f\u0420\u0418\u0426\u0415\u041f \u0414\u041b\u042f \u041b\u041e\u0414\u041e\u041a 5.90x2.09","og_description":"\u041f\u0420\u0418\u0426\u0415\u041f \u0414\u041b\u042f \u041b\u041e\u0414\u041e\u041a 5.90x2.09","og_url":"https:\/\/nordlinepaadid.ee\/ru\/pood\/%d0%bf%d1%80%d0%b8%d1%86%d0%b5%d0%bf%d1%8b\/%d0%bf%d1%80%d0%b8%d1%86%d0%b5%d0%bf-%d0%b4%d0%bb%d1%8f-%d0%bb%d0%be%d0%b4%d0%be%d0%ba-5-90x2-09\/","og_site_name":"NORDLINE s\u00f5udepaadid ja mootorpaadid. Klaasfiiber materjalist.","article_publisher":"https:\/\/www.facebook.com\/nordlineboats","article_modified_time":"2026-04-14T21:06:25+00:00","og_image":[{"width":2560,"height":1440,"url":"https:\/\/nordlinepaadid.ee\/wp-content\/uploads\/2017\/10\/750V591L209-scaled.jpg","type":"image\/jpeg"}],"twitter_card":"summary_large_image","schema":{"@context":"https:\/\/schema.org","@graph":[{"@type":"WebPage","@id":"https:\/\/nordlinepaadid.ee\/ru\/pood\/%d0%bf%d1%80%d0%b8%d1%86%d0%b5%d0%bf%d1%8b\/%d0%bf%d1%80%d0%b8%d1%86%d0%b5%d0%bf-%d0%b4%d0%bb%d1%8f-%d0%bb%d0%be%d0%b4%d0%be%d0%ba-5-90x2-09\/","url":"https:\/\/nordlinepaadid.ee\/ru\/pood\/%d0%bf%d1%80%d0%b8%d1%86%d0%b5%d0%bf%d1%8b\/%d0%bf%d1%80%d0%b8%d1%86%d0%b5%d0%bf-%d0%b4%d0%bb%d1%8f-%d0%bb%d0%be%d0%b4%d0%be%d0%ba-5-90x2-09\/","name":"\u041f\u0420\u0418\u0426\u0415\u041f \u0414\u041b\u042f \u041b\u041e\u0414\u041e\u041a 5.90x2.09","isPartOf":{"@id":"https:\/\/nordlinepaadid.ee\/ru\/#website"},"primaryImageOfPage":{"@id":"https:\/\/nordlinepaadid.ee\/ru\/pood\/%d0%bf%d1%80%d0%b8%d1%86%d0%b5%d0%bf%d1%8b\/%d0%bf%d1%80%d0%b8%d1%86%d0%b5%d0%bf-%d0%b4%d0%bb%d1%8f-%d0%bb%d0%be%d0%b4%d0%be%d0%ba-5-90x2-09\/#primaryimage"},"image":{"@id":"https:\/\/nordlinepaadid.ee\/ru\/pood\/%d0%bf%d1%80%d0%b8%d1%86%d0%b5%d0%bf%d1%8b\/%d0%bf%d1%80%d0%b8%d1%86%d0%b5%d0%bf-%d0%b4%d0%bb%d1%8f-%d0%bb%d0%be%d0%b4%d0%be%d0%ba-5-90x2-09\/#primaryimage"},"thumbnailUrl":"https:\/\/nordlinepaadid.ee\/wp-content\/uploads\/2017\/10\/750V591L209-scaled.jpg","datePublished":"2017-10-06T03:15:20+00:00","dateModified":"2026-04-14T21:06:25+00:00","description":"\u041f\u0420\u0418\u0426\u0415\u041f \u0414\u041b\u042f \u041b\u041e\u0414\u041e\u041a 5.90x2.09","breadcrumb":{"@id":"https:\/\/nordlinepaadid.ee\/ru\/pood\/%d0%bf%d1%80%d0%b8%d1%86%d0%b5%d0%bf%d1%8b\/%d0%bf%d1%80%d0%b8%d1%86%d0%b5%d0%bf-%d0%b4%d0%bb%d1%8f-%d0%bb%d0%be%d0%b4%d0%be%d0%ba-5-90x2-09\/#breadcrumb"},"inLanguage":"ru-RU","potentialAction":[{"@type":"ReadAction","target":["https:\/\/nordlinepaadid.ee\/ru\/pood\/%d0%bf%d1%80%d0%b8%d1%86%d0%b5%d0%bf%d1%8b\/%d0%bf%d1%80%d0%b8%d1%86%d0%b5%d0%bf-%d0%b4%d0%bb%d1%8f-%d0%bb%d0%be%d0%b4%d0%be%d0%ba-5-90x2-09\/"]}]},{"@type":"ImageObject","inLanguage":"ru-RU","@id":"https:\/\/nordlinepaadid.ee\/ru\/pood\/%d0%bf%d1%80%d0%b8%d1%86%d0%b5%d0%bf%d1%8b\/%d0%bf%d1%80%d0%b8%d1%86%d0%b5%d0%bf-%d0%b4%d0%bb%d1%8f-%d0%bb%d0%be%d0%b4%d0%be%d0%ba-5-90x2-09\/#primaryimage","url":"https:\/\/nordlinepaadid.ee\/wp-content\/uploads\/2017\/10\/750V591L209-scaled.jpg","contentUrl":"https:\/\/nordlinepaadid.ee\/wp-content\/uploads\/2017\/10\/750V591L209-scaled.jpg","width":2560,"height":1440,"caption":"\u041f\u0420\u0418\u0426\u0415\u041f \u0414\u041b\u042f \u041b\u041e\u0414\u041e\u041a 5.90x2.09"},{"@type":"BreadcrumbList","@id":"https:\/\/nordlinepaadid.ee\/ru\/pood\/%d0%bf%d1%80%d0%b8%d1%86%d0%b5%d0%bf%d1%8b\/%d0%bf%d1%80%d0%b8%d1%86%d0%b5%d0%bf-%d0%b4%d0%bb%d1%8f-%d0%bb%d0%be%d0%b4%d0%be%d0%ba-5-90x2-09\/#breadcrumb","itemListElement":[{"@type":"ListItem","position":1,"name":"Home","item":"https:\/\/nordlinepaadid.ee\/ru\/"},{"@type":"ListItem","position":2,"name":"\u041c\u0430\u0433\u0430\u0437\u0438\u043d","item":"https:\/\/nordlinepaadid.ee\/ru\/shop\/"},{"@type":"ListItem","position":3,"name":"\u041f\u0420\u0418\u0426\u0415\u041f \u0414\u041b\u042f \u041b\u041e\u0414\u041e\u041a 5.90&#215;2.09"}]},{"@type":"WebSite","@id":"https:\/\/nordlinepaadid.ee\/ru\/#website","url":"https:\/\/nordlinepaadid.ee\/ru\/","name":"NORDLINE s\u00f5udepaadid ja mootorpaadid. Klaasfiiber materjalist.","description":"","publisher":{"@id":"https:\/\/nordlinepaadid.ee\/ru\/#organization"},"potentialAction":[{"@type":"SearchAction","target":{"@type":"EntryPoint","urlTemplate":"https:\/\/nordlinepaadid.ee\/ru\/?s={search_term_string}"},"query-input":{"@type":"PropertyValueSpecification","valueRequired":true,"valueName":"search_term_string"}}],"inLanguage":"ru-RU"},{"@type":"Organization","@id":"https:\/\/nordlinepaadid.ee\/ru\/#organization","name":"Nordlineboats","url":"https:\/\/nordlinepaadid.ee\/ru\/","logo":{"@type":"ImageObject","inLanguage":"ru-RU","@id":"https:\/\/nordlinepaadid.ee\/ru\/#\/schema\/logo\/image\/","url":"https:\/\/nordlinepaadid.ee\/wp-content\/uploads\/2023\/01\/fulllogo_transparent_nobuffer-e1672750475494.png","contentUrl":"https:\/\/nordlinepaadid.ee\/wp-content\/uploads\/2023\/01\/fulllogo_transparent_nobuffer-e1672750475494.png","width":150,"height":119,"caption":"Nordlineboats"},"image":{"@id":"https:\/\/nordlinepaadid.ee\/ru\/#\/schema\/logo\/image\/"},"sameAs":["https:\/\/www.facebook.com\/nordlineboats","https:\/\/www.youtube.com\/channel\/UCbgF0fy02y3QkFnujaLTaCA"]}]}},"taxonomy_info":{"product_cat":[{"value":82,"label":"\u041f\u0420\u0418\u0426\u0415\u041f\u042b"}]},"featured_image_src_large":["https:\/\/nordlinepaadid.ee\/wp-content\/uploads\/2017\/10\/750V591L209-e1507260090801-1024x576.jpg",1024,576,true],"author_info":[],"comment_info":"","_links":{"self":[{"href":"https:\/\/nordlinepaadid.ee\/ru\/wp-json\/wp\/v2\/product\/1705","targetHints":{"allow":["GET"]}}],"collection":[{"href":"https:\/\/nordlinepaadid.ee\/ru\/wp-json\/wp\/v2\/product"}],"about":[{"href":"https:\/\/nordlinepaadid.ee\/ru\/wp-json\/wp\/v2\/types\/product"}],"wp:featuredmedia":[{"embeddable":true,"href":"https:\/\/nordlinepaadid.ee\/ru\/wp-json\/wp\/v2\/media\/896"}],"wp:attachment":[{"href":"https:\/\/nordlinepaadid.ee\/ru\/wp-json\/wp\/v2\/media?parent=1705"}],"wp:term":[{"taxonomy":"product_brand","embeddable":true,"href":"https:\/\/nordlinepaadid.ee\/ru\/wp-json\/wp\/v2\/product_brand?post=1705"},{"taxonomy":"product_cat","embeddable":true,"href":"https:\/\/nordlinepaadid.ee\/ru\/wp-json\/wp\/v2\/product_cat?post=1705"},{"taxonomy":"product_tag","embeddable":true,"href":"https:\/\/nordlinepaadid.ee\/ru\/wp-json\/wp\/v2\/product_tag?post=1705"}],"curies":[{"name":"wp","href":"https:\/\/api.w.org\/{rel}","templated":true}]}}