{"id":2836,"date":"2018-07-29T09:07:01","date_gmt":"2018-07-29T06:07:02","guid":{"rendered":"https:\/\/nordlinepaadid.ee\/?post_type=product&#038;p=2836"},"modified":"2018-10-07T20:54:53","modified_gmt":"2018-10-07T17:54:53","slug":"nordline-rib-300","status":"publish","type":"product","link":"https:\/\/nordlinepaadid.ee\/ru\/pood\/%d0%b1%d0%b5%d0%b7-%d0%ba%d0%b0%d1%82%d0%b5%d0%b3%d0%be%d1%80%d0%b8%d0%b8\/nordline-rib-300\/","title":{"rendered":"Nordline RIB 300"},"content":{"rendered":"<h1>Nordline RIB 300<\/h1>\n<p>Nordline RIB 300 \u00a0on korpus on valmistatud RIB paatidele iseloomulikult paksust klaasfiiber materjalist. Tugev paadi p\u00f5hi annab talle v\u00e4ga hea p\u00fcstuvuse ja ujuvuse. Paat liigub h\u00e4sti juba v\u00e4ikese v\u00f5imsusega mootoriga. Kerge kaal teeb paadi v\u00e4ga h\u00e4sti transporditavaks. Kokkupandud balloonidega v\u00f5tab v\u00e4ga v\u00e4he ruumi.<\/p>\n<h2>Nordline RIB 300 tehnilised andmed:<\/h2>\n<table>\n<tbody>\n<tr>\n<td>Pikkus<\/td>\n<td>3,0 m<\/td>\n<\/tr>\n<tr>\n<td>Laius<\/td>\n<td>1,5 m<\/td>\n<\/tr>\n<tr>\n<td>Kaal<\/td>\n<td>50 kg<\/td>\n<\/tr>\n<tr>\n<td>Ballooni l\u00e4bim\u00f5\u00f5t<\/td>\n<td>380 mm<\/td>\n<\/tr>\n<tr>\n<td>Sektsioonide arv<\/td>\n<td>3<\/td>\n<\/tr>\n<tr>\n<td>Materjali tihedus<\/td>\n<td>850g\/m2<\/td>\n<\/tr>\n<tr>\n<td>Lubatud inimeste arv pardal<\/td>\n<td>2<\/td>\n<\/tr>\n<tr>\n<td>Lubatud koormus<\/td>\n<td>390 kg<\/td>\n<\/tr>\n<tr>\n<td>Lubatud mootori v\u00f5imsus<\/td>\n<td>\u00a010HJ<\/td>\n<\/tr>\n<tr>\n<td>Kategooria<\/td>\n<td>D<\/td>\n<\/tr>\n<tr>\n<td>V\u00e4rvus<\/td>\n<td>Hall, sinine<\/td>\n<\/tr>\n<tr>\n<td>Mootori jala k\u00f5rgus<\/td>\n<td>L\u00fchike<\/td>\n<\/tr>\n<tr>\n<td>Garantii<\/td>\n<td>\u00a02 a<\/td>\n<\/tr>\n<tr>\n<td>CE Sertifikaat<\/td>\n<td>Olemas<\/td>\n<\/tr>\n<tr>\n<td><\/td>\n<td><\/td>\n<\/tr>\n<\/tbody>\n<\/table>\n<h2><strong>Komplekt sisaldab:<\/strong><\/h2>\n<p>Mootorpaat, v\u00f6\u00f6ri konks, p\u00e4ralaud, tulli kohad, aerud, pump, remondikomplekt, dokumentatsioon.<br \/>\nK\u00f5ik piltidel n\u00e4htav ei pruugi komplektis sisalduda.<\/p>\n<p>&nbsp;<\/p>\n<p><strong>Helista 50 55 152 v\u00f5i kirjuta ja me saadame sulle 24 tunni jooksul pakkumise. Uuri ka <a href=\"\/?page_id=258\">j\u00e4relmaksu<\/a> v\u00f5imalust.<\/strong><\/p>\n","protected":false},"excerpt":{"rendered":"<p>Nordline RIB 300 Nordline RIB 300 \u00a0on korpus on valmistatud RIB paatidele iseloomulikult paksust klaasfiiber materjalist. Tugev paadi p\u00f5hi annab talle v\u00e4ga hea p\u00fcstuvuse ja ujuvuse. Paat liigub h\u00e4sti juba v\u00e4ikese v\u00f5imsusega mootoriga. Kerge kaal teeb paadi v\u00e4ga h\u00e4sti transporditavaks. Kokkupandud balloonidega v\u00f5tab v\u00e4ga v\u00e4he ruumi. Nordline RIB 300 tehnilised andmed: Pikkus 3,0 m Laius&#8230;<\/p>\n","protected":false},"featured_media":2880,"template":"","meta":{"_kad_blocks_custom_css":"","_kad_blocks_head_custom_js":"","_kad_blocks_body_custom_js":"","_kad_blocks_footer_custom_js":"","_kad_post_transparent":"","_kad_post_title":"","_kad_post_layout":"","_kad_post_sidebar_id":"","_kad_post_content_style":"","_kad_post_vertical_padding":"","_kad_post_feature":"","_kad_post_feature_position":"","_kad_post_header":false,"_kad_post_footer":false,"_kad_post_classname":""},"product_brand":[],"product_cat":[115],"product_tag":[],"class_list":{"0":"post-2836","1":"product","2":"type-product","3":"status-publish","4":"has-post-thumbnail","6":"product_cat-115","7":"product_shipping_class-kaup-mis-ei-mahu-euroalusele","8":"tm-no-options","10":"first","11":"outofstock","12":"taxable","13":"shipping-taxable","14":"product-type-simple","15":"entry","16":"content-bg","17":"loop-entry"},"yoast_head":"<!-- This site is optimized with the Yoast SEO plugin v27.3 - https:\/\/yoast.com\/product\/yoast-seo-wordpress\/ -->\n<title>Nordline RIB 300 - kerge ja kompaktne klaasfiiber p\u00f5hjaga paat<\/title>\n<meta name=\"description\" content=\"Nordline RIB 300 - on ruumikas klaasfiber p\u00f5hjaga mootorpaat. V\u00e4ga populaarne kalastajate seas. V\u00e4ga hea p\u00f5stuvusega ja stabiilne lainetuses.\" \/>\n<meta name=\"robots\" content=\"index, follow, max-snippet:-1, max-image-preview:large, max-video-preview:-1\" \/>\n<link rel=\"canonical\" href=\"https:\/\/nordlinepaadid.ee\/ru\/pood\/%d0%b1%d0%b5%d0%b7-%d0%ba%d0%b0%d1%82%d0%b5%d0%b3%d0%be%d1%80%d0%b8%d0%b8\/nordline-rib-300\/\" \/>\n<meta property=\"og:locale\" content=\"ru_RU\" \/>\n<meta property=\"og:type\" content=\"article\" \/>\n<meta property=\"og:title\" content=\"Nordline RIB 300 - kerge ja kompaktne klaasfiiber p\u00f5hjaga paat\" \/>\n<meta property=\"og:description\" content=\"Nordline RIB 300 - on ruumikas klaasfiber p\u00f5hjaga mootorpaat. V\u00e4ga populaarne kalastajate seas. V\u00e4ga hea p\u00f5stuvusega ja stabiilne lainetuses.\" \/>\n<meta property=\"og:url\" content=\"https:\/\/nordlinepaadid.ee\/ru\/pood\/%d0%b1%d0%b5%d0%b7-%d0%ba%d0%b0%d1%82%d0%b5%d0%b3%d0%be%d1%80%d0%b8%d0%b8\/nordline-rib-300\/\" \/>\n<meta property=\"og:site_name\" content=\"NORDLINE s\u00f5udepaadid ja mootorpaadid. Klaasfiiber materjalist.\" \/>\n<meta property=\"article:publisher\" content=\"https:\/\/www.facebook.com\/nordlineboats\" \/>\n<meta property=\"article:modified_time\" content=\"2018-10-07T17:54:53+00:00\" \/>\n<meta property=\"og:image\" content=\"https:\/\/nordlinepaadid.ee\/wp-content\/uploads\/2018\/07\/Nordline-300-2.jpg\" \/>\n\t<meta property=\"og:image:width\" content=\"900\" \/>\n\t<meta property=\"og:image:height\" content=\"900\" \/>\n\t<meta property=\"og:image:type\" content=\"image\/jpeg\" \/>\n<meta name=\"twitter:card\" content=\"summary_large_image\" \/>\n<meta name=\"twitter:label1\" content=\"\u041f\u0440\u0438\u043c\u0435\u0440\u043d\u043e\u0435 \u0432\u0440\u0435\u043c\u044f \u0434\u043b\u044f \u0447\u0442\u0435\u043d\u0438\u044f\" \/>\n\t<meta name=\"twitter:data1\" content=\"1 \u043c\u0438\u043d\u0443\u0442\u0430\" \/>\n<script type=\"application\/ld+json\" class=\"yoast-schema-graph\">{\"@context\":\"https:\\\/\\\/schema.org\",\"@graph\":[{\"@type\":\"WebPage\",\"@id\":\"https:\\\/\\\/nordlinepaadid.ee\\\/ru\\\/pood\\\/%d0%b1%d0%b5%d0%b7-%d0%ba%d0%b0%d1%82%d0%b5%d0%b3%d0%be%d1%80%d0%b8%d0%b8\\\/nordline-rib-300\\\/\",\"url\":\"https:\\\/\\\/nordlinepaadid.ee\\\/ru\\\/pood\\\/%d0%b1%d0%b5%d0%b7-%d0%ba%d0%b0%d1%82%d0%b5%d0%b3%d0%be%d1%80%d0%b8%d0%b8\\\/nordline-rib-300\\\/\",\"name\":\"Nordline RIB 300 - kerge ja kompaktne klaasfiiber p\u00f5hjaga paat\",\"isPartOf\":{\"@id\":\"https:\\\/\\\/nordlinepaadid.ee\\\/ru\\\/#website\"},\"primaryImageOfPage\":{\"@id\":\"https:\\\/\\\/nordlinepaadid.ee\\\/ru\\\/pood\\\/%d0%b1%d0%b5%d0%b7-%d0%ba%d0%b0%d1%82%d0%b5%d0%b3%d0%be%d1%80%d0%b8%d0%b8\\\/nordline-rib-300\\\/#primaryimage\"},\"image\":{\"@id\":\"https:\\\/\\\/nordlinepaadid.ee\\\/ru\\\/pood\\\/%d0%b1%d0%b5%d0%b7-%d0%ba%d0%b0%d1%82%d0%b5%d0%b3%d0%be%d1%80%d0%b8%d0%b8\\\/nordline-rib-300\\\/#primaryimage\"},\"thumbnailUrl\":\"https:\\\/\\\/nordlinepaadid.ee\\\/wp-content\\\/uploads\\\/2018\\\/07\\\/Nordline-300-2.jpg\",\"datePublished\":\"2018-07-29T06:07:02+00:00\",\"dateModified\":\"2018-10-07T17:54:53+00:00\",\"description\":\"Nordline RIB 300 - on ruumikas klaasfiber p\u00f5hjaga mootorpaat. V\u00e4ga populaarne kalastajate seas. V\u00e4ga hea p\u00f5stuvusega ja stabiilne lainetuses.\",\"breadcrumb\":{\"@id\":\"https:\\\/\\\/nordlinepaadid.ee\\\/ru\\\/pood\\\/%d0%b1%d0%b5%d0%b7-%d0%ba%d0%b0%d1%82%d0%b5%d0%b3%d0%be%d1%80%d0%b8%d0%b8\\\/nordline-rib-300\\\/#breadcrumb\"},\"inLanguage\":\"ru-RU\",\"potentialAction\":[{\"@type\":\"ReadAction\",\"target\":[\"https:\\\/\\\/nordlinepaadid.ee\\\/ru\\\/pood\\\/%d0%b1%d0%b5%d0%b7-%d0%ba%d0%b0%d1%82%d0%b5%d0%b3%d0%be%d1%80%d0%b8%d0%b8\\\/nordline-rib-300\\\/\"]}]},{\"@type\":\"ImageObject\",\"inLanguage\":\"ru-RU\",\"@id\":\"https:\\\/\\\/nordlinepaadid.ee\\\/ru\\\/pood\\\/%d0%b1%d0%b5%d0%b7-%d0%ba%d0%b0%d1%82%d0%b5%d0%b3%d0%be%d1%80%d0%b8%d0%b8\\\/nordline-rib-300\\\/#primaryimage\",\"url\":\"https:\\\/\\\/nordlinepaadid.ee\\\/wp-content\\\/uploads\\\/2018\\\/07\\\/Nordline-300-2.jpg\",\"contentUrl\":\"https:\\\/\\\/nordlinepaadid.ee\\\/wp-content\\\/uploads\\\/2018\\\/07\\\/Nordline-300-2.jpg\",\"width\":900,\"height\":900,\"caption\":\"Nordline RIB 300\"},{\"@type\":\"BreadcrumbList\",\"@id\":\"https:\\\/\\\/nordlinepaadid.ee\\\/ru\\\/pood\\\/%d0%b1%d0%b5%d0%b7-%d0%ba%d0%b0%d1%82%d0%b5%d0%b3%d0%be%d1%80%d0%b8%d0%b8\\\/nordline-rib-300\\\/#breadcrumb\",\"itemListElement\":[{\"@type\":\"ListItem\",\"position\":1,\"name\":\"Home\",\"item\":\"https:\\\/\\\/nordlinepaadid.ee\\\/ru\\\/\"},{\"@type\":\"ListItem\",\"position\":2,\"name\":\"\u041c\u0430\u0433\u0430\u0437\u0438\u043d\",\"item\":\"https:\\\/\\\/nordlinepaadid.ee\\\/ru\\\/shop\\\/\"},{\"@type\":\"ListItem\",\"position\":3,\"name\":\"Nordline RIB 300\"}]},{\"@type\":\"WebSite\",\"@id\":\"https:\\\/\\\/nordlinepaadid.ee\\\/ru\\\/#website\",\"url\":\"https:\\\/\\\/nordlinepaadid.ee\\\/ru\\\/\",\"name\":\"NORDLINE s\u00f5udepaadid ja mootorpaadid. Klaasfiiber materjalist.\",\"description\":\"\",\"publisher\":{\"@id\":\"https:\\\/\\\/nordlinepaadid.ee\\\/ru\\\/#organization\"},\"potentialAction\":[{\"@type\":\"SearchAction\",\"target\":{\"@type\":\"EntryPoint\",\"urlTemplate\":\"https:\\\/\\\/nordlinepaadid.ee\\\/ru\\\/?s={search_term_string}\"},\"query-input\":{\"@type\":\"PropertyValueSpecification\",\"valueRequired\":true,\"valueName\":\"search_term_string\"}}],\"inLanguage\":\"ru-RU\"},{\"@type\":\"Organization\",\"@id\":\"https:\\\/\\\/nordlinepaadid.ee\\\/ru\\\/#organization\",\"name\":\"Nordlineboats\",\"url\":\"https:\\\/\\\/nordlinepaadid.ee\\\/ru\\\/\",\"logo\":{\"@type\":\"ImageObject\",\"inLanguage\":\"ru-RU\",\"@id\":\"https:\\\/\\\/nordlinepaadid.ee\\\/ru\\\/#\\\/schema\\\/logo\\\/image\\\/\",\"url\":\"https:\\\/\\\/nordlinepaadid.ee\\\/wp-content\\\/uploads\\\/2023\\\/01\\\/fulllogo_transparent_nobuffer-e1672750475494.png\",\"contentUrl\":\"https:\\\/\\\/nordlinepaadid.ee\\\/wp-content\\\/uploads\\\/2023\\\/01\\\/fulllogo_transparent_nobuffer-e1672750475494.png\",\"width\":150,\"height\":119,\"caption\":\"Nordlineboats\"},\"image\":{\"@id\":\"https:\\\/\\\/nordlinepaadid.ee\\\/ru\\\/#\\\/schema\\\/logo\\\/image\\\/\"},\"sameAs\":[\"https:\\\/\\\/www.facebook.com\\\/nordlineboats\",\"https:\\\/\\\/www.youtube.com\\\/channel\\\/UCbgF0fy02y3QkFnujaLTaCA\"]}]}<\/script>\n<!-- \/ Yoast SEO plugin. -->","yoast_head_json":{"title":"Nordline RIB 300 - kerge ja kompaktne klaasfiiber p\u00f5hjaga paat","description":"Nordline RIB 300 - on ruumikas klaasfiber p\u00f5hjaga mootorpaat. V\u00e4ga populaarne kalastajate seas. V\u00e4ga hea p\u00f5stuvusega ja stabiilne lainetuses.","robots":{"index":"index","follow":"follow","max-snippet":"max-snippet:-1","max-image-preview":"max-image-preview:large","max-video-preview":"max-video-preview:-1"},"canonical":"https:\/\/nordlinepaadid.ee\/ru\/pood\/%d0%b1%d0%b5%d0%b7-%d0%ba%d0%b0%d1%82%d0%b5%d0%b3%d0%be%d1%80%d0%b8%d0%b8\/nordline-rib-300\/","og_locale":"ru_RU","og_type":"article","og_title":"Nordline RIB 300 - kerge ja kompaktne klaasfiiber p\u00f5hjaga paat","og_description":"Nordline RIB 300 - on ruumikas klaasfiber p\u00f5hjaga mootorpaat. V\u00e4ga populaarne kalastajate seas. V\u00e4ga hea p\u00f5stuvusega ja stabiilne lainetuses.","og_url":"https:\/\/nordlinepaadid.ee\/ru\/pood\/%d0%b1%d0%b5%d0%b7-%d0%ba%d0%b0%d1%82%d0%b5%d0%b3%d0%be%d1%80%d0%b8%d0%b8\/nordline-rib-300\/","og_site_name":"NORDLINE s\u00f5udepaadid ja mootorpaadid. Klaasfiiber materjalist.","article_publisher":"https:\/\/www.facebook.com\/nordlineboats","article_modified_time":"2018-10-07T17:54:53+00:00","og_image":[{"width":900,"height":900,"url":"https:\/\/nordlinepaadid.ee\/wp-content\/uploads\/2018\/07\/Nordline-300-2.jpg","type":"image\/jpeg"}],"twitter_card":"summary_large_image","twitter_misc":{"\u041f\u0440\u0438\u043c\u0435\u0440\u043d\u043e\u0435 \u0432\u0440\u0435\u043c\u044f \u0434\u043b\u044f \u0447\u0442\u0435\u043d\u0438\u044f":"1 \u043c\u0438\u043d\u0443\u0442\u0430"},"schema":{"@context":"https:\/\/schema.org","@graph":[{"@type":"WebPage","@id":"https:\/\/nordlinepaadid.ee\/ru\/pood\/%d0%b1%d0%b5%d0%b7-%d0%ba%d0%b0%d1%82%d0%b5%d0%b3%d0%be%d1%80%d0%b8%d0%b8\/nordline-rib-300\/","url":"https:\/\/nordlinepaadid.ee\/ru\/pood\/%d0%b1%d0%b5%d0%b7-%d0%ba%d0%b0%d1%82%d0%b5%d0%b3%d0%be%d1%80%d0%b8%d0%b8\/nordline-rib-300\/","name":"Nordline RIB 300 - kerge ja kompaktne klaasfiiber p\u00f5hjaga paat","isPartOf":{"@id":"https:\/\/nordlinepaadid.ee\/ru\/#website"},"primaryImageOfPage":{"@id":"https:\/\/nordlinepaadid.ee\/ru\/pood\/%d0%b1%d0%b5%d0%b7-%d0%ba%d0%b0%d1%82%d0%b5%d0%b3%d0%be%d1%80%d0%b8%d0%b8\/nordline-rib-300\/#primaryimage"},"image":{"@id":"https:\/\/nordlinepaadid.ee\/ru\/pood\/%d0%b1%d0%b5%d0%b7-%d0%ba%d0%b0%d1%82%d0%b5%d0%b3%d0%be%d1%80%d0%b8%d0%b8\/nordline-rib-300\/#primaryimage"},"thumbnailUrl":"https:\/\/nordlinepaadid.ee\/wp-content\/uploads\/2018\/07\/Nordline-300-2.jpg","datePublished":"2018-07-29T06:07:02+00:00","dateModified":"2018-10-07T17:54:53+00:00","description":"Nordline RIB 300 - on ruumikas klaasfiber p\u00f5hjaga mootorpaat. V\u00e4ga populaarne kalastajate seas. V\u00e4ga hea p\u00f5stuvusega ja stabiilne lainetuses.","breadcrumb":{"@id":"https:\/\/nordlinepaadid.ee\/ru\/pood\/%d0%b1%d0%b5%d0%b7-%d0%ba%d0%b0%d1%82%d0%b5%d0%b3%d0%be%d1%80%d0%b8%d0%b8\/nordline-rib-300\/#breadcrumb"},"inLanguage":"ru-RU","potentialAction":[{"@type":"ReadAction","target":["https:\/\/nordlinepaadid.ee\/ru\/pood\/%d0%b1%d0%b5%d0%b7-%d0%ba%d0%b0%d1%82%d0%b5%d0%b3%d0%be%d1%80%d0%b8%d0%b8\/nordline-rib-300\/"]}]},{"@type":"ImageObject","inLanguage":"ru-RU","@id":"https:\/\/nordlinepaadid.ee\/ru\/pood\/%d0%b1%d0%b5%d0%b7-%d0%ba%d0%b0%d1%82%d0%b5%d0%b3%d0%be%d1%80%d0%b8%d0%b8\/nordline-rib-300\/#primaryimage","url":"https:\/\/nordlinepaadid.ee\/wp-content\/uploads\/2018\/07\/Nordline-300-2.jpg","contentUrl":"https:\/\/nordlinepaadid.ee\/wp-content\/uploads\/2018\/07\/Nordline-300-2.jpg","width":900,"height":900,"caption":"Nordline RIB 300"},{"@type":"BreadcrumbList","@id":"https:\/\/nordlinepaadid.ee\/ru\/pood\/%d0%b1%d0%b5%d0%b7-%d0%ba%d0%b0%d1%82%d0%b5%d0%b3%d0%be%d1%80%d0%b8%d0%b8\/nordline-rib-300\/#breadcrumb","itemListElement":[{"@type":"ListItem","position":1,"name":"Home","item":"https:\/\/nordlinepaadid.ee\/ru\/"},{"@type":"ListItem","position":2,"name":"\u041c\u0430\u0433\u0430\u0437\u0438\u043d","item":"https:\/\/nordlinepaadid.ee\/ru\/shop\/"},{"@type":"ListItem","position":3,"name":"Nordline RIB 300"}]},{"@type":"WebSite","@id":"https:\/\/nordlinepaadid.ee\/ru\/#website","url":"https:\/\/nordlinepaadid.ee\/ru\/","name":"NORDLINE s\u00f5udepaadid ja mootorpaadid. Klaasfiiber materjalist.","description":"","publisher":{"@id":"https:\/\/nordlinepaadid.ee\/ru\/#organization"},"potentialAction":[{"@type":"SearchAction","target":{"@type":"EntryPoint","urlTemplate":"https:\/\/nordlinepaadid.ee\/ru\/?s={search_term_string}"},"query-input":{"@type":"PropertyValueSpecification","valueRequired":true,"valueName":"search_term_string"}}],"inLanguage":"ru-RU"},{"@type":"Organization","@id":"https:\/\/nordlinepaadid.ee\/ru\/#organization","name":"Nordlineboats","url":"https:\/\/nordlinepaadid.ee\/ru\/","logo":{"@type":"ImageObject","inLanguage":"ru-RU","@id":"https:\/\/nordlinepaadid.ee\/ru\/#\/schema\/logo\/image\/","url":"https:\/\/nordlinepaadid.ee\/wp-content\/uploads\/2023\/01\/fulllogo_transparent_nobuffer-e1672750475494.png","contentUrl":"https:\/\/nordlinepaadid.ee\/wp-content\/uploads\/2023\/01\/fulllogo_transparent_nobuffer-e1672750475494.png","width":150,"height":119,"caption":"Nordlineboats"},"image":{"@id":"https:\/\/nordlinepaadid.ee\/ru\/#\/schema\/logo\/image\/"},"sameAs":["https:\/\/www.facebook.com\/nordlineboats","https:\/\/www.youtube.com\/channel\/UCbgF0fy02y3QkFnujaLTaCA"]}]}},"taxonomy_info":{"product_cat":[{"value":115,"label":"\u0411\u0435\u0437 \u043a\u0430\u0442\u0435\u0433\u043e\u0440\u0438\u0438"}]},"featured_image_src_large":["https:\/\/nordlinepaadid.ee\/wp-content\/uploads\/2018\/07\/Nordline-300-2.jpg",900,900,false],"author_info":[],"comment_info":"","_links":{"self":[{"href":"https:\/\/nordlinepaadid.ee\/ru\/wp-json\/wp\/v2\/product\/2836","targetHints":{"allow":["GET"]}}],"collection":[{"href":"https:\/\/nordlinepaadid.ee\/ru\/wp-json\/wp\/v2\/product"}],"about":[{"href":"https:\/\/nordlinepaadid.ee\/ru\/wp-json\/wp\/v2\/types\/product"}],"wp:featuredmedia":[{"embeddable":true,"href":"https:\/\/nordlinepaadid.ee\/ru\/wp-json\/wp\/v2\/media\/2880"}],"wp:attachment":[{"href":"https:\/\/nordlinepaadid.ee\/ru\/wp-json\/wp\/v2\/media?parent=2836"}],"wp:term":[{"taxonomy":"product_brand","embeddable":true,"href":"https:\/\/nordlinepaadid.ee\/ru\/wp-json\/wp\/v2\/product_brand?post=2836"},{"taxonomy":"product_cat","embeddable":true,"href":"https:\/\/nordlinepaadid.ee\/ru\/wp-json\/wp\/v2\/product_cat?post=2836"},{"taxonomy":"product_tag","embeddable":true,"href":"https:\/\/nordlinepaadid.ee\/ru\/wp-json\/wp\/v2\/product_tag?post=2836"}],"curies":[{"name":"wp","href":"https:\/\/api.w.org\/{rel}","templated":true}]}}