{"id":44772,"date":"2024-05-10T15:52:43","date_gmt":"2024-05-10T12:52:43","guid":{"rendered":"https:\/\/nordlinepaadid.ee\/toode\/maaratlemata\/%d0%b2%d0%b0%d0%bb-%d0%b0%d0%bd%d0%be%d0%b4-%d1%86%d0%b8%d0%bd%d0%ba-o-50-%d0%bc%d0%bc\/"},"modified":"2025-05-27T16:19:59","modified_gmt":"2025-05-27T13:19:59","slug":"%d0%b2%d0%b0%d0%bb-%d0%b0%d0%bd%d0%be%d0%b4-%d1%86%d0%b8%d0%bd%d0%ba-o-50-%d0%bc%d0%bc","status":"publish","type":"product","link":"https:\/\/nordlinepaadid.ee\/ru\/pood\/ru-motorboating-and-motor-accessories\/ru-anodes\/%d0%b2%d0%b0%d0%bb-%d0%b0%d0%bd%d0%be%d0%b4-%d1%86%d0%b8%d0%bd%d0%ba-o-50-%d0%bc%d0%bc\/","title":{"rendered":"\u0412\u0410\u041b \u0410\u041d\u041e\u0414, \u0426\u0418\u041d\u041a, \u00d8 50 \u041c\u041c"},"content":{"rendered":"<p>V\u00f5lli anood tsingist. K: 84 mm, \u00d8: 72 mm, \u00d81: 57 mm, \u00d82: 11 mm, \u00d83: 22 mm, \u00d8 V\u00f5ll: 50 mm.<\/p>\n","protected":false},"excerpt":{"rendered":"<p>V\u00f5lli anood tsingist. K: 84 mm, \u00d8: 72 mm, \u00d81: 57 mm, \u00d82: 11 mm, \u00d83: 22 mm, \u00d8 V\u00f5ll: 50 mm.<\/p>\n","protected":false},"featured_media":0,"template":"","meta":{"_kad_blocks_custom_css":"","_kad_blocks_head_custom_js":"","_kad_blocks_body_custom_js":"","_kad_blocks_footer_custom_js":"","_kad_post_transparent":"","_kad_post_title":"","_kad_post_layout":"","_kad_post_sidebar_id":"","_kad_post_content_style":"","_kad_post_vertical_padding":"","_kad_post_feature":"","_kad_post_feature_position":"","_kad_post_header":false,"_kad_post_footer":false,"_kad_post_classname":""},"product_brand":[],"product_cat":[882],"product_tag":[],"class_list":{"0":"post-44772","1":"product","2":"type-product","3":"status-publish","5":"product_cat-ru-anodes","6":"tm-no-options","8":"first","9":"onbackorder","10":"taxable","11":"shipping-taxable","12":"purchasable","13":"product-type-simple","14":"entry","15":"content-bg","16":"loop-entry"},"yoast_head":"<!-- This site is optimized with the Yoast SEO plugin v27.3 - https:\/\/yoast.com\/product\/yoast-seo-wordpress\/ -->\n<title>\u0412\u0410\u041b \u0410\u041d\u041e\u0414, \u0426\u0418\u041d\u041a, \u00d8 50 \u041c\u041c - NORDLINE s\u00f5udepaadid ja mootorpaadid. Klaasfiiber materjalist.<\/title>\n<meta name=\"robots\" content=\"index, follow, max-snippet:-1, max-image-preview:large, max-video-preview:-1\" \/>\n<link rel=\"canonical\" href=\"https:\/\/nordlinepaadid.ee\/ru\/pood\/ru-motorboating-and-motor-accessories\/ru-anodes\/%d0%b2%d0%b0%d0%bb-%d0%b0%d0%bd%d0%be%d0%b4-%d1%86%d0%b8%d0%bd%d0%ba-o-50-%d0%bc%d0%bc\/\" \/>\n<meta property=\"og:locale\" content=\"ru_RU\" \/>\n<meta property=\"og:type\" content=\"article\" \/>\n<meta property=\"og:title\" content=\"\u0412\u0410\u041b \u0410\u041d\u041e\u0414, \u0426\u0418\u041d\u041a, \u00d8 50 \u041c\u041c - NORDLINE s\u00f5udepaadid ja mootorpaadid. Klaasfiiber materjalist.\" \/>\n<meta property=\"og:description\" content=\"V\u00f5lli anood tsingist. K: 84 mm, \u00d8: 72 mm, \u00d81: 57 mm, \u00d82: 11 mm, \u00d83: 22 mm, \u00d8 V\u00f5ll: 50 mm.\" \/>\n<meta property=\"og:url\" content=\"https:\/\/nordlinepaadid.ee\/ru\/pood\/ru-motorboating-and-motor-accessories\/ru-anodes\/%d0%b2%d0%b0%d0%bb-%d0%b0%d0%bd%d0%be%d0%b4-%d1%86%d0%b8%d0%bd%d0%ba-o-50-%d0%bc%d0%bc\/\" \/>\n<meta property=\"og:site_name\" content=\"NORDLINE s\u00f5udepaadid ja mootorpaadid. Klaasfiiber materjalist.\" \/>\n<meta property=\"article:publisher\" content=\"https:\/\/www.facebook.com\/nordlineboats\" \/>\n<meta property=\"article:modified_time\" content=\"2025-05-27T13:19:59+00:00\" \/>\n<meta name=\"twitter:card\" content=\"summary_large_image\" \/>\n<script type=\"application\/ld+json\" class=\"yoast-schema-graph\">{\"@context\":\"https:\\\/\\\/schema.org\",\"@graph\":[{\"@type\":\"WebPage\",\"@id\":\"https:\\\/\\\/nordlinepaadid.ee\\\/ru\\\/pood\\\/ru-motorboating-and-motor-accessories\\\/ru-anodes\\\/%d0%b2%d0%b0%d0%bb-%d0%b0%d0%bd%d0%be%d0%b4-%d1%86%d0%b8%d0%bd%d0%ba-o-50-%d0%bc%d0%bc\\\/\",\"url\":\"https:\\\/\\\/nordlinepaadid.ee\\\/ru\\\/pood\\\/ru-motorboating-and-motor-accessories\\\/ru-anodes\\\/%d0%b2%d0%b0%d0%bb-%d0%b0%d0%bd%d0%be%d0%b4-%d1%86%d0%b8%d0%bd%d0%ba-o-50-%d0%bc%d0%bc\\\/\",\"name\":\"\u0412\u0410\u041b \u0410\u041d\u041e\u0414, \u0426\u0418\u041d\u041a, \u00d8 50 \u041c\u041c - NORDLINE s\u00f5udepaadid ja mootorpaadid. Klaasfiiber materjalist.\",\"isPartOf\":{\"@id\":\"https:\\\/\\\/nordlinepaadid.ee\\\/ru\\\/#website\"},\"datePublished\":\"2024-05-10T12:52:43+00:00\",\"dateModified\":\"2025-05-27T13:19:59+00:00\",\"breadcrumb\":{\"@id\":\"https:\\\/\\\/nordlinepaadid.ee\\\/ru\\\/pood\\\/ru-motorboating-and-motor-accessories\\\/ru-anodes\\\/%d0%b2%d0%b0%d0%bb-%d0%b0%d0%bd%d0%be%d0%b4-%d1%86%d0%b8%d0%bd%d0%ba-o-50-%d0%bc%d0%bc\\\/#breadcrumb\"},\"inLanguage\":\"ru-RU\",\"potentialAction\":[{\"@type\":\"ReadAction\",\"target\":[\"https:\\\/\\\/nordlinepaadid.ee\\\/ru\\\/pood\\\/ru-motorboating-and-motor-accessories\\\/ru-anodes\\\/%d0%b2%d0%b0%d0%bb-%d0%b0%d0%bd%d0%be%d0%b4-%d1%86%d0%b8%d0%bd%d0%ba-o-50-%d0%bc%d0%bc\\\/\"]}]},{\"@type\":\"BreadcrumbList\",\"@id\":\"https:\\\/\\\/nordlinepaadid.ee\\\/ru\\\/pood\\\/ru-motorboating-and-motor-accessories\\\/ru-anodes\\\/%d0%b2%d0%b0%d0%bb-%d0%b0%d0%bd%d0%be%d0%b4-%d1%86%d0%b8%d0%bd%d0%ba-o-50-%d0%bc%d0%bc\\\/#breadcrumb\",\"itemListElement\":[{\"@type\":\"ListItem\",\"position\":1,\"name\":\"Home\",\"item\":\"https:\\\/\\\/nordlinepaadid.ee\\\/ru\\\/\"},{\"@type\":\"ListItem\",\"position\":2,\"name\":\"\u041c\u0430\u0433\u0430\u0437\u0438\u043d\",\"item\":\"https:\\\/\\\/nordlinepaadid.ee\\\/ru\\\/shop\\\/\"},{\"@type\":\"ListItem\",\"position\":3,\"name\":\"\u0412\u0410\u041b \u0410\u041d\u041e\u0414, \u0426\u0418\u041d\u041a, \u00d8 50 \u041c\u041c\"}]},{\"@type\":\"WebSite\",\"@id\":\"https:\\\/\\\/nordlinepaadid.ee\\\/ru\\\/#website\",\"url\":\"https:\\\/\\\/nordlinepaadid.ee\\\/ru\\\/\",\"name\":\"NORDLINE s\u00f5udepaadid ja mootorpaadid. Klaasfiiber materjalist.\",\"description\":\"\",\"publisher\":{\"@id\":\"https:\\\/\\\/nordlinepaadid.ee\\\/ru\\\/#organization\"},\"potentialAction\":[{\"@type\":\"SearchAction\",\"target\":{\"@type\":\"EntryPoint\",\"urlTemplate\":\"https:\\\/\\\/nordlinepaadid.ee\\\/ru\\\/?s={search_term_string}\"},\"query-input\":{\"@type\":\"PropertyValueSpecification\",\"valueRequired\":true,\"valueName\":\"search_term_string\"}}],\"inLanguage\":\"ru-RU\"},{\"@type\":\"Organization\",\"@id\":\"https:\\\/\\\/nordlinepaadid.ee\\\/ru\\\/#organization\",\"name\":\"Nordlineboats\",\"url\":\"https:\\\/\\\/nordlinepaadid.ee\\\/ru\\\/\",\"logo\":{\"@type\":\"ImageObject\",\"inLanguage\":\"ru-RU\",\"@id\":\"https:\\\/\\\/nordlinepaadid.ee\\\/ru\\\/#\\\/schema\\\/logo\\\/image\\\/\",\"url\":\"https:\\\/\\\/nordlinepaadid.ee\\\/wp-content\\\/uploads\\\/2023\\\/01\\\/fulllogo_transparent_nobuffer-e1672750475494.png\",\"contentUrl\":\"https:\\\/\\\/nordlinepaadid.ee\\\/wp-content\\\/uploads\\\/2023\\\/01\\\/fulllogo_transparent_nobuffer-e1672750475494.png\",\"width\":150,\"height\":119,\"caption\":\"Nordlineboats\"},\"image\":{\"@id\":\"https:\\\/\\\/nordlinepaadid.ee\\\/ru\\\/#\\\/schema\\\/logo\\\/image\\\/\"},\"sameAs\":[\"https:\\\/\\\/www.facebook.com\\\/nordlineboats\",\"https:\\\/\\\/www.youtube.com\\\/channel\\\/UCbgF0fy02y3QkFnujaLTaCA\"]}]}<\/script>\n<!-- \/ Yoast SEO plugin. -->","yoast_head_json":{"title":"\u0412\u0410\u041b \u0410\u041d\u041e\u0414, \u0426\u0418\u041d\u041a, \u00d8 50 \u041c\u041c - NORDLINE s\u00f5udepaadid ja mootorpaadid. Klaasfiiber materjalist.","robots":{"index":"index","follow":"follow","max-snippet":"max-snippet:-1","max-image-preview":"max-image-preview:large","max-video-preview":"max-video-preview:-1"},"canonical":"https:\/\/nordlinepaadid.ee\/ru\/pood\/ru-motorboating-and-motor-accessories\/ru-anodes\/%d0%b2%d0%b0%d0%bb-%d0%b0%d0%bd%d0%be%d0%b4-%d1%86%d0%b8%d0%bd%d0%ba-o-50-%d0%bc%d0%bc\/","og_locale":"ru_RU","og_type":"article","og_title":"\u0412\u0410\u041b \u0410\u041d\u041e\u0414, \u0426\u0418\u041d\u041a, \u00d8 50 \u041c\u041c - NORDLINE s\u00f5udepaadid ja mootorpaadid. Klaasfiiber materjalist.","og_description":"V\u00f5lli anood tsingist. K: 84 mm, \u00d8: 72 mm, \u00d81: 57 mm, \u00d82: 11 mm, \u00d83: 22 mm, \u00d8 V\u00f5ll: 50 mm.","og_url":"https:\/\/nordlinepaadid.ee\/ru\/pood\/ru-motorboating-and-motor-accessories\/ru-anodes\/%d0%b2%d0%b0%d0%bb-%d0%b0%d0%bd%d0%be%d0%b4-%d1%86%d0%b8%d0%bd%d0%ba-o-50-%d0%bc%d0%bc\/","og_site_name":"NORDLINE s\u00f5udepaadid ja mootorpaadid. Klaasfiiber materjalist.","article_publisher":"https:\/\/www.facebook.com\/nordlineboats","article_modified_time":"2025-05-27T13:19:59+00:00","twitter_card":"summary_large_image","schema":{"@context":"https:\/\/schema.org","@graph":[{"@type":"WebPage","@id":"https:\/\/nordlinepaadid.ee\/ru\/pood\/ru-motorboating-and-motor-accessories\/ru-anodes\/%d0%b2%d0%b0%d0%bb-%d0%b0%d0%bd%d0%be%d0%b4-%d1%86%d0%b8%d0%bd%d0%ba-o-50-%d0%bc%d0%bc\/","url":"https:\/\/nordlinepaadid.ee\/ru\/pood\/ru-motorboating-and-motor-accessories\/ru-anodes\/%d0%b2%d0%b0%d0%bb-%d0%b0%d0%bd%d0%be%d0%b4-%d1%86%d0%b8%d0%bd%d0%ba-o-50-%d0%bc%d0%bc\/","name":"\u0412\u0410\u041b \u0410\u041d\u041e\u0414, \u0426\u0418\u041d\u041a, \u00d8 50 \u041c\u041c - NORDLINE s\u00f5udepaadid ja mootorpaadid. Klaasfiiber materjalist.","isPartOf":{"@id":"https:\/\/nordlinepaadid.ee\/ru\/#website"},"datePublished":"2024-05-10T12:52:43+00:00","dateModified":"2025-05-27T13:19:59+00:00","breadcrumb":{"@id":"https:\/\/nordlinepaadid.ee\/ru\/pood\/ru-motorboating-and-motor-accessories\/ru-anodes\/%d0%b2%d0%b0%d0%bb-%d0%b0%d0%bd%d0%be%d0%b4-%d1%86%d0%b8%d0%bd%d0%ba-o-50-%d0%bc%d0%bc\/#breadcrumb"},"inLanguage":"ru-RU","potentialAction":[{"@type":"ReadAction","target":["https:\/\/nordlinepaadid.ee\/ru\/pood\/ru-motorboating-and-motor-accessories\/ru-anodes\/%d0%b2%d0%b0%d0%bb-%d0%b0%d0%bd%d0%be%d0%b4-%d1%86%d0%b8%d0%bd%d0%ba-o-50-%d0%bc%d0%bc\/"]}]},{"@type":"BreadcrumbList","@id":"https:\/\/nordlinepaadid.ee\/ru\/pood\/ru-motorboating-and-motor-accessories\/ru-anodes\/%d0%b2%d0%b0%d0%bb-%d0%b0%d0%bd%d0%be%d0%b4-%d1%86%d0%b8%d0%bd%d0%ba-o-50-%d0%bc%d0%bc\/#breadcrumb","itemListElement":[{"@type":"ListItem","position":1,"name":"Home","item":"https:\/\/nordlinepaadid.ee\/ru\/"},{"@type":"ListItem","position":2,"name":"\u041c\u0430\u0433\u0430\u0437\u0438\u043d","item":"https:\/\/nordlinepaadid.ee\/ru\/shop\/"},{"@type":"ListItem","position":3,"name":"\u0412\u0410\u041b \u0410\u041d\u041e\u0414, \u0426\u0418\u041d\u041a, \u00d8 50 \u041c\u041c"}]},{"@type":"WebSite","@id":"https:\/\/nordlinepaadid.ee\/ru\/#website","url":"https:\/\/nordlinepaadid.ee\/ru\/","name":"NORDLINE s\u00f5udepaadid ja mootorpaadid. Klaasfiiber materjalist.","description":"","publisher":{"@id":"https:\/\/nordlinepaadid.ee\/ru\/#organization"},"potentialAction":[{"@type":"SearchAction","target":{"@type":"EntryPoint","urlTemplate":"https:\/\/nordlinepaadid.ee\/ru\/?s={search_term_string}"},"query-input":{"@type":"PropertyValueSpecification","valueRequired":true,"valueName":"search_term_string"}}],"inLanguage":"ru-RU"},{"@type":"Organization","@id":"https:\/\/nordlinepaadid.ee\/ru\/#organization","name":"Nordlineboats","url":"https:\/\/nordlinepaadid.ee\/ru\/","logo":{"@type":"ImageObject","inLanguage":"ru-RU","@id":"https:\/\/nordlinepaadid.ee\/ru\/#\/schema\/logo\/image\/","url":"https:\/\/nordlinepaadid.ee\/wp-content\/uploads\/2023\/01\/fulllogo_transparent_nobuffer-e1672750475494.png","contentUrl":"https:\/\/nordlinepaadid.ee\/wp-content\/uploads\/2023\/01\/fulllogo_transparent_nobuffer-e1672750475494.png","width":150,"height":119,"caption":"Nordlineboats"},"image":{"@id":"https:\/\/nordlinepaadid.ee\/ru\/#\/schema\/logo\/image\/"},"sameAs":["https:\/\/www.facebook.com\/nordlineboats","https:\/\/www.youtube.com\/channel\/UCbgF0fy02y3QkFnujaLTaCA"]}]}},"taxonomy_info":{"product_cat":[{"value":882,"label":"\u0410\u043d\u043e\u0434\u044b"}]},"featured_image_src_large":false,"author_info":[],"comment_info":"","_links":{"self":[{"href":"https:\/\/nordlinepaadid.ee\/ru\/wp-json\/wp\/v2\/product\/44772","targetHints":{"allow":["GET"]}}],"collection":[{"href":"https:\/\/nordlinepaadid.ee\/ru\/wp-json\/wp\/v2\/product"}],"about":[{"href":"https:\/\/nordlinepaadid.ee\/ru\/wp-json\/wp\/v2\/types\/product"}],"wp:attachment":[{"href":"https:\/\/nordlinepaadid.ee\/ru\/wp-json\/wp\/v2\/media?parent=44772"}],"wp:term":[{"taxonomy":"product_brand","embeddable":true,"href":"https:\/\/nordlinepaadid.ee\/ru\/wp-json\/wp\/v2\/product_brand?post=44772"},{"taxonomy":"product_cat","embeddable":true,"href":"https:\/\/nordlinepaadid.ee\/ru\/wp-json\/wp\/v2\/product_cat?post=44772"},{"taxonomy":"product_tag","embeddable":true,"href":"https:\/\/nordlinepaadid.ee\/ru\/wp-json\/wp\/v2\/product_tag?post=44772"}],"curies":[{"name":"wp","href":"https:\/\/api.w.org\/{rel}","templated":true}]}}