{"id":4849,"date":"2021-01-02T22:19:25","date_gmt":"2021-01-02T20:19:25","guid":{"rendered":"https:\/\/nordlinepaadid.ee\/pood\/paadimootor-tohatsu-35hj\/"},"modified":"2026-04-08T16:03:51","modified_gmt":"2026-04-08T13:03:51","slug":"podvesnoy-motor-tohatsu-35-l-s","status":"publish","type":"product","link":"https:\/\/nordlinepaadid.ee\/ru\/pood\/ru-outboard-motors\/tohatsu-ru\/podvesnoy-motor-tohatsu-35-l-s\/","title":{"rendered":"\u041b\u043e\u0434\u043e\u0447\u043d\u044b\u0439 \u043c\u043e\u0442\u043e\u0440 Tohatsu 3,5HJ"},"content":{"rendered":"<h1>\u041b\u043e\u0434\u043e\u0447\u043d\u044b\u0439 \u043c\u043e\u0442\u043e\u0440 Tohatsu 3,5HJ<\/h1>\n<p>Paadimootor Tohatsu 3,5HJ mootor sisaldab samu 2,5hj mootori funktsioone, kuid on v\u00f5imsam ja palju suurema j\u00f5udlusega. Pakub erandlikult v\u00e4ikest k\u00fctusekulu., kerge ja kompaktne disain, digitaalne s\u00fc\u00fctes\u00fcsteem, mugav kandesang. Eestikeelne kasutusjuhend.<\/p>\n<p>Paadimootorid Tohatsu 3,5HJ on eriti t\u00f6\u00f6kindlad, \u00f6konoomsed, looduss\u00f5bralikud, tasase h\u00e4\u00e4lega ja lihtsad kasutada. Erinevalt konkurentidest on juba 5 hj mudelil survega \u00f5lituss\u00fcsteem ning heitgaasid v\u00e4ljuvad vindi s\u00fcdamiku kaudu. See t\u00e4hendab, et v\u00e4ikeste mootorite tehnilised lahendused on samad mis suurtel.<\/p>\n<h2>Tohatsu 3,5 mootori p\u00f5hiomadusi:<\/h2>\n<p>&#8212; heitgaaside v\u00e4ljumine vindi s\u00fcdamiku kaudu<br \/>\n&#8212; jahutusvee temperatuuri reguleerimine termostaadiga<br \/>\n&#8212; k\u00e4ivitumine ainult k\u00e4iguhoova neutraalasendis<br \/>\n&#8212; turvastopp<br \/>\n&#8212; lihtsamaks k\u00e4ivitumiseks stardin\u00f6\u00f6rist t\u00f5mbamisel kompressiooni alandamine silindrites<br \/>\n&#8212; roostevabast happekindlast terasest valmistatud veepumba korpus, mis kestab paremini soolases ja liivases vees<br \/>\n&#8212; madala vee s\u00f5iduasend<br \/>\n&#8212; p\u00f6\u00f6retepiiraja<br \/>\n&#8212; suur mootori\u00f5li maht mis garanteerib hea \u00f5lituse<br \/>\n&#8212; t\u00e4idavad EPA\/CARB normid<\/p>\n<p>Paadimootor Tohatsu 3,5HJ kohta loe t\u00e4psemalt <a href=\"http:\/\/www.tohatsu.com\/\" target=\"_blank\" rel=\"noopener\">www.tohatsu.com<\/a><\/p>\n<h2>Tohatsu 3,5 \u043b.\u0441.\u00a0\u0442\u0435\u0445\u043d\u0438\u0447\u0435\u0441\u043a\u0438\u0435 \u0445\u0430\u0440\u0430\u043a\u0442\u0435\u0440\u0438\u0441\u0442\u0438\u043a\u0438<\/h2>\n<table class=\"parms\" cellspacing=\"0\" cellpadding=\"0\">\n<tbody>\n<tr>\n<td class=\"label\" align=\"right\" width=\"200\">\u041c\u043e\u0434\u0435\u043b\u044c:<\/td>\n<td class=\"desc\" style=\"text-align: left;\">TOHATSU MFS 3.5<\/td>\n<\/tr>\n<tr class=\"odd\">\n<td class=\"label\" align=\"right\" width=\"200\">\u041f\u0440\u043e\u0438\u0437\u0432\u043e\u0434\u0438\u0442\u0435\u043b\u044c<\/td>\n<td class=\"desc\" style=\"text-align: left;\">TOHATSU<\/td>\n<\/tr>\n<tr>\n<td class=\"label\" align=\"right\" width=\"200\">\u041c\u043e\u0449\u043d\u043e\u0441\u0442\u044c:<\/td>\n<td class=\"desc\" style=\"text-align: left;\">3.5 \u00a0\u043b.\u0441. (2.6\u00a0\u043a\u0412\u0442\u00a0)<\/td>\n<\/tr>\n<tr class=\"odd\">\n<td class=\"label\" align=\"right\" width=\"200\">\u0412\u0435\u0441:<\/td>\n<td class=\"desc\" style=\"text-align: left;\">18 \u043a\u0433<\/td>\n<\/tr>\n<tr>\n<td class=\"label\" align=\"right\" width=\"200\">\n<table border=\"0\" cellspacing=\"0\" cellpadding=\"0\">\n<tbody>\n<tr class=\"even\">\n<td>\u041a\u043e\u043b\u0438\u0447\u0435\u0441\u0442\u0432\u043e \u0446\u0438\u043b\u0438\u043d\u0434\u0440\u043e\u0432<\/td>\n<\/tr>\n<\/tbody>\n<\/table>\n<\/td>\n<td class=\"desc\" style=\"text-align: left;\">1<\/td>\n<\/tr>\n<tr class=\"odd\">\n<td class=\"label\" align=\"right\" width=\"200\">\u0412\u044b\u0441\u043e\u0442\u0430 \u0442\u0440\u0430\u043d\u0446\u0430<\/td>\n<td class=\"desc\" style=\"text-align: left;\">15&#8243;(S) \u0438 \u00a020&#8243;<\/td>\n<\/tr>\n<tr>\n<td class=\"label\" align=\"right\" width=\"200\">\u0421\u0438\u0441\u0442\u0435\u043c\u0430 \u0437\u0430\u043f\u0443\u0441\u043a\u0430:<\/td>\n<td class=\"desc\" style=\"text-align: left;\">\u0420\u0443\u0447\u043d\u043e\u0439 \u0441\u0442\u0430\u0440\u0442\u0435\u0440<\/td>\n<\/tr>\n<tr class=\"odd\">\n<td class=\"label\" align=\"right\" width=\"200\">\u0422\u0438\u043f \u0443\u043f\u0440\u0430\u0432\u043b\u0435\u043d\u0438\u044f<\/td>\n<td class=\"desc\" style=\"text-align: left;\">\u0420\u0443\u0447\u043d\u043e\u0435<\/td>\n<\/tr>\n<tr>\n<td class=\"label\" align=\"right\" width=\"200\">\u0422\u043e\u043f\u043b\u0438\u0432\u043d\u044b\u0439 \u0431\u0430\u043a:<\/td>\n<td class=\"desc\" style=\"text-align: left;\">1 \u041b\u0438\u0442\u0440\u043e\u0432<\/td>\n<\/tr>\n<tr class=\"odd\">\n<td class=\"label\" align=\"right\" width=\"200\">\u0413\u0430\u0440\u0430\u043d\u0442\u0438\u044f:<\/td>\n<td class=\"desc\" style=\"text-align: left;\">5\u00a0\u0433\u043e\u0434\u0430<\/td>\n<\/tr>\n<\/tbody>\n<\/table>\n<h2>\u0422\u0440\u0430\u043d\u0441\u043f\u043e\u0440\u0442<\/h2>\n<p>\u041c\u044b \u0434\u043e\u0441\u0442\u0430\u0432\u0438\u043c \u0434\u0432\u0438\u0433\u0430\u0442\u0435\u043b\u044c \u0432 \u043d\u0443\u0436\u043d\u043e\u0435 \u043c\u0435\u0441\u0442\u043e \u0432 \u0443\u0434\u043e\u0431\u043d\u043e\u0435 \u0432\u0440\u0435\u043c\u044f. \u0412\u044b \u043c\u043e\u0436\u0435\u0442\u0435 \u0432\u044b\u0431\u0440\u0430\u0442\u044c \u0442\u0440\u0430\u043d\u0441\u043f\u043e\u0440\u0442 \u043f\u0440\u0438 \u0441\u043e\u0432\u0435\u0440\u0448\u0435\u043d\u0438\u0438 \u043f\u043e\u043a\u0443\u043f\u043a\u0438 \u0432 \u043a\u043e\u0440\u0437\u0438\u043d\u0435.<\/p>\n<h2>\u0423\u0441\u0442\u0430\u043d\u043e\u0432\u043a\u0430<\/h2>\n<p>\u0414\u0432\u0438\u0433\u0430\u0442\u0435\u043b\u0438 \u043c\u0435\u043d\u044c\u0448\u0435\u0433\u043e \u0440\u0430\u0437\u043c\u0435\u0440\u0430 \u043d\u0435 \u0442\u0440\u0435\u0431\u0443\u044e\u0442 \u0434\u043b\u044f \u0443\u0441\u0442\u0430\u043d\u043e\u0432\u043a\u0438 \u043e\u0442\u0434\u0435\u043b\u044c\u043d\u043e\u0433\u043e \u0441\u043f\u0435\u0446\u0438\u0430\u043b\u0438\u0441\u0442\u0430. \u0414\u043b\u044f \u0434\u0432\u0438\u0433\u0430\u0442\u0435\u043b\u0435\u0439 \u0441 \u0434\u0438\u0441\u0442\u0430\u043d\u0446\u0438\u043e\u043d\u043d\u044b\u043c \u0443\u043f\u0440\u0430\u0432\u043b\u0435\u043d\u0438\u0435\u043c \u043c\u044b \u0433\u043e\u0442\u043e\u0432\u044b \u0443\u0441\u0442\u0430\u043d\u043e\u0432\u0438\u0442\u044c \u0434\u0432\u0438\u0433\u0430\u0442\u0435\u043b\u044c \u043d\u0430 \u0432\u0430\u0448\u0443 \u043b\u043e\u0434\u043a\u0443. \u0421\u043c. <a href=\"https:\/\/nordlinepaadid.ee\/ru\/%d0%b0%d1%80%d0%b5%d0%bd%d0%b4%d0%b0-%d0%bb%d0%be%d0%b4%d0%be%d0%ba\/\" target=\"_blank\" rel=\"noopener\">\u00ab\u0423\u0441\u0442\u0430\u043d\u043e\u0432\u043a\u0430 \u0434\u0432\u0438\u0433\u0430\u0442\u0435\u043b\u044f\u00bb<\/a> \u0434\u043b\u044f \u043f\u043e\u043b\u0443\u0447\u0435\u043d\u0438\u044f \u0434\u043e\u043f\u043e\u043b\u043d\u0438\u0442\u0435\u043b\u044c\u043d\u043e\u0439 \u0438\u043d\u0444\u043e\u0440\u043c\u0430\u0446\u0438\u0438.<\/p>\n<h2><strong style=\"font-size: 16px;\">\u041f\u043e\u0437\u0432\u043e\u043d\u0438\u0442\u0435\u00a0<a href=\"tel:+3725055152\">+372 50 55 152<\/a> \u0438\u043b\u0438 \u043d\u0430\u043f\u0438\u0448\u0438\u0442\u0435 \u043d\u0430\u043c\u00a0<a href=\"mailto:info@nordlineboats.com\">info@nordlineboats.com<\/a>. \u041f\u0440\u0435\u0434\u043b\u0430\u0433\u0430\u0435\u043c \u0432\u0430\u043c \u043b\u0443\u0447\u0448\u0438\u0435 \u0434\u0432\u0438\u0433\u0430\u0442\u0435\u043b\u0438 \u043f\u043e \u0441\u0430\u043c\u044b\u043c \u0432\u044b\u0433\u043e\u0434\u043d\u044b\u043c \u0446\u0435\u043d\u0430\u043c.<\/strong><\/h2>\n<div class=\"pooleks\">\n<h3>\u0421\u0432\u044f\u0436\u0438\u0442\u0435\u0441\u044c \u0441 \u043d\u0430\u043c\u0438<\/h3>\n\n<div class=\"wpcf7 no-js\" id=\"wpcf7-f1985-o1\" lang=\"en-US\" dir=\"ltr\" data-wpcf7-id=\"1985\">\n<div class=\"screen-reader-response\"><p role=\"status\" aria-live=\"polite\" aria-atomic=\"true\"><\/p> <ul><\/ul><\/div>\n<form action=\"\/ru\/wp-json\/wp\/v2\/product\/4849#wpcf7-f1985-o1\" method=\"post\" class=\"wpcf7-form init\" aria-label=\"Contact form\" novalidate=\"novalidate\" data-status=\"init\">\n<fieldset class=\"hidden-fields-container\"><input type=\"hidden\" name=\"_wpcf7\" value=\"1985\" \/><input type=\"hidden\" name=\"_wpcf7_version\" value=\"6.1.5\" \/><input type=\"hidden\" name=\"_wpcf7_locale\" value=\"en_US\" \/><input type=\"hidden\" name=\"_wpcf7_unit_tag\" value=\"wpcf7-f1985-o1\" \/><input type=\"hidden\" name=\"_wpcf7_container_post\" value=\"0\" \/><input type=\"hidden\" name=\"_wpcf7_posted_data_hash\" value=\"\" \/>\n<\/fieldset>\n<p><span class=\"wpcf7-form-control-wrap\" data-name=\"your-email\"><input size=\"40\" maxlength=\"400\" class=\"wpcf7-form-control wpcf7-email wpcf7-validates-as-required wpcf7-text wpcf7-validates-as-email\" aria-required=\"true\" aria-invalid=\"false\" placeholder=\"\u0412\u0430\u0448 \u0430\u0434\u0440\u0435\u0441 \u044d\u043b\u0435\u043a\u0442\u0440\u043e\u043d\u043d\u043e\u0439 \u043f\u043e\u0447\u0442\u044b\" value=\"\" type=\"email\" name=\"your-email\" \/><\/span>\n<\/p>\n<p><span class=\"wpcf7-form-control-wrap\" data-name=\"Telefon\"><input size=\"40\" maxlength=\"400\" class=\"wpcf7-form-control wpcf7-tel wpcf7-text wpcf7-validates-as-tel\" aria-invalid=\"false\" placeholder=\"\u0442\u0435\u043b\u0435\u0444\u043e\u043d\" value=\"\" type=\"tel\" name=\"Telefon\" \/><\/span>\n<\/p>\n<p><span class=\"wpcf7-form-control-wrap\" data-name=\"your-message\"><textarea cols=\"40\" rows=\"10\" maxlength=\"2000\" class=\"wpcf7-form-control wpcf7-textarea\" aria-invalid=\"false\" placeholder=\"\u041d\u0430\u043f\u0438\u0448\u0438\u0442\u0435, \u043a\u0430\u043a\u0443\u044e \u0438\u043d\u0444\u043e\u0440\u043c\u0430\u0446\u0438\u044e \u0432\u044b \u0445\u043e\u0442\u0438\u0442\u0435 \u043f\u043e\u043b\u0443\u0447\u0438\u0442\u044c.\" name=\"your-message\"><\/textarea><\/span>\n<\/p>\n<p>[recaptcha size:compact]\n<\/p>\n<p><span id=\"wpcf7-69d657483c6c5-wrapper\" class=\"wpcf7-form-control-wrap tre-wrap\" style=\"display:none !important; visibility:hidden !important;\"><label for=\"wpcf7-69d657483c6c5-field\" class=\"hp-message\">Please leave this field empty.<\/label><input id=\"wpcf7-69d657483c6c5-field\"  class=\"wpcf7-form-control wpcf7-text\" type=\"text\" name=\"tre\" value=\"\" size=\"40\" tabindex=\"-1\" autocomplete=\"new-password\" \/><\/span>\n<\/p>\n<p><input class=\"wpcf7-form-control wpcf7-submit has-spinner\" type=\"submit\" value=\"\u043e\u0442\u043f\u0440\u0430\u0432\u0438\u043b\u0438\" \/>\n<\/p><div class=\"wpcf7-response-output\" aria-hidden=\"true\"><\/div>\n<\/form>\n<\/div>\n\n<\/div>\n<div class=\"pooleks\">\n<h3>\u0420\u0430\u0441\u0441\u0440\u043e\u0447\u043a\u0430<\/h3>\n<p><iframe loading=\"lazy\" src=\"https:\/\/www.liisi.ee\/iframe-kalkulaator-partnerile\/\" width=\"100%\" height=\"520px\" frameborder=\"no\" scrolling=\"no\" align=\"center\" data-mce-fragment=\"1\">&lt;span data-mce-type=&#187;bookmark&#187; style=&#187;display: inline-block; width: 0px; overflow: hidden; line-height: 0;&#187; class=&#187;mce_SELRES_start&#187;&gt;\ufeff&lt;\/span&gt;<\/iframe><\/p>\n<\/div>\n<div class=\"pooleks\"><\/div>\n","protected":false},"excerpt":{"rendered":"<p>\u041d\u0435\u0431\u043e\u043b\u044c\u0448\u043e\u0439 \u0434\u0432\u0438\u0433\u0430\u0442\u0435\u043b\u044c, \u043a\u043e\u0442\u043e\u0440\u044b\u0439 \u043e\u0431\u044b\u0447\u043d\u043e \u043f\u043e\u0434\u0445\u043e\u0434\u0438\u0442 \u0434\u043b\u044f \u043d\u0430\u0434\u0443\u0432\u043d\u043e\u0439 \u043b\u043e\u0434\u043a\u0438 \u0438\u043b\u0438 \u043d\u0435\u0431\u043e\u043b\u044c\u0448\u043e\u0439 \u043f\u043b\u0430\u0441\u0442\u0438\u043a\u043e\u0432\u043e\u0439 \u043b\u043e\u0434\u043a\u0438, \u0434\u043b\u0438\u043d\u043e\u0439 \u0434\u043e 3 \u043c\u0435\u0442\u0440\u043e\u0432. \u041b\u0435\u0433\u043a\u043e \u043f\u0435\u0440\u0435\u043d\u043e\u0441\u0438\u0442\u044c \u0438 \u0443\u0441\u0442\u0430\u043d\u0430\u0432\u043b\u0438\u0432\u0430\u0442\u044c.<\/p>\n","protected":false},"featured_media":4002,"template":"","meta":{"_kad_blocks_custom_css":"","_kad_blocks_head_custom_js":"","_kad_blocks_body_custom_js":"","_kad_blocks_footer_custom_js":"","_kad_post_transparent":"","_kad_post_title":"","_kad_post_layout":"","_kad_post_sidebar_id":"","_kad_post_content_style":"","_kad_post_vertical_padding":"","_kad_post_feature":"","_kad_post_feature_position":"","_kad_post_header":false,"_kad_post_footer":false,"_kad_post_classname":""},"product_brand":[],"product_cat":[172],"product_tag":[],"class_list":{"0":"post-4849","1":"product","2":"type-product","3":"status-publish","4":"has-post-thumbnail","6":"product_cat-tohatsu-ru","7":"product_shipping_class-euroalusele-mahtuv-kaup","8":"tm-no-options","10":"first","11":"instock","12":"taxable","13":"shipping-taxable","14":"purchasable","15":"product-type-simple","16":"entry","17":"content-bg","18":"loop-entry"},"yoast_head":"<!-- This site is optimized with the Yoast SEO plugin v27.3 - https:\/\/yoast.com\/product\/yoast-seo-wordpress\/ -->\n<title>\u041f\u041e\u0414\u0412\u0415\u0421\u041d\u041e\u0419 \u041c\u041e\u0422\u041e\u0420 TOHATSU 3.5HJ - 5\u0430. \u0433\u0430\u0440\u0430\u043d\u0442\u0438\u044f<\/title>\n<meta name=\"description\" content=\"\u041f\u043e\u0434\u0432\u0435\u0441\u043d\u043e\u0439 \u043c\u043e\u0442\u043e\u0440 Tohatsu 3.5HJ on erandlikult v\u00e4ikest k\u00fctusekulu., kerge ja kompaktne disain, digitaalne s\u00fc\u00fctes\u00fcsteem, mugav kandesang.\" \/>\n<meta name=\"robots\" content=\"index, follow, max-snippet:-1, max-image-preview:large, max-video-preview:-1\" \/>\n<link rel=\"canonical\" href=\"https:\/\/nordlinepaadid.ee\/ru\/pood\/ru-outboard-motors\/tohatsu-ru\/podvesnoy-motor-tohatsu-35-l-s\/\" \/>\n<meta property=\"og:locale\" content=\"ru_RU\" \/>\n<meta property=\"og:type\" content=\"article\" \/>\n<meta property=\"og:title\" content=\"\u041f\u041e\u0414\u0412\u0415\u0421\u041d\u041e\u0419 \u041c\u041e\u0422\u041e\u0420 TOHATSU 3.5HJ - 5\u0430. \u0433\u0430\u0440\u0430\u043d\u0442\u0438\u044f\" \/>\n<meta property=\"og:description\" content=\"\u041f\u043e\u0434\u0432\u0435\u0441\u043d\u043e\u0439 \u043c\u043e\u0442\u043e\u0440 Tohatsu 3.5HJ on erandlikult v\u00e4ikest k\u00fctusekulu., kerge ja kompaktne disain, digitaalne s\u00fc\u00fctes\u00fcsteem, mugav kandesang.\" \/>\n<meta property=\"og:url\" content=\"https:\/\/nordlinepaadid.ee\/ru\/pood\/ru-outboard-motors\/tohatsu-ru\/podvesnoy-motor-tohatsu-35-l-s\/\" \/>\n<meta property=\"og:site_name\" content=\"NORDLINE s\u00f5udepaadid ja mootorpaadid. Klaasfiiber materjalist.\" \/>\n<meta property=\"article:publisher\" content=\"https:\/\/www.facebook.com\/nordlineboats\" \/>\n<meta property=\"article:modified_time\" content=\"2026-04-08T13:03:51+00:00\" \/>\n<meta property=\"og:image\" content=\"https:\/\/nordlinepaadid.ee\/wp-content\/uploads\/2021\/01\/Paadimootor-Tohatsu-35HJ.jpg\" \/>\n\t<meta property=\"og:image:width\" content=\"600\" \/>\n\t<meta property=\"og:image:height\" content=\"600\" \/>\n\t<meta property=\"og:image:type\" content=\"image\/jpeg\" \/>\n<meta name=\"twitter:card\" content=\"summary_large_image\" \/>\n<meta name=\"twitter:label1\" content=\"\u041f\u0440\u0438\u043c\u0435\u0440\u043d\u043e\u0435 \u0432\u0440\u0435\u043c\u044f \u0434\u043b\u044f \u0447\u0442\u0435\u043d\u0438\u044f\" \/>\n\t<meta name=\"twitter:data1\" content=\"2 \u043c\u0438\u043d\u0443\u0442\u044b\" \/>\n<script type=\"application\/ld+json\" class=\"yoast-schema-graph\">{\"@context\":\"https:\\\/\\\/schema.org\",\"@graph\":[{\"@type\":\"WebPage\",\"@id\":\"https:\\\/\\\/nordlinepaadid.ee\\\/ru\\\/pood\\\/ru-outboard-motors\\\/tohatsu-ru\\\/podvesnoy-motor-tohatsu-35-l-s\\\/\",\"url\":\"https:\\\/\\\/nordlinepaadid.ee\\\/ru\\\/pood\\\/ru-outboard-motors\\\/tohatsu-ru\\\/podvesnoy-motor-tohatsu-35-l-s\\\/\",\"name\":\"\u041f\u041e\u0414\u0412\u0415\u0421\u041d\u041e\u0419 \u041c\u041e\u0422\u041e\u0420 TOHATSU 3.5HJ - 5\u0430. \u0433\u0430\u0440\u0430\u043d\u0442\u0438\u044f\",\"isPartOf\":{\"@id\":\"https:\\\/\\\/nordlinepaadid.ee\\\/ru\\\/#website\"},\"primaryImageOfPage\":{\"@id\":\"https:\\\/\\\/nordlinepaadid.ee\\\/ru\\\/pood\\\/ru-outboard-motors\\\/tohatsu-ru\\\/podvesnoy-motor-tohatsu-35-l-s\\\/#primaryimage\"},\"image\":{\"@id\":\"https:\\\/\\\/nordlinepaadid.ee\\\/ru\\\/pood\\\/ru-outboard-motors\\\/tohatsu-ru\\\/podvesnoy-motor-tohatsu-35-l-s\\\/#primaryimage\"},\"thumbnailUrl\":\"https:\\\/\\\/nordlinepaadid.ee\\\/wp-content\\\/uploads\\\/2021\\\/01\\\/Paadimootor-Tohatsu-35HJ.jpg\",\"datePublished\":\"2021-01-02T20:19:25+00:00\",\"dateModified\":\"2026-04-08T13:03:51+00:00\",\"description\":\"\u041f\u043e\u0434\u0432\u0435\u0441\u043d\u043e\u0439 \u043c\u043e\u0442\u043e\u0440 Tohatsu 3.5HJ on erandlikult v\u00e4ikest k\u00fctusekulu., kerge ja kompaktne disain, digitaalne s\u00fc\u00fctes\u00fcsteem, mugav kandesang.\",\"breadcrumb\":{\"@id\":\"https:\\\/\\\/nordlinepaadid.ee\\\/ru\\\/pood\\\/ru-outboard-motors\\\/tohatsu-ru\\\/podvesnoy-motor-tohatsu-35-l-s\\\/#breadcrumb\"},\"inLanguage\":\"ru-RU\",\"potentialAction\":[{\"@type\":\"ReadAction\",\"target\":[\"https:\\\/\\\/nordlinepaadid.ee\\\/ru\\\/pood\\\/ru-outboard-motors\\\/tohatsu-ru\\\/podvesnoy-motor-tohatsu-35-l-s\\\/\"]}]},{\"@type\":\"ImageObject\",\"inLanguage\":\"ru-RU\",\"@id\":\"https:\\\/\\\/nordlinepaadid.ee\\\/ru\\\/pood\\\/ru-outboard-motors\\\/tohatsu-ru\\\/podvesnoy-motor-tohatsu-35-l-s\\\/#primaryimage\",\"url\":\"https:\\\/\\\/nordlinepaadid.ee\\\/wp-content\\\/uploads\\\/2021\\\/01\\\/Paadimootor-Tohatsu-35HJ.jpg\",\"contentUrl\":\"https:\\\/\\\/nordlinepaadid.ee\\\/wp-content\\\/uploads\\\/2021\\\/01\\\/Paadimootor-Tohatsu-35HJ.jpg\",\"width\":600,\"height\":600,\"caption\":\"Paadimootor Tohatsu 3,5HJ\"},{\"@type\":\"BreadcrumbList\",\"@id\":\"https:\\\/\\\/nordlinepaadid.ee\\\/ru\\\/pood\\\/ru-outboard-motors\\\/tohatsu-ru\\\/podvesnoy-motor-tohatsu-35-l-s\\\/#breadcrumb\",\"itemListElement\":[{\"@type\":\"ListItem\",\"position\":1,\"name\":\"Home\",\"item\":\"https:\\\/\\\/nordlinepaadid.ee\\\/ru\\\/\"},{\"@type\":\"ListItem\",\"position\":2,\"name\":\"\u041c\u0430\u0433\u0430\u0437\u0438\u043d\",\"item\":\"https:\\\/\\\/nordlinepaadid.ee\\\/ru\\\/shop\\\/\"},{\"@type\":\"ListItem\",\"position\":3,\"name\":\"\u041b\u043e\u0434\u043e\u0447\u043d\u044b\u0439 \u043c\u043e\u0442\u043e\u0440 Tohatsu 3,5HJ\"}]},{\"@type\":\"WebSite\",\"@id\":\"https:\\\/\\\/nordlinepaadid.ee\\\/ru\\\/#website\",\"url\":\"https:\\\/\\\/nordlinepaadid.ee\\\/ru\\\/\",\"name\":\"NORDLINE s\u00f5udepaadid ja mootorpaadid. Klaasfiiber materjalist.\",\"description\":\"\",\"publisher\":{\"@id\":\"https:\\\/\\\/nordlinepaadid.ee\\\/ru\\\/#organization\"},\"potentialAction\":[{\"@type\":\"SearchAction\",\"target\":{\"@type\":\"EntryPoint\",\"urlTemplate\":\"https:\\\/\\\/nordlinepaadid.ee\\\/ru\\\/?s={search_term_string}\"},\"query-input\":{\"@type\":\"PropertyValueSpecification\",\"valueRequired\":true,\"valueName\":\"search_term_string\"}}],\"inLanguage\":\"ru-RU\"},{\"@type\":\"Organization\",\"@id\":\"https:\\\/\\\/nordlinepaadid.ee\\\/ru\\\/#organization\",\"name\":\"Nordlineboats\",\"url\":\"https:\\\/\\\/nordlinepaadid.ee\\\/ru\\\/\",\"logo\":{\"@type\":\"ImageObject\",\"inLanguage\":\"ru-RU\",\"@id\":\"https:\\\/\\\/nordlinepaadid.ee\\\/ru\\\/#\\\/schema\\\/logo\\\/image\\\/\",\"url\":\"https:\\\/\\\/nordlinepaadid.ee\\\/wp-content\\\/uploads\\\/2023\\\/01\\\/fulllogo_transparent_nobuffer-e1672750475494.png\",\"contentUrl\":\"https:\\\/\\\/nordlinepaadid.ee\\\/wp-content\\\/uploads\\\/2023\\\/01\\\/fulllogo_transparent_nobuffer-e1672750475494.png\",\"width\":150,\"height\":119,\"caption\":\"Nordlineboats\"},\"image\":{\"@id\":\"https:\\\/\\\/nordlinepaadid.ee\\\/ru\\\/#\\\/schema\\\/logo\\\/image\\\/\"},\"sameAs\":[\"https:\\\/\\\/www.facebook.com\\\/nordlineboats\",\"https:\\\/\\\/www.youtube.com\\\/channel\\\/UCbgF0fy02y3QkFnujaLTaCA\"]}]}<\/script>\n<!-- \/ Yoast SEO plugin. -->","yoast_head_json":{"title":"\u041f\u041e\u0414\u0412\u0415\u0421\u041d\u041e\u0419 \u041c\u041e\u0422\u041e\u0420 TOHATSU 3.5HJ - 5\u0430. \u0433\u0430\u0440\u0430\u043d\u0442\u0438\u044f","description":"\u041f\u043e\u0434\u0432\u0435\u0441\u043d\u043e\u0439 \u043c\u043e\u0442\u043e\u0440 Tohatsu 3.5HJ on erandlikult v\u00e4ikest k\u00fctusekulu., kerge ja kompaktne disain, digitaalne s\u00fc\u00fctes\u00fcsteem, mugav kandesang.","robots":{"index":"index","follow":"follow","max-snippet":"max-snippet:-1","max-image-preview":"max-image-preview:large","max-video-preview":"max-video-preview:-1"},"canonical":"https:\/\/nordlinepaadid.ee\/ru\/pood\/ru-outboard-motors\/tohatsu-ru\/podvesnoy-motor-tohatsu-35-l-s\/","og_locale":"ru_RU","og_type":"article","og_title":"\u041f\u041e\u0414\u0412\u0415\u0421\u041d\u041e\u0419 \u041c\u041e\u0422\u041e\u0420 TOHATSU 3.5HJ - 5\u0430. \u0433\u0430\u0440\u0430\u043d\u0442\u0438\u044f","og_description":"\u041f\u043e\u0434\u0432\u0435\u0441\u043d\u043e\u0439 \u043c\u043e\u0442\u043e\u0440 Tohatsu 3.5HJ on erandlikult v\u00e4ikest k\u00fctusekulu., kerge ja kompaktne disain, digitaalne s\u00fc\u00fctes\u00fcsteem, mugav kandesang.","og_url":"https:\/\/nordlinepaadid.ee\/ru\/pood\/ru-outboard-motors\/tohatsu-ru\/podvesnoy-motor-tohatsu-35-l-s\/","og_site_name":"NORDLINE s\u00f5udepaadid ja mootorpaadid. Klaasfiiber materjalist.","article_publisher":"https:\/\/www.facebook.com\/nordlineboats","article_modified_time":"2026-04-08T13:03:51+00:00","og_image":[{"width":600,"height":600,"url":"https:\/\/nordlinepaadid.ee\/wp-content\/uploads\/2021\/01\/Paadimootor-Tohatsu-35HJ.jpg","type":"image\/jpeg"}],"twitter_card":"summary_large_image","twitter_misc":{"\u041f\u0440\u0438\u043c\u0435\u0440\u043d\u043e\u0435 \u0432\u0440\u0435\u043c\u044f \u0434\u043b\u044f \u0447\u0442\u0435\u043d\u0438\u044f":"2 \u043c\u0438\u043d\u0443\u0442\u044b"},"schema":{"@context":"https:\/\/schema.org","@graph":[{"@type":"WebPage","@id":"https:\/\/nordlinepaadid.ee\/ru\/pood\/ru-outboard-motors\/tohatsu-ru\/podvesnoy-motor-tohatsu-35-l-s\/","url":"https:\/\/nordlinepaadid.ee\/ru\/pood\/ru-outboard-motors\/tohatsu-ru\/podvesnoy-motor-tohatsu-35-l-s\/","name":"\u041f\u041e\u0414\u0412\u0415\u0421\u041d\u041e\u0419 \u041c\u041e\u0422\u041e\u0420 TOHATSU 3.5HJ - 5\u0430. \u0433\u0430\u0440\u0430\u043d\u0442\u0438\u044f","isPartOf":{"@id":"https:\/\/nordlinepaadid.ee\/ru\/#website"},"primaryImageOfPage":{"@id":"https:\/\/nordlinepaadid.ee\/ru\/pood\/ru-outboard-motors\/tohatsu-ru\/podvesnoy-motor-tohatsu-35-l-s\/#primaryimage"},"image":{"@id":"https:\/\/nordlinepaadid.ee\/ru\/pood\/ru-outboard-motors\/tohatsu-ru\/podvesnoy-motor-tohatsu-35-l-s\/#primaryimage"},"thumbnailUrl":"https:\/\/nordlinepaadid.ee\/wp-content\/uploads\/2021\/01\/Paadimootor-Tohatsu-35HJ.jpg","datePublished":"2021-01-02T20:19:25+00:00","dateModified":"2026-04-08T13:03:51+00:00","description":"\u041f\u043e\u0434\u0432\u0435\u0441\u043d\u043e\u0439 \u043c\u043e\u0442\u043e\u0440 Tohatsu 3.5HJ on erandlikult v\u00e4ikest k\u00fctusekulu., kerge ja kompaktne disain, digitaalne s\u00fc\u00fctes\u00fcsteem, mugav kandesang.","breadcrumb":{"@id":"https:\/\/nordlinepaadid.ee\/ru\/pood\/ru-outboard-motors\/tohatsu-ru\/podvesnoy-motor-tohatsu-35-l-s\/#breadcrumb"},"inLanguage":"ru-RU","potentialAction":[{"@type":"ReadAction","target":["https:\/\/nordlinepaadid.ee\/ru\/pood\/ru-outboard-motors\/tohatsu-ru\/podvesnoy-motor-tohatsu-35-l-s\/"]}]},{"@type":"ImageObject","inLanguage":"ru-RU","@id":"https:\/\/nordlinepaadid.ee\/ru\/pood\/ru-outboard-motors\/tohatsu-ru\/podvesnoy-motor-tohatsu-35-l-s\/#primaryimage","url":"https:\/\/nordlinepaadid.ee\/wp-content\/uploads\/2021\/01\/Paadimootor-Tohatsu-35HJ.jpg","contentUrl":"https:\/\/nordlinepaadid.ee\/wp-content\/uploads\/2021\/01\/Paadimootor-Tohatsu-35HJ.jpg","width":600,"height":600,"caption":"Paadimootor Tohatsu 3,5HJ"},{"@type":"BreadcrumbList","@id":"https:\/\/nordlinepaadid.ee\/ru\/pood\/ru-outboard-motors\/tohatsu-ru\/podvesnoy-motor-tohatsu-35-l-s\/#breadcrumb","itemListElement":[{"@type":"ListItem","position":1,"name":"Home","item":"https:\/\/nordlinepaadid.ee\/ru\/"},{"@type":"ListItem","position":2,"name":"\u041c\u0430\u0433\u0430\u0437\u0438\u043d","item":"https:\/\/nordlinepaadid.ee\/ru\/shop\/"},{"@type":"ListItem","position":3,"name":"\u041b\u043e\u0434\u043e\u0447\u043d\u044b\u0439 \u043c\u043e\u0442\u043e\u0440 Tohatsu 3,5HJ"}]},{"@type":"WebSite","@id":"https:\/\/nordlinepaadid.ee\/ru\/#website","url":"https:\/\/nordlinepaadid.ee\/ru\/","name":"NORDLINE s\u00f5udepaadid ja mootorpaadid. Klaasfiiber materjalist.","description":"","publisher":{"@id":"https:\/\/nordlinepaadid.ee\/ru\/#organization"},"potentialAction":[{"@type":"SearchAction","target":{"@type":"EntryPoint","urlTemplate":"https:\/\/nordlinepaadid.ee\/ru\/?s={search_term_string}"},"query-input":{"@type":"PropertyValueSpecification","valueRequired":true,"valueName":"search_term_string"}}],"inLanguage":"ru-RU"},{"@type":"Organization","@id":"https:\/\/nordlinepaadid.ee\/ru\/#organization","name":"Nordlineboats","url":"https:\/\/nordlinepaadid.ee\/ru\/","logo":{"@type":"ImageObject","inLanguage":"ru-RU","@id":"https:\/\/nordlinepaadid.ee\/ru\/#\/schema\/logo\/image\/","url":"https:\/\/nordlinepaadid.ee\/wp-content\/uploads\/2023\/01\/fulllogo_transparent_nobuffer-e1672750475494.png","contentUrl":"https:\/\/nordlinepaadid.ee\/wp-content\/uploads\/2023\/01\/fulllogo_transparent_nobuffer-e1672750475494.png","width":150,"height":119,"caption":"Nordlineboats"},"image":{"@id":"https:\/\/nordlinepaadid.ee\/ru\/#\/schema\/logo\/image\/"},"sameAs":["https:\/\/www.facebook.com\/nordlineboats","https:\/\/www.youtube.com\/channel\/UCbgF0fy02y3QkFnujaLTaCA"]}]}},"taxonomy_info":{"product_cat":[{"value":172,"label":"Tohatsu"}]},"featured_image_src_large":["https:\/\/nordlinepaadid.ee\/wp-content\/uploads\/2021\/01\/Paadimootor-Tohatsu-35HJ.jpg",600,600,false],"author_info":[],"comment_info":"","_links":{"self":[{"href":"https:\/\/nordlinepaadid.ee\/ru\/wp-json\/wp\/v2\/product\/4849","targetHints":{"allow":["GET"]}}],"collection":[{"href":"https:\/\/nordlinepaadid.ee\/ru\/wp-json\/wp\/v2\/product"}],"about":[{"href":"https:\/\/nordlinepaadid.ee\/ru\/wp-json\/wp\/v2\/types\/product"}],"wp:featuredmedia":[{"embeddable":true,"href":"https:\/\/nordlinepaadid.ee\/ru\/wp-json\/wp\/v2\/media\/4002"}],"wp:attachment":[{"href":"https:\/\/nordlinepaadid.ee\/ru\/wp-json\/wp\/v2\/media?parent=4849"}],"wp:term":[{"taxonomy":"product_brand","embeddable":true,"href":"https:\/\/nordlinepaadid.ee\/ru\/wp-json\/wp\/v2\/product_brand?post=4849"},{"taxonomy":"product_cat","embeddable":true,"href":"https:\/\/nordlinepaadid.ee\/ru\/wp-json\/wp\/v2\/product_cat?post=4849"},{"taxonomy":"product_tag","embeddable":true,"href":"https:\/\/nordlinepaadid.ee\/ru\/wp-json\/wp\/v2\/product_tag?post=4849"}],"curies":[{"name":"wp","href":"https:\/\/api.w.org\/{rel}","templated":true}]}}