{"id":4853,"date":"2021-01-17T13:14:22","date_gmt":"2021-02-21T13:17:41","guid":{"rendered":"https:\/\/nordlinepaadid.ee\/pood\/paadimootor-tohatsu-15hj\/"},"modified":"2026-04-09T02:03:14","modified_gmt":"2026-04-08T23:03:14","slug":"paadimootor-tohatsu-15hj","status":"publish","type":"product","link":"https:\/\/nordlinepaadid.ee\/ru\/pood\/ru-outboard-motors\/tohatsu-ru\/paadimootor-tohatsu-15hj\/","title":{"rendered":"Paadimootor Tohatsu 15HJ"},"content":{"rendered":"<h1>Paadimootor Tohatsu 15HJ<\/h1>\n<p>Tohatsu teeb alati k\u00f5ik, et pakkuda teile parimat paadimootorit. Loomulikult pole ka paadimootor Tohatsu 15hj -4taktiline siin mingi erand. See mootor pakub v\u00e4ikse k\u00fctusekulu juures palju v\u00f5imsust, on sitke, vastupidav ja t\u00f6\u00f6kindel kaaslane vee peal. Iseensestm\u00f5istetavalt on sel mootoril EPA\/CARBi heakskiit. Termostaadiga juhitud \u00fchtlane mootori t\u00f6\u00f6temperatuur, alumiiniumist propeller, dekompressiooniseade kergemaks k\u00e4ivitamiseks, jne.jne. Sellest mootorist on mitu erinevat mudelit, mitmete erinevate funktsioonidega.<\/p>\n<p>Tohatsu 4 taktilised paadimootorid on eriti t\u00f6\u00f6kindlad, \u00f6konoomsed, looduss\u00f5bralikud, tasase h\u00e4\u00e4lega ja lihtsad kasutada. Erinevalt konkurentidest on juba 5 hj mudelil survega \u00f5lituss\u00fcsteem ning heitgaasid v\u00e4ljuvad vindi s\u00fcdamiku kaudu. See t\u00e4hendab, et v\u00e4ikeste mootorite tehnilised lahendused on samad mis suurtel.<\/p>\n<h2> Tohatsu 15HJ mootori p\u00f5hiomadusi:<\/h2>\n<p>&#8212; heitgaaside v\u00e4ljumine vindi s\u00fcdamiku kaudu<br \/>\n&#8212; jahutusvee temperatuuri reguleerimine termostaadiga<br \/>\n&#8212; k\u00e4ivitumine ainult k\u00e4iguhoova neutraalasendis<br \/>\n&#8212; turvastopp<br \/>\n&#8212; lihtsamaks k\u00e4ivitumiseks stardin\u00f6\u00f6rist t\u00f5mbamisel kompressiooni alandamine silindrites<br \/>\n&#8212; roostevabast happekindlast terasest valmistatud veepumba korpus, mis kestab paremini soolases ja liivases vees<br \/>\n&#8212; madala vee s\u00f5iduasend<br \/>\n&#8212; automaatne segurikastaja mis lihtsustab k\u00e4ivitumist (9,9-18 hj)<br \/>\n&#8212; p\u00f6\u00f6retepiiraja<br \/>\n&#8212; \u00f5lisurve hoiatustuli<br \/>\n&#8212; suur mootori\u00f5li maht mis garanteerib hea \u00f5lituse<br \/>\n&#8212; t\u00e4idavad EPA\/CARB normid<\/p>\n<p>Paadimootor Tohatsu 15HJ kohta loe t\u00e4psemalt <a href=\"https:\/\/www.tohatsu.com\/marine\/na\/outboards\/15_4st.html\" target=\"_blank\" rel=\"noopener\">www.tohatsu.com<\/a><\/p>\n<h2>Tohatsu 15HJ tehnilised andmed<\/h2>\n<table class=\"parms\" cellspacing=\"0\" cellpadding=\"0\">\n<tbody>\n<tr>\n<td class=\"label\" align=\"right\" width=\"200\">Tooteinfo:<\/td>\n<td class=\"desc\">TOHATSU MFS 15 ES<\/td>\n<\/tr>\n<tr class=\"odd\">\n<td class=\"label\" align=\"right\" width=\"200\">Kaubam\u0101rk, Br\u0101nd:<\/td>\n<td class=\"desc\">TOHATSU<\/td>\n<\/tr>\n<tr>\n<td class=\"label\" align=\"right\" width=\"200\">V\u014dimsus:<\/td>\n<td class=\"desc\">15 hj (11kW)<\/td>\n<\/tr>\n<tr class=\"odd\">\n<td class=\"label\" align=\"right\" width=\"200\">Kaal:<\/td>\n<td class=\"desc\">43 kg<\/td>\n<\/tr>\n<tr>\n<td class=\"label\" align=\"right\" width=\"200\">Silindri info:<\/td>\n<td class=\"desc\">2<\/td>\n<\/tr>\n<tr class=\"odd\">\n<td class=\"label\" align=\"right\" width=\"200\">Mootorijala m\u014d\u014ddud:<\/td>\n<td class=\"desc\">&#171;l\u00fchike jalg &#171;- 15&#8243;(S), saadaval ka &#171;pikk jalg&#187;<\/td>\n<\/tr>\n<tr>\n<td class=\"label\" align=\"right\" width=\"200\">Starter:<\/td>\n<td class=\"desc\">K\u00e4sik\u00e4ivitus<\/td>\n<\/tr>\n<tr class=\"odd\">\n<td class=\"label\" align=\"right\" width=\"200\">Mootori juhtimine:<\/td>\n<td class=\"desc\">edasi-vaba-tagasi<\/td>\n<\/tr>\n<tr>\n<td class=\"label\" align=\"right\" width=\"200\">Bensiinipaagi maht:<\/td>\n<td class=\"desc\">12 L v\u00e4line k\u00fctusepaak<\/td>\n<\/tr>\n<tr class=\"odd\">\n<td class=\"label\" align=\"right\" width=\"200\">Garantii:<\/td>\n<td class=\"desc\">5 aastat<\/td>\n<\/tr>\n<\/tbody>\n<\/table>\n<h2>Transport<\/h2>\n<p>Toimetame mootori sulle sobival ajal sinu soovitud kohta. Transpordi saate valida, kui vormistate ostu ostukorvis.<\/p>\n<h3>Paigaldus<\/h3>\n<p>V\u00e4iksemad mootorid ei vaja paigalduseks eraldi spetsialisti. Kaugjuhtimisega mootorite puhul oleme valmis paigaldama mootori Teie paadile. Vaata selle teenuse kohta t\u00e4psemalt <a href=\"https:\/\/nordlinepaadid.ee\/ru\/%d1%83%d1%81%d1%82%d0%b0%d0%bd%d0%be%d0%b2%d0%ba%d0%b0-%d0%bc%d0%be%d1%82%d0%be%d1%80%d0%b0\/\" target=\"_blank\" rel=\"noopener\">&#171;mootori paigaldus&#187;<\/a>.<\/p>\n<p><strong>Helista 50 55 152 v\u00f5i kirjuta meile. Pakume sulle parimaid mootoreid, parimate hindadega.<\/strong><\/p>\n<div class=\"pooleks\">\n<h3>\u041f\u043e\u0436\u0430\u043b\u0443\u0439\u0441\u0442\u0430, \u0441\u0432\u044f\u0436\u0438\u0442\u0435\u0441\u044c \u0441 \u043d\u0430\u043c\u0438<\/h3>\n\n<div class=\"wpcf7 no-js\" id=\"wpcf7-f3217-o1\" lang=\"et\" dir=\"ltr\" data-wpcf7-id=\"3217\">\n<div class=\"screen-reader-response\"><p role=\"status\" aria-live=\"polite\" aria-atomic=\"true\"><\/p> <ul><\/ul><\/div>\n<form action=\"\/ru\/wp-json\/wp\/v2\/product\/4853#wpcf7-f3217-o1\" method=\"post\" class=\"wpcf7-form init\" aria-label=\"Contact form\" novalidate=\"novalidate\" data-status=\"init\">\n<fieldset class=\"hidden-fields-container\"><input type=\"hidden\" name=\"_wpcf7\" value=\"3217\" \/><input type=\"hidden\" name=\"_wpcf7_version\" value=\"6.1.5\" \/><input type=\"hidden\" name=\"_wpcf7_locale\" value=\"et\" \/><input type=\"hidden\" name=\"_wpcf7_unit_tag\" value=\"wpcf7-f3217-o1\" \/><input type=\"hidden\" name=\"_wpcf7_container_post\" value=\"0\" \/><input type=\"hidden\" name=\"_wpcf7_posted_data_hash\" value=\"\" \/>\n<\/fieldset>\n<p><label> Nimi (n\u00f5utav)<br \/>\n<span class=\"wpcf7-form-control-wrap\" data-name=\"your-name\"><input size=\"40\" maxlength=\"400\" class=\"wpcf7-form-control wpcf7-text wpcf7-validates-as-required\" aria-required=\"true\" aria-invalid=\"false\" value=\"\" type=\"text\" name=\"your-name\" \/><\/span> <\/label><br \/>\n<label> Email (n\u00f5utav)<br \/>\n<span class=\"wpcf7-form-control-wrap\" data-name=\"your-email\"><input size=\"40\" maxlength=\"400\" class=\"wpcf7-form-control wpcf7-email wpcf7-validates-as-required wpcf7-text wpcf7-validates-as-email\" aria-required=\"true\" aria-invalid=\"false\" value=\"\" type=\"email\" name=\"your-email\" \/><\/span> <\/label><br \/>\n<label> Telefon<br \/>\n<span class=\"wpcf7-form-control-wrap\" data-name=\"Telefon\"><input size=\"40\" maxlength=\"400\" class=\"wpcf7-form-control wpcf7-tel wpcf7-text wpcf7-validates-as-tel\" aria-invalid=\"false\" value=\"\" type=\"tel\" name=\"Telefon\" \/><\/span><\/label><br \/>\n<label> Teade<br \/>\n<span class=\"wpcf7-form-control-wrap\" data-name=\"your-message\"><textarea cols=\"40\" rows=\"10\" maxlength=\"2000\" class=\"wpcf7-form-control wpcf7-textarea\" aria-invalid=\"false\" name=\"your-message\"><\/textarea><\/span> <\/label>\n<\/p>\n<p><input class=\"wpcf7-form-control wpcf7-submit has-spinner\" type=\"submit\" value=\"Saada\" \/>\n<\/p><div class=\"wpcf7-response-output\" aria-hidden=\"true\"><\/div>\n<\/form>\n<\/div>\n\n<\/div>\n<div class=\"pooleks\">\n<h3>\u0420\u0430\u0441\u0441\u0440\u043e\u0447\u043a\u0430<\/h3>\n<p><iframe loading=\"lazy\" src=\"https:\/\/www.liisi.ee\/iframe-kalkulaator-partnerile\/\" width=\"100%\" height=\"520px\" frameborder=\"no\" scrolling=\"no\" align=\"center\"><span data-mce-type=\"bookmark\" style=\"display: inline-block; width: 0px; overflow: hidden; line-height: 0;\" class=\"mce_SELRES_start\">\ufeff<\/span><\/iframe><\/p>\n<\/div>\n","protected":false},"excerpt":{"rendered":"<p>Paadimootor Tohatsu 15HJ Tohatsu teeb alati k\u00f5ik, et pakkuda teile parimat paadimootorit. Loomulikult pole ka paadimootor Tohatsu 15hj -4taktiline siin mingi erand. See mootor pakub v\u00e4ikse k\u00fctusekulu juures palju v\u00f5imsust, on sitke, vastupidav ja t\u00f6\u00f6kindel kaaslane vee peal. Iseensestm\u00f5istetavalt on sel mootoril EPA\/CARBi heakskiit. Termostaadiga juhitud \u00fchtlane mootori t\u00f6\u00f6temperatuur, alumiiniumist propeller, dekompressiooniseade kergemaks k\u00e4ivitamiseks, jne.jne&#8230;.<\/p>\n","protected":false},"featured_media":4175,"template":"","meta":{"_kad_blocks_custom_css":"","_kad_blocks_head_custom_js":"","_kad_blocks_body_custom_js":"","_kad_blocks_footer_custom_js":"","_kad_post_transparent":"","_kad_post_title":"","_kad_post_layout":"","_kad_post_sidebar_id":"","_kad_post_content_style":"","_kad_post_vertical_padding":"","_kad_post_feature":"","_kad_post_feature_position":"","_kad_post_header":false,"_kad_post_footer":false,"_kad_post_classname":""},"product_brand":[],"product_cat":[172],"product_tag":[],"class_list":{"0":"post-4853","1":"product","2":"type-product","3":"status-publish","4":"has-post-thumbnail","6":"product_cat-tohatsu-ru","7":"product_shipping_class-euroalusele-mahtuv-kaup","8":"tm-no-options","10":"first","11":"onbackorder","12":"taxable","13":"shipping-taxable","14":"purchasable","15":"product-type-simple","16":"entry","17":"content-bg","18":"loop-entry"},"yoast_head":"<!-- This site is optimized with the Yoast SEO plugin v27.3 - https:\/\/yoast.com\/product\/yoast-seo-wordpress\/ -->\n<title>Paadimootor TOHATSU 15HJ - garantii 5 aastat. NORDLINEBOATS<\/title>\n<meta name=\"description\" content=\"Paadimootor Tohatsu on kahe silindriline, k\u00e4sijuhtimisega 43kg kaaluv p\u00e4ramootor. Saadaval elektri k\u00e4ivitus, kaugjuhtimine ja el. trimm\" \/>\n<meta name=\"robots\" content=\"index, follow, max-snippet:-1, max-image-preview:large, max-video-preview:-1\" \/>\n<link rel=\"canonical\" href=\"https:\/\/nordlinepaadid.ee\/ru\/pood\/ru-outboard-motors\/tohatsu-ru\/paadimootor-tohatsu-15hj\/\" \/>\n<meta property=\"og:locale\" content=\"ru_RU\" \/>\n<meta property=\"og:type\" content=\"article\" \/>\n<meta property=\"og:title\" content=\"Paadimootor TOHATSU 15HJ - garantii 5 aastat. NORDLINEBOATS\" \/>\n<meta property=\"og:description\" content=\"Paadimootor Tohatsu on kahe silindriline, k\u00e4sijuhtimisega 43kg kaaluv p\u00e4ramootor. Saadaval elektri k\u00e4ivitus, kaugjuhtimine ja el. trimm\" \/>\n<meta property=\"og:url\" content=\"https:\/\/nordlinepaadid.ee\/ru\/pood\/ru-outboard-motors\/tohatsu-ru\/paadimootor-tohatsu-15hj\/\" \/>\n<meta property=\"og:site_name\" content=\"NORDLINE s\u00f5udepaadid ja mootorpaadid. Klaasfiiber materjalist.\" \/>\n<meta property=\"article:publisher\" content=\"https:\/\/www.facebook.com\/nordlineboats\" \/>\n<meta property=\"article:modified_time\" content=\"2026-04-08T23:03:14+00:00\" \/>\n<meta property=\"og:image\" content=\"https:\/\/nordlinepaadid.ee\/wp-content\/uploads\/2021\/01\/Paadimootor-Tohatsu-15HJ.jpg\" \/>\n\t<meta property=\"og:image:width\" content=\"600\" \/>\n\t<meta property=\"og:image:height\" content=\"600\" \/>\n\t<meta property=\"og:image:type\" content=\"image\/jpeg\" \/>\n<meta name=\"twitter:card\" content=\"summary_large_image\" \/>\n<meta name=\"twitter:label1\" content=\"\u041f\u0440\u0438\u043c\u0435\u0440\u043d\u043e\u0435 \u0432\u0440\u0435\u043c\u044f \u0434\u043b\u044f \u0447\u0442\u0435\u043d\u0438\u044f\" \/>\n\t<meta name=\"twitter:data1\" content=\"2 \u043c\u0438\u043d\u0443\u0442\u044b\" \/>\n<script type=\"application\/ld+json\" class=\"yoast-schema-graph\">{\"@context\":\"https:\\\/\\\/schema.org\",\"@graph\":[{\"@type\":\"WebPage\",\"@id\":\"https:\\\/\\\/nordlinepaadid.ee\\\/ru\\\/pood\\\/ru-outboard-motors\\\/tohatsu-ru\\\/paadimootor-tohatsu-15hj\\\/\",\"url\":\"https:\\\/\\\/nordlinepaadid.ee\\\/ru\\\/pood\\\/ru-outboard-motors\\\/tohatsu-ru\\\/paadimootor-tohatsu-15hj\\\/\",\"name\":\"Paadimootor TOHATSU 15HJ - garantii 5 aastat. NORDLINEBOATS\",\"isPartOf\":{\"@id\":\"https:\\\/\\\/nordlinepaadid.ee\\\/ru\\\/#website\"},\"primaryImageOfPage\":{\"@id\":\"https:\\\/\\\/nordlinepaadid.ee\\\/ru\\\/pood\\\/ru-outboard-motors\\\/tohatsu-ru\\\/paadimootor-tohatsu-15hj\\\/#primaryimage\"},\"image\":{\"@id\":\"https:\\\/\\\/nordlinepaadid.ee\\\/ru\\\/pood\\\/ru-outboard-motors\\\/tohatsu-ru\\\/paadimootor-tohatsu-15hj\\\/#primaryimage\"},\"thumbnailUrl\":\"https:\\\/\\\/nordlinepaadid.ee\\\/wp-content\\\/uploads\\\/2021\\\/01\\\/Paadimootor-Tohatsu-15HJ.jpg\",\"datePublished\":\"2021-02-21T13:17:41+00:00\",\"dateModified\":\"2026-04-08T23:03:14+00:00\",\"description\":\"Paadimootor Tohatsu on kahe silindriline, k\u00e4sijuhtimisega 43kg kaaluv p\u00e4ramootor. Saadaval elektri k\u00e4ivitus, kaugjuhtimine ja el. trimm\",\"breadcrumb\":{\"@id\":\"https:\\\/\\\/nordlinepaadid.ee\\\/ru\\\/pood\\\/ru-outboard-motors\\\/tohatsu-ru\\\/paadimootor-tohatsu-15hj\\\/#breadcrumb\"},\"inLanguage\":\"ru-RU\",\"potentialAction\":[{\"@type\":\"ReadAction\",\"target\":[\"https:\\\/\\\/nordlinepaadid.ee\\\/ru\\\/pood\\\/ru-outboard-motors\\\/tohatsu-ru\\\/paadimootor-tohatsu-15hj\\\/\"]}]},{\"@type\":\"ImageObject\",\"inLanguage\":\"ru-RU\",\"@id\":\"https:\\\/\\\/nordlinepaadid.ee\\\/ru\\\/pood\\\/ru-outboard-motors\\\/tohatsu-ru\\\/paadimootor-tohatsu-15hj\\\/#primaryimage\",\"url\":\"https:\\\/\\\/nordlinepaadid.ee\\\/wp-content\\\/uploads\\\/2021\\\/01\\\/Paadimootor-Tohatsu-15HJ.jpg\",\"contentUrl\":\"https:\\\/\\\/nordlinepaadid.ee\\\/wp-content\\\/uploads\\\/2021\\\/01\\\/Paadimootor-Tohatsu-15HJ.jpg\",\"width\":600,\"height\":600,\"caption\":\"Paadimootor Tohatsu 15HJ\"},{\"@type\":\"BreadcrumbList\",\"@id\":\"https:\\\/\\\/nordlinepaadid.ee\\\/ru\\\/pood\\\/ru-outboard-motors\\\/tohatsu-ru\\\/paadimootor-tohatsu-15hj\\\/#breadcrumb\",\"itemListElement\":[{\"@type\":\"ListItem\",\"position\":1,\"name\":\"Home\",\"item\":\"https:\\\/\\\/nordlinepaadid.ee\\\/ru\\\/\"},{\"@type\":\"ListItem\",\"position\":2,\"name\":\"\u041c\u0430\u0433\u0430\u0437\u0438\u043d\",\"item\":\"https:\\\/\\\/nordlinepaadid.ee\\\/ru\\\/shop\\\/\"},{\"@type\":\"ListItem\",\"position\":3,\"name\":\"Paadimootor Tohatsu 15HJ\"}]},{\"@type\":\"WebSite\",\"@id\":\"https:\\\/\\\/nordlinepaadid.ee\\\/ru\\\/#website\",\"url\":\"https:\\\/\\\/nordlinepaadid.ee\\\/ru\\\/\",\"name\":\"NORDLINE s\u00f5udepaadid ja mootorpaadid. Klaasfiiber materjalist.\",\"description\":\"\",\"publisher\":{\"@id\":\"https:\\\/\\\/nordlinepaadid.ee\\\/ru\\\/#organization\"},\"potentialAction\":[{\"@type\":\"SearchAction\",\"target\":{\"@type\":\"EntryPoint\",\"urlTemplate\":\"https:\\\/\\\/nordlinepaadid.ee\\\/ru\\\/?s={search_term_string}\"},\"query-input\":{\"@type\":\"PropertyValueSpecification\",\"valueRequired\":true,\"valueName\":\"search_term_string\"}}],\"inLanguage\":\"ru-RU\"},{\"@type\":\"Organization\",\"@id\":\"https:\\\/\\\/nordlinepaadid.ee\\\/ru\\\/#organization\",\"name\":\"Nordlineboats\",\"url\":\"https:\\\/\\\/nordlinepaadid.ee\\\/ru\\\/\",\"logo\":{\"@type\":\"ImageObject\",\"inLanguage\":\"ru-RU\",\"@id\":\"https:\\\/\\\/nordlinepaadid.ee\\\/ru\\\/#\\\/schema\\\/logo\\\/image\\\/\",\"url\":\"https:\\\/\\\/nordlinepaadid.ee\\\/wp-content\\\/uploads\\\/2023\\\/01\\\/fulllogo_transparent_nobuffer-e1672750475494.png\",\"contentUrl\":\"https:\\\/\\\/nordlinepaadid.ee\\\/wp-content\\\/uploads\\\/2023\\\/01\\\/fulllogo_transparent_nobuffer-e1672750475494.png\",\"width\":150,\"height\":119,\"caption\":\"Nordlineboats\"},\"image\":{\"@id\":\"https:\\\/\\\/nordlinepaadid.ee\\\/ru\\\/#\\\/schema\\\/logo\\\/image\\\/\"},\"sameAs\":[\"https:\\\/\\\/www.facebook.com\\\/nordlineboats\",\"https:\\\/\\\/www.youtube.com\\\/channel\\\/UCbgF0fy02y3QkFnujaLTaCA\"]}]}<\/script>\n<!-- \/ Yoast SEO plugin. -->","yoast_head_json":{"title":"Paadimootor TOHATSU 15HJ - garantii 5 aastat. NORDLINEBOATS","description":"Paadimootor Tohatsu on kahe silindriline, k\u00e4sijuhtimisega 43kg kaaluv p\u00e4ramootor. Saadaval elektri k\u00e4ivitus, kaugjuhtimine ja el. trimm","robots":{"index":"index","follow":"follow","max-snippet":"max-snippet:-1","max-image-preview":"max-image-preview:large","max-video-preview":"max-video-preview:-1"},"canonical":"https:\/\/nordlinepaadid.ee\/ru\/pood\/ru-outboard-motors\/tohatsu-ru\/paadimootor-tohatsu-15hj\/","og_locale":"ru_RU","og_type":"article","og_title":"Paadimootor TOHATSU 15HJ - garantii 5 aastat. NORDLINEBOATS","og_description":"Paadimootor Tohatsu on kahe silindriline, k\u00e4sijuhtimisega 43kg kaaluv p\u00e4ramootor. Saadaval elektri k\u00e4ivitus, kaugjuhtimine ja el. trimm","og_url":"https:\/\/nordlinepaadid.ee\/ru\/pood\/ru-outboard-motors\/tohatsu-ru\/paadimootor-tohatsu-15hj\/","og_site_name":"NORDLINE s\u00f5udepaadid ja mootorpaadid. Klaasfiiber materjalist.","article_publisher":"https:\/\/www.facebook.com\/nordlineboats","article_modified_time":"2026-04-08T23:03:14+00:00","og_image":[{"width":600,"height":600,"url":"https:\/\/nordlinepaadid.ee\/wp-content\/uploads\/2021\/01\/Paadimootor-Tohatsu-15HJ.jpg","type":"image\/jpeg"}],"twitter_card":"summary_large_image","twitter_misc":{"\u041f\u0440\u0438\u043c\u0435\u0440\u043d\u043e\u0435 \u0432\u0440\u0435\u043c\u044f \u0434\u043b\u044f \u0447\u0442\u0435\u043d\u0438\u044f":"2 \u043c\u0438\u043d\u0443\u0442\u044b"},"schema":{"@context":"https:\/\/schema.org","@graph":[{"@type":"WebPage","@id":"https:\/\/nordlinepaadid.ee\/ru\/pood\/ru-outboard-motors\/tohatsu-ru\/paadimootor-tohatsu-15hj\/","url":"https:\/\/nordlinepaadid.ee\/ru\/pood\/ru-outboard-motors\/tohatsu-ru\/paadimootor-tohatsu-15hj\/","name":"Paadimootor TOHATSU 15HJ - garantii 5 aastat. NORDLINEBOATS","isPartOf":{"@id":"https:\/\/nordlinepaadid.ee\/ru\/#website"},"primaryImageOfPage":{"@id":"https:\/\/nordlinepaadid.ee\/ru\/pood\/ru-outboard-motors\/tohatsu-ru\/paadimootor-tohatsu-15hj\/#primaryimage"},"image":{"@id":"https:\/\/nordlinepaadid.ee\/ru\/pood\/ru-outboard-motors\/tohatsu-ru\/paadimootor-tohatsu-15hj\/#primaryimage"},"thumbnailUrl":"https:\/\/nordlinepaadid.ee\/wp-content\/uploads\/2021\/01\/Paadimootor-Tohatsu-15HJ.jpg","datePublished":"2021-02-21T13:17:41+00:00","dateModified":"2026-04-08T23:03:14+00:00","description":"Paadimootor Tohatsu on kahe silindriline, k\u00e4sijuhtimisega 43kg kaaluv p\u00e4ramootor. Saadaval elektri k\u00e4ivitus, kaugjuhtimine ja el. trimm","breadcrumb":{"@id":"https:\/\/nordlinepaadid.ee\/ru\/pood\/ru-outboard-motors\/tohatsu-ru\/paadimootor-tohatsu-15hj\/#breadcrumb"},"inLanguage":"ru-RU","potentialAction":[{"@type":"ReadAction","target":["https:\/\/nordlinepaadid.ee\/ru\/pood\/ru-outboard-motors\/tohatsu-ru\/paadimootor-tohatsu-15hj\/"]}]},{"@type":"ImageObject","inLanguage":"ru-RU","@id":"https:\/\/nordlinepaadid.ee\/ru\/pood\/ru-outboard-motors\/tohatsu-ru\/paadimootor-tohatsu-15hj\/#primaryimage","url":"https:\/\/nordlinepaadid.ee\/wp-content\/uploads\/2021\/01\/Paadimootor-Tohatsu-15HJ.jpg","contentUrl":"https:\/\/nordlinepaadid.ee\/wp-content\/uploads\/2021\/01\/Paadimootor-Tohatsu-15HJ.jpg","width":600,"height":600,"caption":"Paadimootor Tohatsu 15HJ"},{"@type":"BreadcrumbList","@id":"https:\/\/nordlinepaadid.ee\/ru\/pood\/ru-outboard-motors\/tohatsu-ru\/paadimootor-tohatsu-15hj\/#breadcrumb","itemListElement":[{"@type":"ListItem","position":1,"name":"Home","item":"https:\/\/nordlinepaadid.ee\/ru\/"},{"@type":"ListItem","position":2,"name":"\u041c\u0430\u0433\u0430\u0437\u0438\u043d","item":"https:\/\/nordlinepaadid.ee\/ru\/shop\/"},{"@type":"ListItem","position":3,"name":"Paadimootor Tohatsu 15HJ"}]},{"@type":"WebSite","@id":"https:\/\/nordlinepaadid.ee\/ru\/#website","url":"https:\/\/nordlinepaadid.ee\/ru\/","name":"NORDLINE s\u00f5udepaadid ja mootorpaadid. Klaasfiiber materjalist.","description":"","publisher":{"@id":"https:\/\/nordlinepaadid.ee\/ru\/#organization"},"potentialAction":[{"@type":"SearchAction","target":{"@type":"EntryPoint","urlTemplate":"https:\/\/nordlinepaadid.ee\/ru\/?s={search_term_string}"},"query-input":{"@type":"PropertyValueSpecification","valueRequired":true,"valueName":"search_term_string"}}],"inLanguage":"ru-RU"},{"@type":"Organization","@id":"https:\/\/nordlinepaadid.ee\/ru\/#organization","name":"Nordlineboats","url":"https:\/\/nordlinepaadid.ee\/ru\/","logo":{"@type":"ImageObject","inLanguage":"ru-RU","@id":"https:\/\/nordlinepaadid.ee\/ru\/#\/schema\/logo\/image\/","url":"https:\/\/nordlinepaadid.ee\/wp-content\/uploads\/2023\/01\/fulllogo_transparent_nobuffer-e1672750475494.png","contentUrl":"https:\/\/nordlinepaadid.ee\/wp-content\/uploads\/2023\/01\/fulllogo_transparent_nobuffer-e1672750475494.png","width":150,"height":119,"caption":"Nordlineboats"},"image":{"@id":"https:\/\/nordlinepaadid.ee\/ru\/#\/schema\/logo\/image\/"},"sameAs":["https:\/\/www.facebook.com\/nordlineboats","https:\/\/www.youtube.com\/channel\/UCbgF0fy02y3QkFnujaLTaCA"]}]}},"taxonomy_info":{"product_cat":[{"value":172,"label":"Tohatsu"}]},"featured_image_src_large":["https:\/\/nordlinepaadid.ee\/wp-content\/uploads\/2021\/01\/Paadimootor-Tohatsu-15HJ.jpg",600,600,false],"author_info":[],"comment_info":"","_links":{"self":[{"href":"https:\/\/nordlinepaadid.ee\/ru\/wp-json\/wp\/v2\/product\/4853","targetHints":{"allow":["GET"]}}],"collection":[{"href":"https:\/\/nordlinepaadid.ee\/ru\/wp-json\/wp\/v2\/product"}],"about":[{"href":"https:\/\/nordlinepaadid.ee\/ru\/wp-json\/wp\/v2\/types\/product"}],"wp:featuredmedia":[{"embeddable":true,"href":"https:\/\/nordlinepaadid.ee\/ru\/wp-json\/wp\/v2\/media\/4175"}],"wp:attachment":[{"href":"https:\/\/nordlinepaadid.ee\/ru\/wp-json\/wp\/v2\/media?parent=4853"}],"wp:term":[{"taxonomy":"product_brand","embeddable":true,"href":"https:\/\/nordlinepaadid.ee\/ru\/wp-json\/wp\/v2\/product_brand?post=4853"},{"taxonomy":"product_cat","embeddable":true,"href":"https:\/\/nordlinepaadid.ee\/ru\/wp-json\/wp\/v2\/product_cat?post=4853"},{"taxonomy":"product_tag","embeddable":true,"href":"https:\/\/nordlinepaadid.ee\/ru\/wp-json\/wp\/v2\/product_tag?post=4853"}],"curies":[{"name":"wp","href":"https:\/\/api.w.org\/{rel}","templated":true}]}}