{"id":4855,"date":"2021-01-17T13:33:29","date_gmt":"2021-02-21T13:18:33","guid":{"rendered":"https:\/\/nordlinepaadid.ee\/pood\/paadimootor-tohatsu-30hj\/"},"modified":"2021-02-21T15:36:48","modified_gmt":"2021-02-21T13:36:48","slug":"paadimootor-tohatsu-30hj","status":"publish","type":"product","link":"https:\/\/nordlinepaadid.ee\/ru\/pood\/ru-outboard-motors\/tohatsu-ru\/paadimootor-tohatsu-30hj\/","title":{"rendered":"Paadimootor Tohatsu 30HJ"},"content":{"rendered":"<h1>Paadimootor Tohatsu 30HJ<\/h1>\n<p>Paadimootor Tohatsu MFS 30 on kolme silindriga paadimootormootor. See on uudne l\u00e4henemine, kolm silindrit annab hoopis vaiksema ja \u00fchtlasema k\u00e4igu, kui kahesilindriline, samas mootori kaalu suurendamata. Vibratsioon on vaevutuntav, et mitte \u00f6elda olematu. Kanisterstiilis \u00f5lifilter(lihtne vahetus), tuunitud sissepritse s\u00fcsteem. 4000p\/m annab k\u00fctusekuluks 4,6l\/t<\/p>\n<h2> Tohatsu 30HJ mootori p\u00f5hiomadusi:<\/h2>\n<p>&#8212; heitgaaside v\u00e4ljumine vindi s\u00fcdamiku kaudu<br \/>\n&#8212; jahutusvee temperatuuri reguleerimine termostaadiga<br \/>\n&#8212; k\u00e4ivitumine ainult k\u00e4iguhoova neutraalasendis<br \/>\n&#8212; turvastopp<br \/>\n&#8212; lihtsamaks k\u00e4ivitumiseks stardin\u00f6\u00f6rist t\u00f5mbamisel kompressiooni alandamine silindrites<br \/>\n&#8212; roostevabast happekindlast terasest valmistatud veepumba korpus, mis kestab paremini soolases ja liivases vees<br \/>\n&#8212; madala vee s\u00f5iduasend<br \/>\n&#8212; p\u00f6\u00f6retepiiraja<br \/>\n&#8212; \u00f5lisurve hoiatustuli<br \/>\n&#8212; suur mootori\u00f5li maht mis garanteerib hea \u00f5lituse<br \/>\n&#8212; t\u00e4idavad EPA\/CARB normid<\/p>\n<p>Paadimootor Tohatsu 30HJ kohta loe t\u00e4psemalt <a href=\"https:\/\/www.tohatsu.com\/marine\/na\/outboards\/30_4st.html\" target=\"_blank\" rel=\"noopener\">www.tohatsu.com<\/a><\/p>\n<h2>Tohatsu 30HJ tehnilised andmed<\/h2>\n<table class=\"parms\" cellspacing=\"0\" cellpadding=\"0\">\n<tbody>\n<tr>\n<td class=\"label\" align=\"right\" width=\"200\">Tooteinfo:<\/td>\n<td class=\"desc\">TOHATSU MFS 30 hj<\/td>\n<\/tr>\n<tr class=\"odd\">\n<td class=\"label\" align=\"right\" width=\"200\">Kaubam\u0101rk, Br\u0101nd:<\/td>\n<td class=\"desc\">TOHATSU<\/td>\n<\/tr>\n<tr>\n<td class=\"label\" align=\"right\" width=\"200\">V\u014dimsus:<\/td>\n<td class=\"desc\">30 hp(22.1kW)<\/td>\n<\/tr>\n<tr class=\"odd\">\n<td class=\"label\" align=\"right\" width=\"200\">Kaal:<\/td>\n<td class=\"desc\">71,5 kg<\/td>\n<\/tr>\n<tr>\n<td class=\"label\" align=\"right\" width=\"200\">Silindri info:<\/td>\n<td class=\"desc\">3<\/td>\n<\/tr>\n<tr class=\"odd\">\n<td class=\"label\" align=\"right\" width=\"200\">Mootorijala m\u014d\u014ddud:<\/td>\n<td class=\"desc\">&#171;l\u00fchike jalg&#187; &#8212; 15&#8243;(S), saadaval ka &#171;pikk jalg&#187;(L)<\/td>\n<\/tr>\n<tr>\n<td class=\"label\" align=\"right\" width=\"200\">Starter:<\/td>\n<td class=\"desc\">Elektriline , saadava ka k\u00e4sik\u00e4ivitus<\/td>\n<\/tr>\n<tr class=\"odd\">\n<td class=\"label\" align=\"right\" width=\"200\">Mootori juhtimine:<\/td>\n<td class=\"desc\">k\u00e4sijuhtimine v\u00f5i distants<\/td>\n<\/tr>\n<tr>\n<td class=\"label\" align=\"right\" width=\"200\">Bensiinipaagi maht:<\/td>\n<td class=\"desc\">24L eraldiseisev paak<\/td>\n<\/tr>\n<tr class=\"odd\">\n<td class=\"label\" align=\"right\" width=\"200\">Garantii:<\/td>\n<td class=\"desc\">5 aastat<\/td>\n<\/tr>\n<\/tbody>\n<\/table>\n<h2>Transport<\/h2>\n<p>Toimetame mootori sulle sobival ajal sinu soovitud kohta. Transpordi saate valida, kui vormistate ostu ostukorvis.<\/p>\n<h3>Paigaldus<\/h3>\n<p>V\u00e4iksemad mootorid ei vaja paigalduseks eraldi spetsialisti. Kaugjuhtimisega mootorite puhul oleme valmis paigaldama mootori Teie paadile. Vaata selle teenuse kohta t\u00e4psemalt <a href=\"https:\/\/nordlinepaadid.ee\/ru\/%d1%83%d1%81%d1%82%d0%b0%d0%bd%d0%be%d0%b2%d0%ba%d0%b0-%d0%bc%d0%be%d1%82%d0%be%d1%80%d0%b0\/\" target=\"_blank\" rel=\"noopener\">&#171;mootori paigaldus&#187;<\/a>.<\/p>\n<p><strong>Helista 50 55 152 v\u00f5i kirjuta meile. Pakume sulle parimaid mootoreid, parimate hindadega.<\/strong><\/p>\n<div class=\"pooleks\">\n<h3>\u041f\u043e\u0436\u0430\u043b\u0443\u0439\u0441\u0442\u0430, \u0441\u0432\u044f\u0436\u0438\u0442\u0435\u0441\u044c \u0441 \u043d\u0430\u043c\u0438<\/h3>\n\n<div class=\"wpcf7 no-js\" id=\"wpcf7-f3217-o1\" lang=\"et\" dir=\"ltr\" data-wpcf7-id=\"3217\">\n<div class=\"screen-reader-response\"><p role=\"status\" aria-live=\"polite\" aria-atomic=\"true\"><\/p> <ul><\/ul><\/div>\n<form action=\"\/ru\/wp-json\/wp\/v2\/product\/4855#wpcf7-f3217-o1\" method=\"post\" class=\"wpcf7-form init\" aria-label=\"Contact form\" novalidate=\"novalidate\" data-status=\"init\">\n<fieldset class=\"hidden-fields-container\"><input type=\"hidden\" name=\"_wpcf7\" value=\"3217\" \/><input type=\"hidden\" name=\"_wpcf7_version\" value=\"6.1.5\" \/><input type=\"hidden\" name=\"_wpcf7_locale\" value=\"et\" \/><input type=\"hidden\" name=\"_wpcf7_unit_tag\" value=\"wpcf7-f3217-o1\" \/><input type=\"hidden\" name=\"_wpcf7_container_post\" value=\"0\" \/><input type=\"hidden\" name=\"_wpcf7_posted_data_hash\" value=\"\" \/>\n<\/fieldset>\n<p><label> Nimi (n\u00f5utav)<br \/>\n<span class=\"wpcf7-form-control-wrap\" data-name=\"your-name\"><input size=\"40\" maxlength=\"400\" class=\"wpcf7-form-control wpcf7-text wpcf7-validates-as-required\" aria-required=\"true\" aria-invalid=\"false\" value=\"\" type=\"text\" name=\"your-name\" \/><\/span> <\/label><br \/>\n<label> Email (n\u00f5utav)<br \/>\n<span class=\"wpcf7-form-control-wrap\" data-name=\"your-email\"><input size=\"40\" maxlength=\"400\" class=\"wpcf7-form-control wpcf7-email wpcf7-validates-as-required wpcf7-text wpcf7-validates-as-email\" aria-required=\"true\" aria-invalid=\"false\" value=\"\" type=\"email\" name=\"your-email\" \/><\/span> <\/label><br \/>\n<label> Telefon<br \/>\n<span class=\"wpcf7-form-control-wrap\" data-name=\"Telefon\"><input size=\"40\" maxlength=\"400\" class=\"wpcf7-form-control wpcf7-tel wpcf7-text wpcf7-validates-as-tel\" aria-invalid=\"false\" value=\"\" type=\"tel\" name=\"Telefon\" \/><\/span><\/label><br \/>\n<label> Teade<br \/>\n<span class=\"wpcf7-form-control-wrap\" data-name=\"your-message\"><textarea cols=\"40\" rows=\"10\" maxlength=\"2000\" class=\"wpcf7-form-control wpcf7-textarea\" aria-invalid=\"false\" name=\"your-message\"><\/textarea><\/span> <\/label>\n<\/p>\n<p><input class=\"wpcf7-form-control wpcf7-submit has-spinner\" type=\"submit\" value=\"Saada\" \/>\n<\/p><div class=\"wpcf7-response-output\" aria-hidden=\"true\"><\/div>\n<\/form>\n<\/div>\n\n<\/div>\n<div class=\"pooleks\">\n<h3>\u0420\u0430\u0441\u0441\u0440\u043e\u0447\u043a\u0430<\/h3>\n<p><iframe loading=\"lazy\" src=\"https:\/\/www.liisi.ee\/iframe-kalkulaator-partnerile\/\" width=\"100%\" height=\"520px\" frameborder=\"no\" scrolling=\"no\" align=\"center\"><span data-mce-type=\"bookmark\" style=\"display: inline-block; width: 0px; overflow: hidden; line-height: 0;\" class=\"mce_SELRES_start\">\ufeff<\/span><\/iframe><\/p>\n<\/div>\n","protected":false},"excerpt":{"rendered":"<p>Paadimootor Tohatsu 30HJ Paadimootor Tohatsu MFS 30 on kolme silindriga paadimootormootor. See on uudne l\u00e4henemine, kolm silindrit annab hoopis vaiksema ja \u00fchtlasema k\u00e4igu, kui kahesilindriline, samas mootori kaalu suurendamata. Vibratsioon on vaevutuntav, et mitte \u00f6elda olematu. Kanisterstiilis \u00f5lifilter(lihtne vahetus), tuunitud sissepritse s\u00fcsteem. 4000p\/m annab k\u00fctusekuluks 4,6l\/t Tohatsu 30HJ mootori p\u00f5hiomadusi: &#8212; heitgaaside v\u00e4ljumine vindi s\u00fcdamiku&#8230;<\/p>\n","protected":false},"featured_media":4187,"template":"","meta":{"_kad_blocks_custom_css":"","_kad_blocks_head_custom_js":"","_kad_blocks_body_custom_js":"","_kad_blocks_footer_custom_js":"","_kad_post_transparent":"","_kad_post_title":"","_kad_post_layout":"","_kad_post_sidebar_id":"","_kad_post_content_style":"","_kad_post_vertical_padding":"","_kad_post_feature":"","_kad_post_feature_position":"","_kad_post_header":false,"_kad_post_footer":false,"_kad_post_classname":""},"product_brand":[],"product_cat":[172],"product_tag":[],"class_list":{"0":"post-4855","1":"product","2":"type-product","3":"status-publish","4":"has-post-thumbnail","6":"product_cat-tohatsu-ru","7":"product_shipping_class-euroalusele-mahtuv-kaup","8":"tm-no-options","10":"first","11":"onbackorder","12":"sale","13":"taxable","14":"shipping-taxable","15":"purchasable","16":"product-type-simple","17":"entry","18":"content-bg","19":"loop-entry"},"yoast_head":"<!-- This site is optimized with the Yoast SEO plugin v27.3 - https:\/\/yoast.com\/product\/yoast-seo-wordpress\/ -->\n<title>Moororpaadi p\u00e4ramootor TOHATSU 30HJ - garantii 5 aastat<\/title>\n<meta name=\"description\" content=\"Paadimootor Tohatsu on kolme silindriline, k\u00e4sijuhtimisega 71,5kg kaaluv p\u00e4ramootor. V\u00e4ga populaarne rippmootor.\" \/>\n<meta name=\"robots\" content=\"index, follow, max-snippet:-1, max-image-preview:large, max-video-preview:-1\" \/>\n<link rel=\"canonical\" href=\"https:\/\/nordlinepaadid.ee\/ru\/pood\/ru-outboard-motors\/tohatsu-ru\/paadimootor-tohatsu-30hj\/\" \/>\n<meta property=\"og:locale\" content=\"ru_RU\" \/>\n<meta property=\"og:type\" content=\"article\" \/>\n<meta property=\"og:title\" content=\"Moororpaadi p\u00e4ramootor TOHATSU 30HJ - garantii 5 aastat\" \/>\n<meta property=\"og:description\" content=\"Paadimootor Tohatsu on kolme silindriline, k\u00e4sijuhtimisega 71,5kg kaaluv p\u00e4ramootor. V\u00e4ga populaarne rippmootor.\" \/>\n<meta property=\"og:url\" content=\"https:\/\/nordlinepaadid.ee\/ru\/pood\/ru-outboard-motors\/tohatsu-ru\/paadimootor-tohatsu-30hj\/\" \/>\n<meta property=\"og:site_name\" content=\"NORDLINE s\u00f5udepaadid ja mootorpaadid. Klaasfiiber materjalist.\" \/>\n<meta property=\"article:publisher\" content=\"https:\/\/www.facebook.com\/nordlineboats\" \/>\n<meta property=\"article:modified_time\" content=\"2021-02-21T13:36:48+00:00\" \/>\n<meta property=\"og:image\" content=\"https:\/\/nordlinepaadid.ee\/wp-content\/uploads\/2021\/01\/Paadimootor-Tohatsu-30HJ.jpg\" \/>\n\t<meta property=\"og:image:width\" content=\"600\" \/>\n\t<meta property=\"og:image:height\" content=\"600\" \/>\n\t<meta property=\"og:image:type\" content=\"image\/jpeg\" \/>\n<meta name=\"twitter:card\" content=\"summary_large_image\" \/>\n<meta name=\"twitter:label1\" content=\"\u041f\u0440\u0438\u043c\u0435\u0440\u043d\u043e\u0435 \u0432\u0440\u0435\u043c\u044f \u0434\u043b\u044f \u0447\u0442\u0435\u043d\u0438\u044f\" \/>\n\t<meta name=\"twitter:data1\" content=\"1 \u043c\u0438\u043d\u0443\u0442\u0430\" \/>\n<script type=\"application\/ld+json\" class=\"yoast-schema-graph\">{\"@context\":\"https:\\\/\\\/schema.org\",\"@graph\":[{\"@type\":\"WebPage\",\"@id\":\"https:\\\/\\\/nordlinepaadid.ee\\\/ru\\\/pood\\\/ru-outboard-motors\\\/tohatsu-ru\\\/paadimootor-tohatsu-30hj\\\/\",\"url\":\"https:\\\/\\\/nordlinepaadid.ee\\\/ru\\\/pood\\\/ru-outboard-motors\\\/tohatsu-ru\\\/paadimootor-tohatsu-30hj\\\/\",\"name\":\"Moororpaadi p\u00e4ramootor TOHATSU 30HJ - garantii 5 aastat\",\"isPartOf\":{\"@id\":\"https:\\\/\\\/nordlinepaadid.ee\\\/ru\\\/#website\"},\"primaryImageOfPage\":{\"@id\":\"https:\\\/\\\/nordlinepaadid.ee\\\/ru\\\/pood\\\/ru-outboard-motors\\\/tohatsu-ru\\\/paadimootor-tohatsu-30hj\\\/#primaryimage\"},\"image\":{\"@id\":\"https:\\\/\\\/nordlinepaadid.ee\\\/ru\\\/pood\\\/ru-outboard-motors\\\/tohatsu-ru\\\/paadimootor-tohatsu-30hj\\\/#primaryimage\"},\"thumbnailUrl\":\"https:\\\/\\\/nordlinepaadid.ee\\\/wp-content\\\/uploads\\\/2021\\\/01\\\/Paadimootor-Tohatsu-30HJ.jpg\",\"datePublished\":\"2021-02-21T13:18:33+00:00\",\"dateModified\":\"2021-02-21T13:36:48+00:00\",\"description\":\"Paadimootor Tohatsu on kolme silindriline, k\u00e4sijuhtimisega 71,5kg kaaluv p\u00e4ramootor. V\u00e4ga populaarne rippmootor.\",\"breadcrumb\":{\"@id\":\"https:\\\/\\\/nordlinepaadid.ee\\\/ru\\\/pood\\\/ru-outboard-motors\\\/tohatsu-ru\\\/paadimootor-tohatsu-30hj\\\/#breadcrumb\"},\"inLanguage\":\"ru-RU\",\"potentialAction\":[{\"@type\":\"ReadAction\",\"target\":[\"https:\\\/\\\/nordlinepaadid.ee\\\/ru\\\/pood\\\/ru-outboard-motors\\\/tohatsu-ru\\\/paadimootor-tohatsu-30hj\\\/\"]}]},{\"@type\":\"ImageObject\",\"inLanguage\":\"ru-RU\",\"@id\":\"https:\\\/\\\/nordlinepaadid.ee\\\/ru\\\/pood\\\/ru-outboard-motors\\\/tohatsu-ru\\\/paadimootor-tohatsu-30hj\\\/#primaryimage\",\"url\":\"https:\\\/\\\/nordlinepaadid.ee\\\/wp-content\\\/uploads\\\/2021\\\/01\\\/Paadimootor-Tohatsu-30HJ.jpg\",\"contentUrl\":\"https:\\\/\\\/nordlinepaadid.ee\\\/wp-content\\\/uploads\\\/2021\\\/01\\\/Paadimootor-Tohatsu-30HJ.jpg\",\"width\":600,\"height\":600,\"caption\":\"Moororpaadi p\u00e4ramootor Tohatsu 30HJ\"},{\"@type\":\"BreadcrumbList\",\"@id\":\"https:\\\/\\\/nordlinepaadid.ee\\\/ru\\\/pood\\\/ru-outboard-motors\\\/tohatsu-ru\\\/paadimootor-tohatsu-30hj\\\/#breadcrumb\",\"itemListElement\":[{\"@type\":\"ListItem\",\"position\":1,\"name\":\"Home\",\"item\":\"https:\\\/\\\/nordlinepaadid.ee\\\/ru\\\/\"},{\"@type\":\"ListItem\",\"position\":2,\"name\":\"\u041c\u0430\u0433\u0430\u0437\u0438\u043d\",\"item\":\"https:\\\/\\\/nordlinepaadid.ee\\\/ru\\\/shop\\\/\"},{\"@type\":\"ListItem\",\"position\":3,\"name\":\"Paadimootor Tohatsu 30HJ\"}]},{\"@type\":\"WebSite\",\"@id\":\"https:\\\/\\\/nordlinepaadid.ee\\\/ru\\\/#website\",\"url\":\"https:\\\/\\\/nordlinepaadid.ee\\\/ru\\\/\",\"name\":\"NORDLINE s\u00f5udepaadid ja mootorpaadid. Klaasfiiber materjalist.\",\"description\":\"\",\"publisher\":{\"@id\":\"https:\\\/\\\/nordlinepaadid.ee\\\/ru\\\/#organization\"},\"potentialAction\":[{\"@type\":\"SearchAction\",\"target\":{\"@type\":\"EntryPoint\",\"urlTemplate\":\"https:\\\/\\\/nordlinepaadid.ee\\\/ru\\\/?s={search_term_string}\"},\"query-input\":{\"@type\":\"PropertyValueSpecification\",\"valueRequired\":true,\"valueName\":\"search_term_string\"}}],\"inLanguage\":\"ru-RU\"},{\"@type\":\"Organization\",\"@id\":\"https:\\\/\\\/nordlinepaadid.ee\\\/ru\\\/#organization\",\"name\":\"Nordlineboats\",\"url\":\"https:\\\/\\\/nordlinepaadid.ee\\\/ru\\\/\",\"logo\":{\"@type\":\"ImageObject\",\"inLanguage\":\"ru-RU\",\"@id\":\"https:\\\/\\\/nordlinepaadid.ee\\\/ru\\\/#\\\/schema\\\/logo\\\/image\\\/\",\"url\":\"https:\\\/\\\/nordlinepaadid.ee\\\/wp-content\\\/uploads\\\/2023\\\/01\\\/fulllogo_transparent_nobuffer-e1672750475494.png\",\"contentUrl\":\"https:\\\/\\\/nordlinepaadid.ee\\\/wp-content\\\/uploads\\\/2023\\\/01\\\/fulllogo_transparent_nobuffer-e1672750475494.png\",\"width\":150,\"height\":119,\"caption\":\"Nordlineboats\"},\"image\":{\"@id\":\"https:\\\/\\\/nordlinepaadid.ee\\\/ru\\\/#\\\/schema\\\/logo\\\/image\\\/\"},\"sameAs\":[\"https:\\\/\\\/www.facebook.com\\\/nordlineboats\",\"https:\\\/\\\/www.youtube.com\\\/channel\\\/UCbgF0fy02y3QkFnujaLTaCA\"]}]}<\/script>\n<!-- \/ Yoast SEO plugin. -->","yoast_head_json":{"title":"Moororpaadi p\u00e4ramootor TOHATSU 30HJ - garantii 5 aastat","description":"Paadimootor Tohatsu on kolme silindriline, k\u00e4sijuhtimisega 71,5kg kaaluv p\u00e4ramootor. V\u00e4ga populaarne rippmootor.","robots":{"index":"index","follow":"follow","max-snippet":"max-snippet:-1","max-image-preview":"max-image-preview:large","max-video-preview":"max-video-preview:-1"},"canonical":"https:\/\/nordlinepaadid.ee\/ru\/pood\/ru-outboard-motors\/tohatsu-ru\/paadimootor-tohatsu-30hj\/","og_locale":"ru_RU","og_type":"article","og_title":"Moororpaadi p\u00e4ramootor TOHATSU 30HJ - garantii 5 aastat","og_description":"Paadimootor Tohatsu on kolme silindriline, k\u00e4sijuhtimisega 71,5kg kaaluv p\u00e4ramootor. V\u00e4ga populaarne rippmootor.","og_url":"https:\/\/nordlinepaadid.ee\/ru\/pood\/ru-outboard-motors\/tohatsu-ru\/paadimootor-tohatsu-30hj\/","og_site_name":"NORDLINE s\u00f5udepaadid ja mootorpaadid. Klaasfiiber materjalist.","article_publisher":"https:\/\/www.facebook.com\/nordlineboats","article_modified_time":"2021-02-21T13:36:48+00:00","og_image":[{"width":600,"height":600,"url":"https:\/\/nordlinepaadid.ee\/wp-content\/uploads\/2021\/01\/Paadimootor-Tohatsu-30HJ.jpg","type":"image\/jpeg"}],"twitter_card":"summary_large_image","twitter_misc":{"\u041f\u0440\u0438\u043c\u0435\u0440\u043d\u043e\u0435 \u0432\u0440\u0435\u043c\u044f \u0434\u043b\u044f \u0447\u0442\u0435\u043d\u0438\u044f":"1 \u043c\u0438\u043d\u0443\u0442\u0430"},"schema":{"@context":"https:\/\/schema.org","@graph":[{"@type":"WebPage","@id":"https:\/\/nordlinepaadid.ee\/ru\/pood\/ru-outboard-motors\/tohatsu-ru\/paadimootor-tohatsu-30hj\/","url":"https:\/\/nordlinepaadid.ee\/ru\/pood\/ru-outboard-motors\/tohatsu-ru\/paadimootor-tohatsu-30hj\/","name":"Moororpaadi p\u00e4ramootor TOHATSU 30HJ - garantii 5 aastat","isPartOf":{"@id":"https:\/\/nordlinepaadid.ee\/ru\/#website"},"primaryImageOfPage":{"@id":"https:\/\/nordlinepaadid.ee\/ru\/pood\/ru-outboard-motors\/tohatsu-ru\/paadimootor-tohatsu-30hj\/#primaryimage"},"image":{"@id":"https:\/\/nordlinepaadid.ee\/ru\/pood\/ru-outboard-motors\/tohatsu-ru\/paadimootor-tohatsu-30hj\/#primaryimage"},"thumbnailUrl":"https:\/\/nordlinepaadid.ee\/wp-content\/uploads\/2021\/01\/Paadimootor-Tohatsu-30HJ.jpg","datePublished":"2021-02-21T13:18:33+00:00","dateModified":"2021-02-21T13:36:48+00:00","description":"Paadimootor Tohatsu on kolme silindriline, k\u00e4sijuhtimisega 71,5kg kaaluv p\u00e4ramootor. V\u00e4ga populaarne rippmootor.","breadcrumb":{"@id":"https:\/\/nordlinepaadid.ee\/ru\/pood\/ru-outboard-motors\/tohatsu-ru\/paadimootor-tohatsu-30hj\/#breadcrumb"},"inLanguage":"ru-RU","potentialAction":[{"@type":"ReadAction","target":["https:\/\/nordlinepaadid.ee\/ru\/pood\/ru-outboard-motors\/tohatsu-ru\/paadimootor-tohatsu-30hj\/"]}]},{"@type":"ImageObject","inLanguage":"ru-RU","@id":"https:\/\/nordlinepaadid.ee\/ru\/pood\/ru-outboard-motors\/tohatsu-ru\/paadimootor-tohatsu-30hj\/#primaryimage","url":"https:\/\/nordlinepaadid.ee\/wp-content\/uploads\/2021\/01\/Paadimootor-Tohatsu-30HJ.jpg","contentUrl":"https:\/\/nordlinepaadid.ee\/wp-content\/uploads\/2021\/01\/Paadimootor-Tohatsu-30HJ.jpg","width":600,"height":600,"caption":"Moororpaadi p\u00e4ramootor Tohatsu 30HJ"},{"@type":"BreadcrumbList","@id":"https:\/\/nordlinepaadid.ee\/ru\/pood\/ru-outboard-motors\/tohatsu-ru\/paadimootor-tohatsu-30hj\/#breadcrumb","itemListElement":[{"@type":"ListItem","position":1,"name":"Home","item":"https:\/\/nordlinepaadid.ee\/ru\/"},{"@type":"ListItem","position":2,"name":"\u041c\u0430\u0433\u0430\u0437\u0438\u043d","item":"https:\/\/nordlinepaadid.ee\/ru\/shop\/"},{"@type":"ListItem","position":3,"name":"Paadimootor Tohatsu 30HJ"}]},{"@type":"WebSite","@id":"https:\/\/nordlinepaadid.ee\/ru\/#website","url":"https:\/\/nordlinepaadid.ee\/ru\/","name":"NORDLINE s\u00f5udepaadid ja mootorpaadid. Klaasfiiber materjalist.","description":"","publisher":{"@id":"https:\/\/nordlinepaadid.ee\/ru\/#organization"},"potentialAction":[{"@type":"SearchAction","target":{"@type":"EntryPoint","urlTemplate":"https:\/\/nordlinepaadid.ee\/ru\/?s={search_term_string}"},"query-input":{"@type":"PropertyValueSpecification","valueRequired":true,"valueName":"search_term_string"}}],"inLanguage":"ru-RU"},{"@type":"Organization","@id":"https:\/\/nordlinepaadid.ee\/ru\/#organization","name":"Nordlineboats","url":"https:\/\/nordlinepaadid.ee\/ru\/","logo":{"@type":"ImageObject","inLanguage":"ru-RU","@id":"https:\/\/nordlinepaadid.ee\/ru\/#\/schema\/logo\/image\/","url":"https:\/\/nordlinepaadid.ee\/wp-content\/uploads\/2023\/01\/fulllogo_transparent_nobuffer-e1672750475494.png","contentUrl":"https:\/\/nordlinepaadid.ee\/wp-content\/uploads\/2023\/01\/fulllogo_transparent_nobuffer-e1672750475494.png","width":150,"height":119,"caption":"Nordlineboats"},"image":{"@id":"https:\/\/nordlinepaadid.ee\/ru\/#\/schema\/logo\/image\/"},"sameAs":["https:\/\/www.facebook.com\/nordlineboats","https:\/\/www.youtube.com\/channel\/UCbgF0fy02y3QkFnujaLTaCA"]}]}},"taxonomy_info":{"product_cat":[{"value":172,"label":"Tohatsu"}]},"featured_image_src_large":["https:\/\/nordlinepaadid.ee\/wp-content\/uploads\/2021\/01\/Paadimootor-Tohatsu-30HJ.jpg",600,600,false],"author_info":[],"comment_info":"","_links":{"self":[{"href":"https:\/\/nordlinepaadid.ee\/ru\/wp-json\/wp\/v2\/product\/4855","targetHints":{"allow":["GET"]}}],"collection":[{"href":"https:\/\/nordlinepaadid.ee\/ru\/wp-json\/wp\/v2\/product"}],"about":[{"href":"https:\/\/nordlinepaadid.ee\/ru\/wp-json\/wp\/v2\/types\/product"}],"wp:featuredmedia":[{"embeddable":true,"href":"https:\/\/nordlinepaadid.ee\/ru\/wp-json\/wp\/v2\/media\/4187"}],"wp:attachment":[{"href":"https:\/\/nordlinepaadid.ee\/ru\/wp-json\/wp\/v2\/media?parent=4855"}],"wp:term":[{"taxonomy":"product_brand","embeddable":true,"href":"https:\/\/nordlinepaadid.ee\/ru\/wp-json\/wp\/v2\/product_brand?post=4855"},{"taxonomy":"product_cat","embeddable":true,"href":"https:\/\/nordlinepaadid.ee\/ru\/wp-json\/wp\/v2\/product_cat?post=4855"},{"taxonomy":"product_tag","embeddable":true,"href":"https:\/\/nordlinepaadid.ee\/ru\/wp-json\/wp\/v2\/product_tag?post=4855"}],"curies":[{"name":"wp","href":"https:\/\/api.w.org\/{rel}","templated":true}]}}