{"id":4863,"date":"2017-10-08T20:11:26","date_gmt":"2021-02-21T13:39:18","guid":{"rendered":"https:\/\/nordlinepaadid.ee\/pood\/elektrimootor-minn-kota-endura-c2-34\/"},"modified":"2026-04-09T02:00:09","modified_gmt":"2026-04-08T23:00:09","slug":"elektrimootor-minn-kota-endura-c2-34","status":"publish","type":"product","link":"https:\/\/nordlinepaadid.ee\/ru\/pood\/%d0%b1%d0%b5%d0%b7-%d0%ba%d0%b0%d1%82%d0%b5%d0%b3%d0%be%d1%80%d0%b8%d0%b8\/elektrimootor-minn-kota-endura-c2-34\/","title":{"rendered":"Elektrimootor Minn Kota Endura C2 34"},"content":{"rendered":"<h1>Elektrimootor Minn Kota Endura C2 34<\/h1>\n<p>Elektrimootor Minn Kota Endura C2 on kerge elektriline paadimootor. Toitepinge 12 V. Veab edasi paati kaaluga kuni 950 kg, pikendatav teleskoop-roolivars, kronstein mootori kinnitamiseks paadile. Mootorijala pikkus: 91.5 cm. Soovituslik 115 Ah s\u00fcgavts\u00fckliline mereaku.<\/p>\n<div class=\"info\">\n<p class=\"title\"><strong>Lukustatav jala k\u00f5rguse reguleerimine. <\/strong>10-positsiooniga kiirelt vabastatava hoovaga lukk. Tugevast UV kindlast komposiit materjalist.<\/p>\n<p class=\"title\"><strong>Teleskoop k\u00e4epide.<\/strong> <span style=\"font-size: 16px;\">Kuue tolline teleskoop k\u00e4epide on mugav ja lihtne kasutatav. <\/span><\/p>\n<p><strong>K\u00e4igud<\/strong> &#8212; 5 edasi ja 3 tagasi k\u00e4iku.<\/p>\n<p><strong>Mootorijala pikkus:<\/strong> 91.5 cm. Soovituslik 115 Ah s\u00fcgavts\u00fckliline mereaku.<\/p>\n<p>T\u00e4pne <a href=\"https:\/\/www.minnkotamotors.com\/Trolling-Motors\/Freshwater-Transom-Mount\/Endura-C2\/\" target=\"_blank\" rel=\"noopener noreferrer\">kirjeldus<\/a> tootja kodulehel.<\/p>\n<\/div>\n<div class=\"pooleks\">\n<h3>\u0421\u0432\u044f\u0436\u0438\u0442\u0435\u0441\u044c \u0441 \u043d\u0430\u043c\u0438<\/h3>\n\n<div class=\"wpcf7 no-js\" id=\"wpcf7-f1985-o1\" lang=\"en-US\" dir=\"ltr\" data-wpcf7-id=\"1985\">\n<div class=\"screen-reader-response\"><p role=\"status\" aria-live=\"polite\" aria-atomic=\"true\"><\/p> <ul><\/ul><\/div>\n<form action=\"\/ru\/wp-json\/wp\/v2\/product\/4863#wpcf7-f1985-o1\" method=\"post\" class=\"wpcf7-form init\" aria-label=\"Contact form\" novalidate=\"novalidate\" data-status=\"init\">\n<fieldset class=\"hidden-fields-container\"><input type=\"hidden\" name=\"_wpcf7\" value=\"1985\" \/><input type=\"hidden\" name=\"_wpcf7_version\" value=\"6.1.5\" \/><input type=\"hidden\" name=\"_wpcf7_locale\" value=\"en_US\" \/><input type=\"hidden\" name=\"_wpcf7_unit_tag\" value=\"wpcf7-f1985-o1\" \/><input type=\"hidden\" name=\"_wpcf7_container_post\" value=\"0\" \/><input type=\"hidden\" name=\"_wpcf7_posted_data_hash\" value=\"\" \/>\n<\/fieldset>\n<p><span class=\"wpcf7-form-control-wrap\" data-name=\"your-email\"><input size=\"40\" maxlength=\"400\" class=\"wpcf7-form-control wpcf7-email wpcf7-validates-as-required wpcf7-text wpcf7-validates-as-email\" aria-required=\"true\" aria-invalid=\"false\" placeholder=\"\u0412\u0430\u0448 \u0430\u0434\u0440\u0435\u0441 \u044d\u043b\u0435\u043a\u0442\u0440\u043e\u043d\u043d\u043e\u0439 \u043f\u043e\u0447\u0442\u044b\" value=\"\" type=\"email\" name=\"your-email\" \/><\/span>\n<\/p>\n<p><span class=\"wpcf7-form-control-wrap\" data-name=\"Telefon\"><input size=\"40\" maxlength=\"400\" class=\"wpcf7-form-control wpcf7-tel wpcf7-text wpcf7-validates-as-tel\" aria-invalid=\"false\" placeholder=\"\u0442\u0435\u043b\u0435\u0444\u043e\u043d\" value=\"\" type=\"tel\" name=\"Telefon\" \/><\/span>\n<\/p>\n<p><span class=\"wpcf7-form-control-wrap\" data-name=\"your-message\"><textarea cols=\"40\" rows=\"10\" maxlength=\"2000\" class=\"wpcf7-form-control wpcf7-textarea\" aria-invalid=\"false\" placeholder=\"\u041d\u0430\u043f\u0438\u0448\u0438\u0442\u0435, \u043a\u0430\u043a\u0443\u044e \u0438\u043d\u0444\u043e\u0440\u043c\u0430\u0446\u0438\u044e \u0432\u044b \u0445\u043e\u0442\u0438\u0442\u0435 \u043f\u043e\u043b\u0443\u0447\u0438\u0442\u044c.\" name=\"your-message\"><\/textarea><\/span>\n<\/p>\n<p>[recaptcha size:compact]\n<\/p>\n<p><span id=\"wpcf7-69d6de1f2f356-wrapper\" class=\"wpcf7-form-control-wrap tre-wrap\" style=\"display:none !important; visibility:hidden !important;\"><label for=\"wpcf7-69d6de1f2f356-field\" class=\"hp-message\">Please leave this field empty.<\/label><input id=\"wpcf7-69d6de1f2f356-field\"  class=\"wpcf7-form-control wpcf7-text\" type=\"text\" name=\"tre\" value=\"\" size=\"40\" tabindex=\"-1\" autocomplete=\"new-password\" \/><\/span>\n<\/p>\n<p><input class=\"wpcf7-form-control wpcf7-submit has-spinner\" type=\"submit\" value=\"\u043e\u0442\u043f\u0440\u0430\u0432\u0438\u043b\u0438\" \/>\n<\/p><div class=\"wpcf7-response-output\" aria-hidden=\"true\"><\/div>\n<\/form>\n<\/div>\n\n<\/div>\n<div class=\"pooleks\">\n<h3>\u0420\u0430\u0441\u0441\u0440\u043e\u0447\u043a\u0430<\/h3>\n<p><iframe loading=\"lazy\" src=\"https:\/\/www.liisi.ee\/iframe-kalkulaator-partnerile\/\" width=\"100%\" height=\"520px\" frameborder=\"no\" scrolling=\"no\" align=\"center\"><span data-mce-type=\"bookmark\" style=\"display: inline-block; width: 0px; overflow: hidden; line-height: 0;\" class=\"mce_SELRES_start\">\ufeff<\/span><\/iframe><\/p>\n","protected":false},"excerpt":{"rendered":"<p>Elektrimootor Minn Kota Endura C2 34 Elektrimootor Minn Kota Endura C2 on kerge elektriline paadimootor. Toitepinge 12 V. Veab edasi paati kaaluga kuni 950 kg, pikendatav teleskoop-roolivars, kronstein mootori kinnitamiseks paadile. Mootorijala pikkus: 91.5 cm. Soovituslik 115 Ah s\u00fcgavts\u00fckliline mereaku. Lukustatav jala k\u00f5rguse reguleerimine. 10-positsiooniga kiirelt vabastatava hoovaga lukk. Tugevast UV kindlast komposiit materjalist. Teleskoop&#8230;<\/p>\n","protected":false},"featured_media":1781,"template":"","meta":{"_kad_blocks_custom_css":"","_kad_blocks_head_custom_js":"","_kad_blocks_body_custom_js":"","_kad_blocks_footer_custom_js":"","_kad_post_transparent":"","_kad_post_title":"","_kad_post_layout":"","_kad_post_sidebar_id":"","_kad_post_content_style":"","_kad_post_vertical_padding":"","_kad_post_feature":"","_kad_post_feature_position":"","_kad_post_header":false,"_kad_post_footer":false,"_kad_post_classname":""},"product_brand":[],"product_cat":[115],"product_tag":[],"class_list":{"0":"post-4863","1":"product","2":"type-product","3":"status-publish","4":"has-post-thumbnail","6":"product_cat-115","7":"product_shipping_class-euroalusele-mahtuv-kaup","8":"tm-no-options","10":"first","11":"onbackorder","12":"sale","13":"taxable","14":"shipping-taxable","15":"purchasable","16":"product-type-simple","17":"entry","18":"content-bg","19":"loop-entry"},"yoast_head":"<!-- This site is optimized with the Yoast SEO plugin v27.3 - https:\/\/yoast.com\/product\/yoast-seo-wordpress\/ -->\n<title>Elektrimootor Minn Kota Endura C2 34 - Elektrimootor paadile - NORDLINEBOATS<\/title>\n<meta name=\"description\" content=\"Elektrimootor Minn Kota Endura C2 34 - Elektrimootor paadile. Lukustatav jala k\u00f5rguse reguleerimine, teleskoop k\u00e4epide, k\u00e4igud - 5 edasi ja 3 tagasi k\u00e4iku.\" \/>\n<meta name=\"robots\" content=\"index, follow, max-snippet:-1, max-image-preview:large, max-video-preview:-1\" \/>\n<link rel=\"canonical\" href=\"https:\/\/nordlinepaadid.ee\/ru\/pood\/%d0%b1%d0%b5%d0%b7-%d0%ba%d0%b0%d1%82%d0%b5%d0%b3%d0%be%d1%80%d0%b8%d0%b8\/elektrimootor-minn-kota-endura-c2-34\/\" \/>\n<meta property=\"og:locale\" content=\"ru_RU\" \/>\n<meta property=\"og:type\" content=\"article\" \/>\n<meta property=\"og:title\" content=\"Elektrimootor Minn Kota Endura C2 34 - Elektrimootor paadile - NORDLINEBOATS\" \/>\n<meta property=\"og:description\" content=\"Elektrimootor Minn Kota Endura C2 34 - Elektrimootor paadile. Lukustatav jala k\u00f5rguse reguleerimine, teleskoop k\u00e4epide, k\u00e4igud - 5 edasi ja 3 tagasi k\u00e4iku.\" \/>\n<meta property=\"og:url\" content=\"https:\/\/nordlinepaadid.ee\/ru\/pood\/%d0%b1%d0%b5%d0%b7-%d0%ba%d0%b0%d1%82%d0%b5%d0%b3%d0%be%d1%80%d0%b8%d0%b8\/elektrimootor-minn-kota-endura-c2-34\/\" \/>\n<meta property=\"og:site_name\" content=\"NORDLINE s\u00f5udepaadid ja mootorpaadid. Klaasfiiber materjalist.\" \/>\n<meta property=\"article:publisher\" content=\"https:\/\/www.facebook.com\/nordlineboats\" \/>\n<meta property=\"article:modified_time\" content=\"2026-04-08T23:00:09+00:00\" \/>\n<meta property=\"og:image\" content=\"https:\/\/nordlinepaadid.ee\/wp-content\/uploads\/2017\/10\/MINN-KOTA-ENDURA-C2.jpg\" \/>\n\t<meta property=\"og:image:width\" content=\"1280\" \/>\n\t<meta property=\"og:image:height\" content=\"960\" \/>\n\t<meta property=\"og:image:type\" content=\"image\/jpeg\" \/>\n<meta name=\"twitter:card\" content=\"summary_large_image\" \/>\n<script type=\"application\/ld+json\" class=\"yoast-schema-graph\">{\"@context\":\"https:\\\/\\\/schema.org\",\"@graph\":[{\"@type\":\"WebPage\",\"@id\":\"https:\\\/\\\/nordlinepaadid.ee\\\/ru\\\/pood\\\/%d0%b1%d0%b5%d0%b7-%d0%ba%d0%b0%d1%82%d0%b5%d0%b3%d0%be%d1%80%d0%b8%d0%b8\\\/elektrimootor-minn-kota-endura-c2-34\\\/\",\"url\":\"https:\\\/\\\/nordlinepaadid.ee\\\/ru\\\/pood\\\/%d0%b1%d0%b5%d0%b7-%d0%ba%d0%b0%d1%82%d0%b5%d0%b3%d0%be%d1%80%d0%b8%d0%b8\\\/elektrimootor-minn-kota-endura-c2-34\\\/\",\"name\":\"Elektrimootor Minn Kota Endura C2 34 - Elektrimootor paadile - NORDLINEBOATS\",\"isPartOf\":{\"@id\":\"https:\\\/\\\/nordlinepaadid.ee\\\/ru\\\/#website\"},\"primaryImageOfPage\":{\"@id\":\"https:\\\/\\\/nordlinepaadid.ee\\\/ru\\\/pood\\\/%d0%b1%d0%b5%d0%b7-%d0%ba%d0%b0%d1%82%d0%b5%d0%b3%d0%be%d1%80%d0%b8%d0%b8\\\/elektrimootor-minn-kota-endura-c2-34\\\/#primaryimage\"},\"image\":{\"@id\":\"https:\\\/\\\/nordlinepaadid.ee\\\/ru\\\/pood\\\/%d0%b1%d0%b5%d0%b7-%d0%ba%d0%b0%d1%82%d0%b5%d0%b3%d0%be%d1%80%d0%b8%d0%b8\\\/elektrimootor-minn-kota-endura-c2-34\\\/#primaryimage\"},\"thumbnailUrl\":\"https:\\\/\\\/nordlinepaadid.ee\\\/wp-content\\\/uploads\\\/2017\\\/10\\\/MINN-KOTA-ENDURA-C2.jpg\",\"datePublished\":\"2021-02-21T13:39:18+00:00\",\"dateModified\":\"2026-04-08T23:00:09+00:00\",\"description\":\"Elektrimootor Minn Kota Endura C2 34 - Elektrimootor paadile. Lukustatav jala k\u00f5rguse reguleerimine, teleskoop k\u00e4epide, k\u00e4igud - 5 edasi ja 3 tagasi k\u00e4iku.\",\"breadcrumb\":{\"@id\":\"https:\\\/\\\/nordlinepaadid.ee\\\/ru\\\/pood\\\/%d0%b1%d0%b5%d0%b7-%d0%ba%d0%b0%d1%82%d0%b5%d0%b3%d0%be%d1%80%d0%b8%d0%b8\\\/elektrimootor-minn-kota-endura-c2-34\\\/#breadcrumb\"},\"inLanguage\":\"ru-RU\",\"potentialAction\":[{\"@type\":\"ReadAction\",\"target\":[\"https:\\\/\\\/nordlinepaadid.ee\\\/ru\\\/pood\\\/%d0%b1%d0%b5%d0%b7-%d0%ba%d0%b0%d1%82%d0%b5%d0%b3%d0%be%d1%80%d0%b8%d0%b8\\\/elektrimootor-minn-kota-endura-c2-34\\\/\"]}]},{\"@type\":\"ImageObject\",\"inLanguage\":\"ru-RU\",\"@id\":\"https:\\\/\\\/nordlinepaadid.ee\\\/ru\\\/pood\\\/%d0%b1%d0%b5%d0%b7-%d0%ba%d0%b0%d1%82%d0%b5%d0%b3%d0%be%d1%80%d0%b8%d0%b8\\\/elektrimootor-minn-kota-endura-c2-34\\\/#primaryimage\",\"url\":\"https:\\\/\\\/nordlinepaadid.ee\\\/wp-content\\\/uploads\\\/2017\\\/10\\\/MINN-KOTA-ENDURA-C2.jpg\",\"contentUrl\":\"https:\\\/\\\/nordlinepaadid.ee\\\/wp-content\\\/uploads\\\/2017\\\/10\\\/MINN-KOTA-ENDURA-C2.jpg\",\"width\":1280,\"height\":960,\"caption\":\"Elektrimootor Minn Kota Endura C2\"},{\"@type\":\"BreadcrumbList\",\"@id\":\"https:\\\/\\\/nordlinepaadid.ee\\\/ru\\\/pood\\\/%d0%b1%d0%b5%d0%b7-%d0%ba%d0%b0%d1%82%d0%b5%d0%b3%d0%be%d1%80%d0%b8%d0%b8\\\/elektrimootor-minn-kota-endura-c2-34\\\/#breadcrumb\",\"itemListElement\":[{\"@type\":\"ListItem\",\"position\":1,\"name\":\"Home\",\"item\":\"https:\\\/\\\/nordlinepaadid.ee\\\/ru\\\/\"},{\"@type\":\"ListItem\",\"position\":2,\"name\":\"\u041c\u0430\u0433\u0430\u0437\u0438\u043d\",\"item\":\"https:\\\/\\\/nordlinepaadid.ee\\\/ru\\\/shop\\\/\"},{\"@type\":\"ListItem\",\"position\":3,\"name\":\"Elektrimootor Minn Kota Endura C2 34\"}]},{\"@type\":\"WebSite\",\"@id\":\"https:\\\/\\\/nordlinepaadid.ee\\\/ru\\\/#website\",\"url\":\"https:\\\/\\\/nordlinepaadid.ee\\\/ru\\\/\",\"name\":\"NORDLINE s\u00f5udepaadid ja mootorpaadid. Klaasfiiber materjalist.\",\"description\":\"\",\"publisher\":{\"@id\":\"https:\\\/\\\/nordlinepaadid.ee\\\/ru\\\/#organization\"},\"potentialAction\":[{\"@type\":\"SearchAction\",\"target\":{\"@type\":\"EntryPoint\",\"urlTemplate\":\"https:\\\/\\\/nordlinepaadid.ee\\\/ru\\\/?s={search_term_string}\"},\"query-input\":{\"@type\":\"PropertyValueSpecification\",\"valueRequired\":true,\"valueName\":\"search_term_string\"}}],\"inLanguage\":\"ru-RU\"},{\"@type\":\"Organization\",\"@id\":\"https:\\\/\\\/nordlinepaadid.ee\\\/ru\\\/#organization\",\"name\":\"Nordlineboats\",\"url\":\"https:\\\/\\\/nordlinepaadid.ee\\\/ru\\\/\",\"logo\":{\"@type\":\"ImageObject\",\"inLanguage\":\"ru-RU\",\"@id\":\"https:\\\/\\\/nordlinepaadid.ee\\\/ru\\\/#\\\/schema\\\/logo\\\/image\\\/\",\"url\":\"https:\\\/\\\/nordlinepaadid.ee\\\/wp-content\\\/uploads\\\/2023\\\/01\\\/fulllogo_transparent_nobuffer-e1672750475494.png\",\"contentUrl\":\"https:\\\/\\\/nordlinepaadid.ee\\\/wp-content\\\/uploads\\\/2023\\\/01\\\/fulllogo_transparent_nobuffer-e1672750475494.png\",\"width\":150,\"height\":119,\"caption\":\"Nordlineboats\"},\"image\":{\"@id\":\"https:\\\/\\\/nordlinepaadid.ee\\\/ru\\\/#\\\/schema\\\/logo\\\/image\\\/\"},\"sameAs\":[\"https:\\\/\\\/www.facebook.com\\\/nordlineboats\",\"https:\\\/\\\/www.youtube.com\\\/channel\\\/UCbgF0fy02y3QkFnujaLTaCA\"]}]}<\/script>\n<!-- \/ Yoast SEO plugin. -->","yoast_head_json":{"title":"Elektrimootor Minn Kota Endura C2 34 - Elektrimootor paadile - NORDLINEBOATS","description":"Elektrimootor Minn Kota Endura C2 34 - Elektrimootor paadile. Lukustatav jala k\u00f5rguse reguleerimine, teleskoop k\u00e4epide, k\u00e4igud - 5 edasi ja 3 tagasi k\u00e4iku.","robots":{"index":"index","follow":"follow","max-snippet":"max-snippet:-1","max-image-preview":"max-image-preview:large","max-video-preview":"max-video-preview:-1"},"canonical":"https:\/\/nordlinepaadid.ee\/ru\/pood\/%d0%b1%d0%b5%d0%b7-%d0%ba%d0%b0%d1%82%d0%b5%d0%b3%d0%be%d1%80%d0%b8%d0%b8\/elektrimootor-minn-kota-endura-c2-34\/","og_locale":"ru_RU","og_type":"article","og_title":"Elektrimootor Minn Kota Endura C2 34 - Elektrimootor paadile - NORDLINEBOATS","og_description":"Elektrimootor Minn Kota Endura C2 34 - Elektrimootor paadile. Lukustatav jala k\u00f5rguse reguleerimine, teleskoop k\u00e4epide, k\u00e4igud - 5 edasi ja 3 tagasi k\u00e4iku.","og_url":"https:\/\/nordlinepaadid.ee\/ru\/pood\/%d0%b1%d0%b5%d0%b7-%d0%ba%d0%b0%d1%82%d0%b5%d0%b3%d0%be%d1%80%d0%b8%d0%b8\/elektrimootor-minn-kota-endura-c2-34\/","og_site_name":"NORDLINE s\u00f5udepaadid ja mootorpaadid. Klaasfiiber materjalist.","article_publisher":"https:\/\/www.facebook.com\/nordlineboats","article_modified_time":"2026-04-08T23:00:09+00:00","og_image":[{"width":1280,"height":960,"url":"https:\/\/nordlinepaadid.ee\/wp-content\/uploads\/2017\/10\/MINN-KOTA-ENDURA-C2.jpg","type":"image\/jpeg"}],"twitter_card":"summary_large_image","schema":{"@context":"https:\/\/schema.org","@graph":[{"@type":"WebPage","@id":"https:\/\/nordlinepaadid.ee\/ru\/pood\/%d0%b1%d0%b5%d0%b7-%d0%ba%d0%b0%d1%82%d0%b5%d0%b3%d0%be%d1%80%d0%b8%d0%b8\/elektrimootor-minn-kota-endura-c2-34\/","url":"https:\/\/nordlinepaadid.ee\/ru\/pood\/%d0%b1%d0%b5%d0%b7-%d0%ba%d0%b0%d1%82%d0%b5%d0%b3%d0%be%d1%80%d0%b8%d0%b8\/elektrimootor-minn-kota-endura-c2-34\/","name":"Elektrimootor Minn Kota Endura C2 34 - Elektrimootor paadile - NORDLINEBOATS","isPartOf":{"@id":"https:\/\/nordlinepaadid.ee\/ru\/#website"},"primaryImageOfPage":{"@id":"https:\/\/nordlinepaadid.ee\/ru\/pood\/%d0%b1%d0%b5%d0%b7-%d0%ba%d0%b0%d1%82%d0%b5%d0%b3%d0%be%d1%80%d0%b8%d0%b8\/elektrimootor-minn-kota-endura-c2-34\/#primaryimage"},"image":{"@id":"https:\/\/nordlinepaadid.ee\/ru\/pood\/%d0%b1%d0%b5%d0%b7-%d0%ba%d0%b0%d1%82%d0%b5%d0%b3%d0%be%d1%80%d0%b8%d0%b8\/elektrimootor-minn-kota-endura-c2-34\/#primaryimage"},"thumbnailUrl":"https:\/\/nordlinepaadid.ee\/wp-content\/uploads\/2017\/10\/MINN-KOTA-ENDURA-C2.jpg","datePublished":"2021-02-21T13:39:18+00:00","dateModified":"2026-04-08T23:00:09+00:00","description":"Elektrimootor Minn Kota Endura C2 34 - Elektrimootor paadile. Lukustatav jala k\u00f5rguse reguleerimine, teleskoop k\u00e4epide, k\u00e4igud - 5 edasi ja 3 tagasi k\u00e4iku.","breadcrumb":{"@id":"https:\/\/nordlinepaadid.ee\/ru\/pood\/%d0%b1%d0%b5%d0%b7-%d0%ba%d0%b0%d1%82%d0%b5%d0%b3%d0%be%d1%80%d0%b8%d0%b8\/elektrimootor-minn-kota-endura-c2-34\/#breadcrumb"},"inLanguage":"ru-RU","potentialAction":[{"@type":"ReadAction","target":["https:\/\/nordlinepaadid.ee\/ru\/pood\/%d0%b1%d0%b5%d0%b7-%d0%ba%d0%b0%d1%82%d0%b5%d0%b3%d0%be%d1%80%d0%b8%d0%b8\/elektrimootor-minn-kota-endura-c2-34\/"]}]},{"@type":"ImageObject","inLanguage":"ru-RU","@id":"https:\/\/nordlinepaadid.ee\/ru\/pood\/%d0%b1%d0%b5%d0%b7-%d0%ba%d0%b0%d1%82%d0%b5%d0%b3%d0%be%d1%80%d0%b8%d0%b8\/elektrimootor-minn-kota-endura-c2-34\/#primaryimage","url":"https:\/\/nordlinepaadid.ee\/wp-content\/uploads\/2017\/10\/MINN-KOTA-ENDURA-C2.jpg","contentUrl":"https:\/\/nordlinepaadid.ee\/wp-content\/uploads\/2017\/10\/MINN-KOTA-ENDURA-C2.jpg","width":1280,"height":960,"caption":"Elektrimootor Minn Kota Endura C2"},{"@type":"BreadcrumbList","@id":"https:\/\/nordlinepaadid.ee\/ru\/pood\/%d0%b1%d0%b5%d0%b7-%d0%ba%d0%b0%d1%82%d0%b5%d0%b3%d0%be%d1%80%d0%b8%d0%b8\/elektrimootor-minn-kota-endura-c2-34\/#breadcrumb","itemListElement":[{"@type":"ListItem","position":1,"name":"Home","item":"https:\/\/nordlinepaadid.ee\/ru\/"},{"@type":"ListItem","position":2,"name":"\u041c\u0430\u0433\u0430\u0437\u0438\u043d","item":"https:\/\/nordlinepaadid.ee\/ru\/shop\/"},{"@type":"ListItem","position":3,"name":"Elektrimootor Minn Kota Endura C2 34"}]},{"@type":"WebSite","@id":"https:\/\/nordlinepaadid.ee\/ru\/#website","url":"https:\/\/nordlinepaadid.ee\/ru\/","name":"NORDLINE s\u00f5udepaadid ja mootorpaadid. Klaasfiiber materjalist.","description":"","publisher":{"@id":"https:\/\/nordlinepaadid.ee\/ru\/#organization"},"potentialAction":[{"@type":"SearchAction","target":{"@type":"EntryPoint","urlTemplate":"https:\/\/nordlinepaadid.ee\/ru\/?s={search_term_string}"},"query-input":{"@type":"PropertyValueSpecification","valueRequired":true,"valueName":"search_term_string"}}],"inLanguage":"ru-RU"},{"@type":"Organization","@id":"https:\/\/nordlinepaadid.ee\/ru\/#organization","name":"Nordlineboats","url":"https:\/\/nordlinepaadid.ee\/ru\/","logo":{"@type":"ImageObject","inLanguage":"ru-RU","@id":"https:\/\/nordlinepaadid.ee\/ru\/#\/schema\/logo\/image\/","url":"https:\/\/nordlinepaadid.ee\/wp-content\/uploads\/2023\/01\/fulllogo_transparent_nobuffer-e1672750475494.png","contentUrl":"https:\/\/nordlinepaadid.ee\/wp-content\/uploads\/2023\/01\/fulllogo_transparent_nobuffer-e1672750475494.png","width":150,"height":119,"caption":"Nordlineboats"},"image":{"@id":"https:\/\/nordlinepaadid.ee\/ru\/#\/schema\/logo\/image\/"},"sameAs":["https:\/\/www.facebook.com\/nordlineboats","https:\/\/www.youtube.com\/channel\/UCbgF0fy02y3QkFnujaLTaCA"]}]}},"taxonomy_info":{"product_cat":[{"value":115,"label":"\u0411\u0435\u0437 \u043a\u0430\u0442\u0435\u0433\u043e\u0440\u0438\u0438"}]},"featured_image_src_large":["https:\/\/nordlinepaadid.ee\/wp-content\/uploads\/2017\/10\/MINN-KOTA-ENDURA-C2-1024x768.jpg",1024,768,true],"author_info":[],"comment_info":"","_links":{"self":[{"href":"https:\/\/nordlinepaadid.ee\/ru\/wp-json\/wp\/v2\/product\/4863","targetHints":{"allow":["GET"]}}],"collection":[{"href":"https:\/\/nordlinepaadid.ee\/ru\/wp-json\/wp\/v2\/product"}],"about":[{"href":"https:\/\/nordlinepaadid.ee\/ru\/wp-json\/wp\/v2\/types\/product"}],"wp:featuredmedia":[{"embeddable":true,"href":"https:\/\/nordlinepaadid.ee\/ru\/wp-json\/wp\/v2\/media\/1781"}],"wp:attachment":[{"href":"https:\/\/nordlinepaadid.ee\/ru\/wp-json\/wp\/v2\/media?parent=4863"}],"wp:term":[{"taxonomy":"product_brand","embeddable":true,"href":"https:\/\/nordlinepaadid.ee\/ru\/wp-json\/wp\/v2\/product_brand?post=4863"},{"taxonomy":"product_cat","embeddable":true,"href":"https:\/\/nordlinepaadid.ee\/ru\/wp-json\/wp\/v2\/product_cat?post=4863"},{"taxonomy":"product_tag","embeddable":true,"href":"https:\/\/nordlinepaadid.ee\/ru\/wp-json\/wp\/v2\/product_tag?post=4863"}],"curies":[{"name":"wp","href":"https:\/\/api.w.org\/{rel}","templated":true}]}}